{"id":67427,"date":"2025-11-12T15:51:00","date_gmt":"2025-11-12T14:51:00","guid":{"rendered":"https:\/\/superseeds.dk\/vare\/digital-thermo-og-hygrometer\/"},"modified":"2025-11-16T14:47:31","modified_gmt":"2025-11-16T13:47:31","slug":"digital-thermo-og-hygrometer","status":"publish","type":"product","link":"https:\/\/superseeds.dk\/se\/produkt\/digital-thermo-og-hygrometer\/","title":{"rendered":"Digital Thermo og Hygrometer"},"content":{"rendered":"","protected":false},"excerpt":{"rendered":"<p><strong>\u00a0digitalt termometer &amp; hygrometer<\/strong><br \/>\nKompakt indeklimam\u00e5ler med stor LCD-sk\u00e6rm, der viser temperatur og luftfugtighed samtidig. Perfekt til grow-rum, lager, butik, hjem og kontor.<\/p>\n<ul>\n<li><strong>M\u00e5leomr\u00e5der:<\/strong> Temp. 0\u201350\u00a0\u00b0C (32\u2013122\u00a0\u00b0F) \u00b7 Fugt 10\u201398\u00a0%RH<\/li>\n<li><strong>N\u00f8jagtighed &amp; opl\u00f8sning:<\/strong> \u00b11\u00a0\u00b0C \u00b7 \u00b15\u00a0%RH (typ.) \u00b7 0,1\u00a0\u00b0C opl\u00f8sning<\/li>\n<li><strong>Funktioner:<\/strong> MAX\/MIN-hukommelse, dagligt reset, skift mellem \u00b0C\/\u00b0F<\/li>\n<li><strong>Ur\/alarm:<\/strong> 12\/24-timers ur med daglig alarm<\/li>\n<li><strong>Display:<\/strong> Stor, letl\u00e6selig LCD (ca. 80\u00d768\u00a0mm)<\/li>\n<li><strong>Placering:<\/strong> Bordstativ og hul til v\u00e6gmontering<\/li>\n<li><strong>Str\u00f8m:<\/strong> 1\u00d7 AAA (1,5\u00a0V, medf\u00f8lger typisk ikke)<\/li>\n<li><strong>M\u00e5tt:<\/strong> ca. 12\u00d79,7\u00d72,6\u00a0cm \u00b7 Let og kompakt<\/li>\n<\/ul>\n<p><em>Brug den til hurtig overv\u00e5gning af klimaet og stabilis\u00e9r milj\u00f8et for bedre komfort, opbevaring og v\u00e6kst.<\/em><\/p>","protected":false},"featured_media":67563,"template":"","meta":{"_acf_changed":false},"product_brand":[],"product_cat":[1860,1824],"product_tag":[],"class_list":{"0":"post-67427","1":"product","2":"type-product","3":"status-publish","4":"has-post-thumbnail","6":"product_cat-hygro-thermometer","7":"product_cat-klima","9":"first","10":"instock","11":"sale","12":"taxable","13":"shipping-taxable","14":"purchasable","15":"product-type-simple"},"acf":[],"yoast_head":"<!-- This site is optimized with the Yoast SEO plugin v26.9 - https:\/\/yoast.com\/product\/yoast-seo-wordpress\/ -->\n<title>Digital Thermo og Hygrometer - Superseeds.dk<\/title>\n<meta name=\"robots\" content=\"index, follow, max-snippet:-1, max-image-preview:large, max-video-preview:-1\" \/>\n<link rel=\"canonical\" href=\"https:\/\/superseeds.dk\/se\/produkt\/digital-thermo-og-hygrometer\/\" \/>\n<meta property=\"og:locale\" content=\"sv_SE\" \/>\n<meta property=\"og:type\" content=\"article\" \/>\n<meta property=\"og:title\" content=\"Digital Thermo og Hygrometer - Superseeds.dk\" \/>\n<meta property=\"og:description\" content=\"\u00a0digitalt termometer &amp; hygrometer Kompakt indeklimam\u00e5ler med stor LCD-sk\u00e6rm, der viser temperatur og luftfugtighed samtidig. Perfekt til grow-rum, lager, butik, hjem og kontor.   M\u00e5leomr\u00e5der: Temp. 0\u201350\u00a0\u00b0C (32\u2013122\u00a0\u00b0F) \u00b7 Fugt 10\u201398\u00a0%RH  N\u00f8jagtighed &amp; opl\u00f8sning: \u00b11\u00a0\u00b0C \u00b7 \u00b15\u00a0%RH (typ.) \u00b7 0,1\u00a0\u00b0C opl\u00f8sning  Funktioner: MAX\/MIN-hukommelse, dagligt reset, skift mellem \u00b0C\/\u00b0F  Ur\/alarm: 12\/24-timers ur med daglig alarm  Display: Stor, letl\u00e6selig LCD (ca. 80\u00d768\u00a0mm)  Placering: Bordstativ og hul til v\u00e6gmontering  Str\u00f8m: 1\u00d7 AAA (1,5\u00a0V, medf\u00f8lger typisk ikke)  Dimensioner: ca. 12\u00d79,7\u00d72,6\u00a0cm \u00b7 Let og kompakt  Brug den til hurtig overv\u00e5gning af klimaet og stabilis\u00e9r milj\u00f8et for bedre komfort, opbevaring og v\u00e6kst.\" \/>\n<meta property=\"og:url\" content=\"https:\/\/superseeds.dk\/se\/produkt\/digital-thermo-og-hygrometer\/\" \/>\n<meta property=\"og:site_name\" content=\"Superseeds.dk\" \/>\n<meta property=\"article:modified_time\" content=\"2025-11-16T13:47:31+00:00\" \/>\n<meta name=\"twitter:card\" content=\"summary_large_image\" \/>\n<script type=\"application\/ld+json\" class=\"yoast-schema-graph\">{\"@context\":\"https:\/\/schema.org\",\"@graph\":[{\"@type\":\"WebPage\",\"@id\":\"https:\/\/superseeds.dk\/vare\/digital-thermo-og-hygrometer\/\",\"url\":\"https:\/\/superseeds.dk\/vare\/digital-thermo-og-hygrometer\/\",\"name\":\"Digital Thermo og Hygrometer - Superseeds.dk\",\"isPartOf\":{\"@id\":\"https:\/\/super-seeds.se\/#website\"},\"primaryImageOfPage\":{\"@id\":\"https:\/\/superseeds.dk\/vare\/digital-thermo-og-hygrometer\/#primaryimage\"},\"image\":{\"@id\":\"https:\/\/superseeds.dk\/vare\/digital-thermo-og-hygrometer\/#primaryimage\"},\"thumbnailUrl\":\"https:\/\/superseeds.dk\/wp-content\/uploads\/2025\/11\/Digital-Thermo-og-Hygrometer.png\",\"datePublished\":\"2025-11-12T14:51:00+00:00\",\"dateModified\":\"2025-11-16T13:47:31+00:00\",\"breadcrumb\":{\"@id\":\"https:\/\/superseeds.dk\/vare\/digital-thermo-og-hygrometer\/#breadcrumb\"},\"inLanguage\":\"sv-SE\",\"potentialAction\":[{\"@type\":\"ReadAction\",\"target\":[\"https:\/\/superseeds.dk\/vare\/digital-thermo-og-hygrometer\/\"]}]},{\"@type\":\"ImageObject\",\"inLanguage\":\"sv-SE\",\"@id\":\"https:\/\/superseeds.dk\/vare\/digital-thermo-og-hygrometer\/#primaryimage\",\"url\":\"https:\/\/superseeds.dk\/wp-content\/uploads\/2025\/11\/Digital-Thermo-og-Hygrometer.png\",\"contentUrl\":\"https:\/\/superseeds.dk\/wp-content\/uploads\/2025\/11\/Digital-Thermo-og-Hygrometer.png\",\"width\":1080,\"height\":1080},{\"@type\":\"BreadcrumbList\",\"@id\":\"https:\/\/superseeds.dk\/vare\/digital-thermo-og-hygrometer\/#breadcrumb\",\"itemListElement\":[{\"@type\":\"ListItem\",\"position\":1,\"name\":\"Hjem\",\"item\":\"https:\/\/superseeds.dk\/\"},{\"@type\":\"ListItem\",\"position\":2,\"name\":\"Shop\",\"item\":\"https:\/\/superseeds.dk\/no\/butikk\/\"},{\"@type\":\"ListItem\",\"position\":3,\"name\":\"Digital Thermo og Hygrometer\"}]},{\"@type\":\"WebSite\",\"@id\":\"https:\/\/super-seeds.se\/#website\",\"url\":\"https:\/\/super-seeds.se\/\",\"name\":\"Superseeds.dk\",\"description\":\"\",\"publisher\":{\"@id\":\"https:\/\/super-seeds.se\/#organization\"},\"potentialAction\":[{\"@type\":\"SearchAction\",\"target\":{\"@type\":\"EntryPoint\",\"urlTemplate\":\"https:\/\/super-seeds.se\/?s={search_term_string}\"},\"query-input\":{\"@type\":\"PropertyValueSpecification\",\"valueRequired\":true,\"valueName\":\"search_term_string\"}}],\"inLanguage\":\"sv-SE\"},{\"@type\":\"Organization\",\"@id\":\"https:\/\/super-seeds.se\/#organization\",\"name\":\"Superseeds.dk\",\"url\":\"https:\/\/super-seeds.se\/\",\"logo\":{\"@type\":\"ImageObject\",\"inLanguage\":\"sv-SE\",\"@id\":\"https:\/\/super-seeds.se\/#\/schema\/logo\/image\/\",\"url\":\"https:\/\/superseeds.dk\/wp-content\/uploads\/2025\/09\/logo-superseeds.png\",\"contentUrl\":\"https:\/\/superseeds.dk\/wp-content\/uploads\/2025\/09\/logo-superseeds.png\",\"width\":180,\"height\":160,\"caption\":\"Superseeds.dk\"},\"image\":{\"@id\":\"https:\/\/super-seeds.se\/#\/schema\/logo\/image\/\"}}]}<\/script>\n<!-- \/ Yoast SEO plugin. -->","yoast_head_json":{"title":"Digital Thermo og Hygrometer - Superseeds.dk","robots":{"index":"index","follow":"follow","max-snippet":"max-snippet:-1","max-image-preview":"max-image-preview:large","max-video-preview":"max-video-preview:-1"},"canonical":"https:\/\/superseeds.dk\/se\/produkt\/digital-thermo-og-hygrometer\/","og_locale":"sv_SE","og_type":"article","og_title":"Digital Thermo og Hygrometer - Superseeds.dk","og_description":"\u00a0digitalt termometer &amp; hygrometer Kompakt indeklimam\u00e5ler med stor LCD-sk\u00e6rm, der viser temperatur og luftfugtighed samtidig. Perfekt til grow-rum, lager, butik, hjem og kontor.   M\u00e5leomr\u00e5der: Temp. 0\u201350\u00a0\u00b0C (32\u2013122\u00a0\u00b0F) \u00b7 Fugt 10\u201398\u00a0%RH  N\u00f8jagtighed &amp; opl\u00f8sning: \u00b11\u00a0\u00b0C \u00b7 \u00b15\u00a0%RH (typ.) \u00b7 0,1\u00a0\u00b0C opl\u00f8sning  Funktioner: MAX\/MIN-hukommelse, dagligt reset, skift mellem \u00b0C\/\u00b0F  Ur\/alarm: 12\/24-timers ur med daglig alarm  Display: Stor, letl\u00e6selig LCD (ca. 80\u00d768\u00a0mm)  Placering: Bordstativ og hul til v\u00e6gmontering  Str\u00f8m: 1\u00d7 AAA (1,5\u00a0V, medf\u00f8lger typisk ikke)  Dimensioner: ca. 12\u00d79,7\u00d72,6\u00a0cm \u00b7 Let og kompakt  Brug den til hurtig overv\u00e5gning af klimaet og stabilis\u00e9r milj\u00f8et for bedre komfort, opbevaring og v\u00e6kst.","og_url":"https:\/\/superseeds.dk\/se\/produkt\/digital-thermo-og-hygrometer\/","og_site_name":"Superseeds.dk","article_modified_time":"2025-11-16T13:47:31+00:00","twitter_card":"summary_large_image","schema":{"@context":"https:\/\/schema.org","@graph":[{"@type":"WebPage","@id":"https:\/\/superseeds.dk\/vare\/digital-thermo-og-hygrometer\/","url":"https:\/\/superseeds.dk\/vare\/digital-thermo-og-hygrometer\/","name":"Digital Thermo og Hygrometer - Superseeds.dk","isPartOf":{"@id":"https:\/\/super-seeds.se\/#website"},"primaryImageOfPage":{"@id":"https:\/\/superseeds.dk\/vare\/digital-thermo-og-hygrometer\/#primaryimage"},"image":{"@id":"https:\/\/superseeds.dk\/vare\/digital-thermo-og-hygrometer\/#primaryimage"},"thumbnailUrl":"https:\/\/superseeds.dk\/wp-content\/uploads\/2025\/11\/Digital-Thermo-og-Hygrometer.png","datePublished":"2025-11-12T14:51:00+00:00","dateModified":"2025-11-16T13:47:31+00:00","breadcrumb":{"@id":"https:\/\/superseeds.dk\/vare\/digital-thermo-og-hygrometer\/#breadcrumb"},"inLanguage":"sv-SE","potentialAction":[{"@type":"ReadAction","target":["https:\/\/superseeds.dk\/vare\/digital-thermo-og-hygrometer\/"]}]},{"@type":"ImageObject","inLanguage":"sv-SE","@id":"https:\/\/superseeds.dk\/vare\/digital-thermo-og-hygrometer\/#primaryimage","url":"https:\/\/superseeds.dk\/wp-content\/uploads\/2025\/11\/Digital-Thermo-og-Hygrometer.png","contentUrl":"https:\/\/superseeds.dk\/wp-content\/uploads\/2025\/11\/Digital-Thermo-og-Hygrometer.png","width":1080,"height":1080},{"@type":"BreadcrumbList","@id":"https:\/\/superseeds.dk\/vare\/digital-thermo-og-hygrometer\/#breadcrumb","itemListElement":[{"@type":"ListItem","position":1,"name":"Hjem","item":"https:\/\/superseeds.dk\/"},{"@type":"ListItem","position":2,"name":"Shop","item":"https:\/\/superseeds.dk\/no\/butikk\/"},{"@type":"ListItem","position":3,"name":"Digital Thermo og Hygrometer"}]},{"@type":"WebSite","@id":"https:\/\/super-seeds.se\/#website","url":"https:\/\/super-seeds.se\/","name":"Superseeds.com","description":"","publisher":{"@id":"https:\/\/super-seeds.se\/#organization"},"potentialAction":[{"@type":"SearchAction","target":{"@type":"EntryPoint","urlTemplate":"https:\/\/super-seeds.se\/?s={search_term_string}"},"query-input":{"@type":"PropertyValueSpecification","valueRequired":true,"valueName":"search_term_string"}}],"inLanguage":"sv-SE"},{"@type":"Organization","@id":"https:\/\/super-seeds.se\/#organization","name":"Superseeds.com","url":"https:\/\/super-seeds.se\/","logo":{"@type":"ImageObject","inLanguage":"sv-SE","@id":"https:\/\/super-seeds.se\/#\/schema\/logo\/image\/","url":"https:\/\/superseeds.dk\/wp-content\/uploads\/2025\/09\/logo-superseeds.png","contentUrl":"https:\/\/superseeds.dk\/wp-content\/uploads\/2025\/09\/logo-superseeds.png","width":180,"height":160,"caption":"Superseeds.dk"},"image":{"@id":"https:\/\/super-seeds.se\/#\/schema\/logo\/image\/"}}]}},"df_price":49,"df_sale_price":49,"df_regular_price":99,"df_image_link":"https:\/\/superseeds.dk\/wp-content\/uploads\/2025\/11\/Digital-Thermo-og-Hygrometer-1024x1024.png","_links":{"self":[{"href":"https:\/\/superseeds.dk\/se\/wp-json\/wp\/v2\/product\/67427","targetHints":{"allow":["GET"]}}],"collection":[{"href":"https:\/\/superseeds.dk\/se\/wp-json\/wp\/v2\/product"}],"about":[{"href":"https:\/\/superseeds.dk\/se\/wp-json\/wp\/v2\/types\/product"}],"wp:featuredmedia":[{"embeddable":true,"href":"https:\/\/superseeds.dk\/se\/wp-json\/wp\/v2\/media\/67563"}],"wp:attachment":[{"href":"https:\/\/superseeds.dk\/se\/wp-json\/wp\/v2\/media?parent=67427"}],"wp:term":[{"taxonomy":"product_brand","embeddable":true,"href":"https:\/\/superseeds.dk\/se\/wp-json\/wp\/v2\/product_brand?post=67427"},{"taxonomy":"product_cat","embeddable":true,"href":"https:\/\/superseeds.dk\/se\/wp-json\/wp\/v2\/product_cat?post=67427"},{"taxonomy":"product_tag","embeddable":true,"href":"https:\/\/superseeds.dk\/se\/wp-json\/wp\/v2\/product_tag?post=67427"}],"curies":[{"name":"wp","href":"https:\/\/api.w.org\/{rel}","templated":true}]}}