{"id":67081,"date":"2025-11-04T15:30:58","date_gmt":"2025-11-04T14:30:58","guid":{"rendered":"https:\/\/superseeds.dk\/?post_type=product&#038;p=67081"},"modified":"2025-12-17T11:28:22","modified_gmt":"2025-12-17T10:28:22","slug":"think-tank-feminiseret-anesia-seeds","status":"publish","type":"product","link":"https:\/\/superseeds.dk\/se\/produkt\/think-tank-feminiseret-anesia-seeds\/","title":{"rendered":"Think Tank (Feminiseret) &#8211; Anesia Seeds"},"content":{"rendered":"","protected":false},"excerpt":{"rendered":"<p>&nbsp;<\/p>\n<p>Tea Time x High Mars<\/p>\n<ul>\n<li><strong>Genetik:<\/strong> 50% indica 50% sativa<\/li>\n<li><strong>Avkastning<\/strong>: 550 g \/ m\u00b2 \u2022 op til 800-1000 g pr. Plante<\/li>\n<li><strong>Blomningstid<\/strong> : 9-10 veckor<\/li>\n<li>L\u00e4mplig f\u00f6r inomhus- och utomhusbruk<\/li>\n<li><strong>H\u00f6jd:<\/strong> 120-150 cm<\/li>\n<li><strong>THC<\/strong>: op til 41%<\/li>\n<li><strong>Aromer\/smaker:\u00a0<\/strong>tropisk frugt<\/li>\n<\/ul>","protected":false},"featured_media":67083,"template":"","meta":{"_acf_changed":false},"product_brand":[],"product_cat":[889,813,814,1739,907,812,817,818,819,815,835],"product_tag":[],"class_list":{"0":"post-67081","1":"product","2":"type-product","3":"status-publish","4":"has-post-thumbnail","6":"product_cat-50-indica-50-sativa-feminiserede","7":"product_cat-60-65-dage","8":"product_cat-65-70-dage","9":"product_cat-alle-froe","10":"product_cat-anesia-seeds","11":"product_cat-blomstring-periode","12":"product_cat-feminiserede","13":"product_cat-hoej-thc","14":"product_cat-indendoers","15":"product_cat-producenter-a-z","16":"product_cat-udendoers-feminiserede","17":"pa_antal-10-stk","18":"pa_antal-3-stk","19":"pa_antal-5-stk","20":"pa_blomst-type-feminiserede","21":"pa_blomstringstid-60-65-dage","22":"pa_blomstringstid-65-70-dage","23":"pa_indica-sativa-hybrid-50","24":"pa_producenter-a-z-anesia-seeds","25":"pa_thc-over-25","26":"pa_thc-over-30","27":"pa_udbytte-stort","29":"first","30":"instock","31":"taxable","32":"shipping-taxable","33":"purchasable","34":"product-type-variable","35":"wvs-archive-product-wrapper"},"acf":[],"yoast_head":"<!-- This site is optimized with the Yoast SEO plugin v26.9 - https:\/\/yoast.com\/product\/yoast-seo-wordpress\/ -->\n<title>Think Tank (Feminiseret) - Anesia Seeds - Superseeds.dk<\/title>\n<meta name=\"robots\" content=\"index, follow, max-snippet:-1, max-image-preview:large, max-video-preview:-1\" \/>\n<link rel=\"canonical\" href=\"https:\/\/superseeds.dk\/se\/produkt\/think-tank-feminiseret-anesia-seeds\/\" \/>\n<meta property=\"og:locale\" content=\"sv_SE\" \/>\n<meta property=\"og:type\" content=\"article\" \/>\n<meta property=\"og:title\" content=\"Think Tank (Feminiseret) - Anesia Seeds - Superseeds.dk\" \/>\n<meta property=\"og:description\" content=\"&nbsp;  Tea Time x High Mars   Genetik: 50% indica 50% sativa  Udbytte: 550 g \/ m\u00b2 \u2022 op til 800-1000 g pr. Plante  Blomstringstid : 9-10 uger  Velegnet til indend\u00f8rs og udend\u00f8rs  H\u00f8jde: 120-150 cm  THC: op til 41%  Aromaer\/smag:\u00a0tropisk frugt\" \/>\n<meta property=\"og:url\" content=\"https:\/\/superseeds.dk\/se\/produkt\/think-tank-feminiseret-anesia-seeds\/\" \/>\n<meta property=\"og:site_name\" content=\"Superseeds.dk\" \/>\n<meta property=\"article:modified_time\" content=\"2025-12-17T10:28:22+00:00\" \/>\n<meta property=\"og:image\" content=\"https:\/\/superseeds.dk\/wp-content\/uploads\/2025\/11\/think-tank-anesia-seeds.png\" \/>\n\t<meta property=\"og:image:width\" content=\"538\" \/>\n\t<meta property=\"og:image:height\" content=\"711\" \/>\n\t<meta property=\"og:image:type\" content=\"image\/png\" \/>\n<meta name=\"twitter:card\" content=\"summary_large_image\" \/>\n<meta name=\"twitter:label1\" content=\"Ber\u00e4knad l\u00e4stid\" \/>\n\t<meta name=\"twitter:data1\" content=\"1 minut\" \/>\n<script type=\"application\/ld+json\" class=\"yoast-schema-graph\">{\"@context\":\"https:\/\/schema.org\",\"@graph\":[{\"@type\":\"WebPage\",\"@id\":\"https:\/\/superseeds.dk\/vare\/think-tank-feminiseret-anesia-seeds\/\",\"url\":\"https:\/\/superseeds.dk\/vare\/think-tank-feminiseret-anesia-seeds\/\",\"name\":\"Think Tank (Feminiseret) - Anesia Seeds - Superseeds.dk\",\"isPartOf\":{\"@id\":\"https:\/\/super-seeds.se\/#website\"},\"primaryImageOfPage\":{\"@id\":\"https:\/\/superseeds.dk\/vare\/think-tank-feminiseret-anesia-seeds\/#primaryimage\"},\"image\":{\"@id\":\"https:\/\/superseeds.dk\/vare\/think-tank-feminiseret-anesia-seeds\/#primaryimage\"},\"thumbnailUrl\":\"https:\/\/superseeds.dk\/wp-content\/uploads\/2025\/11\/think-tank-anesia-seeds.png\",\"datePublished\":\"2025-11-04T14:30:58+00:00\",\"dateModified\":\"2025-12-17T10:28:22+00:00\",\"breadcrumb\":{\"@id\":\"https:\/\/superseeds.dk\/vare\/think-tank-feminiseret-anesia-seeds\/#breadcrumb\"},\"inLanguage\":\"sv-SE\",\"potentialAction\":[{\"@type\":\"ReadAction\",\"target\":[\"https:\/\/superseeds.dk\/vare\/think-tank-feminiseret-anesia-seeds\/\"]}]},{\"@type\":\"ImageObject\",\"inLanguage\":\"sv-SE\",\"@id\":\"https:\/\/superseeds.dk\/vare\/think-tank-feminiseret-anesia-seeds\/#primaryimage\",\"url\":\"https:\/\/superseeds.dk\/wp-content\/uploads\/2025\/11\/think-tank-anesia-seeds.png\",\"contentUrl\":\"https:\/\/superseeds.dk\/wp-content\/uploads\/2025\/11\/think-tank-anesia-seeds.png\",\"width\":538,\"height\":711},{\"@type\":\"BreadcrumbList\",\"@id\":\"https:\/\/superseeds.dk\/vare\/think-tank-feminiseret-anesia-seeds\/#breadcrumb\",\"itemListElement\":[{\"@type\":\"ListItem\",\"position\":1,\"name\":\"Hjem\",\"item\":\"https:\/\/superseeds.dk\/\"},{\"@type\":\"ListItem\",\"position\":2,\"name\":\"Shop\",\"item\":\"https:\/\/superseeds.dk\/no\/butikk\/\"},{\"@type\":\"ListItem\",\"position\":3,\"name\":\"Think Tank (Feminiseret) &#8211; Anesia Seeds\"}]},{\"@type\":\"WebSite\",\"@id\":\"https:\/\/super-seeds.se\/#website\",\"url\":\"https:\/\/super-seeds.se\/\",\"name\":\"Superseeds.dk\",\"description\":\"\",\"publisher\":{\"@id\":\"https:\/\/super-seeds.se\/#organization\"},\"potentialAction\":[{\"@type\":\"SearchAction\",\"target\":{\"@type\":\"EntryPoint\",\"urlTemplate\":\"https:\/\/super-seeds.se\/?s={search_term_string}\"},\"query-input\":{\"@type\":\"PropertyValueSpecification\",\"valueRequired\":true,\"valueName\":\"search_term_string\"}}],\"inLanguage\":\"sv-SE\"},{\"@type\":\"Organization\",\"@id\":\"https:\/\/super-seeds.se\/#organization\",\"name\":\"Superseeds.dk\",\"url\":\"https:\/\/super-seeds.se\/\",\"logo\":{\"@type\":\"ImageObject\",\"inLanguage\":\"sv-SE\",\"@id\":\"https:\/\/super-seeds.se\/#\/schema\/logo\/image\/\",\"url\":\"https:\/\/superseeds.dk\/wp-content\/uploads\/2025\/09\/logo-superseeds.png\",\"contentUrl\":\"https:\/\/superseeds.dk\/wp-content\/uploads\/2025\/09\/logo-superseeds.png\",\"width\":180,\"height\":160,\"caption\":\"Superseeds.dk\"},\"image\":{\"@id\":\"https:\/\/super-seeds.se\/#\/schema\/logo\/image\/\"}}]}<\/script>\n<!-- \/ Yoast SEO plugin. -->","yoast_head_json":{"title":"Think Tank (Feminiseret) - Anesia Seeds - Superseeds.dk","robots":{"index":"index","follow":"follow","max-snippet":"max-snippet:-1","max-image-preview":"max-image-preview:large","max-video-preview":"max-video-preview:-1"},"canonical":"https:\/\/superseeds.dk\/se\/produkt\/think-tank-feminiseret-anesia-seeds\/","og_locale":"sv_SE","og_type":"article","og_title":"Think Tank (Feminiseret) - Anesia Seeds - Superseeds.dk","og_description":"&nbsp;  Tea Time x High Mars   Genetik: 50% indica 50% sativa  Udbytte: 550 g \/ m\u00b2 \u2022 op til 800-1000 g pr. Plante  Blomstringstid : 9-10 uger  Velegnet til indend\u00f8rs og udend\u00f8rs  H\u00f8jde: 120-150 cm  THC: op til 41%  Aromaer\/smag:\u00a0tropisk frugt","og_url":"https:\/\/superseeds.dk\/se\/produkt\/think-tank-feminiseret-anesia-seeds\/","og_site_name":"Superseeds.dk","article_modified_time":"2025-12-17T10:28:22+00:00","og_image":[{"width":538,"height":711,"url":"https:\/\/superseeds.dk\/wp-content\/uploads\/2025\/11\/think-tank-anesia-seeds.png","type":"image\/png"}],"twitter_card":"summary_large_image","twitter_misc":{"Ber\u00e4knad l\u00e4stid":"1 minut"},"schema":{"@context":"https:\/\/schema.org","@graph":[{"@type":"WebPage","@id":"https:\/\/superseeds.dk\/vare\/think-tank-feminiseret-anesia-seeds\/","url":"https:\/\/superseeds.dk\/vare\/think-tank-feminiseret-anesia-seeds\/","name":"Think Tank (Feminiseret) - Anesia Seeds - Superseeds.dk","isPartOf":{"@id":"https:\/\/super-seeds.se\/#website"},"primaryImageOfPage":{"@id":"https:\/\/superseeds.dk\/vare\/think-tank-feminiseret-anesia-seeds\/#primaryimage"},"image":{"@id":"https:\/\/superseeds.dk\/vare\/think-tank-feminiseret-anesia-seeds\/#primaryimage"},"thumbnailUrl":"https:\/\/superseeds.dk\/wp-content\/uploads\/2025\/11\/think-tank-anesia-seeds.png","datePublished":"2025-11-04T14:30:58+00:00","dateModified":"2025-12-17T10:28:22+00:00","breadcrumb":{"@id":"https:\/\/superseeds.dk\/vare\/think-tank-feminiseret-anesia-seeds\/#breadcrumb"},"inLanguage":"sv-SE","potentialAction":[{"@type":"ReadAction","target":["https:\/\/superseeds.dk\/vare\/think-tank-feminiseret-anesia-seeds\/"]}]},{"@type":"ImageObject","inLanguage":"sv-SE","@id":"https:\/\/superseeds.dk\/vare\/think-tank-feminiseret-anesia-seeds\/#primaryimage","url":"https:\/\/superseeds.dk\/wp-content\/uploads\/2025\/11\/think-tank-anesia-seeds.png","contentUrl":"https:\/\/superseeds.dk\/wp-content\/uploads\/2025\/11\/think-tank-anesia-seeds.png","width":538,"height":711},{"@type":"BreadcrumbList","@id":"https:\/\/superseeds.dk\/vare\/think-tank-feminiseret-anesia-seeds\/#breadcrumb","itemListElement":[{"@type":"ListItem","position":1,"name":"Hjem","item":"https:\/\/superseeds.dk\/"},{"@type":"ListItem","position":2,"name":"Shop","item":"https:\/\/superseeds.dk\/no\/butikk\/"},{"@type":"ListItem","position":3,"name":"Think Tank (Feminiseret) &#8211; Anesia Seeds"}]},{"@type":"WebSite","@id":"https:\/\/super-seeds.se\/#website","url":"https:\/\/super-seeds.se\/","name":"Superseeds.com","description":"","publisher":{"@id":"https:\/\/super-seeds.se\/#organization"},"potentialAction":[{"@type":"SearchAction","target":{"@type":"EntryPoint","urlTemplate":"https:\/\/super-seeds.se\/?s={search_term_string}"},"query-input":{"@type":"PropertyValueSpecification","valueRequired":true,"valueName":"search_term_string"}}],"inLanguage":"sv-SE"},{"@type":"Organization","@id":"https:\/\/super-seeds.se\/#organization","name":"Superseeds.com","url":"https:\/\/super-seeds.se\/","logo":{"@type":"ImageObject","inLanguage":"sv-SE","@id":"https:\/\/super-seeds.se\/#\/schema\/logo\/image\/","url":"https:\/\/superseeds.dk\/wp-content\/uploads\/2025\/09\/logo-superseeds.png","contentUrl":"https:\/\/superseeds.dk\/wp-content\/uploads\/2025\/09\/logo-superseeds.png","width":180,"height":160,"caption":"Superseeds.dk"},"image":{"@id":"https:\/\/super-seeds.se\/#\/schema\/logo\/image\/"}}]}},"df_price":290,"df_sale_price":"","df_regular_price":290,"df_image_link":"https:\/\/superseeds.dk\/wp-content\/uploads\/2025\/11\/think-tank-anesia-seeds.png","_links":{"self":[{"href":"https:\/\/superseeds.dk\/se\/wp-json\/wp\/v2\/product\/67081","targetHints":{"allow":["GET"]}}],"collection":[{"href":"https:\/\/superseeds.dk\/se\/wp-json\/wp\/v2\/product"}],"about":[{"href":"https:\/\/superseeds.dk\/se\/wp-json\/wp\/v2\/types\/product"}],"wp:featuredmedia":[{"embeddable":true,"href":"https:\/\/superseeds.dk\/se\/wp-json\/wp\/v2\/media\/67083"}],"wp:attachment":[{"href":"https:\/\/superseeds.dk\/se\/wp-json\/wp\/v2\/media?parent=67081"}],"wp:term":[{"taxonomy":"product_brand","embeddable":true,"href":"https:\/\/superseeds.dk\/se\/wp-json\/wp\/v2\/product_brand?post=67081"},{"taxonomy":"product_cat","embeddable":true,"href":"https:\/\/superseeds.dk\/se\/wp-json\/wp\/v2\/product_cat?post=67081"},{"taxonomy":"product_tag","embeddable":true,"href":"https:\/\/superseeds.dk\/se\/wp-json\/wp\/v2\/product_tag?post=67081"}],"curies":[{"name":"wp","href":"https:\/\/api.w.org\/{rel}","templated":true}]}}