{"id":63035,"date":"2025-04-29T17:54:07","date_gmt":"2025-04-29T15:54:07","guid":{"rendered":"https:\/\/superseeds.dk\/vare\/calluna-edition-greengo-king-size-extra-thin\/"},"modified":"2025-04-29T17:54:09","modified_gmt":"2025-04-29T15:54:09","slug":"calluna-edition-greengo-king-size-extra-thin","status":"publish","type":"product","link":"https:\/\/superseeds.dk\/se\/produkt\/calluna-edition-greengo-king-size-extra-thin\/","title":{"rendered":"Calluna edition - Greengo King Size Extra Tunn"},"content":{"rendered":"<h5>Om du bryr dig om den fantastiska upplevelsen av att njuta av smaken av din hemrullade eller hemodlade tobaksstav - d\u00e5 har du kommit till r\u00e4tt st\u00e4lle! Greengo Calluna \u00e4r EXTRA tunna oblekta pappersbitar f\u00f6r den kompletta r\u00f6kupplevelsen.<\/h5>\n<h5>Ibland beh\u00f6ver man inte leta l\u00e5ngt efter inspiration - den kan finnas precis utanf\u00f6r d\u00f6rren. Denna specialutg\u00e5va \u00e4r inspirerad av Calluna-v\u00e4xten som t\u00e4cker heden runt Greengo HQ med sitt lila sken och fyller luften med en s\u00f6t, jordig doft. Calluna \u00e4r stark och robust och trivs i de tuffaste milj\u00f6erna och ger f\u00e4rg \u00e5t ett annars h\u00e5rt landskap. \u00c4ven efter en brand reser sig Calluna som en f\u00e5gel Fenix ur askan, berikar jorden, f\u00f6rhindrar erosion och skapar livsmilj\u00f6er f\u00f6r f\u00e5glar och bin.<\/h5>","protected":false},"excerpt":{"rendered":"<h5>Extra tunna papper, samma fantastiska kvalitet som du k\u00e4nner igen fr\u00e5n Greengo!<\/h5>","protected":false},"featured_media":63039,"template":"","meta":{"_acf_changed":false},"product_brand":[],"product_cat":[1995,1795,1986,1803],"product_tag":[],"class_list":{"0":"post-63035","1":"product","2":"type-product","3":"status-publish","4":"has-post-thumbnail","6":"product_cat-greengo","7":"product_cat-headshop","8":"product_cat-papir-og-filter","9":"product_cat-rygegrej","10":"pa_antal-1-stk","11":"pa_antal-10-stk","12":"pa_antal-50-stk","14":"first","15":"instock","16":"taxable","17":"shipping-taxable","18":"purchasable","19":"product-type-variable","20":"wvs-archive-product-wrapper"},"acf":[],"yoast_head":"<!-- This site is optimized with the Yoast SEO plugin v26.9 - https:\/\/yoast.com\/product\/yoast-seo-wordpress\/ -->\n<title>Calluna edition \u2013 Greengo King Size Extra Thin - Superseeds.dk<\/title>\n<meta name=\"robots\" content=\"index, follow, max-snippet:-1, max-image-preview:large, max-video-preview:-1\" \/>\n<link rel=\"canonical\" href=\"https:\/\/superseeds.dk\/se\/produkt\/calluna-edition-greengo-king-size-extra-thin\/\" \/>\n<meta property=\"og:locale\" content=\"sv_SE\" \/>\n<meta property=\"og:type\" content=\"article\" \/>\n<meta property=\"og:title\" content=\"Calluna edition \u2013 Greengo King Size Extra Thin - Superseeds.dk\" \/>\n<meta property=\"og:description\" content=\"Ekstra tynde papirer, samme gode kvalitet som du kender fra Greengo!\" \/>\n<meta property=\"og:url\" content=\"https:\/\/superseeds.dk\/se\/produkt\/calluna-edition-greengo-king-size-extra-thin\/\" \/>\n<meta property=\"og:site_name\" content=\"Superseeds.dk\" \/>\n<meta property=\"article:modified_time\" content=\"2025-04-29T15:54:09+00:00\" \/>\n<meta property=\"og:image\" content=\"https:\/\/superseeds.dk\/wp-content\/uploads\/2025\/04\/Greengo-king-size-extra-thin-1.webp\" \/>\n\t<meta property=\"og:image:width\" content=\"1000\" \/>\n\t<meta property=\"og:image:height\" content=\"1000\" \/>\n\t<meta property=\"og:image:type\" content=\"image\/webp\" \/>\n<meta name=\"twitter:card\" content=\"summary_large_image\" \/>\n<meta name=\"twitter:label1\" content=\"Ber\u00e4knad l\u00e4stid\" \/>\n\t<meta name=\"twitter:data1\" content=\"1 minut\" \/>\n<script type=\"application\/ld+json\" class=\"yoast-schema-graph\">{\"@context\":\"https:\/\/schema.org\",\"@graph\":[{\"@type\":\"WebPage\",\"@id\":\"https:\/\/superseeds.dk\/vare\/calluna-edition-greengo-king-size-extra-thin\/\",\"url\":\"https:\/\/superseeds.dk\/vare\/calluna-edition-greengo-king-size-extra-thin\/\",\"name\":\"Calluna edition \u2013 Greengo King Size Extra Thin - Superseeds.dk\",\"isPartOf\":{\"@id\":\"https:\/\/super-seeds.se\/#website\"},\"primaryImageOfPage\":{\"@id\":\"https:\/\/superseeds.dk\/vare\/calluna-edition-greengo-king-size-extra-thin\/#primaryimage\"},\"image\":{\"@id\":\"https:\/\/superseeds.dk\/vare\/calluna-edition-greengo-king-size-extra-thin\/#primaryimage\"},\"thumbnailUrl\":\"https:\/\/superseeds.dk\/wp-content\/uploads\/2025\/04\/Greengo-king-size-extra-thin-1.webp\",\"datePublished\":\"2025-04-29T15:54:07+00:00\",\"dateModified\":\"2025-04-29T15:54:09+00:00\",\"breadcrumb\":{\"@id\":\"https:\/\/superseeds.dk\/vare\/calluna-edition-greengo-king-size-extra-thin\/#breadcrumb\"},\"inLanguage\":\"sv-SE\",\"potentialAction\":[{\"@type\":\"ReadAction\",\"target\":[\"https:\/\/superseeds.dk\/vare\/calluna-edition-greengo-king-size-extra-thin\/\"]}]},{\"@type\":\"ImageObject\",\"inLanguage\":\"sv-SE\",\"@id\":\"https:\/\/superseeds.dk\/vare\/calluna-edition-greengo-king-size-extra-thin\/#primaryimage\",\"url\":\"https:\/\/superseeds.dk\/wp-content\/uploads\/2025\/04\/Greengo-king-size-extra-thin-1.webp\",\"contentUrl\":\"https:\/\/superseeds.dk\/wp-content\/uploads\/2025\/04\/Greengo-king-size-extra-thin-1.webp\",\"width\":1000,\"height\":1000},{\"@type\":\"BreadcrumbList\",\"@id\":\"https:\/\/superseeds.dk\/vare\/calluna-edition-greengo-king-size-extra-thin\/#breadcrumb\",\"itemListElement\":[{\"@type\":\"ListItem\",\"position\":1,\"name\":\"Hjem\",\"item\":\"https:\/\/superseeds.dk\/\"},{\"@type\":\"ListItem\",\"position\":2,\"name\":\"Shop\",\"item\":\"https:\/\/superseeds.dk\/no\/butikk\/\"},{\"@type\":\"ListItem\",\"position\":3,\"name\":\"Calluna edition \u2013 Greengo King Size Extra Thin\"}]},{\"@type\":\"WebSite\",\"@id\":\"https:\/\/super-seeds.se\/#website\",\"url\":\"https:\/\/super-seeds.se\/\",\"name\":\"Superseeds.dk\",\"description\":\"\",\"publisher\":{\"@id\":\"https:\/\/super-seeds.se\/#organization\"},\"potentialAction\":[{\"@type\":\"SearchAction\",\"target\":{\"@type\":\"EntryPoint\",\"urlTemplate\":\"https:\/\/super-seeds.se\/?s={search_term_string}\"},\"query-input\":{\"@type\":\"PropertyValueSpecification\",\"valueRequired\":true,\"valueName\":\"search_term_string\"}}],\"inLanguage\":\"sv-SE\"},{\"@type\":\"Organization\",\"@id\":\"https:\/\/super-seeds.se\/#organization\",\"name\":\"Superseeds.dk\",\"url\":\"https:\/\/super-seeds.se\/\",\"logo\":{\"@type\":\"ImageObject\",\"inLanguage\":\"sv-SE\",\"@id\":\"https:\/\/super-seeds.se\/#\/schema\/logo\/image\/\",\"url\":\"https:\/\/superseeds.dk\/wp-content\/uploads\/2025\/09\/logo-superseeds.png\",\"contentUrl\":\"https:\/\/superseeds.dk\/wp-content\/uploads\/2025\/09\/logo-superseeds.png\",\"width\":180,\"height\":160,\"caption\":\"Superseeds.dk\"},\"image\":{\"@id\":\"https:\/\/super-seeds.se\/#\/schema\/logo\/image\/\"}}]}<\/script>\n<!-- \/ Yoast SEO plugin. -->","yoast_head_json":{"title":"Calluna edition \u2013 Greengo King Size Extra Thin - Superseeds.dk","robots":{"index":"index","follow":"follow","max-snippet":"max-snippet:-1","max-image-preview":"max-image-preview:large","max-video-preview":"max-video-preview:-1"},"canonical":"https:\/\/superseeds.dk\/se\/produkt\/calluna-edition-greengo-king-size-extra-thin\/","og_locale":"sv_SE","og_type":"article","og_title":"Calluna edition \u2013 Greengo King Size Extra Thin - Superseeds.dk","og_description":"Ekstra tynde papirer, samme gode kvalitet som du kender fra Greengo!","og_url":"https:\/\/superseeds.dk\/se\/produkt\/calluna-edition-greengo-king-size-extra-thin\/","og_site_name":"Superseeds.dk","article_modified_time":"2025-04-29T15:54:09+00:00","og_image":[{"width":1000,"height":1000,"url":"https:\/\/superseeds.dk\/wp-content\/uploads\/2025\/04\/Greengo-king-size-extra-thin-1.webp","type":"image\/webp"}],"twitter_card":"summary_large_image","twitter_misc":{"Ber\u00e4knad l\u00e4stid":"1 minut"},"schema":{"@context":"https:\/\/schema.org","@graph":[{"@type":"WebPage","@id":"https:\/\/superseeds.dk\/vare\/calluna-edition-greengo-king-size-extra-thin\/","url":"https:\/\/superseeds.dk\/vare\/calluna-edition-greengo-king-size-extra-thin\/","name":"Calluna edition \u2013 Greengo King Size Extra Thin - Superseeds.dk","isPartOf":{"@id":"https:\/\/super-seeds.se\/#website"},"primaryImageOfPage":{"@id":"https:\/\/superseeds.dk\/vare\/calluna-edition-greengo-king-size-extra-thin\/#primaryimage"},"image":{"@id":"https:\/\/superseeds.dk\/vare\/calluna-edition-greengo-king-size-extra-thin\/#primaryimage"},"thumbnailUrl":"https:\/\/superseeds.dk\/wp-content\/uploads\/2025\/04\/Greengo-king-size-extra-thin-1.webp","datePublished":"2025-04-29T15:54:07+00:00","dateModified":"2025-04-29T15:54:09+00:00","breadcrumb":{"@id":"https:\/\/superseeds.dk\/vare\/calluna-edition-greengo-king-size-extra-thin\/#breadcrumb"},"inLanguage":"sv-SE","potentialAction":[{"@type":"ReadAction","target":["https:\/\/superseeds.dk\/vare\/calluna-edition-greengo-king-size-extra-thin\/"]}]},{"@type":"ImageObject","inLanguage":"sv-SE","@id":"https:\/\/superseeds.dk\/vare\/calluna-edition-greengo-king-size-extra-thin\/#primaryimage","url":"https:\/\/superseeds.dk\/wp-content\/uploads\/2025\/04\/Greengo-king-size-extra-thin-1.webp","contentUrl":"https:\/\/superseeds.dk\/wp-content\/uploads\/2025\/04\/Greengo-king-size-extra-thin-1.webp","width":1000,"height":1000},{"@type":"BreadcrumbList","@id":"https:\/\/superseeds.dk\/vare\/calluna-edition-greengo-king-size-extra-thin\/#breadcrumb","itemListElement":[{"@type":"ListItem","position":1,"name":"Hjem","item":"https:\/\/superseeds.dk\/"},{"@type":"ListItem","position":2,"name":"Shop","item":"https:\/\/superseeds.dk\/no\/butikk\/"},{"@type":"ListItem","position":3,"name":"Calluna edition \u2013 Greengo King Size Extra Thin"}]},{"@type":"WebSite","@id":"https:\/\/super-seeds.se\/#website","url":"https:\/\/super-seeds.se\/","name":"Superseeds.com","description":"","publisher":{"@id":"https:\/\/super-seeds.se\/#organization"},"potentialAction":[{"@type":"SearchAction","target":{"@type":"EntryPoint","urlTemplate":"https:\/\/super-seeds.se\/?s={search_term_string}"},"query-input":{"@type":"PropertyValueSpecification","valueRequired":true,"valueName":"search_term_string"}}],"inLanguage":"sv-SE"},{"@type":"Organization","@id":"https:\/\/super-seeds.se\/#organization","name":"Superseeds.com","url":"https:\/\/super-seeds.se\/","logo":{"@type":"ImageObject","inLanguage":"sv-SE","@id":"https:\/\/super-seeds.se\/#\/schema\/logo\/image\/","url":"https:\/\/superseeds.dk\/wp-content\/uploads\/2025\/09\/logo-superseeds.png","contentUrl":"https:\/\/superseeds.dk\/wp-content\/uploads\/2025\/09\/logo-superseeds.png","width":180,"height":160,"caption":"Superseeds.dk"},"image":{"@id":"https:\/\/super-seeds.se\/#\/schema\/logo\/image\/"}}]}},"df_price":14.95,"df_sale_price":"","df_regular_price":14.95,"df_image_link":"https:\/\/superseeds.dk\/wp-content\/uploads\/2025\/04\/Greengo-king-size-extra-thin-1.webp","_links":{"self":[{"href":"https:\/\/superseeds.dk\/se\/wp-json\/wp\/v2\/product\/63035","targetHints":{"allow":["GET"]}}],"collection":[{"href":"https:\/\/superseeds.dk\/se\/wp-json\/wp\/v2\/product"}],"about":[{"href":"https:\/\/superseeds.dk\/se\/wp-json\/wp\/v2\/types\/product"}],"wp:featuredmedia":[{"embeddable":true,"href":"https:\/\/superseeds.dk\/se\/wp-json\/wp\/v2\/media\/63039"}],"wp:attachment":[{"href":"https:\/\/superseeds.dk\/se\/wp-json\/wp\/v2\/media?parent=63035"}],"wp:term":[{"taxonomy":"product_brand","embeddable":true,"href":"https:\/\/superseeds.dk\/se\/wp-json\/wp\/v2\/product_brand?post=63035"},{"taxonomy":"product_cat","embeddable":true,"href":"https:\/\/superseeds.dk\/se\/wp-json\/wp\/v2\/product_cat?post=63035"},{"taxonomy":"product_tag","embeddable":true,"href":"https:\/\/superseeds.dk\/se\/wp-json\/wp\/v2\/product_tag?post=63035"}],"curies":[{"name":"wp","href":"https:\/\/api.w.org\/{rel}","templated":true}]}}