{"id":62127,"date":"2025-03-27T10:12:35","date_gmt":"2025-03-27T09:12:35","guid":{"rendered":"https:\/\/superseeds.dk\/vare\/samsung-supergrow-pro-480w\/"},"modified":"2025-04-11T08:12:59","modified_gmt":"2025-04-11T06:12:59","slug":"samsung-supergrow-pro-480w","status":"publish","type":"product","link":"https:\/\/superseeds.dk\/se\/produkt\/samsung-supergrow-pro-480w\/","title":{"rendered":"Samsung SuperGrow - Pro 480W"},"content":{"rendered":"","protected":false},"excerpt":{"rendered":"<p>med vores Super Quantum for du et prisbilligt 480W LED-panel med fin effektivitet, der d\u00e6kker op til 1.2\u00d71.2m i blomst<br \/>\nhvis du kigger efter et prisbilligt men stadig effektivt led belysning, har du fundet den helt rigtige l\u00f8sning her !<\/p>\n<p>&nbsp;<\/p>\n<p><strong>Effektivitet:<\/strong>\u00a02.8 \u00b5mol\/J<br \/>\n<strong>Str\u00f8mforbrug:<\/strong> 480W (\u00b15%)<br \/>\n<b>D\u00e6kningsareal:\u00a0<\/b>1.2\u00d71.2m<br \/>\n<strong>Levetid:<\/strong>\u00a050.000 Timer<br \/>\n<b>Dimensioner: 830*820*80mm<\/b><br \/>\n<strong><span class=\"bluet_tooltip tooltipy-kw tooltipy-kw-12016\" data-tooltip=\"12016\">Spektrum<\/span>:<\/strong>\u00a0Full\u00a0<span class=\"bluet_tooltip tooltipy-kw tooltipy-kw-12016\" data-tooltip=\"12016\">Spectrum<\/span><\/p>","protected":false},"featured_media":62633,"template":"","meta":{"_acf_changed":false},"product_brand":[],"product_cat":[1863,1864,1903],"product_tag":[],"class_list":{"0":"post-62127","1":"product","2":"type-product","3":"status-publish","4":"has-post-thumbnail","6":"product_cat-lys","7":"product_cat-plantelys-led","8":"product_cat-quantum-boards","9":"pa_antal-1-stk","10":"pa_antal-10-stk","11":"pa_antal-3-stk","13":"first","14":"instock","15":"taxable","16":"shipping-taxable","17":"purchasable","18":"product-type-variable","19":"wvs-archive-product-wrapper"},"acf":[],"yoast_head":"<!-- This site is optimized with the Yoast SEO plugin v26.9 - https:\/\/yoast.com\/product\/yoast-seo-wordpress\/ -->\n<title>Samsung SuperGrow \u2013 Pro 480W - Superseeds.dk<\/title>\n<meta name=\"robots\" content=\"index, follow, max-snippet:-1, max-image-preview:large, max-video-preview:-1\" \/>\n<link rel=\"canonical\" href=\"https:\/\/superseeds.dk\/se\/produkt\/samsung-supergrow-pro-480w\/\" \/>\n<meta property=\"og:locale\" content=\"sv_SE\" \/>\n<meta property=\"og:type\" content=\"article\" \/>\n<meta property=\"og:title\" content=\"Samsung SuperGrow \u2013 Pro 480W - Superseeds.dk\" \/>\n<meta property=\"og:description\" content=\"med vores Super Quantum for du et prisbilligt 480W LED-panel med fin effektivitet, der d\u00e6kker op til 1.2\u00d71.2m i blomst hvis du kigger efter et prisbilligt men stadig effektivt led belysning, har du fundet den helt rigtige l\u00f8sning her !  &nbsp;  Effektivitet:\u00a02.8 \u00b5mol\/J Str\u00f8mforbrug: 480W (\u00b15%) D\u00e6kningsareal:\u00a01.2\u00d71.2m Levetid:\u00a050.000 Timer Dimensioner: 830*820*80mm Spektrum:\u00a0Full\u00a0Spectrum\" \/>\n<meta property=\"og:url\" content=\"https:\/\/superseeds.dk\/se\/produkt\/samsung-supergrow-pro-480w\/\" \/>\n<meta property=\"og:site_name\" content=\"Superseeds.dk\" \/>\n<meta property=\"article:modified_time\" content=\"2025-04-11T06:12:59+00:00\" \/>\n<meta property=\"og:image\" content=\"https:\/\/superseeds.dk\/wp-content\/uploads\/2025\/04\/samsung-supergrow-pro-480w-1.png\" \/>\n\t<meta property=\"og:image:width\" content=\"1080\" \/>\n\t<meta property=\"og:image:height\" content=\"1080\" \/>\n\t<meta property=\"og:image:type\" content=\"image\/png\" \/>\n<meta name=\"twitter:card\" content=\"summary_large_image\" \/>\n<script type=\"application\/ld+json\" class=\"yoast-schema-graph\">{\"@context\":\"https:\/\/schema.org\",\"@graph\":[{\"@type\":\"WebPage\",\"@id\":\"https:\/\/superseeds.dk\/vare\/samsung-supergrow-pro-480w\/\",\"url\":\"https:\/\/superseeds.dk\/vare\/samsung-supergrow-pro-480w\/\",\"name\":\"Samsung SuperGrow \u2013 Pro 480W - Superseeds.dk\",\"isPartOf\":{\"@id\":\"https:\/\/super-seeds.se\/#website\"},\"primaryImageOfPage\":{\"@id\":\"https:\/\/superseeds.dk\/vare\/samsung-supergrow-pro-480w\/#primaryimage\"},\"image\":{\"@id\":\"https:\/\/superseeds.dk\/vare\/samsung-supergrow-pro-480w\/#primaryimage\"},\"thumbnailUrl\":\"https:\/\/superseeds.dk\/wp-content\/uploads\/2025\/04\/samsung-supergrow-pro-480w-1.png\",\"datePublished\":\"2025-03-27T09:12:35+00:00\",\"dateModified\":\"2025-04-11T06:12:59+00:00\",\"breadcrumb\":{\"@id\":\"https:\/\/superseeds.dk\/vare\/samsung-supergrow-pro-480w\/#breadcrumb\"},\"inLanguage\":\"sv-SE\",\"potentialAction\":[{\"@type\":\"ReadAction\",\"target\":[\"https:\/\/superseeds.dk\/vare\/samsung-supergrow-pro-480w\/\"]}]},{\"@type\":\"ImageObject\",\"inLanguage\":\"sv-SE\",\"@id\":\"https:\/\/superseeds.dk\/vare\/samsung-supergrow-pro-480w\/#primaryimage\",\"url\":\"https:\/\/superseeds.dk\/wp-content\/uploads\/2025\/04\/samsung-supergrow-pro-480w-1.png\",\"contentUrl\":\"https:\/\/superseeds.dk\/wp-content\/uploads\/2025\/04\/samsung-supergrow-pro-480w-1.png\",\"width\":1080,\"height\":1080},{\"@type\":\"BreadcrumbList\",\"@id\":\"https:\/\/superseeds.dk\/vare\/samsung-supergrow-pro-480w\/#breadcrumb\",\"itemListElement\":[{\"@type\":\"ListItem\",\"position\":1,\"name\":\"Hjem\",\"item\":\"https:\/\/superseeds.dk\/\"},{\"@type\":\"ListItem\",\"position\":2,\"name\":\"Shop\",\"item\":\"https:\/\/superseeds.dk\/no\/butikk\/\"},{\"@type\":\"ListItem\",\"position\":3,\"name\":\"Samsung SuperGrow \u2013 Pro 480W\"}]},{\"@type\":\"WebSite\",\"@id\":\"https:\/\/super-seeds.se\/#website\",\"url\":\"https:\/\/super-seeds.se\/\",\"name\":\"Superseeds.dk\",\"description\":\"\",\"publisher\":{\"@id\":\"https:\/\/super-seeds.se\/#organization\"},\"potentialAction\":[{\"@type\":\"SearchAction\",\"target\":{\"@type\":\"EntryPoint\",\"urlTemplate\":\"https:\/\/super-seeds.se\/?s={search_term_string}\"},\"query-input\":{\"@type\":\"PropertyValueSpecification\",\"valueRequired\":true,\"valueName\":\"search_term_string\"}}],\"inLanguage\":\"sv-SE\"},{\"@type\":\"Organization\",\"@id\":\"https:\/\/super-seeds.se\/#organization\",\"name\":\"Superseeds.dk\",\"url\":\"https:\/\/super-seeds.se\/\",\"logo\":{\"@type\":\"ImageObject\",\"inLanguage\":\"sv-SE\",\"@id\":\"https:\/\/super-seeds.se\/#\/schema\/logo\/image\/\",\"url\":\"https:\/\/superseeds.dk\/wp-content\/uploads\/2025\/09\/logo-superseeds.png\",\"contentUrl\":\"https:\/\/superseeds.dk\/wp-content\/uploads\/2025\/09\/logo-superseeds.png\",\"width\":180,\"height\":160,\"caption\":\"Superseeds.dk\"},\"image\":{\"@id\":\"https:\/\/super-seeds.se\/#\/schema\/logo\/image\/\"}}]}<\/script>\n<!-- \/ Yoast SEO plugin. -->","yoast_head_json":{"title":"Samsung SuperGrow \u2013 Pro 480W - Superseeds.dk","robots":{"index":"index","follow":"follow","max-snippet":"max-snippet:-1","max-image-preview":"max-image-preview:large","max-video-preview":"max-video-preview:-1"},"canonical":"https:\/\/superseeds.dk\/se\/produkt\/samsung-supergrow-pro-480w\/","og_locale":"sv_SE","og_type":"article","og_title":"Samsung SuperGrow \u2013 Pro 480W - Superseeds.dk","og_description":"med vores Super Quantum for du et prisbilligt 480W LED-panel med fin effektivitet, der d\u00e6kker op til 1.2\u00d71.2m i blomst hvis du kigger efter et prisbilligt men stadig effektivt led belysning, har du fundet den helt rigtige l\u00f8sning her !  &nbsp;  Effektivitet:\u00a02.8 \u00b5mol\/J Str\u00f8mforbrug: 480W (\u00b15%) D\u00e6kningsareal:\u00a01.2\u00d71.2m Levetid:\u00a050.000 Timer Dimensioner: 830*820*80mm Spektrum:\u00a0Full\u00a0Spectrum","og_url":"https:\/\/superseeds.dk\/se\/produkt\/samsung-supergrow-pro-480w\/","og_site_name":"Superseeds.dk","article_modified_time":"2025-04-11T06:12:59+00:00","og_image":[{"width":1080,"height":1080,"url":"https:\/\/superseeds.dk\/wp-content\/uploads\/2025\/04\/samsung-supergrow-pro-480w-1.png","type":"image\/png"}],"twitter_card":"summary_large_image","schema":{"@context":"https:\/\/schema.org","@graph":[{"@type":"WebPage","@id":"https:\/\/superseeds.dk\/vare\/samsung-supergrow-pro-480w\/","url":"https:\/\/superseeds.dk\/vare\/samsung-supergrow-pro-480w\/","name":"Samsung SuperGrow \u2013 Pro 480W - Superseeds.dk","isPartOf":{"@id":"https:\/\/super-seeds.se\/#website"},"primaryImageOfPage":{"@id":"https:\/\/superseeds.dk\/vare\/samsung-supergrow-pro-480w\/#primaryimage"},"image":{"@id":"https:\/\/superseeds.dk\/vare\/samsung-supergrow-pro-480w\/#primaryimage"},"thumbnailUrl":"https:\/\/superseeds.dk\/wp-content\/uploads\/2025\/04\/samsung-supergrow-pro-480w-1.png","datePublished":"2025-03-27T09:12:35+00:00","dateModified":"2025-04-11T06:12:59+00:00","breadcrumb":{"@id":"https:\/\/superseeds.dk\/vare\/samsung-supergrow-pro-480w\/#breadcrumb"},"inLanguage":"sv-SE","potentialAction":[{"@type":"ReadAction","target":["https:\/\/superseeds.dk\/vare\/samsung-supergrow-pro-480w\/"]}]},{"@type":"ImageObject","inLanguage":"sv-SE","@id":"https:\/\/superseeds.dk\/vare\/samsung-supergrow-pro-480w\/#primaryimage","url":"https:\/\/superseeds.dk\/wp-content\/uploads\/2025\/04\/samsung-supergrow-pro-480w-1.png","contentUrl":"https:\/\/superseeds.dk\/wp-content\/uploads\/2025\/04\/samsung-supergrow-pro-480w-1.png","width":1080,"height":1080},{"@type":"BreadcrumbList","@id":"https:\/\/superseeds.dk\/vare\/samsung-supergrow-pro-480w\/#breadcrumb","itemListElement":[{"@type":"ListItem","position":1,"name":"Hjem","item":"https:\/\/superseeds.dk\/"},{"@type":"ListItem","position":2,"name":"Shop","item":"https:\/\/superseeds.dk\/no\/butikk\/"},{"@type":"ListItem","position":3,"name":"Samsung SuperGrow \u2013 Pro 480W"}]},{"@type":"WebSite","@id":"https:\/\/super-seeds.se\/#website","url":"https:\/\/super-seeds.se\/","name":"Superseeds.com","description":"","publisher":{"@id":"https:\/\/super-seeds.se\/#organization"},"potentialAction":[{"@type":"SearchAction","target":{"@type":"EntryPoint","urlTemplate":"https:\/\/super-seeds.se\/?s={search_term_string}"},"query-input":{"@type":"PropertyValueSpecification","valueRequired":true,"valueName":"search_term_string"}}],"inLanguage":"sv-SE"},{"@type":"Organization","@id":"https:\/\/super-seeds.se\/#organization","name":"Superseeds.com","url":"https:\/\/super-seeds.se\/","logo":{"@type":"ImageObject","inLanguage":"sv-SE","@id":"https:\/\/super-seeds.se\/#\/schema\/logo\/image\/","url":"https:\/\/superseeds.dk\/wp-content\/uploads\/2025\/09\/logo-superseeds.png","contentUrl":"https:\/\/superseeds.dk\/wp-content\/uploads\/2025\/09\/logo-superseeds.png","width":180,"height":160,"caption":"Superseeds.dk"},"image":{"@id":"https:\/\/super-seeds.se\/#\/schema\/logo\/image\/"}}]}},"df_price":3595,"df_sale_price":"","df_regular_price":3595,"df_image_link":"https:\/\/superseeds.dk\/wp-content\/uploads\/2025\/04\/samsung-supergrow-pro-480w-1-1024x1024.png","_links":{"self":[{"href":"https:\/\/superseeds.dk\/se\/wp-json\/wp\/v2\/product\/62127","targetHints":{"allow":["GET"]}}],"collection":[{"href":"https:\/\/superseeds.dk\/se\/wp-json\/wp\/v2\/product"}],"about":[{"href":"https:\/\/superseeds.dk\/se\/wp-json\/wp\/v2\/types\/product"}],"wp:featuredmedia":[{"embeddable":true,"href":"https:\/\/superseeds.dk\/se\/wp-json\/wp\/v2\/media\/62633"}],"wp:attachment":[{"href":"https:\/\/superseeds.dk\/se\/wp-json\/wp\/v2\/media?parent=62127"}],"wp:term":[{"taxonomy":"product_brand","embeddable":true,"href":"https:\/\/superseeds.dk\/se\/wp-json\/wp\/v2\/product_brand?post=62127"},{"taxonomy":"product_cat","embeddable":true,"href":"https:\/\/superseeds.dk\/se\/wp-json\/wp\/v2\/product_cat?post=62127"},{"taxonomy":"product_tag","embeddable":true,"href":"https:\/\/superseeds.dk\/se\/wp-json\/wp\/v2\/product_tag?post=62127"}],"curies":[{"name":"wp","href":"https:\/\/api.w.org\/{rel}","templated":true}]}}