{"id":61918,"date":"2025-03-19T16:48:38","date_gmt":"2025-03-19T15:48:38","guid":{"rendered":"https:\/\/superseeds.dk\/vare\/magisk-stjernehimmel-lampe\/"},"modified":"2025-03-25T06:26:05","modified_gmt":"2025-03-25T05:26:05","slug":"magisk-stjernehimmel-lampe","status":"publish","type":"product","link":"https:\/\/superseeds.dk\/se\/produkt\/magisk-stjernehimmel-lampe\/","title":{"rendered":"Magisk Stjernehimmel Lampe"},"content":{"rendered":"<h3 id=\"drop-header-descr\" class=\"d1e3mzkx\"><span class=\"drop-text\">Beskrivning<\/span><button class=\"drop-button-wrapper undefined d1whjwvi\" data-isopen=\"true\"><\/button><\/h3>\n<div class=\"rah-static rah-static--height-auto\" aria-hidden=\"false\">\n<div>\n<div class=\"ddnoayz\">\n<article class=\"t1pxqd4m\">\n<div class=\"pw6o8vr\">\n<div class=\"r1pkm16k\">\n<div class=\"read-more-active read-more-expanded cvz5fgl\">\n<div class=\"inner-content\">\n<div class=\"content-area small t18ib9h8\">\n<h2>Skab en afslappende stjernehimmel med natbelysning<\/h2>\n<ul>\n<li>Projicerer en smuk stjernehimmel i loftet<\/li>\n<li>Perfekt til afslapning, meditation eller som natlys<\/li>\n<li>Kan bruges med USB-kabel eller 3 AA-batterier<\/li>\n<\/ul>\n<p>N\u00e5r stjerneprojektoren t\u00e6ndes, lyser stjernerne op i loftet og skaber en roterende stjernehimmel, som er perfekt til at falde i s\u00f8vn til. Denne stjernehimmelprojektor giver et dejligt sk\u00e6r og kan bruges i b\u00e5de stuen og sovev\u00e6relset for at skabe en afslappende atmosf\u00e6re. Med den aftagelige kuppel kan du nemt skifte mellem natlys og stjerneprojektion. 360 graders rotation g\u00f8r det muligt at fordele lyset j\u00e6vnt i hele rummet og skabe en hyggelig atmosf\u00e6re.<\/p>\n<\/div>\n<\/div>\n<\/div>\n<\/div>\n<\/div>\n<\/article>\n<\/div>\n<\/div>\n<\/div>","protected":false},"excerpt":{"rendered":"<ul>\n<li>en ny m\u00e5de at skabe atmosf\u00e6re p\u00e5, uanset om det er til en fest eller en stille aften. G\u00f8r dit rum til et magisk sted med denne lampe. Den roterende stjerneprojektor er perfekt til dem, der \u00f8nsker beroligende belysning til meditation, afslapning eller som natlys. Du kan nemt styre lyset via knapperne og v\u00e6lge mellem varmt hvidt lys, farvet lys eller roterende lyseffekter.<b>Specifikation<\/b><\/li>\n<li>Projicerer stjerner og m\u00e5nen<\/li>\n<li>\u00a0360 graders rotation<\/li>\n<li>Nem lysstyring med knapper<\/li>\n<li>\u00a0Drives af USB-kabel (medf\u00f8lger) eller 3 AA-batterier (medf\u00f8lger ikke)<\/li>\n<li>Aftagelig kuppel til forskellige lyseffekter<\/li>\n<li>leveres i forskellige farver<\/li>\n<\/ul>\n<p>&nbsp;<\/p>","protected":false},"featured_media":62063,"template":"","meta":{"_acf_changed":false},"product_brand":[],"product_cat":[2058,1829],"product_tag":[],"class_list":{"0":"post-61918","1":"product","2":"type-product","3":"status-publish","4":"has-post-thumbnail","6":"product_cat-diverse","7":"product_cat-microgreens","9":"first","10":"instock","11":"sale","12":"taxable","13":"shipping-taxable","14":"purchasable","15":"product-type-simple"},"acf":[],"yoast_head":"<!-- This site is optimized with the Yoast SEO plugin v26.9 - https:\/\/yoast.com\/product\/yoast-seo-wordpress\/ -->\n<title>Magisk Stjernehimmel Lampe - Superseeds.dk<\/title>\n<meta name=\"robots\" content=\"index, follow, max-snippet:-1, max-image-preview:large, max-video-preview:-1\" \/>\n<link rel=\"canonical\" href=\"https:\/\/superseeds.dk\/se\/produkt\/magisk-stjernehimmel-lampe\/\" \/>\n<meta property=\"og:locale\" content=\"sv_SE\" \/>\n<meta property=\"og:type\" content=\"article\" \/>\n<meta property=\"og:title\" content=\"Magisk Stjernehimmel Lampe - Superseeds.dk\" \/>\n<meta property=\"og:description\" content=\"en ny m\u00e5de at skabe atmosf\u00e6re p\u00e5, uanset om det er til en fest eller en stille aften. G\u00f8r dit rum til et magisk sted med denne lampe. Den roterende stjerneprojektor er perfekt til dem, der \u00f8nsker beroligende belysning til meditation, afslapning eller som natlys. Du kan nemt styre lyset via knapperne og v\u00e6lge mellem varmt hvidt lys, farvet lys eller roterende lyseffekter.Specifikation  Projicerer stjerner og m\u00e5nen  \u00a0360 graders rotation  Nem lysstyring med knapper  \u00a0Drives af USB-kabel (medf\u00f8lger) eller 3 AA-batterier (medf\u00f8lger ikke)  Aftagelig kuppel til forskellige lyseffekter  leveres i forskellige farver  &nbsp;\" \/>\n<meta property=\"og:url\" content=\"https:\/\/superseeds.dk\/se\/produkt\/magisk-stjernehimmel-lampe\/\" \/>\n<meta property=\"og:site_name\" content=\"Superseeds.dk\" \/>\n<meta property=\"article:modified_time\" content=\"2025-03-25T05:26:05+00:00\" \/>\n<meta property=\"og:image\" content=\"https:\/\/superseeds.dk\/wp-content\/uploads\/2025\/03\/Magisk-Stjernehimmel-Lampe.png\" \/>\n\t<meta property=\"og:image:width\" content=\"1080\" \/>\n\t<meta property=\"og:image:height\" content=\"1080\" \/>\n\t<meta property=\"og:image:type\" content=\"image\/png\" \/>\n<meta name=\"twitter:card\" content=\"summary_large_image\" \/>\n<meta name=\"twitter:label1\" content=\"Ber\u00e4knad l\u00e4stid\" \/>\n\t<meta name=\"twitter:data1\" content=\"1 minut\" \/>\n<script type=\"application\/ld+json\" class=\"yoast-schema-graph\">{\"@context\":\"https:\/\/schema.org\",\"@graph\":[{\"@type\":\"WebPage\",\"@id\":\"https:\/\/superseeds.dk\/vare\/magisk-stjernehimmel-lampe\/\",\"url\":\"https:\/\/superseeds.dk\/vare\/magisk-stjernehimmel-lampe\/\",\"name\":\"Magisk Stjernehimmel Lampe - Superseeds.dk\",\"isPartOf\":{\"@id\":\"https:\/\/super-seeds.se\/#website\"},\"primaryImageOfPage\":{\"@id\":\"https:\/\/superseeds.dk\/vare\/magisk-stjernehimmel-lampe\/#primaryimage\"},\"image\":{\"@id\":\"https:\/\/superseeds.dk\/vare\/magisk-stjernehimmel-lampe\/#primaryimage\"},\"thumbnailUrl\":\"https:\/\/superseeds.dk\/wp-content\/uploads\/2025\/03\/Magisk-Stjernehimmel-Lampe.png\",\"datePublished\":\"2025-03-19T15:48:38+00:00\",\"dateModified\":\"2025-03-25T05:26:05+00:00\",\"breadcrumb\":{\"@id\":\"https:\/\/superseeds.dk\/vare\/magisk-stjernehimmel-lampe\/#breadcrumb\"},\"inLanguage\":\"sv-SE\",\"potentialAction\":[{\"@type\":\"ReadAction\",\"target\":[\"https:\/\/superseeds.dk\/vare\/magisk-stjernehimmel-lampe\/\"]}]},{\"@type\":\"ImageObject\",\"inLanguage\":\"sv-SE\",\"@id\":\"https:\/\/superseeds.dk\/vare\/magisk-stjernehimmel-lampe\/#primaryimage\",\"url\":\"https:\/\/superseeds.dk\/wp-content\/uploads\/2025\/03\/Magisk-Stjernehimmel-Lampe.png\",\"contentUrl\":\"https:\/\/superseeds.dk\/wp-content\/uploads\/2025\/03\/Magisk-Stjernehimmel-Lampe.png\",\"width\":1080,\"height\":1080},{\"@type\":\"BreadcrumbList\",\"@id\":\"https:\/\/superseeds.dk\/vare\/magisk-stjernehimmel-lampe\/#breadcrumb\",\"itemListElement\":[{\"@type\":\"ListItem\",\"position\":1,\"name\":\"Hjem\",\"item\":\"https:\/\/superseeds.dk\/\"},{\"@type\":\"ListItem\",\"position\":2,\"name\":\"Shop\",\"item\":\"https:\/\/superseeds.dk\/no\/butikk\/\"},{\"@type\":\"ListItem\",\"position\":3,\"name\":\"Magisk Stjernehimmel Lampe\"}]},{\"@type\":\"WebSite\",\"@id\":\"https:\/\/super-seeds.se\/#website\",\"url\":\"https:\/\/super-seeds.se\/\",\"name\":\"Superseeds.dk\",\"description\":\"\",\"publisher\":{\"@id\":\"https:\/\/super-seeds.se\/#organization\"},\"potentialAction\":[{\"@type\":\"SearchAction\",\"target\":{\"@type\":\"EntryPoint\",\"urlTemplate\":\"https:\/\/super-seeds.se\/?s={search_term_string}\"},\"query-input\":{\"@type\":\"PropertyValueSpecification\",\"valueRequired\":true,\"valueName\":\"search_term_string\"}}],\"inLanguage\":\"sv-SE\"},{\"@type\":\"Organization\",\"@id\":\"https:\/\/super-seeds.se\/#organization\",\"name\":\"Superseeds.dk\",\"url\":\"https:\/\/super-seeds.se\/\",\"logo\":{\"@type\":\"ImageObject\",\"inLanguage\":\"sv-SE\",\"@id\":\"https:\/\/super-seeds.se\/#\/schema\/logo\/image\/\",\"url\":\"https:\/\/superseeds.dk\/wp-content\/uploads\/2025\/09\/logo-superseeds.png\",\"contentUrl\":\"https:\/\/superseeds.dk\/wp-content\/uploads\/2025\/09\/logo-superseeds.png\",\"width\":180,\"height\":160,\"caption\":\"Superseeds.dk\"},\"image\":{\"@id\":\"https:\/\/super-seeds.se\/#\/schema\/logo\/image\/\"}}]}<\/script>\n<!-- \/ Yoast SEO plugin. -->","yoast_head_json":{"title":"Magisk Stjernehimmel Lampe - Superseeds.dk","robots":{"index":"index","follow":"follow","max-snippet":"max-snippet:-1","max-image-preview":"max-image-preview:large","max-video-preview":"max-video-preview:-1"},"canonical":"https:\/\/superseeds.dk\/se\/produkt\/magisk-stjernehimmel-lampe\/","og_locale":"sv_SE","og_type":"article","og_title":"Magisk Stjernehimmel Lampe - Superseeds.dk","og_description":"en ny m\u00e5de at skabe atmosf\u00e6re p\u00e5, uanset om det er til en fest eller en stille aften. G\u00f8r dit rum til et magisk sted med denne lampe. Den roterende stjerneprojektor er perfekt til dem, der \u00f8nsker beroligende belysning til meditation, afslapning eller som natlys. Du kan nemt styre lyset via knapperne og v\u00e6lge mellem varmt hvidt lys, farvet lys eller roterende lyseffekter.Specifikation  Projicerer stjerner og m\u00e5nen  \u00a0360 graders rotation  Nem lysstyring med knapper  \u00a0Drives af USB-kabel (medf\u00f8lger) eller 3 AA-batterier (medf\u00f8lger ikke)  Aftagelig kuppel til forskellige lyseffekter  leveres i forskellige farver  &nbsp;","og_url":"https:\/\/superseeds.dk\/se\/produkt\/magisk-stjernehimmel-lampe\/","og_site_name":"Superseeds.dk","article_modified_time":"2025-03-25T05:26:05+00:00","og_image":[{"width":1080,"height":1080,"url":"https:\/\/superseeds.dk\/wp-content\/uploads\/2025\/03\/Magisk-Stjernehimmel-Lampe.png","type":"image\/png"}],"twitter_card":"summary_large_image","twitter_misc":{"Ber\u00e4knad l\u00e4stid":"1 minut"},"schema":{"@context":"https:\/\/schema.org","@graph":[{"@type":"WebPage","@id":"https:\/\/superseeds.dk\/vare\/magisk-stjernehimmel-lampe\/","url":"https:\/\/superseeds.dk\/vare\/magisk-stjernehimmel-lampe\/","name":"Magisk Stjernehimmel Lampe - Superseeds.dk","isPartOf":{"@id":"https:\/\/super-seeds.se\/#website"},"primaryImageOfPage":{"@id":"https:\/\/superseeds.dk\/vare\/magisk-stjernehimmel-lampe\/#primaryimage"},"image":{"@id":"https:\/\/superseeds.dk\/vare\/magisk-stjernehimmel-lampe\/#primaryimage"},"thumbnailUrl":"https:\/\/superseeds.dk\/wp-content\/uploads\/2025\/03\/Magisk-Stjernehimmel-Lampe.png","datePublished":"2025-03-19T15:48:38+00:00","dateModified":"2025-03-25T05:26:05+00:00","breadcrumb":{"@id":"https:\/\/superseeds.dk\/vare\/magisk-stjernehimmel-lampe\/#breadcrumb"},"inLanguage":"sv-SE","potentialAction":[{"@type":"ReadAction","target":["https:\/\/superseeds.dk\/vare\/magisk-stjernehimmel-lampe\/"]}]},{"@type":"ImageObject","inLanguage":"sv-SE","@id":"https:\/\/superseeds.dk\/vare\/magisk-stjernehimmel-lampe\/#primaryimage","url":"https:\/\/superseeds.dk\/wp-content\/uploads\/2025\/03\/Magisk-Stjernehimmel-Lampe.png","contentUrl":"https:\/\/superseeds.dk\/wp-content\/uploads\/2025\/03\/Magisk-Stjernehimmel-Lampe.png","width":1080,"height":1080},{"@type":"BreadcrumbList","@id":"https:\/\/superseeds.dk\/vare\/magisk-stjernehimmel-lampe\/#breadcrumb","itemListElement":[{"@type":"ListItem","position":1,"name":"Hjem","item":"https:\/\/superseeds.dk\/"},{"@type":"ListItem","position":2,"name":"Shop","item":"https:\/\/superseeds.dk\/no\/butikk\/"},{"@type":"ListItem","position":3,"name":"Magisk Stjernehimmel Lampe"}]},{"@type":"WebSite","@id":"https:\/\/super-seeds.se\/#website","url":"https:\/\/super-seeds.se\/","name":"Superseeds.com","description":"","publisher":{"@id":"https:\/\/super-seeds.se\/#organization"},"potentialAction":[{"@type":"SearchAction","target":{"@type":"EntryPoint","urlTemplate":"https:\/\/super-seeds.se\/?s={search_term_string}"},"query-input":{"@type":"PropertyValueSpecification","valueRequired":true,"valueName":"search_term_string"}}],"inLanguage":"sv-SE"},{"@type":"Organization","@id":"https:\/\/super-seeds.se\/#organization","name":"Superseeds.com","url":"https:\/\/super-seeds.se\/","logo":{"@type":"ImageObject","inLanguage":"sv-SE","@id":"https:\/\/super-seeds.se\/#\/schema\/logo\/image\/","url":"https:\/\/superseeds.dk\/wp-content\/uploads\/2025\/09\/logo-superseeds.png","contentUrl":"https:\/\/superseeds.dk\/wp-content\/uploads\/2025\/09\/logo-superseeds.png","width":180,"height":160,"caption":"Superseeds.dk"},"image":{"@id":"https:\/\/super-seeds.se\/#\/schema\/logo\/image\/"}}]}},"df_price":99,"df_sale_price":99,"df_regular_price":129,"df_image_link":"https:\/\/superseeds.dk\/wp-content\/uploads\/2025\/03\/Magisk-Stjernehimmel-Lampe-1024x1024.png","_links":{"self":[{"href":"https:\/\/superseeds.dk\/se\/wp-json\/wp\/v2\/product\/61918","targetHints":{"allow":["GET"]}}],"collection":[{"href":"https:\/\/superseeds.dk\/se\/wp-json\/wp\/v2\/product"}],"about":[{"href":"https:\/\/superseeds.dk\/se\/wp-json\/wp\/v2\/types\/product"}],"wp:featuredmedia":[{"embeddable":true,"href":"https:\/\/superseeds.dk\/se\/wp-json\/wp\/v2\/media\/62063"}],"wp:attachment":[{"href":"https:\/\/superseeds.dk\/se\/wp-json\/wp\/v2\/media?parent=61918"}],"wp:term":[{"taxonomy":"product_brand","embeddable":true,"href":"https:\/\/superseeds.dk\/se\/wp-json\/wp\/v2\/product_brand?post=61918"},{"taxonomy":"product_cat","embeddable":true,"href":"https:\/\/superseeds.dk\/se\/wp-json\/wp\/v2\/product_cat?post=61918"},{"taxonomy":"product_tag","embeddable":true,"href":"https:\/\/superseeds.dk\/se\/wp-json\/wp\/v2\/product_tag?post=61918"}],"curies":[{"name":"wp","href":"https:\/\/api.w.org\/{rel}","templated":true}]}}