{"id":61560,"date":"2025-03-08T07:33:30","date_gmt":"2025-03-08T06:33:30","guid":{"rendered":"https:\/\/superseeds.dk\/vare\/komplet-basic-kit-startpakke-big-plant-science\/"},"modified":"2025-11-27T11:28:20","modified_gmt":"2025-11-27T10:28:20","slug":"komplett-baspaket-startpaket-stor-vaxtvetenskap","status":"publish","type":"product","link":"https:\/\/superseeds.dk\/se\/produkt\/komplett-baspaket-startpaket-stor-vaxtvetenskap\/","title":{"rendered":"Komplett startpaket f\u00f6r basutrustning - Big Plant Science"},"content":{"rendered":"<h2>Beskrivning<\/h2>\n<p>Detta produktpaket med 1 eller 5 liters baspaket \u00e4r perfekt f\u00f6r alla som vill ha kraftig tillv\u00e4xt och blomning i sina v\u00e4xter. F\u00f6rpackningen inneh\u00e5ller fem noggrant utvalda produkter:\u00a0<strong>STOR V\u00c4XT<\/strong>,\u00a0<strong>STOR BLOMST<\/strong>,\u00a0<strong>STOR KALCIUM<\/strong>och tv\u00e5 tillsatser,\u00a0<strong>STORA R\u00d6TTER<\/strong>\u00a0och\u00a0<strong>STORA BLOMMOR<\/strong>som tillsammans t\u00e4cker alla stadier av v\u00e4xttillv\u00e4xt. Varje produkt \u00e4r utformad f\u00f6r att fr\u00e4mja sund tillv\u00e4xt, starka r\u00f6tter och riklig blomning s\u00e5 att dina v\u00e4xter trivs fr\u00e5n b\u00f6rjan till slut. Med det h\u00e4r baspaketet f\u00e5r du allt du beh\u00f6ver f\u00f6r att st\u00f6dja dina v\u00e4xter i deras naturliga utveckling och maximera deras potential.\u00a0<strong>Produktinformation:<\/strong><\/p>\n<ul>\n<li><strong>STOR TILLV\u00c4XT:<\/strong>\u00a0Fr\u00e4mjar en sund tillv\u00e4xt under den vegetativa fasen.<\/li>\n<li><strong>BIG BLOOM:<\/strong>\u00a0Optimerar blomningen med en h\u00f6g koncentration av viktiga n\u00e4rings\u00e4mnen.<\/li>\n<li><strong>STORT KALCIUM:<\/strong>\u00a0S\u00e4kerst\u00e4ller starka cellv\u00e4ggar och strukturell integritet.<\/li>\n<li><strong>STORA R\u00d6TTER:<\/strong>\u00a0St\u00e4rker rotsystemet och \u00f6kar n\u00e4ringsupptaget.<\/li>\n<li><strong>STORA BLOMMOR:<\/strong>\u00a0F\u00f6rb\u00e4ttrar blomutvecklingen och \u00f6kar sk\u00f6rden.<\/li>\n<\/ul>","protected":false},"excerpt":{"rendered":"<p>Detta produktpaket med 1 eller 5 liters baspaket \u00e4r perfekt f\u00f6r alla som vill ha kraftig tillv\u00e4xt och blomning i sina v\u00e4xter. F\u00f6rpackningen inneh\u00e5ller fem noggrant utvalda produkter:\u00a0<strong>STOR V\u00c4XT<\/strong>,\u00a0<strong>STOR BLOMST<\/strong>,\u00a0<strong>STOR KALCIUM<\/strong>och tv\u00e5 tillsatser,\u00a0<strong>STORA R\u00d6TTER<\/strong>\u00a0och\u00a0<strong>STORA BLOMMOR<\/strong>som tillsammans t\u00e4cker alla stadier av v\u00e4xttillv\u00e4xt. Varje produkt \u00e4r utformad f\u00f6r att fr\u00e4mja sund tillv\u00e4xt, starka r\u00f6tter och riklig blomning s\u00e5 att dina v\u00e4xter trivs fr\u00e5n b\u00f6rjan till slut. Med det h\u00e4r baspaketet f\u00e5r du allt du beh\u00f6ver f\u00f6r att st\u00f6dja dina v\u00e4xter i deras naturliga utveckling och maximera deras potential.<\/p>\n<p><strong>Produktinformation:<\/strong><\/p>\n<ul>\n<li><strong>STOR TILLV\u00c4XT:<\/strong>\u00a0Fr\u00e4mjar en sund tillv\u00e4xt under den vegetativa fasen.<\/li>\n<li><strong>BIG BLOOM:<\/strong>\u00a0Optimerar blomningen med en h\u00f6g koncentration av viktiga n\u00e4rings\u00e4mnen.<\/li>\n<li><strong>STORT KALCIUM:<\/strong>\u00a0S\u00e4kerst\u00e4ller starka cellv\u00e4ggar och strukturell integritet.<\/li>\n<li><strong>STORA R\u00d6TTER:<\/strong>\u00a0St\u00e4rker rotsystemet och \u00f6kar n\u00e4ringsupptaget.<\/li>\n<li><strong>STORA BLOMMOR:<\/strong>\u00a0F\u00f6rb\u00e4ttrar blomutvecklingen och \u00f6kar sk\u00f6rden.<\/li>\n<\/ul>","protected":false},"featured_media":68250,"template":"","meta":{"_acf_changed":false},"product_brand":[],"product_cat":[1837,1836],"product_tag":[],"class_list":{"0":"post-61560","1":"product","2":"type-product","3":"status-publish","4":"has-post-thumbnail","6":"product_cat-big-plant-science","7":"product_cat-plantegoedning","8":"pa_liter-1-l","9":"pa_liter-10-l","10":"pa_liter-25l","11":"pa_liter-5-l","13":"first","14":"instock","15":"taxable","16":"shipping-taxable","17":"purchasable","18":"product-type-variable","19":"wvs-archive-product-wrapper"},"acf":[],"yoast_head":"<!-- This site is optimized with the Yoast SEO plugin v26.9 - https:\/\/yoast.com\/product\/yoast-seo-wordpress\/ -->\n<title>Komplet Basic Kit Startpakke \u2013 Big Plant Science - Superseeds.dk<\/title>\n<meta name=\"robots\" content=\"index, follow, max-snippet:-1, max-image-preview:large, max-video-preview:-1\" \/>\n<link rel=\"canonical\" href=\"https:\/\/superseeds.dk\/se\/produkt\/komplett-baspaket-startpaket-stor-vaxtvetenskap\/\" \/>\n<meta property=\"og:locale\" content=\"sv_SE\" \/>\n<meta property=\"og:type\" content=\"article\" \/>\n<meta property=\"og:title\" content=\"Komplet Basic Kit Startpakke \u2013 Big Plant Science - Superseeds.dk\" \/>\n<meta property=\"og:description\" content=\"Denne 1 eller 5-liters basic bundle produktpakke er perfekt til alle, der \u00f8nsker kraftfuld v\u00e6kst og blomstring i deres planter. Pakken indeholder fem n\u00f8je udvalgte produkter:\u00a0BIG GROW,\u00a0BIG BLOOM,\u00a0BIG CALCIUM, samt to additiver,\u00a0BIG ROOTS\u00a0og\u00a0BIG FLOWERS, som tilsammen d\u00e6kker alle plantens v\u00e6kststadier. Hvert produkt er designet til at fremme sund v\u00e6kst, st\u00e6rke r\u00f8dder og rigelig blomstring, s\u00e5 dine planter trives fra start til slut. Med denne basispakke f\u00e5r du alt, hvad du har brug for til at st\u00f8tte dine planter i deres naturlige udvikling og maksimere deres potentiale.  Produktdetaljer:   BIG GROW:\u00a0Fremmer sund v\u00e6kst i den vegetative fase.  BIG BLOOM:\u00a0Optimerer blomstringen med en h\u00f8j koncentration af essentielle n\u00e6ringsstoffer.  BIG CALCIUM:\u00a0Sikrer st\u00e6rke cellev\u00e6gge og strukturel integritet.  BIG ROOTS:\u00a0Styrker rodsystemet og \u00f8ger optagelsen af n\u00e6ringsstoffer.  BIG FLOWERS:\u00a0Forbedrer blomsterudvikling og \u00f8ger udbyttet.\" \/>\n<meta property=\"og:url\" content=\"https:\/\/superseeds.dk\/se\/produkt\/komplett-baspaket-startpaket-stor-vaxtvetenskap\/\" \/>\n<meta property=\"og:site_name\" content=\"Superseeds.dk\" \/>\n<meta property=\"article:modified_time\" content=\"2025-11-27T10:28:20+00:00\" \/>\n<meta property=\"og:image\" content=\"https:\/\/super-seeds.no\/wp-content\/uploads\/2025\/05\/Big-Plant-Science-\u2013-Komplet-Kit-ny-.png\" \/>\n\t<meta property=\"og:image:width\" content=\"1080\" \/>\n\t<meta property=\"og:image:height\" content=\"1080\" \/>\n\t<meta property=\"og:image:type\" content=\"image\/png\" \/>\n<meta name=\"twitter:card\" content=\"summary_large_image\" \/>\n<meta name=\"twitter:label1\" content=\"Ber\u00e4knad l\u00e4stid\" \/>\n\t<meta name=\"twitter:data1\" content=\"1 minut\" \/>\n<script type=\"application\/ld+json\" class=\"yoast-schema-graph\">{\"@context\":\"https:\/\/schema.org\",\"@graph\":[{\"@type\":\"WebPage\",\"@id\":\"https:\/\/superseeds.dk\/vare\/komplet-basic-kit-startpakke-big-plant-science\/\",\"url\":\"https:\/\/superseeds.dk\/vare\/komplet-basic-kit-startpakke-big-plant-science\/\",\"name\":\"Komplet Basic Kit Startpakke \u2013 Big Plant Science - Superseeds.dk\",\"isPartOf\":{\"@id\":\"https:\/\/super-seeds.se\/#website\"},\"primaryImageOfPage\":{\"@id\":\"https:\/\/superseeds.dk\/vare\/komplet-basic-kit-startpakke-big-plant-science\/#primaryimage\"},\"image\":{\"@id\":\"https:\/\/superseeds.dk\/vare\/komplet-basic-kit-startpakke-big-plant-science\/#primaryimage\"},\"thumbnailUrl\":\"https:\/\/superseeds.dk\/wp-content\/uploads\/2025\/11\/Big-Plant-Science-\u2013-Komplet-Kit-ny-.webp\",\"datePublished\":\"2025-03-08T06:33:30+00:00\",\"dateModified\":\"2025-11-27T10:28:20+00:00\",\"breadcrumb\":{\"@id\":\"https:\/\/superseeds.dk\/vare\/komplet-basic-kit-startpakke-big-plant-science\/#breadcrumb\"},\"inLanguage\":\"sv-SE\",\"potentialAction\":[{\"@type\":\"ReadAction\",\"target\":[\"https:\/\/superseeds.dk\/vare\/komplet-basic-kit-startpakke-big-plant-science\/\"]}]},{\"@type\":\"ImageObject\",\"inLanguage\":\"sv-SE\",\"@id\":\"https:\/\/superseeds.dk\/vare\/komplet-basic-kit-startpakke-big-plant-science\/#primaryimage\",\"url\":\"https:\/\/superseeds.dk\/wp-content\/uploads\/2025\/11\/Big-Plant-Science-\u2013-Komplet-Kit-ny-.webp\",\"contentUrl\":\"https:\/\/superseeds.dk\/wp-content\/uploads\/2025\/11\/Big-Plant-Science-\u2013-Komplet-Kit-ny-.webp\",\"width\":1080,\"height\":1080},{\"@type\":\"BreadcrumbList\",\"@id\":\"https:\/\/superseeds.dk\/vare\/komplet-basic-kit-startpakke-big-plant-science\/#breadcrumb\",\"itemListElement\":[{\"@type\":\"ListItem\",\"position\":1,\"name\":\"Hjem\",\"item\":\"https:\/\/superseeds.dk\/\"},{\"@type\":\"ListItem\",\"position\":2,\"name\":\"Shop\",\"item\":\"https:\/\/superseeds.dk\/no\/butikk\/\"},{\"@type\":\"ListItem\",\"position\":3,\"name\":\"Komplet Basic Kit Startpakke \u2013 Big Plant Science\"}]},{\"@type\":\"WebSite\",\"@id\":\"https:\/\/super-seeds.se\/#website\",\"url\":\"https:\/\/super-seeds.se\/\",\"name\":\"Superseeds.dk\",\"description\":\"\",\"publisher\":{\"@id\":\"https:\/\/super-seeds.se\/#organization\"},\"potentialAction\":[{\"@type\":\"SearchAction\",\"target\":{\"@type\":\"EntryPoint\",\"urlTemplate\":\"https:\/\/super-seeds.se\/?s={search_term_string}\"},\"query-input\":{\"@type\":\"PropertyValueSpecification\",\"valueRequired\":true,\"valueName\":\"search_term_string\"}}],\"inLanguage\":\"sv-SE\"},{\"@type\":\"Organization\",\"@id\":\"https:\/\/super-seeds.se\/#organization\",\"name\":\"Superseeds.dk\",\"url\":\"https:\/\/super-seeds.se\/\",\"logo\":{\"@type\":\"ImageObject\",\"inLanguage\":\"sv-SE\",\"@id\":\"https:\/\/super-seeds.se\/#\/schema\/logo\/image\/\",\"url\":\"https:\/\/superseeds.dk\/wp-content\/uploads\/2025\/09\/logo-superseeds.png\",\"contentUrl\":\"https:\/\/superseeds.dk\/wp-content\/uploads\/2025\/09\/logo-superseeds.png\",\"width\":180,\"height\":160,\"caption\":\"Superseeds.dk\"},\"image\":{\"@id\":\"https:\/\/super-seeds.se\/#\/schema\/logo\/image\/\"}}]}<\/script>\n<!-- \/ Yoast SEO plugin. -->","yoast_head_json":{"title":"Komplett baspaket startpaket - Big Plant Science - Superseeds.dk","robots":{"index":"index","follow":"follow","max-snippet":"max-snippet:-1","max-image-preview":"max-image-preview:large","max-video-preview":"max-video-preview:-1"},"canonical":"https:\/\/superseeds.dk\/se\/produkt\/komplett-baspaket-startpaket-stor-vaxtvetenskap\/","og_locale":"sv_SE","og_type":"article","og_title":"Komplet Basic Kit Startpakke \u2013 Big Plant Science - Superseeds.dk","og_description":"Denne 1 eller 5-liters basic bundle produktpakke er perfekt til alle, der \u00f8nsker kraftfuld v\u00e6kst og blomstring i deres planter. Pakken indeholder fem n\u00f8je udvalgte produkter:\u00a0BIG GROW,\u00a0BIG BLOOM,\u00a0BIG CALCIUM, samt to additiver,\u00a0BIG ROOTS\u00a0og\u00a0BIG FLOWERS, som tilsammen d\u00e6kker alle plantens v\u00e6kststadier. Hvert produkt er designet til at fremme sund v\u00e6kst, st\u00e6rke r\u00f8dder og rigelig blomstring, s\u00e5 dine planter trives fra start til slut. Med denne basispakke f\u00e5r du alt, hvad du har brug for til at st\u00f8tte dine planter i deres naturlige udvikling og maksimere deres potentiale.  Produktdetaljer:   BIG GROW:\u00a0Fremmer sund v\u00e6kst i den vegetative fase.  BIG BLOOM:\u00a0Optimerer blomstringen med en h\u00f8j koncentration af essentielle n\u00e6ringsstoffer.  BIG CALCIUM:\u00a0Sikrer st\u00e6rke cellev\u00e6gge og strukturel integritet.  BIG ROOTS:\u00a0Styrker rodsystemet og \u00f8ger optagelsen af n\u00e6ringsstoffer.  BIG FLOWERS:\u00a0Forbedrer blomsterudvikling og \u00f8ger udbyttet.","og_url":"https:\/\/superseeds.dk\/se\/produkt\/komplett-baspaket-startpaket-stor-vaxtvetenskap\/","og_site_name":"Superseeds.dk","article_modified_time":"2025-11-27T10:28:20+00:00","og_image":[{"width":1080,"height":1080,"url":"https:\/\/super-seeds.no\/wp-content\/uploads\/2025\/05\/Big-Plant-Science-\u2013-Komplet-Kit-ny-.png","type":"image\/png"}],"twitter_card":"summary_large_image","twitter_misc":{"Ber\u00e4knad l\u00e4stid":"1 minut"},"schema":{"@context":"https:\/\/schema.org","@graph":[{"@type":"WebPage","@id":"https:\/\/superseeds.dk\/vare\/komplet-basic-kit-startpakke-big-plant-science\/","url":"https:\/\/superseeds.dk\/vare\/komplet-basic-kit-startpakke-big-plant-science\/","name":"Komplett baspaket startpaket - Big Plant Science - Superseeds.dk","isPartOf":{"@id":"https:\/\/super-seeds.se\/#website"},"primaryImageOfPage":{"@id":"https:\/\/superseeds.dk\/vare\/komplet-basic-kit-startpakke-big-plant-science\/#primaryimage"},"image":{"@id":"https:\/\/superseeds.dk\/vare\/komplet-basic-kit-startpakke-big-plant-science\/#primaryimage"},"thumbnailUrl":"https:\/\/superseeds.dk\/wp-content\/uploads\/2025\/11\/Big-Plant-Science-\u2013-Komplet-Kit-ny-.webp","datePublished":"2025-03-08T06:33:30+00:00","dateModified":"2025-11-27T10:28:20+00:00","breadcrumb":{"@id":"https:\/\/superseeds.dk\/vare\/komplet-basic-kit-startpakke-big-plant-science\/#breadcrumb"},"inLanguage":"sv-SE","potentialAction":[{"@type":"ReadAction","target":["https:\/\/superseeds.dk\/vare\/komplet-basic-kit-startpakke-big-plant-science\/"]}]},{"@type":"ImageObject","inLanguage":"sv-SE","@id":"https:\/\/superseeds.dk\/vare\/komplet-basic-kit-startpakke-big-plant-science\/#primaryimage","url":"https:\/\/superseeds.dk\/wp-content\/uploads\/2025\/11\/Big-Plant-Science-\u2013-Komplet-Kit-ny-.webp","contentUrl":"https:\/\/superseeds.dk\/wp-content\/uploads\/2025\/11\/Big-Plant-Science-\u2013-Komplet-Kit-ny-.webp","width":1080,"height":1080},{"@type":"BreadcrumbList","@id":"https:\/\/superseeds.dk\/vare\/komplet-basic-kit-startpakke-big-plant-science\/#breadcrumb","itemListElement":[{"@type":"ListItem","position":1,"name":"Hjem","item":"https:\/\/superseeds.dk\/"},{"@type":"ListItem","position":2,"name":"Shop","item":"https:\/\/superseeds.dk\/no\/butikk\/"},{"@type":"ListItem","position":3,"name":"Komplet Basic Kit Startpakke \u2013 Big Plant Science"}]},{"@type":"WebSite","@id":"https:\/\/super-seeds.se\/#website","url":"https:\/\/super-seeds.se\/","name":"Superseeds.com","description":"","publisher":{"@id":"https:\/\/super-seeds.se\/#organization"},"potentialAction":[{"@type":"SearchAction","target":{"@type":"EntryPoint","urlTemplate":"https:\/\/super-seeds.se\/?s={search_term_string}"},"query-input":{"@type":"PropertyValueSpecification","valueRequired":true,"valueName":"search_term_string"}}],"inLanguage":"sv-SE"},{"@type":"Organization","@id":"https:\/\/super-seeds.se\/#organization","name":"Superseeds.com","url":"https:\/\/super-seeds.se\/","logo":{"@type":"ImageObject","inLanguage":"sv-SE","@id":"https:\/\/super-seeds.se\/#\/schema\/logo\/image\/","url":"https:\/\/superseeds.dk\/wp-content\/uploads\/2025\/09\/logo-superseeds.png","contentUrl":"https:\/\/superseeds.dk\/wp-content\/uploads\/2025\/09\/logo-superseeds.png","width":180,"height":160,"caption":"Superseeds.dk"},"image":{"@id":"https:\/\/super-seeds.se\/#\/schema\/logo\/image\/"}}]}},"df_price":879,"df_sale_price":"","df_regular_price":879,"df_image_link":"https:\/\/superseeds.dk\/wp-content\/uploads\/2025\/11\/Big-Plant-Science-\u2013-Komplet-Kit-ny--1024x1024.webp","_links":{"self":[{"href":"https:\/\/superseeds.dk\/se\/wp-json\/wp\/v2\/product\/61560","targetHints":{"allow":["GET"]}}],"collection":[{"href":"https:\/\/superseeds.dk\/se\/wp-json\/wp\/v2\/product"}],"about":[{"href":"https:\/\/superseeds.dk\/se\/wp-json\/wp\/v2\/types\/product"}],"wp:featuredmedia":[{"embeddable":true,"href":"https:\/\/superseeds.dk\/se\/wp-json\/wp\/v2\/media\/68250"}],"wp:attachment":[{"href":"https:\/\/superseeds.dk\/se\/wp-json\/wp\/v2\/media?parent=61560"}],"wp:term":[{"taxonomy":"product_brand","embeddable":true,"href":"https:\/\/superseeds.dk\/se\/wp-json\/wp\/v2\/product_brand?post=61560"},{"taxonomy":"product_cat","embeddable":true,"href":"https:\/\/superseeds.dk\/se\/wp-json\/wp\/v2\/product_cat?post=61560"},{"taxonomy":"product_tag","embeddable":true,"href":"https:\/\/superseeds.dk\/se\/wp-json\/wp\/v2\/product_tag?post=61560"}],"curies":[{"name":"wp","href":"https:\/\/api.w.org\/{rel}","templated":true}]}}