{"id":61368,"date":"2025-02-28T12:02:55","date_gmt":"2025-02-28T11:02:55","guid":{"rendered":"https:\/\/superseeds.dk\/vare\/fiskars-beskaeresaks\/"},"modified":"2025-03-09T15:12:32","modified_gmt":"2025-03-09T14:12:32","slug":"fiskars-beskaeresaks","status":"publish","type":"product","link":"https:\/\/superseeds.dk\/se\/produkt\/fiskars-beskaeresaks\/","title":{"rendered":"Fiskars Besk\u00e6resaks"},"content":{"rendered":"<p>Fiskars besk\u00e6resaks er ideel til besk\u00e6ring af tynde og kraftigere grene med en diameter op til 24 mm. Den har en smart l\u00e5semekanisme, som kan betjenes med en h\u00e5nd, og det g\u00f8r det sikkert at bruge og opbevare besk\u00e6resaksen. Den har et ergonomisk design og er med behagelige soft grip h\u00e5ndtag, som g\u00f8r besk\u00e6ring til en forn\u00f8jelse. God saks til prisen.<\/p>\n<p>Den ene klinge er med klip-let antikl\u00e6bebel\u00e6gning.<\/p>\n<p>Besk\u00e6resaksen har en l\u00e6ngde p\u00e5 21 cm.<\/p>","protected":false},"excerpt":{"rendered":"<p>Fiskars besk\u00e6resaks er ideel til besk\u00e6ring af tynde og kraftigere grene med en diameter op til 24 mm. Den har en smart l\u00e5semekanisme, som kan betjenes med en h\u00e5nd, og det g\u00f8r det sikkert at bruge og opbevare besk\u00e6resaksen. Den har et ergonomisk design og er med behagelige soft grip h\u00e5ndtag, som g\u00f8r besk\u00e6ring til en forn\u00f8jelse.<\/p>\n<p>Den ene klinge er med klip-let antikl\u00e6bebel\u00e6gning.<\/p>\n<p>Besk\u00e6resaksen har en l\u00e6ngde p\u00e5 21 cm.<\/p>","protected":false},"featured_media":61592,"template":"","meta":{"_acf_changed":false},"product_brand":[],"product_cat":[2058,1815,1829,2059],"product_tag":[],"class_list":{"0":"post-61368","1":"product","2":"type-product","3":"status-publish","4":"has-post-thumbnail","6":"product_cat-diverse","7":"product_cat-groudstyr","8":"product_cat-microgreens","9":"product_cat-sakse-vaerktoejer","11":"first","12":"instock","13":"sale","14":"taxable","15":"shipping-taxable","16":"purchasable","17":"product-type-simple"},"acf":[],"yoast_head":"<!-- This site is optimized with the Yoast SEO plugin v26.9 - https:\/\/yoast.com\/product\/yoast-seo-wordpress\/ -->\n<title>Fiskars Besk\u00e6resaks - Superseeds.dk<\/title>\n<meta name=\"robots\" content=\"index, follow, max-snippet:-1, max-image-preview:large, max-video-preview:-1\" \/>\n<link rel=\"canonical\" href=\"https:\/\/superseeds.dk\/se\/produkt\/fiskars-beskaeresaks\/\" \/>\n<meta property=\"og:locale\" content=\"sv_SE\" \/>\n<meta property=\"og:type\" content=\"article\" \/>\n<meta property=\"og:title\" content=\"Fiskars Besk\u00e6resaks - Superseeds.dk\" \/>\n<meta property=\"og:description\" content=\"Fiskars besk\u00e6resaks er ideel til besk\u00e6ring af tynde og kraftigere grene med en diameter op til 24 mm. Den har en smart l\u00e5semekanisme, som kan betjenes med en h\u00e5nd, og det g\u00f8r det sikkert at bruge og opbevare besk\u00e6resaksen. Den har et ergonomisk design og er med behagelige soft grip h\u00e5ndtag, som g\u00f8r besk\u00e6ring til en forn\u00f8jelse.  Den ene klinge er med klip-let antikl\u00e6bebel\u00e6gning.  Besk\u00e6resaksen har en l\u00e6ngde p\u00e5 21 cm.\" \/>\n<meta property=\"og:url\" content=\"https:\/\/superseeds.dk\/se\/produkt\/fiskars-beskaeresaks\/\" \/>\n<meta property=\"og:site_name\" content=\"Superseeds.dk\" \/>\n<meta property=\"article:modified_time\" content=\"2025-03-09T14:12:32+00:00\" \/>\n<meta property=\"og:image\" content=\"https:\/\/superseeds.dk\/wp-content\/uploads\/2025\/03\/Fiskars-Beskaeresaks.png\" \/>\n\t<meta property=\"og:image:width\" content=\"1080\" \/>\n\t<meta property=\"og:image:height\" content=\"1080\" \/>\n\t<meta property=\"og:image:type\" content=\"image\/png\" \/>\n<meta name=\"twitter:card\" content=\"summary_large_image\" \/>\n<script type=\"application\/ld+json\" class=\"yoast-schema-graph\">{\"@context\":\"https:\/\/schema.org\",\"@graph\":[{\"@type\":\"WebPage\",\"@id\":\"https:\/\/superseeds.dk\/vare\/fiskars-beskaeresaks\/\",\"url\":\"https:\/\/superseeds.dk\/vare\/fiskars-beskaeresaks\/\",\"name\":\"Fiskars Besk\u00e6resaks - Superseeds.dk\",\"isPartOf\":{\"@id\":\"https:\/\/super-seeds.se\/#website\"},\"primaryImageOfPage\":{\"@id\":\"https:\/\/superseeds.dk\/vare\/fiskars-beskaeresaks\/#primaryimage\"},\"image\":{\"@id\":\"https:\/\/superseeds.dk\/vare\/fiskars-beskaeresaks\/#primaryimage\"},\"thumbnailUrl\":\"https:\/\/superseeds.dk\/wp-content\/uploads\/2025\/03\/Fiskars-Beskaeresaks.png\",\"datePublished\":\"2025-02-28T11:02:55+00:00\",\"dateModified\":\"2025-03-09T14:12:32+00:00\",\"breadcrumb\":{\"@id\":\"https:\/\/superseeds.dk\/vare\/fiskars-beskaeresaks\/#breadcrumb\"},\"inLanguage\":\"sv-SE\",\"potentialAction\":[{\"@type\":\"ReadAction\",\"target\":[\"https:\/\/superseeds.dk\/vare\/fiskars-beskaeresaks\/\"]}]},{\"@type\":\"ImageObject\",\"inLanguage\":\"sv-SE\",\"@id\":\"https:\/\/superseeds.dk\/vare\/fiskars-beskaeresaks\/#primaryimage\",\"url\":\"https:\/\/superseeds.dk\/wp-content\/uploads\/2025\/03\/Fiskars-Beskaeresaks.png\",\"contentUrl\":\"https:\/\/superseeds.dk\/wp-content\/uploads\/2025\/03\/Fiskars-Beskaeresaks.png\",\"width\":1080,\"height\":1080},{\"@type\":\"BreadcrumbList\",\"@id\":\"https:\/\/superseeds.dk\/vare\/fiskars-beskaeresaks\/#breadcrumb\",\"itemListElement\":[{\"@type\":\"ListItem\",\"position\":1,\"name\":\"Hjem\",\"item\":\"https:\/\/superseeds.dk\/\"},{\"@type\":\"ListItem\",\"position\":2,\"name\":\"Shop\",\"item\":\"https:\/\/superseeds.dk\/no\/butikk\/\"},{\"@type\":\"ListItem\",\"position\":3,\"name\":\"Fiskars Besk\u00e6resaks\"}]},{\"@type\":\"WebSite\",\"@id\":\"https:\/\/super-seeds.se\/#website\",\"url\":\"https:\/\/super-seeds.se\/\",\"name\":\"Superseeds.dk\",\"description\":\"\",\"publisher\":{\"@id\":\"https:\/\/super-seeds.se\/#organization\"},\"potentialAction\":[{\"@type\":\"SearchAction\",\"target\":{\"@type\":\"EntryPoint\",\"urlTemplate\":\"https:\/\/super-seeds.se\/?s={search_term_string}\"},\"query-input\":{\"@type\":\"PropertyValueSpecification\",\"valueRequired\":true,\"valueName\":\"search_term_string\"}}],\"inLanguage\":\"sv-SE\"},{\"@type\":\"Organization\",\"@id\":\"https:\/\/super-seeds.se\/#organization\",\"name\":\"Superseeds.dk\",\"url\":\"https:\/\/super-seeds.se\/\",\"logo\":{\"@type\":\"ImageObject\",\"inLanguage\":\"sv-SE\",\"@id\":\"https:\/\/super-seeds.se\/#\/schema\/logo\/image\/\",\"url\":\"https:\/\/superseeds.dk\/wp-content\/uploads\/2025\/09\/logo-superseeds.png\",\"contentUrl\":\"https:\/\/superseeds.dk\/wp-content\/uploads\/2025\/09\/logo-superseeds.png\",\"width\":180,\"height\":160,\"caption\":\"Superseeds.dk\"},\"image\":{\"@id\":\"https:\/\/super-seeds.se\/#\/schema\/logo\/image\/\"}}]}<\/script>\n<!-- \/ Yoast SEO plugin. -->","yoast_head_json":{"title":"Fiskars Besk\u00e6resaks - Superseeds.dk","robots":{"index":"index","follow":"follow","max-snippet":"max-snippet:-1","max-image-preview":"max-image-preview:large","max-video-preview":"max-video-preview:-1"},"canonical":"https:\/\/superseeds.dk\/se\/produkt\/fiskars-beskaeresaks\/","og_locale":"sv_SE","og_type":"article","og_title":"Fiskars Besk\u00e6resaks - Superseeds.dk","og_description":"Fiskars besk\u00e6resaks er ideel til besk\u00e6ring af tynde og kraftigere grene med en diameter op til 24 mm. Den har en smart l\u00e5semekanisme, som kan betjenes med en h\u00e5nd, og det g\u00f8r det sikkert at bruge og opbevare besk\u00e6resaksen. Den har et ergonomisk design og er med behagelige soft grip h\u00e5ndtag, som g\u00f8r besk\u00e6ring til en forn\u00f8jelse.  Den ene klinge er med klip-let antikl\u00e6bebel\u00e6gning.  Besk\u00e6resaksen har en l\u00e6ngde p\u00e5 21 cm.","og_url":"https:\/\/superseeds.dk\/se\/produkt\/fiskars-beskaeresaks\/","og_site_name":"Superseeds.dk","article_modified_time":"2025-03-09T14:12:32+00:00","og_image":[{"width":1080,"height":1080,"url":"https:\/\/superseeds.dk\/wp-content\/uploads\/2025\/03\/Fiskars-Beskaeresaks.png","type":"image\/png"}],"twitter_card":"summary_large_image","schema":{"@context":"https:\/\/schema.org","@graph":[{"@type":"WebPage","@id":"https:\/\/superseeds.dk\/vare\/fiskars-beskaeresaks\/","url":"https:\/\/superseeds.dk\/vare\/fiskars-beskaeresaks\/","name":"Fiskars Besk\u00e6resaks - Superseeds.dk","isPartOf":{"@id":"https:\/\/super-seeds.se\/#website"},"primaryImageOfPage":{"@id":"https:\/\/superseeds.dk\/vare\/fiskars-beskaeresaks\/#primaryimage"},"image":{"@id":"https:\/\/superseeds.dk\/vare\/fiskars-beskaeresaks\/#primaryimage"},"thumbnailUrl":"https:\/\/superseeds.dk\/wp-content\/uploads\/2025\/03\/Fiskars-Beskaeresaks.png","datePublished":"2025-02-28T11:02:55+00:00","dateModified":"2025-03-09T14:12:32+00:00","breadcrumb":{"@id":"https:\/\/superseeds.dk\/vare\/fiskars-beskaeresaks\/#breadcrumb"},"inLanguage":"sv-SE","potentialAction":[{"@type":"ReadAction","target":["https:\/\/superseeds.dk\/vare\/fiskars-beskaeresaks\/"]}]},{"@type":"ImageObject","inLanguage":"sv-SE","@id":"https:\/\/superseeds.dk\/vare\/fiskars-beskaeresaks\/#primaryimage","url":"https:\/\/superseeds.dk\/wp-content\/uploads\/2025\/03\/Fiskars-Beskaeresaks.png","contentUrl":"https:\/\/superseeds.dk\/wp-content\/uploads\/2025\/03\/Fiskars-Beskaeresaks.png","width":1080,"height":1080},{"@type":"BreadcrumbList","@id":"https:\/\/superseeds.dk\/vare\/fiskars-beskaeresaks\/#breadcrumb","itemListElement":[{"@type":"ListItem","position":1,"name":"Hjem","item":"https:\/\/superseeds.dk\/"},{"@type":"ListItem","position":2,"name":"Shop","item":"https:\/\/superseeds.dk\/no\/butikk\/"},{"@type":"ListItem","position":3,"name":"Fiskars Besk\u00e6resaks"}]},{"@type":"WebSite","@id":"https:\/\/super-seeds.se\/#website","url":"https:\/\/super-seeds.se\/","name":"Superseeds.com","description":"","publisher":{"@id":"https:\/\/super-seeds.se\/#organization"},"potentialAction":[{"@type":"SearchAction","target":{"@type":"EntryPoint","urlTemplate":"https:\/\/super-seeds.se\/?s={search_term_string}"},"query-input":{"@type":"PropertyValueSpecification","valueRequired":true,"valueName":"search_term_string"}}],"inLanguage":"sv-SE"},{"@type":"Organization","@id":"https:\/\/super-seeds.se\/#organization","name":"Superseeds.com","url":"https:\/\/super-seeds.se\/","logo":{"@type":"ImageObject","inLanguage":"sv-SE","@id":"https:\/\/super-seeds.se\/#\/schema\/logo\/image\/","url":"https:\/\/superseeds.dk\/wp-content\/uploads\/2025\/09\/logo-superseeds.png","contentUrl":"https:\/\/superseeds.dk\/wp-content\/uploads\/2025\/09\/logo-superseeds.png","width":180,"height":160,"caption":"Superseeds.dk"},"image":{"@id":"https:\/\/super-seeds.se\/#\/schema\/logo\/image\/"}}]}},"df_price":129.95,"df_sale_price":129.95,"df_regular_price":149.95,"df_image_link":"https:\/\/superseeds.dk\/wp-content\/uploads\/2025\/03\/Fiskars-Beskaeresaks-1024x1024.png","_links":{"self":[{"href":"https:\/\/superseeds.dk\/se\/wp-json\/wp\/v2\/product\/61368","targetHints":{"allow":["GET"]}}],"collection":[{"href":"https:\/\/superseeds.dk\/se\/wp-json\/wp\/v2\/product"}],"about":[{"href":"https:\/\/superseeds.dk\/se\/wp-json\/wp\/v2\/types\/product"}],"wp:featuredmedia":[{"embeddable":true,"href":"https:\/\/superseeds.dk\/se\/wp-json\/wp\/v2\/media\/61592"}],"wp:attachment":[{"href":"https:\/\/superseeds.dk\/se\/wp-json\/wp\/v2\/media?parent=61368"}],"wp:term":[{"taxonomy":"product_brand","embeddable":true,"href":"https:\/\/superseeds.dk\/se\/wp-json\/wp\/v2\/product_brand?post=61368"},{"taxonomy":"product_cat","embeddable":true,"href":"https:\/\/superseeds.dk\/se\/wp-json\/wp\/v2\/product_cat?post=61368"},{"taxonomy":"product_tag","embeddable":true,"href":"https:\/\/superseeds.dk\/se\/wp-json\/wp\/v2\/product_tag?post=61368"}],"curies":[{"name":"wp","href":"https:\/\/api.w.org\/{rel}","templated":true}]}}