{"id":61345,"date":"2025-02-28T11:08:07","date_gmt":"2025-02-28T10:08:07","guid":{"rendered":"https:\/\/superseeds.dk\/vare\/banger-med-carp-cap-sg14\/"},"modified":"2025-10-30T12:33:18","modified_gmt":"2025-10-30T11:33:18","slug":"banger-med-carp-cap-sg14","status":"publish","type":"product","link":"https:\/\/superseeds.dk\/se\/produkt\/banger-med-carp-cap-sg14\/","title":{"rendered":"Banger med Carp-lock SG14"},"content":{"rendered":"<p>Dabbing-set i en praktisk metallburk inneh\u00e5ller en banger och ett matchande kolvlock av v\u00e4rmet\u00e5ligt glas.<\/p>\n<p>Om du har en bong med SG14 g\u00f6r det h\u00e4r kitet det enkelt att konvertera din gamla bong till en dabrig.<\/p>\n<p>Placera helt enkelt bangern p\u00e5 glasbongarna i st\u00e4llet f\u00f6r p\u00e5 det vanliga huvudet, v\u00e4rm bangern kraftigt p\u00e5 undersidan med br\u00e4nnaren och tills\u00e4tt sedan olja\/vax i bangern med ett verktyg.<\/p>\n<p>Carb Cap anv\u00e4nds under inandning f\u00f6r att minimera luftfl\u00f6det och producera mer r\u00f6k.<\/p>\n<p><em>F\u00f6rsiktighets\u00e5tg\u00e4rder:<\/em><br \/>\n<em>V\u00e4rm endast upp slipmaskinen p\u00e5 undersidan, annars finns det risk f\u00f6r att slipmedlet g\u00e5r s\u00f6nder n\u00e4r materialet expanderar.<\/em><\/p>\n<p>SG14<\/p>","protected":false},"excerpt":{"rendered":"<p>Dabbing-set i en praktisk metallburk inneh\u00e5ller en banger och ett matchande kolvlock av v\u00e4rmet\u00e5ligt glas.<\/p>\n<p>Om du har en bong med SG14 g\u00f6r det h\u00e4r kitet det enkelt att konvertera din gamla bong till en dabrig.<\/p>\n<p>Placera helt enkelt bangern p\u00e5 glasbongarna i st\u00e4llet f\u00f6r p\u00e5 det vanliga huvudet, v\u00e4rm bangern kraftigt p\u00e5 undersidan med br\u00e4nnaren och tills\u00e4tt sedan olja\/vax i bangern med ett verktyg.<\/p>\n<p>Carb Cap anv\u00e4nds under inandning f\u00f6r att minimera luftfl\u00f6det och producera mer r\u00f6k.<\/p>\n<p>F\u00f6rsiktighets\u00e5tg\u00e4rder:<br \/>\nV\u00e4rm endast upp slipmaskinen p\u00e5 undersidan, annars finns det risk f\u00f6r att slipmedlet g\u00e5r s\u00f6nder n\u00e4r materialet expanderar.<\/p>\n<p>SG14<\/p>","protected":false},"featured_media":66938,"template":"","meta":{"_acf_changed":false},"product_brand":[],"product_cat":[2188,1990,1795],"product_tag":[],"class_list":{"0":"post-61345","1":"product","2":"type-product","3":"status-publish","4":"has-post-thumbnail","6":"product_cat-bong-dab-tilbehoer","7":"product_cat-bonger","8":"product_cat-headshop","10":"first","11":"instock","12":"taxable","13":"shipping-taxable","14":"purchasable","15":"product-type-simple"},"acf":[],"yoast_head":"<!-- This site is optimized with the Yoast SEO plugin v26.9 - https:\/\/yoast.com\/product\/yoast-seo-wordpress\/ -->\n<title>Banger med Carp cap SG14 - Superseeds.dk<\/title>\n<meta name=\"robots\" content=\"index, follow, max-snippet:-1, max-image-preview:large, max-video-preview:-1\" \/>\n<link rel=\"canonical\" href=\"https:\/\/superseeds.dk\/se\/produkt\/banger-med-carp-cap-sg14\/\" \/>\n<meta property=\"og:locale\" content=\"sv_SE\" \/>\n<meta property=\"og:type\" content=\"article\" \/>\n<meta property=\"og:title\" content=\"Banger med Carp cap SG14 - Superseeds.dk\" \/>\n<meta property=\"og:description\" content=\"Dabbing s\u00e6t i praktisk metald\u00e5se indeholder en banger og en matchende carb cap lavet af meget varmebestandigt glas.  Hvis du har en bong med SG14 er dette s\u00e6t nemt at konventere din gamle bong til en dabrig.  Placer blot bangeren p\u00e5 glasbongen i stedet for det normale hoved, varm bangeren kraftigt op p\u00e5 undersiden med br\u00e6nderen og tilf\u00f8j derefter olien\/voksen i bangeren med et tool.  Carb Cap bruges under indhalering for at minimere lufttilf\u00f8rslen og producere mere r\u00f8g.  Forsigtighed: Bangeren m\u00e5 kun opvarmes p\u00e5 undersiden, ellers er der risiko for, at slibningen g\u00e5r i stykker ved udvidelse af materialet.  SG14\" \/>\n<meta property=\"og:url\" content=\"https:\/\/superseeds.dk\/se\/produkt\/banger-med-carp-cap-sg14\/\" \/>\n<meta property=\"og:site_name\" content=\"Superseeds.dk\" \/>\n<meta property=\"article:modified_time\" content=\"2025-10-30T11:33:18+00:00\" \/>\n<meta property=\"og:image\" content=\"https:\/\/www.super-seeds.se\/wp-content\/uploads\/2025\/03\/Banger-med-Carp-cap-SG14.png\" \/>\n\t<meta property=\"og:image:width\" content=\"1080\" \/>\n\t<meta property=\"og:image:height\" content=\"1080\" \/>\n\t<meta property=\"og:image:type\" content=\"image\/png\" \/>\n<meta name=\"twitter:card\" content=\"summary_large_image\" \/>\n<meta name=\"twitter:label1\" content=\"Ber\u00e4knad l\u00e4stid\" \/>\n\t<meta name=\"twitter:data1\" content=\"1 minut\" \/>\n<script type=\"application\/ld+json\" class=\"yoast-schema-graph\">{\"@context\":\"https:\/\/schema.org\",\"@graph\":[{\"@type\":\"WebPage\",\"@id\":\"https:\/\/superseeds.dk\/vare\/banger-med-carp-cap-sg14\/\",\"url\":\"https:\/\/superseeds.dk\/vare\/banger-med-carp-cap-sg14\/\",\"name\":\"Banger med Carp cap SG14 - Superseeds.dk\",\"isPartOf\":{\"@id\":\"https:\/\/super-seeds.se\/#website\"},\"primaryImageOfPage\":{\"@id\":\"https:\/\/superseeds.dk\/vare\/banger-med-carp-cap-sg14\/#primaryimage\"},\"image\":{\"@id\":\"https:\/\/superseeds.dk\/vare\/banger-med-carp-cap-sg14\/#primaryimage\"},\"thumbnailUrl\":\"https:\/\/superseeds.dk\/wp-content\/uploads\/2025\/10\/Banger-med-Carp-cap-SG14.png\",\"datePublished\":\"2025-02-28T10:08:07+00:00\",\"dateModified\":\"2025-10-30T11:33:18+00:00\",\"breadcrumb\":{\"@id\":\"https:\/\/superseeds.dk\/vare\/banger-med-carp-cap-sg14\/#breadcrumb\"},\"inLanguage\":\"sv-SE\",\"potentialAction\":[{\"@type\":\"ReadAction\",\"target\":[\"https:\/\/superseeds.dk\/vare\/banger-med-carp-cap-sg14\/\"]}]},{\"@type\":\"ImageObject\",\"inLanguage\":\"sv-SE\",\"@id\":\"https:\/\/superseeds.dk\/vare\/banger-med-carp-cap-sg14\/#primaryimage\",\"url\":\"https:\/\/superseeds.dk\/wp-content\/uploads\/2025\/10\/Banger-med-Carp-cap-SG14.png\",\"contentUrl\":\"https:\/\/superseeds.dk\/wp-content\/uploads\/2025\/10\/Banger-med-Carp-cap-SG14.png\",\"width\":1080,\"height\":1080},{\"@type\":\"BreadcrumbList\",\"@id\":\"https:\/\/superseeds.dk\/vare\/banger-med-carp-cap-sg14\/#breadcrumb\",\"itemListElement\":[{\"@type\":\"ListItem\",\"position\":1,\"name\":\"Hjem\",\"item\":\"https:\/\/superseeds.dk\/\"},{\"@type\":\"ListItem\",\"position\":2,\"name\":\"Shop\",\"item\":\"https:\/\/superseeds.dk\/no\/butikk\/\"},{\"@type\":\"ListItem\",\"position\":3,\"name\":\"Banger med Carp cap SG14\"}]},{\"@type\":\"WebSite\",\"@id\":\"https:\/\/super-seeds.se\/#website\",\"url\":\"https:\/\/super-seeds.se\/\",\"name\":\"Superseeds.dk\",\"description\":\"\",\"publisher\":{\"@id\":\"https:\/\/super-seeds.se\/#organization\"},\"potentialAction\":[{\"@type\":\"SearchAction\",\"target\":{\"@type\":\"EntryPoint\",\"urlTemplate\":\"https:\/\/super-seeds.se\/?s={search_term_string}\"},\"query-input\":{\"@type\":\"PropertyValueSpecification\",\"valueRequired\":true,\"valueName\":\"search_term_string\"}}],\"inLanguage\":\"sv-SE\"},{\"@type\":\"Organization\",\"@id\":\"https:\/\/super-seeds.se\/#organization\",\"name\":\"Superseeds.dk\",\"url\":\"https:\/\/super-seeds.se\/\",\"logo\":{\"@type\":\"ImageObject\",\"inLanguage\":\"sv-SE\",\"@id\":\"https:\/\/super-seeds.se\/#\/schema\/logo\/image\/\",\"url\":\"https:\/\/superseeds.dk\/wp-content\/uploads\/2025\/09\/logo-superseeds.png\",\"contentUrl\":\"https:\/\/superseeds.dk\/wp-content\/uploads\/2025\/09\/logo-superseeds.png\",\"width\":180,\"height\":160,\"caption\":\"Superseeds.dk\"},\"image\":{\"@id\":\"https:\/\/super-seeds.se\/#\/schema\/logo\/image\/\"}}]}<\/script>\n<!-- \/ Yoast SEO plugin. -->","yoast_head_json":{"title":"Banger med Carp cap SG14 - Superseeds.dk","robots":{"index":"index","follow":"follow","max-snippet":"max-snippet:-1","max-image-preview":"max-image-preview:large","max-video-preview":"max-video-preview:-1"},"canonical":"https:\/\/superseeds.dk\/se\/produkt\/banger-med-carp-cap-sg14\/","og_locale":"sv_SE","og_type":"article","og_title":"Banger med Carp cap SG14 - Superseeds.dk","og_description":"Dabbing s\u00e6t i praktisk metald\u00e5se indeholder en banger og en matchende carb cap lavet af meget varmebestandigt glas.  Hvis du har en bong med SG14 er dette s\u00e6t nemt at konventere din gamle bong til en dabrig.  Placer blot bangeren p\u00e5 glasbongen i stedet for det normale hoved, varm bangeren kraftigt op p\u00e5 undersiden med br\u00e6nderen og tilf\u00f8j derefter olien\/voksen i bangeren med et tool.  Carb Cap bruges under indhalering for at minimere lufttilf\u00f8rslen og producere mere r\u00f8g.  Forsigtighed: Bangeren m\u00e5 kun opvarmes p\u00e5 undersiden, ellers er der risiko for, at slibningen g\u00e5r i stykker ved udvidelse af materialet.  SG14","og_url":"https:\/\/superseeds.dk\/se\/produkt\/banger-med-carp-cap-sg14\/","og_site_name":"Superseeds.dk","article_modified_time":"2025-10-30T11:33:18+00:00","og_image":[{"width":1080,"height":1080,"url":"https:\/\/www.super-seeds.se\/wp-content\/uploads\/2025\/03\/Banger-med-Carp-cap-SG14.png","type":"image\/png"}],"twitter_card":"summary_large_image","twitter_misc":{"Ber\u00e4knad l\u00e4stid":"1 minut"},"schema":{"@context":"https:\/\/schema.org","@graph":[{"@type":"WebPage","@id":"https:\/\/superseeds.dk\/vare\/banger-med-carp-cap-sg14\/","url":"https:\/\/superseeds.dk\/vare\/banger-med-carp-cap-sg14\/","name":"Banger med Carp cap SG14 - Superseeds.dk","isPartOf":{"@id":"https:\/\/super-seeds.se\/#website"},"primaryImageOfPage":{"@id":"https:\/\/superseeds.dk\/vare\/banger-med-carp-cap-sg14\/#primaryimage"},"image":{"@id":"https:\/\/superseeds.dk\/vare\/banger-med-carp-cap-sg14\/#primaryimage"},"thumbnailUrl":"https:\/\/superseeds.dk\/wp-content\/uploads\/2025\/10\/Banger-med-Carp-cap-SG14.png","datePublished":"2025-02-28T10:08:07+00:00","dateModified":"2025-10-30T11:33:18+00:00","breadcrumb":{"@id":"https:\/\/superseeds.dk\/vare\/banger-med-carp-cap-sg14\/#breadcrumb"},"inLanguage":"sv-SE","potentialAction":[{"@type":"ReadAction","target":["https:\/\/superseeds.dk\/vare\/banger-med-carp-cap-sg14\/"]}]},{"@type":"ImageObject","inLanguage":"sv-SE","@id":"https:\/\/superseeds.dk\/vare\/banger-med-carp-cap-sg14\/#primaryimage","url":"https:\/\/superseeds.dk\/wp-content\/uploads\/2025\/10\/Banger-med-Carp-cap-SG14.png","contentUrl":"https:\/\/superseeds.dk\/wp-content\/uploads\/2025\/10\/Banger-med-Carp-cap-SG14.png","width":1080,"height":1080},{"@type":"BreadcrumbList","@id":"https:\/\/superseeds.dk\/vare\/banger-med-carp-cap-sg14\/#breadcrumb","itemListElement":[{"@type":"ListItem","position":1,"name":"Hjem","item":"https:\/\/superseeds.dk\/"},{"@type":"ListItem","position":2,"name":"Shop","item":"https:\/\/superseeds.dk\/no\/butikk\/"},{"@type":"ListItem","position":3,"name":"Banger med Carp cap SG14"}]},{"@type":"WebSite","@id":"https:\/\/super-seeds.se\/#website","url":"https:\/\/super-seeds.se\/","name":"Superseeds.com","description":"","publisher":{"@id":"https:\/\/super-seeds.se\/#organization"},"potentialAction":[{"@type":"SearchAction","target":{"@type":"EntryPoint","urlTemplate":"https:\/\/super-seeds.se\/?s={search_term_string}"},"query-input":{"@type":"PropertyValueSpecification","valueRequired":true,"valueName":"search_term_string"}}],"inLanguage":"sv-SE"},{"@type":"Organization","@id":"https:\/\/super-seeds.se\/#organization","name":"Superseeds.com","url":"https:\/\/super-seeds.se\/","logo":{"@type":"ImageObject","inLanguage":"sv-SE","@id":"https:\/\/super-seeds.se\/#\/schema\/logo\/image\/","url":"https:\/\/superseeds.dk\/wp-content\/uploads\/2025\/09\/logo-superseeds.png","contentUrl":"https:\/\/superseeds.dk\/wp-content\/uploads\/2025\/09\/logo-superseeds.png","width":180,"height":160,"caption":"Superseeds.dk"},"image":{"@id":"https:\/\/super-seeds.se\/#\/schema\/logo\/image\/"}}]}},"df_price":129.95,"df_sale_price":"","df_regular_price":129.95,"df_image_link":"https:\/\/superseeds.dk\/wp-content\/uploads\/2025\/10\/Banger-med-Carp-cap-SG14-1024x1024.png","_links":{"self":[{"href":"https:\/\/superseeds.dk\/se\/wp-json\/wp\/v2\/product\/61345","targetHints":{"allow":["GET"]}}],"collection":[{"href":"https:\/\/superseeds.dk\/se\/wp-json\/wp\/v2\/product"}],"about":[{"href":"https:\/\/superseeds.dk\/se\/wp-json\/wp\/v2\/types\/product"}],"wp:featuredmedia":[{"embeddable":true,"href":"https:\/\/superseeds.dk\/se\/wp-json\/wp\/v2\/media\/66938"}],"wp:attachment":[{"href":"https:\/\/superseeds.dk\/se\/wp-json\/wp\/v2\/media?parent=61345"}],"wp:term":[{"taxonomy":"product_brand","embeddable":true,"href":"https:\/\/superseeds.dk\/se\/wp-json\/wp\/v2\/product_brand?post=61345"},{"taxonomy":"product_cat","embeddable":true,"href":"https:\/\/superseeds.dk\/se\/wp-json\/wp\/v2\/product_cat?post=61345"},{"taxonomy":"product_tag","embeddable":true,"href":"https:\/\/superseeds.dk\/se\/wp-json\/wp\/v2\/product_tag?post=61345"}],"curies":[{"name":"wp","href":"https:\/\/api.w.org\/{rel}","templated":true}]}}