{"id":61221,"date":"2025-02-25T14:48:49","date_gmt":"2025-02-25T13:48:49","guid":{"rendered":"https:\/\/superseeds.dk\/vare\/juicy-hemp-wraps-blue\/"},"modified":"2025-03-09T15:33:05","modified_gmt":"2025-03-09T14:33:05","slug":"juicy-hemp-wraps-blue","status":"publish","type":"product","link":"https:\/\/superseeds.dk\/se\/produkt\/juicy-hemp-wraps-blue\/","title":{"rendered":"JUICY\u00ae Hemp Wraps &#8211; Blue"},"content":{"rendered":"<p>JUICY\u00ae Hemp Wraps er lavet af naturlig hamp og tilbyder aromatisk rygeforn\u00f8jelse uden tobak. Wrapsene er smagt til med en l\u00e6kker smag, understreger diskret smagen af \u200b\u200bde indpakkede urter!<\/p>\n<p>Pakket er 2 wraps hver i en genlukkelig frisk pakke. F\u00e5s i en r\u00e6kke l\u00e6kre smagsvarianter.<\/p>\n<p>&nbsp;<\/p>\n<p><strong>OBS. S\u00e6lges udelukkende som duftvare og samleobjekt<\/strong><\/p>","protected":false},"excerpt":{"rendered":"<p>JUICY\u00ae Hemp Wraps er lavet af naturlig hamp og tilbyder aromatisk rygeforn\u00f8jelse uden tobak. Wrapsene er smagt til med en l\u00e6kker smag, understreger diskret smagen af \u200b\u200bde indpakkede urter!<\/p>\n<p>Pakket er 2 wraps hver i en genlukkelig frisk pakke. F\u00e5s i en r\u00e6kke l\u00e6kre smagsvarianter.<\/p>\n<p>&nbsp;<\/p>\n<p><strong>OBS. S\u00e6lges udelukkende som duftvare og samleobjekt<\/strong><\/p>","protected":false},"featured_media":61668,"template":"","meta":{"_acf_changed":false},"product_brand":[],"product_cat":[2006,1795,1803],"product_tag":[],"class_list":{"0":"post-61221","1":"product","2":"type-product","3":"status-publish","4":"has-post-thumbnail","6":"product_cat-blunts","7":"product_cat-headshop","8":"product_cat-rygegrej","10":"first","11":"instock","12":"taxable","13":"shipping-taxable","14":"purchasable","15":"product-type-simple"},"acf":[],"yoast_head":"<!-- This site is optimized with the Yoast SEO plugin v27.6 - https:\/\/yoast.com\/product\/yoast-seo-wordpress\/ -->\n<title>JUICY\u00ae Hemp Wraps - Blue - Superseeds.dk<\/title>\n<meta name=\"robots\" content=\"index, follow, max-snippet:-1, max-image-preview:large, max-video-preview:-1\" \/>\n<link rel=\"canonical\" href=\"https:\/\/superseeds.dk\/se\/produkt\/juicy-hemp-wraps-blue\/\" \/>\n<meta property=\"og:locale\" content=\"sv_SE\" \/>\n<meta property=\"og:type\" content=\"article\" \/>\n<meta property=\"og:title\" content=\"JUICY\u00ae Hemp Wraps - Blue - Superseeds.dk\" \/>\n<meta property=\"og:description\" content=\"JUICY\u00ae Hemp Wraps er lavet af naturlig hamp og tilbyder aromatisk rygeforn\u00f8jelse uden tobak. Wrapsene er smagt til med en l\u00e6kker smag, understreger diskret smagen af \u200b\u200bde indpakkede urter!  Pakket er 2 wraps hver i en genlukkelig frisk pakke. F\u00e5s i en r\u00e6kke l\u00e6kre smagsvarianter.  &nbsp;  OBS. S\u00e6lges udelukkende som duftvare og samleobjekt\" \/>\n<meta property=\"og:url\" content=\"https:\/\/superseeds.dk\/se\/produkt\/juicy-hemp-wraps-blue\/\" \/>\n<meta property=\"og:site_name\" content=\"Superseeds.dk\" \/>\n<meta property=\"article:modified_time\" content=\"2025-03-09T14:33:05+00:00\" \/>\n<meta property=\"og:image\" content=\"https:\/\/www.super-seeds.se\/wp-content\/uploads\/2025\/03\/JUICY\u00ae-Hemp-Wraps-\u2013-Blue.png\" \/>\n\t<meta property=\"og:image:width\" content=\"1080\" \/>\n\t<meta property=\"og:image:height\" content=\"1080\" \/>\n\t<meta property=\"og:image:type\" content=\"image\/png\" \/>\n<meta name=\"twitter:card\" content=\"summary_large_image\" \/>\n<script type=\"application\/ld+json\" class=\"yoast-schema-graph\">{\"@context\":\"https:\\\/\\\/schema.org\",\"@graph\":[{\"@type\":\"WebPage\",\"@id\":\"https:\\\/\\\/superseeds.dk\\\/vare\\\/juicy-hemp-wraps-blue\\\/\",\"url\":\"https:\\\/\\\/superseeds.dk\\\/vare\\\/juicy-hemp-wraps-blue\\\/\",\"name\":\"JUICY\u00ae Hemp Wraps - Blue - Superseeds.dk\",\"isPartOf\":{\"@id\":\"https:\\\/\\\/super-seeds.se\\\/#website\"},\"primaryImageOfPage\":{\"@id\":\"https:\\\/\\\/superseeds.dk\\\/vare\\\/juicy-hemp-wraps-blue\\\/#primaryimage\"},\"image\":{\"@id\":\"https:\\\/\\\/superseeds.dk\\\/vare\\\/juicy-hemp-wraps-blue\\\/#primaryimage\"},\"thumbnailUrl\":\"https:\\\/\\\/superseeds.dk\\\/wp-content\\\/uploads\\\/2025\\\/03\\\/JUICY\u00ae-Hemp-Wraps-\u2013-Blue.png\",\"datePublished\":\"2025-02-25T13:48:49+00:00\",\"dateModified\":\"2025-03-09T14:33:05+00:00\",\"breadcrumb\":{\"@id\":\"https:\\\/\\\/superseeds.dk\\\/vare\\\/juicy-hemp-wraps-blue\\\/#breadcrumb\"},\"inLanguage\":\"sv-SE\",\"potentialAction\":[{\"@type\":\"ReadAction\",\"target\":[\"https:\\\/\\\/superseeds.dk\\\/vare\\\/juicy-hemp-wraps-blue\\\/\"]}]},{\"@type\":\"ImageObject\",\"inLanguage\":\"sv-SE\",\"@id\":\"https:\\\/\\\/superseeds.dk\\\/vare\\\/juicy-hemp-wraps-blue\\\/#primaryimage\",\"url\":\"https:\\\/\\\/superseeds.dk\\\/wp-content\\\/uploads\\\/2025\\\/03\\\/JUICY\u00ae-Hemp-Wraps-\u2013-Blue.png\",\"contentUrl\":\"https:\\\/\\\/superseeds.dk\\\/wp-content\\\/uploads\\\/2025\\\/03\\\/JUICY\u00ae-Hemp-Wraps-\u2013-Blue.png\",\"width\":1080,\"height\":1080},{\"@type\":\"BreadcrumbList\",\"@id\":\"https:\\\/\\\/superseeds.dk\\\/vare\\\/juicy-hemp-wraps-blue\\\/#breadcrumb\",\"itemListElement\":[{\"@type\":\"ListItem\",\"position\":1,\"name\":\"Hjem\",\"item\":\"https:\\\/\\\/superseeds.dk\\\/\"},{\"@type\":\"ListItem\",\"position\":2,\"name\":\"Shop\",\"item\":\"https:\\\/\\\/superseeds.dk\\\/no\\\/butikk\\\/\"},{\"@type\":\"ListItem\",\"position\":3,\"name\":\"JUICY\u00ae Hemp Wraps &#8211; Blue\"}]},{\"@type\":\"WebSite\",\"@id\":\"https:\\\/\\\/super-seeds.se\\\/#website\",\"url\":\"https:\\\/\\\/super-seeds.se\\\/\",\"name\":\"Superseeds.dk\",\"description\":\"\",\"publisher\":{\"@id\":\"https:\\\/\\\/super-seeds.se\\\/#organization\"},\"potentialAction\":[{\"@type\":\"SearchAction\",\"target\":{\"@type\":\"EntryPoint\",\"urlTemplate\":\"https:\\\/\\\/super-seeds.se\\\/?s={search_term_string}\"},\"query-input\":{\"@type\":\"PropertyValueSpecification\",\"valueRequired\":true,\"valueName\":\"search_term_string\"}}],\"inLanguage\":\"sv-SE\"},{\"@type\":\"Organization\",\"@id\":\"https:\\\/\\\/super-seeds.se\\\/#organization\",\"name\":\"Superseeds.dk\",\"url\":\"https:\\\/\\\/super-seeds.se\\\/\",\"logo\":{\"@type\":\"ImageObject\",\"inLanguage\":\"sv-SE\",\"@id\":\"https:\\\/\\\/super-seeds.se\\\/#\\\/schema\\\/logo\\\/image\\\/\",\"url\":\"https:\\\/\\\/superseeds.dk\\\/wp-content\\\/uploads\\\/2025\\\/09\\\/logo-superseeds.png\",\"contentUrl\":\"https:\\\/\\\/superseeds.dk\\\/wp-content\\\/uploads\\\/2025\\\/09\\\/logo-superseeds.png\",\"width\":180,\"height\":160,\"caption\":\"Superseeds.dk\"},\"image\":{\"@id\":\"https:\\\/\\\/super-seeds.se\\\/#\\\/schema\\\/logo\\\/image\\\/\"}}]}<\/script>\n<!-- \/ Yoast SEO plugin. -->","yoast_head_json":{"title":"JUICY\u00ae Hemp Wraps - Blue - Superseeds.dk","robots":{"index":"index","follow":"follow","max-snippet":"max-snippet:-1","max-image-preview":"max-image-preview:large","max-video-preview":"max-video-preview:-1"},"canonical":"https:\/\/superseeds.dk\/se\/produkt\/juicy-hemp-wraps-blue\/","og_locale":"sv_SE","og_type":"article","og_title":"JUICY\u00ae Hemp Wraps - Blue - Superseeds.dk","og_description":"JUICY\u00ae Hemp Wraps er lavet af naturlig hamp og tilbyder aromatisk rygeforn\u00f8jelse uden tobak. Wrapsene er smagt til med en l\u00e6kker smag, understreger diskret smagen af \u200b\u200bde indpakkede urter!  Pakket er 2 wraps hver i en genlukkelig frisk pakke. F\u00e5s i en r\u00e6kke l\u00e6kre smagsvarianter.  &nbsp;  OBS. S\u00e6lges udelukkende som duftvare og samleobjekt","og_url":"https:\/\/superseeds.dk\/se\/produkt\/juicy-hemp-wraps-blue\/","og_site_name":"Superseeds.dk","article_modified_time":"2025-03-09T14:33:05+00:00","og_image":[{"width":1080,"height":1080,"url":"https:\/\/www.super-seeds.se\/wp-content\/uploads\/2025\/03\/JUICY\u00ae-Hemp-Wraps-\u2013-Blue.png","type":"image\/png"}],"twitter_card":"summary_large_image","schema":{"@context":"https:\/\/schema.org","@graph":[{"@type":"WebPage","@id":"https:\/\/superseeds.dk\/vare\/juicy-hemp-wraps-blue\/","url":"https:\/\/superseeds.dk\/vare\/juicy-hemp-wraps-blue\/","name":"JUICY\u00ae Hemp Wraps - Blue - Superseeds.dk","isPartOf":{"@id":"https:\/\/super-seeds.se\/#website"},"primaryImageOfPage":{"@id":"https:\/\/superseeds.dk\/vare\/juicy-hemp-wraps-blue\/#primaryimage"},"image":{"@id":"https:\/\/superseeds.dk\/vare\/juicy-hemp-wraps-blue\/#primaryimage"},"thumbnailUrl":"https:\/\/superseeds.dk\/wp-content\/uploads\/2025\/03\/JUICY\u00ae-Hemp-Wraps-\u2013-Blue.png","datePublished":"2025-02-25T13:48:49+00:00","dateModified":"2025-03-09T14:33:05+00:00","breadcrumb":{"@id":"https:\/\/superseeds.dk\/vare\/juicy-hemp-wraps-blue\/#breadcrumb"},"inLanguage":"sv-SE","potentialAction":[{"@type":"ReadAction","target":["https:\/\/superseeds.dk\/vare\/juicy-hemp-wraps-blue\/"]}]},{"@type":"ImageObject","inLanguage":"sv-SE","@id":"https:\/\/superseeds.dk\/vare\/juicy-hemp-wraps-blue\/#primaryimage","url":"https:\/\/superseeds.dk\/wp-content\/uploads\/2025\/03\/JUICY\u00ae-Hemp-Wraps-\u2013-Blue.png","contentUrl":"https:\/\/superseeds.dk\/wp-content\/uploads\/2025\/03\/JUICY\u00ae-Hemp-Wraps-\u2013-Blue.png","width":1080,"height":1080},{"@type":"BreadcrumbList","@id":"https:\/\/superseeds.dk\/vare\/juicy-hemp-wraps-blue\/#breadcrumb","itemListElement":[{"@type":"ListItem","position":1,"name":"Hjem","item":"https:\/\/superseeds.dk\/"},{"@type":"ListItem","position":2,"name":"Shop","item":"https:\/\/superseeds.dk\/no\/butikk\/"},{"@type":"ListItem","position":3,"name":"JUICY\u00ae Hemp Wraps &#8211; Blue"}]},{"@type":"WebSite","@id":"https:\/\/super-seeds.se\/#website","url":"https:\/\/super-seeds.se\/","name":"Superseeds.com","description":"","publisher":{"@id":"https:\/\/super-seeds.se\/#organization"},"potentialAction":[{"@type":"SearchAction","target":{"@type":"EntryPoint","urlTemplate":"https:\/\/super-seeds.se\/?s={search_term_string}"},"query-input":{"@type":"PropertyValueSpecification","valueRequired":true,"valueName":"search_term_string"}}],"inLanguage":"sv-SE"},{"@type":"Organization","@id":"https:\/\/super-seeds.se\/#organization","name":"Superseeds.com","url":"https:\/\/super-seeds.se\/","logo":{"@type":"ImageObject","inLanguage":"sv-SE","@id":"https:\/\/super-seeds.se\/#\/schema\/logo\/image\/","url":"https:\/\/superseeds.dk\/wp-content\/uploads\/2025\/09\/logo-superseeds.png","contentUrl":"https:\/\/superseeds.dk\/wp-content\/uploads\/2025\/09\/logo-superseeds.png","width":180,"height":160,"caption":"Superseeds.dk"},"image":{"@id":"https:\/\/super-seeds.se\/#\/schema\/logo\/image\/"}}]}},"df_price":15,"df_sale_price":"","df_regular_price":15,"df_image_link":"https:\/\/superseeds.dk\/wp-content\/uploads\/2025\/03\/JUICY\u00ae-Hemp-Wraps-\u2013-Blue-1024x1024.png","_links":{"self":[{"href":"https:\/\/superseeds.dk\/se\/wp-json\/wp\/v2\/product\/61221","targetHints":{"allow":["GET"]}}],"collection":[{"href":"https:\/\/superseeds.dk\/se\/wp-json\/wp\/v2\/product"}],"about":[{"href":"https:\/\/superseeds.dk\/se\/wp-json\/wp\/v2\/types\/product"}],"wp:featuredmedia":[{"embeddable":true,"href":"https:\/\/superseeds.dk\/se\/wp-json\/wp\/v2\/media\/61668"}],"wp:attachment":[{"href":"https:\/\/superseeds.dk\/se\/wp-json\/wp\/v2\/media?parent=61221"}],"wp:term":[{"taxonomy":"product_brand","embeddable":true,"href":"https:\/\/superseeds.dk\/se\/wp-json\/wp\/v2\/product_brand?post=61221"},{"taxonomy":"product_cat","embeddable":true,"href":"https:\/\/superseeds.dk\/se\/wp-json\/wp\/v2\/product_cat?post=61221"},{"taxonomy":"product_tag","embeddable":true,"href":"https:\/\/superseeds.dk\/se\/wp-json\/wp\/v2\/product_tag?post=61221"}],"curies":[{"name":"wp","href":"https:\/\/api.w.org\/{rel}","templated":true}]}}