{"id":60971,"date":"2025-02-12T15:09:38","date_gmt":"2025-02-12T14:09:38","guid":{"rendered":"https:\/\/superseeds.dk\/vare\/organic-grow-your-own-kit-advanced-nutrients\/"},"modified":"2025-03-09T15:22:19","modified_gmt":"2025-03-09T14:22:19","slug":"organic-grow-your-own-kit-advanced-nutrients","status":"publish","type":"product","link":"https:\/\/superseeds.dk\/se\/produkt\/organic-grow-your-own-kit-advanced-nutrients\/","title":{"rendered":"Organic Grow Your Own Kit  \u2013 Advanced Nutrients"},"content":{"rendered":"<h2>Beskrivning<\/h2>\n<p><strong>Organic Grow Your Own Kit: Nem og vellykket \u00f8kologisk dyrkning<\/strong><\/p>\n<p>Organic\u00a0<strong>Grow Your Own Kit<\/strong>\u00a0fra Advanced Nutrients er det perfekte s\u00e6t til alle, der \u00f8nsker at dyrke h\u00f8jtydende, h\u00f8jpotens organisk cannabis uden at g\u00e5 p\u00e5 kompromis med kvaliteten. Dette s\u00e6t tilbyder alt, hvad du har brug for til kraftig v\u00e6kst og rigelige blomster, takket v\u00e6re fire topprodukter, der giver komplet ern\u00e6ring og essentielle mikron\u00e6ringsstoffer.<\/p>\n<h3><strong>Hvad er inkluderet i s\u00e6ttet<\/strong><\/h3>\n<ol>\n<li><strong>OG Organics\u2122 Iguana Juice\u00ae Grow + Bloom<\/strong>\u00a0: Denne \u00f8kologiske l\u00f8sning giver et komplet ern\u00e6ringsgrundlag for alle stadier af v\u00e6ksten. Formlen, der er baseret p\u00e5 hydrolyserede ferskvandsfiskproteiner og soja, er rig p\u00e5 makron\u00e6ringsstoffer, mikron\u00e6ringsstoffer og aminosyrer, som er essentielle for frodig vegetativ v\u00e6kst og blomster af overlegen kvalitet.<\/li>\n<li><strong>OG Organics\u2122 Big Bud\u00ae<\/strong>\u00a0: Den \u00f8kologiske version af verdens bedste blomstringsforst\u00e6rker. Big Bud fremmer rigelig h\u00f8st ved at bruge naturlige ingredienser som hydrolyseret fiskeprotein, fosfor og kalium, samt mikron\u00e6ringsstoffer som calcium, jern, magnesium og svovl, som fremmer udviklingen af \u200b\u200bstore, cannabinoidrige blomster.<\/li>\n<li><strong>Voodoo Juice\u00ae Plus-tabletter<\/strong>\u00a0: Disse revolutionerende mikrobielle tabletter stimulerer rodv\u00e6kst og forbedrer optagelsen af \u200b\u200bn\u00e6ringsstoffer. Takket v\u00e6re gavnlige mikroorganismer udvider r\u00f8dderne sig og er i stand til at mobilisere blokerede n\u00e6ringsstoffer, hvilket \u00f8ger koncentrationen af \u200b\u200b\u00e6teriske olier og forbedrer det endelige udbytte.<\/li>\n<\/ol>\n<h3><strong>Nem at bruge<\/strong><\/h3>\n<p>En af styrkerne ved\u00a0<strong>Organic Grow Your Own Kit<\/strong>\u00a0er dens brugervenlighed. Med en klar fodringsplan kan enhver avler nemt f\u00f8lge instruktionerne for at sikre, at planterne f\u00e5r den rette ern\u00e6ring p\u00e5 alle stadier af livscyklussen. Der er ingen grund til at g\u00e6tte eller komplicere h\u00e5ndteringen af \u200b\u200bn\u00e6ringsstoffer &#8211; f\u00f8lg bare anvisningerne og lad dine planter trives.<\/p>\n<h3><strong>Naturlig chelationsteknologi<\/strong><\/h3>\n<p>Den naturlige chelatdannelse, der er til stede i produkterne i s\u00e6ttet, sikrer, at mikron\u00e6ringsstofferne absorberes effektivt, hvilket forbedrer planternes ydeevne. Det betyder, at selv n\u00e5r du bruger et \u00f8kologisk fodringsprogram, vil dine planter f\u00e5 samme ern\u00e6ringsniveau, som de ville med mineralg\u00f8dning, men uden at g\u00e5 p\u00e5 kompromis med kvaliteten.<\/p>\n<h3><strong>Garanteret resultater<\/strong><\/h3>\n<p>Advanced Nutrients er s\u00e5 sikker p\u00e5 kvaliteten af \u200b\u200bsit s\u00e6t, at det tilbyder en\u00a0<strong>pengene-tilbage-garanti<\/strong>\u00a0. Hvis du ikke er helt tilfreds med resultaterne, kan du returnere det ubrugte produkt inden for seks m\u00e5neder og f\u00e5 fuld refusion.<\/p>\n<p>Med\u00a0<strong>Organic Grow Your Own Kit<\/strong>\u00a0har det aldrig v\u00e6ret nemmere at dyrke \u00f8kologisk cannabis af h\u00f8j kvalitet. Enkelhed, effektivitet og fantastiske resultater er lige ved h\u00e5nden!<\/p>","protected":false},"excerpt":{"rendered":"<pre>Denne Grow Your Own Kit \u201cOrganic\u201d fra Advanced Nutrients, er l\u00f8sningen for alle cannabis dyrkere, der \u00f8nsker at opn\u00e5 imponerende organiske resultater, uden at g\u00e5 p\u00e5 kompromis med udbytte eller kvalitet.  Dette kit levere pr\u00e6cis hvad dine planter har brug for, til at producere store og terpenrige topskud<\/pre>\n<h3><strong>Produktdata<\/strong><\/h3>\n<ul>\n<li><strong>Type :<\/strong>\u00a0Organisk starterkit<\/li>\n<li><strong>Indhold :<\/strong>\u00a0Iguana Juice Grow + Bloom, Big Bud, Voodoo Juice Plus Tablets<\/li>\n<li><strong>velegnet til :<\/strong>\u00a0Organisk dyrkning, indend\u00f8rs og udend\u00f8rs<\/li>\n<\/ul>","protected":false},"featured_media":61644,"template":"","meta":{"_acf_changed":false},"product_brand":[],"product_cat":[1867,1916,1836],"product_tag":[],"class_list":{"0":"post-60971","1":"product","2":"type-product","3":"status-publish","4":"has-post-thumbnail","6":"product_cat-advanced-nutrients","7":"product_cat-goednings-kit","8":"product_cat-plantegoedning","10":"first","11":"instock","12":"taxable","13":"shipping-taxable","14":"purchasable","15":"product-type-simple"},"acf":[],"yoast_head":"<!-- This site is optimized with the Yoast SEO plugin v27.6 - https:\/\/yoast.com\/product\/yoast-seo-wordpress\/ -->\n<title>Organic Grow Your Own Kit \u2013 Advanced Nutrients - Superseeds.dk<\/title>\n<meta name=\"robots\" content=\"index, follow, max-snippet:-1, max-image-preview:large, max-video-preview:-1\" \/>\n<link rel=\"canonical\" href=\"https:\/\/superseeds.dk\/se\/produkt\/organic-grow-your-own-kit-advanced-nutrients\/\" \/>\n<meta property=\"og:locale\" content=\"sv_SE\" \/>\n<meta property=\"og:type\" content=\"article\" \/>\n<meta property=\"og:title\" content=\"Organic Grow Your Own Kit \u2013 Advanced Nutrients - Superseeds.dk\" \/>\n<meta property=\"og:description\" content=\"Denne Grow Your Own Kit \u201cOrganic\u201d fra Advanced Nutrients, er l\u00f8sningen for alle cannabis dyrkere, der \u00f8nsker at opn\u00e5 imponerende organiske resultater, uden at g\u00e5 p\u00e5 kompromis med udbytte eller kvalitet. Dette kit levere pr\u00e6cis hvad dine planter har brug for, til at producere store og terpenrige topskud Produktdata   Type :\u00a0Organisk starterkit  Indhold :\u00a0Iguana Juice Grow + Bloom, Big Bud, Voodoo Juice Plus Tablets  velegnet til :\u00a0Organisk dyrkning, indend\u00f8rs og udend\u00f8rs\" \/>\n<meta property=\"og:url\" content=\"https:\/\/superseeds.dk\/se\/produkt\/organic-grow-your-own-kit-advanced-nutrients\/\" \/>\n<meta property=\"og:site_name\" content=\"Superseeds.dk\" \/>\n<meta property=\"article:modified_time\" content=\"2025-03-09T14:22:19+00:00\" \/>\n<meta property=\"og:image\" content=\"https:\/\/superseeds.dk\/wp-content\/uploads\/2025\/03\/Organic-Grow-Your-Own-Kit-\u2013-Advanced-Nutrients.png\" \/>\n\t<meta property=\"og:image:width\" content=\"1080\" \/>\n\t<meta property=\"og:image:height\" content=\"1080\" \/>\n\t<meta property=\"og:image:type\" content=\"image\/png\" \/>\n<meta name=\"twitter:card\" content=\"summary_large_image\" \/>\n<meta name=\"twitter:label1\" content=\"Ber\u00e4knad l\u00e4stid\" \/>\n\t<meta name=\"twitter:data1\" content=\"3 minuter\" \/>\n<script type=\"application\/ld+json\" class=\"yoast-schema-graph\">{\"@context\":\"https:\\\/\\\/schema.org\",\"@graph\":[{\"@type\":\"WebPage\",\"@id\":\"https:\\\/\\\/superseeds.dk\\\/vare\\\/organic-grow-your-own-kit-advanced-nutrients\\\/\",\"url\":\"https:\\\/\\\/superseeds.dk\\\/vare\\\/organic-grow-your-own-kit-advanced-nutrients\\\/\",\"name\":\"Organic Grow Your Own Kit \u2013 Advanced Nutrients - Superseeds.dk\",\"isPartOf\":{\"@id\":\"https:\\\/\\\/super-seeds.se\\\/#website\"},\"primaryImageOfPage\":{\"@id\":\"https:\\\/\\\/superseeds.dk\\\/vare\\\/organic-grow-your-own-kit-advanced-nutrients\\\/#primaryimage\"},\"image\":{\"@id\":\"https:\\\/\\\/superseeds.dk\\\/vare\\\/organic-grow-your-own-kit-advanced-nutrients\\\/#primaryimage\"},\"thumbnailUrl\":\"https:\\\/\\\/superseeds.dk\\\/wp-content\\\/uploads\\\/2025\\\/03\\\/Organic-Grow-Your-Own-Kit-\u2013-Advanced-Nutrients.png\",\"datePublished\":\"2025-02-12T14:09:38+00:00\",\"dateModified\":\"2025-03-09T14:22:19+00:00\",\"breadcrumb\":{\"@id\":\"https:\\\/\\\/superseeds.dk\\\/vare\\\/organic-grow-your-own-kit-advanced-nutrients\\\/#breadcrumb\"},\"inLanguage\":\"sv-SE\",\"potentialAction\":[{\"@type\":\"ReadAction\",\"target\":[\"https:\\\/\\\/superseeds.dk\\\/vare\\\/organic-grow-your-own-kit-advanced-nutrients\\\/\"]}]},{\"@type\":\"ImageObject\",\"inLanguage\":\"sv-SE\",\"@id\":\"https:\\\/\\\/superseeds.dk\\\/vare\\\/organic-grow-your-own-kit-advanced-nutrients\\\/#primaryimage\",\"url\":\"https:\\\/\\\/superseeds.dk\\\/wp-content\\\/uploads\\\/2025\\\/03\\\/Organic-Grow-Your-Own-Kit-\u2013-Advanced-Nutrients.png\",\"contentUrl\":\"https:\\\/\\\/superseeds.dk\\\/wp-content\\\/uploads\\\/2025\\\/03\\\/Organic-Grow-Your-Own-Kit-\u2013-Advanced-Nutrients.png\",\"width\":1080,\"height\":1080},{\"@type\":\"BreadcrumbList\",\"@id\":\"https:\\\/\\\/superseeds.dk\\\/vare\\\/organic-grow-your-own-kit-advanced-nutrients\\\/#breadcrumb\",\"itemListElement\":[{\"@type\":\"ListItem\",\"position\":1,\"name\":\"Hjem\",\"item\":\"https:\\\/\\\/superseeds.dk\\\/\"},{\"@type\":\"ListItem\",\"position\":2,\"name\":\"Shop\",\"item\":\"https:\\\/\\\/superseeds.dk\\\/no\\\/butikk\\\/\"},{\"@type\":\"ListItem\",\"position\":3,\"name\":\"Organic Grow Your Own Kit \u2013 Advanced Nutrients\"}]},{\"@type\":\"WebSite\",\"@id\":\"https:\\\/\\\/super-seeds.se\\\/#website\",\"url\":\"https:\\\/\\\/super-seeds.se\\\/\",\"name\":\"Superseeds.dk\",\"description\":\"\",\"publisher\":{\"@id\":\"https:\\\/\\\/super-seeds.se\\\/#organization\"},\"potentialAction\":[{\"@type\":\"SearchAction\",\"target\":{\"@type\":\"EntryPoint\",\"urlTemplate\":\"https:\\\/\\\/super-seeds.se\\\/?s={search_term_string}\"},\"query-input\":{\"@type\":\"PropertyValueSpecification\",\"valueRequired\":true,\"valueName\":\"search_term_string\"}}],\"inLanguage\":\"sv-SE\"},{\"@type\":\"Organization\",\"@id\":\"https:\\\/\\\/super-seeds.se\\\/#organization\",\"name\":\"Superseeds.dk\",\"url\":\"https:\\\/\\\/super-seeds.se\\\/\",\"logo\":{\"@type\":\"ImageObject\",\"inLanguage\":\"sv-SE\",\"@id\":\"https:\\\/\\\/super-seeds.se\\\/#\\\/schema\\\/logo\\\/image\\\/\",\"url\":\"https:\\\/\\\/superseeds.dk\\\/wp-content\\\/uploads\\\/2025\\\/09\\\/logo-superseeds.png\",\"contentUrl\":\"https:\\\/\\\/superseeds.dk\\\/wp-content\\\/uploads\\\/2025\\\/09\\\/logo-superseeds.png\",\"width\":180,\"height\":160,\"caption\":\"Superseeds.dk\"},\"image\":{\"@id\":\"https:\\\/\\\/super-seeds.se\\\/#\\\/schema\\\/logo\\\/image\\\/\"}}]}<\/script>\n<!-- \/ Yoast SEO plugin. -->","yoast_head_json":{"title":"Organic Grow Your Own Kit \u2013 Advanced Nutrients - Superseeds.dk","robots":{"index":"index","follow":"follow","max-snippet":"max-snippet:-1","max-image-preview":"max-image-preview:large","max-video-preview":"max-video-preview:-1"},"canonical":"https:\/\/superseeds.dk\/se\/produkt\/organic-grow-your-own-kit-advanced-nutrients\/","og_locale":"sv_SE","og_type":"article","og_title":"Organic Grow Your Own Kit \u2013 Advanced Nutrients - Superseeds.dk","og_description":"Denne Grow Your Own Kit \u201cOrganic\u201d fra Advanced Nutrients, er l\u00f8sningen for alle cannabis dyrkere, der \u00f8nsker at opn\u00e5 imponerende organiske resultater, uden at g\u00e5 p\u00e5 kompromis med udbytte eller kvalitet. Dette kit levere pr\u00e6cis hvad dine planter har brug for, til at producere store og terpenrige topskud Produktdata   Type :\u00a0Organisk starterkit  Indhold :\u00a0Iguana Juice Grow + Bloom, Big Bud, Voodoo Juice Plus Tablets  velegnet til :\u00a0Organisk dyrkning, indend\u00f8rs og udend\u00f8rs","og_url":"https:\/\/superseeds.dk\/se\/produkt\/organic-grow-your-own-kit-advanced-nutrients\/","og_site_name":"Superseeds.dk","article_modified_time":"2025-03-09T14:22:19+00:00","og_image":[{"width":1080,"height":1080,"url":"https:\/\/superseeds.dk\/wp-content\/uploads\/2025\/03\/Organic-Grow-Your-Own-Kit-\u2013-Advanced-Nutrients.png","type":"image\/png"}],"twitter_card":"summary_large_image","twitter_misc":{"Ber\u00e4knad l\u00e4stid":"3 minuter"},"schema":{"@context":"https:\/\/schema.org","@graph":[{"@type":"WebPage","@id":"https:\/\/superseeds.dk\/vare\/organic-grow-your-own-kit-advanced-nutrients\/","url":"https:\/\/superseeds.dk\/vare\/organic-grow-your-own-kit-advanced-nutrients\/","name":"Organic Grow Your Own Kit \u2013 Advanced Nutrients - Superseeds.dk","isPartOf":{"@id":"https:\/\/super-seeds.se\/#website"},"primaryImageOfPage":{"@id":"https:\/\/superseeds.dk\/vare\/organic-grow-your-own-kit-advanced-nutrients\/#primaryimage"},"image":{"@id":"https:\/\/superseeds.dk\/vare\/organic-grow-your-own-kit-advanced-nutrients\/#primaryimage"},"thumbnailUrl":"https:\/\/superseeds.dk\/wp-content\/uploads\/2025\/03\/Organic-Grow-Your-Own-Kit-\u2013-Advanced-Nutrients.png","datePublished":"2025-02-12T14:09:38+00:00","dateModified":"2025-03-09T14:22:19+00:00","breadcrumb":{"@id":"https:\/\/superseeds.dk\/vare\/organic-grow-your-own-kit-advanced-nutrients\/#breadcrumb"},"inLanguage":"sv-SE","potentialAction":[{"@type":"ReadAction","target":["https:\/\/superseeds.dk\/vare\/organic-grow-your-own-kit-advanced-nutrients\/"]}]},{"@type":"ImageObject","inLanguage":"sv-SE","@id":"https:\/\/superseeds.dk\/vare\/organic-grow-your-own-kit-advanced-nutrients\/#primaryimage","url":"https:\/\/superseeds.dk\/wp-content\/uploads\/2025\/03\/Organic-Grow-Your-Own-Kit-\u2013-Advanced-Nutrients.png","contentUrl":"https:\/\/superseeds.dk\/wp-content\/uploads\/2025\/03\/Organic-Grow-Your-Own-Kit-\u2013-Advanced-Nutrients.png","width":1080,"height":1080},{"@type":"BreadcrumbList","@id":"https:\/\/superseeds.dk\/vare\/organic-grow-your-own-kit-advanced-nutrients\/#breadcrumb","itemListElement":[{"@type":"ListItem","position":1,"name":"Hjem","item":"https:\/\/superseeds.dk\/"},{"@type":"ListItem","position":2,"name":"Shop","item":"https:\/\/superseeds.dk\/no\/butikk\/"},{"@type":"ListItem","position":3,"name":"Organic Grow Your Own Kit \u2013 Advanced Nutrients"}]},{"@type":"WebSite","@id":"https:\/\/super-seeds.se\/#website","url":"https:\/\/super-seeds.se\/","name":"Superseeds.com","description":"","publisher":{"@id":"https:\/\/super-seeds.se\/#organization"},"potentialAction":[{"@type":"SearchAction","target":{"@type":"EntryPoint","urlTemplate":"https:\/\/super-seeds.se\/?s={search_term_string}"},"query-input":{"@type":"PropertyValueSpecification","valueRequired":true,"valueName":"search_term_string"}}],"inLanguage":"sv-SE"},{"@type":"Organization","@id":"https:\/\/super-seeds.se\/#organization","name":"Superseeds.com","url":"https:\/\/super-seeds.se\/","logo":{"@type":"ImageObject","inLanguage":"sv-SE","@id":"https:\/\/super-seeds.se\/#\/schema\/logo\/image\/","url":"https:\/\/superseeds.dk\/wp-content\/uploads\/2025\/09\/logo-superseeds.png","contentUrl":"https:\/\/superseeds.dk\/wp-content\/uploads\/2025\/09\/logo-superseeds.png","width":180,"height":160,"caption":"Superseeds.dk"},"image":{"@id":"https:\/\/super-seeds.se\/#\/schema\/logo\/image\/"}}]}},"df_price":695,"df_sale_price":"","df_regular_price":695,"df_image_link":"https:\/\/superseeds.dk\/wp-content\/uploads\/2025\/03\/Organic-Grow-Your-Own-Kit-\u2013-Advanced-Nutrients-1024x1024.png","_links":{"self":[{"href":"https:\/\/superseeds.dk\/se\/wp-json\/wp\/v2\/product\/60971","targetHints":{"allow":["GET"]}}],"collection":[{"href":"https:\/\/superseeds.dk\/se\/wp-json\/wp\/v2\/product"}],"about":[{"href":"https:\/\/superseeds.dk\/se\/wp-json\/wp\/v2\/types\/product"}],"wp:featuredmedia":[{"embeddable":true,"href":"https:\/\/superseeds.dk\/se\/wp-json\/wp\/v2\/media\/61644"}],"wp:attachment":[{"href":"https:\/\/superseeds.dk\/se\/wp-json\/wp\/v2\/media?parent=60971"}],"wp:term":[{"taxonomy":"product_brand","embeddable":true,"href":"https:\/\/superseeds.dk\/se\/wp-json\/wp\/v2\/product_brand?post=60971"},{"taxonomy":"product_cat","embeddable":true,"href":"https:\/\/superseeds.dk\/se\/wp-json\/wp\/v2\/product_cat?post=60971"},{"taxonomy":"product_tag","embeddable":true,"href":"https:\/\/superseeds.dk\/se\/wp-json\/wp\/v2\/product_tag?post=60971"}],"curies":[{"name":"wp","href":"https:\/\/api.w.org\/{rel}","templated":true}]}}