{"id":60425,"date":"2025-01-31T00:27:03","date_gmt":"2025-01-30T23:27:03","guid":{"rendered":"https:\/\/superseeds.dk\/vare\/co2-canister-refill\/"},"modified":"2025-01-31T00:27:06","modified_gmt":"2025-01-30T23:27:06","slug":"co2-canister-refill","status":"publish","type":"product","link":"https:\/\/superseeds.dk\/se\/produkt\/co2-canister-refill\/","title":{"rendered":"CO2 Canister refill"},"content":{"rendered":"<p>The Enhancer Refill er en bekvem og nem m\u00e5de at opretholde en stabil og kontrolleret CO2-for\u00f8gelse i dit grow room eller drivhus. Dette produkt er beregnet til at genopfylde din Enhancer CO2-cylinder og giver dig mulighed for at opretholde en optimal CO2-niveau uden at skulle k\u00f8be en helt ny enhed.<\/p>\n<p>The Enhancer Refill indeholder en naturlig og \u00f8kologisk CO2-ekstrakt, der hj\u00e6lper dine planter med at \u00f8ge deres fotosyntetiske aktivitet og v\u00e6kst. Dette produkt er let at bruge, du skal blot f\u00f8lge instruktionerne, der f\u00f8lger med din Enhancer CO2-cylinder, og genopfylde den med dette refill-produkt, n\u00e5r det er n\u00f8dvendigt.<\/p>\n<p>Med The Enhancer Refill kan du opretholde en optimal CO2-niveau i dit grow room eller drivhus p\u00e5 en nem og omkostningseffektiv m\u00e5de, samtidig med at du f\u00e5r en \u00f8get plantev\u00e6kst og h\u00f8jere udbytter. Dette produkt er ogs\u00e5 \u00f8kologisk og naturligt, hvilket betyder, at det er sikkert for dine planter og milj\u00f8venligt.<\/p>","protected":false},"excerpt":{"rendered":"<p>Dette produkt er let at bruge, du skal blot f\u00f8lge instruktionerne, der f\u00f8lger med din Enhancer CO2-cylinder, og genopfylde den med dette refill-produkt, n\u00e5r det er n\u00f8dvendigt.<\/p>","protected":false},"featured_media":60426,"template":"","meta":{"_acf_changed":false},"product_brand":[],"product_cat":[1884,1824],"product_tag":[],"class_list":{"0":"post-60425","1":"product","2":"type-product","3":"status-publish","4":"has-post-thumbnail","6":"product_cat-co2","7":"product_cat-klima","9":"first","10":"instock","11":"taxable","12":"shipping-taxable","13":"purchasable","14":"product-type-simple"},"acf":[],"yoast_head":"<!-- This site is optimized with the Yoast SEO plugin v26.9 - https:\/\/yoast.com\/product\/yoast-seo-wordpress\/ -->\n<title>CO2 Canister refill - Superseeds.dk<\/title>\n<meta name=\"robots\" content=\"index, follow, max-snippet:-1, max-image-preview:large, max-video-preview:-1\" \/>\n<link rel=\"canonical\" href=\"https:\/\/superseeds.dk\/se\/produkt\/co2-canister-refill\/\" \/>\n<meta property=\"og:locale\" content=\"sv_SE\" \/>\n<meta property=\"og:type\" content=\"article\" \/>\n<meta property=\"og:title\" content=\"CO2 Canister refill - Superseeds.dk\" \/>\n<meta property=\"og:description\" content=\"Dette produkt er let at bruge, du skal blot f\u00f8lge instruktionerne, der f\u00f8lger med din Enhancer CO2-cylinder, og genopfylde den med dette refill-produkt, n\u00e5r det er n\u00f8dvendigt.\" \/>\n<meta property=\"og:url\" content=\"https:\/\/superseeds.dk\/se\/produkt\/co2-canister-refill\/\" \/>\n<meta property=\"og:site_name\" content=\"Superseeds.dk\" \/>\n<meta property=\"article:modified_time\" content=\"2025-01-30T23:27:06+00:00\" \/>\n<meta property=\"og:image\" content=\"https:\/\/super-seeds.no\/wp-content\/uploads\/2025\/01\/CO2-Canister-refill.png\" \/>\n\t<meta property=\"og:image:width\" content=\"1080\" \/>\n\t<meta property=\"og:image:height\" content=\"1080\" \/>\n\t<meta property=\"og:image:type\" content=\"image\/png\" \/>\n<meta name=\"twitter:card\" content=\"summary_large_image\" \/>\n<meta name=\"twitter:label1\" content=\"Ber\u00e4knad l\u00e4stid\" \/>\n\t<meta name=\"twitter:data1\" content=\"1 minut\" \/>\n<script type=\"application\/ld+json\" class=\"yoast-schema-graph\">{\"@context\":\"https:\/\/schema.org\",\"@graph\":[{\"@type\":\"WebPage\",\"@id\":\"https:\/\/superseeds.dk\/vare\/co2-canister-refill\/\",\"url\":\"https:\/\/superseeds.dk\/vare\/co2-canister-refill\/\",\"name\":\"CO2 Canister refill - Superseeds.dk\",\"isPartOf\":{\"@id\":\"https:\/\/super-seeds.se\/#website\"},\"primaryImageOfPage\":{\"@id\":\"https:\/\/superseeds.dk\/vare\/co2-canister-refill\/#primaryimage\"},\"image\":{\"@id\":\"https:\/\/superseeds.dk\/vare\/co2-canister-refill\/#primaryimage\"},\"thumbnailUrl\":\"https:\/\/superseeds.dk\/wp-content\/uploads\/2025\/01\/CO2-Canister-refill.png\",\"datePublished\":\"2025-01-30T23:27:03+00:00\",\"dateModified\":\"2025-01-30T23:27:06+00:00\",\"breadcrumb\":{\"@id\":\"https:\/\/superseeds.dk\/vare\/co2-canister-refill\/#breadcrumb\"},\"inLanguage\":\"sv-SE\",\"potentialAction\":[{\"@type\":\"ReadAction\",\"target\":[\"https:\/\/superseeds.dk\/vare\/co2-canister-refill\/\"]}]},{\"@type\":\"ImageObject\",\"inLanguage\":\"sv-SE\",\"@id\":\"https:\/\/superseeds.dk\/vare\/co2-canister-refill\/#primaryimage\",\"url\":\"https:\/\/superseeds.dk\/wp-content\/uploads\/2025\/01\/CO2-Canister-refill.png\",\"contentUrl\":\"https:\/\/superseeds.dk\/wp-content\/uploads\/2025\/01\/CO2-Canister-refill.png\",\"width\":1080,\"height\":1080},{\"@type\":\"BreadcrumbList\",\"@id\":\"https:\/\/superseeds.dk\/vare\/co2-canister-refill\/#breadcrumb\",\"itemListElement\":[{\"@type\":\"ListItem\",\"position\":1,\"name\":\"Hjem\",\"item\":\"https:\/\/superseeds.dk\/\"},{\"@type\":\"ListItem\",\"position\":2,\"name\":\"Shop\",\"item\":\"https:\/\/superseeds.dk\/no\/butikk\/\"},{\"@type\":\"ListItem\",\"position\":3,\"name\":\"CO2 Canister refill\"}]},{\"@type\":\"WebSite\",\"@id\":\"https:\/\/super-seeds.se\/#website\",\"url\":\"https:\/\/super-seeds.se\/\",\"name\":\"Superseeds.dk\",\"description\":\"\",\"publisher\":{\"@id\":\"https:\/\/super-seeds.se\/#organization\"},\"potentialAction\":[{\"@type\":\"SearchAction\",\"target\":{\"@type\":\"EntryPoint\",\"urlTemplate\":\"https:\/\/super-seeds.se\/?s={search_term_string}\"},\"query-input\":{\"@type\":\"PropertyValueSpecification\",\"valueRequired\":true,\"valueName\":\"search_term_string\"}}],\"inLanguage\":\"sv-SE\"},{\"@type\":\"Organization\",\"@id\":\"https:\/\/super-seeds.se\/#organization\",\"name\":\"Superseeds.dk\",\"url\":\"https:\/\/super-seeds.se\/\",\"logo\":{\"@type\":\"ImageObject\",\"inLanguage\":\"sv-SE\",\"@id\":\"https:\/\/super-seeds.se\/#\/schema\/logo\/image\/\",\"url\":\"https:\/\/superseeds.dk\/wp-content\/uploads\/2025\/09\/logo-superseeds.png\",\"contentUrl\":\"https:\/\/superseeds.dk\/wp-content\/uploads\/2025\/09\/logo-superseeds.png\",\"width\":180,\"height\":160,\"caption\":\"Superseeds.dk\"},\"image\":{\"@id\":\"https:\/\/super-seeds.se\/#\/schema\/logo\/image\/\"}}]}<\/script>\n<!-- \/ Yoast SEO plugin. -->","yoast_head_json":{"title":"CO2 Canister refill - Superseeds.dk","robots":{"index":"index","follow":"follow","max-snippet":"max-snippet:-1","max-image-preview":"max-image-preview:large","max-video-preview":"max-video-preview:-1"},"canonical":"https:\/\/superseeds.dk\/se\/produkt\/co2-canister-refill\/","og_locale":"sv_SE","og_type":"article","og_title":"CO2 Canister refill - Superseeds.dk","og_description":"Dette produkt er let at bruge, du skal blot f\u00f8lge instruktionerne, der f\u00f8lger med din Enhancer CO2-cylinder, og genopfylde den med dette refill-produkt, n\u00e5r det er n\u00f8dvendigt.","og_url":"https:\/\/superseeds.dk\/se\/produkt\/co2-canister-refill\/","og_site_name":"Superseeds.dk","article_modified_time":"2025-01-30T23:27:06+00:00","og_image":[{"width":1080,"height":1080,"url":"https:\/\/super-seeds.no\/wp-content\/uploads\/2025\/01\/CO2-Canister-refill.png","type":"image\/png"}],"twitter_card":"summary_large_image","twitter_misc":{"Ber\u00e4knad l\u00e4stid":"1 minut"},"schema":{"@context":"https:\/\/schema.org","@graph":[{"@type":"WebPage","@id":"https:\/\/superseeds.dk\/vare\/co2-canister-refill\/","url":"https:\/\/superseeds.dk\/vare\/co2-canister-refill\/","name":"CO2 Canister refill - Superseeds.dk","isPartOf":{"@id":"https:\/\/super-seeds.se\/#website"},"primaryImageOfPage":{"@id":"https:\/\/superseeds.dk\/vare\/co2-canister-refill\/#primaryimage"},"image":{"@id":"https:\/\/superseeds.dk\/vare\/co2-canister-refill\/#primaryimage"},"thumbnailUrl":"https:\/\/superseeds.dk\/wp-content\/uploads\/2025\/01\/CO2-Canister-refill.png","datePublished":"2025-01-30T23:27:03+00:00","dateModified":"2025-01-30T23:27:06+00:00","breadcrumb":{"@id":"https:\/\/superseeds.dk\/vare\/co2-canister-refill\/#breadcrumb"},"inLanguage":"sv-SE","potentialAction":[{"@type":"ReadAction","target":["https:\/\/superseeds.dk\/vare\/co2-canister-refill\/"]}]},{"@type":"ImageObject","inLanguage":"sv-SE","@id":"https:\/\/superseeds.dk\/vare\/co2-canister-refill\/#primaryimage","url":"https:\/\/superseeds.dk\/wp-content\/uploads\/2025\/01\/CO2-Canister-refill.png","contentUrl":"https:\/\/superseeds.dk\/wp-content\/uploads\/2025\/01\/CO2-Canister-refill.png","width":1080,"height":1080},{"@type":"BreadcrumbList","@id":"https:\/\/superseeds.dk\/vare\/co2-canister-refill\/#breadcrumb","itemListElement":[{"@type":"ListItem","position":1,"name":"Hjem","item":"https:\/\/superseeds.dk\/"},{"@type":"ListItem","position":2,"name":"Shop","item":"https:\/\/superseeds.dk\/no\/butikk\/"},{"@type":"ListItem","position":3,"name":"CO2 Canister refill"}]},{"@type":"WebSite","@id":"https:\/\/super-seeds.se\/#website","url":"https:\/\/super-seeds.se\/","name":"Superseeds.com","description":"","publisher":{"@id":"https:\/\/super-seeds.se\/#organization"},"potentialAction":[{"@type":"SearchAction","target":{"@type":"EntryPoint","urlTemplate":"https:\/\/super-seeds.se\/?s={search_term_string}"},"query-input":{"@type":"PropertyValueSpecification","valueRequired":true,"valueName":"search_term_string"}}],"inLanguage":"sv-SE"},{"@type":"Organization","@id":"https:\/\/super-seeds.se\/#organization","name":"Superseeds.com","url":"https:\/\/super-seeds.se\/","logo":{"@type":"ImageObject","inLanguage":"sv-SE","@id":"https:\/\/super-seeds.se\/#\/schema\/logo\/image\/","url":"https:\/\/superseeds.dk\/wp-content\/uploads\/2025\/09\/logo-superseeds.png","contentUrl":"https:\/\/superseeds.dk\/wp-content\/uploads\/2025\/09\/logo-superseeds.png","width":180,"height":160,"caption":"Superseeds.dk"},"image":{"@id":"https:\/\/super-seeds.se\/#\/schema\/logo\/image\/"}}]}},"df_price":149.95,"df_sale_price":"","df_regular_price":149.95,"df_image_link":"https:\/\/superseeds.dk\/wp-content\/uploads\/2025\/01\/CO2-Canister-refill-1024x1024.png","_links":{"self":[{"href":"https:\/\/superseeds.dk\/se\/wp-json\/wp\/v2\/product\/60425","targetHints":{"allow":["GET"]}}],"collection":[{"href":"https:\/\/superseeds.dk\/se\/wp-json\/wp\/v2\/product"}],"about":[{"href":"https:\/\/superseeds.dk\/se\/wp-json\/wp\/v2\/types\/product"}],"wp:featuredmedia":[{"embeddable":true,"href":"https:\/\/superseeds.dk\/se\/wp-json\/wp\/v2\/media\/60426"}],"wp:attachment":[{"href":"https:\/\/superseeds.dk\/se\/wp-json\/wp\/v2\/media?parent=60425"}],"wp:term":[{"taxonomy":"product_brand","embeddable":true,"href":"https:\/\/superseeds.dk\/se\/wp-json\/wp\/v2\/product_brand?post=60425"},{"taxonomy":"product_cat","embeddable":true,"href":"https:\/\/superseeds.dk\/se\/wp-json\/wp\/v2\/product_cat?post=60425"},{"taxonomy":"product_tag","embeddable":true,"href":"https:\/\/superseeds.dk\/se\/wp-json\/wp\/v2\/product_tag?post=60425"}],"curies":[{"name":"wp","href":"https:\/\/api.w.org\/{rel}","templated":true}]}}