{"id":60245,"date":"2025-01-30T23:30:32","date_gmt":"2025-01-30T22:30:32","guid":{"rendered":"https:\/\/superseeds.dk\/vare\/adzukiboenne\/"},"modified":"2025-01-30T23:30:43","modified_gmt":"2025-01-30T22:30:43","slug":"adzukiboenne","status":"publish","type":"product","link":"https:\/\/superseeds.dk\/se\/produkt\/adzukiboenne\/","title":{"rendered":"Adzukib\u00f8nne"},"content":{"rendered":"<p><strong>Kultivering:<\/strong><\/p>\n<p>Man skal altid v\u00e6re i god tid med sin dyrkning, da fr\u00f8ene skal ligge ibl\u00f8d.<\/p>\n<p>Fr\u00f8ene skal gerne ligges i bl\u00f8d i 8 timer, inden s\u00e5ning. Derefter skal de skylles igennem og s\u00e5es. Adzuki fr\u00f8 kan b\u00e5de s\u00e5es p\u00e5 jord, cocos og p\u00e5 vores hampem\u00e5tter.<\/p>\n<p>Hvis der er nogen fr\u00f8 der ikke har suget vand, og blevet lysere i farven skal disse kasseres.<\/p>\n<p>Men vi foretr\u00e6kker helt klart jord eller cocos.<\/p>\n<p>De skal vandes gerne 2 gange om dagen, og skylles med rent vand.<\/p>\n<p>Du skal ikke v\u00e6re bekymret ved tilv\u00e6relsen af sm\u00e5 h\u00e5r, disse kaldes rodh\u00e5r (fiberr\u00f8dder), og man kan nemt se om fr\u00f8ene har det for t\u00f8rt da der s\u00e5 kommer flere af disse rodh\u00e5r.<\/p>\n<p>Efter 4-12 dage er den klar til at blive udnyttet p\u00e5 n\u00e6sten lige hvad du har lyst til.<\/p>\n<p>Efter 4 dage er den klar som spire og efter en 8-12 er den klar som micro gr\u00f8nt<\/p>\n<p>Vores fr\u00f8 er fra \u00f8kologisk certificeret kilde, bakterietestet og f\u00f8lger Dansk og Europ\u00e6isk f\u00f8devarelovgivning indenfor spirefr\u00f8.<\/p>\n<p>De kommer med en garanti for sikker spise, h\u00f8j spireevne og l\u00e6kkerhed.<\/p>","protected":false},"excerpt":{"rendered":"<p>Kultivering: Man skal altid v\u00e6re i god tid med sin dyrkning, da fr\u00f8ene skal ligge ibl\u00f8d. Fr\u00f8ene skal gerne ligges i bl\u00f8d i 8 timer, inden s\u00e5ning. Derefter skal de skylles igennem og s\u00e5es. Adzuki fr\u00f8 kan b\u00e5de s\u00e5es p\u00e5 jord, cocos og p\u00e5 vores hampem\u00e5tter. Hvis der er nogen fr\u00f8 der ikke har suget [&hellip;]<\/p>\n","protected":false},"featured_media":60283,"template":"","meta":{"_acf_changed":false},"product_brand":[],"product_cat":[1829,2020],"product_tag":[],"class_list":{"0":"post-60245","1":"product","2":"type-product","3":"status-publish","4":"has-post-thumbnail","6":"product_cat-microgreens","7":"product_cat-microgreens-froe","8":"pa_gram-100-g","9":"pa_gram-300g","11":"first","12":"instock","13":"taxable","14":"shipping-taxable","15":"purchasable","16":"product-type-variable","17":"wvs-archive-product-wrapper"},"acf":[],"yoast_head":"<!-- This site is optimized with the Yoast SEO plugin v26.9 - https:\/\/yoast.com\/product\/yoast-seo-wordpress\/ -->\n<title>Adzukib\u00f8nne - Superseeds.dk<\/title>\n<meta name=\"robots\" content=\"index, follow, max-snippet:-1, max-image-preview:large, max-video-preview:-1\" \/>\n<link rel=\"canonical\" href=\"https:\/\/superseeds.dk\/se\/produkt\/adzukiboenne\/\" \/>\n<meta property=\"og:locale\" content=\"sv_SE\" \/>\n<meta property=\"og:type\" content=\"article\" \/>\n<meta property=\"og:title\" content=\"Adzukib\u00f8nne - Superseeds.dk\" \/>\n<meta property=\"og:description\" content=\"Kultivering: Man skal altid v\u00e6re i god tid med sin dyrkning, da fr\u00f8ene skal ligge ibl\u00f8d. Fr\u00f8ene skal gerne ligges i bl\u00f8d i 8 timer, inden s\u00e5ning. Derefter skal de skylles igennem og s\u00e5es. Adzuki fr\u00f8 kan b\u00e5de s\u00e5es p\u00e5 jord, cocos og p\u00e5 vores hampem\u00e5tter. Hvis der er nogen fr\u00f8 der ikke har suget [&hellip;]\" \/>\n<meta property=\"og:url\" content=\"https:\/\/superseeds.dk\/se\/produkt\/adzukiboenne\/\" \/>\n<meta property=\"og:site_name\" content=\"Superseeds.dk\" \/>\n<meta property=\"article:modified_time\" content=\"2025-01-30T22:30:43+00:00\" \/>\n<meta property=\"og:image\" content=\"https:\/\/dev.dev.dev.dev.superseeds.dk\/wp-content\/uploads\/2025\/01\/Adzukiboenne.png\" \/>\n\t<meta property=\"og:image:width\" content=\"1080\" \/>\n\t<meta property=\"og:image:height\" content=\"1080\" \/>\n\t<meta property=\"og:image:type\" content=\"image\/png\" \/>\n<meta name=\"twitter:card\" content=\"summary_large_image\" \/>\n<meta name=\"twitter:label1\" content=\"Ber\u00e4knad l\u00e4stid\" \/>\n\t<meta name=\"twitter:data1\" content=\"1 minut\" \/>\n<script type=\"application\/ld+json\" class=\"yoast-schema-graph\">{\"@context\":\"https:\/\/schema.org\",\"@graph\":[{\"@type\":\"WebPage\",\"@id\":\"https:\/\/superseeds.dk\/vare\/adzukiboenne\/\",\"url\":\"https:\/\/superseeds.dk\/vare\/adzukiboenne\/\",\"name\":\"Adzukib\u00f8nne - Superseeds.dk\",\"isPartOf\":{\"@id\":\"https:\/\/super-seeds.se\/#website\"},\"primaryImageOfPage\":{\"@id\":\"https:\/\/superseeds.dk\/vare\/adzukiboenne\/#primaryimage\"},\"image\":{\"@id\":\"https:\/\/superseeds.dk\/vare\/adzukiboenne\/#primaryimage\"},\"thumbnailUrl\":\"https:\/\/superseeds.dk\/wp-content\/uploads\/2025\/01\/Adzukiboenne.png\",\"datePublished\":\"2025-01-30T22:30:32+00:00\",\"dateModified\":\"2025-01-30T22:30:43+00:00\",\"breadcrumb\":{\"@id\":\"https:\/\/superseeds.dk\/vare\/adzukiboenne\/#breadcrumb\"},\"inLanguage\":\"sv-SE\",\"potentialAction\":[{\"@type\":\"ReadAction\",\"target\":[\"https:\/\/superseeds.dk\/vare\/adzukiboenne\/\"]}]},{\"@type\":\"ImageObject\",\"inLanguage\":\"sv-SE\",\"@id\":\"https:\/\/superseeds.dk\/vare\/adzukiboenne\/#primaryimage\",\"url\":\"https:\/\/superseeds.dk\/wp-content\/uploads\/2025\/01\/Adzukiboenne.png\",\"contentUrl\":\"https:\/\/superseeds.dk\/wp-content\/uploads\/2025\/01\/Adzukiboenne.png\",\"width\":1080,\"height\":1080},{\"@type\":\"BreadcrumbList\",\"@id\":\"https:\/\/superseeds.dk\/vare\/adzukiboenne\/#breadcrumb\",\"itemListElement\":[{\"@type\":\"ListItem\",\"position\":1,\"name\":\"Hjem\",\"item\":\"https:\/\/superseeds.dk\/\"},{\"@type\":\"ListItem\",\"position\":2,\"name\":\"Shop\",\"item\":\"https:\/\/superseeds.dk\/no\/butikk\/\"},{\"@type\":\"ListItem\",\"position\":3,\"name\":\"Adzukib\u00f8nne\"}]},{\"@type\":\"WebSite\",\"@id\":\"https:\/\/super-seeds.se\/#website\",\"url\":\"https:\/\/super-seeds.se\/\",\"name\":\"Superseeds.dk\",\"description\":\"\",\"publisher\":{\"@id\":\"https:\/\/super-seeds.se\/#organization\"},\"potentialAction\":[{\"@type\":\"SearchAction\",\"target\":{\"@type\":\"EntryPoint\",\"urlTemplate\":\"https:\/\/super-seeds.se\/?s={search_term_string}\"},\"query-input\":{\"@type\":\"PropertyValueSpecification\",\"valueRequired\":true,\"valueName\":\"search_term_string\"}}],\"inLanguage\":\"sv-SE\"},{\"@type\":\"Organization\",\"@id\":\"https:\/\/super-seeds.se\/#organization\",\"name\":\"Superseeds.dk\",\"url\":\"https:\/\/super-seeds.se\/\",\"logo\":{\"@type\":\"ImageObject\",\"inLanguage\":\"sv-SE\",\"@id\":\"https:\/\/super-seeds.se\/#\/schema\/logo\/image\/\",\"url\":\"https:\/\/superseeds.dk\/wp-content\/uploads\/2025\/09\/logo-superseeds.png\",\"contentUrl\":\"https:\/\/superseeds.dk\/wp-content\/uploads\/2025\/09\/logo-superseeds.png\",\"width\":180,\"height\":160,\"caption\":\"Superseeds.dk\"},\"image\":{\"@id\":\"https:\/\/super-seeds.se\/#\/schema\/logo\/image\/\"}}]}<\/script>\n<!-- \/ Yoast SEO plugin. -->","yoast_head_json":{"title":"Adzukib\u00f8nne - Superseeds.dk","robots":{"index":"index","follow":"follow","max-snippet":"max-snippet:-1","max-image-preview":"max-image-preview:large","max-video-preview":"max-video-preview:-1"},"canonical":"https:\/\/superseeds.dk\/se\/produkt\/adzukiboenne\/","og_locale":"sv_SE","og_type":"article","og_title":"Adzukib\u00f8nne - Superseeds.dk","og_description":"Kultivering: Man skal altid v\u00e6re i god tid med sin dyrkning, da fr\u00f8ene skal ligge ibl\u00f8d. Fr\u00f8ene skal gerne ligges i bl\u00f8d i 8 timer, inden s\u00e5ning. Derefter skal de skylles igennem og s\u00e5es. Adzuki fr\u00f8 kan b\u00e5de s\u00e5es p\u00e5 jord, cocos og p\u00e5 vores hampem\u00e5tter. Hvis der er nogen fr\u00f8 der ikke har suget [&hellip;]","og_url":"https:\/\/superseeds.dk\/se\/produkt\/adzukiboenne\/","og_site_name":"Superseeds.dk","article_modified_time":"2025-01-30T22:30:43+00:00","og_image":[{"width":1080,"height":1080,"url":"https:\/\/dev.dev.dev.dev.superseeds.dk\/wp-content\/uploads\/2025\/01\/Adzukiboenne.png","type":"image\/png"}],"twitter_card":"summary_large_image","twitter_misc":{"Ber\u00e4knad l\u00e4stid":"1 minut"},"schema":{"@context":"https:\/\/schema.org","@graph":[{"@type":"WebPage","@id":"https:\/\/superseeds.dk\/vare\/adzukiboenne\/","url":"https:\/\/superseeds.dk\/vare\/adzukiboenne\/","name":"Adzukib\u00f8nne - Superseeds.dk","isPartOf":{"@id":"https:\/\/super-seeds.se\/#website"},"primaryImageOfPage":{"@id":"https:\/\/superseeds.dk\/vare\/adzukiboenne\/#primaryimage"},"image":{"@id":"https:\/\/superseeds.dk\/vare\/adzukiboenne\/#primaryimage"},"thumbnailUrl":"https:\/\/superseeds.dk\/wp-content\/uploads\/2025\/01\/Adzukiboenne.png","datePublished":"2025-01-30T22:30:32+00:00","dateModified":"2025-01-30T22:30:43+00:00","breadcrumb":{"@id":"https:\/\/superseeds.dk\/vare\/adzukiboenne\/#breadcrumb"},"inLanguage":"sv-SE","potentialAction":[{"@type":"ReadAction","target":["https:\/\/superseeds.dk\/vare\/adzukiboenne\/"]}]},{"@type":"ImageObject","inLanguage":"sv-SE","@id":"https:\/\/superseeds.dk\/vare\/adzukiboenne\/#primaryimage","url":"https:\/\/superseeds.dk\/wp-content\/uploads\/2025\/01\/Adzukiboenne.png","contentUrl":"https:\/\/superseeds.dk\/wp-content\/uploads\/2025\/01\/Adzukiboenne.png","width":1080,"height":1080},{"@type":"BreadcrumbList","@id":"https:\/\/superseeds.dk\/vare\/adzukiboenne\/#breadcrumb","itemListElement":[{"@type":"ListItem","position":1,"name":"Hjem","item":"https:\/\/superseeds.dk\/"},{"@type":"ListItem","position":2,"name":"Shop","item":"https:\/\/superseeds.dk\/no\/butikk\/"},{"@type":"ListItem","position":3,"name":"Adzukib\u00f8nne"}]},{"@type":"WebSite","@id":"https:\/\/super-seeds.se\/#website","url":"https:\/\/super-seeds.se\/","name":"Superseeds.com","description":"","publisher":{"@id":"https:\/\/super-seeds.se\/#organization"},"potentialAction":[{"@type":"SearchAction","target":{"@type":"EntryPoint","urlTemplate":"https:\/\/super-seeds.se\/?s={search_term_string}"},"query-input":{"@type":"PropertyValueSpecification","valueRequired":true,"valueName":"search_term_string"}}],"inLanguage":"sv-SE"},{"@type":"Organization","@id":"https:\/\/super-seeds.se\/#organization","name":"Superseeds.com","url":"https:\/\/super-seeds.se\/","logo":{"@type":"ImageObject","inLanguage":"sv-SE","@id":"https:\/\/super-seeds.se\/#\/schema\/logo\/image\/","url":"https:\/\/superseeds.dk\/wp-content\/uploads\/2025\/09\/logo-superseeds.png","contentUrl":"https:\/\/superseeds.dk\/wp-content\/uploads\/2025\/09\/logo-superseeds.png","width":180,"height":160,"caption":"Superseeds.dk"},"image":{"@id":"https:\/\/super-seeds.se\/#\/schema\/logo\/image\/"}}]}},"df_price":19,"df_sale_price":"","df_regular_price":19,"df_image_link":"https:\/\/superseeds.dk\/wp-content\/uploads\/2025\/01\/Adzukiboenne-1024x1024.png","_links":{"self":[{"href":"https:\/\/superseeds.dk\/se\/wp-json\/wp\/v2\/product\/60245","targetHints":{"allow":["GET"]}}],"collection":[{"href":"https:\/\/superseeds.dk\/se\/wp-json\/wp\/v2\/product"}],"about":[{"href":"https:\/\/superseeds.dk\/se\/wp-json\/wp\/v2\/types\/product"}],"wp:featuredmedia":[{"embeddable":true,"href":"https:\/\/superseeds.dk\/se\/wp-json\/wp\/v2\/media\/60283"}],"wp:attachment":[{"href":"https:\/\/superseeds.dk\/se\/wp-json\/wp\/v2\/media?parent=60245"}],"wp:term":[{"taxonomy":"product_brand","embeddable":true,"href":"https:\/\/superseeds.dk\/se\/wp-json\/wp\/v2\/product_brand?post=60245"},{"taxonomy":"product_cat","embeddable":true,"href":"https:\/\/superseeds.dk\/se\/wp-json\/wp\/v2\/product_cat?post=60245"},{"taxonomy":"product_tag","embeddable":true,"href":"https:\/\/superseeds.dk\/se\/wp-json\/wp\/v2\/product_tag?post=60245"}],"curies":[{"name":"wp","href":"https:\/\/api.w.org\/{rel}","templated":true}]}}