{"id":60188,"date":"2025-01-30T23:30:09","date_gmt":"2025-01-30T22:30:09","guid":{"rendered":"https:\/\/superseeds.dk\/vare\/linse-spirer\/"},"modified":"2025-01-30T23:30:13","modified_gmt":"2025-01-30T22:30:13","slug":"linse-spirer","status":"publish","type":"product","link":"https:\/\/superseeds.dk\/se\/produkt\/linse-spirer\/","title":{"rendered":"Linse spirer"},"content":{"rendered":"<p>Vores fr\u00f8 er fra \u00f8kologisk certificeret kilde, bakterietestet og f\u00f8lger Dansk og Europ\u00e6isk f\u00f8devarelovgivning indenfor spirefr\u00f8.<\/p>\n<p>De kommer med en garanti for sikker spise, h\u00f8j spireevne og l\u00e6kkerhed.<\/p>\n<p>Hvad med mad?:<\/p>\n<p>Spirer er klar til at spise r\u00e5, og er helt klart ogs\u00e5 min foretrukne m\u00e5de at spise dem p\u00e5. Med et h\u00f8jt sundhedsniveau p\u00e5 grund af de mange vitaminer, mineraler, antioxidanter og proteiner, er de et godt kosttilskud for en sund hverdag.<\/p>\n<p>Du kan evt. k\u00f8re dem med i juicer, smoothies og safter, der er de ogs\u00e5 gode smags givere!<\/p>\n<p>Den er ogs\u00e5 en l\u00e6kker pynt og gir et godt spark til salater, ostemadder, fiskeanretninger og s\u00e5 meget mere!<\/p>\n<p>#GodSpirelyst fra Micro Greens Danmark!<\/p>","protected":false},"excerpt":{"rendered":"<p>Vores fr\u00f8 er fra \u00f8kologisk certificeret kilde, bakterietestet og f\u00f8lger Dansk og Europ\u00e6isk f\u00f8devarelovgivning indenfor spirefr\u00f8. De kommer med en garanti for sikker spise, h\u00f8j spireevne og l\u00e6kkerhed. Hvad med mad?: Spirer er klar til at spise r\u00e5, og er helt klart ogs\u00e5 min foretrukne m\u00e5de at spise dem p\u00e5. Med et h\u00f8jt sundhedsniveau p\u00e5 [&hellip;]<\/p>\n","protected":false},"featured_media":60196,"template":"","meta":{"_acf_changed":false},"product_brand":[],"product_cat":[1829,2020],"product_tag":[],"class_list":{"0":"post-60188","1":"product","2":"type-product","3":"status-publish","4":"has-post-thumbnail","6":"product_cat-microgreens","7":"product_cat-microgreens-froe","8":"pa_gram-100-g","9":"pa_gram-150g","10":"pa_gram-300g","12":"first","13":"onbackorder","14":"taxable","15":"shipping-taxable","16":"purchasable","17":"product-type-variable","18":"wvs-archive-product-wrapper"},"acf":[],"yoast_head":"<!-- This site is optimized with the Yoast SEO plugin v26.9 - https:\/\/yoast.com\/product\/yoast-seo-wordpress\/ -->\n<title>Linse spirer - Superseeds.dk<\/title>\n<meta name=\"robots\" content=\"index, follow, max-snippet:-1, max-image-preview:large, max-video-preview:-1\" \/>\n<link rel=\"canonical\" href=\"https:\/\/superseeds.dk\/se\/produkt\/linse-spirer\/\" \/>\n<meta property=\"og:locale\" content=\"sv_SE\" \/>\n<meta property=\"og:type\" content=\"article\" \/>\n<meta property=\"og:title\" content=\"Linse spirer - Superseeds.dk\" \/>\n<meta property=\"og:description\" content=\"Vores fr\u00f8 er fra \u00f8kologisk certificeret kilde, bakterietestet og f\u00f8lger Dansk og Europ\u00e6isk f\u00f8devarelovgivning indenfor spirefr\u00f8. De kommer med en garanti for sikker spise, h\u00f8j spireevne og l\u00e6kkerhed. Hvad med mad?: Spirer er klar til at spise r\u00e5, og er helt klart ogs\u00e5 min foretrukne m\u00e5de at spise dem p\u00e5. Med et h\u00f8jt sundhedsniveau p\u00e5 [&hellip;]\" \/>\n<meta property=\"og:url\" content=\"https:\/\/superseeds.dk\/se\/produkt\/linse-spirer\/\" \/>\n<meta property=\"og:site_name\" content=\"Superseeds.dk\" \/>\n<meta property=\"article:modified_time\" content=\"2025-01-30T22:30:13+00:00\" \/>\n<meta property=\"og:image\" content=\"https:\/\/super-seeds.no\/wp-content\/uploads\/2025\/01\/Linse-spirer.png\" \/>\n\t<meta property=\"og:image:width\" content=\"1080\" \/>\n\t<meta property=\"og:image:height\" content=\"1080\" \/>\n\t<meta property=\"og:image:type\" content=\"image\/png\" \/>\n<meta name=\"twitter:card\" content=\"summary_large_image\" \/>\n<meta name=\"twitter:label1\" content=\"Ber\u00e4knad l\u00e4stid\" \/>\n\t<meta name=\"twitter:data1\" content=\"1 minut\" \/>\n<script type=\"application\/ld+json\" class=\"yoast-schema-graph\">{\"@context\":\"https:\/\/schema.org\",\"@graph\":[{\"@type\":\"WebPage\",\"@id\":\"https:\/\/superseeds.dk\/vare\/linse-spirer\/\",\"url\":\"https:\/\/superseeds.dk\/vare\/linse-spirer\/\",\"name\":\"Linse spirer - Superseeds.dk\",\"isPartOf\":{\"@id\":\"https:\/\/super-seeds.se\/#website\"},\"primaryImageOfPage\":{\"@id\":\"https:\/\/superseeds.dk\/vare\/linse-spirer\/#primaryimage\"},\"image\":{\"@id\":\"https:\/\/superseeds.dk\/vare\/linse-spirer\/#primaryimage\"},\"thumbnailUrl\":\"https:\/\/superseeds.dk\/wp-content\/uploads\/2025\/01\/Linse-spirer.png\",\"datePublished\":\"2025-01-30T22:30:09+00:00\",\"dateModified\":\"2025-01-30T22:30:13+00:00\",\"breadcrumb\":{\"@id\":\"https:\/\/superseeds.dk\/vare\/linse-spirer\/#breadcrumb\"},\"inLanguage\":\"sv-SE\",\"potentialAction\":[{\"@type\":\"ReadAction\",\"target\":[\"https:\/\/superseeds.dk\/vare\/linse-spirer\/\"]}]},{\"@type\":\"ImageObject\",\"inLanguage\":\"sv-SE\",\"@id\":\"https:\/\/superseeds.dk\/vare\/linse-spirer\/#primaryimage\",\"url\":\"https:\/\/superseeds.dk\/wp-content\/uploads\/2025\/01\/Linse-spirer.png\",\"contentUrl\":\"https:\/\/superseeds.dk\/wp-content\/uploads\/2025\/01\/Linse-spirer.png\",\"width\":1080,\"height\":1080},{\"@type\":\"BreadcrumbList\",\"@id\":\"https:\/\/superseeds.dk\/vare\/linse-spirer\/#breadcrumb\",\"itemListElement\":[{\"@type\":\"ListItem\",\"position\":1,\"name\":\"Hjem\",\"item\":\"https:\/\/superseeds.dk\/\"},{\"@type\":\"ListItem\",\"position\":2,\"name\":\"Shop\",\"item\":\"https:\/\/superseeds.dk\/no\/butikk\/\"},{\"@type\":\"ListItem\",\"position\":3,\"name\":\"Linse spirer\"}]},{\"@type\":\"WebSite\",\"@id\":\"https:\/\/super-seeds.se\/#website\",\"url\":\"https:\/\/super-seeds.se\/\",\"name\":\"Superseeds.dk\",\"description\":\"\",\"publisher\":{\"@id\":\"https:\/\/super-seeds.se\/#organization\"},\"potentialAction\":[{\"@type\":\"SearchAction\",\"target\":{\"@type\":\"EntryPoint\",\"urlTemplate\":\"https:\/\/super-seeds.se\/?s={search_term_string}\"},\"query-input\":{\"@type\":\"PropertyValueSpecification\",\"valueRequired\":true,\"valueName\":\"search_term_string\"}}],\"inLanguage\":\"sv-SE\"},{\"@type\":\"Organization\",\"@id\":\"https:\/\/super-seeds.se\/#organization\",\"name\":\"Superseeds.dk\",\"url\":\"https:\/\/super-seeds.se\/\",\"logo\":{\"@type\":\"ImageObject\",\"inLanguage\":\"sv-SE\",\"@id\":\"https:\/\/super-seeds.se\/#\/schema\/logo\/image\/\",\"url\":\"https:\/\/superseeds.dk\/wp-content\/uploads\/2025\/09\/logo-superseeds.png\",\"contentUrl\":\"https:\/\/superseeds.dk\/wp-content\/uploads\/2025\/09\/logo-superseeds.png\",\"width\":180,\"height\":160,\"caption\":\"Superseeds.dk\"},\"image\":{\"@id\":\"https:\/\/super-seeds.se\/#\/schema\/logo\/image\/\"}}]}<\/script>\n<!-- \/ Yoast SEO plugin. -->","yoast_head_json":{"title":"Linse spirer - Superseeds.dk","robots":{"index":"index","follow":"follow","max-snippet":"max-snippet:-1","max-image-preview":"max-image-preview:large","max-video-preview":"max-video-preview:-1"},"canonical":"https:\/\/superseeds.dk\/se\/produkt\/linse-spirer\/","og_locale":"sv_SE","og_type":"article","og_title":"Linse spirer - Superseeds.dk","og_description":"Vores fr\u00f8 er fra \u00f8kologisk certificeret kilde, bakterietestet og f\u00f8lger Dansk og Europ\u00e6isk f\u00f8devarelovgivning indenfor spirefr\u00f8. De kommer med en garanti for sikker spise, h\u00f8j spireevne og l\u00e6kkerhed. Hvad med mad?: Spirer er klar til at spise r\u00e5, og er helt klart ogs\u00e5 min foretrukne m\u00e5de at spise dem p\u00e5. Med et h\u00f8jt sundhedsniveau p\u00e5 [&hellip;]","og_url":"https:\/\/superseeds.dk\/se\/produkt\/linse-spirer\/","og_site_name":"Superseeds.dk","article_modified_time":"2025-01-30T22:30:13+00:00","og_image":[{"width":1080,"height":1080,"url":"https:\/\/super-seeds.no\/wp-content\/uploads\/2025\/01\/Linse-spirer.png","type":"image\/png"}],"twitter_card":"summary_large_image","twitter_misc":{"Ber\u00e4knad l\u00e4stid":"1 minut"},"schema":{"@context":"https:\/\/schema.org","@graph":[{"@type":"WebPage","@id":"https:\/\/superseeds.dk\/vare\/linse-spirer\/","url":"https:\/\/superseeds.dk\/vare\/linse-spirer\/","name":"Linse spirer - Superseeds.dk","isPartOf":{"@id":"https:\/\/super-seeds.se\/#website"},"primaryImageOfPage":{"@id":"https:\/\/superseeds.dk\/vare\/linse-spirer\/#primaryimage"},"image":{"@id":"https:\/\/superseeds.dk\/vare\/linse-spirer\/#primaryimage"},"thumbnailUrl":"https:\/\/superseeds.dk\/wp-content\/uploads\/2025\/01\/Linse-spirer.png","datePublished":"2025-01-30T22:30:09+00:00","dateModified":"2025-01-30T22:30:13+00:00","breadcrumb":{"@id":"https:\/\/superseeds.dk\/vare\/linse-spirer\/#breadcrumb"},"inLanguage":"sv-SE","potentialAction":[{"@type":"ReadAction","target":["https:\/\/superseeds.dk\/vare\/linse-spirer\/"]}]},{"@type":"ImageObject","inLanguage":"sv-SE","@id":"https:\/\/superseeds.dk\/vare\/linse-spirer\/#primaryimage","url":"https:\/\/superseeds.dk\/wp-content\/uploads\/2025\/01\/Linse-spirer.png","contentUrl":"https:\/\/superseeds.dk\/wp-content\/uploads\/2025\/01\/Linse-spirer.png","width":1080,"height":1080},{"@type":"BreadcrumbList","@id":"https:\/\/superseeds.dk\/vare\/linse-spirer\/#breadcrumb","itemListElement":[{"@type":"ListItem","position":1,"name":"Hjem","item":"https:\/\/superseeds.dk\/"},{"@type":"ListItem","position":2,"name":"Shop","item":"https:\/\/superseeds.dk\/no\/butikk\/"},{"@type":"ListItem","position":3,"name":"Linse spirer"}]},{"@type":"WebSite","@id":"https:\/\/super-seeds.se\/#website","url":"https:\/\/super-seeds.se\/","name":"Superseeds.com","description":"","publisher":{"@id":"https:\/\/super-seeds.se\/#organization"},"potentialAction":[{"@type":"SearchAction","target":{"@type":"EntryPoint","urlTemplate":"https:\/\/super-seeds.se\/?s={search_term_string}"},"query-input":{"@type":"PropertyValueSpecification","valueRequired":true,"valueName":"search_term_string"}}],"inLanguage":"sv-SE"},{"@type":"Organization","@id":"https:\/\/super-seeds.se\/#organization","name":"Superseeds.com","url":"https:\/\/super-seeds.se\/","logo":{"@type":"ImageObject","inLanguage":"sv-SE","@id":"https:\/\/super-seeds.se\/#\/schema\/logo\/image\/","url":"https:\/\/superseeds.dk\/wp-content\/uploads\/2025\/09\/logo-superseeds.png","contentUrl":"https:\/\/superseeds.dk\/wp-content\/uploads\/2025\/09\/logo-superseeds.png","width":180,"height":160,"caption":"Superseeds.dk"},"image":{"@id":"https:\/\/super-seeds.se\/#\/schema\/logo\/image\/"}}]}},"df_price":19,"df_sale_price":"","df_regular_price":19,"df_image_link":"https:\/\/superseeds.dk\/wp-content\/uploads\/2025\/01\/Linse-spirer-1024x1024.png","_links":{"self":[{"href":"https:\/\/superseeds.dk\/se\/wp-json\/wp\/v2\/product\/60188","targetHints":{"allow":["GET"]}}],"collection":[{"href":"https:\/\/superseeds.dk\/se\/wp-json\/wp\/v2\/product"}],"about":[{"href":"https:\/\/superseeds.dk\/se\/wp-json\/wp\/v2\/types\/product"}],"wp:featuredmedia":[{"embeddable":true,"href":"https:\/\/superseeds.dk\/se\/wp-json\/wp\/v2\/media\/60196"}],"wp:attachment":[{"href":"https:\/\/superseeds.dk\/se\/wp-json\/wp\/v2\/media?parent=60188"}],"wp:term":[{"taxonomy":"product_brand","embeddable":true,"href":"https:\/\/superseeds.dk\/se\/wp-json\/wp\/v2\/product_brand?post=60188"},{"taxonomy":"product_cat","embeddable":true,"href":"https:\/\/superseeds.dk\/se\/wp-json\/wp\/v2\/product_cat?post=60188"},{"taxonomy":"product_tag","embeddable":true,"href":"https:\/\/superseeds.dk\/se\/wp-json\/wp\/v2\/product_tag?post=60188"}],"curies":[{"name":"wp","href":"https:\/\/api.w.org\/{rel}","templated":true}]}}