{"id":60168,"date":"2025-01-30T23:30:03","date_gmt":"2025-01-30T22:30:03","guid":{"rendered":"https:\/\/superseeds.dk\/vare\/raps\/"},"modified":"2025-01-30T23:30:05","modified_gmt":"2025-01-30T22:30:05","slug":"raps","status":"publish","type":"product","link":"https:\/\/superseeds.dk\/se\/produkt\/raps\/","title":{"rendered":"Raps"},"content":{"rendered":"<p>Vores fr\u00f8 er fra \u00f8kologisk certificeret kilde, bakterietestet og f\u00f8lger Dansk og Europ\u00e6isk f\u00f8devarelovgivning indenfor spirefr\u00f8.<\/p>\n<p>De kommer med en garanti for sikker spise, h\u00f8j spireevne og l\u00e6kkerhed.<\/p>\n<p>Hvad med mad?:<\/p>\n<p>&nbsp;<\/p>\n<p>Raps spirer er klar til at spise r\u00e5, og er helt klart ogs\u00e5 min foretrukne m\u00e5de at spise dem p\u00e5. Med et h\u00f8jt sundhedsniveau p\u00e5 grund af de mange vitaminer, mineraler, antioxidanter og proteiner, er de et godt kosttilskud for en sund hverdag.<\/p>\n<p>&nbsp;<\/p>\n<p>Du kan evt. k\u00f8re dem med i juicer, smoothies og safter, der er de ogs\u00e5 gode smags givere! Du kan ogs\u00e5 nemt pynte dine salater, wraps eller andet med mikro gr\u00f8nt Raps<\/p>\n<p>#GodSpirelyst fra Micro Greens Danmark<\/p>","protected":false},"excerpt":{"rendered":"<p>Vores fr\u00f8 er fra \u00f8kologisk certificeret kilde, bakterietestet og f\u00f8lger Dansk og Europ\u00e6isk f\u00f8devarelovgivning indenfor spirefr\u00f8. De kommer med en garanti for sikker spise, h\u00f8j spireevne og l\u00e6kkerhed. Hvad med mad?: &nbsp; Raps spirer er klar til at spise r\u00e5, og er helt klart ogs\u00e5 min foretrukne m\u00e5de at spise dem p\u00e5. Med et h\u00f8jt [&hellip;]<\/p>\n","protected":false},"featured_media":60175,"template":"","meta":{"_acf_changed":false},"product_brand":[],"product_cat":[1829,2020],"product_tag":[],"class_list":{"0":"post-60168","1":"product","2":"type-product","3":"status-publish","4":"has-post-thumbnail","6":"product_cat-microgreens","7":"product_cat-microgreens-froe","8":"pa_gram-100-g","9":"pa_gram-50-g","11":"first","12":"onbackorder","13":"taxable","14":"shipping-taxable","15":"purchasable","16":"product-type-variable","17":"wvs-archive-product-wrapper"},"acf":[],"yoast_head":"<!-- This site is optimized with the Yoast SEO plugin v26.9 - https:\/\/yoast.com\/product\/yoast-seo-wordpress\/ -->\n<title>Raps - Superseeds.dk<\/title>\n<meta name=\"robots\" content=\"index, follow, max-snippet:-1, max-image-preview:large, max-video-preview:-1\" \/>\n<link rel=\"canonical\" href=\"https:\/\/superseeds.dk\/se\/produkt\/raps\/\" \/>\n<meta property=\"og:locale\" content=\"sv_SE\" \/>\n<meta property=\"og:type\" content=\"article\" \/>\n<meta property=\"og:title\" content=\"Raps - Superseeds.dk\" \/>\n<meta property=\"og:description\" content=\"Vores fr\u00f8 er fra \u00f8kologisk certificeret kilde, bakterietestet og f\u00f8lger Dansk og Europ\u00e6isk f\u00f8devarelovgivning indenfor spirefr\u00f8. De kommer med en garanti for sikker spise, h\u00f8j spireevne og l\u00e6kkerhed. Hvad med mad?: &nbsp; Raps spirer er klar til at spise r\u00e5, og er helt klart ogs\u00e5 min foretrukne m\u00e5de at spise dem p\u00e5. Med et h\u00f8jt [&hellip;]\" \/>\n<meta property=\"og:url\" content=\"https:\/\/superseeds.dk\/se\/produkt\/raps\/\" \/>\n<meta property=\"og:site_name\" content=\"Superseeds.dk\" \/>\n<meta property=\"article:modified_time\" content=\"2025-01-30T22:30:05+00:00\" \/>\n<meta property=\"og:image\" content=\"https:\/\/super-seeds.no\/wp-content\/uploads\/2025\/01\/Raps_seed.jpg\" \/>\n\t<meta property=\"og:image:width\" content=\"500\" \/>\n\t<meta property=\"og:image:height\" content=\"500\" \/>\n\t<meta property=\"og:image:type\" content=\"image\/jpeg\" \/>\n<meta name=\"twitter:card\" content=\"summary_large_image\" \/>\n<meta name=\"twitter:label1\" content=\"Ber\u00e4knad l\u00e4stid\" \/>\n\t<meta name=\"twitter:data1\" content=\"1 minut\" \/>\n<script type=\"application\/ld+json\" class=\"yoast-schema-graph\">{\"@context\":\"https:\/\/schema.org\",\"@graph\":[{\"@type\":\"WebPage\",\"@id\":\"https:\/\/superseeds.dk\/vare\/raps\/\",\"url\":\"https:\/\/superseeds.dk\/vare\/raps\/\",\"name\":\"Raps - Superseeds.dk\",\"isPartOf\":{\"@id\":\"https:\/\/super-seeds.se\/#website\"},\"primaryImageOfPage\":{\"@id\":\"https:\/\/superseeds.dk\/vare\/raps\/#primaryimage\"},\"image\":{\"@id\":\"https:\/\/superseeds.dk\/vare\/raps\/#primaryimage\"},\"thumbnailUrl\":\"https:\/\/superseeds.dk\/wp-content\/uploads\/2025\/01\/Raps_seed.jpg\",\"datePublished\":\"2025-01-30T22:30:03+00:00\",\"dateModified\":\"2025-01-30T22:30:05+00:00\",\"breadcrumb\":{\"@id\":\"https:\/\/superseeds.dk\/vare\/raps\/#breadcrumb\"},\"inLanguage\":\"sv-SE\",\"potentialAction\":[{\"@type\":\"ReadAction\",\"target\":[\"https:\/\/superseeds.dk\/vare\/raps\/\"]}]},{\"@type\":\"ImageObject\",\"inLanguage\":\"sv-SE\",\"@id\":\"https:\/\/superseeds.dk\/vare\/raps\/#primaryimage\",\"url\":\"https:\/\/superseeds.dk\/wp-content\/uploads\/2025\/01\/Raps_seed.jpg\",\"contentUrl\":\"https:\/\/superseeds.dk\/wp-content\/uploads\/2025\/01\/Raps_seed.jpg\",\"width\":500,\"height\":500},{\"@type\":\"BreadcrumbList\",\"@id\":\"https:\/\/superseeds.dk\/vare\/raps\/#breadcrumb\",\"itemListElement\":[{\"@type\":\"ListItem\",\"position\":1,\"name\":\"Hjem\",\"item\":\"https:\/\/superseeds.dk\/\"},{\"@type\":\"ListItem\",\"position\":2,\"name\":\"Shop\",\"item\":\"https:\/\/superseeds.dk\/no\/butikk\/\"},{\"@type\":\"ListItem\",\"position\":3,\"name\":\"Raps\"}]},{\"@type\":\"WebSite\",\"@id\":\"https:\/\/super-seeds.se\/#website\",\"url\":\"https:\/\/super-seeds.se\/\",\"name\":\"Superseeds.dk\",\"description\":\"\",\"publisher\":{\"@id\":\"https:\/\/super-seeds.se\/#organization\"},\"potentialAction\":[{\"@type\":\"SearchAction\",\"target\":{\"@type\":\"EntryPoint\",\"urlTemplate\":\"https:\/\/super-seeds.se\/?s={search_term_string}\"},\"query-input\":{\"@type\":\"PropertyValueSpecification\",\"valueRequired\":true,\"valueName\":\"search_term_string\"}}],\"inLanguage\":\"sv-SE\"},{\"@type\":\"Organization\",\"@id\":\"https:\/\/super-seeds.se\/#organization\",\"name\":\"Superseeds.dk\",\"url\":\"https:\/\/super-seeds.se\/\",\"logo\":{\"@type\":\"ImageObject\",\"inLanguage\":\"sv-SE\",\"@id\":\"https:\/\/super-seeds.se\/#\/schema\/logo\/image\/\",\"url\":\"https:\/\/superseeds.dk\/wp-content\/uploads\/2025\/09\/logo-superseeds.png\",\"contentUrl\":\"https:\/\/superseeds.dk\/wp-content\/uploads\/2025\/09\/logo-superseeds.png\",\"width\":180,\"height\":160,\"caption\":\"Superseeds.dk\"},\"image\":{\"@id\":\"https:\/\/super-seeds.se\/#\/schema\/logo\/image\/\"}}]}<\/script>\n<!-- \/ Yoast SEO plugin. -->","yoast_head_json":{"title":"Raps - Superseeds.dk","robots":{"index":"index","follow":"follow","max-snippet":"max-snippet:-1","max-image-preview":"max-image-preview:large","max-video-preview":"max-video-preview:-1"},"canonical":"https:\/\/superseeds.dk\/se\/produkt\/raps\/","og_locale":"sv_SE","og_type":"article","og_title":"Raps - Superseeds.dk","og_description":"Vores fr\u00f8 er fra \u00f8kologisk certificeret kilde, bakterietestet og f\u00f8lger Dansk og Europ\u00e6isk f\u00f8devarelovgivning indenfor spirefr\u00f8. De kommer med en garanti for sikker spise, h\u00f8j spireevne og l\u00e6kkerhed. Hvad med mad?: &nbsp; Raps spirer er klar til at spise r\u00e5, og er helt klart ogs\u00e5 min foretrukne m\u00e5de at spise dem p\u00e5. Med et h\u00f8jt [&hellip;]","og_url":"https:\/\/superseeds.dk\/se\/produkt\/raps\/","og_site_name":"Superseeds.dk","article_modified_time":"2025-01-30T22:30:05+00:00","og_image":[{"width":500,"height":500,"url":"https:\/\/super-seeds.no\/wp-content\/uploads\/2025\/01\/Raps_seed.jpg","type":"image\/jpeg"}],"twitter_card":"summary_large_image","twitter_misc":{"Ber\u00e4knad l\u00e4stid":"1 minut"},"schema":{"@context":"https:\/\/schema.org","@graph":[{"@type":"WebPage","@id":"https:\/\/superseeds.dk\/vare\/raps\/","url":"https:\/\/superseeds.dk\/vare\/raps\/","name":"Raps - Superseeds.dk","isPartOf":{"@id":"https:\/\/super-seeds.se\/#website"},"primaryImageOfPage":{"@id":"https:\/\/superseeds.dk\/vare\/raps\/#primaryimage"},"image":{"@id":"https:\/\/superseeds.dk\/vare\/raps\/#primaryimage"},"thumbnailUrl":"https:\/\/superseeds.dk\/wp-content\/uploads\/2025\/01\/Raps_seed.jpg","datePublished":"2025-01-30T22:30:03+00:00","dateModified":"2025-01-30T22:30:05+00:00","breadcrumb":{"@id":"https:\/\/superseeds.dk\/vare\/raps\/#breadcrumb"},"inLanguage":"sv-SE","potentialAction":[{"@type":"ReadAction","target":["https:\/\/superseeds.dk\/vare\/raps\/"]}]},{"@type":"ImageObject","inLanguage":"sv-SE","@id":"https:\/\/superseeds.dk\/vare\/raps\/#primaryimage","url":"https:\/\/superseeds.dk\/wp-content\/uploads\/2025\/01\/Raps_seed.jpg","contentUrl":"https:\/\/superseeds.dk\/wp-content\/uploads\/2025\/01\/Raps_seed.jpg","width":500,"height":500},{"@type":"BreadcrumbList","@id":"https:\/\/superseeds.dk\/vare\/raps\/#breadcrumb","itemListElement":[{"@type":"ListItem","position":1,"name":"Hjem","item":"https:\/\/superseeds.dk\/"},{"@type":"ListItem","position":2,"name":"Shop","item":"https:\/\/superseeds.dk\/no\/butikk\/"},{"@type":"ListItem","position":3,"name":"Raps"}]},{"@type":"WebSite","@id":"https:\/\/super-seeds.se\/#website","url":"https:\/\/super-seeds.se\/","name":"Superseeds.com","description":"","publisher":{"@id":"https:\/\/super-seeds.se\/#organization"},"potentialAction":[{"@type":"SearchAction","target":{"@type":"EntryPoint","urlTemplate":"https:\/\/super-seeds.se\/?s={search_term_string}"},"query-input":{"@type":"PropertyValueSpecification","valueRequired":true,"valueName":"search_term_string"}}],"inLanguage":"sv-SE"},{"@type":"Organization","@id":"https:\/\/super-seeds.se\/#organization","name":"Superseeds.com","url":"https:\/\/super-seeds.se\/","logo":{"@type":"ImageObject","inLanguage":"sv-SE","@id":"https:\/\/super-seeds.se\/#\/schema\/logo\/image\/","url":"https:\/\/superseeds.dk\/wp-content\/uploads\/2025\/09\/logo-superseeds.png","contentUrl":"https:\/\/superseeds.dk\/wp-content\/uploads\/2025\/09\/logo-superseeds.png","width":180,"height":160,"caption":"Superseeds.dk"},"image":{"@id":"https:\/\/super-seeds.se\/#\/schema\/logo\/image\/"}}]}},"df_price":38,"df_sale_price":"","df_regular_price":38,"df_image_link":"https:\/\/superseeds.dk\/wp-content\/uploads\/2025\/01\/Raps_seed.jpg","_links":{"self":[{"href":"https:\/\/superseeds.dk\/se\/wp-json\/wp\/v2\/product\/60168","targetHints":{"allow":["GET"]}}],"collection":[{"href":"https:\/\/superseeds.dk\/se\/wp-json\/wp\/v2\/product"}],"about":[{"href":"https:\/\/superseeds.dk\/se\/wp-json\/wp\/v2\/types\/product"}],"wp:featuredmedia":[{"embeddable":true,"href":"https:\/\/superseeds.dk\/se\/wp-json\/wp\/v2\/media\/60175"}],"wp:attachment":[{"href":"https:\/\/superseeds.dk\/se\/wp-json\/wp\/v2\/media?parent=60168"}],"wp:term":[{"taxonomy":"product_brand","embeddable":true,"href":"https:\/\/superseeds.dk\/se\/wp-json\/wp\/v2\/product_brand?post=60168"},{"taxonomy":"product_cat","embeddable":true,"href":"https:\/\/superseeds.dk\/se\/wp-json\/wp\/v2\/product_cat?post=60168"},{"taxonomy":"product_tag","embeddable":true,"href":"https:\/\/superseeds.dk\/se\/wp-json\/wp\/v2\/product_tag?post=60168"}],"curies":[{"name":"wp","href":"https:\/\/api.w.org\/{rel}","templated":true}]}}