{"id":60123,"date":"2025-01-30T23:29:45","date_gmt":"2025-01-30T22:29:45","guid":{"rendered":"https:\/\/superseeds.dk\/vare\/aerter\/"},"modified":"2025-01-30T23:29:49","modified_gmt":"2025-01-30T22:29:49","slug":"aerter","status":"publish","type":"product","link":"https:\/\/superseeds.dk\/se\/produkt\/aerter\/","title":{"rendered":"\u00c6rter"},"content":{"rendered":"<p>Vores fr\u00f8 er fra \u00f8kologisk certificeret kilde, bakterietestet og f\u00f8lger Dansk og Europ\u00e6isk f\u00f8devarelovgivning indenfor spirefr\u00f8.<\/p>\n<p>Micro Greens Pro Tip: For at f\u00e5 blomst og evt b\u00e6lg p\u00e5 den lille plante, s\u00e5 kan du klippe de \u00f8verste 3 cm af, s\u00e5 vil planten i sommerhalv\u00e5ret udvikle smukke hvide Mikro Gr\u00f8nt blomster.<\/p>\n<p>De kommer med en garanti for sikker spise, h\u00f8j spireevne og l\u00e6kkerhed.<\/p>\n<p>V\u00e6r opm\u00e6rksom p\u00e5 at de skal bruge god jord til til at vokse sig stor, gerne en 12 -16 dage.<\/p>\n<p>Hvad med mad?:<\/p>\n<p>\u00c6rte Mikro Gr\u00f8nt eller Micro Greens er klar til at spise r\u00e5, og er helt klart ogs\u00e5 min foretrukne m\u00e5de at spise dem p\u00e5. Med et h\u00f8jt sundhedsniveau p\u00e5 grund af de mange vitaminer, minerale, antioxidanter og proteiner, er de et godt kosttilskud for en sund hverdag.<\/p>\n<p>Du kan evt. k\u00f8re dem med i juicer, smoothies og safter, der er de ogs\u00e5 gode smags givere!<\/p>\n<p>M\u00e6ngde p\u00e5 300 gram er nok til 2 bakker \u00e6rteskud i vores Genbrugs bakker til Mikro Gr\u00f8nt \/Micro Greens<\/p>\n<p>#GodSpirelyst Fra Micro Greens Danmark<\/p>","protected":false},"excerpt":{"rendered":"<p>Vores fr\u00f8 er fra \u00f8kologisk certificeret kilde, bakterietestet og f\u00f8lger Dansk og Europ\u00e6isk f\u00f8devarelovgivning indenfor spirefr\u00f8. Micro Greens Pro Tip: For at f\u00e5 blomst og evt b\u00e6lg p\u00e5 den lille plante, s\u00e5 kan du klippe de \u00f8verste 3 cm af, s\u00e5 vil planten i sommerhalv\u00e5ret udvikle smukke hvide Mikro Gr\u00f8nt blomster. De kommer med en [&hellip;]<\/p>\n","protected":false},"featured_media":60129,"template":"","meta":{"_acf_changed":false},"product_brand":[],"product_cat":[1829,2020],"product_tag":[],"class_list":{"0":"post-60123","1":"product","2":"type-product","3":"status-publish","4":"has-post-thumbnail","6":"product_cat-microgreens","7":"product_cat-microgreens-froe","8":"pa_gram-150g","9":"pa_gram-300g","11":"first","12":"onbackorder","13":"taxable","14":"shipping-taxable","15":"purchasable","16":"product-type-variable","17":"wvs-archive-product-wrapper"},"acf":[],"yoast_head":"<!-- This site is optimized with the Yoast SEO plugin v26.9 - https:\/\/yoast.com\/product\/yoast-seo-wordpress\/ -->\n<title>\u00c6rter - Superseeds.dk<\/title>\n<meta name=\"robots\" content=\"index, follow, max-snippet:-1, max-image-preview:large, max-video-preview:-1\" \/>\n<link rel=\"canonical\" href=\"https:\/\/superseeds.dk\/se\/produkt\/aerter\/\" \/>\n<meta property=\"og:locale\" content=\"sv_SE\" \/>\n<meta property=\"og:type\" content=\"article\" \/>\n<meta property=\"og:title\" content=\"\u00c6rter - Superseeds.dk\" \/>\n<meta property=\"og:description\" content=\"Vores fr\u00f8 er fra \u00f8kologisk certificeret kilde, bakterietestet og f\u00f8lger Dansk og Europ\u00e6isk f\u00f8devarelovgivning indenfor spirefr\u00f8. Micro Greens Pro Tip: For at f\u00e5 blomst og evt b\u00e6lg p\u00e5 den lille plante, s\u00e5 kan du klippe de \u00f8verste 3 cm af, s\u00e5 vil planten i sommerhalv\u00e5ret udvikle smukke hvide Mikro Gr\u00f8nt blomster. De kommer med en [&hellip;]\" \/>\n<meta property=\"og:url\" content=\"https:\/\/superseeds.dk\/se\/produkt\/aerter\/\" \/>\n<meta property=\"og:site_name\" content=\"Superseeds.dk\" \/>\n<meta property=\"article:modified_time\" content=\"2025-01-30T22:29:49+00:00\" \/>\n<meta property=\"og:image\" content=\"https:\/\/super-seeds.se\/wp-content\/uploads\/2025\/01\/Aerter.png\" \/>\n\t<meta property=\"og:image:width\" content=\"1080\" \/>\n\t<meta property=\"og:image:height\" content=\"1080\" \/>\n\t<meta property=\"og:image:type\" content=\"image\/png\" \/>\n<meta name=\"twitter:card\" content=\"summary_large_image\" \/>\n<meta name=\"twitter:label1\" content=\"Ber\u00e4knad l\u00e4stid\" \/>\n\t<meta name=\"twitter:data1\" content=\"1 minut\" \/>\n<script type=\"application\/ld+json\" class=\"yoast-schema-graph\">{\"@context\":\"https:\/\/schema.org\",\"@graph\":[{\"@type\":\"WebPage\",\"@id\":\"https:\/\/superseeds.dk\/vare\/aerter\/\",\"url\":\"https:\/\/superseeds.dk\/vare\/aerter\/\",\"name\":\"\u00c6rter - Superseeds.dk\",\"isPartOf\":{\"@id\":\"https:\/\/super-seeds.se\/#website\"},\"primaryImageOfPage\":{\"@id\":\"https:\/\/superseeds.dk\/vare\/aerter\/#primaryimage\"},\"image\":{\"@id\":\"https:\/\/superseeds.dk\/vare\/aerter\/#primaryimage\"},\"thumbnailUrl\":\"https:\/\/superseeds.dk\/wp-content\/uploads\/2025\/01\/Aerter.png\",\"datePublished\":\"2025-01-30T22:29:45+00:00\",\"dateModified\":\"2025-01-30T22:29:49+00:00\",\"breadcrumb\":{\"@id\":\"https:\/\/superseeds.dk\/vare\/aerter\/#breadcrumb\"},\"inLanguage\":\"sv-SE\",\"potentialAction\":[{\"@type\":\"ReadAction\",\"target\":[\"https:\/\/superseeds.dk\/vare\/aerter\/\"]}]},{\"@type\":\"ImageObject\",\"inLanguage\":\"sv-SE\",\"@id\":\"https:\/\/superseeds.dk\/vare\/aerter\/#primaryimage\",\"url\":\"https:\/\/superseeds.dk\/wp-content\/uploads\/2025\/01\/Aerter.png\",\"contentUrl\":\"https:\/\/superseeds.dk\/wp-content\/uploads\/2025\/01\/Aerter.png\",\"width\":1080,\"height\":1080},{\"@type\":\"BreadcrumbList\",\"@id\":\"https:\/\/superseeds.dk\/vare\/aerter\/#breadcrumb\",\"itemListElement\":[{\"@type\":\"ListItem\",\"position\":1,\"name\":\"Hjem\",\"item\":\"https:\/\/superseeds.dk\/\"},{\"@type\":\"ListItem\",\"position\":2,\"name\":\"Shop\",\"item\":\"https:\/\/superseeds.dk\/no\/butikk\/\"},{\"@type\":\"ListItem\",\"position\":3,\"name\":\"\u00c6rter\"}]},{\"@type\":\"WebSite\",\"@id\":\"https:\/\/super-seeds.se\/#website\",\"url\":\"https:\/\/super-seeds.se\/\",\"name\":\"Superseeds.dk\",\"description\":\"\",\"publisher\":{\"@id\":\"https:\/\/super-seeds.se\/#organization\"},\"potentialAction\":[{\"@type\":\"SearchAction\",\"target\":{\"@type\":\"EntryPoint\",\"urlTemplate\":\"https:\/\/super-seeds.se\/?s={search_term_string}\"},\"query-input\":{\"@type\":\"PropertyValueSpecification\",\"valueRequired\":true,\"valueName\":\"search_term_string\"}}],\"inLanguage\":\"sv-SE\"},{\"@type\":\"Organization\",\"@id\":\"https:\/\/super-seeds.se\/#organization\",\"name\":\"Superseeds.dk\",\"url\":\"https:\/\/super-seeds.se\/\",\"logo\":{\"@type\":\"ImageObject\",\"inLanguage\":\"sv-SE\",\"@id\":\"https:\/\/super-seeds.se\/#\/schema\/logo\/image\/\",\"url\":\"https:\/\/superseeds.dk\/wp-content\/uploads\/2025\/09\/logo-superseeds.png\",\"contentUrl\":\"https:\/\/superseeds.dk\/wp-content\/uploads\/2025\/09\/logo-superseeds.png\",\"width\":180,\"height\":160,\"caption\":\"Superseeds.dk\"},\"image\":{\"@id\":\"https:\/\/super-seeds.se\/#\/schema\/logo\/image\/\"}}]}<\/script>\n<!-- \/ Yoast SEO plugin. -->","yoast_head_json":{"title":"\u00c6rter - Superseeds.dk","robots":{"index":"index","follow":"follow","max-snippet":"max-snippet:-1","max-image-preview":"max-image-preview:large","max-video-preview":"max-video-preview:-1"},"canonical":"https:\/\/superseeds.dk\/se\/produkt\/aerter\/","og_locale":"sv_SE","og_type":"article","og_title":"\u00c6rter - Superseeds.dk","og_description":"Vores fr\u00f8 er fra \u00f8kologisk certificeret kilde, bakterietestet og f\u00f8lger Dansk og Europ\u00e6isk f\u00f8devarelovgivning indenfor spirefr\u00f8. Micro Greens Pro Tip: For at f\u00e5 blomst og evt b\u00e6lg p\u00e5 den lille plante, s\u00e5 kan du klippe de \u00f8verste 3 cm af, s\u00e5 vil planten i sommerhalv\u00e5ret udvikle smukke hvide Mikro Gr\u00f8nt blomster. De kommer med en [&hellip;]","og_url":"https:\/\/superseeds.dk\/se\/produkt\/aerter\/","og_site_name":"Superseeds.dk","article_modified_time":"2025-01-30T22:29:49+00:00","og_image":[{"width":1080,"height":1080,"url":"https:\/\/super-seeds.se\/wp-content\/uploads\/2025\/01\/Aerter.png","type":"image\/png"}],"twitter_card":"summary_large_image","twitter_misc":{"Ber\u00e4knad l\u00e4stid":"1 minut"},"schema":{"@context":"https:\/\/schema.org","@graph":[{"@type":"WebPage","@id":"https:\/\/superseeds.dk\/vare\/aerter\/","url":"https:\/\/superseeds.dk\/vare\/aerter\/","name":"\u00c6rter - Superseeds.dk","isPartOf":{"@id":"https:\/\/super-seeds.se\/#website"},"primaryImageOfPage":{"@id":"https:\/\/superseeds.dk\/vare\/aerter\/#primaryimage"},"image":{"@id":"https:\/\/superseeds.dk\/vare\/aerter\/#primaryimage"},"thumbnailUrl":"https:\/\/superseeds.dk\/wp-content\/uploads\/2025\/01\/Aerter.png","datePublished":"2025-01-30T22:29:45+00:00","dateModified":"2025-01-30T22:29:49+00:00","breadcrumb":{"@id":"https:\/\/superseeds.dk\/vare\/aerter\/#breadcrumb"},"inLanguage":"sv-SE","potentialAction":[{"@type":"ReadAction","target":["https:\/\/superseeds.dk\/vare\/aerter\/"]}]},{"@type":"ImageObject","inLanguage":"sv-SE","@id":"https:\/\/superseeds.dk\/vare\/aerter\/#primaryimage","url":"https:\/\/superseeds.dk\/wp-content\/uploads\/2025\/01\/Aerter.png","contentUrl":"https:\/\/superseeds.dk\/wp-content\/uploads\/2025\/01\/Aerter.png","width":1080,"height":1080},{"@type":"BreadcrumbList","@id":"https:\/\/superseeds.dk\/vare\/aerter\/#breadcrumb","itemListElement":[{"@type":"ListItem","position":1,"name":"Hjem","item":"https:\/\/superseeds.dk\/"},{"@type":"ListItem","position":2,"name":"Shop","item":"https:\/\/superseeds.dk\/no\/butikk\/"},{"@type":"ListItem","position":3,"name":"\u00c6rter"}]},{"@type":"WebSite","@id":"https:\/\/super-seeds.se\/#website","url":"https:\/\/super-seeds.se\/","name":"Superseeds.com","description":"","publisher":{"@id":"https:\/\/super-seeds.se\/#organization"},"potentialAction":[{"@type":"SearchAction","target":{"@type":"EntryPoint","urlTemplate":"https:\/\/super-seeds.se\/?s={search_term_string}"},"query-input":{"@type":"PropertyValueSpecification","valueRequired":true,"valueName":"search_term_string"}}],"inLanguage":"sv-SE"},{"@type":"Organization","@id":"https:\/\/super-seeds.se\/#organization","name":"Superseeds.com","url":"https:\/\/super-seeds.se\/","logo":{"@type":"ImageObject","inLanguage":"sv-SE","@id":"https:\/\/super-seeds.se\/#\/schema\/logo\/image\/","url":"https:\/\/superseeds.dk\/wp-content\/uploads\/2025\/09\/logo-superseeds.png","contentUrl":"https:\/\/superseeds.dk\/wp-content\/uploads\/2025\/09\/logo-superseeds.png","width":180,"height":160,"caption":"Superseeds.dk"},"image":{"@id":"https:\/\/super-seeds.se\/#\/schema\/logo\/image\/"}}]}},"df_price":28,"df_sale_price":"","df_regular_price":28,"df_image_link":"https:\/\/superseeds.dk\/wp-content\/uploads\/2025\/01\/Aerter-1024x1024.png","_links":{"self":[{"href":"https:\/\/superseeds.dk\/se\/wp-json\/wp\/v2\/product\/60123","targetHints":{"allow":["GET"]}}],"collection":[{"href":"https:\/\/superseeds.dk\/se\/wp-json\/wp\/v2\/product"}],"about":[{"href":"https:\/\/superseeds.dk\/se\/wp-json\/wp\/v2\/types\/product"}],"wp:featuredmedia":[{"embeddable":true,"href":"https:\/\/superseeds.dk\/se\/wp-json\/wp\/v2\/media\/60129"}],"wp:attachment":[{"href":"https:\/\/superseeds.dk\/se\/wp-json\/wp\/v2\/media?parent=60123"}],"wp:term":[{"taxonomy":"product_brand","embeddable":true,"href":"https:\/\/superseeds.dk\/se\/wp-json\/wp\/v2\/product_brand?post=60123"},{"taxonomy":"product_cat","embeddable":true,"href":"https:\/\/superseeds.dk\/se\/wp-json\/wp\/v2\/product_cat?post=60123"},{"taxonomy":"product_tag","embeddable":true,"href":"https:\/\/superseeds.dk\/se\/wp-json\/wp\/v2\/product_tag?post=60123"}],"curies":[{"name":"wp","href":"https:\/\/api.w.org\/{rel}","templated":true}]}}