{"id":60054,"date":"2025-01-30T23:28:52","date_gmt":"2025-01-30T22:28:52","guid":{"rendered":"https:\/\/superseeds.dk\/vare\/chiluacle-negro\/"},"modified":"2025-01-30T23:28:55","modified_gmt":"2025-01-30T22:28:55","slug":"chiluacle-negro","status":"publish","type":"product","link":"https:\/\/superseeds.dk\/se\/produkt\/chiluacle-negro\/","title":{"rendered":"Chiluacle Negro"},"content":{"rendered":"<p>Chiluacle Negro chili repr\u00e6senterer en dyb historisk og kulturel arv fra det sydlige Mexico. Kendt for sin rige, n\u00e6sten sorte farve, er denne chili essentiel i mange traditionelle Oaxacanske retter, is\u00e6r i mole saucer. Med en Scoville score p\u00e5 omkring 2,000-5,000, tilbyder Chiluacle Negro en moderat varme kombineret med en subtil s\u00f8dme og r\u00f8get undertone. Dette g\u00f8r den ideel til komplekse retter, hvor balance af smag er n\u00f8gleordet. Med vores Chiluacle Negro chili fr\u00f8 kan du forvente at dyrke mellem 2-3 sunde planter, der trives bedst under solrige forhold i velafvandet jord. Velegnet til b\u00e5de drivhus- og udend\u00f8rs dyrkning, denne chili er en \u00e6gte skat for dem, der v\u00e6rds\u00e6tter autentiske smagsoplevelser.<\/p>","protected":false},"excerpt":{"rendered":"<p>Oplev den historiske Chiluacle Negro chili&#8217;s r\u00f8gede s\u00f8dme og moderate varme. En uundv\u00e6rlig ingrediens i autentiske Oaxacanske retter.<\/p>","protected":false},"featured_media":60055,"template":"","meta":{"_acf_changed":false},"product_brand":[],"product_cat":[2019,2010,1829],"product_tag":[],"class_list":{"0":"post-60054","1":"product","2":"type-product","3":"status-publish","4":"has-post-thumbnail","6":"product_cat-chili-froe","7":"product_cat-groentsags-froe","8":"product_cat-microgreens","10":"first","11":"instock","12":"taxable","13":"shipping-taxable","14":"purchasable","15":"product-type-simple"},"acf":[],"yoast_head":"<!-- This site is optimized with the Yoast SEO plugin v26.9 - https:\/\/yoast.com\/product\/yoast-seo-wordpress\/ -->\n<title>Chiluacle Negro - Superseeds.dk<\/title>\n<meta name=\"robots\" content=\"index, follow, max-snippet:-1, max-image-preview:large, max-video-preview:-1\" \/>\n<link rel=\"canonical\" href=\"https:\/\/superseeds.dk\/se\/produkt\/chiluacle-negro\/\" \/>\n<meta property=\"og:locale\" content=\"sv_SE\" \/>\n<meta property=\"og:type\" content=\"article\" \/>\n<meta property=\"og:title\" content=\"Chiluacle Negro - Superseeds.dk\" \/>\n<meta property=\"og:description\" content=\"Oplev den historiske Chiluacle Negro chili&#039;s r\u00f8gede s\u00f8dme og moderate varme. En uundv\u00e6rlig ingrediens i autentiske Oaxacanske retter.\" \/>\n<meta property=\"og:url\" content=\"https:\/\/superseeds.dk\/se\/produkt\/chiluacle-negro\/\" \/>\n<meta property=\"og:site_name\" content=\"Superseeds.dk\" \/>\n<meta property=\"article:modified_time\" content=\"2025-01-30T22:28:55+00:00\" \/>\n<meta property=\"og:image\" content=\"https:\/\/super-seeds.no\/wp-content\/uploads\/2025\/01\/Chiluacle-Negro.png\" \/>\n\t<meta property=\"og:image:width\" content=\"1080\" \/>\n\t<meta property=\"og:image:height\" content=\"1080\" \/>\n\t<meta property=\"og:image:type\" content=\"image\/png\" \/>\n<meta name=\"twitter:card\" content=\"summary_large_image\" \/>\n<meta name=\"twitter:label1\" content=\"Ber\u00e4knad l\u00e4stid\" \/>\n\t<meta name=\"twitter:data1\" content=\"1 minut\" \/>\n<script type=\"application\/ld+json\" class=\"yoast-schema-graph\">{\"@context\":\"https:\/\/schema.org\",\"@graph\":[{\"@type\":\"WebPage\",\"@id\":\"https:\/\/superseeds.dk\/vare\/chiluacle-negro\/\",\"url\":\"https:\/\/superseeds.dk\/vare\/chiluacle-negro\/\",\"name\":\"Chiluacle Negro - Superseeds.dk\",\"isPartOf\":{\"@id\":\"https:\/\/super-seeds.se\/#website\"},\"primaryImageOfPage\":{\"@id\":\"https:\/\/superseeds.dk\/vare\/chiluacle-negro\/#primaryimage\"},\"image\":{\"@id\":\"https:\/\/superseeds.dk\/vare\/chiluacle-negro\/#primaryimage\"},\"thumbnailUrl\":\"https:\/\/superseeds.dk\/wp-content\/uploads\/2025\/01\/Chiluacle-Negro.png\",\"datePublished\":\"2025-01-30T22:28:52+00:00\",\"dateModified\":\"2025-01-30T22:28:55+00:00\",\"breadcrumb\":{\"@id\":\"https:\/\/superseeds.dk\/vare\/chiluacle-negro\/#breadcrumb\"},\"inLanguage\":\"sv-SE\",\"potentialAction\":[{\"@type\":\"ReadAction\",\"target\":[\"https:\/\/superseeds.dk\/vare\/chiluacle-negro\/\"]}]},{\"@type\":\"ImageObject\",\"inLanguage\":\"sv-SE\",\"@id\":\"https:\/\/superseeds.dk\/vare\/chiluacle-negro\/#primaryimage\",\"url\":\"https:\/\/superseeds.dk\/wp-content\/uploads\/2025\/01\/Chiluacle-Negro.png\",\"contentUrl\":\"https:\/\/superseeds.dk\/wp-content\/uploads\/2025\/01\/Chiluacle-Negro.png\",\"width\":1080,\"height\":1080},{\"@type\":\"BreadcrumbList\",\"@id\":\"https:\/\/superseeds.dk\/vare\/chiluacle-negro\/#breadcrumb\",\"itemListElement\":[{\"@type\":\"ListItem\",\"position\":1,\"name\":\"Hjem\",\"item\":\"https:\/\/superseeds.dk\/\"},{\"@type\":\"ListItem\",\"position\":2,\"name\":\"Shop\",\"item\":\"https:\/\/superseeds.dk\/no\/butikk\/\"},{\"@type\":\"ListItem\",\"position\":3,\"name\":\"Chiluacle Negro\"}]},{\"@type\":\"WebSite\",\"@id\":\"https:\/\/super-seeds.se\/#website\",\"url\":\"https:\/\/super-seeds.se\/\",\"name\":\"Superseeds.dk\",\"description\":\"\",\"publisher\":{\"@id\":\"https:\/\/super-seeds.se\/#organization\"},\"potentialAction\":[{\"@type\":\"SearchAction\",\"target\":{\"@type\":\"EntryPoint\",\"urlTemplate\":\"https:\/\/super-seeds.se\/?s={search_term_string}\"},\"query-input\":{\"@type\":\"PropertyValueSpecification\",\"valueRequired\":true,\"valueName\":\"search_term_string\"}}],\"inLanguage\":\"sv-SE\"},{\"@type\":\"Organization\",\"@id\":\"https:\/\/super-seeds.se\/#organization\",\"name\":\"Superseeds.dk\",\"url\":\"https:\/\/super-seeds.se\/\",\"logo\":{\"@type\":\"ImageObject\",\"inLanguage\":\"sv-SE\",\"@id\":\"https:\/\/super-seeds.se\/#\/schema\/logo\/image\/\",\"url\":\"https:\/\/superseeds.dk\/wp-content\/uploads\/2025\/09\/logo-superseeds.png\",\"contentUrl\":\"https:\/\/superseeds.dk\/wp-content\/uploads\/2025\/09\/logo-superseeds.png\",\"width\":180,\"height\":160,\"caption\":\"Superseeds.dk\"},\"image\":{\"@id\":\"https:\/\/super-seeds.se\/#\/schema\/logo\/image\/\"}}]}<\/script>\n<!-- \/ Yoast SEO plugin. -->","yoast_head_json":{"title":"Chiluacle Negro - Superseeds.dk","robots":{"index":"index","follow":"follow","max-snippet":"max-snippet:-1","max-image-preview":"max-image-preview:large","max-video-preview":"max-video-preview:-1"},"canonical":"https:\/\/superseeds.dk\/se\/produkt\/chiluacle-negro\/","og_locale":"sv_SE","og_type":"article","og_title":"Chiluacle Negro - Superseeds.dk","og_description":"Oplev den historiske Chiluacle Negro chili's r\u00f8gede s\u00f8dme og moderate varme. En uundv\u00e6rlig ingrediens i autentiske Oaxacanske retter.","og_url":"https:\/\/superseeds.dk\/se\/produkt\/chiluacle-negro\/","og_site_name":"Superseeds.dk","article_modified_time":"2025-01-30T22:28:55+00:00","og_image":[{"width":1080,"height":1080,"url":"https:\/\/super-seeds.no\/wp-content\/uploads\/2025\/01\/Chiluacle-Negro.png","type":"image\/png"}],"twitter_card":"summary_large_image","twitter_misc":{"Ber\u00e4knad l\u00e4stid":"1 minut"},"schema":{"@context":"https:\/\/schema.org","@graph":[{"@type":"WebPage","@id":"https:\/\/superseeds.dk\/vare\/chiluacle-negro\/","url":"https:\/\/superseeds.dk\/vare\/chiluacle-negro\/","name":"Chiluacle Negro - Superseeds.dk","isPartOf":{"@id":"https:\/\/super-seeds.se\/#website"},"primaryImageOfPage":{"@id":"https:\/\/superseeds.dk\/vare\/chiluacle-negro\/#primaryimage"},"image":{"@id":"https:\/\/superseeds.dk\/vare\/chiluacle-negro\/#primaryimage"},"thumbnailUrl":"https:\/\/superseeds.dk\/wp-content\/uploads\/2025\/01\/Chiluacle-Negro.png","datePublished":"2025-01-30T22:28:52+00:00","dateModified":"2025-01-30T22:28:55+00:00","breadcrumb":{"@id":"https:\/\/superseeds.dk\/vare\/chiluacle-negro\/#breadcrumb"},"inLanguage":"sv-SE","potentialAction":[{"@type":"ReadAction","target":["https:\/\/superseeds.dk\/vare\/chiluacle-negro\/"]}]},{"@type":"ImageObject","inLanguage":"sv-SE","@id":"https:\/\/superseeds.dk\/vare\/chiluacle-negro\/#primaryimage","url":"https:\/\/superseeds.dk\/wp-content\/uploads\/2025\/01\/Chiluacle-Negro.png","contentUrl":"https:\/\/superseeds.dk\/wp-content\/uploads\/2025\/01\/Chiluacle-Negro.png","width":1080,"height":1080},{"@type":"BreadcrumbList","@id":"https:\/\/superseeds.dk\/vare\/chiluacle-negro\/#breadcrumb","itemListElement":[{"@type":"ListItem","position":1,"name":"Hjem","item":"https:\/\/superseeds.dk\/"},{"@type":"ListItem","position":2,"name":"Shop","item":"https:\/\/superseeds.dk\/no\/butikk\/"},{"@type":"ListItem","position":3,"name":"Chiluacle Negro"}]},{"@type":"WebSite","@id":"https:\/\/super-seeds.se\/#website","url":"https:\/\/super-seeds.se\/","name":"Superseeds.com","description":"","publisher":{"@id":"https:\/\/super-seeds.se\/#organization"},"potentialAction":[{"@type":"SearchAction","target":{"@type":"EntryPoint","urlTemplate":"https:\/\/super-seeds.se\/?s={search_term_string}"},"query-input":{"@type":"PropertyValueSpecification","valueRequired":true,"valueName":"search_term_string"}}],"inLanguage":"sv-SE"},{"@type":"Organization","@id":"https:\/\/super-seeds.se\/#organization","name":"Superseeds.com","url":"https:\/\/super-seeds.se\/","logo":{"@type":"ImageObject","inLanguage":"sv-SE","@id":"https:\/\/super-seeds.se\/#\/schema\/logo\/image\/","url":"https:\/\/superseeds.dk\/wp-content\/uploads\/2025\/09\/logo-superseeds.png","contentUrl":"https:\/\/superseeds.dk\/wp-content\/uploads\/2025\/09\/logo-superseeds.png","width":180,"height":160,"caption":"Superseeds.dk"},"image":{"@id":"https:\/\/super-seeds.se\/#\/schema\/logo\/image\/"}}]}},"df_price":39.95,"df_sale_price":"","df_regular_price":39.95,"df_image_link":"https:\/\/superseeds.dk\/wp-content\/uploads\/2025\/01\/Chiluacle-Negro-1024x1024.png","_links":{"self":[{"href":"https:\/\/superseeds.dk\/se\/wp-json\/wp\/v2\/product\/60054","targetHints":{"allow":["GET"]}}],"collection":[{"href":"https:\/\/superseeds.dk\/se\/wp-json\/wp\/v2\/product"}],"about":[{"href":"https:\/\/superseeds.dk\/se\/wp-json\/wp\/v2\/types\/product"}],"wp:featuredmedia":[{"embeddable":true,"href":"https:\/\/superseeds.dk\/se\/wp-json\/wp\/v2\/media\/60055"}],"wp:attachment":[{"href":"https:\/\/superseeds.dk\/se\/wp-json\/wp\/v2\/media?parent=60054"}],"wp:term":[{"taxonomy":"product_brand","embeddable":true,"href":"https:\/\/superseeds.dk\/se\/wp-json\/wp\/v2\/product_brand?post=60054"},{"taxonomy":"product_cat","embeddable":true,"href":"https:\/\/superseeds.dk\/se\/wp-json\/wp\/v2\/product_cat?post=60054"},{"taxonomy":"product_tag","embeddable":true,"href":"https:\/\/superseeds.dk\/se\/wp-json\/wp\/v2\/product_tag?post=60054"}],"curies":[{"name":"wp","href":"https:\/\/api.w.org\/{rel}","templated":true}]}}