{"id":59654,"date":"2025-01-30T23:21:33","date_gmt":"2025-01-30T22:21:33","guid":{"rendered":"https:\/\/superseeds.dk\/vare\/oil-black-leaf-quartz-banger-with-colour-reactor-2\/"},"modified":"2025-10-30T12:30:01","modified_gmt":"2025-10-30T11:30:01","slug":"oil-black-leaf-quartz-banger-with-colour-reactor-2","status":"publish","type":"product","link":"https:\/\/superseeds.dk\/se\/produkt\/oil-black-leaf-quartz-banger-with-colour-reactor-2\/","title":{"rendered":"Oil Black Leaf&#8217; Quartz Banger with Colour Reactor"},"content":{"rendered":"<p>F\u00f6r att koncentrat som olja eller vax ska kunna sk\u00e4mmas bort p\u00e5 b\u00e4sta s\u00e4tt \u00e4r r\u00e4tt temperatur en av de avg\u00f6rande faktorerna. Oljeblandaren \"Oil Black Leaf\" med f\u00e4rgreaktor inneh\u00e5ller kadmiumgranulat som skiftar fr\u00e5n gult till r\u00f6tt n\u00e4r det blir varmt. Reaktorn \u00e4r en v\u00e4rmeindikator och hj\u00e4lper till att h\u00e5lla och sprida v\u00e4rmen l\u00e4ngre. Den \u00f6kar ytarean och f\u00f6rb\u00e4ttrar v\u00e4rmef\u00f6rdelningen i bangern, vilket g\u00f6r att mer olja eller vax kan avdunsta - f\u00f6r mer smak och starkare hits!<\/p>\n<p>Banger \u00e4r handgjord av mycket v\u00e4rmet\u00e5ligt kvartsglas som v\u00e4rms upp p\u00e5 kort tid, avger inga skadliga gaser, \u00e4r livsmedelsgodk\u00e4nt och medicinskt godk\u00e4nt. Sk\u00e5len v\u00e4rms upp med en butangasbr\u00e4nnare, f\u00f6rst d\u00e4refter doppas olja\/koncentrat i bangern och r\u00f6ken avnjuts!<\/p>\n<p>&nbsp;<\/p>\n<p>&nbsp;<\/p>\n<p>&nbsp;<\/p>\n<p>Material: Kvartsglas<br \/>\nSG 14 (14,5 mm)<br \/>\nL\u00e4ngd: 67 mm<br \/>\nDiameter: 25\/21 mm<\/p>\n<p>Nr.:\u00a0<span class=\"entry--content\">021861<\/span><\/p>\n<p>&nbsp;<\/p>\n<p>&nbsp;<\/p>","protected":false},"excerpt":{"rendered":"<p>For den perfekte fork\u00e6lelse af koncentrater som olie eller voks er den rigtige temperatur en af \u200b\u200bde afg\u00f8rende faktorer. Oliebingen med farvereaktor fra &#8216;Oil Black Leaf&#8217; indeholder et cadmiumgranulat, der bliver fra gul til r\u00f8d, n\u00e5r den er varm!<\/p>","protected":false},"featured_media":66929,"template":"","meta":{"_acf_changed":false},"product_brand":[],"product_cat":[2188,1990,1795],"product_tag":[],"class_list":{"0":"post-59654","1":"product","2":"type-product","3":"status-publish","4":"has-post-thumbnail","6":"product_cat-bong-dab-tilbehoer","7":"product_cat-bonger","8":"product_cat-headshop","9":"pa_sg-sg14","10":"pa_sg-sg19","12":"first","13":"onbackorder","14":"taxable","15":"shipping-taxable","16":"purchasable","17":"product-type-variable","18":"wvs-archive-product-wrapper"},"acf":[],"yoast_head":"<!-- This site is optimized with the Yoast SEO plugin v26.9 - https:\/\/yoast.com\/product\/yoast-seo-wordpress\/ -->\n<title>Oil Black Leaf&#039; Quartz Banger with Colour Reactor - Superseeds.dk<\/title>\n<meta name=\"robots\" content=\"index, follow, max-snippet:-1, max-image-preview:large, max-video-preview:-1\" \/>\n<link rel=\"canonical\" href=\"https:\/\/superseeds.dk\/se\/produkt\/oil-black-leaf-quartz-banger-with-colour-reactor-2\/\" \/>\n<meta property=\"og:locale\" content=\"sv_SE\" \/>\n<meta property=\"og:type\" content=\"article\" \/>\n<meta property=\"og:title\" content=\"Oil Black Leaf&#039; Quartz Banger with Colour Reactor - Superseeds.dk\" \/>\n<meta property=\"og:description\" content=\"For den perfekte fork\u00e6lelse af koncentrater som olie eller voks er den rigtige temperatur en af \u200b\u200bde afg\u00f8rende faktorer. Oliebingen med farvereaktor fra &#039;Oil Black Leaf&#039; indeholder et cadmiumgranulat, der bliver fra gul til r\u00f8d, n\u00e5r den er varm!\" \/>\n<meta property=\"og:url\" content=\"https:\/\/superseeds.dk\/se\/produkt\/oil-black-leaf-quartz-banger-with-colour-reactor-2\/\" \/>\n<meta property=\"og:site_name\" content=\"Superseeds.dk\" \/>\n<meta property=\"article:modified_time\" content=\"2025-10-30T11:30:01+00:00\" \/>\n<meta property=\"og:image\" content=\"https:\/\/superseeds.dk\/wp-content\/uploads\/2025\/01\/Oil-Black-Leaf-Quartz-Banger-with-Colour-Reactor.png\" \/>\n\t<meta property=\"og:image:width\" content=\"1080\" \/>\n\t<meta property=\"og:image:height\" content=\"1080\" \/>\n\t<meta property=\"og:image:type\" content=\"image\/png\" \/>\n<meta name=\"twitter:card\" content=\"summary_large_image\" \/>\n<meta name=\"twitter:label1\" content=\"Ber\u00e4knad l\u00e4stid\" \/>\n\t<meta name=\"twitter:data1\" content=\"1 minut\" \/>\n<script type=\"application\/ld+json\" class=\"yoast-schema-graph\">{\"@context\":\"https:\/\/schema.org\",\"@graph\":[{\"@type\":\"WebPage\",\"@id\":\"https:\/\/superseeds.dk\/vare\/oil-black-leaf-quartz-banger-with-colour-reactor-2\/\",\"url\":\"https:\/\/superseeds.dk\/vare\/oil-black-leaf-quartz-banger-with-colour-reactor-2\/\",\"name\":\"Oil Black Leaf' Quartz Banger with Colour Reactor - Superseeds.dk\",\"isPartOf\":{\"@id\":\"https:\/\/super-seeds.se\/#website\"},\"primaryImageOfPage\":{\"@id\":\"https:\/\/superseeds.dk\/vare\/oil-black-leaf-quartz-banger-with-colour-reactor-2\/#primaryimage\"},\"image\":{\"@id\":\"https:\/\/superseeds.dk\/vare\/oil-black-leaf-quartz-banger-with-colour-reactor-2\/#primaryimage\"},\"thumbnailUrl\":\"https:\/\/superseeds.dk\/wp-content\/uploads\/2025\/10\/Oil-Black-Leaf-Quartz-Banger-with-Colour-Reactor.png\",\"datePublished\":\"2025-01-30T22:21:33+00:00\",\"dateModified\":\"2025-10-30T11:30:01+00:00\",\"breadcrumb\":{\"@id\":\"https:\/\/superseeds.dk\/vare\/oil-black-leaf-quartz-banger-with-colour-reactor-2\/#breadcrumb\"},\"inLanguage\":\"sv-SE\",\"potentialAction\":[{\"@type\":\"ReadAction\",\"target\":[\"https:\/\/superseeds.dk\/vare\/oil-black-leaf-quartz-banger-with-colour-reactor-2\/\"]}]},{\"@type\":\"ImageObject\",\"inLanguage\":\"sv-SE\",\"@id\":\"https:\/\/superseeds.dk\/vare\/oil-black-leaf-quartz-banger-with-colour-reactor-2\/#primaryimage\",\"url\":\"https:\/\/superseeds.dk\/wp-content\/uploads\/2025\/10\/Oil-Black-Leaf-Quartz-Banger-with-Colour-Reactor.png\",\"contentUrl\":\"https:\/\/superseeds.dk\/wp-content\/uploads\/2025\/10\/Oil-Black-Leaf-Quartz-Banger-with-Colour-Reactor.png\",\"width\":1080,\"height\":1080},{\"@type\":\"BreadcrumbList\",\"@id\":\"https:\/\/superseeds.dk\/vare\/oil-black-leaf-quartz-banger-with-colour-reactor-2\/#breadcrumb\",\"itemListElement\":[{\"@type\":\"ListItem\",\"position\":1,\"name\":\"Hjem\",\"item\":\"https:\/\/superseeds.dk\/\"},{\"@type\":\"ListItem\",\"position\":2,\"name\":\"Shop\",\"item\":\"https:\/\/superseeds.dk\/no\/butikk\/\"},{\"@type\":\"ListItem\",\"position\":3,\"name\":\"Oil Black Leaf&#8217; Quartz Banger with Colour Reactor\"}]},{\"@type\":\"WebSite\",\"@id\":\"https:\/\/super-seeds.se\/#website\",\"url\":\"https:\/\/super-seeds.se\/\",\"name\":\"Superseeds.dk\",\"description\":\"\",\"publisher\":{\"@id\":\"https:\/\/super-seeds.se\/#organization\"},\"potentialAction\":[{\"@type\":\"SearchAction\",\"target\":{\"@type\":\"EntryPoint\",\"urlTemplate\":\"https:\/\/super-seeds.se\/?s={search_term_string}\"},\"query-input\":{\"@type\":\"PropertyValueSpecification\",\"valueRequired\":true,\"valueName\":\"search_term_string\"}}],\"inLanguage\":\"sv-SE\"},{\"@type\":\"Organization\",\"@id\":\"https:\/\/super-seeds.se\/#organization\",\"name\":\"Superseeds.dk\",\"url\":\"https:\/\/super-seeds.se\/\",\"logo\":{\"@type\":\"ImageObject\",\"inLanguage\":\"sv-SE\",\"@id\":\"https:\/\/super-seeds.se\/#\/schema\/logo\/image\/\",\"url\":\"https:\/\/superseeds.dk\/wp-content\/uploads\/2025\/09\/logo-superseeds.png\",\"contentUrl\":\"https:\/\/superseeds.dk\/wp-content\/uploads\/2025\/09\/logo-superseeds.png\",\"width\":180,\"height\":160,\"caption\":\"Superseeds.dk\"},\"image\":{\"@id\":\"https:\/\/super-seeds.se\/#\/schema\/logo\/image\/\"}}]}<\/script>\n<!-- \/ Yoast SEO plugin. -->","yoast_head_json":{"title":"Oil Black Leaf' Quartz Banger with Colour Reactor - Superseeds.dk","robots":{"index":"index","follow":"follow","max-snippet":"max-snippet:-1","max-image-preview":"max-image-preview:large","max-video-preview":"max-video-preview:-1"},"canonical":"https:\/\/superseeds.dk\/se\/produkt\/oil-black-leaf-quartz-banger-with-colour-reactor-2\/","og_locale":"sv_SE","og_type":"article","og_title":"Oil Black Leaf' Quartz Banger with Colour Reactor - Superseeds.dk","og_description":"For den perfekte fork\u00e6lelse af koncentrater som olie eller voks er den rigtige temperatur en af \u200b\u200bde afg\u00f8rende faktorer. Oliebingen med farvereaktor fra 'Oil Black Leaf' indeholder et cadmiumgranulat, der bliver fra gul til r\u00f8d, n\u00e5r den er varm!","og_url":"https:\/\/superseeds.dk\/se\/produkt\/oil-black-leaf-quartz-banger-with-colour-reactor-2\/","og_site_name":"Superseeds.dk","article_modified_time":"2025-10-30T11:30:01+00:00","og_image":[{"width":1080,"height":1080,"url":"https:\/\/superseeds.dk\/wp-content\/uploads\/2025\/01\/Oil-Black-Leaf-Quartz-Banger-with-Colour-Reactor.png","type":"image\/png"}],"twitter_card":"summary_large_image","twitter_misc":{"Ber\u00e4knad l\u00e4stid":"1 minut"},"schema":{"@context":"https:\/\/schema.org","@graph":[{"@type":"WebPage","@id":"https:\/\/superseeds.dk\/vare\/oil-black-leaf-quartz-banger-with-colour-reactor-2\/","url":"https:\/\/superseeds.dk\/vare\/oil-black-leaf-quartz-banger-with-colour-reactor-2\/","name":"Oil Black Leaf' Quartz Banger with Colour Reactor - Superseeds.dk","isPartOf":{"@id":"https:\/\/super-seeds.se\/#website"},"primaryImageOfPage":{"@id":"https:\/\/superseeds.dk\/vare\/oil-black-leaf-quartz-banger-with-colour-reactor-2\/#primaryimage"},"image":{"@id":"https:\/\/superseeds.dk\/vare\/oil-black-leaf-quartz-banger-with-colour-reactor-2\/#primaryimage"},"thumbnailUrl":"https:\/\/superseeds.dk\/wp-content\/uploads\/2025\/10\/Oil-Black-Leaf-Quartz-Banger-with-Colour-Reactor.png","datePublished":"2025-01-30T22:21:33+00:00","dateModified":"2025-10-30T11:30:01+00:00","breadcrumb":{"@id":"https:\/\/superseeds.dk\/vare\/oil-black-leaf-quartz-banger-with-colour-reactor-2\/#breadcrumb"},"inLanguage":"sv-SE","potentialAction":[{"@type":"ReadAction","target":["https:\/\/superseeds.dk\/vare\/oil-black-leaf-quartz-banger-with-colour-reactor-2\/"]}]},{"@type":"ImageObject","inLanguage":"sv-SE","@id":"https:\/\/superseeds.dk\/vare\/oil-black-leaf-quartz-banger-with-colour-reactor-2\/#primaryimage","url":"https:\/\/superseeds.dk\/wp-content\/uploads\/2025\/10\/Oil-Black-Leaf-Quartz-Banger-with-Colour-Reactor.png","contentUrl":"https:\/\/superseeds.dk\/wp-content\/uploads\/2025\/10\/Oil-Black-Leaf-Quartz-Banger-with-Colour-Reactor.png","width":1080,"height":1080},{"@type":"BreadcrumbList","@id":"https:\/\/superseeds.dk\/vare\/oil-black-leaf-quartz-banger-with-colour-reactor-2\/#breadcrumb","itemListElement":[{"@type":"ListItem","position":1,"name":"Hjem","item":"https:\/\/superseeds.dk\/"},{"@type":"ListItem","position":2,"name":"Shop","item":"https:\/\/superseeds.dk\/no\/butikk\/"},{"@type":"ListItem","position":3,"name":"Oil Black Leaf&#8217; Quartz Banger with Colour Reactor"}]},{"@type":"WebSite","@id":"https:\/\/super-seeds.se\/#website","url":"https:\/\/super-seeds.se\/","name":"Superseeds.com","description":"","publisher":{"@id":"https:\/\/super-seeds.se\/#organization"},"potentialAction":[{"@type":"SearchAction","target":{"@type":"EntryPoint","urlTemplate":"https:\/\/super-seeds.se\/?s={search_term_string}"},"query-input":{"@type":"PropertyValueSpecification","valueRequired":true,"valueName":"search_term_string"}}],"inLanguage":"sv-SE"},{"@type":"Organization","@id":"https:\/\/super-seeds.se\/#organization","name":"Superseeds.com","url":"https:\/\/super-seeds.se\/","logo":{"@type":"ImageObject","inLanguage":"sv-SE","@id":"https:\/\/super-seeds.se\/#\/schema\/logo\/image\/","url":"https:\/\/superseeds.dk\/wp-content\/uploads\/2025\/09\/logo-superseeds.png","contentUrl":"https:\/\/superseeds.dk\/wp-content\/uploads\/2025\/09\/logo-superseeds.png","width":180,"height":160,"caption":"Superseeds.dk"},"image":{"@id":"https:\/\/super-seeds.se\/#\/schema\/logo\/image\/"}}]}},"df_price":139,"df_sale_price":"","df_regular_price":139,"df_image_link":"https:\/\/superseeds.dk\/wp-content\/uploads\/2025\/10\/Oil-Black-Leaf-Quartz-Banger-with-Colour-Reactor-1024x1024.png","_links":{"self":[{"href":"https:\/\/superseeds.dk\/se\/wp-json\/wp\/v2\/product\/59654","targetHints":{"allow":["GET"]}}],"collection":[{"href":"https:\/\/superseeds.dk\/se\/wp-json\/wp\/v2\/product"}],"about":[{"href":"https:\/\/superseeds.dk\/se\/wp-json\/wp\/v2\/types\/product"}],"wp:featuredmedia":[{"embeddable":true,"href":"https:\/\/superseeds.dk\/se\/wp-json\/wp\/v2\/media\/66929"}],"wp:attachment":[{"href":"https:\/\/superseeds.dk\/se\/wp-json\/wp\/v2\/media?parent=59654"}],"wp:term":[{"taxonomy":"product_brand","embeddable":true,"href":"https:\/\/superseeds.dk\/se\/wp-json\/wp\/v2\/product_brand?post=59654"},{"taxonomy":"product_cat","embeddable":true,"href":"https:\/\/superseeds.dk\/se\/wp-json\/wp\/v2\/product_cat?post=59654"},{"taxonomy":"product_tag","embeddable":true,"href":"https:\/\/superseeds.dk\/se\/wp-json\/wp\/v2\/product_tag?post=59654"}],"curies":[{"name":"wp","href":"https:\/\/api.w.org\/{rel}","templated":true}]}}