{"id":59605,"date":"2025-01-30T23:20:47","date_gmt":"2025-01-30T22:20:47","guid":{"rendered":"https:\/\/superseeds.dk\/vare\/nordic-grind-haldor-anti-stick-lilla-50mm-2\/"},"modified":"2025-01-30T23:20:55","modified_gmt":"2025-01-30T22:20:55","slug":"nordic-grind-haldor-anti-stick-lilla-50mm-2","status":"publish","type":"product","link":"https:\/\/superseeds.dk\/se\/produkt\/nordic-grind-haldor-anti-stick-lilla-50mm-2\/","title":{"rendered":"Nordic Grind Haldor Anti-stick Lilla 50mm"},"content":{"rendered":"<p>Hurtig og grundig grinding via forst\u00e6rket topl\u00e5g<\/p>\n<p>Keramisk Anti-stick coating \u2013 undg\u00e5 fasts\u00e6ttelse af plantematerialer<\/p>\n<p>Solide og h\u00e6rdede metalt\u00e6nder, som kv\u00e6rner b\u00e5de t\u00f8rrede og friske urter<\/p>\n<p>Udtageligt Pollen-filter og mindre gevind-arbejde<\/p>\n<p>&nbsp;<\/p>\n<p>Tr\u00e6t af urterester som sidder fast i din grinder? Haldor Anti-Stick Grinder l\u00f8ser problemet via en s\u00e6rlig keramisk anti-stick overflade, hvor hverken t\u00f8rrede eller fugtige urter kan s\u00e6tte sig permanent fast. Pust eller b\u00f8rst blot rester v\u00e6k \u2013 s\u00e5 er grinderen klar til brug igen.<\/p>\n<p>Haldor grinderen er baseret p\u00e5 et klassisk designlook, men forst\u00e6rket med ekstra tykke og solide metalt\u00e6nder som kv\u00e6rner igennem selv de mest h\u00e5rdf\u00f8re typer af urter. Det kr\u00e6ver n\u00e6sten ingen kr\u00e6fter at dreje rundt. Toppen af grinderen er nemlig forsynet med ekstra v\u00e6gt, som g\u00f8r den markant lettere og hurtigere at kv\u00e6rne urter med end mere traditionelle grinders.<\/p>\n<p>Haldor Anti-Stick Grinder indeholder en kraftig magnet placeret i midten af toppen, som holder godt fast p\u00e5 de to \u00f8verste lag. Hertil kommer en underdel, der kan skrues af og p\u00e5, og som indeholder b\u00e5de bundkammer til blomsterst\u00f8v og et filter, der kan adskilles separat. Der sidder i alt 36 t\u00e6nder i 50mm udgaven af Haldor grinderen \u2013 18 i toppen og 18 i laget under.<\/p>\n<p>Haldor Anti-Stick Grinder m\u00e5 siges at v\u00e6re et s\u00e6rligt holdbart og levedygtigt produkt, som overrasker selv de urteelskere, der normalt slider den ene grinder op efter den anden. Denne grinder er yderst modstandsdygtig og kan nemt grinde store m\u00e6ngder af t\u00f8rrede urter p\u00e5 en gang \u2013 fjern blot det indlagte filter, s\u00e5 er der ekstra plads til at fylde op i bundkammeret.<\/p>\n<p>Haldor grinderen er fabrikeret med en keramisk anti-stick coating. Dette hj\u00e6lper til at plantematerialer ikke t\u00f8rre ind og s\u00e6tter sig fast i grinderen. Den keramiske coating har nemlig en ekstra glat overflade, som sikrer at plantematerialer let glider af \u2013 deraf navnet Anti-stick.<\/p>\n<p>Den keramiske coating Nordic Grind anvender er ligesom andre keramiske typer af lak baseret p\u00e5 polymer. Vores polymer er typen ved navn polydimethylsiloxane. Den type er godkendt til brug i k\u00f8kkenudstyr over hele verden og fremh\u00e6ves ofte af f\u00f8devaremyndigheder (eks. FDA) som et bedre alternativ til traditionel plastik. Derfor b\u00f8r man heller ikke v\u00e6re nerv\u00f8s for mindre lakskader \u2013 s\u00e5kaldt \u201dchipping\u201d \u2013 det er ganske ufarligt og kan forekomme ved normal brug og slitage.<br \/>\nDet er derfor helt sikkert at sige, at vores keramiske lakering ikke udg\u00f8r nogen sundhedsfare, som man eksempelvis ved at andre typer af polymer g\u00f8r. Det kan eksempelvis v\u00e6re polymer som bruges i teflon-bel\u00e6gning eller andre lignede PTFE-stoffer, der kan v\u00e6re direkte giftige. Disse er kendt som polymer af typen polytetrafluoroethylene.<\/p>\n<p>&nbsp;<\/p>\n<p>Skraber til underkammer er inkluderet i grinderen<\/p>\n<p>Diameter: 50mm<\/p>\n<p>H\u00f8jde: 39mm<\/p>\n<p>V\u00e6gt: 118g<\/p>\n<p>Materiale: Aluminium<\/p>\n<p>Samlet antal metalt\u00e6nder: 36<\/p>","protected":false},"excerpt":{"rendered":"<p>Hurtig og grundig grinding via forst\u00e6rket topl\u00e5g<\/p>\n<p>Keramisk Anti-stick coating \u2013 undg\u00e5 fasts\u00e6ttelse af plantematerialer<\/p>\n<p>Solide og h\u00e6rdede metalt\u00e6nder, som kv\u00e6rner b\u00e5de t\u00f8rrede og friske urter<\/p>\n<p>Udtageligt Pollen-filter og mindre gevind-arbejde<\/p>","protected":false},"featured_media":59617,"template":"","meta":{"_acf_changed":false},"product_brand":[],"product_cat":[1989,1803,1795],"product_tag":[],"class_list":{"0":"post-59605","1":"product","2":"type-product","3":"status-publish","4":"has-post-thumbnail","6":"product_cat-grinders","7":"product_cat-rygegrej","8":"product_cat-headshop","10":"first","11":"outofstock","12":"taxable","13":"shipping-taxable","14":"purchasable","15":"product-type-simple"},"acf":[],"yoast_head":"<!-- This site is optimized with the Yoast SEO plugin v26.9 - https:\/\/yoast.com\/product\/yoast-seo-wordpress\/ -->\n<title>Nordic Grind Haldor Anti-stick Lilla 50mm - Superseeds.dk<\/title>\n<meta name=\"robots\" content=\"index, follow, max-snippet:-1, max-image-preview:large, max-video-preview:-1\" \/>\n<link rel=\"canonical\" href=\"https:\/\/superseeds.dk\/se\/produkt\/nordic-grind-haldor-anti-stick-lilla-50mm-2\/\" \/>\n<meta property=\"og:locale\" content=\"sv_SE\" \/>\n<meta property=\"og:type\" content=\"article\" \/>\n<meta property=\"og:title\" content=\"Nordic Grind Haldor Anti-stick Lilla 50mm - Superseeds.dk\" \/>\n<meta property=\"og:description\" content=\"Hurtig og grundig grinding via forst\u00e6rket topl\u00e5g  Keramisk Anti-stick coating \u2013 undg\u00e5 fasts\u00e6ttelse af plantematerialer  Solide og h\u00e6rdede metalt\u00e6nder, som kv\u00e6rner b\u00e5de t\u00f8rrede og friske urter  Udtageligt Pollen-filter og mindre gevind-arbejde\" \/>\n<meta property=\"og:url\" content=\"https:\/\/superseeds.dk\/se\/produkt\/nordic-grind-haldor-anti-stick-lilla-50mm-2\/\" \/>\n<meta property=\"og:site_name\" content=\"Superseeds.dk\" \/>\n<meta property=\"article:modified_time\" content=\"2025-01-30T22:20:55+00:00\" \/>\n<meta property=\"og:image\" content=\"https:\/\/superseeds.dk\/wp-content\/uploads\/2025\/01\/Nordic-Grind-Haldor-Anti-stick-Lilla-50mm.png\" \/>\n\t<meta property=\"og:image:width\" content=\"1080\" \/>\n\t<meta property=\"og:image:height\" content=\"1080\" \/>\n\t<meta property=\"og:image:type\" content=\"image\/png\" \/>\n<meta name=\"twitter:card\" content=\"summary_large_image\" \/>\n<meta name=\"twitter:label1\" content=\"Ber\u00e4knad l\u00e4stid\" \/>\n\t<meta name=\"twitter:data1\" content=\"2 minuter\" \/>\n<script type=\"application\/ld+json\" class=\"yoast-schema-graph\">{\"@context\":\"https:\/\/schema.org\",\"@graph\":[{\"@type\":\"WebPage\",\"@id\":\"https:\/\/superseeds.dk\/vare\/nordic-grind-haldor-anti-stick-lilla-50mm-2\/\",\"url\":\"https:\/\/superseeds.dk\/vare\/nordic-grind-haldor-anti-stick-lilla-50mm-2\/\",\"name\":\"Nordic Grind Haldor Anti-stick Lilla 50mm - Superseeds.dk\",\"isPartOf\":{\"@id\":\"https:\/\/super-seeds.se\/#website\"},\"primaryImageOfPage\":{\"@id\":\"https:\/\/superseeds.dk\/vare\/nordic-grind-haldor-anti-stick-lilla-50mm-2\/#primaryimage\"},\"image\":{\"@id\":\"https:\/\/superseeds.dk\/vare\/nordic-grind-haldor-anti-stick-lilla-50mm-2\/#primaryimage\"},\"thumbnailUrl\":\"https:\/\/superseeds.dk\/wp-content\/uploads\/2025\/01\/Nordic-Grind-Haldor-Anti-stick-Lilla-50mm.png\",\"datePublished\":\"2025-01-30T22:20:47+00:00\",\"dateModified\":\"2025-01-30T22:20:55+00:00\",\"breadcrumb\":{\"@id\":\"https:\/\/superseeds.dk\/vare\/nordic-grind-haldor-anti-stick-lilla-50mm-2\/#breadcrumb\"},\"inLanguage\":\"sv-SE\",\"potentialAction\":[{\"@type\":\"ReadAction\",\"target\":[\"https:\/\/superseeds.dk\/vare\/nordic-grind-haldor-anti-stick-lilla-50mm-2\/\"]}]},{\"@type\":\"ImageObject\",\"inLanguage\":\"sv-SE\",\"@id\":\"https:\/\/superseeds.dk\/vare\/nordic-grind-haldor-anti-stick-lilla-50mm-2\/#primaryimage\",\"url\":\"https:\/\/superseeds.dk\/wp-content\/uploads\/2025\/01\/Nordic-Grind-Haldor-Anti-stick-Lilla-50mm.png\",\"contentUrl\":\"https:\/\/superseeds.dk\/wp-content\/uploads\/2025\/01\/Nordic-Grind-Haldor-Anti-stick-Lilla-50mm.png\",\"width\":1080,\"height\":1080},{\"@type\":\"BreadcrumbList\",\"@id\":\"https:\/\/superseeds.dk\/vare\/nordic-grind-haldor-anti-stick-lilla-50mm-2\/#breadcrumb\",\"itemListElement\":[{\"@type\":\"ListItem\",\"position\":1,\"name\":\"Hjem\",\"item\":\"https:\/\/superseeds.dk\/\"},{\"@type\":\"ListItem\",\"position\":2,\"name\":\"Shop\",\"item\":\"https:\/\/superseeds.dk\/no\/butikk\/\"},{\"@type\":\"ListItem\",\"position\":3,\"name\":\"Nordic Grind Haldor Anti-stick Lilla 50mm\"}]},{\"@type\":\"WebSite\",\"@id\":\"https:\/\/super-seeds.se\/#website\",\"url\":\"https:\/\/super-seeds.se\/\",\"name\":\"Superseeds.dk\",\"description\":\"\",\"publisher\":{\"@id\":\"https:\/\/super-seeds.se\/#organization\"},\"potentialAction\":[{\"@type\":\"SearchAction\",\"target\":{\"@type\":\"EntryPoint\",\"urlTemplate\":\"https:\/\/super-seeds.se\/?s={search_term_string}\"},\"query-input\":{\"@type\":\"PropertyValueSpecification\",\"valueRequired\":true,\"valueName\":\"search_term_string\"}}],\"inLanguage\":\"sv-SE\"},{\"@type\":\"Organization\",\"@id\":\"https:\/\/super-seeds.se\/#organization\",\"name\":\"Superseeds.dk\",\"url\":\"https:\/\/super-seeds.se\/\",\"logo\":{\"@type\":\"ImageObject\",\"inLanguage\":\"sv-SE\",\"@id\":\"https:\/\/super-seeds.se\/#\/schema\/logo\/image\/\",\"url\":\"https:\/\/superseeds.dk\/wp-content\/uploads\/2025\/09\/logo-superseeds.png\",\"contentUrl\":\"https:\/\/superseeds.dk\/wp-content\/uploads\/2025\/09\/logo-superseeds.png\",\"width\":180,\"height\":160,\"caption\":\"Superseeds.dk\"},\"image\":{\"@id\":\"https:\/\/super-seeds.se\/#\/schema\/logo\/image\/\"}}]}<\/script>\n<!-- \/ Yoast SEO plugin. -->","yoast_head_json":{"title":"Nordic Grind Haldor Anti-stick Lilla 50mm - Superseeds.dk","robots":{"index":"index","follow":"follow","max-snippet":"max-snippet:-1","max-image-preview":"max-image-preview:large","max-video-preview":"max-video-preview:-1"},"canonical":"https:\/\/superseeds.dk\/se\/produkt\/nordic-grind-haldor-anti-stick-lilla-50mm-2\/","og_locale":"sv_SE","og_type":"article","og_title":"Nordic Grind Haldor Anti-stick Lilla 50mm - Superseeds.dk","og_description":"Hurtig og grundig grinding via forst\u00e6rket topl\u00e5g  Keramisk Anti-stick coating \u2013 undg\u00e5 fasts\u00e6ttelse af plantematerialer  Solide og h\u00e6rdede metalt\u00e6nder, som kv\u00e6rner b\u00e5de t\u00f8rrede og friske urter  Udtageligt Pollen-filter og mindre gevind-arbejde","og_url":"https:\/\/superseeds.dk\/se\/produkt\/nordic-grind-haldor-anti-stick-lilla-50mm-2\/","og_site_name":"Superseeds.dk","article_modified_time":"2025-01-30T22:20:55+00:00","og_image":[{"width":1080,"height":1080,"url":"https:\/\/superseeds.dk\/wp-content\/uploads\/2025\/01\/Nordic-Grind-Haldor-Anti-stick-Lilla-50mm.png","type":"image\/png"}],"twitter_card":"summary_large_image","twitter_misc":{"Ber\u00e4knad l\u00e4stid":"2 minuter"},"schema":{"@context":"https:\/\/schema.org","@graph":[{"@type":"WebPage","@id":"https:\/\/superseeds.dk\/vare\/nordic-grind-haldor-anti-stick-lilla-50mm-2\/","url":"https:\/\/superseeds.dk\/vare\/nordic-grind-haldor-anti-stick-lilla-50mm-2\/","name":"Nordic Grind Haldor Anti-stick Lilla 50mm - Superseeds.dk","isPartOf":{"@id":"https:\/\/super-seeds.se\/#website"},"primaryImageOfPage":{"@id":"https:\/\/superseeds.dk\/vare\/nordic-grind-haldor-anti-stick-lilla-50mm-2\/#primaryimage"},"image":{"@id":"https:\/\/superseeds.dk\/vare\/nordic-grind-haldor-anti-stick-lilla-50mm-2\/#primaryimage"},"thumbnailUrl":"https:\/\/superseeds.dk\/wp-content\/uploads\/2025\/01\/Nordic-Grind-Haldor-Anti-stick-Lilla-50mm.png","datePublished":"2025-01-30T22:20:47+00:00","dateModified":"2025-01-30T22:20:55+00:00","breadcrumb":{"@id":"https:\/\/superseeds.dk\/vare\/nordic-grind-haldor-anti-stick-lilla-50mm-2\/#breadcrumb"},"inLanguage":"sv-SE","potentialAction":[{"@type":"ReadAction","target":["https:\/\/superseeds.dk\/vare\/nordic-grind-haldor-anti-stick-lilla-50mm-2\/"]}]},{"@type":"ImageObject","inLanguage":"sv-SE","@id":"https:\/\/superseeds.dk\/vare\/nordic-grind-haldor-anti-stick-lilla-50mm-2\/#primaryimage","url":"https:\/\/superseeds.dk\/wp-content\/uploads\/2025\/01\/Nordic-Grind-Haldor-Anti-stick-Lilla-50mm.png","contentUrl":"https:\/\/superseeds.dk\/wp-content\/uploads\/2025\/01\/Nordic-Grind-Haldor-Anti-stick-Lilla-50mm.png","width":1080,"height":1080},{"@type":"BreadcrumbList","@id":"https:\/\/superseeds.dk\/vare\/nordic-grind-haldor-anti-stick-lilla-50mm-2\/#breadcrumb","itemListElement":[{"@type":"ListItem","position":1,"name":"Hjem","item":"https:\/\/superseeds.dk\/"},{"@type":"ListItem","position":2,"name":"Shop","item":"https:\/\/superseeds.dk\/no\/butikk\/"},{"@type":"ListItem","position":3,"name":"Nordic Grind Haldor Anti-stick Lilla 50mm"}]},{"@type":"WebSite","@id":"https:\/\/super-seeds.se\/#website","url":"https:\/\/super-seeds.se\/","name":"Superseeds.com","description":"","publisher":{"@id":"https:\/\/super-seeds.se\/#organization"},"potentialAction":[{"@type":"SearchAction","target":{"@type":"EntryPoint","urlTemplate":"https:\/\/super-seeds.se\/?s={search_term_string}"},"query-input":{"@type":"PropertyValueSpecification","valueRequired":true,"valueName":"search_term_string"}}],"inLanguage":"sv-SE"},{"@type":"Organization","@id":"https:\/\/super-seeds.se\/#organization","name":"Superseeds.com","url":"https:\/\/super-seeds.se\/","logo":{"@type":"ImageObject","inLanguage":"sv-SE","@id":"https:\/\/super-seeds.se\/#\/schema\/logo\/image\/","url":"https:\/\/superseeds.dk\/wp-content\/uploads\/2025\/09\/logo-superseeds.png","contentUrl":"https:\/\/superseeds.dk\/wp-content\/uploads\/2025\/09\/logo-superseeds.png","width":180,"height":160,"caption":"Superseeds.dk"},"image":{"@id":"https:\/\/super-seeds.se\/#\/schema\/logo\/image\/"}}]}},"df_price":249,"df_sale_price":"","df_regular_price":249,"df_image_link":"https:\/\/superseeds.dk\/wp-content\/uploads\/2025\/01\/Nordic-Grind-Haldor-Anti-stick-Lilla-50mm-1024x1024.png","_links":{"self":[{"href":"https:\/\/superseeds.dk\/se\/wp-json\/wp\/v2\/product\/59605","targetHints":{"allow":["GET"]}}],"collection":[{"href":"https:\/\/superseeds.dk\/se\/wp-json\/wp\/v2\/product"}],"about":[{"href":"https:\/\/superseeds.dk\/se\/wp-json\/wp\/v2\/types\/product"}],"wp:featuredmedia":[{"embeddable":true,"href":"https:\/\/superseeds.dk\/se\/wp-json\/wp\/v2\/media\/59617"}],"wp:attachment":[{"href":"https:\/\/superseeds.dk\/se\/wp-json\/wp\/v2\/media?parent=59605"}],"wp:term":[{"taxonomy":"product_brand","embeddable":true,"href":"https:\/\/superseeds.dk\/se\/wp-json\/wp\/v2\/product_brand?post=59605"},{"taxonomy":"product_cat","embeddable":true,"href":"https:\/\/superseeds.dk\/se\/wp-json\/wp\/v2\/product_cat?post=59605"},{"taxonomy":"product_tag","embeddable":true,"href":"https:\/\/superseeds.dk\/se\/wp-json\/wp\/v2\/product_tag?post=59605"}],"curies":[{"name":"wp","href":"https:\/\/api.w.org\/{rel}","templated":true}]}}