{"id":59370,"date":"2025-01-30T23:18:32","date_gmt":"2025-01-30T22:18:32","guid":{"rendered":"https:\/\/superseeds.dk\/vare\/blaze-oile-bong-drum-percolator-m-banger-2\/"},"modified":"2025-05-23T10:29:53","modified_gmt":"2025-05-23T08:29:53","slug":"blaze-oile-bong-drum-percolator-m-banger-2","status":"publish","type":"product","link":"https:\/\/superseeds.dk\/se\/produkt\/blaze-oile-bong-drum-percolator-m-banger-2\/","title":{"rendered":"Blaze &#8211; Oile Bong Drum Percolator m. Banger"},"content":{"rendered":"<p>Stabil lille dab rig, h\u00e5ndlavet af borosilikatglas med det s\u00f8lvskinnende BLAZE GLASS\u00ae-logo og tromleperkolator med en hel del slidser til den k\u00f8lende bobleeffekt! Med 4 mm v\u00e6gtykkelse, m\u00e6lkemoccafarvede glasdele, alt dette g\u00f8r den til en virkelig l\u00e6kker rig at have st\u00e5ende!<\/p>\n<p>Glasbobleren er velegnet til at fork\u00e6le diverse olie koncentrater. Den er derfor udstyret med en banger, som til enhver tid kan erstattes af et bonghoved med 14,5 mm standardslibning.<\/p>\n<p>OBS: Opvarm kun undersiden af bangeren, ellers er der risiko for, at slibningen g\u00e5r i stykker p\u00e5 grund af udvidelse af materialet.<\/p>\n<ul>\n<li>Material: Borosilikatglas<\/li>\n<li>Print: Blaze Glas Logo<\/li>\n<li>H\u00f8jde: 195 mm<\/li>\n<li>Diameter: 18\/58 mm<\/li>\n<li>SG 14 (14,5 mm)<\/li>\n<li>V\u00e6gtykkelse: 4 mm<\/li>\n<li>Perkolator \/ Diffuser<\/li>\n<li>Trommeperkolator<\/li>\n<\/ul>","protected":false},"excerpt":{"rendered":"<p>Stabil lille dab rig, h\u00e5ndlavet af borosilikatglas med det s\u00f8lvskinnende BLAZE GLASS\u00ae-logo og tromleperkolator med en hel del slidser til den k\u00f8lende bobleeffekt! Med 4 mm v\u00e6gtykkelse, m\u00e6lkemoccafarvede glasdele, alt dette g\u00f8r den til en virkelig l\u00e6kker rig at have st\u00e5ende! Glasbobleren er velegnet til at fork\u00e6le diverse olie koncentrater. Den er derfor udstyret med [&hellip;]<\/p>\n","protected":false},"featured_media":63726,"template":"","meta":{"_acf_changed":false},"product_brand":[],"product_cat":[1990,1991,1795],"product_tag":[],"class_list":{"0":"post-59370","1":"product","2":"type-product","3":"status-publish","4":"has-post-thumbnail","6":"product_cat-bonger","7":"product_cat-bonger-dab-rigs","8":"product_cat-headshop","10":"first","11":"outofstock","12":"taxable","13":"shipping-taxable","14":"purchasable","15":"product-type-simple"},"acf":[],"yoast_head":"<!-- This site is optimized with the Yoast SEO plugin v26.9 - https:\/\/yoast.com\/product\/yoast-seo-wordpress\/ -->\n<title>Blaze - Oile Bong Drum Percolator m. Banger - Superseeds.dk<\/title>\n<meta name=\"robots\" content=\"index, follow, max-snippet:-1, max-image-preview:large, max-video-preview:-1\" \/>\n<link rel=\"canonical\" href=\"https:\/\/superseeds.dk\/se\/produkt\/blaze-oile-bong-drum-percolator-m-banger-2\/\" \/>\n<meta property=\"og:locale\" content=\"sv_SE\" \/>\n<meta property=\"og:type\" content=\"article\" \/>\n<meta property=\"og:title\" content=\"Blaze - Oile Bong Drum Percolator m. Banger - Superseeds.dk\" \/>\n<meta property=\"og:description\" content=\"Stabil lille dab rig, h\u00e5ndlavet af borosilikatglas med det s\u00f8lvskinnende BLAZE GLASS\u00ae-logo og tromleperkolator med en hel del slidser til den k\u00f8lende bobleeffekt! Med 4 mm v\u00e6gtykkelse, m\u00e6lkemoccafarvede glasdele, alt dette g\u00f8r den til en virkelig l\u00e6kker rig at have st\u00e5ende! Glasbobleren er velegnet til at fork\u00e6le diverse olie koncentrater. Den er derfor udstyret med [&hellip;]\" \/>\n<meta property=\"og:url\" content=\"https:\/\/superseeds.dk\/se\/produkt\/blaze-oile-bong-drum-percolator-m-banger-2\/\" \/>\n<meta property=\"og:site_name\" content=\"Superseeds.dk\" \/>\n<meta property=\"article:modified_time\" content=\"2025-05-23T08:29:53+00:00\" \/>\n<meta property=\"og:image\" content=\"https:\/\/super-seeds.no\/wp-content\/uploads\/2025\/05\/Blaze-\u2013-Oile-Bong-Drum-Percolator-m.-Banger.png\" \/>\n\t<meta property=\"og:image:width\" content=\"1080\" \/>\n\t<meta property=\"og:image:height\" content=\"1080\" \/>\n\t<meta property=\"og:image:type\" content=\"image\/png\" \/>\n<meta name=\"twitter:card\" content=\"summary_large_image\" \/>\n<meta name=\"twitter:label1\" content=\"Ber\u00e4knad l\u00e4stid\" \/>\n\t<meta name=\"twitter:data1\" content=\"1 minut\" \/>\n<script type=\"application\/ld+json\" class=\"yoast-schema-graph\">{\"@context\":\"https:\/\/schema.org\",\"@graph\":[{\"@type\":\"WebPage\",\"@id\":\"https:\/\/superseeds.dk\/vare\/blaze-oile-bong-drum-percolator-m-banger-2\/\",\"url\":\"https:\/\/superseeds.dk\/vare\/blaze-oile-bong-drum-percolator-m-banger-2\/\",\"name\":\"Blaze - Oile Bong Drum Percolator m. Banger - Superseeds.dk\",\"isPartOf\":{\"@id\":\"https:\/\/super-seeds.se\/#website\"},\"primaryImageOfPage\":{\"@id\":\"https:\/\/superseeds.dk\/vare\/blaze-oile-bong-drum-percolator-m-banger-2\/#primaryimage\"},\"image\":{\"@id\":\"https:\/\/superseeds.dk\/vare\/blaze-oile-bong-drum-percolator-m-banger-2\/#primaryimage\"},\"thumbnailUrl\":\"https:\/\/superseeds.dk\/wp-content\/uploads\/2025\/05\/Blaze-\u2013-Oile-Bong-Drum-Percolator-m.-Banger.png\",\"datePublished\":\"2025-01-30T22:18:32+00:00\",\"dateModified\":\"2025-05-23T08:29:53+00:00\",\"breadcrumb\":{\"@id\":\"https:\/\/superseeds.dk\/vare\/blaze-oile-bong-drum-percolator-m-banger-2\/#breadcrumb\"},\"inLanguage\":\"sv-SE\",\"potentialAction\":[{\"@type\":\"ReadAction\",\"target\":[\"https:\/\/superseeds.dk\/vare\/blaze-oile-bong-drum-percolator-m-banger-2\/\"]}]},{\"@type\":\"ImageObject\",\"inLanguage\":\"sv-SE\",\"@id\":\"https:\/\/superseeds.dk\/vare\/blaze-oile-bong-drum-percolator-m-banger-2\/#primaryimage\",\"url\":\"https:\/\/superseeds.dk\/wp-content\/uploads\/2025\/05\/Blaze-\u2013-Oile-Bong-Drum-Percolator-m.-Banger.png\",\"contentUrl\":\"https:\/\/superseeds.dk\/wp-content\/uploads\/2025\/05\/Blaze-\u2013-Oile-Bong-Drum-Percolator-m.-Banger.png\",\"width\":1080,\"height\":1080},{\"@type\":\"BreadcrumbList\",\"@id\":\"https:\/\/superseeds.dk\/vare\/blaze-oile-bong-drum-percolator-m-banger-2\/#breadcrumb\",\"itemListElement\":[{\"@type\":\"ListItem\",\"position\":1,\"name\":\"Hjem\",\"item\":\"https:\/\/superseeds.dk\/\"},{\"@type\":\"ListItem\",\"position\":2,\"name\":\"Shop\",\"item\":\"https:\/\/superseeds.dk\/no\/butikk\/\"},{\"@type\":\"ListItem\",\"position\":3,\"name\":\"Blaze &#8211; Oile Bong Drum Percolator m. Banger\"}]},{\"@type\":\"WebSite\",\"@id\":\"https:\/\/super-seeds.se\/#website\",\"url\":\"https:\/\/super-seeds.se\/\",\"name\":\"Superseeds.dk\",\"description\":\"\",\"publisher\":{\"@id\":\"https:\/\/super-seeds.se\/#organization\"},\"potentialAction\":[{\"@type\":\"SearchAction\",\"target\":{\"@type\":\"EntryPoint\",\"urlTemplate\":\"https:\/\/super-seeds.se\/?s={search_term_string}\"},\"query-input\":{\"@type\":\"PropertyValueSpecification\",\"valueRequired\":true,\"valueName\":\"search_term_string\"}}],\"inLanguage\":\"sv-SE\"},{\"@type\":\"Organization\",\"@id\":\"https:\/\/super-seeds.se\/#organization\",\"name\":\"Superseeds.dk\",\"url\":\"https:\/\/super-seeds.se\/\",\"logo\":{\"@type\":\"ImageObject\",\"inLanguage\":\"sv-SE\",\"@id\":\"https:\/\/super-seeds.se\/#\/schema\/logo\/image\/\",\"url\":\"https:\/\/superseeds.dk\/wp-content\/uploads\/2025\/09\/logo-superseeds.png\",\"contentUrl\":\"https:\/\/superseeds.dk\/wp-content\/uploads\/2025\/09\/logo-superseeds.png\",\"width\":180,\"height\":160,\"caption\":\"Superseeds.dk\"},\"image\":{\"@id\":\"https:\/\/super-seeds.se\/#\/schema\/logo\/image\/\"}}]}<\/script>\n<!-- \/ Yoast SEO plugin. -->","yoast_head_json":{"title":"Blaze - Oile Bong Drum Percolator m. Banger - Superseeds.dk","robots":{"index":"index","follow":"follow","max-snippet":"max-snippet:-1","max-image-preview":"max-image-preview:large","max-video-preview":"max-video-preview:-1"},"canonical":"https:\/\/superseeds.dk\/se\/produkt\/blaze-oile-bong-drum-percolator-m-banger-2\/","og_locale":"sv_SE","og_type":"article","og_title":"Blaze - Oile Bong Drum Percolator m. Banger - Superseeds.dk","og_description":"Stabil lille dab rig, h\u00e5ndlavet af borosilikatglas med det s\u00f8lvskinnende BLAZE GLASS\u00ae-logo og tromleperkolator med en hel del slidser til den k\u00f8lende bobleeffekt! Med 4 mm v\u00e6gtykkelse, m\u00e6lkemoccafarvede glasdele, alt dette g\u00f8r den til en virkelig l\u00e6kker rig at have st\u00e5ende! Glasbobleren er velegnet til at fork\u00e6le diverse olie koncentrater. Den er derfor udstyret med [&hellip;]","og_url":"https:\/\/superseeds.dk\/se\/produkt\/blaze-oile-bong-drum-percolator-m-banger-2\/","og_site_name":"Superseeds.dk","article_modified_time":"2025-05-23T08:29:53+00:00","og_image":[{"width":1080,"height":1080,"url":"https:\/\/super-seeds.no\/wp-content\/uploads\/2025\/05\/Blaze-\u2013-Oile-Bong-Drum-Percolator-m.-Banger.png","type":"image\/png"}],"twitter_card":"summary_large_image","twitter_misc":{"Ber\u00e4knad l\u00e4stid":"1 minut"},"schema":{"@context":"https:\/\/schema.org","@graph":[{"@type":"WebPage","@id":"https:\/\/superseeds.dk\/vare\/blaze-oile-bong-drum-percolator-m-banger-2\/","url":"https:\/\/superseeds.dk\/vare\/blaze-oile-bong-drum-percolator-m-banger-2\/","name":"Blaze - Oile Bong Drum Percolator m. Banger - Superseeds.dk","isPartOf":{"@id":"https:\/\/super-seeds.se\/#website"},"primaryImageOfPage":{"@id":"https:\/\/superseeds.dk\/vare\/blaze-oile-bong-drum-percolator-m-banger-2\/#primaryimage"},"image":{"@id":"https:\/\/superseeds.dk\/vare\/blaze-oile-bong-drum-percolator-m-banger-2\/#primaryimage"},"thumbnailUrl":"https:\/\/superseeds.dk\/wp-content\/uploads\/2025\/05\/Blaze-\u2013-Oile-Bong-Drum-Percolator-m.-Banger.png","datePublished":"2025-01-30T22:18:32+00:00","dateModified":"2025-05-23T08:29:53+00:00","breadcrumb":{"@id":"https:\/\/superseeds.dk\/vare\/blaze-oile-bong-drum-percolator-m-banger-2\/#breadcrumb"},"inLanguage":"sv-SE","potentialAction":[{"@type":"ReadAction","target":["https:\/\/superseeds.dk\/vare\/blaze-oile-bong-drum-percolator-m-banger-2\/"]}]},{"@type":"ImageObject","inLanguage":"sv-SE","@id":"https:\/\/superseeds.dk\/vare\/blaze-oile-bong-drum-percolator-m-banger-2\/#primaryimage","url":"https:\/\/superseeds.dk\/wp-content\/uploads\/2025\/05\/Blaze-\u2013-Oile-Bong-Drum-Percolator-m.-Banger.png","contentUrl":"https:\/\/superseeds.dk\/wp-content\/uploads\/2025\/05\/Blaze-\u2013-Oile-Bong-Drum-Percolator-m.-Banger.png","width":1080,"height":1080},{"@type":"BreadcrumbList","@id":"https:\/\/superseeds.dk\/vare\/blaze-oile-bong-drum-percolator-m-banger-2\/#breadcrumb","itemListElement":[{"@type":"ListItem","position":1,"name":"Hjem","item":"https:\/\/superseeds.dk\/"},{"@type":"ListItem","position":2,"name":"Shop","item":"https:\/\/superseeds.dk\/no\/butikk\/"},{"@type":"ListItem","position":3,"name":"Blaze &#8211; Oile Bong Drum Percolator m. Banger"}]},{"@type":"WebSite","@id":"https:\/\/super-seeds.se\/#website","url":"https:\/\/super-seeds.se\/","name":"Superseeds.com","description":"","publisher":{"@id":"https:\/\/super-seeds.se\/#organization"},"potentialAction":[{"@type":"SearchAction","target":{"@type":"EntryPoint","urlTemplate":"https:\/\/super-seeds.se\/?s={search_term_string}"},"query-input":{"@type":"PropertyValueSpecification","valueRequired":true,"valueName":"search_term_string"}}],"inLanguage":"sv-SE"},{"@type":"Organization","@id":"https:\/\/super-seeds.se\/#organization","name":"Superseeds.com","url":"https:\/\/super-seeds.se\/","logo":{"@type":"ImageObject","inLanguage":"sv-SE","@id":"https:\/\/super-seeds.se\/#\/schema\/logo\/image\/","url":"https:\/\/superseeds.dk\/wp-content\/uploads\/2025\/09\/logo-superseeds.png","contentUrl":"https:\/\/superseeds.dk\/wp-content\/uploads\/2025\/09\/logo-superseeds.png","width":180,"height":160,"caption":"Superseeds.dk"},"image":{"@id":"https:\/\/super-seeds.se\/#\/schema\/logo\/image\/"}}]}},"df_price":549.95,"df_sale_price":"","df_regular_price":549.95,"df_image_link":"https:\/\/superseeds.dk\/wp-content\/uploads\/2025\/05\/Blaze-\u2013-Oile-Bong-Drum-Percolator-m.-Banger-1024x1024.png","_links":{"self":[{"href":"https:\/\/superseeds.dk\/se\/wp-json\/wp\/v2\/product\/59370","targetHints":{"allow":["GET"]}}],"collection":[{"href":"https:\/\/superseeds.dk\/se\/wp-json\/wp\/v2\/product"}],"about":[{"href":"https:\/\/superseeds.dk\/se\/wp-json\/wp\/v2\/types\/product"}],"wp:featuredmedia":[{"embeddable":true,"href":"https:\/\/superseeds.dk\/se\/wp-json\/wp\/v2\/media\/63726"}],"wp:attachment":[{"href":"https:\/\/superseeds.dk\/se\/wp-json\/wp\/v2\/media?parent=59370"}],"wp:term":[{"taxonomy":"product_brand","embeddable":true,"href":"https:\/\/superseeds.dk\/se\/wp-json\/wp\/v2\/product_brand?post=59370"},{"taxonomy":"product_cat","embeddable":true,"href":"https:\/\/superseeds.dk\/se\/wp-json\/wp\/v2\/product_cat?post=59370"},{"taxonomy":"product_tag","embeddable":true,"href":"https:\/\/superseeds.dk\/se\/wp-json\/wp\/v2\/product_tag?post=59370"}],"curies":[{"name":"wp","href":"https:\/\/api.w.org\/{rel}","templated":true}]}}