{"id":59206,"date":"2025-01-30T23:16:35","date_gmt":"2025-01-30T22:16:35","guid":{"rendered":"https:\/\/superseeds.dk\/vare\/savage-glas-bong-ice\/"},"modified":"2025-01-30T23:16:37","modified_gmt":"2025-01-30T22:16:37","slug":"savage-glas-bong-ice","status":"publish","type":"product","link":"https:\/\/superseeds.dk\/se\/produkt\/savage-glas-bong-ice\/","title":{"rendered":"Savage glas bong Ice"},"content":{"rendered":"<p>Isbongen &#8216;Savage&#8217; lavet af det bedste borosilikatglas, trykt med en smuk, flerfarvet pin-up i art noveau-stilen, som man ikke ser ret ofte p\u00e5 bonger i den prisklasse. Enkelte blomster af det overordnede motiv gentages p\u00e5 bongbunden, hvilket giver bongen en ekstra afrunding i designet.<\/p>\n<p>En glasstykkelse p\u00e5 7 mm og godt h\u00e5ndv\u00e6rk g\u00f8r denne bong robust, tung og stabil. Den har et plug-in system med diffuseradapter og et tragtformet glashoved med et praktisk bredt h\u00e5ndtag. Dette forhindrer ogs\u00e5 hovedet i at rulle af bordet.\u00a0Iskammeret giver plads til mange r\u00f8gk\u00f8lende isterninger og sliphullet har en prop, som g\u00f8r reng\u00f8ring af bongen lettere.<\/p>\n<p>P\u00e5 grund af sin mellemst\u00f8rrelse vil &#8216;Savage&#8217; bong gl\u00e6de b\u00e5de kvindelige og mandlige bonghoveder.<\/p>\n<div class=\"table-row\">\n<div class=\"table-col column--desc\">Material: Borosilikatglas<\/div>\n<\/div>\n<div class=\"table-row\">\n<div class=\"table-col column--desc\"><\/div>\n<\/div>\n<div class=\"table-row\">\n<div class=\"table-col column--icon\"><\/div>\n<div class=\"table-col column--desc\">H\u00f8jde:\u00a0350 mm<\/div>\n<\/div>\n<div class=\"table-row\">\n<div class=\"table-col column--icon\"><\/div>\n<div class=\"table-col column--desc\">diameter:\u00a0130\/52 mm<\/div>\n<\/div>\n<div class=\"table-row\">\n<div class=\"table-col column--desc\"><\/div>\n<div class=\"table-col column--value\">NS 19bistabil\/14 (18,8 mm\/14,5 mm)<\/div>\n<\/div>\n<div class=\"table-row\">\n<div class=\"table-col column--icon\"><\/div>\n<div class=\"table-col column--desc\">v\u00e6gtykkelse:\u00a07 mm<\/div>\n<\/div>\n<div class=\"table-row\">\n<div class=\"table-col column--icon\"><\/div>\n<\/div>\n<div class=\"table-row\">\n<div class=\"table-col column--value\">Sliphul: Ja, med propper.<\/div>\n<\/div>\n<div class=\"table-row\">\n<div class=\"table-col column--icon\"><\/div>\n<div class=\"table-col column--desc\">Downstem: L 130mm<\/div>\n<\/div>","protected":false},"excerpt":{"rendered":"<p>En glasstykkelse p\u00e5 7 mm og godt h\u00e5ndv\u00e6rk g\u00f8r denne bong robust, tung og stabil.<\/p>","protected":false},"featured_media":59208,"template":"","meta":{"_acf_changed":false},"product_brand":[],"product_cat":[1990,1991,1795],"product_tag":[],"class_list":{"0":"post-59206","1":"product","2":"type-product","3":"status-publish","4":"has-post-thumbnail","6":"product_cat-bonger","7":"product_cat-bonger-dab-rigs","8":"product_cat-headshop","10":"first","11":"instock","12":"taxable","13":"shipping-taxable","14":"purchasable","15":"product-type-simple"},"acf":[],"yoast_head":"<!-- This site is optimized with the Yoast SEO plugin v26.9 - https:\/\/yoast.com\/product\/yoast-seo-wordpress\/ -->\n<title>Savage glas bong Ice - Superseeds.dk<\/title>\n<meta name=\"robots\" content=\"index, follow, max-snippet:-1, max-image-preview:large, max-video-preview:-1\" \/>\n<link rel=\"canonical\" href=\"https:\/\/superseeds.dk\/se\/produkt\/savage-glas-bong-ice\/\" \/>\n<meta property=\"og:locale\" content=\"sv_SE\" \/>\n<meta property=\"og:type\" content=\"article\" \/>\n<meta property=\"og:title\" content=\"Savage glas bong Ice - Superseeds.dk\" \/>\n<meta property=\"og:description\" content=\"En glasstykkelse p\u00e5 7 mm og godt h\u00e5ndv\u00e6rk g\u00f8r denne bong robust, tung og stabil.\" \/>\n<meta property=\"og:url\" content=\"https:\/\/superseeds.dk\/se\/produkt\/savage-glas-bong-ice\/\" \/>\n<meta property=\"og:site_name\" content=\"Superseeds.dk\" \/>\n<meta property=\"article:modified_time\" content=\"2025-01-30T22:16:37+00:00\" \/>\n<meta property=\"og:image\" content=\"https:\/\/www.super-seeds.se\/wp-content\/uploads\/2025\/01\/Savage-glas-bong-Ice.png\" \/>\n\t<meta property=\"og:image:width\" content=\"1080\" \/>\n\t<meta property=\"og:image:height\" content=\"1080\" \/>\n\t<meta property=\"og:image:type\" content=\"image\/png\" \/>\n<meta name=\"twitter:card\" content=\"summary_large_image\" \/>\n<meta name=\"twitter:label1\" content=\"Ber\u00e4knad l\u00e4stid\" \/>\n\t<meta name=\"twitter:data1\" content=\"1 minut\" \/>\n<script type=\"application\/ld+json\" class=\"yoast-schema-graph\">{\"@context\":\"https:\/\/schema.org\",\"@graph\":[{\"@type\":\"WebPage\",\"@id\":\"https:\/\/superseeds.dk\/vare\/savage-glas-bong-ice\/\",\"url\":\"https:\/\/superseeds.dk\/vare\/savage-glas-bong-ice\/\",\"name\":\"Savage glas bong Ice - Superseeds.dk\",\"isPartOf\":{\"@id\":\"https:\/\/super-seeds.se\/#website\"},\"primaryImageOfPage\":{\"@id\":\"https:\/\/superseeds.dk\/vare\/savage-glas-bong-ice\/#primaryimage\"},\"image\":{\"@id\":\"https:\/\/superseeds.dk\/vare\/savage-glas-bong-ice\/#primaryimage\"},\"thumbnailUrl\":\"https:\/\/superseeds.dk\/wp-content\/uploads\/2025\/01\/Savage-glas-bong-Ice.png\",\"datePublished\":\"2025-01-30T22:16:35+00:00\",\"dateModified\":\"2025-01-30T22:16:37+00:00\",\"breadcrumb\":{\"@id\":\"https:\/\/superseeds.dk\/vare\/savage-glas-bong-ice\/#breadcrumb\"},\"inLanguage\":\"sv-SE\",\"potentialAction\":[{\"@type\":\"ReadAction\",\"target\":[\"https:\/\/superseeds.dk\/vare\/savage-glas-bong-ice\/\"]}]},{\"@type\":\"ImageObject\",\"inLanguage\":\"sv-SE\",\"@id\":\"https:\/\/superseeds.dk\/vare\/savage-glas-bong-ice\/#primaryimage\",\"url\":\"https:\/\/superseeds.dk\/wp-content\/uploads\/2025\/01\/Savage-glas-bong-Ice.png\",\"contentUrl\":\"https:\/\/superseeds.dk\/wp-content\/uploads\/2025\/01\/Savage-glas-bong-Ice.png\",\"width\":1080,\"height\":1080},{\"@type\":\"BreadcrumbList\",\"@id\":\"https:\/\/superseeds.dk\/vare\/savage-glas-bong-ice\/#breadcrumb\",\"itemListElement\":[{\"@type\":\"ListItem\",\"position\":1,\"name\":\"Hjem\",\"item\":\"https:\/\/superseeds.dk\/\"},{\"@type\":\"ListItem\",\"position\":2,\"name\":\"Shop\",\"item\":\"https:\/\/superseeds.dk\/no\/butikk\/\"},{\"@type\":\"ListItem\",\"position\":3,\"name\":\"Savage glas bong Ice\"}]},{\"@type\":\"WebSite\",\"@id\":\"https:\/\/super-seeds.se\/#website\",\"url\":\"https:\/\/super-seeds.se\/\",\"name\":\"Superseeds.dk\",\"description\":\"\",\"publisher\":{\"@id\":\"https:\/\/super-seeds.se\/#organization\"},\"potentialAction\":[{\"@type\":\"SearchAction\",\"target\":{\"@type\":\"EntryPoint\",\"urlTemplate\":\"https:\/\/super-seeds.se\/?s={search_term_string}\"},\"query-input\":{\"@type\":\"PropertyValueSpecification\",\"valueRequired\":true,\"valueName\":\"search_term_string\"}}],\"inLanguage\":\"sv-SE\"},{\"@type\":\"Organization\",\"@id\":\"https:\/\/super-seeds.se\/#organization\",\"name\":\"Superseeds.dk\",\"url\":\"https:\/\/super-seeds.se\/\",\"logo\":{\"@type\":\"ImageObject\",\"inLanguage\":\"sv-SE\",\"@id\":\"https:\/\/super-seeds.se\/#\/schema\/logo\/image\/\",\"url\":\"https:\/\/superseeds.dk\/wp-content\/uploads\/2025\/09\/logo-superseeds.png\",\"contentUrl\":\"https:\/\/superseeds.dk\/wp-content\/uploads\/2025\/09\/logo-superseeds.png\",\"width\":180,\"height\":160,\"caption\":\"Superseeds.dk\"},\"image\":{\"@id\":\"https:\/\/super-seeds.se\/#\/schema\/logo\/image\/\"}}]}<\/script>\n<!-- \/ Yoast SEO plugin. -->","yoast_head_json":{"title":"Savage glas bong Ice - Superseeds.dk","robots":{"index":"index","follow":"follow","max-snippet":"max-snippet:-1","max-image-preview":"max-image-preview:large","max-video-preview":"max-video-preview:-1"},"canonical":"https:\/\/superseeds.dk\/se\/produkt\/savage-glas-bong-ice\/","og_locale":"sv_SE","og_type":"article","og_title":"Savage glas bong Ice - Superseeds.dk","og_description":"En glasstykkelse p\u00e5 7 mm og godt h\u00e5ndv\u00e6rk g\u00f8r denne bong robust, tung og stabil.","og_url":"https:\/\/superseeds.dk\/se\/produkt\/savage-glas-bong-ice\/","og_site_name":"Superseeds.dk","article_modified_time":"2025-01-30T22:16:37+00:00","og_image":[{"width":1080,"height":1080,"url":"https:\/\/www.super-seeds.se\/wp-content\/uploads\/2025\/01\/Savage-glas-bong-Ice.png","type":"image\/png"}],"twitter_card":"summary_large_image","twitter_misc":{"Ber\u00e4knad l\u00e4stid":"1 minut"},"schema":{"@context":"https:\/\/schema.org","@graph":[{"@type":"WebPage","@id":"https:\/\/superseeds.dk\/vare\/savage-glas-bong-ice\/","url":"https:\/\/superseeds.dk\/vare\/savage-glas-bong-ice\/","name":"Savage glas bong Ice - Superseeds.dk","isPartOf":{"@id":"https:\/\/super-seeds.se\/#website"},"primaryImageOfPage":{"@id":"https:\/\/superseeds.dk\/vare\/savage-glas-bong-ice\/#primaryimage"},"image":{"@id":"https:\/\/superseeds.dk\/vare\/savage-glas-bong-ice\/#primaryimage"},"thumbnailUrl":"https:\/\/superseeds.dk\/wp-content\/uploads\/2025\/01\/Savage-glas-bong-Ice.png","datePublished":"2025-01-30T22:16:35+00:00","dateModified":"2025-01-30T22:16:37+00:00","breadcrumb":{"@id":"https:\/\/superseeds.dk\/vare\/savage-glas-bong-ice\/#breadcrumb"},"inLanguage":"sv-SE","potentialAction":[{"@type":"ReadAction","target":["https:\/\/superseeds.dk\/vare\/savage-glas-bong-ice\/"]}]},{"@type":"ImageObject","inLanguage":"sv-SE","@id":"https:\/\/superseeds.dk\/vare\/savage-glas-bong-ice\/#primaryimage","url":"https:\/\/superseeds.dk\/wp-content\/uploads\/2025\/01\/Savage-glas-bong-Ice.png","contentUrl":"https:\/\/superseeds.dk\/wp-content\/uploads\/2025\/01\/Savage-glas-bong-Ice.png","width":1080,"height":1080},{"@type":"BreadcrumbList","@id":"https:\/\/superseeds.dk\/vare\/savage-glas-bong-ice\/#breadcrumb","itemListElement":[{"@type":"ListItem","position":1,"name":"Hjem","item":"https:\/\/superseeds.dk\/"},{"@type":"ListItem","position":2,"name":"Shop","item":"https:\/\/superseeds.dk\/no\/butikk\/"},{"@type":"ListItem","position":3,"name":"Savage glas bong Ice"}]},{"@type":"WebSite","@id":"https:\/\/super-seeds.se\/#website","url":"https:\/\/super-seeds.se\/","name":"Superseeds.com","description":"","publisher":{"@id":"https:\/\/super-seeds.se\/#organization"},"potentialAction":[{"@type":"SearchAction","target":{"@type":"EntryPoint","urlTemplate":"https:\/\/super-seeds.se\/?s={search_term_string}"},"query-input":{"@type":"PropertyValueSpecification","valueRequired":true,"valueName":"search_term_string"}}],"inLanguage":"sv-SE"},{"@type":"Organization","@id":"https:\/\/super-seeds.se\/#organization","name":"Superseeds.com","url":"https:\/\/super-seeds.se\/","logo":{"@type":"ImageObject","inLanguage":"sv-SE","@id":"https:\/\/super-seeds.se\/#\/schema\/logo\/image\/","url":"https:\/\/superseeds.dk\/wp-content\/uploads\/2025\/09\/logo-superseeds.png","contentUrl":"https:\/\/superseeds.dk\/wp-content\/uploads\/2025\/09\/logo-superseeds.png","width":180,"height":160,"caption":"Superseeds.dk"},"image":{"@id":"https:\/\/super-seeds.se\/#\/schema\/logo\/image\/"}}]}},"df_price":499.95,"df_sale_price":"","df_regular_price":499.95,"df_image_link":"https:\/\/superseeds.dk\/wp-content\/uploads\/2025\/01\/Savage-glas-bong-Ice-1024x1024.png","_links":{"self":[{"href":"https:\/\/superseeds.dk\/se\/wp-json\/wp\/v2\/product\/59206","targetHints":{"allow":["GET"]}}],"collection":[{"href":"https:\/\/superseeds.dk\/se\/wp-json\/wp\/v2\/product"}],"about":[{"href":"https:\/\/superseeds.dk\/se\/wp-json\/wp\/v2\/types\/product"}],"wp:featuredmedia":[{"embeddable":true,"href":"https:\/\/superseeds.dk\/se\/wp-json\/wp\/v2\/media\/59208"}],"wp:attachment":[{"href":"https:\/\/superseeds.dk\/se\/wp-json\/wp\/v2\/media?parent=59206"}],"wp:term":[{"taxonomy":"product_brand","embeddable":true,"href":"https:\/\/superseeds.dk\/se\/wp-json\/wp\/v2\/product_brand?post=59206"},{"taxonomy":"product_cat","embeddable":true,"href":"https:\/\/superseeds.dk\/se\/wp-json\/wp\/v2\/product_cat?post=59206"},{"taxonomy":"product_tag","embeddable":true,"href":"https:\/\/superseeds.dk\/se\/wp-json\/wp\/v2\/product_tag?post=59206"}],"curies":[{"name":"wp","href":"https:\/\/api.w.org\/{rel}","templated":true}]}}