{"id":59200,"date":"2025-01-30T23:16:25","date_gmt":"2025-01-30T22:16:25","guid":{"rendered":"https:\/\/superseeds.dk\/vare\/black-leaf-quartz-banger-spinner-cap-2-pearls\/"},"modified":"2025-10-30T12:30:15","modified_gmt":"2025-10-30T11:30:15","slug":"black-leaf-quartz-banger-spinner-cap-2-pearls","status":"publish","type":"product","link":"https:\/\/superseeds.dk\/se\/produkt\/black-leaf-quartz-banger-spinner-cap-2-pearls\/","title":{"rendered":"Black Leaf Quartz Banger Spinner Cap + 2 Pearls"},"content":{"rendered":"<p>Oliebangeren lavet af meget varmebestandigt kvartsglas fra Black Leaf\u00ae varmer op p\u00e5 et minimum af tid, udsender ingen skadelige gasser, det er f\u00f8devare- og medicinsk kvalitetsmateriale. Bangeren opvarmes med en butangasbr\u00e6nder, f\u00f8rst derefter dryppes olien\/koncentratet ned i gryden og r\u00f8gen inhaleres.<\/p>\n<p>For den ideelle dabbing oplevelse og dermed den perfekte nydelse af olie eller voks, er det vigtigt at sikre en kraftig r\u00f8gudvikling, hvorfor vi anbefaler at bruge en spinnerh\u00e6tte\/carp cap. Med de diagonale riller sikrer spinnerh\u00e6tten god luftcirkulation, og du kan effektivt minimere lufttilf\u00f8rslen for at generere st\u00f8rre m\u00e6ngde r\u00f8g f\u00f8r ind\u00e5nding.<\/p>\n<p>For en ekstra god blanding, brug glaskuglerne i bangeren. F\u00e5 dem til at snurre ved hj\u00e6lp af bangeren, mens du ind\u00e5nder. Dette er ikke kun en flot visuel effekt. De s\u00e5kaldte terpperler sikrer ogs\u00e5 varmetilbageholdelse og spredning. De \u00f8ger overfladen og forbedrer fordelingen af varme inde i bangeren, s\u00e5 mere olie eller voks kan fordampe &#8211; for mere smag og st\u00e6rkere hits!<\/p>\n<p>OBS: Vi anbefaler langsom opvarmning og nedk\u00f8ling af perlerne inde i bangeren.<br \/>\nBangeren m\u00e5 kun opvarmes ved sk\u00e5len, ellers kan slibningen bryde p\u00e5 grund af udvidelsen af materialet.<\/p>\n<p>Materiale: Kvartsglas<br \/>\nGrindSG: 14 (14,5 mm)<br \/>\nL\u00e6ngde: 59 mm<br \/>\nDiameter: 25\/18 mm<br \/>\nTilbeh\u00f8rQuarz: Spinner Cap, 2x Pearl<\/p>\n<p>Nr.:\u00a0<span class=\"entry--content\">021864<\/span><\/p>","protected":false},"excerpt":{"rendered":"<p>For den ideelle dabbing oplevelse og dermed den perfekte nydelse af olie eller voks, er det vigtigt at sikre en kraftig r\u00f8gudvikling, hvorfor vi anbefaler at bruge en spinnerh\u00e6tte\/carp cap.<\/p>","protected":false},"featured_media":66930,"template":"","meta":{"_acf_changed":false},"product_brand":[],"product_cat":[2188,1990,1795],"product_tag":[],"class_list":{"0":"post-59200","1":"product","2":"type-product","3":"status-publish","4":"has-post-thumbnail","6":"product_cat-bong-dab-tilbehoer","7":"product_cat-bonger","8":"product_cat-headshop","10":"first","11":"instock","12":"taxable","13":"shipping-taxable","14":"purchasable","15":"product-type-simple"},"acf":[],"yoast_head":"<!-- This site is optimized with the Yoast SEO plugin v26.9 - https:\/\/yoast.com\/product\/yoast-seo-wordpress\/ -->\n<title>Black Leaf Quartz Banger Spinner Cap + 2 Pearls - Superseeds.dk<\/title>\n<meta name=\"robots\" content=\"index, follow, max-snippet:-1, max-image-preview:large, max-video-preview:-1\" \/>\n<link rel=\"canonical\" href=\"https:\/\/superseeds.dk\/se\/produkt\/black-leaf-quartz-banger-spinner-cap-2-pearls\/\" \/>\n<meta property=\"og:locale\" content=\"sv_SE\" \/>\n<meta property=\"og:type\" content=\"article\" \/>\n<meta property=\"og:title\" content=\"Black Leaf Quartz Banger Spinner Cap + 2 Pearls - Superseeds.dk\" \/>\n<meta property=\"og:description\" content=\"For den ideelle dabbing oplevelse og dermed den perfekte nydelse af olie eller voks, er det vigtigt at sikre en kraftig r\u00f8gudvikling, hvorfor vi anbefaler at bruge en spinnerh\u00e6tte\/carp cap.\" \/>\n<meta property=\"og:url\" content=\"https:\/\/superseeds.dk\/se\/produkt\/black-leaf-quartz-banger-spinner-cap-2-pearls\/\" \/>\n<meta property=\"og:site_name\" content=\"Superseeds.dk\" \/>\n<meta property=\"article:modified_time\" content=\"2025-10-30T11:30:15+00:00\" \/>\n<meta property=\"og:image\" content=\"https:\/\/superseeds.dk\/wp-content\/uploads\/2025\/01\/Black-Leaf-Quartz-Banger-Spinner-Cap-2-Pearls.png\" \/>\n\t<meta property=\"og:image:width\" content=\"1080\" \/>\n\t<meta property=\"og:image:height\" content=\"1080\" \/>\n\t<meta property=\"og:image:type\" content=\"image\/png\" \/>\n<meta name=\"twitter:card\" content=\"summary_large_image\" \/>\n<meta name=\"twitter:label1\" content=\"Ber\u00e4knad l\u00e4stid\" \/>\n\t<meta name=\"twitter:data1\" content=\"1 minut\" \/>\n<script type=\"application\/ld+json\" class=\"yoast-schema-graph\">{\"@context\":\"https:\/\/schema.org\",\"@graph\":[{\"@type\":\"WebPage\",\"@id\":\"https:\/\/superseeds.dk\/vare\/black-leaf-quartz-banger-spinner-cap-2-pearls\/\",\"url\":\"https:\/\/superseeds.dk\/vare\/black-leaf-quartz-banger-spinner-cap-2-pearls\/\",\"name\":\"Black Leaf Quartz Banger Spinner Cap + 2 Pearls - Superseeds.dk\",\"isPartOf\":{\"@id\":\"https:\/\/super-seeds.se\/#website\"},\"primaryImageOfPage\":{\"@id\":\"https:\/\/superseeds.dk\/vare\/black-leaf-quartz-banger-spinner-cap-2-pearls\/#primaryimage\"},\"image\":{\"@id\":\"https:\/\/superseeds.dk\/vare\/black-leaf-quartz-banger-spinner-cap-2-pearls\/#primaryimage\"},\"thumbnailUrl\":\"https:\/\/superseeds.dk\/wp-content\/uploads\/2025\/10\/Black-Leaf-Quartz-Banger-Spinner-Cap-2-Pearls.png\",\"datePublished\":\"2025-01-30T22:16:25+00:00\",\"dateModified\":\"2025-10-30T11:30:15+00:00\",\"breadcrumb\":{\"@id\":\"https:\/\/superseeds.dk\/vare\/black-leaf-quartz-banger-spinner-cap-2-pearls\/#breadcrumb\"},\"inLanguage\":\"sv-SE\",\"potentialAction\":[{\"@type\":\"ReadAction\",\"target\":[\"https:\/\/superseeds.dk\/vare\/black-leaf-quartz-banger-spinner-cap-2-pearls\/\"]}]},{\"@type\":\"ImageObject\",\"inLanguage\":\"sv-SE\",\"@id\":\"https:\/\/superseeds.dk\/vare\/black-leaf-quartz-banger-spinner-cap-2-pearls\/#primaryimage\",\"url\":\"https:\/\/superseeds.dk\/wp-content\/uploads\/2025\/10\/Black-Leaf-Quartz-Banger-Spinner-Cap-2-Pearls.png\",\"contentUrl\":\"https:\/\/superseeds.dk\/wp-content\/uploads\/2025\/10\/Black-Leaf-Quartz-Banger-Spinner-Cap-2-Pearls.png\",\"width\":1080,\"height\":1080},{\"@type\":\"BreadcrumbList\",\"@id\":\"https:\/\/superseeds.dk\/vare\/black-leaf-quartz-banger-spinner-cap-2-pearls\/#breadcrumb\",\"itemListElement\":[{\"@type\":\"ListItem\",\"position\":1,\"name\":\"Hjem\",\"item\":\"https:\/\/superseeds.dk\/\"},{\"@type\":\"ListItem\",\"position\":2,\"name\":\"Shop\",\"item\":\"https:\/\/superseeds.dk\/no\/butikk\/\"},{\"@type\":\"ListItem\",\"position\":3,\"name\":\"Black Leaf Quartz Banger Spinner Cap + 2 Pearls\"}]},{\"@type\":\"WebSite\",\"@id\":\"https:\/\/super-seeds.se\/#website\",\"url\":\"https:\/\/super-seeds.se\/\",\"name\":\"Superseeds.dk\",\"description\":\"\",\"publisher\":{\"@id\":\"https:\/\/super-seeds.se\/#organization\"},\"potentialAction\":[{\"@type\":\"SearchAction\",\"target\":{\"@type\":\"EntryPoint\",\"urlTemplate\":\"https:\/\/super-seeds.se\/?s={search_term_string}\"},\"query-input\":{\"@type\":\"PropertyValueSpecification\",\"valueRequired\":true,\"valueName\":\"search_term_string\"}}],\"inLanguage\":\"sv-SE\"},{\"@type\":\"Organization\",\"@id\":\"https:\/\/super-seeds.se\/#organization\",\"name\":\"Superseeds.dk\",\"url\":\"https:\/\/super-seeds.se\/\",\"logo\":{\"@type\":\"ImageObject\",\"inLanguage\":\"sv-SE\",\"@id\":\"https:\/\/super-seeds.se\/#\/schema\/logo\/image\/\",\"url\":\"https:\/\/superseeds.dk\/wp-content\/uploads\/2025\/09\/logo-superseeds.png\",\"contentUrl\":\"https:\/\/superseeds.dk\/wp-content\/uploads\/2025\/09\/logo-superseeds.png\",\"width\":180,\"height\":160,\"caption\":\"Superseeds.dk\"},\"image\":{\"@id\":\"https:\/\/super-seeds.se\/#\/schema\/logo\/image\/\"}}]}<\/script>\n<!-- \/ Yoast SEO plugin. -->","yoast_head_json":{"title":"Black Leaf Quartz Banger Spinner Cap + 2 Pearls - Superseeds.dk","robots":{"index":"index","follow":"follow","max-snippet":"max-snippet:-1","max-image-preview":"max-image-preview:large","max-video-preview":"max-video-preview:-1"},"canonical":"https:\/\/superseeds.dk\/se\/produkt\/black-leaf-quartz-banger-spinner-cap-2-pearls\/","og_locale":"sv_SE","og_type":"article","og_title":"Black Leaf Quartz Banger Spinner Cap + 2 Pearls - Superseeds.dk","og_description":"For den ideelle dabbing oplevelse og dermed den perfekte nydelse af olie eller voks, er det vigtigt at sikre en kraftig r\u00f8gudvikling, hvorfor vi anbefaler at bruge en spinnerh\u00e6tte\/carp cap.","og_url":"https:\/\/superseeds.dk\/se\/produkt\/black-leaf-quartz-banger-spinner-cap-2-pearls\/","og_site_name":"Superseeds.dk","article_modified_time":"2025-10-30T11:30:15+00:00","og_image":[{"width":1080,"height":1080,"url":"https:\/\/superseeds.dk\/wp-content\/uploads\/2025\/01\/Black-Leaf-Quartz-Banger-Spinner-Cap-2-Pearls.png","type":"image\/png"}],"twitter_card":"summary_large_image","twitter_misc":{"Ber\u00e4knad l\u00e4stid":"1 minut"},"schema":{"@context":"https:\/\/schema.org","@graph":[{"@type":"WebPage","@id":"https:\/\/superseeds.dk\/vare\/black-leaf-quartz-banger-spinner-cap-2-pearls\/","url":"https:\/\/superseeds.dk\/vare\/black-leaf-quartz-banger-spinner-cap-2-pearls\/","name":"Black Leaf Quartz Banger Spinner Cap + 2 Pearls - Superseeds.dk","isPartOf":{"@id":"https:\/\/super-seeds.se\/#website"},"primaryImageOfPage":{"@id":"https:\/\/superseeds.dk\/vare\/black-leaf-quartz-banger-spinner-cap-2-pearls\/#primaryimage"},"image":{"@id":"https:\/\/superseeds.dk\/vare\/black-leaf-quartz-banger-spinner-cap-2-pearls\/#primaryimage"},"thumbnailUrl":"https:\/\/superseeds.dk\/wp-content\/uploads\/2025\/10\/Black-Leaf-Quartz-Banger-Spinner-Cap-2-Pearls.png","datePublished":"2025-01-30T22:16:25+00:00","dateModified":"2025-10-30T11:30:15+00:00","breadcrumb":{"@id":"https:\/\/superseeds.dk\/vare\/black-leaf-quartz-banger-spinner-cap-2-pearls\/#breadcrumb"},"inLanguage":"sv-SE","potentialAction":[{"@type":"ReadAction","target":["https:\/\/superseeds.dk\/vare\/black-leaf-quartz-banger-spinner-cap-2-pearls\/"]}]},{"@type":"ImageObject","inLanguage":"sv-SE","@id":"https:\/\/superseeds.dk\/vare\/black-leaf-quartz-banger-spinner-cap-2-pearls\/#primaryimage","url":"https:\/\/superseeds.dk\/wp-content\/uploads\/2025\/10\/Black-Leaf-Quartz-Banger-Spinner-Cap-2-Pearls.png","contentUrl":"https:\/\/superseeds.dk\/wp-content\/uploads\/2025\/10\/Black-Leaf-Quartz-Banger-Spinner-Cap-2-Pearls.png","width":1080,"height":1080},{"@type":"BreadcrumbList","@id":"https:\/\/superseeds.dk\/vare\/black-leaf-quartz-banger-spinner-cap-2-pearls\/#breadcrumb","itemListElement":[{"@type":"ListItem","position":1,"name":"Hjem","item":"https:\/\/superseeds.dk\/"},{"@type":"ListItem","position":2,"name":"Shop","item":"https:\/\/superseeds.dk\/no\/butikk\/"},{"@type":"ListItem","position":3,"name":"Black Leaf Quartz Banger Spinner Cap + 2 Pearls"}]},{"@type":"WebSite","@id":"https:\/\/super-seeds.se\/#website","url":"https:\/\/super-seeds.se\/","name":"Superseeds.com","description":"","publisher":{"@id":"https:\/\/super-seeds.se\/#organization"},"potentialAction":[{"@type":"SearchAction","target":{"@type":"EntryPoint","urlTemplate":"https:\/\/super-seeds.se\/?s={search_term_string}"},"query-input":{"@type":"PropertyValueSpecification","valueRequired":true,"valueName":"search_term_string"}}],"inLanguage":"sv-SE"},{"@type":"Organization","@id":"https:\/\/super-seeds.se\/#organization","name":"Superseeds.com","url":"https:\/\/super-seeds.se\/","logo":{"@type":"ImageObject","inLanguage":"sv-SE","@id":"https:\/\/super-seeds.se\/#\/schema\/logo\/image\/","url":"https:\/\/superseeds.dk\/wp-content\/uploads\/2025\/09\/logo-superseeds.png","contentUrl":"https:\/\/superseeds.dk\/wp-content\/uploads\/2025\/09\/logo-superseeds.png","width":180,"height":160,"caption":"Superseeds.dk"},"image":{"@id":"https:\/\/super-seeds.se\/#\/schema\/logo\/image\/"}}]}},"df_price":139,"df_sale_price":"","df_regular_price":139,"df_image_link":"https:\/\/superseeds.dk\/wp-content\/uploads\/2025\/10\/Black-Leaf-Quartz-Banger-Spinner-Cap-2-Pearls-1024x1024.png","_links":{"self":[{"href":"https:\/\/superseeds.dk\/se\/wp-json\/wp\/v2\/product\/59200","targetHints":{"allow":["GET"]}}],"collection":[{"href":"https:\/\/superseeds.dk\/se\/wp-json\/wp\/v2\/product"}],"about":[{"href":"https:\/\/superseeds.dk\/se\/wp-json\/wp\/v2\/types\/product"}],"wp:featuredmedia":[{"embeddable":true,"href":"https:\/\/superseeds.dk\/se\/wp-json\/wp\/v2\/media\/66930"}],"wp:attachment":[{"href":"https:\/\/superseeds.dk\/se\/wp-json\/wp\/v2\/media?parent=59200"}],"wp:term":[{"taxonomy":"product_brand","embeddable":true,"href":"https:\/\/superseeds.dk\/se\/wp-json\/wp\/v2\/product_brand?post=59200"},{"taxonomy":"product_cat","embeddable":true,"href":"https:\/\/superseeds.dk\/se\/wp-json\/wp\/v2\/product_cat?post=59200"},{"taxonomy":"product_tag","embeddable":true,"href":"https:\/\/superseeds.dk\/se\/wp-json\/wp\/v2\/product_tag?post=59200"}],"curies":[{"name":"wp","href":"https:\/\/api.w.org\/{rel}","templated":true}]}}