{"id":59196,"date":"2025-01-30T23:16:23","date_gmt":"2025-01-30T22:16:23","guid":{"rendered":"https:\/\/superseeds.dk\/vare\/oil-dabrig-inkl-banger\/"},"modified":"2025-11-03T14:01:35","modified_gmt":"2025-11-03T13:01:35","slug":"oil-dabrig-inkl-banger","status":"publish","type":"product","link":"https:\/\/superseeds.dk\/se\/produkt\/oil-dabrig-inkl-banger\/","title":{"rendered":"Oil Dabrig Inkl. Banger"},"content":{"rendered":"<p>Dabrig med inline slidsdiffusor er dekoreret med gennemsigtige violette glasdr\u00e5ber. Derfor er oil riggen udstyret med en banger, der forst\u00f8rrer afstanden mellem varm banger og vandr\u00f8r, s\u00e5 det er nemmere at h\u00e5ndtere br\u00e6nderen eller dit v\u00e6rkt\u00f8j. P\u00e5 denne m\u00e5de er glasset bedre beskyttet mod varme, og du kan bedre se, hvor waxen\/koncentratet skal placeres.<\/p>\n<p>Material: Borosilikatglas<br \/>\nFarve: klar\/violet<br \/>\nMotiv: Drips<br \/>\nH\u00f8jde: 285 mm<br \/>\nDiameter: 46\/22 mm<br \/>\nGrind: SG 14 (14,5 mm)<\/p>\n<p>nr. 221809-33<\/p>","protected":false},"excerpt":{"rendered":"<p>Dabrig med inline slidsdiffusor er dekoreret med gennemsigtige violette glasdr\u00e5ber.<\/p>","protected":false},"featured_media":67032,"template":"","meta":{"_acf_changed":false},"product_brand":[],"product_cat":[1990,1991,1795],"product_tag":[],"class_list":{"0":"post-59196","1":"product","2":"type-product","3":"status-publish","4":"has-post-thumbnail","6":"product_cat-bonger","7":"product_cat-bonger-dab-rigs","8":"product_cat-headshop","10":"first","11":"instock","12":"taxable","13":"shipping-taxable","14":"purchasable","15":"product-type-simple"},"acf":[],"yoast_head":"<!-- This site is optimized with the Yoast SEO plugin v26.9 - https:\/\/yoast.com\/product\/yoast-seo-wordpress\/ -->\n<title>Oil Dabrig Inkl. Banger - Superseeds.dk<\/title>\n<meta name=\"robots\" content=\"index, follow, max-snippet:-1, max-image-preview:large, max-video-preview:-1\" \/>\n<link rel=\"canonical\" href=\"https:\/\/superseeds.dk\/se\/produkt\/oil-dabrig-inkl-banger\/\" \/>\n<meta property=\"og:locale\" content=\"sv_SE\" \/>\n<meta property=\"og:type\" content=\"article\" \/>\n<meta property=\"og:title\" content=\"Oil Dabrig Inkl. Banger - Superseeds.dk\" \/>\n<meta property=\"og:description\" content=\"Dabrig med inline slidsdiffusor er dekoreret med gennemsigtige violette glasdr\u00e5ber.\" \/>\n<meta property=\"og:url\" content=\"https:\/\/superseeds.dk\/se\/produkt\/oil-dabrig-inkl-banger\/\" \/>\n<meta property=\"og:site_name\" content=\"Superseeds.dk\" \/>\n<meta property=\"article:modified_time\" content=\"2025-11-03T13:01:35+00:00\" \/>\n<meta property=\"og:image\" content=\"https:\/\/superseeds.dk\/wp-content\/uploads\/2025\/01\/Oil-Dabrig-Inkl.-Banger.png\" \/>\n\t<meta property=\"og:image:width\" content=\"1080\" \/>\n\t<meta property=\"og:image:height\" content=\"1080\" \/>\n\t<meta property=\"og:image:type\" content=\"image\/png\" \/>\n<meta name=\"twitter:card\" content=\"summary_large_image\" \/>\n<script type=\"application\/ld+json\" class=\"yoast-schema-graph\">{\"@context\":\"https:\/\/schema.org\",\"@graph\":[{\"@type\":\"WebPage\",\"@id\":\"https:\/\/superseeds.dk\/vare\/oil-dabrig-inkl-banger\/\",\"url\":\"https:\/\/superseeds.dk\/vare\/oil-dabrig-inkl-banger\/\",\"name\":\"Oil Dabrig Inkl. Banger - Superseeds.dk\",\"isPartOf\":{\"@id\":\"https:\/\/super-seeds.se\/#website\"},\"primaryImageOfPage\":{\"@id\":\"https:\/\/superseeds.dk\/vare\/oil-dabrig-inkl-banger\/#primaryimage\"},\"image\":{\"@id\":\"https:\/\/superseeds.dk\/vare\/oil-dabrig-inkl-banger\/#primaryimage\"},\"thumbnailUrl\":\"https:\/\/superseeds.dk\/wp-content\/uploads\/2025\/11\/Oil-Dabrig-Inkl.-Banger.png\",\"datePublished\":\"2025-01-30T22:16:23+00:00\",\"dateModified\":\"2025-11-03T13:01:35+00:00\",\"breadcrumb\":{\"@id\":\"https:\/\/superseeds.dk\/vare\/oil-dabrig-inkl-banger\/#breadcrumb\"},\"inLanguage\":\"sv-SE\",\"potentialAction\":[{\"@type\":\"ReadAction\",\"target\":[\"https:\/\/superseeds.dk\/vare\/oil-dabrig-inkl-banger\/\"]}]},{\"@type\":\"ImageObject\",\"inLanguage\":\"sv-SE\",\"@id\":\"https:\/\/superseeds.dk\/vare\/oil-dabrig-inkl-banger\/#primaryimage\",\"url\":\"https:\/\/superseeds.dk\/wp-content\/uploads\/2025\/11\/Oil-Dabrig-Inkl.-Banger.png\",\"contentUrl\":\"https:\/\/superseeds.dk\/wp-content\/uploads\/2025\/11\/Oil-Dabrig-Inkl.-Banger.png\",\"width\":1080,\"height\":1080},{\"@type\":\"BreadcrumbList\",\"@id\":\"https:\/\/superseeds.dk\/vare\/oil-dabrig-inkl-banger\/#breadcrumb\",\"itemListElement\":[{\"@type\":\"ListItem\",\"position\":1,\"name\":\"Hjem\",\"item\":\"https:\/\/superseeds.dk\/\"},{\"@type\":\"ListItem\",\"position\":2,\"name\":\"Shop\",\"item\":\"https:\/\/superseeds.dk\/no\/butikk\/\"},{\"@type\":\"ListItem\",\"position\":3,\"name\":\"Oil Dabrig Inkl. Banger\"}]},{\"@type\":\"WebSite\",\"@id\":\"https:\/\/super-seeds.se\/#website\",\"url\":\"https:\/\/super-seeds.se\/\",\"name\":\"Superseeds.dk\",\"description\":\"\",\"publisher\":{\"@id\":\"https:\/\/super-seeds.se\/#organization\"},\"potentialAction\":[{\"@type\":\"SearchAction\",\"target\":{\"@type\":\"EntryPoint\",\"urlTemplate\":\"https:\/\/super-seeds.se\/?s={search_term_string}\"},\"query-input\":{\"@type\":\"PropertyValueSpecification\",\"valueRequired\":true,\"valueName\":\"search_term_string\"}}],\"inLanguage\":\"sv-SE\"},{\"@type\":\"Organization\",\"@id\":\"https:\/\/super-seeds.se\/#organization\",\"name\":\"Superseeds.dk\",\"url\":\"https:\/\/super-seeds.se\/\",\"logo\":{\"@type\":\"ImageObject\",\"inLanguage\":\"sv-SE\",\"@id\":\"https:\/\/super-seeds.se\/#\/schema\/logo\/image\/\",\"url\":\"https:\/\/superseeds.dk\/wp-content\/uploads\/2025\/09\/logo-superseeds.png\",\"contentUrl\":\"https:\/\/superseeds.dk\/wp-content\/uploads\/2025\/09\/logo-superseeds.png\",\"width\":180,\"height\":160,\"caption\":\"Superseeds.dk\"},\"image\":{\"@id\":\"https:\/\/super-seeds.se\/#\/schema\/logo\/image\/\"}}]}<\/script>\n<!-- \/ Yoast SEO plugin. -->","yoast_head_json":{"title":"Oil Dabrig Inkl. Banger - Superseeds.dk","robots":{"index":"index","follow":"follow","max-snippet":"max-snippet:-1","max-image-preview":"max-image-preview:large","max-video-preview":"max-video-preview:-1"},"canonical":"https:\/\/superseeds.dk\/se\/produkt\/oil-dabrig-inkl-banger\/","og_locale":"sv_SE","og_type":"article","og_title":"Oil Dabrig Inkl. Banger - Superseeds.dk","og_description":"Dabrig med inline slidsdiffusor er dekoreret med gennemsigtige violette glasdr\u00e5ber.","og_url":"https:\/\/superseeds.dk\/se\/produkt\/oil-dabrig-inkl-banger\/","og_site_name":"Superseeds.dk","article_modified_time":"2025-11-03T13:01:35+00:00","og_image":[{"width":1080,"height":1080,"url":"https:\/\/superseeds.dk\/wp-content\/uploads\/2025\/01\/Oil-Dabrig-Inkl.-Banger.png","type":"image\/png"}],"twitter_card":"summary_large_image","schema":{"@context":"https:\/\/schema.org","@graph":[{"@type":"WebPage","@id":"https:\/\/superseeds.dk\/vare\/oil-dabrig-inkl-banger\/","url":"https:\/\/superseeds.dk\/vare\/oil-dabrig-inkl-banger\/","name":"Oil Dabrig Inkl. Banger - Superseeds.dk","isPartOf":{"@id":"https:\/\/super-seeds.se\/#website"},"primaryImageOfPage":{"@id":"https:\/\/superseeds.dk\/vare\/oil-dabrig-inkl-banger\/#primaryimage"},"image":{"@id":"https:\/\/superseeds.dk\/vare\/oil-dabrig-inkl-banger\/#primaryimage"},"thumbnailUrl":"https:\/\/superseeds.dk\/wp-content\/uploads\/2025\/11\/Oil-Dabrig-Inkl.-Banger.png","datePublished":"2025-01-30T22:16:23+00:00","dateModified":"2025-11-03T13:01:35+00:00","breadcrumb":{"@id":"https:\/\/superseeds.dk\/vare\/oil-dabrig-inkl-banger\/#breadcrumb"},"inLanguage":"sv-SE","potentialAction":[{"@type":"ReadAction","target":["https:\/\/superseeds.dk\/vare\/oil-dabrig-inkl-banger\/"]}]},{"@type":"ImageObject","inLanguage":"sv-SE","@id":"https:\/\/superseeds.dk\/vare\/oil-dabrig-inkl-banger\/#primaryimage","url":"https:\/\/superseeds.dk\/wp-content\/uploads\/2025\/11\/Oil-Dabrig-Inkl.-Banger.png","contentUrl":"https:\/\/superseeds.dk\/wp-content\/uploads\/2025\/11\/Oil-Dabrig-Inkl.-Banger.png","width":1080,"height":1080},{"@type":"BreadcrumbList","@id":"https:\/\/superseeds.dk\/vare\/oil-dabrig-inkl-banger\/#breadcrumb","itemListElement":[{"@type":"ListItem","position":1,"name":"Hjem","item":"https:\/\/superseeds.dk\/"},{"@type":"ListItem","position":2,"name":"Shop","item":"https:\/\/superseeds.dk\/no\/butikk\/"},{"@type":"ListItem","position":3,"name":"Oil Dabrig Inkl. Banger"}]},{"@type":"WebSite","@id":"https:\/\/super-seeds.se\/#website","url":"https:\/\/super-seeds.se\/","name":"Superseeds.com","description":"","publisher":{"@id":"https:\/\/super-seeds.se\/#organization"},"potentialAction":[{"@type":"SearchAction","target":{"@type":"EntryPoint","urlTemplate":"https:\/\/super-seeds.se\/?s={search_term_string}"},"query-input":{"@type":"PropertyValueSpecification","valueRequired":true,"valueName":"search_term_string"}}],"inLanguage":"sv-SE"},{"@type":"Organization","@id":"https:\/\/super-seeds.se\/#organization","name":"Superseeds.com","url":"https:\/\/super-seeds.se\/","logo":{"@type":"ImageObject","inLanguage":"sv-SE","@id":"https:\/\/super-seeds.se\/#\/schema\/logo\/image\/","url":"https:\/\/superseeds.dk\/wp-content\/uploads\/2025\/09\/logo-superseeds.png","contentUrl":"https:\/\/superseeds.dk\/wp-content\/uploads\/2025\/09\/logo-superseeds.png","width":180,"height":160,"caption":"Superseeds.dk"},"image":{"@id":"https:\/\/super-seeds.se\/#\/schema\/logo\/image\/"}}]}},"df_price":499.95,"df_sale_price":"","df_regular_price":499.95,"df_image_link":"https:\/\/superseeds.dk\/wp-content\/uploads\/2025\/11\/Oil-Dabrig-Inkl.-Banger-1024x1024.png","_links":{"self":[{"href":"https:\/\/superseeds.dk\/se\/wp-json\/wp\/v2\/product\/59196","targetHints":{"allow":["GET"]}}],"collection":[{"href":"https:\/\/superseeds.dk\/se\/wp-json\/wp\/v2\/product"}],"about":[{"href":"https:\/\/superseeds.dk\/se\/wp-json\/wp\/v2\/types\/product"}],"wp:featuredmedia":[{"embeddable":true,"href":"https:\/\/superseeds.dk\/se\/wp-json\/wp\/v2\/media\/67032"}],"wp:attachment":[{"href":"https:\/\/superseeds.dk\/se\/wp-json\/wp\/v2\/media?parent=59196"}],"wp:term":[{"taxonomy":"product_brand","embeddable":true,"href":"https:\/\/superseeds.dk\/se\/wp-json\/wp\/v2\/product_brand?post=59196"},{"taxonomy":"product_cat","embeddable":true,"href":"https:\/\/superseeds.dk\/se\/wp-json\/wp\/v2\/product_cat?post=59196"},{"taxonomy":"product_tag","embeddable":true,"href":"https:\/\/superseeds.dk\/se\/wp-json\/wp\/v2\/product_tag?post=59196"}],"curies":[{"name":"wp","href":"https:\/\/api.w.org\/{rel}","templated":true}]}}