{"id":59049,"date":"2025-01-30T23:14:40","date_gmt":"2025-01-30T22:14:40","guid":{"rendered":"https:\/\/superseeds.dk\/vare\/blaze-gear-glas-bong-rainbow-metallic-effekt-blaa\/"},"modified":"2025-01-30T23:14:42","modified_gmt":"2025-01-30T22:14:42","slug":"blaze-gear-glas-bong-rainbow-metallic-effekt-blaa","status":"publish","type":"product","link":"https:\/\/superseeds.dk\/se\/produkt\/blaze-gear-glas-bong-rainbow-metallic-effekt-blaa\/","title":{"rendered":"BLAZE Gear Glas Bong Rainbow\/Metallic Effekt bl\u00e5"},"content":{"rendered":"<p>Cylinderbongen GEAR af m\u00e6rket BLAZE\u00ae f\u00e5s nu ogs\u00e5 i en mindre st\u00f8rrelse. H\u00f8jden p\u00e5 310 mm forringer dog ikke designet eller funktionaliteten af \u200b\u200bdenne fantastiske bong med sin vidunderlige iriserende shimmer. Den ekstravagante og varem\u00e6rkebeskyttede bongbase i form af et tandhjul er s\u00e6rligt sl\u00e5ende. Man kan sige, at denne handy bong lavet af borosilikatglas lever p\u00e5 en stor fod &#8211; under alle omst\u00e6ndigheder st\u00e5r den solidt og sikkert.<\/p>\n<p>\u2714\ufe0f Tone-i-tone farvet plug-in system diffuser chillum &amp; urtesk\u00e5l<\/p>\n<p>\u2714\ufe0f Varem\u00e6rket tandhjulsbongfod<\/p>\n<p>\u2714\ufe0f Smuk metallisk regnbueeffekt<\/p>\n<p>\u2714\ufe0f Behageligt afrundet mundstykke<\/p>\n<p>\u2714\ufe0f Sliphul med silikoneprop<\/p>\n<p>Diffusor chillum sikrer effektiv bobling i vandet, s\u00e5 r\u00f8gen afk\u00f8les og filtreres. Glashovedet med bredt h\u00e5ndtag har en lille passage, en rist er derfor ikke n\u00f8dvenig. I s\u00e5falde p\u00e5 max 10mm eller mindre.<\/p>\n<p>Material: Borosilikatglas<br \/>\nFarve: Bl\u00e5<br \/>\nH\u00f8jde: 300 mm<br \/>\nDiameter: 40 mm<br \/>\nGrindSG: 19\/14 (18,8 mm\/14,5 mm)<br \/>\nV\u00e6gtykkelse: 4 mm<\/p>","protected":false},"excerpt":{"rendered":"<p>Cylinderbongen GEAR af m\u00e6rket BLAZE\u00ae f\u00e5s nu ogs\u00e5 i en mindre st\u00f8rrelse. H\u00f8jden p\u00e5 310 mm forringer dog ikke designet eller funktionaliteten.<\/p>","protected":false},"featured_media":59052,"template":"","meta":{"_acf_changed":false},"product_brand":[],"product_cat":[1990,1991,1803,1795],"product_tag":[],"class_list":{"0":"post-59049","1":"product","2":"type-product","3":"status-publish","4":"has-post-thumbnail","6":"product_cat-bonger","7":"product_cat-bonger-dab-rigs","8":"product_cat-rygegrej","9":"product_cat-headshop","11":"first","12":"instock","13":"taxable","14":"shipping-taxable","15":"purchasable","16":"product-type-simple"},"acf":[],"yoast_head":"<!-- This site is optimized with the Yoast SEO plugin v26.9 - https:\/\/yoast.com\/product\/yoast-seo-wordpress\/ -->\n<title>BLAZE Gear Glas Bong Rainbow\/Metallic Effekt bl\u00e5 - Superseeds.dk<\/title>\n<meta name=\"robots\" content=\"index, follow, max-snippet:-1, max-image-preview:large, max-video-preview:-1\" \/>\n<link rel=\"canonical\" href=\"https:\/\/superseeds.dk\/se\/produkt\/blaze-gear-glas-bong-rainbow-metallic-effekt-blaa\/\" \/>\n<meta property=\"og:locale\" content=\"sv_SE\" \/>\n<meta property=\"og:type\" content=\"article\" \/>\n<meta property=\"og:title\" content=\"BLAZE Gear Glas Bong Rainbow\/Metallic Effekt bl\u00e5 - Superseeds.dk\" \/>\n<meta property=\"og:description\" content=\"Cylinderbongen GEAR af m\u00e6rket BLAZE\u00ae f\u00e5s nu ogs\u00e5 i en mindre st\u00f8rrelse. H\u00f8jden p\u00e5 310 mm forringer dog ikke designet eller funktionaliteten.\" \/>\n<meta property=\"og:url\" content=\"https:\/\/superseeds.dk\/se\/produkt\/blaze-gear-glas-bong-rainbow-metallic-effekt-blaa\/\" \/>\n<meta property=\"og:site_name\" content=\"Superseeds.dk\" \/>\n<meta property=\"article:modified_time\" content=\"2025-01-30T22:14:42+00:00\" \/>\n<meta property=\"og:image\" content=\"https:\/\/super-seeds.no\/wp-content\/uploads\/2025\/01\/BLAZE-Gear-Glas-Bong-Rainbow_Metallic-Effekt-blaa.png\" \/>\n\t<meta property=\"og:image:width\" content=\"1080\" \/>\n\t<meta property=\"og:image:height\" content=\"1080\" \/>\n\t<meta property=\"og:image:type\" content=\"image\/png\" \/>\n<meta name=\"twitter:card\" content=\"summary_large_image\" \/>\n<meta name=\"twitter:label1\" content=\"Ber\u00e4knad l\u00e4stid\" \/>\n\t<meta name=\"twitter:data1\" content=\"1 minut\" \/>\n<script type=\"application\/ld+json\" class=\"yoast-schema-graph\">{\"@context\":\"https:\/\/schema.org\",\"@graph\":[{\"@type\":\"WebPage\",\"@id\":\"https:\/\/superseeds.dk\/vare\/blaze-gear-glas-bong-rainbow-metallic-effekt-blaa\/\",\"url\":\"https:\/\/superseeds.dk\/vare\/blaze-gear-glas-bong-rainbow-metallic-effekt-blaa\/\",\"name\":\"BLAZE Gear Glas Bong Rainbow\/Metallic Effekt bl\u00e5 - Superseeds.dk\",\"isPartOf\":{\"@id\":\"https:\/\/super-seeds.se\/#website\"},\"primaryImageOfPage\":{\"@id\":\"https:\/\/superseeds.dk\/vare\/blaze-gear-glas-bong-rainbow-metallic-effekt-blaa\/#primaryimage\"},\"image\":{\"@id\":\"https:\/\/superseeds.dk\/vare\/blaze-gear-glas-bong-rainbow-metallic-effekt-blaa\/#primaryimage\"},\"thumbnailUrl\":\"https:\/\/superseeds.dk\/wp-content\/uploads\/2025\/01\/BLAZE-Gear-Glas-Bong-Rainbow_Metallic-Effekt-blaa.png\",\"datePublished\":\"2025-01-30T22:14:40+00:00\",\"dateModified\":\"2025-01-30T22:14:42+00:00\",\"breadcrumb\":{\"@id\":\"https:\/\/superseeds.dk\/vare\/blaze-gear-glas-bong-rainbow-metallic-effekt-blaa\/#breadcrumb\"},\"inLanguage\":\"sv-SE\",\"potentialAction\":[{\"@type\":\"ReadAction\",\"target\":[\"https:\/\/superseeds.dk\/vare\/blaze-gear-glas-bong-rainbow-metallic-effekt-blaa\/\"]}]},{\"@type\":\"ImageObject\",\"inLanguage\":\"sv-SE\",\"@id\":\"https:\/\/superseeds.dk\/vare\/blaze-gear-glas-bong-rainbow-metallic-effekt-blaa\/#primaryimage\",\"url\":\"https:\/\/superseeds.dk\/wp-content\/uploads\/2025\/01\/BLAZE-Gear-Glas-Bong-Rainbow_Metallic-Effekt-blaa.png\",\"contentUrl\":\"https:\/\/superseeds.dk\/wp-content\/uploads\/2025\/01\/BLAZE-Gear-Glas-Bong-Rainbow_Metallic-Effekt-blaa.png\",\"width\":1080,\"height\":1080},{\"@type\":\"BreadcrumbList\",\"@id\":\"https:\/\/superseeds.dk\/vare\/blaze-gear-glas-bong-rainbow-metallic-effekt-blaa\/#breadcrumb\",\"itemListElement\":[{\"@type\":\"ListItem\",\"position\":1,\"name\":\"Hjem\",\"item\":\"https:\/\/superseeds.dk\/\"},{\"@type\":\"ListItem\",\"position\":2,\"name\":\"Shop\",\"item\":\"https:\/\/superseeds.dk\/no\/butikk\/\"},{\"@type\":\"ListItem\",\"position\":3,\"name\":\"BLAZE Gear Glas Bong Rainbow\/Metallic Effekt bl\u00e5\"}]},{\"@type\":\"WebSite\",\"@id\":\"https:\/\/super-seeds.se\/#website\",\"url\":\"https:\/\/super-seeds.se\/\",\"name\":\"Superseeds.dk\",\"description\":\"\",\"publisher\":{\"@id\":\"https:\/\/super-seeds.se\/#organization\"},\"potentialAction\":[{\"@type\":\"SearchAction\",\"target\":{\"@type\":\"EntryPoint\",\"urlTemplate\":\"https:\/\/super-seeds.se\/?s={search_term_string}\"},\"query-input\":{\"@type\":\"PropertyValueSpecification\",\"valueRequired\":true,\"valueName\":\"search_term_string\"}}],\"inLanguage\":\"sv-SE\"},{\"@type\":\"Organization\",\"@id\":\"https:\/\/super-seeds.se\/#organization\",\"name\":\"Superseeds.dk\",\"url\":\"https:\/\/super-seeds.se\/\",\"logo\":{\"@type\":\"ImageObject\",\"inLanguage\":\"sv-SE\",\"@id\":\"https:\/\/super-seeds.se\/#\/schema\/logo\/image\/\",\"url\":\"https:\/\/superseeds.dk\/wp-content\/uploads\/2025\/09\/logo-superseeds.png\",\"contentUrl\":\"https:\/\/superseeds.dk\/wp-content\/uploads\/2025\/09\/logo-superseeds.png\",\"width\":180,\"height\":160,\"caption\":\"Superseeds.dk\"},\"image\":{\"@id\":\"https:\/\/super-seeds.se\/#\/schema\/logo\/image\/\"}}]}<\/script>\n<!-- \/ Yoast SEO plugin. -->","yoast_head_json":{"title":"BLAZE Gear Glas Bong Rainbow\/Metallic Effekt bl\u00e5 - Superseeds.dk","robots":{"index":"index","follow":"follow","max-snippet":"max-snippet:-1","max-image-preview":"max-image-preview:large","max-video-preview":"max-video-preview:-1"},"canonical":"https:\/\/superseeds.dk\/se\/produkt\/blaze-gear-glas-bong-rainbow-metallic-effekt-blaa\/","og_locale":"sv_SE","og_type":"article","og_title":"BLAZE Gear Glas Bong Rainbow\/Metallic Effekt bl\u00e5 - Superseeds.dk","og_description":"Cylinderbongen GEAR af m\u00e6rket BLAZE\u00ae f\u00e5s nu ogs\u00e5 i en mindre st\u00f8rrelse. H\u00f8jden p\u00e5 310 mm forringer dog ikke designet eller funktionaliteten.","og_url":"https:\/\/superseeds.dk\/se\/produkt\/blaze-gear-glas-bong-rainbow-metallic-effekt-blaa\/","og_site_name":"Superseeds.dk","article_modified_time":"2025-01-30T22:14:42+00:00","og_image":[{"width":1080,"height":1080,"url":"https:\/\/super-seeds.no\/wp-content\/uploads\/2025\/01\/BLAZE-Gear-Glas-Bong-Rainbow_Metallic-Effekt-blaa.png","type":"image\/png"}],"twitter_card":"summary_large_image","twitter_misc":{"Ber\u00e4knad l\u00e4stid":"1 minut"},"schema":{"@context":"https:\/\/schema.org","@graph":[{"@type":"WebPage","@id":"https:\/\/superseeds.dk\/vare\/blaze-gear-glas-bong-rainbow-metallic-effekt-blaa\/","url":"https:\/\/superseeds.dk\/vare\/blaze-gear-glas-bong-rainbow-metallic-effekt-blaa\/","name":"BLAZE Gear Glas Bong Rainbow\/Metallic Effekt bl\u00e5 - Superseeds.dk","isPartOf":{"@id":"https:\/\/super-seeds.se\/#website"},"primaryImageOfPage":{"@id":"https:\/\/superseeds.dk\/vare\/blaze-gear-glas-bong-rainbow-metallic-effekt-blaa\/#primaryimage"},"image":{"@id":"https:\/\/superseeds.dk\/vare\/blaze-gear-glas-bong-rainbow-metallic-effekt-blaa\/#primaryimage"},"thumbnailUrl":"https:\/\/superseeds.dk\/wp-content\/uploads\/2025\/01\/BLAZE-Gear-Glas-Bong-Rainbow_Metallic-Effekt-blaa.png","datePublished":"2025-01-30T22:14:40+00:00","dateModified":"2025-01-30T22:14:42+00:00","breadcrumb":{"@id":"https:\/\/superseeds.dk\/vare\/blaze-gear-glas-bong-rainbow-metallic-effekt-blaa\/#breadcrumb"},"inLanguage":"sv-SE","potentialAction":[{"@type":"ReadAction","target":["https:\/\/superseeds.dk\/vare\/blaze-gear-glas-bong-rainbow-metallic-effekt-blaa\/"]}]},{"@type":"ImageObject","inLanguage":"sv-SE","@id":"https:\/\/superseeds.dk\/vare\/blaze-gear-glas-bong-rainbow-metallic-effekt-blaa\/#primaryimage","url":"https:\/\/superseeds.dk\/wp-content\/uploads\/2025\/01\/BLAZE-Gear-Glas-Bong-Rainbow_Metallic-Effekt-blaa.png","contentUrl":"https:\/\/superseeds.dk\/wp-content\/uploads\/2025\/01\/BLAZE-Gear-Glas-Bong-Rainbow_Metallic-Effekt-blaa.png","width":1080,"height":1080},{"@type":"BreadcrumbList","@id":"https:\/\/superseeds.dk\/vare\/blaze-gear-glas-bong-rainbow-metallic-effekt-blaa\/#breadcrumb","itemListElement":[{"@type":"ListItem","position":1,"name":"Hjem","item":"https:\/\/superseeds.dk\/"},{"@type":"ListItem","position":2,"name":"Shop","item":"https:\/\/superseeds.dk\/no\/butikk\/"},{"@type":"ListItem","position":3,"name":"BLAZE Gear Glas Bong Rainbow\/Metallic Effekt bl\u00e5"}]},{"@type":"WebSite","@id":"https:\/\/super-seeds.se\/#website","url":"https:\/\/super-seeds.se\/","name":"Superseeds.com","description":"","publisher":{"@id":"https:\/\/super-seeds.se\/#organization"},"potentialAction":[{"@type":"SearchAction","target":{"@type":"EntryPoint","urlTemplate":"https:\/\/super-seeds.se\/?s={search_term_string}"},"query-input":{"@type":"PropertyValueSpecification","valueRequired":true,"valueName":"search_term_string"}}],"inLanguage":"sv-SE"},{"@type":"Organization","@id":"https:\/\/super-seeds.se\/#organization","name":"Superseeds.com","url":"https:\/\/super-seeds.se\/","logo":{"@type":"ImageObject","inLanguage":"sv-SE","@id":"https:\/\/super-seeds.se\/#\/schema\/logo\/image\/","url":"https:\/\/superseeds.dk\/wp-content\/uploads\/2025\/09\/logo-superseeds.png","contentUrl":"https:\/\/superseeds.dk\/wp-content\/uploads\/2025\/09\/logo-superseeds.png","width":180,"height":160,"caption":"Superseeds.dk"},"image":{"@id":"https:\/\/super-seeds.se\/#\/schema\/logo\/image\/"}}]}},"df_price":499.95,"df_sale_price":"","df_regular_price":499.95,"df_image_link":"https:\/\/superseeds.dk\/wp-content\/uploads\/2025\/01\/BLAZE-Gear-Glas-Bong-Rainbow_Metallic-Effekt-blaa-1024x1024.png","_links":{"self":[{"href":"https:\/\/superseeds.dk\/se\/wp-json\/wp\/v2\/product\/59049","targetHints":{"allow":["GET"]}}],"collection":[{"href":"https:\/\/superseeds.dk\/se\/wp-json\/wp\/v2\/product"}],"about":[{"href":"https:\/\/superseeds.dk\/se\/wp-json\/wp\/v2\/types\/product"}],"wp:featuredmedia":[{"embeddable":true,"href":"https:\/\/superseeds.dk\/se\/wp-json\/wp\/v2\/media\/59052"}],"wp:attachment":[{"href":"https:\/\/superseeds.dk\/se\/wp-json\/wp\/v2\/media?parent=59049"}],"wp:term":[{"taxonomy":"product_brand","embeddable":true,"href":"https:\/\/superseeds.dk\/se\/wp-json\/wp\/v2\/product_brand?post=59049"},{"taxonomy":"product_cat","embeddable":true,"href":"https:\/\/superseeds.dk\/se\/wp-json\/wp\/v2\/product_cat?post=59049"},{"taxonomy":"product_tag","embeddable":true,"href":"https:\/\/superseeds.dk\/se\/wp-json\/wp\/v2\/product_tag?post=59049"}],"curies":[{"name":"wp","href":"https:\/\/api.w.org\/{rel}","templated":true}]}}