{"id":59041,"date":"2025-01-30T23:14:35","date_gmt":"2025-01-30T22:14:35","guid":{"rendered":"https:\/\/superseeds.dk\/vare\/black-leaf-beaker-bong-ice-glitzy-glitter\/"},"modified":"2025-01-30T23:14:36","modified_gmt":"2025-01-30T22:14:36","slug":"black-leaf-beaker-bong-ice-glitzy-glitter","status":"publish","type":"product","link":"https:\/\/superseeds.dk\/se\/produkt\/black-leaf-beaker-bong-ice-glitzy-glitter\/","title":{"rendered":"Black Leaf &#8211; Beaker Bong Ice Glitzy Glitter"},"content":{"rendered":"<p>Glitter er altid en mulighed! Denne &#8216;Glitzy Glitter&#8217; bong fra Black Leaf\u00ae f\u00e5r hjerterne til alle stenere, hvis yndlingsfarve er glitter, til at banke hurtigere. Og bare rolig, ingen glitterpartikler vil kl\u00e6be til din h\u00e5nd.<\/p>\n<p>\u2714\ufe0f Plug-in system sk\u00e5l og spalte diffuser chillum<\/p>\n<p>\u2714\ufe0f Bistabil standardslibning<\/p>\n<p>\u2714\ufe0f L\u00e6kkert glitterdesign<\/p>\n<p>R\u00f8gk\u00f8ling og -filtrering leveres af spaltediffusoren chillum, som kraftigt hvirvler bongvandet s\u00e5vel som luften. Til yderligere r\u00f8gafk\u00f8ling er der iskammeret med dybe ishak, s\u00e5 der kan placeres mange k\u00f8leisterninger indenfor.<\/p>\n<p>Glasr\u00f8rets mundstykke er behageligt afrundet. glashovedet til urter har en stor passage. Vi anbefaler brug af rist. Der er ogs\u00e5 et sliphul til turboeffekten. Der medf\u00f8lger en prop, som g\u00f8r reng\u00f8ringen nemmere.<\/p>\n<p>Material: Borosilikatglas<br \/>\nH\u00f8jde: 350 mm<br \/>\nDiameter: 135\/51 mm<br \/>\nGrindSG: 19bistabil\/14 (18,8mm\/14,5mm)<br \/>\nV\u00e6gtykkelse: 7 mm<\/p>","protected":false},"excerpt":{"rendered":"<p>Glitter er altid en mulighed! Denne &#8216;Glitzy Glitter&#8217; bong fra Black Leaf\u00ae f\u00e5r hjerterne til alle stenere, hvis yndlingsfarve er glitter, til at banke hurtigere. Og bare rolig, ingen glitterpartikler vil kl\u00e6be til din h\u00e5nd.<\/p>","protected":false},"featured_media":59044,"template":"","meta":{"_acf_changed":false},"product_brand":[],"product_cat":[1990,1991,1803,1795],"product_tag":[],"class_list":{"0":"post-59041","1":"product","2":"type-product","3":"status-publish","4":"has-post-thumbnail","6":"product_cat-bonger","7":"product_cat-bonger-dab-rigs","8":"product_cat-rygegrej","9":"product_cat-headshop","11":"first","12":"instock","13":"taxable","14":"shipping-taxable","15":"purchasable","16":"product-type-simple"},"acf":[],"yoast_head":"<!-- This site is optimized with the Yoast SEO plugin v26.9 - https:\/\/yoast.com\/product\/yoast-seo-wordpress\/ -->\n<title>Black Leaf - Beaker Bong Ice Glitzy Glitter - Superseeds.dk<\/title>\n<meta name=\"robots\" content=\"index, follow, max-snippet:-1, max-image-preview:large, max-video-preview:-1\" \/>\n<link rel=\"canonical\" href=\"https:\/\/superseeds.dk\/se\/produkt\/black-leaf-beaker-bong-ice-glitzy-glitter\/\" \/>\n<meta property=\"og:locale\" content=\"sv_SE\" \/>\n<meta property=\"og:type\" content=\"article\" \/>\n<meta property=\"og:title\" content=\"Black Leaf - Beaker Bong Ice Glitzy Glitter - Superseeds.dk\" \/>\n<meta property=\"og:description\" content=\"Glitter er altid en mulighed! Denne &#039;Glitzy Glitter&#039; bong fra Black Leaf\u00ae f\u00e5r hjerterne til alle stenere, hvis yndlingsfarve er glitter, til at banke hurtigere. Og bare rolig, ingen glitterpartikler vil kl\u00e6be til din h\u00e5nd.\" \/>\n<meta property=\"og:url\" content=\"https:\/\/superseeds.dk\/se\/produkt\/black-leaf-beaker-bong-ice-glitzy-glitter\/\" \/>\n<meta property=\"og:site_name\" content=\"Superseeds.dk\" \/>\n<meta property=\"article:modified_time\" content=\"2025-01-30T22:14:36+00:00\" \/>\n<meta property=\"og:image\" content=\"https:\/\/super-seeds.se\/wp-content\/uploads\/2025\/01\/Black-Leaf-\u2013-Beaker-Bong-Ice-Glitzy-Glitter.png\" \/>\n\t<meta property=\"og:image:width\" content=\"1080\" \/>\n\t<meta property=\"og:image:height\" content=\"1080\" \/>\n\t<meta property=\"og:image:type\" content=\"image\/png\" \/>\n<meta name=\"twitter:card\" content=\"summary_large_image\" \/>\n<meta name=\"twitter:label1\" content=\"Ber\u00e4knad l\u00e4stid\" \/>\n\t<meta name=\"twitter:data1\" content=\"1 minut\" \/>\n<script type=\"application\/ld+json\" class=\"yoast-schema-graph\">{\"@context\":\"https:\/\/schema.org\",\"@graph\":[{\"@type\":\"WebPage\",\"@id\":\"https:\/\/superseeds.dk\/vare\/black-leaf-beaker-bong-ice-glitzy-glitter\/\",\"url\":\"https:\/\/superseeds.dk\/vare\/black-leaf-beaker-bong-ice-glitzy-glitter\/\",\"name\":\"Black Leaf - Beaker Bong Ice Glitzy Glitter - Superseeds.dk\",\"isPartOf\":{\"@id\":\"https:\/\/super-seeds.se\/#website\"},\"primaryImageOfPage\":{\"@id\":\"https:\/\/superseeds.dk\/vare\/black-leaf-beaker-bong-ice-glitzy-glitter\/#primaryimage\"},\"image\":{\"@id\":\"https:\/\/superseeds.dk\/vare\/black-leaf-beaker-bong-ice-glitzy-glitter\/#primaryimage\"},\"thumbnailUrl\":\"https:\/\/superseeds.dk\/wp-content\/uploads\/2025\/01\/Black-Leaf-\u2013-Beaker-Bong-Ice-Glitzy-Glitter.png\",\"datePublished\":\"2025-01-30T22:14:35+00:00\",\"dateModified\":\"2025-01-30T22:14:36+00:00\",\"breadcrumb\":{\"@id\":\"https:\/\/superseeds.dk\/vare\/black-leaf-beaker-bong-ice-glitzy-glitter\/#breadcrumb\"},\"inLanguage\":\"sv-SE\",\"potentialAction\":[{\"@type\":\"ReadAction\",\"target\":[\"https:\/\/superseeds.dk\/vare\/black-leaf-beaker-bong-ice-glitzy-glitter\/\"]}]},{\"@type\":\"ImageObject\",\"inLanguage\":\"sv-SE\",\"@id\":\"https:\/\/superseeds.dk\/vare\/black-leaf-beaker-bong-ice-glitzy-glitter\/#primaryimage\",\"url\":\"https:\/\/superseeds.dk\/wp-content\/uploads\/2025\/01\/Black-Leaf-\u2013-Beaker-Bong-Ice-Glitzy-Glitter.png\",\"contentUrl\":\"https:\/\/superseeds.dk\/wp-content\/uploads\/2025\/01\/Black-Leaf-\u2013-Beaker-Bong-Ice-Glitzy-Glitter.png\",\"width\":1080,\"height\":1080},{\"@type\":\"BreadcrumbList\",\"@id\":\"https:\/\/superseeds.dk\/vare\/black-leaf-beaker-bong-ice-glitzy-glitter\/#breadcrumb\",\"itemListElement\":[{\"@type\":\"ListItem\",\"position\":1,\"name\":\"Hjem\",\"item\":\"https:\/\/superseeds.dk\/\"},{\"@type\":\"ListItem\",\"position\":2,\"name\":\"Shop\",\"item\":\"https:\/\/superseeds.dk\/no\/butikk\/\"},{\"@type\":\"ListItem\",\"position\":3,\"name\":\"Black Leaf &#8211; Beaker Bong Ice Glitzy Glitter\"}]},{\"@type\":\"WebSite\",\"@id\":\"https:\/\/super-seeds.se\/#website\",\"url\":\"https:\/\/super-seeds.se\/\",\"name\":\"Superseeds.dk\",\"description\":\"\",\"publisher\":{\"@id\":\"https:\/\/super-seeds.se\/#organization\"},\"potentialAction\":[{\"@type\":\"SearchAction\",\"target\":{\"@type\":\"EntryPoint\",\"urlTemplate\":\"https:\/\/super-seeds.se\/?s={search_term_string}\"},\"query-input\":{\"@type\":\"PropertyValueSpecification\",\"valueRequired\":true,\"valueName\":\"search_term_string\"}}],\"inLanguage\":\"sv-SE\"},{\"@type\":\"Organization\",\"@id\":\"https:\/\/super-seeds.se\/#organization\",\"name\":\"Superseeds.dk\",\"url\":\"https:\/\/super-seeds.se\/\",\"logo\":{\"@type\":\"ImageObject\",\"inLanguage\":\"sv-SE\",\"@id\":\"https:\/\/super-seeds.se\/#\/schema\/logo\/image\/\",\"url\":\"https:\/\/superseeds.dk\/wp-content\/uploads\/2025\/09\/logo-superseeds.png\",\"contentUrl\":\"https:\/\/superseeds.dk\/wp-content\/uploads\/2025\/09\/logo-superseeds.png\",\"width\":180,\"height\":160,\"caption\":\"Superseeds.dk\"},\"image\":{\"@id\":\"https:\/\/super-seeds.se\/#\/schema\/logo\/image\/\"}}]}<\/script>\n<!-- \/ Yoast SEO plugin. -->","yoast_head_json":{"title":"Black Leaf - Beaker Bong Ice Glitzy Glitter - Superseeds.dk","robots":{"index":"index","follow":"follow","max-snippet":"max-snippet:-1","max-image-preview":"max-image-preview:large","max-video-preview":"max-video-preview:-1"},"canonical":"https:\/\/superseeds.dk\/se\/produkt\/black-leaf-beaker-bong-ice-glitzy-glitter\/","og_locale":"sv_SE","og_type":"article","og_title":"Black Leaf - Beaker Bong Ice Glitzy Glitter - Superseeds.dk","og_description":"Glitter er altid en mulighed! Denne 'Glitzy Glitter' bong fra Black Leaf\u00ae f\u00e5r hjerterne til alle stenere, hvis yndlingsfarve er glitter, til at banke hurtigere. Og bare rolig, ingen glitterpartikler vil kl\u00e6be til din h\u00e5nd.","og_url":"https:\/\/superseeds.dk\/se\/produkt\/black-leaf-beaker-bong-ice-glitzy-glitter\/","og_site_name":"Superseeds.dk","article_modified_time":"2025-01-30T22:14:36+00:00","og_image":[{"width":1080,"height":1080,"url":"https:\/\/super-seeds.se\/wp-content\/uploads\/2025\/01\/Black-Leaf-\u2013-Beaker-Bong-Ice-Glitzy-Glitter.png","type":"image\/png"}],"twitter_card":"summary_large_image","twitter_misc":{"Ber\u00e4knad l\u00e4stid":"1 minut"},"schema":{"@context":"https:\/\/schema.org","@graph":[{"@type":"WebPage","@id":"https:\/\/superseeds.dk\/vare\/black-leaf-beaker-bong-ice-glitzy-glitter\/","url":"https:\/\/superseeds.dk\/vare\/black-leaf-beaker-bong-ice-glitzy-glitter\/","name":"Black Leaf - Beaker Bong Ice Glitzy Glitter - Superseeds.dk","isPartOf":{"@id":"https:\/\/super-seeds.se\/#website"},"primaryImageOfPage":{"@id":"https:\/\/superseeds.dk\/vare\/black-leaf-beaker-bong-ice-glitzy-glitter\/#primaryimage"},"image":{"@id":"https:\/\/superseeds.dk\/vare\/black-leaf-beaker-bong-ice-glitzy-glitter\/#primaryimage"},"thumbnailUrl":"https:\/\/superseeds.dk\/wp-content\/uploads\/2025\/01\/Black-Leaf-\u2013-Beaker-Bong-Ice-Glitzy-Glitter.png","datePublished":"2025-01-30T22:14:35+00:00","dateModified":"2025-01-30T22:14:36+00:00","breadcrumb":{"@id":"https:\/\/superseeds.dk\/vare\/black-leaf-beaker-bong-ice-glitzy-glitter\/#breadcrumb"},"inLanguage":"sv-SE","potentialAction":[{"@type":"ReadAction","target":["https:\/\/superseeds.dk\/vare\/black-leaf-beaker-bong-ice-glitzy-glitter\/"]}]},{"@type":"ImageObject","inLanguage":"sv-SE","@id":"https:\/\/superseeds.dk\/vare\/black-leaf-beaker-bong-ice-glitzy-glitter\/#primaryimage","url":"https:\/\/superseeds.dk\/wp-content\/uploads\/2025\/01\/Black-Leaf-\u2013-Beaker-Bong-Ice-Glitzy-Glitter.png","contentUrl":"https:\/\/superseeds.dk\/wp-content\/uploads\/2025\/01\/Black-Leaf-\u2013-Beaker-Bong-Ice-Glitzy-Glitter.png","width":1080,"height":1080},{"@type":"BreadcrumbList","@id":"https:\/\/superseeds.dk\/vare\/black-leaf-beaker-bong-ice-glitzy-glitter\/#breadcrumb","itemListElement":[{"@type":"ListItem","position":1,"name":"Hjem","item":"https:\/\/superseeds.dk\/"},{"@type":"ListItem","position":2,"name":"Shop","item":"https:\/\/superseeds.dk\/no\/butikk\/"},{"@type":"ListItem","position":3,"name":"Black Leaf &#8211; Beaker Bong Ice Glitzy Glitter"}]},{"@type":"WebSite","@id":"https:\/\/super-seeds.se\/#website","url":"https:\/\/super-seeds.se\/","name":"Superseeds.com","description":"","publisher":{"@id":"https:\/\/super-seeds.se\/#organization"},"potentialAction":[{"@type":"SearchAction","target":{"@type":"EntryPoint","urlTemplate":"https:\/\/super-seeds.se\/?s={search_term_string}"},"query-input":{"@type":"PropertyValueSpecification","valueRequired":true,"valueName":"search_term_string"}}],"inLanguage":"sv-SE"},{"@type":"Organization","@id":"https:\/\/super-seeds.se\/#organization","name":"Superseeds.com","url":"https:\/\/super-seeds.se\/","logo":{"@type":"ImageObject","inLanguage":"sv-SE","@id":"https:\/\/super-seeds.se\/#\/schema\/logo\/image\/","url":"https:\/\/superseeds.dk\/wp-content\/uploads\/2025\/09\/logo-superseeds.png","contentUrl":"https:\/\/superseeds.dk\/wp-content\/uploads\/2025\/09\/logo-superseeds.png","width":180,"height":160,"caption":"Superseeds.dk"},"image":{"@id":"https:\/\/super-seeds.se\/#\/schema\/logo\/image\/"}}]}},"df_price":499.95,"df_sale_price":"","df_regular_price":499.95,"df_image_link":"https:\/\/superseeds.dk\/wp-content\/uploads\/2025\/01\/Black-Leaf-\u2013-Beaker-Bong-Ice-Glitzy-Glitter-1024x1024.png","_links":{"self":[{"href":"https:\/\/superseeds.dk\/se\/wp-json\/wp\/v2\/product\/59041","targetHints":{"allow":["GET"]}}],"collection":[{"href":"https:\/\/superseeds.dk\/se\/wp-json\/wp\/v2\/product"}],"about":[{"href":"https:\/\/superseeds.dk\/se\/wp-json\/wp\/v2\/types\/product"}],"wp:featuredmedia":[{"embeddable":true,"href":"https:\/\/superseeds.dk\/se\/wp-json\/wp\/v2\/media\/59044"}],"wp:attachment":[{"href":"https:\/\/superseeds.dk\/se\/wp-json\/wp\/v2\/media?parent=59041"}],"wp:term":[{"taxonomy":"product_brand","embeddable":true,"href":"https:\/\/superseeds.dk\/se\/wp-json\/wp\/v2\/product_brand?post=59041"},{"taxonomy":"product_cat","embeddable":true,"href":"https:\/\/superseeds.dk\/se\/wp-json\/wp\/v2\/product_cat?post=59041"},{"taxonomy":"product_tag","embeddable":true,"href":"https:\/\/superseeds.dk\/se\/wp-json\/wp\/v2\/product_tag?post=59041"}],"curies":[{"name":"wp","href":"https:\/\/api.w.org\/{rel}","templated":true}]}}