{"id":58987,"date":"2025-01-30T23:13:55","date_gmt":"2025-01-30T22:13:55","guid":{"rendered":"https:\/\/superseeds.dk\/vare\/elements-king-size-slim-green-ris-papir\/"},"modified":"2025-11-25T16:46:37","modified_gmt":"2025-11-25T15:46:37","slug":"elements-king-size-slim-green-ris-papir","status":"publish","type":"product","link":"https:\/\/superseeds.dk\/se\/produkt\/elements-king-size-slim-green-ris-papir\/","title":{"rendered":"Elements - King size slim Gr\u00f6nt rispapper"},"content":{"rendered":"<p>Kings size slim rullepapir &#8211; Brunt papir med et strejf af et gr\u00f8nt sk\u00e6r.<\/p>","protected":false},"excerpt":{"rendered":"<p>Kings size slim rullepapir &#8211; Brunt papir med et strejf af et gr\u00f8nt sk\u00e6r.<\/p>","protected":false},"featured_media":68045,"template":"","meta":{"_acf_changed":false},"product_brand":[],"product_cat":[2204,1986,1803,1795],"product_tag":[],"class_list":{"0":"post-58987","1":"product","2":"type-product","3":"status-publish","4":"has-post-thumbnail","6":"product_cat-element","7":"product_cat-papir-og-filter","8":"product_cat-rygegrej","9":"product_cat-headshop","10":"pa_antal-1-stk","11":"pa_antal-10-stk","12":"pa_antal-50-stk","14":"first","15":"instock","16":"taxable","17":"shipping-taxable","18":"purchasable","19":"product-type-variable","20":"wvs-archive-product-wrapper"},"acf":[],"yoast_head":"<!-- This site is optimized with the Yoast SEO plugin v26.9 - https:\/\/yoast.com\/product\/yoast-seo-wordpress\/ -->\n<title>Elements - King size slim Green Ris papir - Superseeds.dk<\/title>\n<meta name=\"robots\" content=\"index, follow, max-snippet:-1, max-image-preview:large, max-video-preview:-1\" \/>\n<link rel=\"canonical\" href=\"https:\/\/superseeds.dk\/se\/produkt\/elements-king-size-slim-green-ris-papir\/\" \/>\n<meta property=\"og:locale\" content=\"sv_SE\" \/>\n<meta property=\"og:type\" content=\"article\" \/>\n<meta property=\"og:title\" content=\"Elements - King size slim Green Ris papir - Superseeds.dk\" \/>\n<meta property=\"og:description\" content=\"Kings size slim rullepapir - Brunt papir med et strejf af et gr\u00f8nt sk\u00e6r.\" \/>\n<meta property=\"og:url\" content=\"https:\/\/superseeds.dk\/se\/produkt\/elements-king-size-slim-green-ris-papir\/\" \/>\n<meta property=\"og:site_name\" content=\"Superseeds.dk\" \/>\n<meta property=\"article:modified_time\" content=\"2025-11-25T15:46:37+00:00\" \/>\n<meta property=\"og:image\" content=\"https:\/\/super-seeds.se\/wp-content\/uploads\/2025\/02\/Elements-\u2013-King-size-slim-Green-Ris-papir.png\" \/>\n\t<meta property=\"og:image:width\" content=\"1080\" \/>\n\t<meta property=\"og:image:height\" content=\"1080\" \/>\n\t<meta property=\"og:image:type\" content=\"image\/png\" \/>\n<meta name=\"twitter:card\" content=\"summary_large_image\" \/>\n<script type=\"application\/ld+json\" class=\"yoast-schema-graph\">{\"@context\":\"https:\/\/schema.org\",\"@graph\":[{\"@type\":\"WebPage\",\"@id\":\"https:\/\/superseeds.dk\/vare\/elements-king-size-slim-green-ris-papir\/\",\"url\":\"https:\/\/superseeds.dk\/vare\/elements-king-size-slim-green-ris-papir\/\",\"name\":\"Elements - King size slim Green Ris papir - Superseeds.dk\",\"isPartOf\":{\"@id\":\"https:\/\/super-seeds.se\/#website\"},\"primaryImageOfPage\":{\"@id\":\"https:\/\/superseeds.dk\/vare\/elements-king-size-slim-green-ris-papir\/#primaryimage\"},\"image\":{\"@id\":\"https:\/\/superseeds.dk\/vare\/elements-king-size-slim-green-ris-papir\/#primaryimage\"},\"thumbnailUrl\":\"https:\/\/superseeds.dk\/wp-content\/uploads\/2025\/11\/Elements-\u2013-King-size-slim-Green-Ris-papir.png\",\"datePublished\":\"2025-01-30T22:13:55+00:00\",\"dateModified\":\"2025-11-25T15:46:37+00:00\",\"breadcrumb\":{\"@id\":\"https:\/\/superseeds.dk\/vare\/elements-king-size-slim-green-ris-papir\/#breadcrumb\"},\"inLanguage\":\"sv-SE\",\"potentialAction\":[{\"@type\":\"ReadAction\",\"target\":[\"https:\/\/superseeds.dk\/vare\/elements-king-size-slim-green-ris-papir\/\"]}]},{\"@type\":\"ImageObject\",\"inLanguage\":\"sv-SE\",\"@id\":\"https:\/\/superseeds.dk\/vare\/elements-king-size-slim-green-ris-papir\/#primaryimage\",\"url\":\"https:\/\/superseeds.dk\/wp-content\/uploads\/2025\/11\/Elements-\u2013-King-size-slim-Green-Ris-papir.png\",\"contentUrl\":\"https:\/\/superseeds.dk\/wp-content\/uploads\/2025\/11\/Elements-\u2013-King-size-slim-Green-Ris-papir.png\",\"width\":1080,\"height\":1080},{\"@type\":\"BreadcrumbList\",\"@id\":\"https:\/\/superseeds.dk\/vare\/elements-king-size-slim-green-ris-papir\/#breadcrumb\",\"itemListElement\":[{\"@type\":\"ListItem\",\"position\":1,\"name\":\"Hjem\",\"item\":\"https:\/\/superseeds.dk\/\"},{\"@type\":\"ListItem\",\"position\":2,\"name\":\"Shop\",\"item\":\"https:\/\/superseeds.dk\/no\/butikk\/\"},{\"@type\":\"ListItem\",\"position\":3,\"name\":\"Elements &#8211; King size slim Green Ris papir\"}]},{\"@type\":\"WebSite\",\"@id\":\"https:\/\/super-seeds.se\/#website\",\"url\":\"https:\/\/super-seeds.se\/\",\"name\":\"Superseeds.dk\",\"description\":\"\",\"publisher\":{\"@id\":\"https:\/\/super-seeds.se\/#organization\"},\"potentialAction\":[{\"@type\":\"SearchAction\",\"target\":{\"@type\":\"EntryPoint\",\"urlTemplate\":\"https:\/\/super-seeds.se\/?s={search_term_string}\"},\"query-input\":{\"@type\":\"PropertyValueSpecification\",\"valueRequired\":true,\"valueName\":\"search_term_string\"}}],\"inLanguage\":\"sv-SE\"},{\"@type\":\"Organization\",\"@id\":\"https:\/\/super-seeds.se\/#organization\",\"name\":\"Superseeds.dk\",\"url\":\"https:\/\/super-seeds.se\/\",\"logo\":{\"@type\":\"ImageObject\",\"inLanguage\":\"sv-SE\",\"@id\":\"https:\/\/super-seeds.se\/#\/schema\/logo\/image\/\",\"url\":\"https:\/\/superseeds.dk\/wp-content\/uploads\/2025\/09\/logo-superseeds.png\",\"contentUrl\":\"https:\/\/superseeds.dk\/wp-content\/uploads\/2025\/09\/logo-superseeds.png\",\"width\":180,\"height\":160,\"caption\":\"Superseeds.dk\"},\"image\":{\"@id\":\"https:\/\/super-seeds.se\/#\/schema\/logo\/image\/\"}}]}<\/script>\n<!-- \/ Yoast SEO plugin. -->","yoast_head_json":{"title":"Elements - King size slim Green Ris papir - Superseeds.dk","robots":{"index":"index","follow":"follow","max-snippet":"max-snippet:-1","max-image-preview":"max-image-preview:large","max-video-preview":"max-video-preview:-1"},"canonical":"https:\/\/superseeds.dk\/se\/produkt\/elements-king-size-slim-green-ris-papir\/","og_locale":"sv_SE","og_type":"article","og_title":"Elements - King size slim Green Ris papir - Superseeds.dk","og_description":"Kings size slim rullepapir - Brunt papir med et strejf af et gr\u00f8nt sk\u00e6r.","og_url":"https:\/\/superseeds.dk\/se\/produkt\/elements-king-size-slim-green-ris-papir\/","og_site_name":"Superseeds.dk","article_modified_time":"2025-11-25T15:46:37+00:00","og_image":[{"width":1080,"height":1080,"url":"https:\/\/super-seeds.se\/wp-content\/uploads\/2025\/02\/Elements-\u2013-King-size-slim-Green-Ris-papir.png","type":"image\/png"}],"twitter_card":"summary_large_image","schema":{"@context":"https:\/\/schema.org","@graph":[{"@type":"WebPage","@id":"https:\/\/superseeds.dk\/vare\/elements-king-size-slim-green-ris-papir\/","url":"https:\/\/superseeds.dk\/vare\/elements-king-size-slim-green-ris-papir\/","name":"Elements - King size slim Green Ris papir - Superseeds.dk","isPartOf":{"@id":"https:\/\/super-seeds.se\/#website"},"primaryImageOfPage":{"@id":"https:\/\/superseeds.dk\/vare\/elements-king-size-slim-green-ris-papir\/#primaryimage"},"image":{"@id":"https:\/\/superseeds.dk\/vare\/elements-king-size-slim-green-ris-papir\/#primaryimage"},"thumbnailUrl":"https:\/\/superseeds.dk\/wp-content\/uploads\/2025\/11\/Elements-\u2013-King-size-slim-Green-Ris-papir.png","datePublished":"2025-01-30T22:13:55+00:00","dateModified":"2025-11-25T15:46:37+00:00","breadcrumb":{"@id":"https:\/\/superseeds.dk\/vare\/elements-king-size-slim-green-ris-papir\/#breadcrumb"},"inLanguage":"sv-SE","potentialAction":[{"@type":"ReadAction","target":["https:\/\/superseeds.dk\/vare\/elements-king-size-slim-green-ris-papir\/"]}]},{"@type":"ImageObject","inLanguage":"sv-SE","@id":"https:\/\/superseeds.dk\/vare\/elements-king-size-slim-green-ris-papir\/#primaryimage","url":"https:\/\/superseeds.dk\/wp-content\/uploads\/2025\/11\/Elements-\u2013-King-size-slim-Green-Ris-papir.png","contentUrl":"https:\/\/superseeds.dk\/wp-content\/uploads\/2025\/11\/Elements-\u2013-King-size-slim-Green-Ris-papir.png","width":1080,"height":1080},{"@type":"BreadcrumbList","@id":"https:\/\/superseeds.dk\/vare\/elements-king-size-slim-green-ris-papir\/#breadcrumb","itemListElement":[{"@type":"ListItem","position":1,"name":"Hjem","item":"https:\/\/superseeds.dk\/"},{"@type":"ListItem","position":2,"name":"Shop","item":"https:\/\/superseeds.dk\/no\/butikk\/"},{"@type":"ListItem","position":3,"name":"Elements &#8211; King size slim Green Ris papir"}]},{"@type":"WebSite","@id":"https:\/\/super-seeds.se\/#website","url":"https:\/\/super-seeds.se\/","name":"Superseeds.com","description":"","publisher":{"@id":"https:\/\/super-seeds.se\/#organization"},"potentialAction":[{"@type":"SearchAction","target":{"@type":"EntryPoint","urlTemplate":"https:\/\/super-seeds.se\/?s={search_term_string}"},"query-input":{"@type":"PropertyValueSpecification","valueRequired":true,"valueName":"search_term_string"}}],"inLanguage":"sv-SE"},{"@type":"Organization","@id":"https:\/\/super-seeds.se\/#organization","name":"Superseeds.com","url":"https:\/\/super-seeds.se\/","logo":{"@type":"ImageObject","inLanguage":"sv-SE","@id":"https:\/\/super-seeds.se\/#\/schema\/logo\/image\/","url":"https:\/\/superseeds.dk\/wp-content\/uploads\/2025\/09\/logo-superseeds.png","contentUrl":"https:\/\/superseeds.dk\/wp-content\/uploads\/2025\/09\/logo-superseeds.png","width":180,"height":160,"caption":"Superseeds.dk"},"image":{"@id":"https:\/\/super-seeds.se\/#\/schema\/logo\/image\/"}}]}},"df_price":9.95,"df_sale_price":"","df_regular_price":9.95,"df_image_link":"https:\/\/superseeds.dk\/wp-content\/uploads\/2025\/11\/Elements-\u2013-King-size-slim-Green-Ris-papir-1024x1024.png","_links":{"self":[{"href":"https:\/\/superseeds.dk\/se\/wp-json\/wp\/v2\/product\/58987","targetHints":{"allow":["GET"]}}],"collection":[{"href":"https:\/\/superseeds.dk\/se\/wp-json\/wp\/v2\/product"}],"about":[{"href":"https:\/\/superseeds.dk\/se\/wp-json\/wp\/v2\/types\/product"}],"wp:featuredmedia":[{"embeddable":true,"href":"https:\/\/superseeds.dk\/se\/wp-json\/wp\/v2\/media\/68045"}],"wp:attachment":[{"href":"https:\/\/superseeds.dk\/se\/wp-json\/wp\/v2\/media?parent=58987"}],"wp:term":[{"taxonomy":"product_brand","embeddable":true,"href":"https:\/\/superseeds.dk\/se\/wp-json\/wp\/v2\/product_brand?post=58987"},{"taxonomy":"product_cat","embeddable":true,"href":"https:\/\/superseeds.dk\/se\/wp-json\/wp\/v2\/product_cat?post=58987"},{"taxonomy":"product_tag","embeddable":true,"href":"https:\/\/superseeds.dk\/se\/wp-json\/wp\/v2\/product_tag?post=58987"}],"curies":[{"name":"wp","href":"https:\/\/api.w.org\/{rel}","templated":true}]}}