{"id":58969,"date":"2025-01-30T23:13:32","date_gmt":"2025-01-30T22:13:32","guid":{"rendered":"https:\/\/superseeds.dk\/vare\/secret-jardin-afstivnings-pinde-100cm\/"},"modified":"2025-01-30T23:13:34","modified_gmt":"2025-01-30T22:13:34","slug":"secret-jardin-afstivnings-pinde-100cm","status":"publish","type":"product","link":"https:\/\/superseeds.dk\/se\/produkt\/secret-jardin-afstivnings-pinde-100cm\/","title":{"rendered":"Secret Jardin &#8211; Afstivnings pinde"},"content":{"rendered":"<p>Med disse afstivningspinde fra Secret Jardin, f\u00e5r du fuld udnyttelse af dit grotelt! Pga. undertrykket fra udsugningen bliver siderne p\u00e5 teltet trukket lidt med ind, s\u00e5 man faktisk mister lidt groplads hele vejen rundt. det er slut nu! med space boostere opn\u00e5r du fuld udnyttelse af dit grotelt!<\/p>\n<ul>\n<li>100 til 150 cm lang<\/li>\n<li>\u00d816 &#8211; 19 mm r\u00f8r<\/li>\n<li>Kan tilpasses<\/li>\n<\/ul>\n<p>&nbsp;<\/p>\n<p><iframe title=\"SPACE BOOSTER Instruction - Accessory for grow tent\" width=\"800\" height=\"450\" src=\"https:\/\/www.youtube.com\/embed\/0UoOou46AwQ?start=73&#038;feature=oembed\" frameborder=\"0\" allow=\"accelerometer; autoplay; clipboard-write; encrypted-media; gyroscope; picture-in-picture; web-share\" referrerpolicy=\"strict-origin-when-cross-origin\" allowfullscreen><\/iframe><\/p>","protected":false},"excerpt":{"rendered":"<p>F\u00e5 fuld udnyttelse af dit grotelt, med disse space boostere fra Secret Jardin!<\/p>","protected":false},"featured_media":58976,"template":"","meta":{"_acf_changed":false},"product_brand":[],"product_cat":[1852,1849,1853],"product_tag":[],"class_list":{"0":"post-58969","1":"product","2":"type-product","3":"status-publish","4":"has-post-thumbnail","6":"product_cat-secret-jardin","7":"product_cat-telte","8":"product_cat-tilbehoer-secret-jardin","10":"first","11":"onbackorder","12":"taxable","13":"shipping-taxable","14":"purchasable","15":"product-type-variable","16":"wvs-archive-product-wrapper"},"acf":[],"yoast_head":"<!-- This site is optimized with the Yoast SEO plugin v26.9 - https:\/\/yoast.com\/product\/yoast-seo-wordpress\/ -->\n<title>Secret Jardin - Afstivnings pinde - Superseeds.dk<\/title>\n<meta name=\"robots\" content=\"index, follow, max-snippet:-1, max-image-preview:large, max-video-preview:-1\" \/>\n<link rel=\"canonical\" href=\"https:\/\/superseeds.dk\/se\/produkt\/secret-jardin-afstivnings-pinde-100cm\/\" \/>\n<meta property=\"og:locale\" content=\"sv_SE\" \/>\n<meta property=\"og:type\" content=\"article\" \/>\n<meta property=\"og:title\" content=\"Secret Jardin - Afstivnings pinde - Superseeds.dk\" \/>\n<meta property=\"og:description\" content=\"F\u00e5 fuld udnyttelse af dit grotelt, med disse space boostere fra Secret Jardin!\" \/>\n<meta property=\"og:url\" content=\"https:\/\/superseeds.dk\/se\/produkt\/secret-jardin-afstivnings-pinde-100cm\/\" \/>\n<meta property=\"og:site_name\" content=\"Superseeds.dk\" \/>\n<meta property=\"article:modified_time\" content=\"2025-01-30T22:13:34+00:00\" \/>\n<meta property=\"og:image\" content=\"https:\/\/super-seeds.no\/wp-content\/uploads\/2025\/01\/Secret-Jardin-\u2013-Afstivnings-pinde-2.png\" \/>\n\t<meta property=\"og:image:width\" content=\"1080\" \/>\n\t<meta property=\"og:image:height\" content=\"1080\" \/>\n\t<meta property=\"og:image:type\" content=\"image\/png\" \/>\n<meta name=\"twitter:card\" content=\"summary_large_image\" \/>\n<script type=\"application\/ld+json\" class=\"yoast-schema-graph\">{\"@context\":\"https:\/\/schema.org\",\"@graph\":[{\"@type\":\"WebPage\",\"@id\":\"https:\/\/superseeds.dk\/vare\/secret-jardin-afstivnings-pinde-100cm\/\",\"url\":\"https:\/\/superseeds.dk\/vare\/secret-jardin-afstivnings-pinde-100cm\/\",\"name\":\"Secret Jardin - Afstivnings pinde - Superseeds.dk\",\"isPartOf\":{\"@id\":\"https:\/\/super-seeds.se\/#website\"},\"primaryImageOfPage\":{\"@id\":\"https:\/\/superseeds.dk\/vare\/secret-jardin-afstivnings-pinde-100cm\/#primaryimage\"},\"image\":{\"@id\":\"https:\/\/superseeds.dk\/vare\/secret-jardin-afstivnings-pinde-100cm\/#primaryimage\"},\"thumbnailUrl\":\"https:\/\/superseeds.dk\/wp-content\/uploads\/2025\/01\/Secret-Jardin-\u2013-Afstivnings-pinde-2.png\",\"datePublished\":\"2025-01-30T22:13:32+00:00\",\"dateModified\":\"2025-01-30T22:13:34+00:00\",\"breadcrumb\":{\"@id\":\"https:\/\/superseeds.dk\/vare\/secret-jardin-afstivnings-pinde-100cm\/#breadcrumb\"},\"inLanguage\":\"sv-SE\",\"potentialAction\":[{\"@type\":\"ReadAction\",\"target\":[\"https:\/\/superseeds.dk\/vare\/secret-jardin-afstivnings-pinde-100cm\/\"]}]},{\"@type\":\"ImageObject\",\"inLanguage\":\"sv-SE\",\"@id\":\"https:\/\/superseeds.dk\/vare\/secret-jardin-afstivnings-pinde-100cm\/#primaryimage\",\"url\":\"https:\/\/superseeds.dk\/wp-content\/uploads\/2025\/01\/Secret-Jardin-\u2013-Afstivnings-pinde-2.png\",\"contentUrl\":\"https:\/\/superseeds.dk\/wp-content\/uploads\/2025\/01\/Secret-Jardin-\u2013-Afstivnings-pinde-2.png\",\"width\":1080,\"height\":1080},{\"@type\":\"BreadcrumbList\",\"@id\":\"https:\/\/superseeds.dk\/vare\/secret-jardin-afstivnings-pinde-100cm\/#breadcrumb\",\"itemListElement\":[{\"@type\":\"ListItem\",\"position\":1,\"name\":\"Hjem\",\"item\":\"https:\/\/superseeds.dk\/\"},{\"@type\":\"ListItem\",\"position\":2,\"name\":\"Shop\",\"item\":\"https:\/\/superseeds.dk\/no\/butikk\/\"},{\"@type\":\"ListItem\",\"position\":3,\"name\":\"Secret Jardin &#8211; Afstivnings pinde\"}]},{\"@type\":\"WebSite\",\"@id\":\"https:\/\/super-seeds.se\/#website\",\"url\":\"https:\/\/super-seeds.se\/\",\"name\":\"Superseeds.dk\",\"description\":\"\",\"publisher\":{\"@id\":\"https:\/\/super-seeds.se\/#organization\"},\"potentialAction\":[{\"@type\":\"SearchAction\",\"target\":{\"@type\":\"EntryPoint\",\"urlTemplate\":\"https:\/\/super-seeds.se\/?s={search_term_string}\"},\"query-input\":{\"@type\":\"PropertyValueSpecification\",\"valueRequired\":true,\"valueName\":\"search_term_string\"}}],\"inLanguage\":\"sv-SE\"},{\"@type\":\"Organization\",\"@id\":\"https:\/\/super-seeds.se\/#organization\",\"name\":\"Superseeds.dk\",\"url\":\"https:\/\/super-seeds.se\/\",\"logo\":{\"@type\":\"ImageObject\",\"inLanguage\":\"sv-SE\",\"@id\":\"https:\/\/super-seeds.se\/#\/schema\/logo\/image\/\",\"url\":\"https:\/\/superseeds.dk\/wp-content\/uploads\/2025\/09\/logo-superseeds.png\",\"contentUrl\":\"https:\/\/superseeds.dk\/wp-content\/uploads\/2025\/09\/logo-superseeds.png\",\"width\":180,\"height\":160,\"caption\":\"Superseeds.dk\"},\"image\":{\"@id\":\"https:\/\/super-seeds.se\/#\/schema\/logo\/image\/\"}}]}<\/script>\n<!-- \/ Yoast SEO plugin. -->","yoast_head_json":{"title":"Secret Jardin - Afstivnings pinde - Superseeds.dk","robots":{"index":"index","follow":"follow","max-snippet":"max-snippet:-1","max-image-preview":"max-image-preview:large","max-video-preview":"max-video-preview:-1"},"canonical":"https:\/\/superseeds.dk\/se\/produkt\/secret-jardin-afstivnings-pinde-100cm\/","og_locale":"sv_SE","og_type":"article","og_title":"Secret Jardin - Afstivnings pinde - Superseeds.dk","og_description":"F\u00e5 fuld udnyttelse af dit grotelt, med disse space boostere fra Secret Jardin!","og_url":"https:\/\/superseeds.dk\/se\/produkt\/secret-jardin-afstivnings-pinde-100cm\/","og_site_name":"Superseeds.dk","article_modified_time":"2025-01-30T22:13:34+00:00","og_image":[{"width":1080,"height":1080,"url":"https:\/\/super-seeds.no\/wp-content\/uploads\/2025\/01\/Secret-Jardin-\u2013-Afstivnings-pinde-2.png","type":"image\/png"}],"twitter_card":"summary_large_image","schema":{"@context":"https:\/\/schema.org","@graph":[{"@type":"WebPage","@id":"https:\/\/superseeds.dk\/vare\/secret-jardin-afstivnings-pinde-100cm\/","url":"https:\/\/superseeds.dk\/vare\/secret-jardin-afstivnings-pinde-100cm\/","name":"Secret Jardin - Afstivnings pinde - Superseeds.dk","isPartOf":{"@id":"https:\/\/super-seeds.se\/#website"},"primaryImageOfPage":{"@id":"https:\/\/superseeds.dk\/vare\/secret-jardin-afstivnings-pinde-100cm\/#primaryimage"},"image":{"@id":"https:\/\/superseeds.dk\/vare\/secret-jardin-afstivnings-pinde-100cm\/#primaryimage"},"thumbnailUrl":"https:\/\/superseeds.dk\/wp-content\/uploads\/2025\/01\/Secret-Jardin-\u2013-Afstivnings-pinde-2.png","datePublished":"2025-01-30T22:13:32+00:00","dateModified":"2025-01-30T22:13:34+00:00","breadcrumb":{"@id":"https:\/\/superseeds.dk\/vare\/secret-jardin-afstivnings-pinde-100cm\/#breadcrumb"},"inLanguage":"sv-SE","potentialAction":[{"@type":"ReadAction","target":["https:\/\/superseeds.dk\/vare\/secret-jardin-afstivnings-pinde-100cm\/"]}]},{"@type":"ImageObject","inLanguage":"sv-SE","@id":"https:\/\/superseeds.dk\/vare\/secret-jardin-afstivnings-pinde-100cm\/#primaryimage","url":"https:\/\/superseeds.dk\/wp-content\/uploads\/2025\/01\/Secret-Jardin-\u2013-Afstivnings-pinde-2.png","contentUrl":"https:\/\/superseeds.dk\/wp-content\/uploads\/2025\/01\/Secret-Jardin-\u2013-Afstivnings-pinde-2.png","width":1080,"height":1080},{"@type":"BreadcrumbList","@id":"https:\/\/superseeds.dk\/vare\/secret-jardin-afstivnings-pinde-100cm\/#breadcrumb","itemListElement":[{"@type":"ListItem","position":1,"name":"Hjem","item":"https:\/\/superseeds.dk\/"},{"@type":"ListItem","position":2,"name":"Shop","item":"https:\/\/superseeds.dk\/no\/butikk\/"},{"@type":"ListItem","position":3,"name":"Secret Jardin &#8211; Afstivnings pinde"}]},{"@type":"WebSite","@id":"https:\/\/super-seeds.se\/#website","url":"https:\/\/super-seeds.se\/","name":"Superseeds.com","description":"","publisher":{"@id":"https:\/\/super-seeds.se\/#organization"},"potentialAction":[{"@type":"SearchAction","target":{"@type":"EntryPoint","urlTemplate":"https:\/\/super-seeds.se\/?s={search_term_string}"},"query-input":{"@type":"PropertyValueSpecification","valueRequired":true,"valueName":"search_term_string"}}],"inLanguage":"sv-SE"},{"@type":"Organization","@id":"https:\/\/super-seeds.se\/#organization","name":"Superseeds.com","url":"https:\/\/super-seeds.se\/","logo":{"@type":"ImageObject","inLanguage":"sv-SE","@id":"https:\/\/super-seeds.se\/#\/schema\/logo\/image\/","url":"https:\/\/superseeds.dk\/wp-content\/uploads\/2025\/09\/logo-superseeds.png","contentUrl":"https:\/\/superseeds.dk\/wp-content\/uploads\/2025\/09\/logo-superseeds.png","width":180,"height":160,"caption":"Superseeds.dk"},"image":{"@id":"https:\/\/super-seeds.se\/#\/schema\/logo\/image\/"}}]}},"df_price":199,"df_sale_price":"","df_regular_price":199,"df_image_link":"https:\/\/superseeds.dk\/wp-content\/uploads\/2025\/01\/Secret-Jardin-\u2013-Afstivnings-pinde-2-1024x1024.png","_links":{"self":[{"href":"https:\/\/superseeds.dk\/se\/wp-json\/wp\/v2\/product\/58969","targetHints":{"allow":["GET"]}}],"collection":[{"href":"https:\/\/superseeds.dk\/se\/wp-json\/wp\/v2\/product"}],"about":[{"href":"https:\/\/superseeds.dk\/se\/wp-json\/wp\/v2\/types\/product"}],"wp:featuredmedia":[{"embeddable":true,"href":"https:\/\/superseeds.dk\/se\/wp-json\/wp\/v2\/media\/58976"}],"wp:attachment":[{"href":"https:\/\/superseeds.dk\/se\/wp-json\/wp\/v2\/media?parent=58969"}],"wp:term":[{"taxonomy":"product_brand","embeddable":true,"href":"https:\/\/superseeds.dk\/se\/wp-json\/wp\/v2\/product_brand?post=58969"},{"taxonomy":"product_cat","embeddable":true,"href":"https:\/\/superseeds.dk\/se\/wp-json\/wp\/v2\/product_cat?post=58969"},{"taxonomy":"product_tag","embeddable":true,"href":"https:\/\/superseeds.dk\/se\/wp-json\/wp\/v2\/product_tag?post=58969"}],"curies":[{"name":"wp","href":"https:\/\/api.w.org\/{rel}","templated":true}]}}