{"id":58967,"date":"2025-01-30T23:13:27","date_gmt":"2025-01-30T22:13:27","guid":{"rendered":"https:\/\/superseeds.dk\/vare\/hydro-shoot-593x298x200-grotelt\/"},"modified":"2025-01-30T23:13:31","modified_gmt":"2025-01-30T22:13:31","slug":"hydro-shoot-593x298x200-grotelt","status":"publish","type":"product","link":"https:\/\/superseeds.dk\/se\/produkt\/hydro-shoot-593x298x200-grotelt\/","title":{"rendered":"Secret Jardin HS600W-  593X298X200 GROTELT"},"content":{"rendered":"<p><strong>Secret Jardin HS600W\u00a0<\/strong><\/p>\n<p>Hydro Shoot-teltet er det ideelle fundament til enhver avler, der \u00f8nsker at skabe en brugerdefineret konfiguration.<br \/>\nTeltet leveres uden tilbeh\u00f8r, bortset fra en aftagelig mylar vandbakke for at forhindre, at overskydende vand skader gulvet.<br \/>\nDen har flangehuller til styring af ventilation og kabel-\/slangef\u00f8ring. Disse flangehuller er meget reflekterende og lyst\u00e6tte og kan monteres p\u00e5 kanaler med forskellige diameter, filtre, udsugningssystemer, slanger og kabler.<\/p>\n<p>Hydro Shoot \u00a0er lavet ved hj\u00e6lp af de samme materialer som de andre Secret Jardin Grotelte! Mylar M210D, Q195 st\u00e5l, ikke-genanvendt plast, Nylon #30 210D tr\u00e5d osv.<\/p>\n<p>Hydro Shoot-serien bruger det samme lynl\u00e5ssystem med dobbeltklap som Secret Jardin-serien, som giver en let forsegling, der er 100 % effektiv*.<\/p>\n<table class=\"table\">\n<tbody>\n<tr>\n<td>Model<\/td>\n<td>HS600W<\/td>\n<\/tr>\n<tr>\n<td>Revision<\/td>\n<td>R2,00<\/td>\n<\/tr>\n<tr>\n<td>V\u00e6gt<\/td>\n<td>56 kg<\/td>\n<\/tr>\n<tr>\n<td>M\u00e5tt och dimensioner<\/td>\n<td>593 cm x 298 cm x 200 cm<\/td>\n<\/tr>\n<tr>\n<td>Web Plant Support\/Scrog (valgfri)<\/td>\n<td>4x <a href=\"https:\/\/gro-lys.dk\/shop\/groudstyr\/telte\/plante-net-scrog\/66-scrog-net\/\">WEBIT300W<\/a><\/td>\n<\/tr>\n<tr>\n<td>Vandbakke<\/td>\n<td>4x WT300W<\/td>\n<\/tr>\n<tr>\n<td>Sokker<\/td>\n<td>4x Ventilation \u00d8380mm<\/td>\n<\/tr>\n<tr>\n<td>Kabelflange<\/td>\n<td>4x KABELFLANGE \u00d870mm (CF7D)\u00a0<a href=\"https:\/\/youtu.be\/icJU7srr5xI\">Video<\/a><\/td>\n<\/tr>\n<tr>\n<td>H\u00e5ndtering<\/td>\n<td>10x H\u00c5NDTERING, underst\u00f8tter op til 15 kg p\u00e5 en enkelt stang og 150 kg pr. telt.<br \/>\nL\u00e6ngde: 120 cm<\/td>\n<\/tr>\n<tr>\n<td>Ventilation anbefales (ikke inkluderet)<\/td>\n<td>4x MF30<\/td>\n<\/tr>\n<tr>\n<td>Belysning anbefales<\/td>\n<td>Niveau III (HPS) = 8000W<br \/>\nNiveau III (LED PE2.7) = 4800WMere information\u00a0<a href=\"https:\/\/www.secretjardin.com\/resources\/detail-on-lighting\/\">her<\/a><\/td>\n<\/tr>\n<tr>\n<td>Volume Telt<\/td>\n<td>35,4m\u00a0<sup>3<\/sup><\/td>\n<\/tr>\n<tr>\n<td>Udsugning tilr\u00e5des ved filter p\u00e5 *<\/td>\n<td>1 min cyklus : Ekstraktion 2400m\u00a0<sup>3<\/sup>\u00a0\/h &#8211; Indtag : 50 %<br \/>\n2 min cyklus : Ekstraktion 1200m\u00a0<sup>3<\/sup>\u00a0\/h &#8211; Indtag : 50 %Mere information\u00a0<a href=\"https:\/\/www.secretjardin.com\/product-category\/ventilation\/\">her<\/a>* Hvis der ikke er noget filter, reduceres med 40 % ekstraktionsbehov<\/td>\n<\/tr>\n<tr>\n<td>R\u00e5materiale<\/td>\n<td>L\u00e6rred M210D Mylar<br \/>\nst\u00e6nger \u00d819mm (Q195 pulvermalede)<br \/>\nHj\u00f8rner 4mm Polypropylen<br \/>\nAftagelig M210D Mylar<br \/>\nVandbakke Bund PE210D<\/td>\n<\/tr>\n<tr>\n<td>Monteringsvejledning<\/td>\n<td>&gt;\u00a0<a href=\"https:\/\/www.secretjardin.com\/wp-content\/uploads\/2021\/04\/20200928-HYDROSHOOT-BOOK-ASSEMBLY.pdf\">HYDRO SHOOT R2,00 INSTRUKTIONER<\/a>\u00a0&lt;<\/td>\n<\/tr>\n<\/tbody>\n<\/table>","protected":false},"excerpt":{"rendered":"<h3>Secret Jardin HS 600W<\/h3>\n<p>Teltet har <strong>\u00e5bninger til ventilation og kabel f\u00f8ring<\/strong> og kan lukkes via dens snoretr\u00e6k, s\u00e5 den slutter t\u00e6t.<\/p>\n<p>Hydro Shoot-serien bruger det samme lynl\u00e5ssystem med dobbeltklap som Secret Jardin-serien, giver en <strong>let forsegling, der er 100 % effektiv!<\/strong><\/p>","protected":false},"featured_media":58968,"template":"","meta":{"_acf_changed":false},"product_brand":[],"product_cat":[1924,1852,1849],"product_tag":[],"class_list":{"0":"post-58967","1":"product","2":"type-product","3":"status-publish","4":"has-post-thumbnail","6":"product_cat-hydro-shoot","7":"product_cat-secret-jardin","8":"product_cat-telte","10":"first","11":"instock","12":"taxable","13":"shipping-taxable","14":"purchasable","15":"product-type-simple"},"acf":[],"yoast_head":"<!-- This site is optimized with the Yoast SEO plugin v26.9 - https:\/\/yoast.com\/product\/yoast-seo-wordpress\/ -->\n<title>Secret Jardin HS600W- 593X298X200 GROTELT - Superseeds.dk<\/title>\n<meta name=\"robots\" content=\"index, follow, max-snippet:-1, max-image-preview:large, max-video-preview:-1\" \/>\n<link rel=\"canonical\" href=\"https:\/\/superseeds.dk\/se\/produkt\/hydro-shoot-593x298x200-grotelt\/\" \/>\n<meta property=\"og:locale\" content=\"sv_SE\" \/>\n<meta property=\"og:type\" content=\"article\" \/>\n<meta property=\"og:title\" content=\"Secret Jardin HS600W- 593X298X200 GROTELT - Superseeds.dk\" \/>\n<meta property=\"og:description\" content=\"Secret Jardin HS 600W Teltet har \u00e5bninger til ventilation og kabel f\u00f8ring og kan lukkes via dens snoretr\u00e6k, s\u00e5 den slutter t\u00e6t.  Hydro Shoot-serien bruger det samme lynl\u00e5ssystem med dobbeltklap som Secret Jardin-serien, giver en let forsegling, der er 100 % effektiv!\" \/>\n<meta property=\"og:url\" content=\"https:\/\/superseeds.dk\/se\/produkt\/hydro-shoot-593x298x200-grotelt\/\" \/>\n<meta property=\"og:site_name\" content=\"Superseeds.dk\" \/>\n<meta property=\"article:modified_time\" content=\"2025-01-30T22:13:31+00:00\" \/>\n<meta property=\"og:image\" content=\"https:\/\/superseeds.dk\/wp-content\/uploads\/2025\/01\/Secret-Jardin-HS600W-593X298X200-GROTELT-1.png\" \/>\n\t<meta property=\"og:image:width\" content=\"1080\" \/>\n\t<meta property=\"og:image:height\" content=\"1080\" \/>\n\t<meta property=\"og:image:type\" content=\"image\/png\" \/>\n<meta name=\"twitter:card\" content=\"summary_large_image\" \/>\n<meta name=\"twitter:label1\" content=\"Ber\u00e4knad l\u00e4stid\" \/>\n\t<meta name=\"twitter:data1\" content=\"1 minut\" \/>\n<script type=\"application\/ld+json\" class=\"yoast-schema-graph\">{\"@context\":\"https:\/\/schema.org\",\"@graph\":[{\"@type\":\"WebPage\",\"@id\":\"https:\/\/superseeds.dk\/vare\/hydro-shoot-593x298x200-grotelt\/\",\"url\":\"https:\/\/superseeds.dk\/vare\/hydro-shoot-593x298x200-grotelt\/\",\"name\":\"Secret Jardin HS600W- 593X298X200 GROTELT - Superseeds.dk\",\"isPartOf\":{\"@id\":\"https:\/\/super-seeds.se\/#website\"},\"primaryImageOfPage\":{\"@id\":\"https:\/\/superseeds.dk\/vare\/hydro-shoot-593x298x200-grotelt\/#primaryimage\"},\"image\":{\"@id\":\"https:\/\/superseeds.dk\/vare\/hydro-shoot-593x298x200-grotelt\/#primaryimage\"},\"thumbnailUrl\":\"https:\/\/superseeds.dk\/wp-content\/uploads\/2025\/01\/Secret-Jardin-HS600W-593X298X200-GROTELT-1.png\",\"datePublished\":\"2025-01-30T22:13:27+00:00\",\"dateModified\":\"2025-01-30T22:13:31+00:00\",\"breadcrumb\":{\"@id\":\"https:\/\/superseeds.dk\/vare\/hydro-shoot-593x298x200-grotelt\/#breadcrumb\"},\"inLanguage\":\"sv-SE\",\"potentialAction\":[{\"@type\":\"ReadAction\",\"target\":[\"https:\/\/superseeds.dk\/vare\/hydro-shoot-593x298x200-grotelt\/\"]}]},{\"@type\":\"ImageObject\",\"inLanguage\":\"sv-SE\",\"@id\":\"https:\/\/superseeds.dk\/vare\/hydro-shoot-593x298x200-grotelt\/#primaryimage\",\"url\":\"https:\/\/superseeds.dk\/wp-content\/uploads\/2025\/01\/Secret-Jardin-HS600W-593X298X200-GROTELT-1.png\",\"contentUrl\":\"https:\/\/superseeds.dk\/wp-content\/uploads\/2025\/01\/Secret-Jardin-HS600W-593X298X200-GROTELT-1.png\",\"width\":1080,\"height\":1080},{\"@type\":\"BreadcrumbList\",\"@id\":\"https:\/\/superseeds.dk\/vare\/hydro-shoot-593x298x200-grotelt\/#breadcrumb\",\"itemListElement\":[{\"@type\":\"ListItem\",\"position\":1,\"name\":\"Hjem\",\"item\":\"https:\/\/superseeds.dk\/\"},{\"@type\":\"ListItem\",\"position\":2,\"name\":\"Shop\",\"item\":\"https:\/\/superseeds.dk\/no\/butikk\/\"},{\"@type\":\"ListItem\",\"position\":3,\"name\":\"Secret Jardin HS600W- 593X298X200 GROTELT\"}]},{\"@type\":\"WebSite\",\"@id\":\"https:\/\/super-seeds.se\/#website\",\"url\":\"https:\/\/super-seeds.se\/\",\"name\":\"Superseeds.dk\",\"description\":\"\",\"publisher\":{\"@id\":\"https:\/\/super-seeds.se\/#organization\"},\"potentialAction\":[{\"@type\":\"SearchAction\",\"target\":{\"@type\":\"EntryPoint\",\"urlTemplate\":\"https:\/\/super-seeds.se\/?s={search_term_string}\"},\"query-input\":{\"@type\":\"PropertyValueSpecification\",\"valueRequired\":true,\"valueName\":\"search_term_string\"}}],\"inLanguage\":\"sv-SE\"},{\"@type\":\"Organization\",\"@id\":\"https:\/\/super-seeds.se\/#organization\",\"name\":\"Superseeds.dk\",\"url\":\"https:\/\/super-seeds.se\/\",\"logo\":{\"@type\":\"ImageObject\",\"inLanguage\":\"sv-SE\",\"@id\":\"https:\/\/super-seeds.se\/#\/schema\/logo\/image\/\",\"url\":\"https:\/\/superseeds.dk\/wp-content\/uploads\/2025\/09\/logo-superseeds.png\",\"contentUrl\":\"https:\/\/superseeds.dk\/wp-content\/uploads\/2025\/09\/logo-superseeds.png\",\"width\":180,\"height\":160,\"caption\":\"Superseeds.dk\"},\"image\":{\"@id\":\"https:\/\/super-seeds.se\/#\/schema\/logo\/image\/\"}}]}<\/script>\n<!-- \/ Yoast SEO plugin. -->","yoast_head_json":{"title":"Secret Jardin HS600W- 593X298X200 GROTELT - Superseeds.dk","robots":{"index":"index","follow":"follow","max-snippet":"max-snippet:-1","max-image-preview":"max-image-preview:large","max-video-preview":"max-video-preview:-1"},"canonical":"https:\/\/superseeds.dk\/se\/produkt\/hydro-shoot-593x298x200-grotelt\/","og_locale":"sv_SE","og_type":"article","og_title":"Secret Jardin HS600W- 593X298X200 GROTELT - Superseeds.dk","og_description":"Secret Jardin HS 600W Teltet har \u00e5bninger til ventilation og kabel f\u00f8ring og kan lukkes via dens snoretr\u00e6k, s\u00e5 den slutter t\u00e6t.  Hydro Shoot-serien bruger det samme lynl\u00e5ssystem med dobbeltklap som Secret Jardin-serien, giver en let forsegling, der er 100 % effektiv!","og_url":"https:\/\/superseeds.dk\/se\/produkt\/hydro-shoot-593x298x200-grotelt\/","og_site_name":"Superseeds.dk","article_modified_time":"2025-01-30T22:13:31+00:00","og_image":[{"width":1080,"height":1080,"url":"https:\/\/superseeds.dk\/wp-content\/uploads\/2025\/01\/Secret-Jardin-HS600W-593X298X200-GROTELT-1.png","type":"image\/png"}],"twitter_card":"summary_large_image","twitter_misc":{"Ber\u00e4knad l\u00e4stid":"1 minut"},"schema":{"@context":"https:\/\/schema.org","@graph":[{"@type":"WebPage","@id":"https:\/\/superseeds.dk\/vare\/hydro-shoot-593x298x200-grotelt\/","url":"https:\/\/superseeds.dk\/vare\/hydro-shoot-593x298x200-grotelt\/","name":"Secret Jardin HS600W- 593X298X200 GROTELT - Superseeds.dk","isPartOf":{"@id":"https:\/\/super-seeds.se\/#website"},"primaryImageOfPage":{"@id":"https:\/\/superseeds.dk\/vare\/hydro-shoot-593x298x200-grotelt\/#primaryimage"},"image":{"@id":"https:\/\/superseeds.dk\/vare\/hydro-shoot-593x298x200-grotelt\/#primaryimage"},"thumbnailUrl":"https:\/\/superseeds.dk\/wp-content\/uploads\/2025\/01\/Secret-Jardin-HS600W-593X298X200-GROTELT-1.png","datePublished":"2025-01-30T22:13:27+00:00","dateModified":"2025-01-30T22:13:31+00:00","breadcrumb":{"@id":"https:\/\/superseeds.dk\/vare\/hydro-shoot-593x298x200-grotelt\/#breadcrumb"},"inLanguage":"sv-SE","potentialAction":[{"@type":"ReadAction","target":["https:\/\/superseeds.dk\/vare\/hydro-shoot-593x298x200-grotelt\/"]}]},{"@type":"ImageObject","inLanguage":"sv-SE","@id":"https:\/\/superseeds.dk\/vare\/hydro-shoot-593x298x200-grotelt\/#primaryimage","url":"https:\/\/superseeds.dk\/wp-content\/uploads\/2025\/01\/Secret-Jardin-HS600W-593X298X200-GROTELT-1.png","contentUrl":"https:\/\/superseeds.dk\/wp-content\/uploads\/2025\/01\/Secret-Jardin-HS600W-593X298X200-GROTELT-1.png","width":1080,"height":1080},{"@type":"BreadcrumbList","@id":"https:\/\/superseeds.dk\/vare\/hydro-shoot-593x298x200-grotelt\/#breadcrumb","itemListElement":[{"@type":"ListItem","position":1,"name":"Hjem","item":"https:\/\/superseeds.dk\/"},{"@type":"ListItem","position":2,"name":"Shop","item":"https:\/\/superseeds.dk\/no\/butikk\/"},{"@type":"ListItem","position":3,"name":"Secret Jardin HS600W- 593X298X200 GROTELT"}]},{"@type":"WebSite","@id":"https:\/\/super-seeds.se\/#website","url":"https:\/\/super-seeds.se\/","name":"Superseeds.com","description":"","publisher":{"@id":"https:\/\/super-seeds.se\/#organization"},"potentialAction":[{"@type":"SearchAction","target":{"@type":"EntryPoint","urlTemplate":"https:\/\/super-seeds.se\/?s={search_term_string}"},"query-input":{"@type":"PropertyValueSpecification","valueRequired":true,"valueName":"search_term_string"}}],"inLanguage":"sv-SE"},{"@type":"Organization","@id":"https:\/\/super-seeds.se\/#organization","name":"Superseeds.com","url":"https:\/\/super-seeds.se\/","logo":{"@type":"ImageObject","inLanguage":"sv-SE","@id":"https:\/\/super-seeds.se\/#\/schema\/logo\/image\/","url":"https:\/\/superseeds.dk\/wp-content\/uploads\/2025\/09\/logo-superseeds.png","contentUrl":"https:\/\/superseeds.dk\/wp-content\/uploads\/2025\/09\/logo-superseeds.png","width":180,"height":160,"caption":"Superseeds.dk"},"image":{"@id":"https:\/\/super-seeds.se\/#\/schema\/logo\/image\/"}}]}},"df_price":7995,"df_sale_price":"","df_regular_price":7995,"df_image_link":"https:\/\/superseeds.dk\/wp-content\/uploads\/2025\/01\/Secret-Jardin-HS600W-593X298X200-GROTELT-1-1024x1024.png","_links":{"self":[{"href":"https:\/\/superseeds.dk\/se\/wp-json\/wp\/v2\/product\/58967","targetHints":{"allow":["GET"]}}],"collection":[{"href":"https:\/\/superseeds.dk\/se\/wp-json\/wp\/v2\/product"}],"about":[{"href":"https:\/\/superseeds.dk\/se\/wp-json\/wp\/v2\/types\/product"}],"wp:featuredmedia":[{"embeddable":true,"href":"https:\/\/superseeds.dk\/se\/wp-json\/wp\/v2\/media\/58968"}],"wp:attachment":[{"href":"https:\/\/superseeds.dk\/se\/wp-json\/wp\/v2\/media?parent=58967"}],"wp:term":[{"taxonomy":"product_brand","embeddable":true,"href":"https:\/\/superseeds.dk\/se\/wp-json\/wp\/v2\/product_brand?post=58967"},{"taxonomy":"product_cat","embeddable":true,"href":"https:\/\/superseeds.dk\/se\/wp-json\/wp\/v2\/product_cat?post=58967"},{"taxonomy":"product_tag","embeddable":true,"href":"https:\/\/superseeds.dk\/se\/wp-json\/wp\/v2\/product_tag?post=58967"}],"curies":[{"name":"wp","href":"https:\/\/api.w.org\/{rel}","templated":true}]}}