{"id":58964,"date":"2025-01-30T23:13:25","date_gmt":"2025-01-30T22:13:25","guid":{"rendered":"https:\/\/superseeds.dk\/vare\/secret-jardin-90x60x98-cm-dark-propagator\/"},"modified":"2026-01-06T13:32:59","modified_gmt":"2026-01-06T12:32:59","slug":"secret-jardin-90x60x98-cm-dark-propagator","status":"publish","type":"product","link":"https:\/\/superseeds.dk\/se\/produkt\/secret-jardin-90x60x98-cm-dark-propagator\/","title":{"rendered":"SECRET JARDIN &#8211; 90x60x98 cm DARK PROPAGATOR"},"content":{"rendered":"<h3>Secret Jardin &#8211; Dark Propagator 90<\/h3>\n<p>\u00d8nsker du at have bedre styr p\u00e5 dine fr\u00f8planter\/stiklinger? S\u00e5 er et propagator telt den perfekte l\u00f8sning.<br \/>\nDu kan p\u00e5 denne m\u00e5de udnytte din plads i h\u00f8jden via. det smarte hyldesystem, der g\u00f8r at du nemt kan starte dine planter i et vertikalt system.<\/p>\n<p><strong>Specifikationer:\u00a0<\/strong><\/p>\n<table class=\"table\">\n<tbody>\n<tr>\n<td>Model<\/td>\n<td>DP90<\/td>\n<\/tr>\n<tr>\n<td>Revision<\/td>\n<td>4.00<\/td>\n<\/tr>\n<tr>\n<td>V\u00e6gt<\/td>\n<td>5,8 kg<\/td>\n<\/tr>\n<tr>\n<td>M\u00e5tt och dimensioner<\/td>\n<td>90 cm x 60 cm x 98 cm<\/td>\n<\/tr>\n<tr>\n<td>Vandbakke<\/td>\n<td>1x WT90.60<\/td>\n<\/tr>\n<tr>\n<td>Kanalflange<\/td>\n<td>2x Support Kit til st\u00e6nger \u00d816mm til \u00d819mm (DF16)<br \/>\n1x CONNECTOR \u00d8100mm (DF16100)<br \/>\n1x LIGHT BAFFLE (DF16LB)<br \/>\n<a href=\"https:\/\/youtu.be\/DBKqdZAMPUc\">DF16 Video<\/a><\/td>\n<\/tr>\n<tr>\n<td>Kabelflange<\/td>\n<td>1x Kabelflange \u00d870mm (CF7D) <a href=\"https:\/\/youtu.be\/icJU7srr5xI\">Video<\/a><\/td>\n<\/tr>\n<tr>\n<td>Hylder<\/td>\n<td>2x Hylder, underst\u00f8tter op til 10 kg p\u00e5 en enkelt stang og 20 kg pr. telt.<br \/>\nL\u00e6ngde: 60 cm<\/td>\n<\/tr>\n<tr>\n<td>Tilbeh\u00f8r medf\u00f8lger<\/td>\n<td>15x CABLEIT &#8211; Clips til kabler og net<br \/>\n1x PATCHIT &#8211; Til at reparere dit telt eller udskifte DF16.\u00a0<a href=\"https:\/\/youtu.be\/G2_FPZ2xL_o\">Video<\/a><\/td>\n<\/tr>\n<tr>\n<td>Andet tilbeh\u00f8r (medf\u00f8lger ikke)<\/td>\n<td>Gummikanal: https:\/\/youtu.be\/6NsAWXqrh9Y<br \/>\nMetalgitter: https:\/\/youtu.be\/x3Qu9UId2XE<\/td>\n<\/tr>\n<tr>\n<td>Lys anbefaling<\/td>\n<td>Niveau II (LED PE 2.0) = 80W<br \/>\nNiveau I (LED PE 2.0) = 40W<\/td>\n<\/tr>\n<tr>\n<td>Volume Telt<\/td>\n<td>0,5m\u00a0<sup>3<\/sup><\/td>\n<\/tr>\n<tr>\n<td>Udsugning tilr\u00e5des ved filter p\u00e5 *<\/td>\n<td>2 min cyklus : Udsugning 80m <sup>3<\/sup>\u00a0\/h<br \/>\n4 min cyklus : Udsugning 20m <sup>3<\/sup> \/h Mere information\u00a0<a href=\"https:\/\/www.secretjardin.com\/product-category\/ventilation\/\">her<\/a>* Hvis der ikke er noget filter, reduceres med 40 % udsugningsbehov<\/td>\n<\/tr>\n<tr>\n<td>Materiale<\/td>\n<td>Canvas M210D<br \/>\nst\u00e6nger \u00d816mm (Q195 Forkromet)<br \/>\nHj\u00f8rner 2,0 mm polypropylen \/ 4,0 mm polypropylen<br \/>\nbund PE600D &amp; taske PE210D<\/td>\n<\/tr>\n<tr>\n<td>Monteringsvejledning<\/td>\n<td><a href=\"https:\/\/www.secretjardin.com\/wp-content\/uploads\/2019\/05\/201810-instru-web-darkpropagator-r4-00.pdf\">DARK PROPAGATOR 4.00. INSTRUKTIONER<\/a><\/td>\n<\/tr>\n<\/tbody>\n<\/table>\n<p>&nbsp;<\/p>","protected":false},"excerpt":{"rendered":"<h3>Secret Jardin &#8211; Dark Propagator 90<\/h3>\n<p>Dark Propagator 90 fra Secret Jardin er ideelle til alle slags fr\u00f8planter, sm\u00e5 planter, moderplanter, gr\u00f8ntsager m.m<br \/>\nDen kommer med ind\/udsugning flange og kommer med alt hvad du beh\u00f8ver for at installere det komplette system.<\/p>\n<p>Med dette forspirings\/propagator telt kan du starte dine fr\u00f8 tidligere end normalt, s\u00e5 du er klar til at plante dem i haven, n\u00e5r vejret bliver godt og solrigt.<\/p>\n<p>Midter hylden tilk\u00f8bes seperat.<\/p>","protected":false},"featured_media":69235,"template":"","meta":{"_acf_changed":false},"product_brand":[],"product_cat":[1852,1900,1849],"product_tag":[],"class_list":{"0":"post-58964","1":"product","2":"type-product","3":"status-publish","4":"has-post-thumbnail","6":"product_cat-secret-jardin","7":"product_cat-secret-jardin-secret-jardin","8":"product_cat-telte","10":"first","11":"onbackorder","12":"taxable","13":"shipping-taxable","14":"purchasable","15":"product-type-simple"},"acf":[],"yoast_head":"<!-- This site is optimized with the Yoast SEO plugin v26.9 - https:\/\/yoast.com\/product\/yoast-seo-wordpress\/ -->\n<title>SECRET JARDIN - 90x60x98 cm DARK PROPAGATOR - Superseeds.dk<\/title>\n<meta name=\"robots\" content=\"index, follow, max-snippet:-1, max-image-preview:large, max-video-preview:-1\" \/>\n<link rel=\"canonical\" href=\"https:\/\/superseeds.dk\/se\/produkt\/secret-jardin-90x60x98-cm-dark-propagator\/\" \/>\n<meta property=\"og:locale\" content=\"sv_SE\" \/>\n<meta property=\"og:type\" content=\"article\" \/>\n<meta property=\"og:title\" content=\"SECRET JARDIN - 90x60x98 cm DARK PROPAGATOR - Superseeds.dk\" \/>\n<meta property=\"og:description\" content=\"Secret Jardin - Dark Propagator 90 Dark Propagator 90 fra Secret Jardin er ideelle til alle slags fr\u00f8planter, sm\u00e5 planter, moderplanter, gr\u00f8ntsager m.m Den kommer med ind\/udsugning flange og kommer med alt hvad du beh\u00f8ver for at installere det komplette system.  Med dette forspirings\/propagator telt kan du starte dine fr\u00f8 tidligere end normalt, s\u00e5 du er klar til at plante dem i haven, n\u00e5r vejret bliver godt og solrigt.  Midter hylden tilk\u00f8bes seperat.\" \/>\n<meta property=\"og:url\" content=\"https:\/\/superseeds.dk\/se\/produkt\/secret-jardin-90x60x98-cm-dark-propagator\/\" \/>\n<meta property=\"og:site_name\" content=\"Superseeds.dk\" \/>\n<meta property=\"article:modified_time\" content=\"2026-01-06T12:32:59+00:00\" \/>\n<meta property=\"og:image\" content=\"https:\/\/superseeds.dk\/wp-content\/uploads\/2025\/01\/SECRET-JARDIN-\u2013-90x60x98-cm-DARK-PROPAGATOR.png\" \/>\n\t<meta property=\"og:image:width\" content=\"1080\" \/>\n\t<meta property=\"og:image:height\" content=\"1080\" \/>\n\t<meta property=\"og:image:type\" content=\"image\/png\" \/>\n<meta name=\"twitter:card\" content=\"summary_large_image\" \/>\n<meta name=\"twitter:label1\" content=\"Ber\u00e4knad l\u00e4stid\" \/>\n\t<meta name=\"twitter:data1\" content=\"1 minut\" \/>\n<script type=\"application\/ld+json\" class=\"yoast-schema-graph\">{\"@context\":\"https:\/\/schema.org\",\"@graph\":[{\"@type\":\"WebPage\",\"@id\":\"https:\/\/superseeds.dk\/vare\/secret-jardin-90x60x98-cm-dark-propagator\/\",\"url\":\"https:\/\/superseeds.dk\/vare\/secret-jardin-90x60x98-cm-dark-propagator\/\",\"name\":\"SECRET JARDIN - 90x60x98 cm DARK PROPAGATOR - Superseeds.dk\",\"isPartOf\":{\"@id\":\"https:\/\/super-seeds.se\/#website\"},\"primaryImageOfPage\":{\"@id\":\"https:\/\/superseeds.dk\/vare\/secret-jardin-90x60x98-cm-dark-propagator\/#primaryimage\"},\"image\":{\"@id\":\"https:\/\/superseeds.dk\/vare\/secret-jardin-90x60x98-cm-dark-propagator\/#primaryimage\"},\"thumbnailUrl\":\"https:\/\/superseeds.dk\/wp-content\/uploads\/2026\/01\/SECRET-JARDIN-\u2013-90x60x98-cm-DARK-PROPAGATOR.png\",\"datePublished\":\"2025-01-30T22:13:25+00:00\",\"dateModified\":\"2026-01-06T12:32:59+00:00\",\"breadcrumb\":{\"@id\":\"https:\/\/superseeds.dk\/vare\/secret-jardin-90x60x98-cm-dark-propagator\/#breadcrumb\"},\"inLanguage\":\"sv-SE\",\"potentialAction\":[{\"@type\":\"ReadAction\",\"target\":[\"https:\/\/superseeds.dk\/vare\/secret-jardin-90x60x98-cm-dark-propagator\/\"]}]},{\"@type\":\"ImageObject\",\"inLanguage\":\"sv-SE\",\"@id\":\"https:\/\/superseeds.dk\/vare\/secret-jardin-90x60x98-cm-dark-propagator\/#primaryimage\",\"url\":\"https:\/\/superseeds.dk\/wp-content\/uploads\/2026\/01\/SECRET-JARDIN-\u2013-90x60x98-cm-DARK-PROPAGATOR.png\",\"contentUrl\":\"https:\/\/superseeds.dk\/wp-content\/uploads\/2026\/01\/SECRET-JARDIN-\u2013-90x60x98-cm-DARK-PROPAGATOR.png\",\"width\":1080,\"height\":1080},{\"@type\":\"BreadcrumbList\",\"@id\":\"https:\/\/superseeds.dk\/vare\/secret-jardin-90x60x98-cm-dark-propagator\/#breadcrumb\",\"itemListElement\":[{\"@type\":\"ListItem\",\"position\":1,\"name\":\"Hjem\",\"item\":\"https:\/\/superseeds.dk\/\"},{\"@type\":\"ListItem\",\"position\":2,\"name\":\"Shop\",\"item\":\"https:\/\/superseeds.dk\/no\/butikk\/\"},{\"@type\":\"ListItem\",\"position\":3,\"name\":\"SECRET JARDIN &#8211; 90x60x98 cm DARK PROPAGATOR\"}]},{\"@type\":\"WebSite\",\"@id\":\"https:\/\/super-seeds.se\/#website\",\"url\":\"https:\/\/super-seeds.se\/\",\"name\":\"Superseeds.dk\",\"description\":\"\",\"publisher\":{\"@id\":\"https:\/\/super-seeds.se\/#organization\"},\"potentialAction\":[{\"@type\":\"SearchAction\",\"target\":{\"@type\":\"EntryPoint\",\"urlTemplate\":\"https:\/\/super-seeds.se\/?s={search_term_string}\"},\"query-input\":{\"@type\":\"PropertyValueSpecification\",\"valueRequired\":true,\"valueName\":\"search_term_string\"}}],\"inLanguage\":\"sv-SE\"},{\"@type\":\"Organization\",\"@id\":\"https:\/\/super-seeds.se\/#organization\",\"name\":\"Superseeds.dk\",\"url\":\"https:\/\/super-seeds.se\/\",\"logo\":{\"@type\":\"ImageObject\",\"inLanguage\":\"sv-SE\",\"@id\":\"https:\/\/super-seeds.se\/#\/schema\/logo\/image\/\",\"url\":\"https:\/\/superseeds.dk\/wp-content\/uploads\/2025\/09\/logo-superseeds.png\",\"contentUrl\":\"https:\/\/superseeds.dk\/wp-content\/uploads\/2025\/09\/logo-superseeds.png\",\"width\":180,\"height\":160,\"caption\":\"Superseeds.dk\"},\"image\":{\"@id\":\"https:\/\/super-seeds.se\/#\/schema\/logo\/image\/\"}}]}<\/script>\n<!-- \/ Yoast SEO plugin. -->","yoast_head_json":{"title":"SECRET JARDIN - 90x60x98 cm DARK PROPAGATOR - Superseeds.dk","robots":{"index":"index","follow":"follow","max-snippet":"max-snippet:-1","max-image-preview":"max-image-preview:large","max-video-preview":"max-video-preview:-1"},"canonical":"https:\/\/superseeds.dk\/se\/produkt\/secret-jardin-90x60x98-cm-dark-propagator\/","og_locale":"sv_SE","og_type":"article","og_title":"SECRET JARDIN - 90x60x98 cm DARK PROPAGATOR - Superseeds.dk","og_description":"Secret Jardin - Dark Propagator 90 Dark Propagator 90 fra Secret Jardin er ideelle til alle slags fr\u00f8planter, sm\u00e5 planter, moderplanter, gr\u00f8ntsager m.m Den kommer med ind\/udsugning flange og kommer med alt hvad du beh\u00f8ver for at installere det komplette system.  Med dette forspirings\/propagator telt kan du starte dine fr\u00f8 tidligere end normalt, s\u00e5 du er klar til at plante dem i haven, n\u00e5r vejret bliver godt og solrigt.  Midter hylden tilk\u00f8bes seperat.","og_url":"https:\/\/superseeds.dk\/se\/produkt\/secret-jardin-90x60x98-cm-dark-propagator\/","og_site_name":"Superseeds.dk","article_modified_time":"2026-01-06T12:32:59+00:00","og_image":[{"width":1080,"height":1080,"url":"https:\/\/superseeds.dk\/wp-content\/uploads\/2025\/01\/SECRET-JARDIN-\u2013-90x60x98-cm-DARK-PROPAGATOR.png","type":"image\/png"}],"twitter_card":"summary_large_image","twitter_misc":{"Ber\u00e4knad l\u00e4stid":"1 minut"},"schema":{"@context":"https:\/\/schema.org","@graph":[{"@type":"WebPage","@id":"https:\/\/superseeds.dk\/vare\/secret-jardin-90x60x98-cm-dark-propagator\/","url":"https:\/\/superseeds.dk\/vare\/secret-jardin-90x60x98-cm-dark-propagator\/","name":"SECRET JARDIN - 90x60x98 cm DARK PROPAGATOR - Superseeds.dk","isPartOf":{"@id":"https:\/\/super-seeds.se\/#website"},"primaryImageOfPage":{"@id":"https:\/\/superseeds.dk\/vare\/secret-jardin-90x60x98-cm-dark-propagator\/#primaryimage"},"image":{"@id":"https:\/\/superseeds.dk\/vare\/secret-jardin-90x60x98-cm-dark-propagator\/#primaryimage"},"thumbnailUrl":"https:\/\/superseeds.dk\/wp-content\/uploads\/2026\/01\/SECRET-JARDIN-\u2013-90x60x98-cm-DARK-PROPAGATOR.png","datePublished":"2025-01-30T22:13:25+00:00","dateModified":"2026-01-06T12:32:59+00:00","breadcrumb":{"@id":"https:\/\/superseeds.dk\/vare\/secret-jardin-90x60x98-cm-dark-propagator\/#breadcrumb"},"inLanguage":"sv-SE","potentialAction":[{"@type":"ReadAction","target":["https:\/\/superseeds.dk\/vare\/secret-jardin-90x60x98-cm-dark-propagator\/"]}]},{"@type":"ImageObject","inLanguage":"sv-SE","@id":"https:\/\/superseeds.dk\/vare\/secret-jardin-90x60x98-cm-dark-propagator\/#primaryimage","url":"https:\/\/superseeds.dk\/wp-content\/uploads\/2026\/01\/SECRET-JARDIN-\u2013-90x60x98-cm-DARK-PROPAGATOR.png","contentUrl":"https:\/\/superseeds.dk\/wp-content\/uploads\/2026\/01\/SECRET-JARDIN-\u2013-90x60x98-cm-DARK-PROPAGATOR.png","width":1080,"height":1080},{"@type":"BreadcrumbList","@id":"https:\/\/superseeds.dk\/vare\/secret-jardin-90x60x98-cm-dark-propagator\/#breadcrumb","itemListElement":[{"@type":"ListItem","position":1,"name":"Hjem","item":"https:\/\/superseeds.dk\/"},{"@type":"ListItem","position":2,"name":"Shop","item":"https:\/\/superseeds.dk\/no\/butikk\/"},{"@type":"ListItem","position":3,"name":"SECRET JARDIN &#8211; 90x60x98 cm DARK PROPAGATOR"}]},{"@type":"WebSite","@id":"https:\/\/super-seeds.se\/#website","url":"https:\/\/super-seeds.se\/","name":"Superseeds.com","description":"","publisher":{"@id":"https:\/\/super-seeds.se\/#organization"},"potentialAction":[{"@type":"SearchAction","target":{"@type":"EntryPoint","urlTemplate":"https:\/\/super-seeds.se\/?s={search_term_string}"},"query-input":{"@type":"PropertyValueSpecification","valueRequired":true,"valueName":"search_term_string"}}],"inLanguage":"sv-SE"},{"@type":"Organization","@id":"https:\/\/super-seeds.se\/#organization","name":"Superseeds.com","url":"https:\/\/super-seeds.se\/","logo":{"@type":"ImageObject","inLanguage":"sv-SE","@id":"https:\/\/super-seeds.se\/#\/schema\/logo\/image\/","url":"https:\/\/superseeds.dk\/wp-content\/uploads\/2025\/09\/logo-superseeds.png","contentUrl":"https:\/\/superseeds.dk\/wp-content\/uploads\/2025\/09\/logo-superseeds.png","width":180,"height":160,"caption":"Superseeds.dk"},"image":{"@id":"https:\/\/super-seeds.se\/#\/schema\/logo\/image\/"}}]}},"df_price":895,"df_sale_price":"","df_regular_price":895,"df_image_link":"https:\/\/superseeds.dk\/wp-content\/uploads\/2026\/01\/SECRET-JARDIN-\u2013-90x60x98-cm-DARK-PROPAGATOR-1024x1024.png","_links":{"self":[{"href":"https:\/\/superseeds.dk\/se\/wp-json\/wp\/v2\/product\/58964","targetHints":{"allow":["GET"]}}],"collection":[{"href":"https:\/\/superseeds.dk\/se\/wp-json\/wp\/v2\/product"}],"about":[{"href":"https:\/\/superseeds.dk\/se\/wp-json\/wp\/v2\/types\/product"}],"wp:featuredmedia":[{"embeddable":true,"href":"https:\/\/superseeds.dk\/se\/wp-json\/wp\/v2\/media\/69235"}],"wp:attachment":[{"href":"https:\/\/superseeds.dk\/se\/wp-json\/wp\/v2\/media?parent=58964"}],"wp:term":[{"taxonomy":"product_brand","embeddable":true,"href":"https:\/\/superseeds.dk\/se\/wp-json\/wp\/v2\/product_brand?post=58964"},{"taxonomy":"product_cat","embeddable":true,"href":"https:\/\/superseeds.dk\/se\/wp-json\/wp\/v2\/product_cat?post=58964"},{"taxonomy":"product_tag","embeddable":true,"href":"https:\/\/superseeds.dk\/se\/wp-json\/wp\/v2\/product_tag?post=58964"}],"curies":[{"name":"wp","href":"https:\/\/api.w.org\/{rel}","templated":true}]}}