{"id":58952,"date":"2025-01-30T23:13:14","date_gmt":"2025-01-30T22:13:14","guid":{"rendered":"https:\/\/superseeds.dk\/vare\/growtent-hb-120-s-premium-gro-telt-120x90x180-cm-hvid\/"},"modified":"2025-01-30T23:13:18","modified_gmt":"2025-01-30T22:13:18","slug":"growtent-hb-120-s-premium-gro-telt-120x90x180-cm-hvid","status":"publish","type":"product","link":"https:\/\/superseeds.dk\/se\/produkt\/growtent-hb-120-s-premium-gro-telt-120x90x180-cm-hvid\/","title":{"rendered":"Growtent White &#8211;  Premium Grotelt (120x90x180cm)"},"content":{"rendered":"<h2>Growtent HB-120-S \u2013 Premium Gro-telt (120x90x180 cm) &#8211; Hvid<\/h2>\n<p>Det rummelige <strong>Growtent HB-120-S<\/strong> er den perfekte l\u00f8sning for dem, der s\u00f8ger et h\u00f8jkvalitets gro-telt til indend\u00f8rs dyrkning. Teltet er lavet af slidst\u00e6rkt <strong>600D beige Oxford-stof<\/strong> med en reflekterende hvid inderside, som maksimerer lysfordelingen og forbedrer v\u00e6kstbetingelserne.<\/p>\n<p>Teltet har seks ventilations\u00e5bninger (1x200mm, 3x160mm og 2x100mm), som g\u00f8r det nemt at tilslutte ventilationssystemer og opretholde optimal luftcirkulation. To mesh-luftindtag giver ekstra naturlig ventilation. Stellet best\u00e5r af robuste <strong>16 mm plastr\u00f8r<\/strong> med p\u00e5lidelige plastforbindelser, der sikrer stabilitet under hele dyrkningsprocessen.<\/p>\n<p>Der er tre oph\u00e6ngsst\u00e6nger og to oph\u00e6ngsstropper, s\u00e5 du nemt kan installere lamper, filtre og andet udstyr. To sidevinduer g\u00f8r det nemt at observere og justere dit setup uden at forstyrre milj\u00f8et for meget. <strong>SBS-lynl\u00e5se<\/strong> af h\u00f8j kvalitet s\u00f8rger for en problemfri betjening og lang holdbarhed, mens teltets gummi-logo fremh\u00e6ver dets premium kvalitet.<\/p>\n<p>Med dimensionerne 120x90x180 cm er <strong>Growtent HB-120-S<\/strong> ideelt til b\u00e5de sm\u00e5 og mellemstore indend\u00f8rs dyrkningsprojekter, hvor der er brug for p\u00e5lidelig ventilation og effektiv pladsudnyttelse.<\/p>\n<p>For en detaljeret ops\u00e6tningsproces, kan du f\u00f8lge vores <a style=\"font-weight: bold; text-decoration: underline;\" href=\"https:\/\/gro-lys.dk\/wp-content\/uploads\/2024\/10\/HB120x90x180.pdf\" target=\"_blank\" rel=\"noopener\">samlevejledning (PDF)<\/a> som indeholder en nem trin-for-trin guide.<\/p>","protected":false},"excerpt":{"rendered":"<p><strong>Growtent HB-120-S<\/strong> er et premium gro-telt fremstillet af slidst\u00e6rkt 600D beige Oxford-stof med en hvid inderside. Det har seks ventilations\u00e5bninger og to mesh-luftindtag, der sikrer effektiv ventilation. Teltet har et solidt stel med 16 mm plastr\u00f8r, to sidevinduer og tre oph\u00e6ngsst\u00e6nger. Det er udstyret med <strong>SBS-lynl\u00e5se<\/strong> og et gummi-logo, hvilket sikrer b\u00e5de kvalitet og holdbarhed.<\/p>\n<p>For en detaljeret ops\u00e6tningsproces, kan du f\u00f8lge vores <a style=\"font-weight: bold; text-decoration: underline;\" href=\"https:\/\/gro-lys.dk\/wp-content\/uploads\/2024\/10\/HB120x90x180.pdf\" target=\"_blank\" rel=\"noopener\">samlevejledning (PDF)<\/a> som indeholder en nem trin-for-trin guide.<\/p>","protected":false},"featured_media":58954,"template":"","meta":{"_acf_changed":false},"product_brand":[],"product_cat":[1982,1984,1849],"product_tag":[],"class_list":{"0":"post-58952","1":"product","2":"type-product","3":"status-publish","4":"has-post-thumbnail","6":"product_cat-growtent","7":"product_cat-hvid","8":"product_cat-telte","9":"pa_farve-hvid","11":"first","12":"instock","13":"taxable","14":"shipping-taxable","15":"purchasable","16":"product-type-simple"},"acf":[],"yoast_head":"<!-- This site is optimized with the Yoast SEO plugin v26.9 - https:\/\/yoast.com\/product\/yoast-seo-wordpress\/ -->\n<title>Growtent White - Premium Grotelt (120x90x180cm) - Superseeds.dk<\/title>\n<meta name=\"robots\" content=\"index, follow, max-snippet:-1, max-image-preview:large, max-video-preview:-1\" \/>\n<link rel=\"canonical\" href=\"https:\/\/superseeds.dk\/se\/produkt\/growtent-hb-120-s-premium-gro-telt-120x90x180-cm-hvid\/\" \/>\n<meta property=\"og:locale\" content=\"sv_SE\" \/>\n<meta property=\"og:type\" content=\"article\" \/>\n<meta property=\"og:title\" content=\"Growtent White - Premium Grotelt (120x90x180cm) - Superseeds.dk\" \/>\n<meta property=\"og:description\" content=\"Growtent HB-120-S er et premium gro-telt fremstillet af slidst\u00e6rkt 600D beige Oxford-stof med en hvid inderside. Det har seks ventilations\u00e5bninger og to mesh-luftindtag, der sikrer effektiv ventilation. Teltet har et solidt stel med 16 mm plastr\u00f8r, to sidevinduer og tre oph\u00e6ngsst\u00e6nger. Det er udstyret med SBS-lynl\u00e5se og et gummi-logo, hvilket sikrer b\u00e5de kvalitet og holdbarhed.  For en detaljeret ops\u00e6tningsproces, kan du f\u00f8lge vores samlevejledning (PDF) som indeholder en nem trin-for-trin guide.\" \/>\n<meta property=\"og:url\" content=\"https:\/\/superseeds.dk\/se\/produkt\/growtent-hb-120-s-premium-gro-telt-120x90x180-cm-hvid\/\" \/>\n<meta property=\"og:site_name\" content=\"Superseeds.dk\" \/>\n<meta property=\"article:modified_time\" content=\"2025-01-30T22:13:18+00:00\" \/>\n<meta property=\"og:image\" content=\"https:\/\/super-seeds.no\/wp-content\/uploads\/2025\/01\/HB-120-S-Tent.png\" \/>\n\t<meta property=\"og:image:width\" content=\"1080\" \/>\n\t<meta property=\"og:image:height\" content=\"1080\" \/>\n\t<meta property=\"og:image:type\" content=\"image\/png\" \/>\n<meta name=\"twitter:card\" content=\"summary_large_image\" \/>\n<meta name=\"twitter:label1\" content=\"Ber\u00e4knad l\u00e4stid\" \/>\n\t<meta name=\"twitter:data1\" content=\"1 minut\" \/>\n<script type=\"application\/ld+json\" class=\"yoast-schema-graph\">{\"@context\":\"https:\/\/schema.org\",\"@graph\":[{\"@type\":\"WebPage\",\"@id\":\"https:\/\/superseeds.dk\/vare\/growtent-hb-120-s-premium-gro-telt-120x90x180-cm-hvid\/\",\"url\":\"https:\/\/superseeds.dk\/vare\/growtent-hb-120-s-premium-gro-telt-120x90x180-cm-hvid\/\",\"name\":\"Growtent White - Premium Grotelt (120x90x180cm) - Superseeds.dk\",\"isPartOf\":{\"@id\":\"https:\/\/super-seeds.se\/#website\"},\"primaryImageOfPage\":{\"@id\":\"https:\/\/superseeds.dk\/vare\/growtent-hb-120-s-premium-gro-telt-120x90x180-cm-hvid\/#primaryimage\"},\"image\":{\"@id\":\"https:\/\/superseeds.dk\/vare\/growtent-hb-120-s-premium-gro-telt-120x90x180-cm-hvid\/#primaryimage\"},\"thumbnailUrl\":\"https:\/\/superseeds.dk\/wp-content\/uploads\/2025\/01\/HB-120-S-Tent.png\",\"datePublished\":\"2025-01-30T22:13:14+00:00\",\"dateModified\":\"2025-01-30T22:13:18+00:00\",\"breadcrumb\":{\"@id\":\"https:\/\/superseeds.dk\/vare\/growtent-hb-120-s-premium-gro-telt-120x90x180-cm-hvid\/#breadcrumb\"},\"inLanguage\":\"sv-SE\",\"potentialAction\":[{\"@type\":\"ReadAction\",\"target\":[\"https:\/\/superseeds.dk\/vare\/growtent-hb-120-s-premium-gro-telt-120x90x180-cm-hvid\/\"]}]},{\"@type\":\"ImageObject\",\"inLanguage\":\"sv-SE\",\"@id\":\"https:\/\/superseeds.dk\/vare\/growtent-hb-120-s-premium-gro-telt-120x90x180-cm-hvid\/#primaryimage\",\"url\":\"https:\/\/superseeds.dk\/wp-content\/uploads\/2025\/01\/HB-120-S-Tent.png\",\"contentUrl\":\"https:\/\/superseeds.dk\/wp-content\/uploads\/2025\/01\/HB-120-S-Tent.png\",\"width\":1080,\"height\":1080},{\"@type\":\"BreadcrumbList\",\"@id\":\"https:\/\/superseeds.dk\/vare\/growtent-hb-120-s-premium-gro-telt-120x90x180-cm-hvid\/#breadcrumb\",\"itemListElement\":[{\"@type\":\"ListItem\",\"position\":1,\"name\":\"Hjem\",\"item\":\"https:\/\/superseeds.dk\/\"},{\"@type\":\"ListItem\",\"position\":2,\"name\":\"Shop\",\"item\":\"https:\/\/superseeds.dk\/no\/butikk\/\"},{\"@type\":\"ListItem\",\"position\":3,\"name\":\"Growtent White &#8211; Premium Grotelt (120x90x180cm)\"}]},{\"@type\":\"WebSite\",\"@id\":\"https:\/\/super-seeds.se\/#website\",\"url\":\"https:\/\/super-seeds.se\/\",\"name\":\"Superseeds.dk\",\"description\":\"\",\"publisher\":{\"@id\":\"https:\/\/super-seeds.se\/#organization\"},\"potentialAction\":[{\"@type\":\"SearchAction\",\"target\":{\"@type\":\"EntryPoint\",\"urlTemplate\":\"https:\/\/super-seeds.se\/?s={search_term_string}\"},\"query-input\":{\"@type\":\"PropertyValueSpecification\",\"valueRequired\":true,\"valueName\":\"search_term_string\"}}],\"inLanguage\":\"sv-SE\"},{\"@type\":\"Organization\",\"@id\":\"https:\/\/super-seeds.se\/#organization\",\"name\":\"Superseeds.dk\",\"url\":\"https:\/\/super-seeds.se\/\",\"logo\":{\"@type\":\"ImageObject\",\"inLanguage\":\"sv-SE\",\"@id\":\"https:\/\/super-seeds.se\/#\/schema\/logo\/image\/\",\"url\":\"https:\/\/superseeds.dk\/wp-content\/uploads\/2025\/09\/logo-superseeds.png\",\"contentUrl\":\"https:\/\/superseeds.dk\/wp-content\/uploads\/2025\/09\/logo-superseeds.png\",\"width\":180,\"height\":160,\"caption\":\"Superseeds.dk\"},\"image\":{\"@id\":\"https:\/\/super-seeds.se\/#\/schema\/logo\/image\/\"}}]}<\/script>\n<!-- \/ Yoast SEO plugin. -->","yoast_head_json":{"title":"Growtent White - Premium Grotelt (120x90x180cm) - Superseeds.dk","robots":{"index":"index","follow":"follow","max-snippet":"max-snippet:-1","max-image-preview":"max-image-preview:large","max-video-preview":"max-video-preview:-1"},"canonical":"https:\/\/superseeds.dk\/se\/produkt\/growtent-hb-120-s-premium-gro-telt-120x90x180-cm-hvid\/","og_locale":"sv_SE","og_type":"article","og_title":"Growtent White - Premium Grotelt (120x90x180cm) - Superseeds.dk","og_description":"Growtent HB-120-S er et premium gro-telt fremstillet af slidst\u00e6rkt 600D beige Oxford-stof med en hvid inderside. Det har seks ventilations\u00e5bninger og to mesh-luftindtag, der sikrer effektiv ventilation. Teltet har et solidt stel med 16 mm plastr\u00f8r, to sidevinduer og tre oph\u00e6ngsst\u00e6nger. Det er udstyret med SBS-lynl\u00e5se og et gummi-logo, hvilket sikrer b\u00e5de kvalitet og holdbarhed.  For en detaljeret ops\u00e6tningsproces, kan du f\u00f8lge vores samlevejledning (PDF) som indeholder en nem trin-for-trin guide.","og_url":"https:\/\/superseeds.dk\/se\/produkt\/growtent-hb-120-s-premium-gro-telt-120x90x180-cm-hvid\/","og_site_name":"Superseeds.dk","article_modified_time":"2025-01-30T22:13:18+00:00","og_image":[{"width":1080,"height":1080,"url":"https:\/\/super-seeds.no\/wp-content\/uploads\/2025\/01\/HB-120-S-Tent.png","type":"image\/png"}],"twitter_card":"summary_large_image","twitter_misc":{"Ber\u00e4knad l\u00e4stid":"1 minut"},"schema":{"@context":"https:\/\/schema.org","@graph":[{"@type":"WebPage","@id":"https:\/\/superseeds.dk\/vare\/growtent-hb-120-s-premium-gro-telt-120x90x180-cm-hvid\/","url":"https:\/\/superseeds.dk\/vare\/growtent-hb-120-s-premium-gro-telt-120x90x180-cm-hvid\/","name":"Growtent White - Premium Grotelt (120x90x180cm) - Superseeds.dk","isPartOf":{"@id":"https:\/\/super-seeds.se\/#website"},"primaryImageOfPage":{"@id":"https:\/\/superseeds.dk\/vare\/growtent-hb-120-s-premium-gro-telt-120x90x180-cm-hvid\/#primaryimage"},"image":{"@id":"https:\/\/superseeds.dk\/vare\/growtent-hb-120-s-premium-gro-telt-120x90x180-cm-hvid\/#primaryimage"},"thumbnailUrl":"https:\/\/superseeds.dk\/wp-content\/uploads\/2025\/01\/HB-120-S-Tent.png","datePublished":"2025-01-30T22:13:14+00:00","dateModified":"2025-01-30T22:13:18+00:00","breadcrumb":{"@id":"https:\/\/superseeds.dk\/vare\/growtent-hb-120-s-premium-gro-telt-120x90x180-cm-hvid\/#breadcrumb"},"inLanguage":"sv-SE","potentialAction":[{"@type":"ReadAction","target":["https:\/\/superseeds.dk\/vare\/growtent-hb-120-s-premium-gro-telt-120x90x180-cm-hvid\/"]}]},{"@type":"ImageObject","inLanguage":"sv-SE","@id":"https:\/\/superseeds.dk\/vare\/growtent-hb-120-s-premium-gro-telt-120x90x180-cm-hvid\/#primaryimage","url":"https:\/\/superseeds.dk\/wp-content\/uploads\/2025\/01\/HB-120-S-Tent.png","contentUrl":"https:\/\/superseeds.dk\/wp-content\/uploads\/2025\/01\/HB-120-S-Tent.png","width":1080,"height":1080},{"@type":"BreadcrumbList","@id":"https:\/\/superseeds.dk\/vare\/growtent-hb-120-s-premium-gro-telt-120x90x180-cm-hvid\/#breadcrumb","itemListElement":[{"@type":"ListItem","position":1,"name":"Hjem","item":"https:\/\/superseeds.dk\/"},{"@type":"ListItem","position":2,"name":"Shop","item":"https:\/\/superseeds.dk\/no\/butikk\/"},{"@type":"ListItem","position":3,"name":"Growtent White &#8211; Premium Grotelt (120x90x180cm)"}]},{"@type":"WebSite","@id":"https:\/\/super-seeds.se\/#website","url":"https:\/\/super-seeds.se\/","name":"Superseeds.com","description":"","publisher":{"@id":"https:\/\/super-seeds.se\/#organization"},"potentialAction":[{"@type":"SearchAction","target":{"@type":"EntryPoint","urlTemplate":"https:\/\/super-seeds.se\/?s={search_term_string}"},"query-input":{"@type":"PropertyValueSpecification","valueRequired":true,"valueName":"search_term_string"}}],"inLanguage":"sv-SE"},{"@type":"Organization","@id":"https:\/\/super-seeds.se\/#organization","name":"Superseeds.com","url":"https:\/\/super-seeds.se\/","logo":{"@type":"ImageObject","inLanguage":"sv-SE","@id":"https:\/\/super-seeds.se\/#\/schema\/logo\/image\/","url":"https:\/\/superseeds.dk\/wp-content\/uploads\/2025\/09\/logo-superseeds.png","contentUrl":"https:\/\/superseeds.dk\/wp-content\/uploads\/2025\/09\/logo-superseeds.png","width":180,"height":160,"caption":"Superseeds.dk"},"image":{"@id":"https:\/\/super-seeds.se\/#\/schema\/logo\/image\/"}}]}},"df_price":1349,"df_sale_price":"","df_regular_price":1349,"df_image_link":"https:\/\/superseeds.dk\/wp-content\/uploads\/2025\/01\/HB-120-S-Tent-1024x1024.png","_links":{"self":[{"href":"https:\/\/superseeds.dk\/se\/wp-json\/wp\/v2\/product\/58952","targetHints":{"allow":["GET"]}}],"collection":[{"href":"https:\/\/superseeds.dk\/se\/wp-json\/wp\/v2\/product"}],"about":[{"href":"https:\/\/superseeds.dk\/se\/wp-json\/wp\/v2\/types\/product"}],"wp:featuredmedia":[{"embeddable":true,"href":"https:\/\/superseeds.dk\/se\/wp-json\/wp\/v2\/media\/58954"}],"wp:attachment":[{"href":"https:\/\/superseeds.dk\/se\/wp-json\/wp\/v2\/media?parent=58952"}],"wp:term":[{"taxonomy":"product_brand","embeddable":true,"href":"https:\/\/superseeds.dk\/se\/wp-json\/wp\/v2\/product_brand?post=58952"},{"taxonomy":"product_cat","embeddable":true,"href":"https:\/\/superseeds.dk\/se\/wp-json\/wp\/v2\/product_cat?post=58952"},{"taxonomy":"product_tag","embeddable":true,"href":"https:\/\/superseeds.dk\/se\/wp-json\/wp\/v2\/product_tag?post=58952"}],"curies":[{"name":"wp","href":"https:\/\/api.w.org\/{rel}","templated":true}]}}