{"id":58844,"date":"2025-01-30T23:04:47","date_gmt":"2025-01-30T22:04:47","guid":{"rendered":"https:\/\/superseeds.dk\/vare\/orkide-goedning-mist\/"},"modified":"2026-04-28T10:24:50","modified_gmt":"2026-04-28T08:24:50","slug":"orkide-goedning-mist","status":"publish","type":"product","link":"https:\/\/superseeds.dk\/se\/produkt\/orkide-goedning-mist\/","title":{"rendered":"Orkide Myst &#8211;  750ml"},"content":{"rendered":"<ul class=\"a-unordered-list a-vertical a-spacing-mini\">\n<li><span class=\"a-list-item\">Orchid Myst giver alle n\u00f8dvendige organiske og mineralske n\u00e6ringsstoffer til at st\u00f8tte og forl\u00e6nge blomstringen<\/span><\/li>\n<li><span class=\"a-list-item\">Kontinuerlig tilf\u00f8rsel af lavt niveau ern\u00e6ring ligesom i naturen<\/span><\/li>\n<li><span class=\"a-list-item\">Meget nem at bruge &#8211; kun et par spr\u00f8jt med f\u00e5 dages mellemrum<\/span><\/li>\n<li><span class=\"a-list-item\">Kompleks opl\u00f8sning indeholder n\u00e6ringsstoffer, v\u00e6kstfremmere og naturlige organiske insektmidler, der hj\u00e6lper med at holde skadedyr v\u00e6k fra planten<\/span><\/li>\n<\/ul>","protected":false},"excerpt":{"rendered":"<p>Spray g\u00f8dningen direkte p\u00e5 dine planter! nemmere bliver det ikke<\/p>\n<p>ved af g\u00f8de dine planter med spray sikre du en hurtigere og mere effektiv optagelse af n\u00e6ringsstoffer.<\/p>\n<p>du undg\u00e5r desuden en ophobning af g\u00f8dningsrester i jorden.<\/p>\n<p>&nbsp;<\/p>\n<p>&nbsp;<\/p>","protected":false},"featured_media":71792,"template":"","meta":{"_acf_changed":false},"product_brand":[],"product_cat":[1980,1836],"product_tag":[],"class_list":{"0":"post-58844","1":"product","2":"type-product","3":"status-publish","4":"has-post-thumbnail","6":"product_cat-havegoedning","7":"product_cat-plantegoedning","8":"pa_ml-100-ml","9":"pa_ml-300-ml","10":"pa_ml-750-ml","12":"first","13":"instock","14":"taxable","15":"shipping-taxable","16":"purchasable","17":"product-type-variable","18":"wvs-archive-product-wrapper"},"acf":[],"yoast_head":"<!-- This site is optimized with the Yoast SEO plugin v26.9 - https:\/\/yoast.com\/product\/yoast-seo-wordpress\/ -->\n<title>Orkide Myst - 750ml - Superseeds.dk<\/title>\n<meta name=\"robots\" content=\"index, follow, max-snippet:-1, max-image-preview:large, max-video-preview:-1\" \/>\n<link rel=\"canonical\" href=\"https:\/\/superseeds.dk\/se\/produkt\/orkide-goedning-mist\/\" \/>\n<meta property=\"og:locale\" content=\"sv_SE\" \/>\n<meta property=\"og:type\" content=\"article\" \/>\n<meta property=\"og:title\" content=\"Orkide Myst - 750ml - Superseeds.dk\" \/>\n<meta property=\"og:description\" content=\"Spray g\u00f8dningen direkte p\u00e5 dine planter! nemmere bliver det ikke  ved af g\u00f8de dine planter med spray sikre du en hurtigere og mere effektiv optagelse af n\u00e6ringsstoffer.  du undg\u00e5r desuden en ophobning af g\u00f8dningsrester i jorden.  &nbsp;  &nbsp;\" \/>\n<meta property=\"og:url\" content=\"https:\/\/superseeds.dk\/se\/produkt\/orkide-goedning-mist\/\" \/>\n<meta property=\"og:site_name\" content=\"Superseeds.dk\" \/>\n<meta property=\"article:modified_time\" content=\"2026-04-28T08:24:50+00:00\" \/>\n<meta property=\"og:image\" content=\"https:\/\/superseeds.dk\/wp-content\/uploads\/2026\/04\/Orkide-Myst.png\" \/>\n\t<meta property=\"og:image:width\" content=\"1080\" \/>\n\t<meta property=\"og:image:height\" content=\"1080\" \/>\n\t<meta property=\"og:image:type\" content=\"image\/png\" \/>\n<meta name=\"twitter:card\" content=\"summary_large_image\" \/>\n<script type=\"application\/ld+json\" class=\"yoast-schema-graph\">{\"@context\":\"https:\/\/schema.org\",\"@graph\":[{\"@type\":\"WebPage\",\"@id\":\"https:\/\/superseeds.dk\/vare\/orkide-goedning-mist\/\",\"url\":\"https:\/\/superseeds.dk\/vare\/orkide-goedning-mist\/\",\"name\":\"Orkide Myst - 750ml - Superseeds.dk\",\"isPartOf\":{\"@id\":\"https:\/\/super-seeds.se\/#website\"},\"primaryImageOfPage\":{\"@id\":\"https:\/\/superseeds.dk\/vare\/orkide-goedning-mist\/#primaryimage\"},\"image\":{\"@id\":\"https:\/\/superseeds.dk\/vare\/orkide-goedning-mist\/#primaryimage\"},\"thumbnailUrl\":\"https:\/\/superseeds.dk\/wp-content\/uploads\/2026\/04\/Orkide-Myst.png\",\"datePublished\":\"2025-01-30T22:04:47+00:00\",\"dateModified\":\"2026-04-28T08:24:50+00:00\",\"breadcrumb\":{\"@id\":\"https:\/\/superseeds.dk\/vare\/orkide-goedning-mist\/#breadcrumb\"},\"inLanguage\":\"sv-SE\",\"potentialAction\":[{\"@type\":\"ReadAction\",\"target\":[\"https:\/\/superseeds.dk\/vare\/orkide-goedning-mist\/\"]}]},{\"@type\":\"ImageObject\",\"inLanguage\":\"sv-SE\",\"@id\":\"https:\/\/superseeds.dk\/vare\/orkide-goedning-mist\/#primaryimage\",\"url\":\"https:\/\/superseeds.dk\/wp-content\/uploads\/2026\/04\/Orkide-Myst.png\",\"contentUrl\":\"https:\/\/superseeds.dk\/wp-content\/uploads\/2026\/04\/Orkide-Myst.png\",\"width\":1080,\"height\":1080},{\"@type\":\"BreadcrumbList\",\"@id\":\"https:\/\/superseeds.dk\/vare\/orkide-goedning-mist\/#breadcrumb\",\"itemListElement\":[{\"@type\":\"ListItem\",\"position\":1,\"name\":\"Hjem\",\"item\":\"https:\/\/superseeds.dk\/\"},{\"@type\":\"ListItem\",\"position\":2,\"name\":\"Shop\",\"item\":\"https:\/\/superseeds.dk\/no\/butikk\/\"},{\"@type\":\"ListItem\",\"position\":3,\"name\":\"Orkide Myst &#8211; 750ml\"}]},{\"@type\":\"WebSite\",\"@id\":\"https:\/\/super-seeds.se\/#website\",\"url\":\"https:\/\/super-seeds.se\/\",\"name\":\"Superseeds.dk\",\"description\":\"\",\"publisher\":{\"@id\":\"https:\/\/super-seeds.se\/#organization\"},\"potentialAction\":[{\"@type\":\"SearchAction\",\"target\":{\"@type\":\"EntryPoint\",\"urlTemplate\":\"https:\/\/super-seeds.se\/?s={search_term_string}\"},\"query-input\":{\"@type\":\"PropertyValueSpecification\",\"valueRequired\":true,\"valueName\":\"search_term_string\"}}],\"inLanguage\":\"sv-SE\"},{\"@type\":\"Organization\",\"@id\":\"https:\/\/super-seeds.se\/#organization\",\"name\":\"Superseeds.dk\",\"url\":\"https:\/\/super-seeds.se\/\",\"logo\":{\"@type\":\"ImageObject\",\"inLanguage\":\"sv-SE\",\"@id\":\"https:\/\/super-seeds.se\/#\/schema\/logo\/image\/\",\"url\":\"https:\/\/superseeds.dk\/wp-content\/uploads\/2025\/09\/logo-superseeds.png\",\"contentUrl\":\"https:\/\/superseeds.dk\/wp-content\/uploads\/2025\/09\/logo-superseeds.png\",\"width\":180,\"height\":160,\"caption\":\"Superseeds.dk\"},\"image\":{\"@id\":\"https:\/\/super-seeds.se\/#\/schema\/logo\/image\/\"}}]}<\/script>\n<!-- \/ Yoast SEO plugin. -->","yoast_head_json":{"title":"Orkide Myst - 750ml - Superseeds.dk","robots":{"index":"index","follow":"follow","max-snippet":"max-snippet:-1","max-image-preview":"max-image-preview:large","max-video-preview":"max-video-preview:-1"},"canonical":"https:\/\/superseeds.dk\/se\/produkt\/orkide-goedning-mist\/","og_locale":"sv_SE","og_type":"article","og_title":"Orkide Myst - 750ml - Superseeds.dk","og_description":"Spray g\u00f8dningen direkte p\u00e5 dine planter! nemmere bliver det ikke  ved af g\u00f8de dine planter med spray sikre du en hurtigere og mere effektiv optagelse af n\u00e6ringsstoffer.  du undg\u00e5r desuden en ophobning af g\u00f8dningsrester i jorden.  &nbsp;  &nbsp;","og_url":"https:\/\/superseeds.dk\/se\/produkt\/orkide-goedning-mist\/","og_site_name":"Superseeds.dk","article_modified_time":"2026-04-28T08:24:50+00:00","og_image":[{"width":1080,"height":1080,"url":"https:\/\/superseeds.dk\/wp-content\/uploads\/2026\/04\/Orkide-Myst.png","type":"image\/png"}],"twitter_card":"summary_large_image","schema":{"@context":"https:\/\/schema.org","@graph":[{"@type":"WebPage","@id":"https:\/\/superseeds.dk\/vare\/orkide-goedning-mist\/","url":"https:\/\/superseeds.dk\/vare\/orkide-goedning-mist\/","name":"Orkide Myst - 750ml - Superseeds.dk","isPartOf":{"@id":"https:\/\/super-seeds.se\/#website"},"primaryImageOfPage":{"@id":"https:\/\/superseeds.dk\/vare\/orkide-goedning-mist\/#primaryimage"},"image":{"@id":"https:\/\/superseeds.dk\/vare\/orkide-goedning-mist\/#primaryimage"},"thumbnailUrl":"https:\/\/superseeds.dk\/wp-content\/uploads\/2026\/04\/Orkide-Myst.png","datePublished":"2025-01-30T22:04:47+00:00","dateModified":"2026-04-28T08:24:50+00:00","breadcrumb":{"@id":"https:\/\/superseeds.dk\/vare\/orkide-goedning-mist\/#breadcrumb"},"inLanguage":"sv-SE","potentialAction":[{"@type":"ReadAction","target":["https:\/\/superseeds.dk\/vare\/orkide-goedning-mist\/"]}]},{"@type":"ImageObject","inLanguage":"sv-SE","@id":"https:\/\/superseeds.dk\/vare\/orkide-goedning-mist\/#primaryimage","url":"https:\/\/superseeds.dk\/wp-content\/uploads\/2026\/04\/Orkide-Myst.png","contentUrl":"https:\/\/superseeds.dk\/wp-content\/uploads\/2026\/04\/Orkide-Myst.png","width":1080,"height":1080},{"@type":"BreadcrumbList","@id":"https:\/\/superseeds.dk\/vare\/orkide-goedning-mist\/#breadcrumb","itemListElement":[{"@type":"ListItem","position":1,"name":"Hjem","item":"https:\/\/superseeds.dk\/"},{"@type":"ListItem","position":2,"name":"Shop","item":"https:\/\/superseeds.dk\/no\/butikk\/"},{"@type":"ListItem","position":3,"name":"Orkide Myst &#8211; 750ml"}]},{"@type":"WebSite","@id":"https:\/\/super-seeds.se\/#website","url":"https:\/\/super-seeds.se\/","name":"Superseeds.com","description":"","publisher":{"@id":"https:\/\/super-seeds.se\/#organization"},"potentialAction":[{"@type":"SearchAction","target":{"@type":"EntryPoint","urlTemplate":"https:\/\/super-seeds.se\/?s={search_term_string}"},"query-input":{"@type":"PropertyValueSpecification","valueRequired":true,"valueName":"search_term_string"}}],"inLanguage":"sv-SE"},{"@type":"Organization","@id":"https:\/\/super-seeds.se\/#organization","name":"Superseeds.com","url":"https:\/\/super-seeds.se\/","logo":{"@type":"ImageObject","inLanguage":"sv-SE","@id":"https:\/\/super-seeds.se\/#\/schema\/logo\/image\/","url":"https:\/\/superseeds.dk\/wp-content\/uploads\/2025\/09\/logo-superseeds.png","contentUrl":"https:\/\/superseeds.dk\/wp-content\/uploads\/2025\/09\/logo-superseeds.png","width":180,"height":160,"caption":"Superseeds.dk"},"image":{"@id":"https:\/\/super-seeds.se\/#\/schema\/logo\/image\/"}}]}},"df_price":85,"df_sale_price":"","df_regular_price":85,"df_image_link":"https:\/\/superseeds.dk\/wp-content\/uploads\/2026\/04\/Orkide-Myst-1024x1024.png","_links":{"self":[{"href":"https:\/\/superseeds.dk\/se\/wp-json\/wp\/v2\/product\/58844","targetHints":{"allow":["GET"]}}],"collection":[{"href":"https:\/\/superseeds.dk\/se\/wp-json\/wp\/v2\/product"}],"about":[{"href":"https:\/\/superseeds.dk\/se\/wp-json\/wp\/v2\/types\/product"}],"wp:featuredmedia":[{"embeddable":true,"href":"https:\/\/superseeds.dk\/se\/wp-json\/wp\/v2\/media\/71792"}],"wp:attachment":[{"href":"https:\/\/superseeds.dk\/se\/wp-json\/wp\/v2\/media?parent=58844"}],"wp:term":[{"taxonomy":"product_brand","embeddable":true,"href":"https:\/\/superseeds.dk\/se\/wp-json\/wp\/v2\/product_brand?post=58844"},{"taxonomy":"product_cat","embeddable":true,"href":"https:\/\/superseeds.dk\/se\/wp-json\/wp\/v2\/product_cat?post=58844"},{"taxonomy":"product_tag","embeddable":true,"href":"https:\/\/superseeds.dk\/se\/wp-json\/wp\/v2\/product_tag?post=58844"}],"curies":[{"name":"wp","href":"https:\/\/api.w.org\/{rel}","templated":true}]}}