{"id":58629,"date":"2025-01-30T23:02:50","date_gmt":"2025-01-30T22:02:50","guid":{"rendered":"https:\/\/superseeds.dk\/vare\/starter-kit-advanced-nutrients\/"},"modified":"2025-01-30T23:02:52","modified_gmt":"2025-01-30T22:02:52","slug":"starter-kit-advanced-nutrients","status":"publish","type":"product","link":"https:\/\/superseeds.dk\/se\/produkt\/starter-kit-advanced-nutrients\/","title":{"rendered":"Starter Kit &#8211; Advanced Nutrients"},"content":{"rendered":"<p>Kittet indholder:<\/p>\n<p>Sensi Grow A+B<br \/>\nSensi Bloom A+B<br \/>\nBud Candy<br \/>\nBig Bud<br \/>\nOverdrive<br \/>\nVoodoo Juice<br \/>\nB-52<br \/>\nM\u00e5leb\u00e6ger<br \/>\nHandsker<br \/>\nTrichome forst\u00f8rrelsesglas<br \/>\nPippet<br \/>\nKlisterm\u00e6rker<br \/>\nG\u00f8dningsskema<\/p>","protected":false},"excerpt":{"rendered":"<p>Kittet indholder: Sensi Grow A+B Sensi Bloom A+B Bud Candy Big Bud Overdrive Voodoo Juice B-52 M\u00e5leb\u00e6ger Handsker Trichome forst\u00f8rrelsesglas Pippet Klisterm\u00e6rker G\u00f8dningsskema<\/p>","protected":false},"featured_media":58630,"template":"","meta":{"_acf_changed":false},"product_brand":[],"product_cat":[1867,1836],"product_tag":[],"class_list":{"0":"post-58629","1":"product","2":"type-product","3":"status-publish","4":"has-post-thumbnail","6":"product_cat-advanced-nutrients","7":"product_cat-plantegoedning","9":"first","10":"onbackorder","11":"taxable","12":"shipping-taxable","13":"purchasable","14":"product-type-simple"},"acf":[],"yoast_head":"<!-- This site is optimized with the Yoast SEO plugin v26.9 - https:\/\/yoast.com\/product\/yoast-seo-wordpress\/ -->\n<title>Starter Kit - Advanced Nutrients - Superseeds.dk<\/title>\n<meta name=\"robots\" content=\"index, follow, max-snippet:-1, max-image-preview:large, max-video-preview:-1\" \/>\n<link rel=\"canonical\" href=\"https:\/\/superseeds.dk\/se\/produkt\/starter-kit-advanced-nutrients\/\" \/>\n<meta property=\"og:locale\" content=\"sv_SE\" \/>\n<meta property=\"og:type\" content=\"article\" \/>\n<meta property=\"og:title\" content=\"Starter Kit - Advanced Nutrients - Superseeds.dk\" \/>\n<meta property=\"og:description\" content=\"Kittet indholder: Sensi Grow A+B Sensi Bloom A+B Bud Candy Big Bud Overdrive Voodoo Juice B-52 M\u00e5leb\u00e6ger Handsker Trichome forst\u00f8rrelsesglas Pippet Klisterm\u00e6rker G\u00f8dningsskema\" \/>\n<meta property=\"og:url\" content=\"https:\/\/superseeds.dk\/se\/produkt\/starter-kit-advanced-nutrients\/\" \/>\n<meta property=\"og:site_name\" content=\"Superseeds.dk\" \/>\n<meta property=\"article:modified_time\" content=\"2025-01-30T22:02:52+00:00\" \/>\n<meta property=\"og:image\" content=\"https:\/\/super-seeds.no\/wp-content\/uploads\/2025\/01\/Starter-Kit-\u2013-Advanced-Nutrients.png\" \/>\n\t<meta property=\"og:image:width\" content=\"1080\" \/>\n\t<meta property=\"og:image:height\" content=\"1080\" \/>\n\t<meta property=\"og:image:type\" content=\"image\/png\" \/>\n<meta name=\"twitter:card\" content=\"summary_large_image\" \/>\n<script type=\"application\/ld+json\" class=\"yoast-schema-graph\">{\"@context\":\"https:\/\/schema.org\",\"@graph\":[{\"@type\":\"WebPage\",\"@id\":\"https:\/\/superseeds.dk\/vare\/starter-kit-advanced-nutrients\/\",\"url\":\"https:\/\/superseeds.dk\/vare\/starter-kit-advanced-nutrients\/\",\"name\":\"Starter Kit - Advanced Nutrients - Superseeds.dk\",\"isPartOf\":{\"@id\":\"https:\/\/super-seeds.se\/#website\"},\"primaryImageOfPage\":{\"@id\":\"https:\/\/superseeds.dk\/vare\/starter-kit-advanced-nutrients\/#primaryimage\"},\"image\":{\"@id\":\"https:\/\/superseeds.dk\/vare\/starter-kit-advanced-nutrients\/#primaryimage\"},\"thumbnailUrl\":\"https:\/\/superseeds.dk\/wp-content\/uploads\/2025\/01\/Starter-Kit-\u2013-Advanced-Nutrients.png\",\"datePublished\":\"2025-01-30T22:02:50+00:00\",\"dateModified\":\"2025-01-30T22:02:52+00:00\",\"breadcrumb\":{\"@id\":\"https:\/\/superseeds.dk\/vare\/starter-kit-advanced-nutrients\/#breadcrumb\"},\"inLanguage\":\"sv-SE\",\"potentialAction\":[{\"@type\":\"ReadAction\",\"target\":[\"https:\/\/superseeds.dk\/vare\/starter-kit-advanced-nutrients\/\"]}]},{\"@type\":\"ImageObject\",\"inLanguage\":\"sv-SE\",\"@id\":\"https:\/\/superseeds.dk\/vare\/starter-kit-advanced-nutrients\/#primaryimage\",\"url\":\"https:\/\/superseeds.dk\/wp-content\/uploads\/2025\/01\/Starter-Kit-\u2013-Advanced-Nutrients.png\",\"contentUrl\":\"https:\/\/superseeds.dk\/wp-content\/uploads\/2025\/01\/Starter-Kit-\u2013-Advanced-Nutrients.png\",\"width\":1080,\"height\":1080},{\"@type\":\"BreadcrumbList\",\"@id\":\"https:\/\/superseeds.dk\/vare\/starter-kit-advanced-nutrients\/#breadcrumb\",\"itemListElement\":[{\"@type\":\"ListItem\",\"position\":1,\"name\":\"Hjem\",\"item\":\"https:\/\/superseeds.dk\/\"},{\"@type\":\"ListItem\",\"position\":2,\"name\":\"Shop\",\"item\":\"https:\/\/superseeds.dk\/no\/butikk\/\"},{\"@type\":\"ListItem\",\"position\":3,\"name\":\"Starter Kit &#8211; Advanced Nutrients\"}]},{\"@type\":\"WebSite\",\"@id\":\"https:\/\/super-seeds.se\/#website\",\"url\":\"https:\/\/super-seeds.se\/\",\"name\":\"Superseeds.dk\",\"description\":\"\",\"publisher\":{\"@id\":\"https:\/\/super-seeds.se\/#organization\"},\"potentialAction\":[{\"@type\":\"SearchAction\",\"target\":{\"@type\":\"EntryPoint\",\"urlTemplate\":\"https:\/\/super-seeds.se\/?s={search_term_string}\"},\"query-input\":{\"@type\":\"PropertyValueSpecification\",\"valueRequired\":true,\"valueName\":\"search_term_string\"}}],\"inLanguage\":\"sv-SE\"},{\"@type\":\"Organization\",\"@id\":\"https:\/\/super-seeds.se\/#organization\",\"name\":\"Superseeds.dk\",\"url\":\"https:\/\/super-seeds.se\/\",\"logo\":{\"@type\":\"ImageObject\",\"inLanguage\":\"sv-SE\",\"@id\":\"https:\/\/super-seeds.se\/#\/schema\/logo\/image\/\",\"url\":\"https:\/\/superseeds.dk\/wp-content\/uploads\/2025\/09\/logo-superseeds.png\",\"contentUrl\":\"https:\/\/superseeds.dk\/wp-content\/uploads\/2025\/09\/logo-superseeds.png\",\"width\":180,\"height\":160,\"caption\":\"Superseeds.dk\"},\"image\":{\"@id\":\"https:\/\/super-seeds.se\/#\/schema\/logo\/image\/\"}}]}<\/script>\n<!-- \/ Yoast SEO plugin. -->","yoast_head_json":{"title":"Starter Kit - Advanced Nutrients - Superseeds.dk","robots":{"index":"index","follow":"follow","max-snippet":"max-snippet:-1","max-image-preview":"max-image-preview:large","max-video-preview":"max-video-preview:-1"},"canonical":"https:\/\/superseeds.dk\/se\/produkt\/starter-kit-advanced-nutrients\/","og_locale":"sv_SE","og_type":"article","og_title":"Starter Kit - Advanced Nutrients - Superseeds.dk","og_description":"Kittet indholder: Sensi Grow A+B Sensi Bloom A+B Bud Candy Big Bud Overdrive Voodoo Juice B-52 M\u00e5leb\u00e6ger Handsker Trichome forst\u00f8rrelsesglas Pippet Klisterm\u00e6rker G\u00f8dningsskema","og_url":"https:\/\/superseeds.dk\/se\/produkt\/starter-kit-advanced-nutrients\/","og_site_name":"Superseeds.dk","article_modified_time":"2025-01-30T22:02:52+00:00","og_image":[{"width":1080,"height":1080,"url":"https:\/\/super-seeds.no\/wp-content\/uploads\/2025\/01\/Starter-Kit-\u2013-Advanced-Nutrients.png","type":"image\/png"}],"twitter_card":"summary_large_image","schema":{"@context":"https:\/\/schema.org","@graph":[{"@type":"WebPage","@id":"https:\/\/superseeds.dk\/vare\/starter-kit-advanced-nutrients\/","url":"https:\/\/superseeds.dk\/vare\/starter-kit-advanced-nutrients\/","name":"Starter Kit - Advanced Nutrients - Superseeds.dk","isPartOf":{"@id":"https:\/\/super-seeds.se\/#website"},"primaryImageOfPage":{"@id":"https:\/\/superseeds.dk\/vare\/starter-kit-advanced-nutrients\/#primaryimage"},"image":{"@id":"https:\/\/superseeds.dk\/vare\/starter-kit-advanced-nutrients\/#primaryimage"},"thumbnailUrl":"https:\/\/superseeds.dk\/wp-content\/uploads\/2025\/01\/Starter-Kit-\u2013-Advanced-Nutrients.png","datePublished":"2025-01-30T22:02:50+00:00","dateModified":"2025-01-30T22:02:52+00:00","breadcrumb":{"@id":"https:\/\/superseeds.dk\/vare\/starter-kit-advanced-nutrients\/#breadcrumb"},"inLanguage":"sv-SE","potentialAction":[{"@type":"ReadAction","target":["https:\/\/superseeds.dk\/vare\/starter-kit-advanced-nutrients\/"]}]},{"@type":"ImageObject","inLanguage":"sv-SE","@id":"https:\/\/superseeds.dk\/vare\/starter-kit-advanced-nutrients\/#primaryimage","url":"https:\/\/superseeds.dk\/wp-content\/uploads\/2025\/01\/Starter-Kit-\u2013-Advanced-Nutrients.png","contentUrl":"https:\/\/superseeds.dk\/wp-content\/uploads\/2025\/01\/Starter-Kit-\u2013-Advanced-Nutrients.png","width":1080,"height":1080},{"@type":"BreadcrumbList","@id":"https:\/\/superseeds.dk\/vare\/starter-kit-advanced-nutrients\/#breadcrumb","itemListElement":[{"@type":"ListItem","position":1,"name":"Hjem","item":"https:\/\/superseeds.dk\/"},{"@type":"ListItem","position":2,"name":"Shop","item":"https:\/\/superseeds.dk\/no\/butikk\/"},{"@type":"ListItem","position":3,"name":"Starter Kit &#8211; Advanced Nutrients"}]},{"@type":"WebSite","@id":"https:\/\/super-seeds.se\/#website","url":"https:\/\/super-seeds.se\/","name":"Superseeds.com","description":"","publisher":{"@id":"https:\/\/super-seeds.se\/#organization"},"potentialAction":[{"@type":"SearchAction","target":{"@type":"EntryPoint","urlTemplate":"https:\/\/super-seeds.se\/?s={search_term_string}"},"query-input":{"@type":"PropertyValueSpecification","valueRequired":true,"valueName":"search_term_string"}}],"inLanguage":"sv-SE"},{"@type":"Organization","@id":"https:\/\/super-seeds.se\/#organization","name":"Superseeds.com","url":"https:\/\/super-seeds.se\/","logo":{"@type":"ImageObject","inLanguage":"sv-SE","@id":"https:\/\/super-seeds.se\/#\/schema\/logo\/image\/","url":"https:\/\/superseeds.dk\/wp-content\/uploads\/2025\/09\/logo-superseeds.png","contentUrl":"https:\/\/superseeds.dk\/wp-content\/uploads\/2025\/09\/logo-superseeds.png","width":180,"height":160,"caption":"Superseeds.dk"},"image":{"@id":"https:\/\/super-seeds.se\/#\/schema\/logo\/image\/"}}]}},"df_price":995,"df_sale_price":"","df_regular_price":995,"df_image_link":"https:\/\/superseeds.dk\/wp-content\/uploads\/2025\/01\/Starter-Kit-\u2013-Advanced-Nutrients-1024x1024.png","_links":{"self":[{"href":"https:\/\/superseeds.dk\/se\/wp-json\/wp\/v2\/product\/58629","targetHints":{"allow":["GET"]}}],"collection":[{"href":"https:\/\/superseeds.dk\/se\/wp-json\/wp\/v2\/product"}],"about":[{"href":"https:\/\/superseeds.dk\/se\/wp-json\/wp\/v2\/types\/product"}],"wp:featuredmedia":[{"embeddable":true,"href":"https:\/\/superseeds.dk\/se\/wp-json\/wp\/v2\/media\/58630"}],"wp:attachment":[{"href":"https:\/\/superseeds.dk\/se\/wp-json\/wp\/v2\/media?parent=58629"}],"wp:term":[{"taxonomy":"product_brand","embeddable":true,"href":"https:\/\/superseeds.dk\/se\/wp-json\/wp\/v2\/product_brand?post=58629"},{"taxonomy":"product_cat","embeddable":true,"href":"https:\/\/superseeds.dk\/se\/wp-json\/wp\/v2\/product_cat?post=58629"},{"taxonomy":"product_tag","embeddable":true,"href":"https:\/\/superseeds.dk\/se\/wp-json\/wp\/v2\/product_tag?post=58629"}],"curies":[{"name":"wp","href":"https:\/\/api.w.org\/{rel}","templated":true}]}}