{"id":58574,"date":"2025-01-30T23:01:59","date_gmt":"2025-01-30T22:01:59","guid":{"rendered":"https:\/\/superseeds.dk\/vare\/palm-focus-1l\/"},"modified":"2025-01-30T23:02:01","modified_gmt":"2025-01-30T22:02:01","slug":"palm-focus-1l","status":"publish","type":"product","link":"https:\/\/superseeds.dk\/se\/produkt\/palm-focus-1l\/","title":{"rendered":"Palm Focus 1L"},"content":{"rendered":"<p>&#8220;Palm Focus&#8221; fra Growth Technology er en n\u00f8je afbalanceret g\u00f8dning, der er specielt designet til at opfylde behovene for palmer og cycader, is\u00e6r dem, der vokser i containere. Denne g\u00f8dning sikrer sunde og kraftige palmer og cycader og underst\u00f8tter deres langsigtede levedygtighed. Det er et vitalt produkt for dem, der \u00f8nsker at sikre optimal v\u00e6kst og sundhed for deres palmeplanter, is\u00e6r i et indend\u00f8rsmilj\u00f8.<\/p>\n<p>Ved regelm\u00e6ssig brug i v\u00e6ksts\u00e6sonen sikrer &#8220;Palm Focus&#8221; en maksimering af v\u00e6kstraterne, hvilket er afg\u00f8rende for disse gamle planters sundhed og udvikling. Dets sammens\u00e6tning er specifikt tilpasset til at underst\u00f8tte den unikke biologi hos palmer og cycader, som kr\u00e6ver en s\u00e6rlig ern\u00e6ringsprofil for at trives.<\/p>\n<p>&#8220;Palm Focus&#8221; er beriget med organiske plantesyrer og rene koncentrater af tang. Disse ingredienser bidrager til en rig og afbalanceret ern\u00e6ring, der er n\u00f8dvendig for palmer og cycader. Denne tilgang til g\u00f8dning sikrer, at dine palmer f\u00e5r den optimale kombination af n\u00e6ringsstoffer, som er afg\u00f8rende for deres v\u00e6kst og sundhed.<\/p>","protected":false},"excerpt":{"rendered":"<p>&#8220;Palm Focus&#8221; fra Growth Technology er en afbalanceret g\u00f8dning specielt designet til palmer og cycader. Den underst\u00f8tter sund v\u00e6kst og langvarig levedygtighed og er ideel til planter i containere.<\/p>","protected":false},"featured_media":58575,"template":"","meta":{"_acf_changed":false},"product_brand":[],"product_cat":[1980,1836],"product_tag":[],"class_list":{"0":"post-58574","1":"product","2":"type-product","3":"status-publish","4":"has-post-thumbnail","6":"product_cat-havegoedning","7":"product_cat-plantegoedning","9":"first","10":"instock","11":"taxable","12":"shipping-taxable","13":"purchasable","14":"product-type-simple"},"acf":[],"yoast_head":"<!-- This site is optimized with the Yoast SEO plugin v26.9 - https:\/\/yoast.com\/product\/yoast-seo-wordpress\/ -->\n<title>Palm Focus 1L - Superseeds.dk<\/title>\n<meta name=\"robots\" content=\"index, follow, max-snippet:-1, max-image-preview:large, max-video-preview:-1\" \/>\n<link rel=\"canonical\" href=\"https:\/\/superseeds.dk\/se\/produkt\/palm-focus-1l\/\" \/>\n<meta property=\"og:locale\" content=\"sv_SE\" \/>\n<meta property=\"og:type\" content=\"article\" \/>\n<meta property=\"og:title\" content=\"Palm Focus 1L - Superseeds.dk\" \/>\n<meta property=\"og:description\" content=\"&quot;Palm Focus&quot; fra Growth Technology er en afbalanceret g\u00f8dning specielt designet til palmer og cycader. Den underst\u00f8tter sund v\u00e6kst og langvarig levedygtighed og er ideel til planter i containere.\" \/>\n<meta property=\"og:url\" content=\"https:\/\/superseeds.dk\/se\/produkt\/palm-focus-1l\/\" \/>\n<meta property=\"og:site_name\" content=\"Superseeds.dk\" \/>\n<meta property=\"article:modified_time\" content=\"2025-01-30T22:02:01+00:00\" \/>\n<meta property=\"og:image\" content=\"https:\/\/superseeds.dk\/wp-content\/uploads\/2025\/01\/Palm-Focus-1L.png\" \/>\n\t<meta property=\"og:image:width\" content=\"1080\" \/>\n\t<meta property=\"og:image:height\" content=\"1080\" \/>\n\t<meta property=\"og:image:type\" content=\"image\/png\" \/>\n<meta name=\"twitter:card\" content=\"summary_large_image\" \/>\n<meta name=\"twitter:label1\" content=\"Ber\u00e4knad l\u00e4stid\" \/>\n\t<meta name=\"twitter:data1\" content=\"1 minut\" \/>\n<script type=\"application\/ld+json\" class=\"yoast-schema-graph\">{\"@context\":\"https:\/\/schema.org\",\"@graph\":[{\"@type\":\"WebPage\",\"@id\":\"https:\/\/superseeds.dk\/vare\/palm-focus-1l\/\",\"url\":\"https:\/\/superseeds.dk\/vare\/palm-focus-1l\/\",\"name\":\"Palm Focus 1L - Superseeds.dk\",\"isPartOf\":{\"@id\":\"https:\/\/super-seeds.se\/#website\"},\"primaryImageOfPage\":{\"@id\":\"https:\/\/superseeds.dk\/vare\/palm-focus-1l\/#primaryimage\"},\"image\":{\"@id\":\"https:\/\/superseeds.dk\/vare\/palm-focus-1l\/#primaryimage\"},\"thumbnailUrl\":\"https:\/\/superseeds.dk\/wp-content\/uploads\/2025\/01\/Palm-Focus-1L.png\",\"datePublished\":\"2025-01-30T22:01:59+00:00\",\"dateModified\":\"2025-01-30T22:02:01+00:00\",\"breadcrumb\":{\"@id\":\"https:\/\/superseeds.dk\/vare\/palm-focus-1l\/#breadcrumb\"},\"inLanguage\":\"sv-SE\",\"potentialAction\":[{\"@type\":\"ReadAction\",\"target\":[\"https:\/\/superseeds.dk\/vare\/palm-focus-1l\/\"]}]},{\"@type\":\"ImageObject\",\"inLanguage\":\"sv-SE\",\"@id\":\"https:\/\/superseeds.dk\/vare\/palm-focus-1l\/#primaryimage\",\"url\":\"https:\/\/superseeds.dk\/wp-content\/uploads\/2025\/01\/Palm-Focus-1L.png\",\"contentUrl\":\"https:\/\/superseeds.dk\/wp-content\/uploads\/2025\/01\/Palm-Focus-1L.png\",\"width\":1080,\"height\":1080},{\"@type\":\"BreadcrumbList\",\"@id\":\"https:\/\/superseeds.dk\/vare\/palm-focus-1l\/#breadcrumb\",\"itemListElement\":[{\"@type\":\"ListItem\",\"position\":1,\"name\":\"Hjem\",\"item\":\"https:\/\/superseeds.dk\/\"},{\"@type\":\"ListItem\",\"position\":2,\"name\":\"Shop\",\"item\":\"https:\/\/superseeds.dk\/no\/butikk\/\"},{\"@type\":\"ListItem\",\"position\":3,\"name\":\"Palm Focus 1L\"}]},{\"@type\":\"WebSite\",\"@id\":\"https:\/\/super-seeds.se\/#website\",\"url\":\"https:\/\/super-seeds.se\/\",\"name\":\"Superseeds.dk\",\"description\":\"\",\"publisher\":{\"@id\":\"https:\/\/super-seeds.se\/#organization\"},\"potentialAction\":[{\"@type\":\"SearchAction\",\"target\":{\"@type\":\"EntryPoint\",\"urlTemplate\":\"https:\/\/super-seeds.se\/?s={search_term_string}\"},\"query-input\":{\"@type\":\"PropertyValueSpecification\",\"valueRequired\":true,\"valueName\":\"search_term_string\"}}],\"inLanguage\":\"sv-SE\"},{\"@type\":\"Organization\",\"@id\":\"https:\/\/super-seeds.se\/#organization\",\"name\":\"Superseeds.dk\",\"url\":\"https:\/\/super-seeds.se\/\",\"logo\":{\"@type\":\"ImageObject\",\"inLanguage\":\"sv-SE\",\"@id\":\"https:\/\/super-seeds.se\/#\/schema\/logo\/image\/\",\"url\":\"https:\/\/superseeds.dk\/wp-content\/uploads\/2025\/09\/logo-superseeds.png\",\"contentUrl\":\"https:\/\/superseeds.dk\/wp-content\/uploads\/2025\/09\/logo-superseeds.png\",\"width\":180,\"height\":160,\"caption\":\"Superseeds.dk\"},\"image\":{\"@id\":\"https:\/\/super-seeds.se\/#\/schema\/logo\/image\/\"}}]}<\/script>\n<!-- \/ Yoast SEO plugin. -->","yoast_head_json":{"title":"Palm Focus 1L - Superseeds.dk","robots":{"index":"index","follow":"follow","max-snippet":"max-snippet:-1","max-image-preview":"max-image-preview:large","max-video-preview":"max-video-preview:-1"},"canonical":"https:\/\/superseeds.dk\/se\/produkt\/palm-focus-1l\/","og_locale":"sv_SE","og_type":"article","og_title":"Palm Focus 1L - Superseeds.dk","og_description":"\"Palm Focus\" fra Growth Technology er en afbalanceret g\u00f8dning specielt designet til palmer og cycader. Den underst\u00f8tter sund v\u00e6kst og langvarig levedygtighed og er ideel til planter i containere.","og_url":"https:\/\/superseeds.dk\/se\/produkt\/palm-focus-1l\/","og_site_name":"Superseeds.dk","article_modified_time":"2025-01-30T22:02:01+00:00","og_image":[{"width":1080,"height":1080,"url":"https:\/\/superseeds.dk\/wp-content\/uploads\/2025\/01\/Palm-Focus-1L.png","type":"image\/png"}],"twitter_card":"summary_large_image","twitter_misc":{"Ber\u00e4knad l\u00e4stid":"1 minut"},"schema":{"@context":"https:\/\/schema.org","@graph":[{"@type":"WebPage","@id":"https:\/\/superseeds.dk\/vare\/palm-focus-1l\/","url":"https:\/\/superseeds.dk\/vare\/palm-focus-1l\/","name":"Palm Focus 1L - Superseeds.dk","isPartOf":{"@id":"https:\/\/super-seeds.se\/#website"},"primaryImageOfPage":{"@id":"https:\/\/superseeds.dk\/vare\/palm-focus-1l\/#primaryimage"},"image":{"@id":"https:\/\/superseeds.dk\/vare\/palm-focus-1l\/#primaryimage"},"thumbnailUrl":"https:\/\/superseeds.dk\/wp-content\/uploads\/2025\/01\/Palm-Focus-1L.png","datePublished":"2025-01-30T22:01:59+00:00","dateModified":"2025-01-30T22:02:01+00:00","breadcrumb":{"@id":"https:\/\/superseeds.dk\/vare\/palm-focus-1l\/#breadcrumb"},"inLanguage":"sv-SE","potentialAction":[{"@type":"ReadAction","target":["https:\/\/superseeds.dk\/vare\/palm-focus-1l\/"]}]},{"@type":"ImageObject","inLanguage":"sv-SE","@id":"https:\/\/superseeds.dk\/vare\/palm-focus-1l\/#primaryimage","url":"https:\/\/superseeds.dk\/wp-content\/uploads\/2025\/01\/Palm-Focus-1L.png","contentUrl":"https:\/\/superseeds.dk\/wp-content\/uploads\/2025\/01\/Palm-Focus-1L.png","width":1080,"height":1080},{"@type":"BreadcrumbList","@id":"https:\/\/superseeds.dk\/vare\/palm-focus-1l\/#breadcrumb","itemListElement":[{"@type":"ListItem","position":1,"name":"Hjem","item":"https:\/\/superseeds.dk\/"},{"@type":"ListItem","position":2,"name":"Shop","item":"https:\/\/superseeds.dk\/no\/butikk\/"},{"@type":"ListItem","position":3,"name":"Palm Focus 1L"}]},{"@type":"WebSite","@id":"https:\/\/super-seeds.se\/#website","url":"https:\/\/super-seeds.se\/","name":"Superseeds.com","description":"","publisher":{"@id":"https:\/\/super-seeds.se\/#organization"},"potentialAction":[{"@type":"SearchAction","target":{"@type":"EntryPoint","urlTemplate":"https:\/\/super-seeds.se\/?s={search_term_string}"},"query-input":{"@type":"PropertyValueSpecification","valueRequired":true,"valueName":"search_term_string"}}],"inLanguage":"sv-SE"},{"@type":"Organization","@id":"https:\/\/super-seeds.se\/#organization","name":"Superseeds.com","url":"https:\/\/super-seeds.se\/","logo":{"@type":"ImageObject","inLanguage":"sv-SE","@id":"https:\/\/super-seeds.se\/#\/schema\/logo\/image\/","url":"https:\/\/superseeds.dk\/wp-content\/uploads\/2025\/09\/logo-superseeds.png","contentUrl":"https:\/\/superseeds.dk\/wp-content\/uploads\/2025\/09\/logo-superseeds.png","width":180,"height":160,"caption":"Superseeds.dk"},"image":{"@id":"https:\/\/super-seeds.se\/#\/schema\/logo\/image\/"}}]}},"df_price":79.95,"df_sale_price":"","df_regular_price":79.95,"df_image_link":"https:\/\/superseeds.dk\/wp-content\/uploads\/2025\/01\/Palm-Focus-1L-1024x1024.png","_links":{"self":[{"href":"https:\/\/superseeds.dk\/se\/wp-json\/wp\/v2\/product\/58574","targetHints":{"allow":["GET"]}}],"collection":[{"href":"https:\/\/superseeds.dk\/se\/wp-json\/wp\/v2\/product"}],"about":[{"href":"https:\/\/superseeds.dk\/se\/wp-json\/wp\/v2\/types\/product"}],"wp:featuredmedia":[{"embeddable":true,"href":"https:\/\/superseeds.dk\/se\/wp-json\/wp\/v2\/media\/58575"}],"wp:attachment":[{"href":"https:\/\/superseeds.dk\/se\/wp-json\/wp\/v2\/media?parent=58574"}],"wp:term":[{"taxonomy":"product_brand","embeddable":true,"href":"https:\/\/superseeds.dk\/se\/wp-json\/wp\/v2\/product_brand?post=58574"},{"taxonomy":"product_cat","embeddable":true,"href":"https:\/\/superseeds.dk\/se\/wp-json\/wp\/v2\/product_cat?post=58574"},{"taxonomy":"product_tag","embeddable":true,"href":"https:\/\/superseeds.dk\/se\/wp-json\/wp\/v2\/product_tag?post=58574"}],"curies":[{"name":"wp","href":"https:\/\/api.w.org\/{rel}","templated":true}]}}