{"id":58307,"date":"2025-01-30T22:56:56","date_gmt":"2025-01-30T21:56:56","guid":{"rendered":"https:\/\/superseeds.dk\/vare\/lumen-king-master-controller\/"},"modified":"2025-01-30T22:57:01","modified_gmt":"2025-01-30T21:57:01","slug":"lumen-king-master-controller","status":"publish","type":"product","link":"https:\/\/superseeds.dk\/se\/produkt\/lumen-king-master-controller\/","title":{"rendered":"Lumen King Master Controller"},"content":{"rendered":"<p>Mastercontroller f\u00e5s til drift af to lysgrupper i et v\u00e6kstrum. Output 0-11,5V justerbar DC-sp\u00e6nding til styring af belastningsudgangseffekt eller til at t\u00e6nde og slukke for belastningen. Regulatoren k\u00f8rer p\u00e5 en 24-timers cyklus.<\/p>\n<p>Derudover kan controlleren simulere en solopgang og solnedgang cyklus p\u00e5 10-60 minutter. Hver af kanalerne i de to lysgrupper har en overophedningsbeskyttelse til rummet, som kan justeres efter behov. Du kan bruge LCD-touchsk\u00e6rmen til nemt at se og \u00e6ndre de aktuelle indstillinger for hver kanal. Derudover er controlleren bev\u00e6gelig og nem at installere og betjene.<\/p>\n<p>SPECIFIKATIONER:<\/p>\n<p>Justerbare sp\u00e6ndingsudgange: 2 grupper A\/B<br \/>\nAntal belastninger pr. udgang: max. 100 stk<br \/>\nMaks. kabell\u00e6ngde pr. gruppe: 100 meter<br \/>\nOverophedningsbeskyttelse: JA<br \/>\nSolopgang\/solnedgangsperiode: JA<br \/>\nIndgangssp\u00e6nding: DC5V 2000mA<br \/>\nV\u00e6gt: 1,0 kg<\/p>","protected":false},"excerpt":{"rendered":"<p>Lumen-King Master Controller kan styre to lysgrupper og op til 100 lys i hver gruppe!<\/p>","protected":false},"featured_media":58312,"template":"","meta":{"_acf_changed":false},"product_brand":[],"product_cat":[1863,1864,1874],"product_tag":[],"class_list":{"0":"post-58307","1":"product","2":"type-product","3":"status-publish","4":"has-post-thumbnail","6":"product_cat-lys","7":"product_cat-plantelys-led","8":"product_cat-tilbehoer-lys","10":"first","11":"instock","12":"taxable","13":"shipping-taxable","14":"purchasable","15":"product-type-simple"},"acf":[],"yoast_head":"<!-- This site is optimized with the Yoast SEO plugin v26.9 - https:\/\/yoast.com\/product\/yoast-seo-wordpress\/ -->\n<title>Lumen King Master Controller - Superseeds.dk<\/title>\n<meta name=\"robots\" content=\"index, follow, max-snippet:-1, max-image-preview:large, max-video-preview:-1\" \/>\n<link rel=\"canonical\" href=\"https:\/\/superseeds.dk\/se\/produkt\/lumen-king-master-controller\/\" \/>\n<meta property=\"og:locale\" content=\"sv_SE\" \/>\n<meta property=\"og:type\" content=\"article\" \/>\n<meta property=\"og:title\" content=\"Lumen King Master Controller - Superseeds.dk\" \/>\n<meta property=\"og:description\" content=\"Lumen-King Master Controller kan styre to lysgrupper og op til 100 lys i hver gruppe!\" \/>\n<meta property=\"og:url\" content=\"https:\/\/superseeds.dk\/se\/produkt\/lumen-king-master-controller\/\" \/>\n<meta property=\"og:site_name\" content=\"Superseeds.dk\" \/>\n<meta property=\"article:modified_time\" content=\"2025-01-30T21:57:01+00:00\" \/>\n<meta property=\"og:image\" content=\"https:\/\/superseeds.dk\/wp-content\/uploads\/2025\/01\/Lumen-King-Master-Controller.png\" \/>\n\t<meta property=\"og:image:width\" content=\"1080\" \/>\n\t<meta property=\"og:image:height\" content=\"1080\" \/>\n\t<meta property=\"og:image:type\" content=\"image\/png\" \/>\n<meta name=\"twitter:card\" content=\"summary_large_image\" \/>\n<meta name=\"twitter:label1\" content=\"Ber\u00e4knad l\u00e4stid\" \/>\n\t<meta name=\"twitter:data1\" content=\"1 minut\" \/>\n<script type=\"application\/ld+json\" class=\"yoast-schema-graph\">{\"@context\":\"https:\/\/schema.org\",\"@graph\":[{\"@type\":\"WebPage\",\"@id\":\"https:\/\/superseeds.dk\/vare\/lumen-king-master-controller\/\",\"url\":\"https:\/\/superseeds.dk\/vare\/lumen-king-master-controller\/\",\"name\":\"Lumen King Master Controller - Superseeds.dk\",\"isPartOf\":{\"@id\":\"https:\/\/super-seeds.se\/#website\"},\"primaryImageOfPage\":{\"@id\":\"https:\/\/superseeds.dk\/vare\/lumen-king-master-controller\/#primaryimage\"},\"image\":{\"@id\":\"https:\/\/superseeds.dk\/vare\/lumen-king-master-controller\/#primaryimage\"},\"thumbnailUrl\":\"https:\/\/superseeds.dk\/wp-content\/uploads\/2025\/01\/Lumen-King-Master-Controller.png\",\"datePublished\":\"2025-01-30T21:56:56+00:00\",\"dateModified\":\"2025-01-30T21:57:01+00:00\",\"breadcrumb\":{\"@id\":\"https:\/\/superseeds.dk\/vare\/lumen-king-master-controller\/#breadcrumb\"},\"inLanguage\":\"sv-SE\",\"potentialAction\":[{\"@type\":\"ReadAction\",\"target\":[\"https:\/\/superseeds.dk\/vare\/lumen-king-master-controller\/\"]}]},{\"@type\":\"ImageObject\",\"inLanguage\":\"sv-SE\",\"@id\":\"https:\/\/superseeds.dk\/vare\/lumen-king-master-controller\/#primaryimage\",\"url\":\"https:\/\/superseeds.dk\/wp-content\/uploads\/2025\/01\/Lumen-King-Master-Controller.png\",\"contentUrl\":\"https:\/\/superseeds.dk\/wp-content\/uploads\/2025\/01\/Lumen-King-Master-Controller.png\",\"width\":1080,\"height\":1080},{\"@type\":\"BreadcrumbList\",\"@id\":\"https:\/\/superseeds.dk\/vare\/lumen-king-master-controller\/#breadcrumb\",\"itemListElement\":[{\"@type\":\"ListItem\",\"position\":1,\"name\":\"Hjem\",\"item\":\"https:\/\/superseeds.dk\/\"},{\"@type\":\"ListItem\",\"position\":2,\"name\":\"Shop\",\"item\":\"https:\/\/superseeds.dk\/no\/butikk\/\"},{\"@type\":\"ListItem\",\"position\":3,\"name\":\"Lumen King Master Controller\"}]},{\"@type\":\"WebSite\",\"@id\":\"https:\/\/super-seeds.se\/#website\",\"url\":\"https:\/\/super-seeds.se\/\",\"name\":\"Superseeds.dk\",\"description\":\"\",\"publisher\":{\"@id\":\"https:\/\/super-seeds.se\/#organization\"},\"potentialAction\":[{\"@type\":\"SearchAction\",\"target\":{\"@type\":\"EntryPoint\",\"urlTemplate\":\"https:\/\/super-seeds.se\/?s={search_term_string}\"},\"query-input\":{\"@type\":\"PropertyValueSpecification\",\"valueRequired\":true,\"valueName\":\"search_term_string\"}}],\"inLanguage\":\"sv-SE\"},{\"@type\":\"Organization\",\"@id\":\"https:\/\/super-seeds.se\/#organization\",\"name\":\"Superseeds.dk\",\"url\":\"https:\/\/super-seeds.se\/\",\"logo\":{\"@type\":\"ImageObject\",\"inLanguage\":\"sv-SE\",\"@id\":\"https:\/\/super-seeds.se\/#\/schema\/logo\/image\/\",\"url\":\"https:\/\/superseeds.dk\/wp-content\/uploads\/2025\/09\/logo-superseeds.png\",\"contentUrl\":\"https:\/\/superseeds.dk\/wp-content\/uploads\/2025\/09\/logo-superseeds.png\",\"width\":180,\"height\":160,\"caption\":\"Superseeds.dk\"},\"image\":{\"@id\":\"https:\/\/super-seeds.se\/#\/schema\/logo\/image\/\"}}]}<\/script>\n<!-- \/ Yoast SEO plugin. -->","yoast_head_json":{"title":"Lumen King Master Controller - Superseeds.dk","robots":{"index":"index","follow":"follow","max-snippet":"max-snippet:-1","max-image-preview":"max-image-preview:large","max-video-preview":"max-video-preview:-1"},"canonical":"https:\/\/superseeds.dk\/se\/produkt\/lumen-king-master-controller\/","og_locale":"sv_SE","og_type":"article","og_title":"Lumen King Master Controller - Superseeds.dk","og_description":"Lumen-King Master Controller kan styre to lysgrupper og op til 100 lys i hver gruppe!","og_url":"https:\/\/superseeds.dk\/se\/produkt\/lumen-king-master-controller\/","og_site_name":"Superseeds.dk","article_modified_time":"2025-01-30T21:57:01+00:00","og_image":[{"width":1080,"height":1080,"url":"https:\/\/superseeds.dk\/wp-content\/uploads\/2025\/01\/Lumen-King-Master-Controller.png","type":"image\/png"}],"twitter_card":"summary_large_image","twitter_misc":{"Ber\u00e4knad l\u00e4stid":"1 minut"},"schema":{"@context":"https:\/\/schema.org","@graph":[{"@type":"WebPage","@id":"https:\/\/superseeds.dk\/vare\/lumen-king-master-controller\/","url":"https:\/\/superseeds.dk\/vare\/lumen-king-master-controller\/","name":"Lumen King Master Controller - Superseeds.dk","isPartOf":{"@id":"https:\/\/super-seeds.se\/#website"},"primaryImageOfPage":{"@id":"https:\/\/superseeds.dk\/vare\/lumen-king-master-controller\/#primaryimage"},"image":{"@id":"https:\/\/superseeds.dk\/vare\/lumen-king-master-controller\/#primaryimage"},"thumbnailUrl":"https:\/\/superseeds.dk\/wp-content\/uploads\/2025\/01\/Lumen-King-Master-Controller.png","datePublished":"2025-01-30T21:56:56+00:00","dateModified":"2025-01-30T21:57:01+00:00","breadcrumb":{"@id":"https:\/\/superseeds.dk\/vare\/lumen-king-master-controller\/#breadcrumb"},"inLanguage":"sv-SE","potentialAction":[{"@type":"ReadAction","target":["https:\/\/superseeds.dk\/vare\/lumen-king-master-controller\/"]}]},{"@type":"ImageObject","inLanguage":"sv-SE","@id":"https:\/\/superseeds.dk\/vare\/lumen-king-master-controller\/#primaryimage","url":"https:\/\/superseeds.dk\/wp-content\/uploads\/2025\/01\/Lumen-King-Master-Controller.png","contentUrl":"https:\/\/superseeds.dk\/wp-content\/uploads\/2025\/01\/Lumen-King-Master-Controller.png","width":1080,"height":1080},{"@type":"BreadcrumbList","@id":"https:\/\/superseeds.dk\/vare\/lumen-king-master-controller\/#breadcrumb","itemListElement":[{"@type":"ListItem","position":1,"name":"Hjem","item":"https:\/\/superseeds.dk\/"},{"@type":"ListItem","position":2,"name":"Shop","item":"https:\/\/superseeds.dk\/no\/butikk\/"},{"@type":"ListItem","position":3,"name":"Lumen King Master Controller"}]},{"@type":"WebSite","@id":"https:\/\/super-seeds.se\/#website","url":"https:\/\/super-seeds.se\/","name":"Superseeds.com","description":"","publisher":{"@id":"https:\/\/super-seeds.se\/#organization"},"potentialAction":[{"@type":"SearchAction","target":{"@type":"EntryPoint","urlTemplate":"https:\/\/super-seeds.se\/?s={search_term_string}"},"query-input":{"@type":"PropertyValueSpecification","valueRequired":true,"valueName":"search_term_string"}}],"inLanguage":"sv-SE"},{"@type":"Organization","@id":"https:\/\/super-seeds.se\/#organization","name":"Superseeds.com","url":"https:\/\/super-seeds.se\/","logo":{"@type":"ImageObject","inLanguage":"sv-SE","@id":"https:\/\/super-seeds.se\/#\/schema\/logo\/image\/","url":"https:\/\/superseeds.dk\/wp-content\/uploads\/2025\/09\/logo-superseeds.png","contentUrl":"https:\/\/superseeds.dk\/wp-content\/uploads\/2025\/09\/logo-superseeds.png","width":180,"height":160,"caption":"Superseeds.dk"},"image":{"@id":"https:\/\/super-seeds.se\/#\/schema\/logo\/image\/"}}]}},"df_price":2495,"df_sale_price":"","df_regular_price":2495,"df_image_link":"https:\/\/superseeds.dk\/wp-content\/uploads\/2025\/01\/Lumen-King-Master-Controller-1024x1024.png","_links":{"self":[{"href":"https:\/\/superseeds.dk\/se\/wp-json\/wp\/v2\/product\/58307","targetHints":{"allow":["GET"]}}],"collection":[{"href":"https:\/\/superseeds.dk\/se\/wp-json\/wp\/v2\/product"}],"about":[{"href":"https:\/\/superseeds.dk\/se\/wp-json\/wp\/v2\/types\/product"}],"wp:featuredmedia":[{"embeddable":true,"href":"https:\/\/superseeds.dk\/se\/wp-json\/wp\/v2\/media\/58312"}],"wp:attachment":[{"href":"https:\/\/superseeds.dk\/se\/wp-json\/wp\/v2\/media?parent=58307"}],"wp:term":[{"taxonomy":"product_brand","embeddable":true,"href":"https:\/\/superseeds.dk\/se\/wp-json\/wp\/v2\/product_brand?post=58307"},{"taxonomy":"product_cat","embeddable":true,"href":"https:\/\/superseeds.dk\/se\/wp-json\/wp\/v2\/product_cat?post=58307"},{"taxonomy":"product_tag","embeddable":true,"href":"https:\/\/superseeds.dk\/se\/wp-json\/wp\/v2\/product_tag?post=58307"}],"curies":[{"name":"wp","href":"https:\/\/api.w.org\/{rel}","templated":true}]}}