{"id":58146,"date":"2025-01-30T22:54:28","date_gmt":"2025-01-30T21:54:28","guid":{"rendered":"https:\/\/superseeds.dk\/vare\/sensizym-avanced-nutrients-2\/"},"modified":"2025-01-30T22:54:35","modified_gmt":"2025-01-30T21:54:35","slug":"sensizym-avanced-nutrients-2","status":"publish","type":"product","link":"https:\/\/superseeds.dk\/se\/produkt\/sensizym-avanced-nutrients-2\/","title":{"rendered":"SensorPush &#8211; temperatur og fugtighed"},"content":{"rendered":"<p>SensorPush Smart Sensor &#8211; giver dig en nem og unik m\u00e5de at holde styr p\u00e5 din temperatur, og fugtighed via app. Du har med appen oversigt over dine data, minut for minut.<\/p>\n<p>Smart Sensorer er kompakte og nemme at bruge.\u00a0De arbejder sammen med en yderst veldesignet, og brugervenlig app. I l\u00f8bet af f\u00e5 minutter har du installeret appen, og parret dine f\u00f8rste sensorer.<\/p>\n<p>Smart Sensor har en r\u00e6kkevidde op til 100m via bluetooth, men det er muligt at udvide systemet med en <a href=\"http:\/\/gro-lys.dk\/shop\/groudstyr\/klima\/luftfugtighed\/sensorpush-wifi-gateway\/\">WiFi Gateway<\/a>, som kan g\u00f8re dit system online. Du har dermed adgang 24\/7 til dine data, ligemeget hvor du befinder dig.<\/p>\n<p>&nbsp;<\/p>\n<p><a href=\"https:\/\/youtu.be\/3jrK-HS-2fs?t=46\">\u200bSE OPS\u00c6TNINGS VIDEO<\/a><\/p>\n<p>&nbsp;<\/p>\n<p><strong>Batteri:<\/strong> CR2477.\u200b<br \/>\n<strong>Batteri levetid:<\/strong>\u00a0Op til 1 \u00e5r.\u200b<br \/>\n<strong>App datalagring:\u00a0<\/strong>Ubegr\u00e6nset.\u200b<br \/>\n<strong>Styresystemer:<\/strong>\u00a0iOS, Android.\u200b<br \/>\n<strong>Enheder:<\/strong>\u00a0Ubegr\u00e6nset antal sensorer.\u200b<br \/>\n<strong>Tr\u00e5dl\u00f8s r\u00e6kkevidde:\u00a0<\/strong>100m.<\/p>","protected":false},"excerpt":{"rendered":"<p>Sensorpush Smart Sensor &#8211; <strong>giver dig en unik mulighed for at m\u00e5le fugt, og temperatur<\/strong> data via app. Smart sensor giver signal via bluetooth, men kan optimeres med en <a href=\"http:\/\/gro-lys.dk\/shop\/groudstyr\/klima\/luftfugtighed\/sensorpush-wifi-gateway\/\">WiFi Gateway<\/a>, som giver dig online adgang.<\/p>\n<p>Hj\u00e6lp til ops\u00e6tning findes i beskrivelsen l\u00e6ngere nede.<\/p>","protected":false},"featured_media":58147,"template":"","meta":{"_acf_changed":false},"product_brand":[],"product_cat":[1860,1824,1885],"product_tag":[],"class_list":{"0":"post-58146","1":"product","2":"type-product","3":"status-publish","4":"has-post-thumbnail","6":"product_cat-hygro-thermometer","7":"product_cat-klima","8":"product_cat-klimastyring","10":"first","11":"onbackorder","12":"taxable","13":"shipping-taxable","14":"purchasable","15":"product-type-simple"},"acf":[],"yoast_head":"<!-- This site is optimized with the Yoast SEO plugin v26.9 - https:\/\/yoast.com\/product\/yoast-seo-wordpress\/ -->\n<title>SensorPush - temperatur og fugtighed - Superseeds.dk<\/title>\n<meta name=\"robots\" content=\"index, follow, max-snippet:-1, max-image-preview:large, max-video-preview:-1\" \/>\n<link rel=\"canonical\" href=\"https:\/\/superseeds.dk\/se\/produkt\/sensizym-avanced-nutrients-2\/\" \/>\n<meta property=\"og:locale\" content=\"sv_SE\" \/>\n<meta property=\"og:type\" content=\"article\" \/>\n<meta property=\"og:title\" content=\"SensorPush - temperatur og fugtighed - Superseeds.dk\" \/>\n<meta property=\"og:description\" content=\"Sensorpush Smart Sensor - giver dig en unik mulighed for at m\u00e5le fugt, og temperatur data via app. Smart sensor giver signal via bluetooth, men kan optimeres med en WiFi Gateway, som giver dig online adgang.  Hj\u00e6lp til ops\u00e6tning findes i beskrivelsen l\u00e6ngere nede.\" \/>\n<meta property=\"og:url\" content=\"https:\/\/superseeds.dk\/se\/produkt\/sensizym-avanced-nutrients-2\/\" \/>\n<meta property=\"og:site_name\" content=\"Superseeds.dk\" \/>\n<meta property=\"article:modified_time\" content=\"2025-01-30T21:54:35+00:00\" \/>\n<meta property=\"og:image\" content=\"https:\/\/superseeds.dk\/wp-content\/uploads\/2025\/01\/SensorPush-\u2013-temperatur-og-fugtighed.png\" \/>\n\t<meta property=\"og:image:width\" content=\"1080\" \/>\n\t<meta property=\"og:image:height\" content=\"1080\" \/>\n\t<meta property=\"og:image:type\" content=\"image\/png\" \/>\n<meta name=\"twitter:card\" content=\"summary_large_image\" \/>\n<meta name=\"twitter:label1\" content=\"Ber\u00e4knad l\u00e4stid\" \/>\n\t<meta name=\"twitter:data1\" content=\"1 minut\" \/>\n<script type=\"application\/ld+json\" class=\"yoast-schema-graph\">{\"@context\":\"https:\/\/schema.org\",\"@graph\":[{\"@type\":\"WebPage\",\"@id\":\"https:\/\/superseeds.dk\/vare\/sensizym-avanced-nutrients-2\/\",\"url\":\"https:\/\/superseeds.dk\/vare\/sensizym-avanced-nutrients-2\/\",\"name\":\"SensorPush - temperatur og fugtighed - Superseeds.dk\",\"isPartOf\":{\"@id\":\"https:\/\/super-seeds.se\/#website\"},\"primaryImageOfPage\":{\"@id\":\"https:\/\/superseeds.dk\/vare\/sensizym-avanced-nutrients-2\/#primaryimage\"},\"image\":{\"@id\":\"https:\/\/superseeds.dk\/vare\/sensizym-avanced-nutrients-2\/#primaryimage\"},\"thumbnailUrl\":\"https:\/\/superseeds.dk\/wp-content\/uploads\/2025\/01\/SensorPush-\u2013-temperatur-og-fugtighed.png\",\"datePublished\":\"2025-01-30T21:54:28+00:00\",\"dateModified\":\"2025-01-30T21:54:35+00:00\",\"breadcrumb\":{\"@id\":\"https:\/\/superseeds.dk\/vare\/sensizym-avanced-nutrients-2\/#breadcrumb\"},\"inLanguage\":\"sv-SE\",\"potentialAction\":[{\"@type\":\"ReadAction\",\"target\":[\"https:\/\/superseeds.dk\/vare\/sensizym-avanced-nutrients-2\/\"]}]},{\"@type\":\"ImageObject\",\"inLanguage\":\"sv-SE\",\"@id\":\"https:\/\/superseeds.dk\/vare\/sensizym-avanced-nutrients-2\/#primaryimage\",\"url\":\"https:\/\/superseeds.dk\/wp-content\/uploads\/2025\/01\/SensorPush-\u2013-temperatur-og-fugtighed.png\",\"contentUrl\":\"https:\/\/superseeds.dk\/wp-content\/uploads\/2025\/01\/SensorPush-\u2013-temperatur-og-fugtighed.png\",\"width\":1080,\"height\":1080},{\"@type\":\"BreadcrumbList\",\"@id\":\"https:\/\/superseeds.dk\/vare\/sensizym-avanced-nutrients-2\/#breadcrumb\",\"itemListElement\":[{\"@type\":\"ListItem\",\"position\":1,\"name\":\"Hjem\",\"item\":\"https:\/\/superseeds.dk\/\"},{\"@type\":\"ListItem\",\"position\":2,\"name\":\"Shop\",\"item\":\"https:\/\/superseeds.dk\/no\/butikk\/\"},{\"@type\":\"ListItem\",\"position\":3,\"name\":\"SensorPush &#8211; temperatur og fugtighed\"}]},{\"@type\":\"WebSite\",\"@id\":\"https:\/\/super-seeds.se\/#website\",\"url\":\"https:\/\/super-seeds.se\/\",\"name\":\"Superseeds.dk\",\"description\":\"\",\"publisher\":{\"@id\":\"https:\/\/super-seeds.se\/#organization\"},\"potentialAction\":[{\"@type\":\"SearchAction\",\"target\":{\"@type\":\"EntryPoint\",\"urlTemplate\":\"https:\/\/super-seeds.se\/?s={search_term_string}\"},\"query-input\":{\"@type\":\"PropertyValueSpecification\",\"valueRequired\":true,\"valueName\":\"search_term_string\"}}],\"inLanguage\":\"sv-SE\"},{\"@type\":\"Organization\",\"@id\":\"https:\/\/super-seeds.se\/#organization\",\"name\":\"Superseeds.dk\",\"url\":\"https:\/\/super-seeds.se\/\",\"logo\":{\"@type\":\"ImageObject\",\"inLanguage\":\"sv-SE\",\"@id\":\"https:\/\/super-seeds.se\/#\/schema\/logo\/image\/\",\"url\":\"https:\/\/superseeds.dk\/wp-content\/uploads\/2025\/09\/logo-superseeds.png\",\"contentUrl\":\"https:\/\/superseeds.dk\/wp-content\/uploads\/2025\/09\/logo-superseeds.png\",\"width\":180,\"height\":160,\"caption\":\"Superseeds.dk\"},\"image\":{\"@id\":\"https:\/\/super-seeds.se\/#\/schema\/logo\/image\/\"}}]}<\/script>\n<!-- \/ Yoast SEO plugin. -->","yoast_head_json":{"title":"SensorPush - temperatur og fugtighed - Superseeds.dk","robots":{"index":"index","follow":"follow","max-snippet":"max-snippet:-1","max-image-preview":"max-image-preview:large","max-video-preview":"max-video-preview:-1"},"canonical":"https:\/\/superseeds.dk\/se\/produkt\/sensizym-avanced-nutrients-2\/","og_locale":"sv_SE","og_type":"article","og_title":"SensorPush - temperatur og fugtighed - Superseeds.dk","og_description":"Sensorpush Smart Sensor - giver dig en unik mulighed for at m\u00e5le fugt, og temperatur data via app. Smart sensor giver signal via bluetooth, men kan optimeres med en WiFi Gateway, som giver dig online adgang.  Hj\u00e6lp til ops\u00e6tning findes i beskrivelsen l\u00e6ngere nede.","og_url":"https:\/\/superseeds.dk\/se\/produkt\/sensizym-avanced-nutrients-2\/","og_site_name":"Superseeds.dk","article_modified_time":"2025-01-30T21:54:35+00:00","og_image":[{"width":1080,"height":1080,"url":"https:\/\/superseeds.dk\/wp-content\/uploads\/2025\/01\/SensorPush-\u2013-temperatur-og-fugtighed.png","type":"image\/png"}],"twitter_card":"summary_large_image","twitter_misc":{"Ber\u00e4knad l\u00e4stid":"1 minut"},"schema":{"@context":"https:\/\/schema.org","@graph":[{"@type":"WebPage","@id":"https:\/\/superseeds.dk\/vare\/sensizym-avanced-nutrients-2\/","url":"https:\/\/superseeds.dk\/vare\/sensizym-avanced-nutrients-2\/","name":"SensorPush - temperatur og fugtighed - Superseeds.dk","isPartOf":{"@id":"https:\/\/super-seeds.se\/#website"},"primaryImageOfPage":{"@id":"https:\/\/superseeds.dk\/vare\/sensizym-avanced-nutrients-2\/#primaryimage"},"image":{"@id":"https:\/\/superseeds.dk\/vare\/sensizym-avanced-nutrients-2\/#primaryimage"},"thumbnailUrl":"https:\/\/superseeds.dk\/wp-content\/uploads\/2025\/01\/SensorPush-\u2013-temperatur-og-fugtighed.png","datePublished":"2025-01-30T21:54:28+00:00","dateModified":"2025-01-30T21:54:35+00:00","breadcrumb":{"@id":"https:\/\/superseeds.dk\/vare\/sensizym-avanced-nutrients-2\/#breadcrumb"},"inLanguage":"sv-SE","potentialAction":[{"@type":"ReadAction","target":["https:\/\/superseeds.dk\/vare\/sensizym-avanced-nutrients-2\/"]}]},{"@type":"ImageObject","inLanguage":"sv-SE","@id":"https:\/\/superseeds.dk\/vare\/sensizym-avanced-nutrients-2\/#primaryimage","url":"https:\/\/superseeds.dk\/wp-content\/uploads\/2025\/01\/SensorPush-\u2013-temperatur-og-fugtighed.png","contentUrl":"https:\/\/superseeds.dk\/wp-content\/uploads\/2025\/01\/SensorPush-\u2013-temperatur-og-fugtighed.png","width":1080,"height":1080},{"@type":"BreadcrumbList","@id":"https:\/\/superseeds.dk\/vare\/sensizym-avanced-nutrients-2\/#breadcrumb","itemListElement":[{"@type":"ListItem","position":1,"name":"Hjem","item":"https:\/\/superseeds.dk\/"},{"@type":"ListItem","position":2,"name":"Shop","item":"https:\/\/superseeds.dk\/no\/butikk\/"},{"@type":"ListItem","position":3,"name":"SensorPush &#8211; temperatur og fugtighed"}]},{"@type":"WebSite","@id":"https:\/\/super-seeds.se\/#website","url":"https:\/\/super-seeds.se\/","name":"Superseeds.com","description":"","publisher":{"@id":"https:\/\/super-seeds.se\/#organization"},"potentialAction":[{"@type":"SearchAction","target":{"@type":"EntryPoint","urlTemplate":"https:\/\/super-seeds.se\/?s={search_term_string}"},"query-input":{"@type":"PropertyValueSpecification","valueRequired":true,"valueName":"search_term_string"}}],"inLanguage":"sv-SE"},{"@type":"Organization","@id":"https:\/\/super-seeds.se\/#organization","name":"Superseeds.com","url":"https:\/\/super-seeds.se\/","logo":{"@type":"ImageObject","inLanguage":"sv-SE","@id":"https:\/\/super-seeds.se\/#\/schema\/logo\/image\/","url":"https:\/\/superseeds.dk\/wp-content\/uploads\/2025\/09\/logo-superseeds.png","contentUrl":"https:\/\/superseeds.dk\/wp-content\/uploads\/2025\/09\/logo-superseeds.png","width":180,"height":160,"caption":"Superseeds.dk"},"image":{"@id":"https:\/\/super-seeds.se\/#\/schema\/logo\/image\/"}}]}},"df_price":495,"df_sale_price":"","df_regular_price":495,"df_image_link":"https:\/\/superseeds.dk\/wp-content\/uploads\/2025\/01\/SensorPush-\u2013-temperatur-og-fugtighed-1024x1024.png","_links":{"self":[{"href":"https:\/\/superseeds.dk\/se\/wp-json\/wp\/v2\/product\/58146","targetHints":{"allow":["GET"]}}],"collection":[{"href":"https:\/\/superseeds.dk\/se\/wp-json\/wp\/v2\/product"}],"about":[{"href":"https:\/\/superseeds.dk\/se\/wp-json\/wp\/v2\/types\/product"}],"wp:featuredmedia":[{"embeddable":true,"href":"https:\/\/superseeds.dk\/se\/wp-json\/wp\/v2\/media\/58147"}],"wp:attachment":[{"href":"https:\/\/superseeds.dk\/se\/wp-json\/wp\/v2\/media?parent=58146"}],"wp:term":[{"taxonomy":"product_brand","embeddable":true,"href":"https:\/\/superseeds.dk\/se\/wp-json\/wp\/v2\/product_brand?post=58146"},{"taxonomy":"product_cat","embeddable":true,"href":"https:\/\/superseeds.dk\/se\/wp-json\/wp\/v2\/product_cat?post=58146"},{"taxonomy":"product_tag","embeddable":true,"href":"https:\/\/superseeds.dk\/se\/wp-json\/wp\/v2\/product_tag?post=58146"}],"curies":[{"name":"wp","href":"https:\/\/api.w.org\/{rel}","templated":true}]}}