{"id":58115,"date":"2025-01-30T22:54:08","date_gmt":"2025-01-30T21:54:08","guid":{"rendered":"https:\/\/superseeds.dk\/vare\/digital-co2-maaler\/"},"modified":"2025-01-30T22:54:10","modified_gmt":"2025-01-30T21:54:10","slug":"digital-co2-maaler","status":"publish","type":"product","link":"https:\/\/superseeds.dk\/se\/produkt\/digital-co2-maaler\/","title":{"rendered":"Digital Co2 m\u00e5ler"},"content":{"rendered":"<p><span class=\"Y2IQFc\" lang=\"da\">Den kan benyttes i v\u00e6ksthuse, i varehuse og til vinfremstilling. Den er udstyret med<\/span><span class=\"Y2IQFc\" lang=\"da\"> temperatur- og fugtighedssensor. Den er hurtig og pr\u00e6cis n\u00e5r den viser aktuelle co2 data. <\/span><span class=\"Y2IQFc\" lang=\"da\">De farvede cirkler \u00e6ndrer sig afh\u00e6ngigt af kuldioxidniveauet. Ingen grund til at kalibrere efter t\u00e6nding, den fungerer og registrerer automatisk. Den er lille og let v\u00e6gtig, samt let at b\u00e6re og let at bruge. <\/span><\/p>","protected":false},"excerpt":{"rendered":"<pre id=\"tw-target-text\" class=\"tw-data-text tw-text-large tw-ta\" dir=\"ltr\" data-placeholder=\"Overs\u00e6ttelse\"><span class=\"Y2IQFc\" lang=\"da\">Denne luftdetektor, hj\u00e6lper dig med at kontrollere lufttilstanden i dit rum. <\/span><\/pre>","protected":false},"featured_media":58116,"template":"","meta":{"_acf_changed":false},"product_brand":[],"product_cat":[1884,1860,1824],"product_tag":[],"class_list":{"0":"post-58115","1":"product","2":"type-product","3":"status-publish","4":"has-post-thumbnail","6":"product_cat-co2","7":"product_cat-hygro-thermometer","8":"product_cat-klima","10":"first","11":"onbackorder","12":"taxable","13":"shipping-taxable","14":"purchasable","15":"product-type-simple"},"acf":[],"yoast_head":"<!-- This site is optimized with the Yoast SEO plugin v26.9 - https:\/\/yoast.com\/product\/yoast-seo-wordpress\/ -->\n<title>Digital Co2 m\u00e5ler - Superseeds.dk<\/title>\n<meta name=\"robots\" content=\"index, follow, max-snippet:-1, max-image-preview:large, max-video-preview:-1\" \/>\n<link rel=\"canonical\" href=\"https:\/\/superseeds.dk\/se\/produkt\/digital-co2-maaler\/\" \/>\n<meta property=\"og:locale\" content=\"sv_SE\" \/>\n<meta property=\"og:type\" content=\"article\" \/>\n<meta property=\"og:title\" content=\"Digital Co2 m\u00e5ler - Superseeds.dk\" \/>\n<meta property=\"og:description\" content=\"Denne luftdetektor, hj\u00e6lper dig med at kontrollere lufttilstanden i dit rum.\" \/>\n<meta property=\"og:url\" content=\"https:\/\/superseeds.dk\/se\/produkt\/digital-co2-maaler\/\" \/>\n<meta property=\"og:site_name\" content=\"Superseeds.dk\" \/>\n<meta property=\"article:modified_time\" content=\"2025-01-30T21:54:10+00:00\" \/>\n<meta property=\"og:image\" content=\"https:\/\/superseeds.dk\/wp-content\/uploads\/2025\/01\/Digital-Co2-maaler-1.png\" \/>\n\t<meta property=\"og:image:width\" content=\"1080\" \/>\n\t<meta property=\"og:image:height\" content=\"1080\" \/>\n\t<meta property=\"og:image:type\" content=\"image\/png\" \/>\n<meta name=\"twitter:card\" content=\"summary_large_image\" \/>\n<script type=\"application\/ld+json\" class=\"yoast-schema-graph\">{\"@context\":\"https:\/\/schema.org\",\"@graph\":[{\"@type\":\"WebPage\",\"@id\":\"https:\/\/superseeds.dk\/vare\/digital-co2-maaler\/\",\"url\":\"https:\/\/superseeds.dk\/vare\/digital-co2-maaler\/\",\"name\":\"Digital Co2 m\u00e5ler - Superseeds.dk\",\"isPartOf\":{\"@id\":\"https:\/\/super-seeds.se\/#website\"},\"primaryImageOfPage\":{\"@id\":\"https:\/\/superseeds.dk\/vare\/digital-co2-maaler\/#primaryimage\"},\"image\":{\"@id\":\"https:\/\/superseeds.dk\/vare\/digital-co2-maaler\/#primaryimage\"},\"thumbnailUrl\":\"https:\/\/superseeds.dk\/wp-content\/uploads\/2025\/01\/Digital-Co2-maaler-1.png\",\"datePublished\":\"2025-01-30T21:54:08+00:00\",\"dateModified\":\"2025-01-30T21:54:10+00:00\",\"breadcrumb\":{\"@id\":\"https:\/\/superseeds.dk\/vare\/digital-co2-maaler\/#breadcrumb\"},\"inLanguage\":\"sv-SE\",\"potentialAction\":[{\"@type\":\"ReadAction\",\"target\":[\"https:\/\/superseeds.dk\/vare\/digital-co2-maaler\/\"]}]},{\"@type\":\"ImageObject\",\"inLanguage\":\"sv-SE\",\"@id\":\"https:\/\/superseeds.dk\/vare\/digital-co2-maaler\/#primaryimage\",\"url\":\"https:\/\/superseeds.dk\/wp-content\/uploads\/2025\/01\/Digital-Co2-maaler-1.png\",\"contentUrl\":\"https:\/\/superseeds.dk\/wp-content\/uploads\/2025\/01\/Digital-Co2-maaler-1.png\",\"width\":1080,\"height\":1080},{\"@type\":\"BreadcrumbList\",\"@id\":\"https:\/\/superseeds.dk\/vare\/digital-co2-maaler\/#breadcrumb\",\"itemListElement\":[{\"@type\":\"ListItem\",\"position\":1,\"name\":\"Hjem\",\"item\":\"https:\/\/superseeds.dk\/\"},{\"@type\":\"ListItem\",\"position\":2,\"name\":\"Shop\",\"item\":\"https:\/\/superseeds.dk\/no\/butikk\/\"},{\"@type\":\"ListItem\",\"position\":3,\"name\":\"Digital Co2 m\u00e5ler\"}]},{\"@type\":\"WebSite\",\"@id\":\"https:\/\/super-seeds.se\/#website\",\"url\":\"https:\/\/super-seeds.se\/\",\"name\":\"Superseeds.dk\",\"description\":\"\",\"publisher\":{\"@id\":\"https:\/\/super-seeds.se\/#organization\"},\"potentialAction\":[{\"@type\":\"SearchAction\",\"target\":{\"@type\":\"EntryPoint\",\"urlTemplate\":\"https:\/\/super-seeds.se\/?s={search_term_string}\"},\"query-input\":{\"@type\":\"PropertyValueSpecification\",\"valueRequired\":true,\"valueName\":\"search_term_string\"}}],\"inLanguage\":\"sv-SE\"},{\"@type\":\"Organization\",\"@id\":\"https:\/\/super-seeds.se\/#organization\",\"name\":\"Superseeds.dk\",\"url\":\"https:\/\/super-seeds.se\/\",\"logo\":{\"@type\":\"ImageObject\",\"inLanguage\":\"sv-SE\",\"@id\":\"https:\/\/super-seeds.se\/#\/schema\/logo\/image\/\",\"url\":\"https:\/\/superseeds.dk\/wp-content\/uploads\/2025\/09\/logo-superseeds.png\",\"contentUrl\":\"https:\/\/superseeds.dk\/wp-content\/uploads\/2025\/09\/logo-superseeds.png\",\"width\":180,\"height\":160,\"caption\":\"Superseeds.dk\"},\"image\":{\"@id\":\"https:\/\/super-seeds.se\/#\/schema\/logo\/image\/\"}}]}<\/script>\n<!-- \/ Yoast SEO plugin. -->","yoast_head_json":{"title":"Digital Co2 m\u00e5ler - Superseeds.dk","robots":{"index":"index","follow":"follow","max-snippet":"max-snippet:-1","max-image-preview":"max-image-preview:large","max-video-preview":"max-video-preview:-1"},"canonical":"https:\/\/superseeds.dk\/se\/produkt\/digital-co2-maaler\/","og_locale":"sv_SE","og_type":"article","og_title":"Digital Co2 m\u00e5ler - Superseeds.dk","og_description":"Denne luftdetektor, hj\u00e6lper dig med at kontrollere lufttilstanden i dit rum.","og_url":"https:\/\/superseeds.dk\/se\/produkt\/digital-co2-maaler\/","og_site_name":"Superseeds.dk","article_modified_time":"2025-01-30T21:54:10+00:00","og_image":[{"width":1080,"height":1080,"url":"https:\/\/superseeds.dk\/wp-content\/uploads\/2025\/01\/Digital-Co2-maaler-1.png","type":"image\/png"}],"twitter_card":"summary_large_image","schema":{"@context":"https:\/\/schema.org","@graph":[{"@type":"WebPage","@id":"https:\/\/superseeds.dk\/vare\/digital-co2-maaler\/","url":"https:\/\/superseeds.dk\/vare\/digital-co2-maaler\/","name":"Digital Co2 m\u00e5ler - Superseeds.dk","isPartOf":{"@id":"https:\/\/super-seeds.se\/#website"},"primaryImageOfPage":{"@id":"https:\/\/superseeds.dk\/vare\/digital-co2-maaler\/#primaryimage"},"image":{"@id":"https:\/\/superseeds.dk\/vare\/digital-co2-maaler\/#primaryimage"},"thumbnailUrl":"https:\/\/superseeds.dk\/wp-content\/uploads\/2025\/01\/Digital-Co2-maaler-1.png","datePublished":"2025-01-30T21:54:08+00:00","dateModified":"2025-01-30T21:54:10+00:00","breadcrumb":{"@id":"https:\/\/superseeds.dk\/vare\/digital-co2-maaler\/#breadcrumb"},"inLanguage":"sv-SE","potentialAction":[{"@type":"ReadAction","target":["https:\/\/superseeds.dk\/vare\/digital-co2-maaler\/"]}]},{"@type":"ImageObject","inLanguage":"sv-SE","@id":"https:\/\/superseeds.dk\/vare\/digital-co2-maaler\/#primaryimage","url":"https:\/\/superseeds.dk\/wp-content\/uploads\/2025\/01\/Digital-Co2-maaler-1.png","contentUrl":"https:\/\/superseeds.dk\/wp-content\/uploads\/2025\/01\/Digital-Co2-maaler-1.png","width":1080,"height":1080},{"@type":"BreadcrumbList","@id":"https:\/\/superseeds.dk\/vare\/digital-co2-maaler\/#breadcrumb","itemListElement":[{"@type":"ListItem","position":1,"name":"Hjem","item":"https:\/\/superseeds.dk\/"},{"@type":"ListItem","position":2,"name":"Shop","item":"https:\/\/superseeds.dk\/no\/butikk\/"},{"@type":"ListItem","position":3,"name":"Digital Co2 m\u00e5ler"}]},{"@type":"WebSite","@id":"https:\/\/super-seeds.se\/#website","url":"https:\/\/super-seeds.se\/","name":"Superseeds.com","description":"","publisher":{"@id":"https:\/\/super-seeds.se\/#organization"},"potentialAction":[{"@type":"SearchAction","target":{"@type":"EntryPoint","urlTemplate":"https:\/\/super-seeds.se\/?s={search_term_string}"},"query-input":{"@type":"PropertyValueSpecification","valueRequired":true,"valueName":"search_term_string"}}],"inLanguage":"sv-SE"},{"@type":"Organization","@id":"https:\/\/super-seeds.se\/#organization","name":"Superseeds.com","url":"https:\/\/super-seeds.se\/","logo":{"@type":"ImageObject","inLanguage":"sv-SE","@id":"https:\/\/super-seeds.se\/#\/schema\/logo\/image\/","url":"https:\/\/superseeds.dk\/wp-content\/uploads\/2025\/09\/logo-superseeds.png","contentUrl":"https:\/\/superseeds.dk\/wp-content\/uploads\/2025\/09\/logo-superseeds.png","width":180,"height":160,"caption":"Superseeds.dk"},"image":{"@id":"https:\/\/super-seeds.se\/#\/schema\/logo\/image\/"}}]}},"df_price":499,"df_sale_price":"","df_regular_price":499,"df_image_link":"https:\/\/superseeds.dk\/wp-content\/uploads\/2025\/01\/Digital-Co2-maaler-1-1024x1024.png","_links":{"self":[{"href":"https:\/\/superseeds.dk\/se\/wp-json\/wp\/v2\/product\/58115","targetHints":{"allow":["GET"]}}],"collection":[{"href":"https:\/\/superseeds.dk\/se\/wp-json\/wp\/v2\/product"}],"about":[{"href":"https:\/\/superseeds.dk\/se\/wp-json\/wp\/v2\/types\/product"}],"wp:featuredmedia":[{"embeddable":true,"href":"https:\/\/superseeds.dk\/se\/wp-json\/wp\/v2\/media\/58116"}],"wp:attachment":[{"href":"https:\/\/superseeds.dk\/se\/wp-json\/wp\/v2\/media?parent=58115"}],"wp:term":[{"taxonomy":"product_brand","embeddable":true,"href":"https:\/\/superseeds.dk\/se\/wp-json\/wp\/v2\/product_brand?post=58115"},{"taxonomy":"product_cat","embeddable":true,"href":"https:\/\/superseeds.dk\/se\/wp-json\/wp\/v2\/product_cat?post=58115"},{"taxonomy":"product_tag","embeddable":true,"href":"https:\/\/superseeds.dk\/se\/wp-json\/wp\/v2\/product_tag?post=58115"}],"curies":[{"name":"wp","href":"https:\/\/api.w.org\/{rel}","templated":true}]}}