{"id":58093,"date":"2025-01-30T22:53:51","date_gmt":"2025-01-30T21:53:51","guid":{"rendered":"https:\/\/superseeds.dk\/vare\/q-max-ec-silent-fan\/"},"modified":"2025-01-30T22:53:55","modified_gmt":"2025-01-30T21:53:55","slug":"q-max-ec-silent-fan","status":"publish","type":"product","link":"https:\/\/superseeds.dk\/se\/produkt\/q-max-ec-silent-fan\/","title":{"rendered":"Q-Max EC Silent Fan"},"content":{"rendered":"<div class=\"product-name\">\n<div class=\"item-name\"><strong>Q-MAX EC 150\/716<\/strong><\/div>\n<\/div>\n<div class=\"product-specifications\">\n<div>\n<div class=\"desc\">MaterialeMetal<\/div>\n<\/div>\n<div>\n<div class=\"desc\">V\u00e6gt7,2 kg<\/div>\n<\/div>\n<div>\n<div class=\"desc\">Diameter150 mm<\/div>\n<\/div>\n<div>\n<div class=\"desc\">Kapacitet716 m3\/t<\/div>\n<\/div>\n<div>\n<div class=\"desc\">Nuv\u00e6rende0,6 A<\/div>\n<\/div>\n<div>\n<div class=\"desc\">Str\u00f8m63 W<\/div>\n<\/div>\n<div>\n<div class=\"desc\">Hastighedsregulator tilladt Ja<\/div>\n<div><a href=\"http:\/\/canfilters.nl\/files\/original\/canfan-q-max-uk-ec150-716-min.pdf\">http:\/\/canfilters.nl\/files\/original\/canfan-q-max-uk-ec150-716-min.pdf<\/a><\/div>\n<div><\/div>\n<\/div>\n<\/div>\n<div><\/div>\n<div>\n<div class=\"product-name\">\n<div class=\"item-name\"><strong>Q-MAX EC 200\/1203<\/strong><\/div>\n<\/div>\n<div class=\"product-specifications\">\n<div>\n<div class=\"desc\">MaterialeMetal<\/div>\n<\/div>\n<div>\n<div class=\"desc\">V\u00e6gt9 kg<\/div>\n<\/div>\n<div>\n<div class=\"desc\">Diameter200 mm<\/div>\n<\/div>\n<div>\n<div class=\"desc\">Kapacitet1203 m3\/t<\/div>\n<\/div>\n<div>\n<div class=\"desc\">Nuv\u00e6rende1 A<\/div>\n<\/div>\n<div>\n<div class=\"desc\">Str\u00f8m120 W<\/div>\n<\/div>\n<div>\n<div class=\"desc\">Hastighedsregulator tilladt<\/div>\n<div><a href=\"http:\/\/canfilters.nl\/files\/original\/canfan-q-max-uk-ec200-1203-min.pdf\">http:\/\/canfilters.nl\/files\/original\/canfan-q-max-uk-ec200-1203-min.pdf<\/a><\/div>\n<\/div>\n<\/div>\n<\/div>\n<div><\/div>\n<div>\n<div>\n<div><strong>Q-MAX EC 250\/2000<\/strong><\/div>\n<div class=\"desc\">MaterialeMetal<\/div>\n<\/div>\n<div>\n<div class=\"desc\">V\u00e6gt10 kg<\/div>\n<\/div>\n<div>\n<div class=\"desc\">Diameter250 mm<\/div>\n<\/div>\n<div>\n<div class=\"desc\">Kapacitet2000 m3\/t<\/div>\n<\/div>\n<div>\n<div class=\"desc\">Nuv\u00e6rende2.1 A<\/div>\n<\/div>\n<div>\n<div class=\"desc\">Str\u00f8m307 W<\/div>\n<\/div>\n<div>\n<div class=\"desc\">Hastighedsregulator tilladtJa<\/div>\n<div><a href=\"http:\/\/canfilters.nl\/files\/original\/canfan-q-max-uk-ec250-2000-min.pdf\">http:\/\/canfilters.nl\/files\/original\/canfan-q-max-uk-ec250-2000-min.pdf<\/a><\/div>\n<\/div>\n<\/div>\n<div><\/div>\n<div>\n<div>\n<div><strong>Q-MAX EC 315\/2850<\/strong><\/div>\n<div class=\"desc\">MaterialeMetal<\/div>\n<\/div>\n<div>\n<div class=\"desc\">V\u00e6gt18,5 kg<\/div>\n<\/div>\n<div>\n<div class=\"desc\">Diameter315 mm<\/div>\n<\/div>\n<div>\n<div class=\"desc\">Kapacitet2850 m3\/t<\/div>\n<\/div>\n<div>\n<div class=\"desc\">Nuv\u00e6rende2 A<\/div>\n<\/div>\n<div>\n<div class=\"desc\">Str\u00f8m287 W<\/div>\n<\/div>\n<div>\n<div class=\"desc\">Hastighedsregulator tilladtJa<\/div>\n<\/div>\n<\/div>\n<div>\n<div class=\"product-specifications\">\n<div>\n<div><a href=\"http:\/\/canfilters.nl\/files\/original\/canfan-q-max-uk-ec315-2850-min.pdf\">http:\/\/canfilters.nl\/files\/original\/canfan-q-max-uk-ec315-2850-min.pdf<\/a><\/div>\n<\/div>\n<\/div>\n<\/div>","protected":false},"excerpt":{"rendered":"<p>Denne<strong> Lydl\u00f8se Bl\u00e6ser fra Canfilter er udf\u00f8rt i absolut bedste kvalitet !<\/strong> bl\u00e6seren er med nyeste ec-teknologi og med den omkr\u00e6nsende lydd\u00e6mper er det<strong> slut med af blive forstyrret af en larmende bl\u00e6ser.\u00a0<\/strong><\/p>\n<p>der medf\u00f8lger tilslutninger s\u00e5 du kan v\u00e6lge en af de forskellige dimmer l\u00f8sninger til din bl\u00e6ser.<\/p>\n<h3><strong>SPECIFIKATIONER Q-MAX EC<\/strong><\/h3>\n<ul>\n<li>Nyeste teknologi\u00a0 EC-motor<\/li>\n<li>Lydl\u00f8s, effektiv og kraftfuld<\/li>\n<li>Meget st\u00f8jsvag og mindre str\u00f8mforbrug<\/li>\n<li>Galvaniseret metalhus ( Lydd\u00e6mper )<\/li>\n<li>medf\u00f8lgende jack tilslutninger<\/li>\n<li>Skumpolstret lydd\u00e6mper for maksimal st\u00f8jreduktion<\/li>\n<li>Kan styres ved hj\u00e6lp af<\/li>\n<\/ul>","protected":false},"featured_media":58100,"template":"","meta":{"_acf_changed":false},"product_brand":[],"product_cat":[1824,1869],"product_tag":[],"class_list":{"0":"post-58093","1":"product","2":"type-product","3":"status-publish","4":"has-post-thumbnail","6":"product_cat-klima","7":"product_cat-ventilator-udsug","8":"pa_stoerrelse-oe150-716m3","9":"pa_stoerrelse-oe200-1203m3","10":"pa_stoerrelse-oe250-2000m3","11":"pa_stoerrelse-oe315-2850m3","13":"first","14":"instock","15":"taxable","16":"shipping-taxable","17":"purchasable","18":"product-type-variable","19":"wvs-archive-product-wrapper"},"acf":[],"yoast_head":"<!-- This site is optimized with the Yoast SEO plugin v26.9 - https:\/\/yoast.com\/product\/yoast-seo-wordpress\/ -->\n<title>Q-Max EC Silent Fan - Superseeds.dk<\/title>\n<meta name=\"robots\" content=\"index, follow, max-snippet:-1, max-image-preview:large, max-video-preview:-1\" \/>\n<link rel=\"canonical\" href=\"https:\/\/superseeds.dk\/se\/produkt\/q-max-ec-silent-fan\/\" \/>\n<meta property=\"og:locale\" content=\"sv_SE\" \/>\n<meta property=\"og:type\" content=\"article\" \/>\n<meta property=\"og:title\" content=\"Q-Max EC Silent Fan - Superseeds.dk\" \/>\n<meta property=\"og:description\" content=\"Denne Lydl\u00f8se Bl\u00e6ser fra Canfilter er udf\u00f8rt i absolut bedste kvalitet ! bl\u00e6seren er med nyeste ec-teknologi og med den omkr\u00e6nsende lydd\u00e6mper er det slut med af blive forstyrret af en larmende bl\u00e6ser.\u00a0  der medf\u00f8lger tilslutninger s\u00e5 du kan v\u00e6lge en af de forskellige dimmer l\u00f8sninger til din bl\u00e6ser. SPECIFIKATIONER Q-MAX EC   Nyeste teknologi\u00a0 EC-motor  Lydl\u00f8s, effektiv og kraftfuld  Meget st\u00f8jsvag og mindre str\u00f8mforbrug  Galvaniseret metalhus ( Lydd\u00e6mper )  medf\u00f8lgende jack tilslutninger  Skumpolstret lydd\u00e6mper for maksimal st\u00f8jreduktion  Kan styres ved hj\u00e6lp af\" \/>\n<meta property=\"og:url\" content=\"https:\/\/superseeds.dk\/se\/produkt\/q-max-ec-silent-fan\/\" \/>\n<meta property=\"og:site_name\" content=\"Superseeds.dk\" \/>\n<meta property=\"article:modified_time\" content=\"2025-01-30T21:53:55+00:00\" \/>\n<meta property=\"og:image\" content=\"https:\/\/superseeds.dk\/wp-content\/uploads\/2025\/01\/Q-Max-EC-Silent-Fan.png\" \/>\n\t<meta property=\"og:image:width\" content=\"1080\" \/>\n\t<meta property=\"og:image:height\" content=\"1080\" \/>\n\t<meta property=\"og:image:type\" content=\"image\/png\" \/>\n<meta name=\"twitter:card\" content=\"summary_large_image\" \/>\n<meta name=\"twitter:label1\" content=\"Ber\u00e4knad l\u00e4stid\" \/>\n\t<meta name=\"twitter:data1\" content=\"1 minut\" \/>\n<script type=\"application\/ld+json\" class=\"yoast-schema-graph\">{\"@context\":\"https:\/\/schema.org\",\"@graph\":[{\"@type\":\"WebPage\",\"@id\":\"https:\/\/superseeds.dk\/vare\/q-max-ec-silent-fan\/\",\"url\":\"https:\/\/superseeds.dk\/vare\/q-max-ec-silent-fan\/\",\"name\":\"Q-Max EC Silent Fan - Superseeds.dk\",\"isPartOf\":{\"@id\":\"https:\/\/super-seeds.se\/#website\"},\"primaryImageOfPage\":{\"@id\":\"https:\/\/superseeds.dk\/vare\/q-max-ec-silent-fan\/#primaryimage\"},\"image\":{\"@id\":\"https:\/\/superseeds.dk\/vare\/q-max-ec-silent-fan\/#primaryimage\"},\"thumbnailUrl\":\"https:\/\/superseeds.dk\/wp-content\/uploads\/2025\/01\/Q-Max-EC-Silent-Fan.png\",\"datePublished\":\"2025-01-30T21:53:51+00:00\",\"dateModified\":\"2025-01-30T21:53:55+00:00\",\"breadcrumb\":{\"@id\":\"https:\/\/superseeds.dk\/vare\/q-max-ec-silent-fan\/#breadcrumb\"},\"inLanguage\":\"sv-SE\",\"potentialAction\":[{\"@type\":\"ReadAction\",\"target\":[\"https:\/\/superseeds.dk\/vare\/q-max-ec-silent-fan\/\"]}]},{\"@type\":\"ImageObject\",\"inLanguage\":\"sv-SE\",\"@id\":\"https:\/\/superseeds.dk\/vare\/q-max-ec-silent-fan\/#primaryimage\",\"url\":\"https:\/\/superseeds.dk\/wp-content\/uploads\/2025\/01\/Q-Max-EC-Silent-Fan.png\",\"contentUrl\":\"https:\/\/superseeds.dk\/wp-content\/uploads\/2025\/01\/Q-Max-EC-Silent-Fan.png\",\"width\":1080,\"height\":1080},{\"@type\":\"BreadcrumbList\",\"@id\":\"https:\/\/superseeds.dk\/vare\/q-max-ec-silent-fan\/#breadcrumb\",\"itemListElement\":[{\"@type\":\"ListItem\",\"position\":1,\"name\":\"Hjem\",\"item\":\"https:\/\/superseeds.dk\/\"},{\"@type\":\"ListItem\",\"position\":2,\"name\":\"Shop\",\"item\":\"https:\/\/superseeds.dk\/no\/butikk\/\"},{\"@type\":\"ListItem\",\"position\":3,\"name\":\"Q-Max EC Silent Fan\"}]},{\"@type\":\"WebSite\",\"@id\":\"https:\/\/super-seeds.se\/#website\",\"url\":\"https:\/\/super-seeds.se\/\",\"name\":\"Superseeds.dk\",\"description\":\"\",\"publisher\":{\"@id\":\"https:\/\/super-seeds.se\/#organization\"},\"potentialAction\":[{\"@type\":\"SearchAction\",\"target\":{\"@type\":\"EntryPoint\",\"urlTemplate\":\"https:\/\/super-seeds.se\/?s={search_term_string}\"},\"query-input\":{\"@type\":\"PropertyValueSpecification\",\"valueRequired\":true,\"valueName\":\"search_term_string\"}}],\"inLanguage\":\"sv-SE\"},{\"@type\":\"Organization\",\"@id\":\"https:\/\/super-seeds.se\/#organization\",\"name\":\"Superseeds.dk\",\"url\":\"https:\/\/super-seeds.se\/\",\"logo\":{\"@type\":\"ImageObject\",\"inLanguage\":\"sv-SE\",\"@id\":\"https:\/\/super-seeds.se\/#\/schema\/logo\/image\/\",\"url\":\"https:\/\/superseeds.dk\/wp-content\/uploads\/2025\/09\/logo-superseeds.png\",\"contentUrl\":\"https:\/\/superseeds.dk\/wp-content\/uploads\/2025\/09\/logo-superseeds.png\",\"width\":180,\"height\":160,\"caption\":\"Superseeds.dk\"},\"image\":{\"@id\":\"https:\/\/super-seeds.se\/#\/schema\/logo\/image\/\"}}]}<\/script>\n<!-- \/ Yoast SEO plugin. -->","yoast_head_json":{"title":"Q-Max EC Silent Fan - Superseeds.dk","robots":{"index":"index","follow":"follow","max-snippet":"max-snippet:-1","max-image-preview":"max-image-preview:large","max-video-preview":"max-video-preview:-1"},"canonical":"https:\/\/superseeds.dk\/se\/produkt\/q-max-ec-silent-fan\/","og_locale":"sv_SE","og_type":"article","og_title":"Q-Max EC Silent Fan - Superseeds.dk","og_description":"Denne Lydl\u00f8se Bl\u00e6ser fra Canfilter er udf\u00f8rt i absolut bedste kvalitet ! bl\u00e6seren er med nyeste ec-teknologi og med den omkr\u00e6nsende lydd\u00e6mper er det slut med af blive forstyrret af en larmende bl\u00e6ser.\u00a0  der medf\u00f8lger tilslutninger s\u00e5 du kan v\u00e6lge en af de forskellige dimmer l\u00f8sninger til din bl\u00e6ser. SPECIFIKATIONER Q-MAX EC   Nyeste teknologi\u00a0 EC-motor  Lydl\u00f8s, effektiv og kraftfuld  Meget st\u00f8jsvag og mindre str\u00f8mforbrug  Galvaniseret metalhus ( Lydd\u00e6mper )  medf\u00f8lgende jack tilslutninger  Skumpolstret lydd\u00e6mper for maksimal st\u00f8jreduktion  Kan styres ved hj\u00e6lp af","og_url":"https:\/\/superseeds.dk\/se\/produkt\/q-max-ec-silent-fan\/","og_site_name":"Superseeds.dk","article_modified_time":"2025-01-30T21:53:55+00:00","og_image":[{"width":1080,"height":1080,"url":"https:\/\/superseeds.dk\/wp-content\/uploads\/2025\/01\/Q-Max-EC-Silent-Fan.png","type":"image\/png"}],"twitter_card":"summary_large_image","twitter_misc":{"Ber\u00e4knad l\u00e4stid":"1 minut"},"schema":{"@context":"https:\/\/schema.org","@graph":[{"@type":"WebPage","@id":"https:\/\/superseeds.dk\/vare\/q-max-ec-silent-fan\/","url":"https:\/\/superseeds.dk\/vare\/q-max-ec-silent-fan\/","name":"Q-Max EC Silent Fan - Superseeds.dk","isPartOf":{"@id":"https:\/\/super-seeds.se\/#website"},"primaryImageOfPage":{"@id":"https:\/\/superseeds.dk\/vare\/q-max-ec-silent-fan\/#primaryimage"},"image":{"@id":"https:\/\/superseeds.dk\/vare\/q-max-ec-silent-fan\/#primaryimage"},"thumbnailUrl":"https:\/\/superseeds.dk\/wp-content\/uploads\/2025\/01\/Q-Max-EC-Silent-Fan.png","datePublished":"2025-01-30T21:53:51+00:00","dateModified":"2025-01-30T21:53:55+00:00","breadcrumb":{"@id":"https:\/\/superseeds.dk\/vare\/q-max-ec-silent-fan\/#breadcrumb"},"inLanguage":"sv-SE","potentialAction":[{"@type":"ReadAction","target":["https:\/\/superseeds.dk\/vare\/q-max-ec-silent-fan\/"]}]},{"@type":"ImageObject","inLanguage":"sv-SE","@id":"https:\/\/superseeds.dk\/vare\/q-max-ec-silent-fan\/#primaryimage","url":"https:\/\/superseeds.dk\/wp-content\/uploads\/2025\/01\/Q-Max-EC-Silent-Fan.png","contentUrl":"https:\/\/superseeds.dk\/wp-content\/uploads\/2025\/01\/Q-Max-EC-Silent-Fan.png","width":1080,"height":1080},{"@type":"BreadcrumbList","@id":"https:\/\/superseeds.dk\/vare\/q-max-ec-silent-fan\/#breadcrumb","itemListElement":[{"@type":"ListItem","position":1,"name":"Hjem","item":"https:\/\/superseeds.dk\/"},{"@type":"ListItem","position":2,"name":"Shop","item":"https:\/\/superseeds.dk\/no\/butikk\/"},{"@type":"ListItem","position":3,"name":"Q-Max EC Silent Fan"}]},{"@type":"WebSite","@id":"https:\/\/super-seeds.se\/#website","url":"https:\/\/super-seeds.se\/","name":"Superseeds.com","description":"","publisher":{"@id":"https:\/\/super-seeds.se\/#organization"},"potentialAction":[{"@type":"SearchAction","target":{"@type":"EntryPoint","urlTemplate":"https:\/\/super-seeds.se\/?s={search_term_string}"},"query-input":{"@type":"PropertyValueSpecification","valueRequired":true,"valueName":"search_term_string"}}],"inLanguage":"sv-SE"},{"@type":"Organization","@id":"https:\/\/super-seeds.se\/#organization","name":"Superseeds.com","url":"https:\/\/super-seeds.se\/","logo":{"@type":"ImageObject","inLanguage":"sv-SE","@id":"https:\/\/super-seeds.se\/#\/schema\/logo\/image\/","url":"https:\/\/superseeds.dk\/wp-content\/uploads\/2025\/09\/logo-superseeds.png","contentUrl":"https:\/\/superseeds.dk\/wp-content\/uploads\/2025\/09\/logo-superseeds.png","width":180,"height":160,"caption":"Superseeds.dk"},"image":{"@id":"https:\/\/super-seeds.se\/#\/schema\/logo\/image\/"}}]}},"df_price":3995,"df_sale_price":"","df_regular_price":3995,"df_image_link":"https:\/\/superseeds.dk\/wp-content\/uploads\/2025\/01\/Q-Max-EC-Silent-Fan-1024x1024.png","_links":{"self":[{"href":"https:\/\/superseeds.dk\/se\/wp-json\/wp\/v2\/product\/58093","targetHints":{"allow":["GET"]}}],"collection":[{"href":"https:\/\/superseeds.dk\/se\/wp-json\/wp\/v2\/product"}],"about":[{"href":"https:\/\/superseeds.dk\/se\/wp-json\/wp\/v2\/types\/product"}],"wp:featuredmedia":[{"embeddable":true,"href":"https:\/\/superseeds.dk\/se\/wp-json\/wp\/v2\/media\/58100"}],"wp:attachment":[{"href":"https:\/\/superseeds.dk\/se\/wp-json\/wp\/v2\/media?parent=58093"}],"wp:term":[{"taxonomy":"product_brand","embeddable":true,"href":"https:\/\/superseeds.dk\/se\/wp-json\/wp\/v2\/product_brand?post=58093"},{"taxonomy":"product_cat","embeddable":true,"href":"https:\/\/superseeds.dk\/se\/wp-json\/wp\/v2\/product_cat?post=58093"},{"taxonomy":"product_tag","embeddable":true,"href":"https:\/\/superseeds.dk\/se\/wp-json\/wp\/v2\/product_tag?post=58093"}],"curies":[{"name":"wp","href":"https:\/\/api.w.org\/{rel}","templated":true}]}}