{"id":57369,"date":"2025-01-30T22:33:55","date_gmt":"2025-01-30T21:33:55","guid":{"rendered":"https:\/\/superseeds.dk\/vare\/biobizz-root-juice\/"},"modified":"2025-01-30T22:33:58","modified_gmt":"2025-01-30T21:33:58","slug":"biobizz-root-juice","status":"publish","type":"product","link":"https:\/\/superseeds.dk\/se\/produkt\/biobizz-root-juice\/","title":{"rendered":"BIOBIZZ ROTJUICE"},"content":{"rendered":"<h3>Root\u00b7Juice<br \/>\n&#8211; Sunde r\u00f8dder giver sunde planter<\/h3>\n<p>Lige fra start hj\u00e6lper Root\u00b7Juice med etablering af rodsystemet liges\u00e5 vel som v\u00e6ksten af planter der allerede har st\u00e5et r\u00f8dder. Det sikre dig at din planter er bedre rustet til at absorbere n\u00e6ringsstoffer hurtigere og derved g\u00f8r dem st\u00e6rkere og mere modstandsdygtige, s\u00e5 du i sidste ende er garanteret en god h\u00f8st.<br \/>\nRoot\u00b7Juice kan bruges i alt typer v\u00e6kstsystemer og substrater.<\/p>\n<p>Det kan desuden v\u00e6re gavnligt at give Root\u00b7Juice hvis du omplanter dine planter, da de netop skal udvikle et st\u00f8rre rodnet.<\/p>\n<p><strong>Dosering:<\/strong><\/p>\n<p>1-4ml pr. L<br \/>\n<a href=\"http:\/\/gro-lys.dk\/vare-kategori\/groudstyr\/plantegoedning\/goednings-skemaer\/biobizz-skema\/\">Klik her for g\u00f8dningssplan og produktinformation<\/a><\/p>","protected":false},"excerpt":{"rendered":"<div class=\"vc_col-sm-10 wpb_column column_container vc_column_container col no-extra-padding instance-1 no-left-margin\" data-t-w-inherits=\"default\" data-border-radius=\"none\" data-shadow=\"none\" data-border-animation=\"\" data-border-animation-delay=\"\" data-border-width=\"none\" data-border-style=\"solid\" data-border-color=\"\" data-bg-cover=\"\" data-padding-pos=\"all\" data-has-bg-color=\"false\" data-bg-color=\"\" data-bg-opacity=\"1\" data-hover-bg=\"\" data-hover-bg-opacity=\"1\" data-animation=\"\" data-delay=\"0\">\n<div class=\"vc_column-inner\">\n<div class=\"wpb_wrapper\">\n<div id=\"fws_5ee4237c9b5a6\" class=\"wpb_row vc_row-fluid vc_row inner_row standard_section\" data-midnight=\"\" data-column-margin=\"default\" data-bg-mobile-hidden=\"\">\n<div class=\"col span_12 left\">\n<div class=\"vc_col-sm-12 wpb_column column_container vc_column_container col no-extra-padding instance-2 no-left-margin\" data-t-w-inherits=\"default\" data-shadow=\"none\" data-border-radius=\"none\" data-border-animation=\"\" data-border-animation-delay=\"\" data-border-width=\"none\" data-border-style=\"solid\" data-border-color=\"\" data-bg-cover=\"\" data-padding-pos=\"all\" data-has-bg-color=\"false\" data-bg-color=\"\" data-bg-opacity=\"1\" data-hover-bg=\"\" data-hover-bg-opacity=\"1\" data-animation=\"\" data-delay=\"0\">\n<div class=\"vc_column-inner\">\n<div class=\"wpb_wrapper\">\n<div class=\"wpb_text_column wpb_content_element\">\n<div class=\"wpb_wrapper\">\n<h2>Root\u00b7Juice &#8211; Det f\u00f8rste skridt imod en fantastisk h\u00f8st!<\/h2>\n<\/div>\n<\/div>\n<\/div>\n<\/div>\n<\/div>\n<\/div>\n<\/div>\n<\/div>\n<\/div>\n<\/div>\n<p>Root\u00b7Juice fra BioBizz er lavet 100% af gr\u00f8ntsager og er designet til \u00f8kologisk dyrkning.<br \/>\nDu f\u00e5r en fantastisk kombination af h\u00f8jkvalitets humic acid og tang. Denne specielle kombination fremmer en eksplosiv rodv\u00e6kst og er fuld af n\u00e6ring til det biologiske liv der er en del af din plantes rodsystem.<\/p>","protected":false},"featured_media":57380,"template":"","meta":{"_acf_changed":false},"product_brand":[],"product_cat":[1915,1815,1836],"product_tag":[],"class_list":{"0":"post-57369","1":"product","2":"type-product","3":"status-publish","4":"has-post-thumbnail","6":"product_cat-biobizz","7":"product_cat-groudstyr","8":"product_cat-plantegoedning","9":"pa_liter-0-25-l","10":"pa_liter-0-5-l","11":"pa_liter-1-l","12":"pa_liter-10-l","13":"pa_liter-5-l","15":"first","16":"onbackorder","17":"taxable","18":"shipping-taxable","19":"purchasable","20":"product-type-variable","21":"wvs-archive-product-wrapper"},"acf":[],"yoast_head":"<!-- This site is optimized with the Yoast SEO plugin v26.9 - https:\/\/yoast.com\/product\/yoast-seo-wordpress\/ -->\n<title>BIOBIZZ ROOT JUICE - Superseeds.dk<\/title>\n<meta name=\"robots\" content=\"index, follow, max-snippet:-1, max-image-preview:large, max-video-preview:-1\" \/>\n<link rel=\"canonical\" href=\"https:\/\/superseeds.dk\/se\/produkt\/biobizz-root-juice\/\" \/>\n<meta property=\"og:locale\" content=\"sv_SE\" \/>\n<meta property=\"og:type\" content=\"article\" \/>\n<meta property=\"og:title\" content=\"BIOBIZZ ROOT JUICE - Superseeds.dk\" \/>\n<meta property=\"og:description\" content=\"Root\u00b7Juice - Det f\u00f8rste skridt imod en fantastisk h\u00f8st!           Root\u00b7Juice fra BioBizz er lavet 100% af gr\u00f8ntsager og er designet til \u00f8kologisk dyrkning. Du f\u00e5r en fantastisk kombination af h\u00f8jkvalitets humic acid og tang. Denne specielle kombination fremmer en eksplosiv rodv\u00e6kst og er fuld af n\u00e6ring til det biologiske liv der er en del af din plantes rodsystem.\" \/>\n<meta property=\"og:url\" content=\"https:\/\/superseeds.dk\/se\/produkt\/biobizz-root-juice\/\" \/>\n<meta property=\"og:site_name\" content=\"Superseeds.dk\" \/>\n<meta property=\"article:modified_time\" content=\"2025-01-30T21:33:58+00:00\" \/>\n<meta property=\"og:image\" content=\"https:\/\/superseeds.dk\/wp-content\/uploads\/2025\/01\/BIOBIZZ-ROOT-JUICE.png\" \/>\n\t<meta property=\"og:image:width\" content=\"1080\" \/>\n\t<meta property=\"og:image:height\" content=\"1080\" \/>\n\t<meta property=\"og:image:type\" content=\"image\/png\" \/>\n<meta name=\"twitter:card\" content=\"summary_large_image\" \/>\n<meta name=\"twitter:label1\" content=\"Ber\u00e4knad l\u00e4stid\" \/>\n\t<meta name=\"twitter:data1\" content=\"1 minut\" \/>\n<script type=\"application\/ld+json\" class=\"yoast-schema-graph\">{\"@context\":\"https:\/\/schema.org\",\"@graph\":[{\"@type\":\"WebPage\",\"@id\":\"https:\/\/superseeds.dk\/vare\/biobizz-root-juice\/\",\"url\":\"https:\/\/superseeds.dk\/vare\/biobizz-root-juice\/\",\"name\":\"BIOBIZZ ROOT JUICE - Superseeds.dk\",\"isPartOf\":{\"@id\":\"https:\/\/super-seeds.se\/#website\"},\"primaryImageOfPage\":{\"@id\":\"https:\/\/superseeds.dk\/vare\/biobizz-root-juice\/#primaryimage\"},\"image\":{\"@id\":\"https:\/\/superseeds.dk\/vare\/biobizz-root-juice\/#primaryimage\"},\"thumbnailUrl\":\"https:\/\/superseeds.dk\/wp-content\/uploads\/2025\/01\/BIOBIZZ-ROOT-JUICE.png\",\"datePublished\":\"2025-01-30T21:33:55+00:00\",\"dateModified\":\"2025-01-30T21:33:58+00:00\",\"breadcrumb\":{\"@id\":\"https:\/\/superseeds.dk\/vare\/biobizz-root-juice\/#breadcrumb\"},\"inLanguage\":\"sv-SE\",\"potentialAction\":[{\"@type\":\"ReadAction\",\"target\":[\"https:\/\/superseeds.dk\/vare\/biobizz-root-juice\/\"]}]},{\"@type\":\"ImageObject\",\"inLanguage\":\"sv-SE\",\"@id\":\"https:\/\/superseeds.dk\/vare\/biobizz-root-juice\/#primaryimage\",\"url\":\"https:\/\/superseeds.dk\/wp-content\/uploads\/2025\/01\/BIOBIZZ-ROOT-JUICE.png\",\"contentUrl\":\"https:\/\/superseeds.dk\/wp-content\/uploads\/2025\/01\/BIOBIZZ-ROOT-JUICE.png\",\"width\":1080,\"height\":1080},{\"@type\":\"BreadcrumbList\",\"@id\":\"https:\/\/superseeds.dk\/vare\/biobizz-root-juice\/#breadcrumb\",\"itemListElement\":[{\"@type\":\"ListItem\",\"position\":1,\"name\":\"Hjem\",\"item\":\"https:\/\/superseeds.dk\/\"},{\"@type\":\"ListItem\",\"position\":2,\"name\":\"Shop\",\"item\":\"https:\/\/superseeds.dk\/no\/butikk\/\"},{\"@type\":\"ListItem\",\"position\":3,\"name\":\"BIOBIZZ ROOT JUICE\"}]},{\"@type\":\"WebSite\",\"@id\":\"https:\/\/super-seeds.se\/#website\",\"url\":\"https:\/\/super-seeds.se\/\",\"name\":\"Superseeds.dk\",\"description\":\"\",\"publisher\":{\"@id\":\"https:\/\/super-seeds.se\/#organization\"},\"potentialAction\":[{\"@type\":\"SearchAction\",\"target\":{\"@type\":\"EntryPoint\",\"urlTemplate\":\"https:\/\/super-seeds.se\/?s={search_term_string}\"},\"query-input\":{\"@type\":\"PropertyValueSpecification\",\"valueRequired\":true,\"valueName\":\"search_term_string\"}}],\"inLanguage\":\"sv-SE\"},{\"@type\":\"Organization\",\"@id\":\"https:\/\/super-seeds.se\/#organization\",\"name\":\"Superseeds.dk\",\"url\":\"https:\/\/super-seeds.se\/\",\"logo\":{\"@type\":\"ImageObject\",\"inLanguage\":\"sv-SE\",\"@id\":\"https:\/\/super-seeds.se\/#\/schema\/logo\/image\/\",\"url\":\"https:\/\/superseeds.dk\/wp-content\/uploads\/2025\/09\/logo-superseeds.png\",\"contentUrl\":\"https:\/\/superseeds.dk\/wp-content\/uploads\/2025\/09\/logo-superseeds.png\",\"width\":180,\"height\":160,\"caption\":\"Superseeds.dk\"},\"image\":{\"@id\":\"https:\/\/super-seeds.se\/#\/schema\/logo\/image\/\"}}]}<\/script>\n<!-- \/ Yoast SEO plugin. -->","yoast_head_json":{"title":"BIOBIZZ ROOT JUICE - Superseeds.dk","robots":{"index":"index","follow":"follow","max-snippet":"max-snippet:-1","max-image-preview":"max-image-preview:large","max-video-preview":"max-video-preview:-1"},"canonical":"https:\/\/superseeds.dk\/se\/produkt\/biobizz-root-juice\/","og_locale":"sv_SE","og_type":"article","og_title":"BIOBIZZ ROOT JUICE - Superseeds.dk","og_description":"Root\u00b7Juice - Det f\u00f8rste skridt imod en fantastisk h\u00f8st!           Root\u00b7Juice fra BioBizz er lavet 100% af gr\u00f8ntsager og er designet til \u00f8kologisk dyrkning. Du f\u00e5r en fantastisk kombination af h\u00f8jkvalitets humic acid og tang. Denne specielle kombination fremmer en eksplosiv rodv\u00e6kst og er fuld af n\u00e6ring til det biologiske liv der er en del af din plantes rodsystem.","og_url":"https:\/\/superseeds.dk\/se\/produkt\/biobizz-root-juice\/","og_site_name":"Superseeds.dk","article_modified_time":"2025-01-30T21:33:58+00:00","og_image":[{"width":1080,"height":1080,"url":"https:\/\/superseeds.dk\/wp-content\/uploads\/2025\/01\/BIOBIZZ-ROOT-JUICE.png","type":"image\/png"}],"twitter_card":"summary_large_image","twitter_misc":{"Ber\u00e4knad l\u00e4stid":"1 minut"},"schema":{"@context":"https:\/\/schema.org","@graph":[{"@type":"WebPage","@id":"https:\/\/superseeds.dk\/vare\/biobizz-root-juice\/","url":"https:\/\/superseeds.dk\/vare\/biobizz-root-juice\/","name":"BIOBIZZ ROOT JUICE - Superseeds.dk","isPartOf":{"@id":"https:\/\/super-seeds.se\/#website"},"primaryImageOfPage":{"@id":"https:\/\/superseeds.dk\/vare\/biobizz-root-juice\/#primaryimage"},"image":{"@id":"https:\/\/superseeds.dk\/vare\/biobizz-root-juice\/#primaryimage"},"thumbnailUrl":"https:\/\/superseeds.dk\/wp-content\/uploads\/2025\/01\/BIOBIZZ-ROOT-JUICE.png","datePublished":"2025-01-30T21:33:55+00:00","dateModified":"2025-01-30T21:33:58+00:00","breadcrumb":{"@id":"https:\/\/superseeds.dk\/vare\/biobizz-root-juice\/#breadcrumb"},"inLanguage":"sv-SE","potentialAction":[{"@type":"ReadAction","target":["https:\/\/superseeds.dk\/vare\/biobizz-root-juice\/"]}]},{"@type":"ImageObject","inLanguage":"sv-SE","@id":"https:\/\/superseeds.dk\/vare\/biobizz-root-juice\/#primaryimage","url":"https:\/\/superseeds.dk\/wp-content\/uploads\/2025\/01\/BIOBIZZ-ROOT-JUICE.png","contentUrl":"https:\/\/superseeds.dk\/wp-content\/uploads\/2025\/01\/BIOBIZZ-ROOT-JUICE.png","width":1080,"height":1080},{"@type":"BreadcrumbList","@id":"https:\/\/superseeds.dk\/vare\/biobizz-root-juice\/#breadcrumb","itemListElement":[{"@type":"ListItem","position":1,"name":"Hjem","item":"https:\/\/superseeds.dk\/"},{"@type":"ListItem","position":2,"name":"Shop","item":"https:\/\/superseeds.dk\/no\/butikk\/"},{"@type":"ListItem","position":3,"name":"BIOBIZZ ROOT JUICE"}]},{"@type":"WebSite","@id":"https:\/\/super-seeds.se\/#website","url":"https:\/\/super-seeds.se\/","name":"Superseeds.com","description":"","publisher":{"@id":"https:\/\/super-seeds.se\/#organization"},"potentialAction":[{"@type":"SearchAction","target":{"@type":"EntryPoint","urlTemplate":"https:\/\/super-seeds.se\/?s={search_term_string}"},"query-input":{"@type":"PropertyValueSpecification","valueRequired":true,"valueName":"search_term_string"}}],"inLanguage":"sv-SE"},{"@type":"Organization","@id":"https:\/\/super-seeds.se\/#organization","name":"Superseeds.com","url":"https:\/\/super-seeds.se\/","logo":{"@type":"ImageObject","inLanguage":"sv-SE","@id":"https:\/\/super-seeds.se\/#\/schema\/logo\/image\/","url":"https:\/\/superseeds.dk\/wp-content\/uploads\/2025\/09\/logo-superseeds.png","contentUrl":"https:\/\/superseeds.dk\/wp-content\/uploads\/2025\/09\/logo-superseeds.png","width":180,"height":160,"caption":"Superseeds.dk"},"image":{"@id":"https:\/\/super-seeds.se\/#\/schema\/logo\/image\/"}}]}},"df_price":119,"df_sale_price":"","df_regular_price":119,"df_image_link":"https:\/\/superseeds.dk\/wp-content\/uploads\/2025\/01\/BIOBIZZ-ROOT-JUICE-1024x1024.png","_links":{"self":[{"href":"https:\/\/superseeds.dk\/se\/wp-json\/wp\/v2\/product\/57369","targetHints":{"allow":["GET"]}}],"collection":[{"href":"https:\/\/superseeds.dk\/se\/wp-json\/wp\/v2\/product"}],"about":[{"href":"https:\/\/superseeds.dk\/se\/wp-json\/wp\/v2\/types\/product"}],"wp:featuredmedia":[{"embeddable":true,"href":"https:\/\/superseeds.dk\/se\/wp-json\/wp\/v2\/media\/57380"}],"wp:attachment":[{"href":"https:\/\/superseeds.dk\/se\/wp-json\/wp\/v2\/media?parent=57369"}],"wp:term":[{"taxonomy":"product_brand","embeddable":true,"href":"https:\/\/superseeds.dk\/se\/wp-json\/wp\/v2\/product_brand?post=57369"},{"taxonomy":"product_cat","embeddable":true,"href":"https:\/\/superseeds.dk\/se\/wp-json\/wp\/v2\/product_cat?post=57369"},{"taxonomy":"product_tag","embeddable":true,"href":"https:\/\/superseeds.dk\/se\/wp-json\/wp\/v2\/product_tag?post=57369"}],"curies":[{"name":"wp","href":"https:\/\/api.w.org\/{rel}","templated":true}]}}