{"id":57295,"date":"2025-01-30T22:33:19","date_gmt":"2025-01-30T21:33:19","guid":{"rendered":"https:\/\/superseeds.dk\/vare\/biobizz-bio-bloom\/"},"modified":"2025-01-30T22:33:22","modified_gmt":"2025-01-30T21:33:22","slug":"biobizz-bio-bloom","status":"publish","type":"product","link":"https:\/\/superseeds.dk\/se\/produkt\/biobizz-bio-bloom\/","title":{"rendered":"BIOBIZZ BIO BLOOM"},"content":{"rendered":"<h3><strong>BioBizz Bio\u00b7Bloom<\/strong><\/h3>\n<p>Bio<b>\u00b7<\/b>Bloom fra Biobizz er fyldt med helt naturlige \u00f8kologisk n\u00e6ringsstoffer til dine blomster og anvendes fra starten af \u200b\u200bblomstring indtil h\u00f8st.<br \/>\nBio-Bloom er fuld af naturlige mineraler, mikron\u00e6ringsstoffer, aminosyrer og hormoner til at fremme st\u00f8rre blomster.<\/p>\n<p><strong>Bio<b>\u00b7<\/b>Bloom Anvendelse:<\/strong><br \/>\nBio-Bloom er en organisk v\u00e6ske plante f\u00f8devarer, der skal anvendes i hele blomstringsfasen.<\/p>\n<p>BioBizz Bio-Bloom kan bruges i alle slags systemer, hvad enten du bruger substrater eller k\u00f8re hydro.<br \/>\n<strong>OBS:<\/strong> P\u00e5 grund af sin organiske naturlige fyldes op BioBizz anbefaler ikke at bruge Bio-Bloom i recirkulerende hydroponiske systemer, da det anbefales at g\u00f8dningsblandingen skal bruges samme dag.<\/p>\n<p>1 liter kunne lave 200-500 liter g\u00f8dningsvand, afh\u00e6ngig af hvor meget Bio\u00b7Bloom du bruger.<\/p>\n<p><strong>Indhold:<\/strong><\/p>\n<p>Nitrogen: 2%<br \/>\nNitrat: 1,5%<br \/>\nFosfor: 6,49%<br \/>\nKalium: 4,36%<\/p>\n<p><strong>Dosering:<\/strong><\/p>\n<p>2-5 ml pr. L<br \/>\n<a href=\"http:\/\/gro-lys.dk\/vare-kategori\/groudstyr\/plantegoedning\/goednings-skemaer\/biobizz-skema\/\">Klik her for g\u00f8dningsskema og produktinformation\u00a0<\/a><\/p>","protected":false},"excerpt":{"rendered":"<h3>BioBizz Bio<b>\u00b7<\/b>Bloom: Den perfekte partner til store blomster!<\/h3>\n<p>Vil du ogs\u00e5 gerne have store blomster som dufter og smager bedre? S\u00e5 skal du bruge denne 100% \u00f8kologiske, komplette flydende g\u00f8dning.<\/p>\n<p>Det indeholder den optimale blanding af nitrogen, fosfor og kalium sammen med enzymer og aminosyrer &#8211; som alt sammen arbejder i perfekt symbiose med din jord.<br \/>\nmikron\u00e6ringsstoffer og hormoner af vegetabilsk oprindelse er ogs\u00e5 blevet tilf\u00f8jet, for at hj\u00e6lpe med at skabe en st\u00e6rkere stamme og kraftig blomstrende plante.<\/p>","protected":false},"featured_media":57308,"template":"","meta":{"_acf_changed":false},"product_brand":[],"product_cat":[1915,1815,1836],"product_tag":[],"class_list":{"0":"post-57295","1":"product","2":"type-product","3":"status-publish","4":"has-post-thumbnail","6":"product_cat-biobizz","7":"product_cat-groudstyr","8":"product_cat-plantegoedning","9":"pa_liter-0-25-l","10":"pa_liter-0-5-l","11":"pa_liter-1-l","12":"pa_liter-10-l","13":"pa_liter-5-l","15":"first","16":"onbackorder","17":"taxable","18":"shipping-taxable","19":"purchasable","20":"product-type-variable","21":"wvs-archive-product-wrapper"},"acf":[],"yoast_head":"<!-- This site is optimized with the Yoast SEO plugin v26.9 - https:\/\/yoast.com\/product\/yoast-seo-wordpress\/ -->\n<title>BIOBIZZ BIO BLOOM - Superseeds.dk<\/title>\n<meta name=\"robots\" content=\"index, follow, max-snippet:-1, max-image-preview:large, max-video-preview:-1\" \/>\n<link rel=\"canonical\" href=\"https:\/\/superseeds.dk\/se\/produkt\/biobizz-bio-bloom\/\" \/>\n<meta property=\"og:locale\" content=\"sv_SE\" \/>\n<meta property=\"og:type\" content=\"article\" \/>\n<meta property=\"og:title\" content=\"BIOBIZZ BIO BLOOM - Superseeds.dk\" \/>\n<meta property=\"og:description\" content=\"BioBizz Bio\u00b7Bloom: Den perfekte partner til store blomster! Vil du ogs\u00e5 gerne have store blomster som dufter og smager bedre? S\u00e5 skal du bruge denne 100% \u00f8kologiske, komplette flydende g\u00f8dning.  Det indeholder den optimale blanding af nitrogen, fosfor og kalium sammen med enzymer og aminosyrer - som alt sammen arbejder i perfekt symbiose med din jord. mikron\u00e6ringsstoffer og hormoner af vegetabilsk oprindelse er ogs\u00e5 blevet tilf\u00f8jet, for at hj\u00e6lpe med at skabe en st\u00e6rkere stamme og kraftig blomstrende plante.\" \/>\n<meta property=\"og:url\" content=\"https:\/\/superseeds.dk\/se\/produkt\/biobizz-bio-bloom\/\" \/>\n<meta property=\"og:site_name\" content=\"Superseeds.dk\" \/>\n<meta property=\"article:modified_time\" content=\"2025-01-30T21:33:22+00:00\" \/>\n<meta property=\"og:image\" content=\"https:\/\/superseeds.dk\/wp-content\/uploads\/2025\/01\/BIOBIZZ-BIO-BLOOM.png\" \/>\n\t<meta property=\"og:image:width\" content=\"1080\" \/>\n\t<meta property=\"og:image:height\" content=\"1080\" \/>\n\t<meta property=\"og:image:type\" content=\"image\/png\" \/>\n<meta name=\"twitter:card\" content=\"summary_large_image\" \/>\n<meta name=\"twitter:label1\" content=\"Ber\u00e4knad l\u00e4stid\" \/>\n\t<meta name=\"twitter:data1\" content=\"1 minut\" \/>\n<script type=\"application\/ld+json\" class=\"yoast-schema-graph\">{\"@context\":\"https:\/\/schema.org\",\"@graph\":[{\"@type\":\"WebPage\",\"@id\":\"https:\/\/superseeds.dk\/vare\/biobizz-bio-bloom\/\",\"url\":\"https:\/\/superseeds.dk\/vare\/biobizz-bio-bloom\/\",\"name\":\"BIOBIZZ BIO BLOOM - Superseeds.dk\",\"isPartOf\":{\"@id\":\"https:\/\/super-seeds.se\/#website\"},\"primaryImageOfPage\":{\"@id\":\"https:\/\/superseeds.dk\/vare\/biobizz-bio-bloom\/#primaryimage\"},\"image\":{\"@id\":\"https:\/\/superseeds.dk\/vare\/biobizz-bio-bloom\/#primaryimage\"},\"thumbnailUrl\":\"https:\/\/superseeds.dk\/wp-content\/uploads\/2025\/01\/BIOBIZZ-BIO-BLOOM.png\",\"datePublished\":\"2025-01-30T21:33:19+00:00\",\"dateModified\":\"2025-01-30T21:33:22+00:00\",\"breadcrumb\":{\"@id\":\"https:\/\/superseeds.dk\/vare\/biobizz-bio-bloom\/#breadcrumb\"},\"inLanguage\":\"sv-SE\",\"potentialAction\":[{\"@type\":\"ReadAction\",\"target\":[\"https:\/\/superseeds.dk\/vare\/biobizz-bio-bloom\/\"]}]},{\"@type\":\"ImageObject\",\"inLanguage\":\"sv-SE\",\"@id\":\"https:\/\/superseeds.dk\/vare\/biobizz-bio-bloom\/#primaryimage\",\"url\":\"https:\/\/superseeds.dk\/wp-content\/uploads\/2025\/01\/BIOBIZZ-BIO-BLOOM.png\",\"contentUrl\":\"https:\/\/superseeds.dk\/wp-content\/uploads\/2025\/01\/BIOBIZZ-BIO-BLOOM.png\",\"width\":1080,\"height\":1080},{\"@type\":\"BreadcrumbList\",\"@id\":\"https:\/\/superseeds.dk\/vare\/biobizz-bio-bloom\/#breadcrumb\",\"itemListElement\":[{\"@type\":\"ListItem\",\"position\":1,\"name\":\"Hjem\",\"item\":\"https:\/\/superseeds.dk\/\"},{\"@type\":\"ListItem\",\"position\":2,\"name\":\"Shop\",\"item\":\"https:\/\/superseeds.dk\/no\/butikk\/\"},{\"@type\":\"ListItem\",\"position\":3,\"name\":\"BIOBIZZ BIO BLOOM\"}]},{\"@type\":\"WebSite\",\"@id\":\"https:\/\/super-seeds.se\/#website\",\"url\":\"https:\/\/super-seeds.se\/\",\"name\":\"Superseeds.dk\",\"description\":\"\",\"publisher\":{\"@id\":\"https:\/\/super-seeds.se\/#organization\"},\"potentialAction\":[{\"@type\":\"SearchAction\",\"target\":{\"@type\":\"EntryPoint\",\"urlTemplate\":\"https:\/\/super-seeds.se\/?s={search_term_string}\"},\"query-input\":{\"@type\":\"PropertyValueSpecification\",\"valueRequired\":true,\"valueName\":\"search_term_string\"}}],\"inLanguage\":\"sv-SE\"},{\"@type\":\"Organization\",\"@id\":\"https:\/\/super-seeds.se\/#organization\",\"name\":\"Superseeds.dk\",\"url\":\"https:\/\/super-seeds.se\/\",\"logo\":{\"@type\":\"ImageObject\",\"inLanguage\":\"sv-SE\",\"@id\":\"https:\/\/super-seeds.se\/#\/schema\/logo\/image\/\",\"url\":\"https:\/\/superseeds.dk\/wp-content\/uploads\/2025\/09\/logo-superseeds.png\",\"contentUrl\":\"https:\/\/superseeds.dk\/wp-content\/uploads\/2025\/09\/logo-superseeds.png\",\"width\":180,\"height\":160,\"caption\":\"Superseeds.dk\"},\"image\":{\"@id\":\"https:\/\/super-seeds.se\/#\/schema\/logo\/image\/\"}}]}<\/script>\n<!-- \/ Yoast SEO plugin. -->","yoast_head_json":{"title":"BIOBIZZ BIO BLOOM - Superseeds.dk","robots":{"index":"index","follow":"follow","max-snippet":"max-snippet:-1","max-image-preview":"max-image-preview:large","max-video-preview":"max-video-preview:-1"},"canonical":"https:\/\/superseeds.dk\/se\/produkt\/biobizz-bio-bloom\/","og_locale":"sv_SE","og_type":"article","og_title":"BIOBIZZ BIO BLOOM - Superseeds.dk","og_description":"BioBizz Bio\u00b7Bloom: Den perfekte partner til store blomster! Vil du ogs\u00e5 gerne have store blomster som dufter og smager bedre? S\u00e5 skal du bruge denne 100% \u00f8kologiske, komplette flydende g\u00f8dning.  Det indeholder den optimale blanding af nitrogen, fosfor og kalium sammen med enzymer og aminosyrer - som alt sammen arbejder i perfekt symbiose med din jord. mikron\u00e6ringsstoffer og hormoner af vegetabilsk oprindelse er ogs\u00e5 blevet tilf\u00f8jet, for at hj\u00e6lpe med at skabe en st\u00e6rkere stamme og kraftig blomstrende plante.","og_url":"https:\/\/superseeds.dk\/se\/produkt\/biobizz-bio-bloom\/","og_site_name":"Superseeds.dk","article_modified_time":"2025-01-30T21:33:22+00:00","og_image":[{"width":1080,"height":1080,"url":"https:\/\/superseeds.dk\/wp-content\/uploads\/2025\/01\/BIOBIZZ-BIO-BLOOM.png","type":"image\/png"}],"twitter_card":"summary_large_image","twitter_misc":{"Ber\u00e4knad l\u00e4stid":"1 minut"},"schema":{"@context":"https:\/\/schema.org","@graph":[{"@type":"WebPage","@id":"https:\/\/superseeds.dk\/vare\/biobizz-bio-bloom\/","url":"https:\/\/superseeds.dk\/vare\/biobizz-bio-bloom\/","name":"BIOBIZZ BIO BLOOM - Superseeds.dk","isPartOf":{"@id":"https:\/\/super-seeds.se\/#website"},"primaryImageOfPage":{"@id":"https:\/\/superseeds.dk\/vare\/biobizz-bio-bloom\/#primaryimage"},"image":{"@id":"https:\/\/superseeds.dk\/vare\/biobizz-bio-bloom\/#primaryimage"},"thumbnailUrl":"https:\/\/superseeds.dk\/wp-content\/uploads\/2025\/01\/BIOBIZZ-BIO-BLOOM.png","datePublished":"2025-01-30T21:33:19+00:00","dateModified":"2025-01-30T21:33:22+00:00","breadcrumb":{"@id":"https:\/\/superseeds.dk\/vare\/biobizz-bio-bloom\/#breadcrumb"},"inLanguage":"sv-SE","potentialAction":[{"@type":"ReadAction","target":["https:\/\/superseeds.dk\/vare\/biobizz-bio-bloom\/"]}]},{"@type":"ImageObject","inLanguage":"sv-SE","@id":"https:\/\/superseeds.dk\/vare\/biobizz-bio-bloom\/#primaryimage","url":"https:\/\/superseeds.dk\/wp-content\/uploads\/2025\/01\/BIOBIZZ-BIO-BLOOM.png","contentUrl":"https:\/\/superseeds.dk\/wp-content\/uploads\/2025\/01\/BIOBIZZ-BIO-BLOOM.png","width":1080,"height":1080},{"@type":"BreadcrumbList","@id":"https:\/\/superseeds.dk\/vare\/biobizz-bio-bloom\/#breadcrumb","itemListElement":[{"@type":"ListItem","position":1,"name":"Hjem","item":"https:\/\/superseeds.dk\/"},{"@type":"ListItem","position":2,"name":"Shop","item":"https:\/\/superseeds.dk\/no\/butikk\/"},{"@type":"ListItem","position":3,"name":"BIOBIZZ BIO BLOOM"}]},{"@type":"WebSite","@id":"https:\/\/super-seeds.se\/#website","url":"https:\/\/super-seeds.se\/","name":"Superseeds.com","description":"","publisher":{"@id":"https:\/\/super-seeds.se\/#organization"},"potentialAction":[{"@type":"SearchAction","target":{"@type":"EntryPoint","urlTemplate":"https:\/\/super-seeds.se\/?s={search_term_string}"},"query-input":{"@type":"PropertyValueSpecification","valueRequired":true,"valueName":"search_term_string"}}],"inLanguage":"sv-SE"},{"@type":"Organization","@id":"https:\/\/super-seeds.se\/#organization","name":"Superseeds.com","url":"https:\/\/super-seeds.se\/","logo":{"@type":"ImageObject","inLanguage":"sv-SE","@id":"https:\/\/super-seeds.se\/#\/schema\/logo\/image\/","url":"https:\/\/superseeds.dk\/wp-content\/uploads\/2025\/09\/logo-superseeds.png","contentUrl":"https:\/\/superseeds.dk\/wp-content\/uploads\/2025\/09\/logo-superseeds.png","width":180,"height":160,"caption":"Superseeds.dk"},"image":{"@id":"https:\/\/super-seeds.se\/#\/schema\/logo\/image\/"}}]}},"df_price":35,"df_sale_price":"","df_regular_price":35,"df_image_link":"https:\/\/superseeds.dk\/wp-content\/uploads\/2025\/01\/BIOBIZZ-BIO-BLOOM-1024x1024.png","_links":{"self":[{"href":"https:\/\/superseeds.dk\/se\/wp-json\/wp\/v2\/product\/57295","targetHints":{"allow":["GET"]}}],"collection":[{"href":"https:\/\/superseeds.dk\/se\/wp-json\/wp\/v2\/product"}],"about":[{"href":"https:\/\/superseeds.dk\/se\/wp-json\/wp\/v2\/types\/product"}],"wp:featuredmedia":[{"embeddable":true,"href":"https:\/\/superseeds.dk\/se\/wp-json\/wp\/v2\/media\/57308"}],"wp:attachment":[{"href":"https:\/\/superseeds.dk\/se\/wp-json\/wp\/v2\/media?parent=57295"}],"wp:term":[{"taxonomy":"product_brand","embeddable":true,"href":"https:\/\/superseeds.dk\/se\/wp-json\/wp\/v2\/product_brand?post=57295"},{"taxonomy":"product_cat","embeddable":true,"href":"https:\/\/superseeds.dk\/se\/wp-json\/wp\/v2\/product_cat?post=57295"},{"taxonomy":"product_tag","embeddable":true,"href":"https:\/\/superseeds.dk\/se\/wp-json\/wp\/v2\/product_tag?post=57295"}],"curies":[{"name":"wp","href":"https:\/\/api.w.org\/{rel}","templated":true}]}}