{"id":57257,"date":"2025-01-30T22:33:03","date_gmt":"2025-01-30T21:33:03","guid":{"rendered":"https:\/\/superseeds.dk\/vare\/advanced-hydroponics-ph-down-grow-1l\/"},"modified":"2025-01-30T22:33:06","modified_gmt":"2025-01-30T21:33:06","slug":"advanced-hydroponics-ph-down-grow-1l","status":"publish","type":"product","link":"https:\/\/superseeds.dk\/se\/produkt\/advanced-hydroponics-ph-down-grow-1l\/","title":{"rendered":"Advance Hydroponics Ph Down &#8211; Grow"},"content":{"rendered":"","protected":false},"excerpt":{"rendered":"<p><strong>pH-Bloom\u00a0<\/strong>\u00a0er en koncentreret ph down til at justere surhedsgraden i din \u200b\u200bn\u00e6ringsopl\u00f8sning.<br \/>\nMed den rigtige pH-v\u00e6rdi er planterne i stand til at absorbere den maksimale m\u00e6ngde n\u00e6ringsstoffer.<\/p>\n<p>ph justering\u00a0i v\u00e6kstperioden skal du bruge ph grow.<\/p>\n<p>ph i blomstringsperioden skal du bruge ph bloom<\/p>\n<p>(vi anbefaler bloom hvis den skal bruges i begge perioder)<\/p>","protected":false},"featured_media":57262,"template":"","meta":{"_acf_changed":false},"product_brand":[],"product_cat":[1815,1847],"product_tag":[],"class_list":{"0":"post-57257","1":"product","2":"type-product","3":"status-publish","4":"has-post-thumbnail","6":"product_cat-groudstyr","7":"product_cat-ph-regulering","8":"pa_liter-0-5-l","9":"pa_liter-1-l","10":"pa_liter-5-l","12":"first","13":"onbackorder","14":"taxable","15":"shipping-taxable","16":"purchasable","17":"product-type-variable","18":"wvs-archive-product-wrapper"},"acf":[],"yoast_head":"<!-- This site is optimized with the Yoast SEO plugin v26.9 - https:\/\/yoast.com\/product\/yoast-seo-wordpress\/ -->\n<title>Advance Hydroponics Ph Down - Grow - Superseeds.dk<\/title>\n<meta name=\"robots\" content=\"index, follow, max-snippet:-1, max-image-preview:large, max-video-preview:-1\" \/>\n<link rel=\"canonical\" href=\"https:\/\/superseeds.dk\/se\/produkt\/advanced-hydroponics-ph-down-grow-1l\/\" \/>\n<meta property=\"og:locale\" content=\"sv_SE\" \/>\n<meta property=\"og:type\" content=\"article\" \/>\n<meta property=\"og:title\" content=\"Advance Hydroponics Ph Down - Grow - Superseeds.dk\" \/>\n<meta property=\"og:description\" content=\"pH-Bloom\u00a0\u00a0er en koncentreret ph down til at justere surhedsgraden i din \u200b\u200bn\u00e6ringsopl\u00f8sning. Med den rigtige pH-v\u00e6rdi er planterne i stand til at absorbere den maksimale m\u00e6ngde n\u00e6ringsstoffer.  ph justering\u00a0i v\u00e6kstperioden skal du bruge ph grow.  ph i blomstringsperioden skal du bruge ph bloom  (vi anbefaler bloom hvis den skal bruges i begge perioder)\" \/>\n<meta property=\"og:url\" content=\"https:\/\/superseeds.dk\/se\/produkt\/advanced-hydroponics-ph-down-grow-1l\/\" \/>\n<meta property=\"og:site_name\" content=\"Superseeds.dk\" \/>\n<meta property=\"article:modified_time\" content=\"2025-01-30T21:33:06+00:00\" \/>\n<meta property=\"og:image\" content=\"https:\/\/super-seeds.no\/wp-content\/uploads\/2025\/01\/Advance-Hydroponics-Ph-Down-\u2013-Grow.png\" \/>\n\t<meta property=\"og:image:width\" content=\"1080\" \/>\n\t<meta property=\"og:image:height\" content=\"1080\" \/>\n\t<meta property=\"og:image:type\" content=\"image\/png\" \/>\n<meta name=\"twitter:card\" content=\"summary_large_image\" \/>\n<script type=\"application\/ld+json\" class=\"yoast-schema-graph\">{\"@context\":\"https:\/\/schema.org\",\"@graph\":[{\"@type\":\"WebPage\",\"@id\":\"https:\/\/superseeds.dk\/vare\/advanced-hydroponics-ph-down-grow-1l\/\",\"url\":\"https:\/\/superseeds.dk\/vare\/advanced-hydroponics-ph-down-grow-1l\/\",\"name\":\"Advance Hydroponics Ph Down - Grow - Superseeds.dk\",\"isPartOf\":{\"@id\":\"https:\/\/super-seeds.se\/#website\"},\"primaryImageOfPage\":{\"@id\":\"https:\/\/superseeds.dk\/vare\/advanced-hydroponics-ph-down-grow-1l\/#primaryimage\"},\"image\":{\"@id\":\"https:\/\/superseeds.dk\/vare\/advanced-hydroponics-ph-down-grow-1l\/#primaryimage\"},\"thumbnailUrl\":\"https:\/\/superseeds.dk\/wp-content\/uploads\/2025\/01\/Advance-Hydroponics-Ph-Down-\u2013-Grow.png\",\"datePublished\":\"2025-01-30T21:33:03+00:00\",\"dateModified\":\"2025-01-30T21:33:06+00:00\",\"breadcrumb\":{\"@id\":\"https:\/\/superseeds.dk\/vare\/advanced-hydroponics-ph-down-grow-1l\/#breadcrumb\"},\"inLanguage\":\"sv-SE\",\"potentialAction\":[{\"@type\":\"ReadAction\",\"target\":[\"https:\/\/superseeds.dk\/vare\/advanced-hydroponics-ph-down-grow-1l\/\"]}]},{\"@type\":\"ImageObject\",\"inLanguage\":\"sv-SE\",\"@id\":\"https:\/\/superseeds.dk\/vare\/advanced-hydroponics-ph-down-grow-1l\/#primaryimage\",\"url\":\"https:\/\/superseeds.dk\/wp-content\/uploads\/2025\/01\/Advance-Hydroponics-Ph-Down-\u2013-Grow.png\",\"contentUrl\":\"https:\/\/superseeds.dk\/wp-content\/uploads\/2025\/01\/Advance-Hydroponics-Ph-Down-\u2013-Grow.png\",\"width\":1080,\"height\":1080},{\"@type\":\"BreadcrumbList\",\"@id\":\"https:\/\/superseeds.dk\/vare\/advanced-hydroponics-ph-down-grow-1l\/#breadcrumb\",\"itemListElement\":[{\"@type\":\"ListItem\",\"position\":1,\"name\":\"Hjem\",\"item\":\"https:\/\/superseeds.dk\/\"},{\"@type\":\"ListItem\",\"position\":2,\"name\":\"Shop\",\"item\":\"https:\/\/superseeds.dk\/no\/butikk\/\"},{\"@type\":\"ListItem\",\"position\":3,\"name\":\"Advance Hydroponics Ph Down &#8211; Grow\"}]},{\"@type\":\"WebSite\",\"@id\":\"https:\/\/super-seeds.se\/#website\",\"url\":\"https:\/\/super-seeds.se\/\",\"name\":\"Superseeds.dk\",\"description\":\"\",\"publisher\":{\"@id\":\"https:\/\/super-seeds.se\/#organization\"},\"potentialAction\":[{\"@type\":\"SearchAction\",\"target\":{\"@type\":\"EntryPoint\",\"urlTemplate\":\"https:\/\/super-seeds.se\/?s={search_term_string}\"},\"query-input\":{\"@type\":\"PropertyValueSpecification\",\"valueRequired\":true,\"valueName\":\"search_term_string\"}}],\"inLanguage\":\"sv-SE\"},{\"@type\":\"Organization\",\"@id\":\"https:\/\/super-seeds.se\/#organization\",\"name\":\"Superseeds.dk\",\"url\":\"https:\/\/super-seeds.se\/\",\"logo\":{\"@type\":\"ImageObject\",\"inLanguage\":\"sv-SE\",\"@id\":\"https:\/\/super-seeds.se\/#\/schema\/logo\/image\/\",\"url\":\"https:\/\/superseeds.dk\/wp-content\/uploads\/2025\/09\/logo-superseeds.png\",\"contentUrl\":\"https:\/\/superseeds.dk\/wp-content\/uploads\/2025\/09\/logo-superseeds.png\",\"width\":180,\"height\":160,\"caption\":\"Superseeds.dk\"},\"image\":{\"@id\":\"https:\/\/super-seeds.se\/#\/schema\/logo\/image\/\"}}]}<\/script>\n<!-- \/ Yoast SEO plugin. -->","yoast_head_json":{"title":"Advance Hydroponics Ph Down - Grow - Superseeds.dk","robots":{"index":"index","follow":"follow","max-snippet":"max-snippet:-1","max-image-preview":"max-image-preview:large","max-video-preview":"max-video-preview:-1"},"canonical":"https:\/\/superseeds.dk\/se\/produkt\/advanced-hydroponics-ph-down-grow-1l\/","og_locale":"sv_SE","og_type":"article","og_title":"Advance Hydroponics Ph Down - Grow - Superseeds.dk","og_description":"pH-Bloom\u00a0\u00a0er en koncentreret ph down til at justere surhedsgraden i din \u200b\u200bn\u00e6ringsopl\u00f8sning. Med den rigtige pH-v\u00e6rdi er planterne i stand til at absorbere den maksimale m\u00e6ngde n\u00e6ringsstoffer.  ph justering\u00a0i v\u00e6kstperioden skal du bruge ph grow.  ph i blomstringsperioden skal du bruge ph bloom  (vi anbefaler bloom hvis den skal bruges i begge perioder)","og_url":"https:\/\/superseeds.dk\/se\/produkt\/advanced-hydroponics-ph-down-grow-1l\/","og_site_name":"Superseeds.dk","article_modified_time":"2025-01-30T21:33:06+00:00","og_image":[{"width":1080,"height":1080,"url":"https:\/\/super-seeds.no\/wp-content\/uploads\/2025\/01\/Advance-Hydroponics-Ph-Down-\u2013-Grow.png","type":"image\/png"}],"twitter_card":"summary_large_image","schema":{"@context":"https:\/\/schema.org","@graph":[{"@type":"WebPage","@id":"https:\/\/superseeds.dk\/vare\/advanced-hydroponics-ph-down-grow-1l\/","url":"https:\/\/superseeds.dk\/vare\/advanced-hydroponics-ph-down-grow-1l\/","name":"Advance Hydroponics Ph Down - Grow - Superseeds.dk","isPartOf":{"@id":"https:\/\/super-seeds.se\/#website"},"primaryImageOfPage":{"@id":"https:\/\/superseeds.dk\/vare\/advanced-hydroponics-ph-down-grow-1l\/#primaryimage"},"image":{"@id":"https:\/\/superseeds.dk\/vare\/advanced-hydroponics-ph-down-grow-1l\/#primaryimage"},"thumbnailUrl":"https:\/\/superseeds.dk\/wp-content\/uploads\/2025\/01\/Advance-Hydroponics-Ph-Down-\u2013-Grow.png","datePublished":"2025-01-30T21:33:03+00:00","dateModified":"2025-01-30T21:33:06+00:00","breadcrumb":{"@id":"https:\/\/superseeds.dk\/vare\/advanced-hydroponics-ph-down-grow-1l\/#breadcrumb"},"inLanguage":"sv-SE","potentialAction":[{"@type":"ReadAction","target":["https:\/\/superseeds.dk\/vare\/advanced-hydroponics-ph-down-grow-1l\/"]}]},{"@type":"ImageObject","inLanguage":"sv-SE","@id":"https:\/\/superseeds.dk\/vare\/advanced-hydroponics-ph-down-grow-1l\/#primaryimage","url":"https:\/\/superseeds.dk\/wp-content\/uploads\/2025\/01\/Advance-Hydroponics-Ph-Down-\u2013-Grow.png","contentUrl":"https:\/\/superseeds.dk\/wp-content\/uploads\/2025\/01\/Advance-Hydroponics-Ph-Down-\u2013-Grow.png","width":1080,"height":1080},{"@type":"BreadcrumbList","@id":"https:\/\/superseeds.dk\/vare\/advanced-hydroponics-ph-down-grow-1l\/#breadcrumb","itemListElement":[{"@type":"ListItem","position":1,"name":"Hjem","item":"https:\/\/superseeds.dk\/"},{"@type":"ListItem","position":2,"name":"Shop","item":"https:\/\/superseeds.dk\/no\/butikk\/"},{"@type":"ListItem","position":3,"name":"Advance Hydroponics Ph Down &#8211; Grow"}]},{"@type":"WebSite","@id":"https:\/\/super-seeds.se\/#website","url":"https:\/\/super-seeds.se\/","name":"Superseeds.com","description":"","publisher":{"@id":"https:\/\/super-seeds.se\/#organization"},"potentialAction":[{"@type":"SearchAction","target":{"@type":"EntryPoint","urlTemplate":"https:\/\/super-seeds.se\/?s={search_term_string}"},"query-input":{"@type":"PropertyValueSpecification","valueRequired":true,"valueName":"search_term_string"}}],"inLanguage":"sv-SE"},{"@type":"Organization","@id":"https:\/\/super-seeds.se\/#organization","name":"Superseeds.com","url":"https:\/\/super-seeds.se\/","logo":{"@type":"ImageObject","inLanguage":"sv-SE","@id":"https:\/\/super-seeds.se\/#\/schema\/logo\/image\/","url":"https:\/\/superseeds.dk\/wp-content\/uploads\/2025\/09\/logo-superseeds.png","contentUrl":"https:\/\/superseeds.dk\/wp-content\/uploads\/2025\/09\/logo-superseeds.png","width":180,"height":160,"caption":"Superseeds.dk"},"image":{"@id":"https:\/\/super-seeds.se\/#\/schema\/logo\/image\/"}}]}},"df_price":49,"df_sale_price":"","df_regular_price":49,"df_image_link":"https:\/\/superseeds.dk\/wp-content\/uploads\/2025\/01\/Advance-Hydroponics-Ph-Down-\u2013-Grow-1024x1024.png","_links":{"self":[{"href":"https:\/\/superseeds.dk\/se\/wp-json\/wp\/v2\/product\/57257","targetHints":{"allow":["GET"]}}],"collection":[{"href":"https:\/\/superseeds.dk\/se\/wp-json\/wp\/v2\/product"}],"about":[{"href":"https:\/\/superseeds.dk\/se\/wp-json\/wp\/v2\/types\/product"}],"wp:featuredmedia":[{"embeddable":true,"href":"https:\/\/superseeds.dk\/se\/wp-json\/wp\/v2\/media\/57262"}],"wp:attachment":[{"href":"https:\/\/superseeds.dk\/se\/wp-json\/wp\/v2\/media?parent=57257"}],"wp:term":[{"taxonomy":"product_brand","embeddable":true,"href":"https:\/\/superseeds.dk\/se\/wp-json\/wp\/v2\/product_brand?post=57257"},{"taxonomy":"product_cat","embeddable":true,"href":"https:\/\/superseeds.dk\/se\/wp-json\/wp\/v2\/product_cat?post=57257"},{"taxonomy":"product_tag","embeddable":true,"href":"https:\/\/superseeds.dk\/se\/wp-json\/wp\/v2\/product_tag?post=57257"}],"curies":[{"name":"wp","href":"https:\/\/api.w.org\/{rel}","templated":true}]}}