{"id":57188,"date":"2025-01-30T22:32:04","date_gmt":"2025-01-30T21:32:04","guid":{"rendered":"https:\/\/superseeds.dk\/vare\/vents-metal-round-back-valve-oe-100\/"},"modified":"2025-01-30T22:32:08","modified_gmt":"2025-01-30T21:32:08","slug":"vents-metal-round-back-valve-oe-100","status":"publish","type":"product","link":"https:\/\/superseeds.dk\/se\/produkt\/vents-metal-round-back-valve-oe-100\/","title":{"rendered":"Returspj\u00e4ll"},"content":{"rendered":"","protected":false},"excerpt":{"rendered":"<p>Tilbagetr\u00e6kfjederbelastet spj\u00e6ld beregnet til automatisk afst\u00f8dning n\u00e5r ventilationssystemet er slukket. Spj\u00e6ldsvinger \u00e5bnes med det tryk, der genereres af luftstr\u00f8mmen og lukkes af fjedre.<\/p>\n<p>Med galvaniseret akse og riffler for at forhindre fjederforskydning.<\/p>\n<p>undg\u00e5 af ventilations luft str\u00f8mmer tilbage i systemet<\/p>","protected":false},"featured_media":57195,"template":"","meta":{"_acf_changed":false},"product_brand":[],"product_cat":[1886,1815,1824],"product_tag":[],"class_list":{"0":"post-57188","1":"product","2":"type-product","3":"status-publish","4":"has-post-thumbnail","6":"product_cat-fittings-tilbehoer","7":"product_cat-groudstyr","8":"product_cat-klima","9":"pa_o-o100","10":"pa_o-o125","11":"pa_o-o150","12":"pa_o-o200","13":"pa_o-o250","14":"pa_o-o315","16":"first","17":"onbackorder","18":"taxable","19":"shipping-taxable","20":"purchasable","21":"product-type-variable","22":"wvs-archive-product-wrapper"},"acf":[],"yoast_head":"<!-- This site is optimized with the Yoast SEO plugin v26.9 - https:\/\/yoast.com\/product\/yoast-seo-wordpress\/ -->\n<title>Retur Spj\u00e6ld - Superseeds.dk<\/title>\n<meta name=\"robots\" content=\"index, follow, max-snippet:-1, max-image-preview:large, max-video-preview:-1\" \/>\n<link rel=\"canonical\" href=\"https:\/\/superseeds.dk\/se\/produkt\/vents-metal-round-back-valve-oe-100\/\" \/>\n<meta property=\"og:locale\" content=\"sv_SE\" \/>\n<meta property=\"og:type\" content=\"article\" \/>\n<meta property=\"og:title\" content=\"Retur Spj\u00e6ld - Superseeds.dk\" \/>\n<meta property=\"og:description\" content=\"Tilbagetr\u00e6kfjederbelastet spj\u00e6ld beregnet til automatisk afst\u00f8dning n\u00e5r ventilationssystemet er slukket. Spj\u00e6ldsvinger \u00e5bnes med det tryk, der genereres af luftstr\u00f8mmen og lukkes af fjedre.  Med galvaniseret akse og riffler for at forhindre fjederforskydning.  undg\u00e5 af ventilations luft str\u00f8mmer tilbage i systemet\" \/>\n<meta property=\"og:url\" content=\"https:\/\/superseeds.dk\/se\/produkt\/vents-metal-round-back-valve-oe-100\/\" \/>\n<meta property=\"og:site_name\" content=\"Superseeds.dk\" \/>\n<meta property=\"article:modified_time\" content=\"2025-01-30T21:32:08+00:00\" \/>\n<meta property=\"og:image\" content=\"https:\/\/super-seeds.no\/wp-content\/uploads\/2025\/01\/Retur-Spjaeld.png\" \/>\n\t<meta property=\"og:image:width\" content=\"1080\" \/>\n\t<meta property=\"og:image:height\" content=\"1080\" \/>\n\t<meta property=\"og:image:type\" content=\"image\/png\" \/>\n<meta name=\"twitter:card\" content=\"summary_large_image\" \/>\n<script type=\"application\/ld+json\" class=\"yoast-schema-graph\">{\"@context\":\"https:\/\/schema.org\",\"@graph\":[{\"@type\":\"WebPage\",\"@id\":\"https:\/\/superseeds.dk\/vare\/vents-metal-round-back-valve-oe-100\/\",\"url\":\"https:\/\/superseeds.dk\/vare\/vents-metal-round-back-valve-oe-100\/\",\"name\":\"Retur Spj\u00e6ld - Superseeds.dk\",\"isPartOf\":{\"@id\":\"https:\/\/super-seeds.se\/#website\"},\"primaryImageOfPage\":{\"@id\":\"https:\/\/superseeds.dk\/vare\/vents-metal-round-back-valve-oe-100\/#primaryimage\"},\"image\":{\"@id\":\"https:\/\/superseeds.dk\/vare\/vents-metal-round-back-valve-oe-100\/#primaryimage\"},\"thumbnailUrl\":\"https:\/\/superseeds.dk\/wp-content\/uploads\/2025\/01\/Retur-Spjaeld.png\",\"datePublished\":\"2025-01-30T21:32:04+00:00\",\"dateModified\":\"2025-01-30T21:32:08+00:00\",\"breadcrumb\":{\"@id\":\"https:\/\/superseeds.dk\/vare\/vents-metal-round-back-valve-oe-100\/#breadcrumb\"},\"inLanguage\":\"sv-SE\",\"potentialAction\":[{\"@type\":\"ReadAction\",\"target\":[\"https:\/\/superseeds.dk\/vare\/vents-metal-round-back-valve-oe-100\/\"]}]},{\"@type\":\"ImageObject\",\"inLanguage\":\"sv-SE\",\"@id\":\"https:\/\/superseeds.dk\/vare\/vents-metal-round-back-valve-oe-100\/#primaryimage\",\"url\":\"https:\/\/superseeds.dk\/wp-content\/uploads\/2025\/01\/Retur-Spjaeld.png\",\"contentUrl\":\"https:\/\/superseeds.dk\/wp-content\/uploads\/2025\/01\/Retur-Spjaeld.png\",\"width\":1080,\"height\":1080},{\"@type\":\"BreadcrumbList\",\"@id\":\"https:\/\/superseeds.dk\/vare\/vents-metal-round-back-valve-oe-100\/#breadcrumb\",\"itemListElement\":[{\"@type\":\"ListItem\",\"position\":1,\"name\":\"Hjem\",\"item\":\"https:\/\/superseeds.dk\/\"},{\"@type\":\"ListItem\",\"position\":2,\"name\":\"Shop\",\"item\":\"https:\/\/superseeds.dk\/no\/butikk\/\"},{\"@type\":\"ListItem\",\"position\":3,\"name\":\"Retur Spj\u00e6ld\"}]},{\"@type\":\"WebSite\",\"@id\":\"https:\/\/super-seeds.se\/#website\",\"url\":\"https:\/\/super-seeds.se\/\",\"name\":\"Superseeds.dk\",\"description\":\"\",\"publisher\":{\"@id\":\"https:\/\/super-seeds.se\/#organization\"},\"potentialAction\":[{\"@type\":\"SearchAction\",\"target\":{\"@type\":\"EntryPoint\",\"urlTemplate\":\"https:\/\/super-seeds.se\/?s={search_term_string}\"},\"query-input\":{\"@type\":\"PropertyValueSpecification\",\"valueRequired\":true,\"valueName\":\"search_term_string\"}}],\"inLanguage\":\"sv-SE\"},{\"@type\":\"Organization\",\"@id\":\"https:\/\/super-seeds.se\/#organization\",\"name\":\"Superseeds.dk\",\"url\":\"https:\/\/super-seeds.se\/\",\"logo\":{\"@type\":\"ImageObject\",\"inLanguage\":\"sv-SE\",\"@id\":\"https:\/\/super-seeds.se\/#\/schema\/logo\/image\/\",\"url\":\"https:\/\/superseeds.dk\/wp-content\/uploads\/2025\/09\/logo-superseeds.png\",\"contentUrl\":\"https:\/\/superseeds.dk\/wp-content\/uploads\/2025\/09\/logo-superseeds.png\",\"width\":180,\"height\":160,\"caption\":\"Superseeds.dk\"},\"image\":{\"@id\":\"https:\/\/super-seeds.se\/#\/schema\/logo\/image\/\"}}]}<\/script>\n<!-- \/ Yoast SEO plugin. -->","yoast_head_json":{"title":"Retur Spj\u00e6ld - Superseeds.dk","robots":{"index":"index","follow":"follow","max-snippet":"max-snippet:-1","max-image-preview":"max-image-preview:large","max-video-preview":"max-video-preview:-1"},"canonical":"https:\/\/superseeds.dk\/se\/produkt\/vents-metal-round-back-valve-oe-100\/","og_locale":"sv_SE","og_type":"article","og_title":"Retur Spj\u00e6ld - Superseeds.dk","og_description":"Tilbagetr\u00e6kfjederbelastet spj\u00e6ld beregnet til automatisk afst\u00f8dning n\u00e5r ventilationssystemet er slukket. Spj\u00e6ldsvinger \u00e5bnes med det tryk, der genereres af luftstr\u00f8mmen og lukkes af fjedre.  Med galvaniseret akse og riffler for at forhindre fjederforskydning.  undg\u00e5 af ventilations luft str\u00f8mmer tilbage i systemet","og_url":"https:\/\/superseeds.dk\/se\/produkt\/vents-metal-round-back-valve-oe-100\/","og_site_name":"Superseeds.dk","article_modified_time":"2025-01-30T21:32:08+00:00","og_image":[{"width":1080,"height":1080,"url":"https:\/\/super-seeds.no\/wp-content\/uploads\/2025\/01\/Retur-Spjaeld.png","type":"image\/png"}],"twitter_card":"summary_large_image","schema":{"@context":"https:\/\/schema.org","@graph":[{"@type":"WebPage","@id":"https:\/\/superseeds.dk\/vare\/vents-metal-round-back-valve-oe-100\/","url":"https:\/\/superseeds.dk\/vare\/vents-metal-round-back-valve-oe-100\/","name":"Retur Spj\u00e6ld - Superseeds.dk","isPartOf":{"@id":"https:\/\/super-seeds.se\/#website"},"primaryImageOfPage":{"@id":"https:\/\/superseeds.dk\/vare\/vents-metal-round-back-valve-oe-100\/#primaryimage"},"image":{"@id":"https:\/\/superseeds.dk\/vare\/vents-metal-round-back-valve-oe-100\/#primaryimage"},"thumbnailUrl":"https:\/\/superseeds.dk\/wp-content\/uploads\/2025\/01\/Retur-Spjaeld.png","datePublished":"2025-01-30T21:32:04+00:00","dateModified":"2025-01-30T21:32:08+00:00","breadcrumb":{"@id":"https:\/\/superseeds.dk\/vare\/vents-metal-round-back-valve-oe-100\/#breadcrumb"},"inLanguage":"sv-SE","potentialAction":[{"@type":"ReadAction","target":["https:\/\/superseeds.dk\/vare\/vents-metal-round-back-valve-oe-100\/"]}]},{"@type":"ImageObject","inLanguage":"sv-SE","@id":"https:\/\/superseeds.dk\/vare\/vents-metal-round-back-valve-oe-100\/#primaryimage","url":"https:\/\/superseeds.dk\/wp-content\/uploads\/2025\/01\/Retur-Spjaeld.png","contentUrl":"https:\/\/superseeds.dk\/wp-content\/uploads\/2025\/01\/Retur-Spjaeld.png","width":1080,"height":1080},{"@type":"BreadcrumbList","@id":"https:\/\/superseeds.dk\/vare\/vents-metal-round-back-valve-oe-100\/#breadcrumb","itemListElement":[{"@type":"ListItem","position":1,"name":"Hjem","item":"https:\/\/superseeds.dk\/"},{"@type":"ListItem","position":2,"name":"Shop","item":"https:\/\/superseeds.dk\/no\/butikk\/"},{"@type":"ListItem","position":3,"name":"Retur Spj\u00e6ld"}]},{"@type":"WebSite","@id":"https:\/\/super-seeds.se\/#website","url":"https:\/\/super-seeds.se\/","name":"Superseeds.com","description":"","publisher":{"@id":"https:\/\/super-seeds.se\/#organization"},"potentialAction":[{"@type":"SearchAction","target":{"@type":"EntryPoint","urlTemplate":"https:\/\/super-seeds.se\/?s={search_term_string}"},"query-input":{"@type":"PropertyValueSpecification","valueRequired":true,"valueName":"search_term_string"}}],"inLanguage":"sv-SE"},{"@type":"Organization","@id":"https:\/\/super-seeds.se\/#organization","name":"Superseeds.com","url":"https:\/\/super-seeds.se\/","logo":{"@type":"ImageObject","inLanguage":"sv-SE","@id":"https:\/\/super-seeds.se\/#\/schema\/logo\/image\/","url":"https:\/\/superseeds.dk\/wp-content\/uploads\/2025\/09\/logo-superseeds.png","contentUrl":"https:\/\/superseeds.dk\/wp-content\/uploads\/2025\/09\/logo-superseeds.png","width":180,"height":160,"caption":"Superseeds.dk"},"image":{"@id":"https:\/\/super-seeds.se\/#\/schema\/logo\/image\/"}}]}},"df_price":89,"df_sale_price":"","df_regular_price":89,"df_image_link":"https:\/\/superseeds.dk\/wp-content\/uploads\/2025\/01\/Retur-Spjaeld-1024x1024.png","_links":{"self":[{"href":"https:\/\/superseeds.dk\/se\/wp-json\/wp\/v2\/product\/57188","targetHints":{"allow":["GET"]}}],"collection":[{"href":"https:\/\/superseeds.dk\/se\/wp-json\/wp\/v2\/product"}],"about":[{"href":"https:\/\/superseeds.dk\/se\/wp-json\/wp\/v2\/types\/product"}],"wp:featuredmedia":[{"embeddable":true,"href":"https:\/\/superseeds.dk\/se\/wp-json\/wp\/v2\/media\/57195"}],"wp:attachment":[{"href":"https:\/\/superseeds.dk\/se\/wp-json\/wp\/v2\/media?parent=57188"}],"wp:term":[{"taxonomy":"product_brand","embeddable":true,"href":"https:\/\/superseeds.dk\/se\/wp-json\/wp\/v2\/product_brand?post=57188"},{"taxonomy":"product_cat","embeddable":true,"href":"https:\/\/superseeds.dk\/se\/wp-json\/wp\/v2\/product_cat?post=57188"},{"taxonomy":"product_tag","embeddable":true,"href":"https:\/\/superseeds.dk\/se\/wp-json\/wp\/v2\/product_tag?post=57188"}],"curies":[{"name":"wp","href":"https:\/\/api.w.org\/{rel}","templated":true}]}}