{"id":57075,"date":"2025-01-30T22:30:43","date_gmt":"2025-01-30T21:30:43","guid":{"rendered":"https:\/\/superseeds.dk\/vare\/452-homebox-ambient-q200-200x200x200-grotelt\/"},"modified":"2025-01-30T22:30:52","modified_gmt":"2025-01-30T21:30:52","slug":"452-homebox-ambient-q200-200x200x200-grotelt","status":"publish","type":"product","link":"https:\/\/superseeds.dk\/se\/produkt\/452-homebox-ambient-q200-200x200x200-grotelt\/","title":{"rendered":"HOMEbox St\u00e4mningsfull milj\u00f6 Q200+ - 200X200X220"},"content":{"rendered":"<p>Med indgange fra alle fire sider er det nemt at betjene dine planter og komme hele vejen rundt. Selvf\u00f8lgelig har alt det, der belyser inden for PAR + optimeret interi\u00f8r, et smukt intenst v\u00e6kstmilj\u00f8, s\u00e5 heldigvis indeholder HOMEbox\u00ae Ambient Q200 et gener\u00f8st udvalg af ventilationsporte, herunder 2 250 mm (10 &#8220;) luftporte p\u00e5 hver side til uafh\u00e6ngige air- Afk\u00f8let reflektorventilation, hvilket giver professionelle dyrkere mulighed for at optimere have temperaturer uden at fjerne for meget relativ luftfugtighed gennem overventilering af haven selv. Yderligere sidetilgang, fire 350 mm (14 &#8220;) tagventilationsporte og seks OmniFlow-direkte ventilations\u00e5bninger giver Professionelle grower alle de n\u00f8dvendige v\u00e6rkt\u00f8jer til at skabe og vedligeholde den mest nproductive og givende indend\u00f8rs have t\u00e6nkelige.<\/p>\n<p><span class=\"tlid-translation translation\" lang=\"da\"><span title=\"\">Samlet st\u00f8rrelse: 200 x 200 x 220 cm<\/span><br \/>\n<span title=\"\">Dyrkerum: 4 m2<\/span><\/span><\/p>\n<p><span title=\"\">Indgange<\/span><span title=\"\">:<\/span><br \/>\n<span title=\"\">+ 8x 100 mm (4 \u201d)<\/span><br \/>\n<span title=\"\">+ 4x 250 mm (10 \u201d)<\/span><br \/>\n<span title=\"\">+ 2x 300 mm (12 \u201d)<\/span><br \/>\n<span title=\"\">+ 4x 350 mm (14 \u201d)<\/span><\/p>\n<p><span title=\"\">700-mikron MicroMesh bug-sk\u00e6rm<\/span><br \/>\n<span title=\"\">Metalkonstruktion 22 mm<\/span><br \/>\n<span title=\"\">Maksimal kapacitet: 150 kg<\/span><br \/>\n<span title=\"\">Grundlaget for en vellykket v\u00e6kst<\/span><br \/>\n<span title=\"\">Udviklet og designet i Tyskland<\/span><br \/>\n<span title=\"\">Robuste, letplejningsmaterialer<\/span><br \/>\n<span class=\"\" title=\"\">Aftageligt vandafvisende gulvbel\u00e6gning<\/span><br \/>\n<span title=\"\">PAR + superrefektiv foring<\/span><br \/>\n<span class=\"\" title=\"\">Lynl\u00e5se i <\/span>tyk kvalitet<\/p>\n<p><iframe title=\"HOMEbox growbox Ambient Q120 - easy assembling of a grow tent!\" width=\"800\" height=\"450\" src=\"https:\/\/www.youtube.com\/embed\/KsPnScMFIQA?feature=oembed\" frameborder=\"0\" allow=\"accelerometer; autoplay; clipboard-write; encrypted-media; gyroscope; picture-in-picture; web-share\" referrerpolicy=\"strict-origin-when-cross-origin\" allowfullscreen><\/iframe><\/p>","protected":false},"excerpt":{"rendered":"<p>Homebox serien er telte i topklasse!<\/p>\n<p>hvid kvalitets mylar, der er den mest effektive bel\u00e6gning ved led belysning.<\/p>\n<p>stof coated yderbel\u00e6gning der er ekstremt slidst\u00e6rkt. og fremst\u00e5r p\u00e6nere end de fleste andre telte p\u00e5 markedet.<\/p>","protected":false},"featured_media":57082,"template":"","meta":{"_acf_changed":false},"product_brand":[],"product_cat":[1815,1850,1849,1923],"product_tag":[],"class_list":{"0":"post-57075","1":"product","2":"type-product","3":"status-publish","4":"has-post-thumbnail","6":"product_cat-groudstyr","7":"product_cat-homebox","8":"product_cat-telte","9":"product_cat-telte-homebox","11":"first","12":"instock","13":"taxable","14":"shipping-taxable","15":"purchasable","16":"product-type-simple"},"acf":[],"yoast_head":"<!-- This site is optimized with the Yoast SEO plugin v26.9 - https:\/\/yoast.com\/product\/yoast-seo-wordpress\/ -->\n<title>HOMEbox Ambient Q200+ - 200X200X220 - Superseeds.dk<\/title>\n<meta name=\"robots\" content=\"index, follow, max-snippet:-1, max-image-preview:large, max-video-preview:-1\" \/>\n<link rel=\"canonical\" href=\"https:\/\/superseeds.dk\/se\/produkt\/452-homebox-ambient-q200-200x200x200-grotelt\/\" \/>\n<meta property=\"og:locale\" content=\"sv_SE\" \/>\n<meta property=\"og:type\" content=\"article\" \/>\n<meta property=\"og:title\" content=\"HOMEbox Ambient Q200+ - 200X200X220 - Superseeds.dk\" \/>\n<meta property=\"og:description\" content=\"Homebox serien er telte i topklasse!  hvid kvalitets mylar, der er den mest effektive bel\u00e6gning ved led belysning.  stof coated yderbel\u00e6gning der er ekstremt slidst\u00e6rkt. og fremst\u00e5r p\u00e6nere end de fleste andre telte p\u00e5 markedet.\" \/>\n<meta property=\"og:url\" content=\"https:\/\/superseeds.dk\/se\/produkt\/452-homebox-ambient-q200-200x200x200-grotelt\/\" \/>\n<meta property=\"og:site_name\" content=\"Superseeds.dk\" \/>\n<meta property=\"article:modified_time\" content=\"2025-01-30T21:30:52+00:00\" \/>\n<meta property=\"og:image\" content=\"https:\/\/super-seeds.se\/wp-content\/uploads\/2025\/01\/HOMEbox-Ambient-Q200-\u2013-200X200X220.png\" \/>\n\t<meta property=\"og:image:width\" content=\"1080\" \/>\n\t<meta property=\"og:image:height\" content=\"1080\" \/>\n\t<meta property=\"og:image:type\" content=\"image\/png\" \/>\n<meta name=\"twitter:card\" content=\"summary_large_image\" \/>\n<meta name=\"twitter:label1\" content=\"Ber\u00e4knad l\u00e4stid\" \/>\n\t<meta name=\"twitter:data1\" content=\"1 minut\" \/>\n<script type=\"application\/ld+json\" class=\"yoast-schema-graph\">{\"@context\":\"https:\/\/schema.org\",\"@graph\":[{\"@type\":\"WebPage\",\"@id\":\"https:\/\/superseeds.dk\/vare\/452-homebox-ambient-q200-200x200x200-grotelt\/\",\"url\":\"https:\/\/superseeds.dk\/vare\/452-homebox-ambient-q200-200x200x200-grotelt\/\",\"name\":\"HOMEbox Ambient Q200+ - 200X200X220 - Superseeds.dk\",\"isPartOf\":{\"@id\":\"https:\/\/super-seeds.se\/#website\"},\"primaryImageOfPage\":{\"@id\":\"https:\/\/superseeds.dk\/vare\/452-homebox-ambient-q200-200x200x200-grotelt\/#primaryimage\"},\"image\":{\"@id\":\"https:\/\/superseeds.dk\/vare\/452-homebox-ambient-q200-200x200x200-grotelt\/#primaryimage\"},\"thumbnailUrl\":\"https:\/\/superseeds.dk\/wp-content\/uploads\/2025\/01\/HOMEbox-Ambient-Q200-\u2013-200X200X220.png\",\"datePublished\":\"2025-01-30T21:30:43+00:00\",\"dateModified\":\"2025-01-30T21:30:52+00:00\",\"breadcrumb\":{\"@id\":\"https:\/\/superseeds.dk\/vare\/452-homebox-ambient-q200-200x200x200-grotelt\/#breadcrumb\"},\"inLanguage\":\"sv-SE\",\"potentialAction\":[{\"@type\":\"ReadAction\",\"target\":[\"https:\/\/superseeds.dk\/vare\/452-homebox-ambient-q200-200x200x200-grotelt\/\"]}]},{\"@type\":\"ImageObject\",\"inLanguage\":\"sv-SE\",\"@id\":\"https:\/\/superseeds.dk\/vare\/452-homebox-ambient-q200-200x200x200-grotelt\/#primaryimage\",\"url\":\"https:\/\/superseeds.dk\/wp-content\/uploads\/2025\/01\/HOMEbox-Ambient-Q200-\u2013-200X200X220.png\",\"contentUrl\":\"https:\/\/superseeds.dk\/wp-content\/uploads\/2025\/01\/HOMEbox-Ambient-Q200-\u2013-200X200X220.png\",\"width\":1080,\"height\":1080},{\"@type\":\"BreadcrumbList\",\"@id\":\"https:\/\/superseeds.dk\/vare\/452-homebox-ambient-q200-200x200x200-grotelt\/#breadcrumb\",\"itemListElement\":[{\"@type\":\"ListItem\",\"position\":1,\"name\":\"Hjem\",\"item\":\"https:\/\/superseeds.dk\/\"},{\"@type\":\"ListItem\",\"position\":2,\"name\":\"Shop\",\"item\":\"https:\/\/superseeds.dk\/no\/butikk\/\"},{\"@type\":\"ListItem\",\"position\":3,\"name\":\"HOMEbox Ambient Q200+ &#8211; 200X200X220\"}]},{\"@type\":\"WebSite\",\"@id\":\"https:\/\/super-seeds.se\/#website\",\"url\":\"https:\/\/super-seeds.se\/\",\"name\":\"Superseeds.dk\",\"description\":\"\",\"publisher\":{\"@id\":\"https:\/\/super-seeds.se\/#organization\"},\"potentialAction\":[{\"@type\":\"SearchAction\",\"target\":{\"@type\":\"EntryPoint\",\"urlTemplate\":\"https:\/\/super-seeds.se\/?s={search_term_string}\"},\"query-input\":{\"@type\":\"PropertyValueSpecification\",\"valueRequired\":true,\"valueName\":\"search_term_string\"}}],\"inLanguage\":\"sv-SE\"},{\"@type\":\"Organization\",\"@id\":\"https:\/\/super-seeds.se\/#organization\",\"name\":\"Superseeds.dk\",\"url\":\"https:\/\/super-seeds.se\/\",\"logo\":{\"@type\":\"ImageObject\",\"inLanguage\":\"sv-SE\",\"@id\":\"https:\/\/super-seeds.se\/#\/schema\/logo\/image\/\",\"url\":\"https:\/\/superseeds.dk\/wp-content\/uploads\/2025\/09\/logo-superseeds.png\",\"contentUrl\":\"https:\/\/superseeds.dk\/wp-content\/uploads\/2025\/09\/logo-superseeds.png\",\"width\":180,\"height\":160,\"caption\":\"Superseeds.dk\"},\"image\":{\"@id\":\"https:\/\/super-seeds.se\/#\/schema\/logo\/image\/\"}}]}<\/script>\n<!-- \/ Yoast SEO plugin. -->","yoast_head_json":{"title":"HOMEbox Ambient Q200+ - 200X200X220 - Superseeds.dk","robots":{"index":"index","follow":"follow","max-snippet":"max-snippet:-1","max-image-preview":"max-image-preview:large","max-video-preview":"max-video-preview:-1"},"canonical":"https:\/\/superseeds.dk\/se\/produkt\/452-homebox-ambient-q200-200x200x200-grotelt\/","og_locale":"sv_SE","og_type":"article","og_title":"HOMEbox Ambient Q200+ - 200X200X220 - Superseeds.dk","og_description":"Homebox serien er telte i topklasse!  hvid kvalitets mylar, der er den mest effektive bel\u00e6gning ved led belysning.  stof coated yderbel\u00e6gning der er ekstremt slidst\u00e6rkt. og fremst\u00e5r p\u00e6nere end de fleste andre telte p\u00e5 markedet.","og_url":"https:\/\/superseeds.dk\/se\/produkt\/452-homebox-ambient-q200-200x200x200-grotelt\/","og_site_name":"Superseeds.dk","article_modified_time":"2025-01-30T21:30:52+00:00","og_image":[{"width":1080,"height":1080,"url":"https:\/\/super-seeds.se\/wp-content\/uploads\/2025\/01\/HOMEbox-Ambient-Q200-\u2013-200X200X220.png","type":"image\/png"}],"twitter_card":"summary_large_image","twitter_misc":{"Ber\u00e4knad l\u00e4stid":"1 minut"},"schema":{"@context":"https:\/\/schema.org","@graph":[{"@type":"WebPage","@id":"https:\/\/superseeds.dk\/vare\/452-homebox-ambient-q200-200x200x200-grotelt\/","url":"https:\/\/superseeds.dk\/vare\/452-homebox-ambient-q200-200x200x200-grotelt\/","name":"HOMEbox Ambient Q200+ - 200X200X220 - Superseeds.dk","isPartOf":{"@id":"https:\/\/super-seeds.se\/#website"},"primaryImageOfPage":{"@id":"https:\/\/superseeds.dk\/vare\/452-homebox-ambient-q200-200x200x200-grotelt\/#primaryimage"},"image":{"@id":"https:\/\/superseeds.dk\/vare\/452-homebox-ambient-q200-200x200x200-grotelt\/#primaryimage"},"thumbnailUrl":"https:\/\/superseeds.dk\/wp-content\/uploads\/2025\/01\/HOMEbox-Ambient-Q200-\u2013-200X200X220.png","datePublished":"2025-01-30T21:30:43+00:00","dateModified":"2025-01-30T21:30:52+00:00","breadcrumb":{"@id":"https:\/\/superseeds.dk\/vare\/452-homebox-ambient-q200-200x200x200-grotelt\/#breadcrumb"},"inLanguage":"sv-SE","potentialAction":[{"@type":"ReadAction","target":["https:\/\/superseeds.dk\/vare\/452-homebox-ambient-q200-200x200x200-grotelt\/"]}]},{"@type":"ImageObject","inLanguage":"sv-SE","@id":"https:\/\/superseeds.dk\/vare\/452-homebox-ambient-q200-200x200x200-grotelt\/#primaryimage","url":"https:\/\/superseeds.dk\/wp-content\/uploads\/2025\/01\/HOMEbox-Ambient-Q200-\u2013-200X200X220.png","contentUrl":"https:\/\/superseeds.dk\/wp-content\/uploads\/2025\/01\/HOMEbox-Ambient-Q200-\u2013-200X200X220.png","width":1080,"height":1080},{"@type":"BreadcrumbList","@id":"https:\/\/superseeds.dk\/vare\/452-homebox-ambient-q200-200x200x200-grotelt\/#breadcrumb","itemListElement":[{"@type":"ListItem","position":1,"name":"Hjem","item":"https:\/\/superseeds.dk\/"},{"@type":"ListItem","position":2,"name":"Shop","item":"https:\/\/superseeds.dk\/no\/butikk\/"},{"@type":"ListItem","position":3,"name":"HOMEbox Ambient Q200+ &#8211; 200X200X220"}]},{"@type":"WebSite","@id":"https:\/\/super-seeds.se\/#website","url":"https:\/\/super-seeds.se\/","name":"Superseeds.com","description":"","publisher":{"@id":"https:\/\/super-seeds.se\/#organization"},"potentialAction":[{"@type":"SearchAction","target":{"@type":"EntryPoint","urlTemplate":"https:\/\/super-seeds.se\/?s={search_term_string}"},"query-input":{"@type":"PropertyValueSpecification","valueRequired":true,"valueName":"search_term_string"}}],"inLanguage":"sv-SE"},{"@type":"Organization","@id":"https:\/\/super-seeds.se\/#organization","name":"Superseeds.com","url":"https:\/\/super-seeds.se\/","logo":{"@type":"ImageObject","inLanguage":"sv-SE","@id":"https:\/\/super-seeds.se\/#\/schema\/logo\/image\/","url":"https:\/\/superseeds.dk\/wp-content\/uploads\/2025\/09\/logo-superseeds.png","contentUrl":"https:\/\/superseeds.dk\/wp-content\/uploads\/2025\/09\/logo-superseeds.png","width":180,"height":160,"caption":"Superseeds.dk"},"image":{"@id":"https:\/\/super-seeds.se\/#\/schema\/logo\/image\/"}}]}},"df_price":4749,"df_sale_price":"","df_regular_price":4749,"df_image_link":"https:\/\/superseeds.dk\/wp-content\/uploads\/2025\/01\/HOMEbox-Ambient-Q200-\u2013-200X200X220-1024x1024.png","_links":{"self":[{"href":"https:\/\/superseeds.dk\/se\/wp-json\/wp\/v2\/product\/57075","targetHints":{"allow":["GET"]}}],"collection":[{"href":"https:\/\/superseeds.dk\/se\/wp-json\/wp\/v2\/product"}],"about":[{"href":"https:\/\/superseeds.dk\/se\/wp-json\/wp\/v2\/types\/product"}],"wp:featuredmedia":[{"embeddable":true,"href":"https:\/\/superseeds.dk\/se\/wp-json\/wp\/v2\/media\/57082"}],"wp:attachment":[{"href":"https:\/\/superseeds.dk\/se\/wp-json\/wp\/v2\/media?parent=57075"}],"wp:term":[{"taxonomy":"product_brand","embeddable":true,"href":"https:\/\/superseeds.dk\/se\/wp-json\/wp\/v2\/product_brand?post=57075"},{"taxonomy":"product_cat","embeddable":true,"href":"https:\/\/superseeds.dk\/se\/wp-json\/wp\/v2\/product_cat?post=57075"},{"taxonomy":"product_tag","embeddable":true,"href":"https:\/\/superseeds.dk\/se\/wp-json\/wp\/v2\/product_tag?post=57075"}],"curies":[{"name":"wp","href":"https:\/\/api.w.org\/{rel}","templated":true}]}}