{"id":57055,"date":"2025-01-30T22:30:29","date_gmt":"2025-01-30T21:30:29","guid":{"rendered":"https:\/\/superseeds.dk\/vare\/secret-jardin-dark-propagator-60x40x60\/"},"modified":"2025-01-30T22:30:35","modified_gmt":"2025-01-30T21:30:35","slug":"secret-jardin-dark-propagator-60x40x60","status":"publish","type":"product","link":"https:\/\/superseeds.dk\/se\/produkt\/secret-jardin-dark-propagator-60x40x60\/","title":{"rendered":"SECRET JARDIN &#8211; 60X40X60 DARK PROPAGATOR"},"content":{"rendered":"<p>&nbsp;<\/p>\n<table class=\"table\">\n<tbody>\n<tr>\n<td>Reference<\/td>\n<td>DP60<\/td>\n<\/tr>\n<tr>\n<td>Revision<\/td>\n<td>4,00 kr<\/td>\n<\/tr>\n<tr>\n<td>V\u00e6gt<\/td>\n<td>3,3 kg<\/td>\n<\/tr>\n<tr>\n<td>M\u00e5tt och dimensioner<\/td>\n<td>60 cm x 40 cm x 60 cm<\/td>\n<\/tr>\n<tr>\n<td>Vandbakke<\/td>\n<td>1x WT60.40<\/td>\n<\/tr>\n<tr>\n<td>Kanalflange<\/td>\n<td>2x Support Kit til st\u00e6nger \u00d816mm til \u00d819mm (DF16)<br \/>\n1x CONNECTOR \u00d8100mm (DF16100)<br \/>\n1x LIGHT BAFFLE (DF16LB)<br \/>\n<a href=\"https:\/\/youtu.be\/DBKqdZAMPUc\">DF16 Video<\/a><\/td>\n<\/tr>\n<tr>\n<td>Kabelflange<\/td>\n<td>1x KABELFLANGE \u00d870mm (CF7D)\u00a0<a href=\"https:\/\/youtu.be\/icJU7srr5xI\">Video<\/a><\/td>\n<\/tr>\n<tr>\n<td>H\u00e5ndtering<\/td>\n<td>1x H\u00c5NDTERING, underst\u00f8tter op til 10 kg p\u00e5 en enkelt stang og 10 kg pr. telt.<br \/>\nL\u00e6ngde: 60 cm<\/td>\n<\/tr>\n<tr>\n<td>Tilbeh\u00f8r medf\u00f8lger<\/td>\n<td>15x CABLEIT &#8211; Clips til kabler og net<br \/>\n1x PATCHIT &#8211; Til at reparere dit telt eller udskifte DF16.\u00a0<a href=\"https:\/\/youtu.be\/G2_FPZ2xL_o\">Video<\/a><\/td>\n<\/tr>\n<tr>\n<td>Belysning anbefales<\/td>\n<td>Niveau II (LED PE 2.0) = 40W<br \/>\nNiveau I (LED PE 2.0) = 20WMere information\u00a0<a href=\"https:\/\/www.secretjardin.com\/resources\/detail-on-lighting\/\">her<\/a><\/td>\n<\/tr>\n<tr>\n<td>Volume Telt<\/td>\n<td>0,1 m\u00a0<sup>3<\/sup><\/td>\n<\/tr>\n<tr>\n<td>Udsugning tilr\u00e5des ved filter p\u00e5 *<\/td>\n<td>2 min cyklus : Ekstraktion 50m\u00a0<sup>3<\/sup>\u00a0\/h<br \/>\n4 min cyklus : Ekstraktion 10m\u00a0<sup>3<\/sup>\u00a0\/hMere information\u00a0<a href=\"https:\/\/www.secretjardin.com\/product-category\/ventilation\/\">her<\/a>* Hvis der ikke er noget filter, reduceres med 40 % ekstraktionsbehov<\/td>\n<\/tr>\n<tr>\n<td>R\u00e5materiale<\/td>\n<td>Canvas M210D<br \/>\nst\u00e6nger \u00d816 mm (Q195 Forkromet)<br \/>\nHj\u00f8rner 2,0 mm\/4,0 mm (polypropylen)<br \/>\nBund PE600D &amp; pose PE210D<\/td>\n<\/tr>\n<tr>\n<td>Monteringsvejledning<\/td>\n<td>&gt;\u00a0<a href=\"https:\/\/www.secretjardin.com\/wp-content\/uploads\/2019\/12\/201811-INSTRU-DARKPROP-4.00.pdf\">M\u00d8RK PROPAGATOR R4,00 INSTRUKTIONER<\/a>\u00a0&lt;<\/td>\n<\/tr>\n<\/tbody>\n<\/table>","protected":false},"excerpt":{"rendered":"<p>Dark Propagator teltet \u00a0er ideelle til fr\u00f8planter, sm\u00e5 planter, moderplanter, gr\u00f8ntsager m.m<\/p>\n<p>Den kommer med ind\/udsugning flance og kommer med alt hvad du beh\u00f8ver for at installere det komplette system.<\/p>","protected":false},"featured_media":57058,"template":"","meta":{"_acf_changed":false},"product_brand":[],"product_cat":[1815,1852,1900,1849],"product_tag":[],"class_list":{"0":"post-57055","1":"product","2":"type-product","3":"status-publish","4":"has-post-thumbnail","6":"product_cat-groudstyr","7":"product_cat-secret-jardin","8":"product_cat-secret-jardin-secret-jardin","9":"product_cat-telte","11":"first","12":"onbackorder","13":"taxable","14":"shipping-taxable","15":"purchasable","16":"product-type-simple"},"acf":[],"yoast_head":"<!-- This site is optimized with the Yoast SEO plugin v26.9 - https:\/\/yoast.com\/product\/yoast-seo-wordpress\/ -->\n<title>SECRET JARDIN - 60X40X60 DARK PROPAGATOR - Superseeds.dk<\/title>\n<meta name=\"robots\" content=\"index, follow, max-snippet:-1, max-image-preview:large, max-video-preview:-1\" \/>\n<link rel=\"canonical\" href=\"https:\/\/superseeds.dk\/se\/produkt\/secret-jardin-dark-propagator-60x40x60\/\" \/>\n<meta property=\"og:locale\" content=\"sv_SE\" \/>\n<meta property=\"og:type\" content=\"article\" \/>\n<meta property=\"og:title\" content=\"SECRET JARDIN - 60X40X60 DARK PROPAGATOR - Superseeds.dk\" \/>\n<meta property=\"og:description\" content=\"Dark Propagator teltet \u00a0er ideelle til fr\u00f8planter, sm\u00e5 planter, moderplanter, gr\u00f8ntsager m.m  Den kommer med ind\/udsugning flance og kommer med alt hvad du beh\u00f8ver for at installere det komplette system.\" \/>\n<meta property=\"og:url\" content=\"https:\/\/superseeds.dk\/se\/produkt\/secret-jardin-dark-propagator-60x40x60\/\" \/>\n<meta property=\"og:site_name\" content=\"Superseeds.dk\" \/>\n<meta property=\"article:modified_time\" content=\"2025-01-30T21:30:35+00:00\" \/>\n<meta property=\"og:image\" content=\"https:\/\/super-seeds.no\/wp-content\/uploads\/2025\/01\/SECRET-JARDIN-\u2013-60X40X60-DARK-PROPAGATOR.png\" \/>\n\t<meta property=\"og:image:width\" content=\"1080\" \/>\n\t<meta property=\"og:image:height\" content=\"1080\" \/>\n\t<meta property=\"og:image:type\" content=\"image\/png\" \/>\n<meta name=\"twitter:card\" content=\"summary_large_image\" \/>\n<meta name=\"twitter:label1\" content=\"Ber\u00e4knad l\u00e4stid\" \/>\n\t<meta name=\"twitter:data1\" content=\"1 minut\" \/>\n<script type=\"application\/ld+json\" class=\"yoast-schema-graph\">{\"@context\":\"https:\/\/schema.org\",\"@graph\":[{\"@type\":\"WebPage\",\"@id\":\"https:\/\/superseeds.dk\/vare\/secret-jardin-dark-propagator-60x40x60\/\",\"url\":\"https:\/\/superseeds.dk\/vare\/secret-jardin-dark-propagator-60x40x60\/\",\"name\":\"SECRET JARDIN - 60X40X60 DARK PROPAGATOR - Superseeds.dk\",\"isPartOf\":{\"@id\":\"https:\/\/super-seeds.se\/#website\"},\"primaryImageOfPage\":{\"@id\":\"https:\/\/superseeds.dk\/vare\/secret-jardin-dark-propagator-60x40x60\/#primaryimage\"},\"image\":{\"@id\":\"https:\/\/superseeds.dk\/vare\/secret-jardin-dark-propagator-60x40x60\/#primaryimage\"},\"thumbnailUrl\":\"https:\/\/superseeds.dk\/wp-content\/uploads\/2025\/01\/SECRET-JARDIN-\u2013-60X40X60-DARK-PROPAGATOR.png\",\"datePublished\":\"2025-01-30T21:30:29+00:00\",\"dateModified\":\"2025-01-30T21:30:35+00:00\",\"breadcrumb\":{\"@id\":\"https:\/\/superseeds.dk\/vare\/secret-jardin-dark-propagator-60x40x60\/#breadcrumb\"},\"inLanguage\":\"sv-SE\",\"potentialAction\":[{\"@type\":\"ReadAction\",\"target\":[\"https:\/\/superseeds.dk\/vare\/secret-jardin-dark-propagator-60x40x60\/\"]}]},{\"@type\":\"ImageObject\",\"inLanguage\":\"sv-SE\",\"@id\":\"https:\/\/superseeds.dk\/vare\/secret-jardin-dark-propagator-60x40x60\/#primaryimage\",\"url\":\"https:\/\/superseeds.dk\/wp-content\/uploads\/2025\/01\/SECRET-JARDIN-\u2013-60X40X60-DARK-PROPAGATOR.png\",\"contentUrl\":\"https:\/\/superseeds.dk\/wp-content\/uploads\/2025\/01\/SECRET-JARDIN-\u2013-60X40X60-DARK-PROPAGATOR.png\",\"width\":1080,\"height\":1080},{\"@type\":\"BreadcrumbList\",\"@id\":\"https:\/\/superseeds.dk\/vare\/secret-jardin-dark-propagator-60x40x60\/#breadcrumb\",\"itemListElement\":[{\"@type\":\"ListItem\",\"position\":1,\"name\":\"Hjem\",\"item\":\"https:\/\/superseeds.dk\/\"},{\"@type\":\"ListItem\",\"position\":2,\"name\":\"Shop\",\"item\":\"https:\/\/superseeds.dk\/no\/butikk\/\"},{\"@type\":\"ListItem\",\"position\":3,\"name\":\"SECRET JARDIN &#8211; 60X40X60 DARK PROPAGATOR\"}]},{\"@type\":\"WebSite\",\"@id\":\"https:\/\/super-seeds.se\/#website\",\"url\":\"https:\/\/super-seeds.se\/\",\"name\":\"Superseeds.dk\",\"description\":\"\",\"publisher\":{\"@id\":\"https:\/\/super-seeds.se\/#organization\"},\"potentialAction\":[{\"@type\":\"SearchAction\",\"target\":{\"@type\":\"EntryPoint\",\"urlTemplate\":\"https:\/\/super-seeds.se\/?s={search_term_string}\"},\"query-input\":{\"@type\":\"PropertyValueSpecification\",\"valueRequired\":true,\"valueName\":\"search_term_string\"}}],\"inLanguage\":\"sv-SE\"},{\"@type\":\"Organization\",\"@id\":\"https:\/\/super-seeds.se\/#organization\",\"name\":\"Superseeds.dk\",\"url\":\"https:\/\/super-seeds.se\/\",\"logo\":{\"@type\":\"ImageObject\",\"inLanguage\":\"sv-SE\",\"@id\":\"https:\/\/super-seeds.se\/#\/schema\/logo\/image\/\",\"url\":\"https:\/\/superseeds.dk\/wp-content\/uploads\/2025\/09\/logo-superseeds.png\",\"contentUrl\":\"https:\/\/superseeds.dk\/wp-content\/uploads\/2025\/09\/logo-superseeds.png\",\"width\":180,\"height\":160,\"caption\":\"Superseeds.dk\"},\"image\":{\"@id\":\"https:\/\/super-seeds.se\/#\/schema\/logo\/image\/\"}}]}<\/script>\n<!-- \/ Yoast SEO plugin. -->","yoast_head_json":{"title":"SECRET JARDIN - 60X40X60 DARK PROPAGATOR - Superseeds.dk","robots":{"index":"index","follow":"follow","max-snippet":"max-snippet:-1","max-image-preview":"max-image-preview:large","max-video-preview":"max-video-preview:-1"},"canonical":"https:\/\/superseeds.dk\/se\/produkt\/secret-jardin-dark-propagator-60x40x60\/","og_locale":"sv_SE","og_type":"article","og_title":"SECRET JARDIN - 60X40X60 DARK PROPAGATOR - Superseeds.dk","og_description":"Dark Propagator teltet \u00a0er ideelle til fr\u00f8planter, sm\u00e5 planter, moderplanter, gr\u00f8ntsager m.m  Den kommer med ind\/udsugning flance og kommer med alt hvad du beh\u00f8ver for at installere det komplette system.","og_url":"https:\/\/superseeds.dk\/se\/produkt\/secret-jardin-dark-propagator-60x40x60\/","og_site_name":"Superseeds.dk","article_modified_time":"2025-01-30T21:30:35+00:00","og_image":[{"width":1080,"height":1080,"url":"https:\/\/super-seeds.no\/wp-content\/uploads\/2025\/01\/SECRET-JARDIN-\u2013-60X40X60-DARK-PROPAGATOR.png","type":"image\/png"}],"twitter_card":"summary_large_image","twitter_misc":{"Ber\u00e4knad l\u00e4stid":"1 minut"},"schema":{"@context":"https:\/\/schema.org","@graph":[{"@type":"WebPage","@id":"https:\/\/superseeds.dk\/vare\/secret-jardin-dark-propagator-60x40x60\/","url":"https:\/\/superseeds.dk\/vare\/secret-jardin-dark-propagator-60x40x60\/","name":"SECRET JARDIN - 60X40X60 DARK PROPAGATOR - Superseeds.dk","isPartOf":{"@id":"https:\/\/super-seeds.se\/#website"},"primaryImageOfPage":{"@id":"https:\/\/superseeds.dk\/vare\/secret-jardin-dark-propagator-60x40x60\/#primaryimage"},"image":{"@id":"https:\/\/superseeds.dk\/vare\/secret-jardin-dark-propagator-60x40x60\/#primaryimage"},"thumbnailUrl":"https:\/\/superseeds.dk\/wp-content\/uploads\/2025\/01\/SECRET-JARDIN-\u2013-60X40X60-DARK-PROPAGATOR.png","datePublished":"2025-01-30T21:30:29+00:00","dateModified":"2025-01-30T21:30:35+00:00","breadcrumb":{"@id":"https:\/\/superseeds.dk\/vare\/secret-jardin-dark-propagator-60x40x60\/#breadcrumb"},"inLanguage":"sv-SE","potentialAction":[{"@type":"ReadAction","target":["https:\/\/superseeds.dk\/vare\/secret-jardin-dark-propagator-60x40x60\/"]}]},{"@type":"ImageObject","inLanguage":"sv-SE","@id":"https:\/\/superseeds.dk\/vare\/secret-jardin-dark-propagator-60x40x60\/#primaryimage","url":"https:\/\/superseeds.dk\/wp-content\/uploads\/2025\/01\/SECRET-JARDIN-\u2013-60X40X60-DARK-PROPAGATOR.png","contentUrl":"https:\/\/superseeds.dk\/wp-content\/uploads\/2025\/01\/SECRET-JARDIN-\u2013-60X40X60-DARK-PROPAGATOR.png","width":1080,"height":1080},{"@type":"BreadcrumbList","@id":"https:\/\/superseeds.dk\/vare\/secret-jardin-dark-propagator-60x40x60\/#breadcrumb","itemListElement":[{"@type":"ListItem","position":1,"name":"Hjem","item":"https:\/\/superseeds.dk\/"},{"@type":"ListItem","position":2,"name":"Shop","item":"https:\/\/superseeds.dk\/no\/butikk\/"},{"@type":"ListItem","position":3,"name":"SECRET JARDIN &#8211; 60X40X60 DARK PROPAGATOR"}]},{"@type":"WebSite","@id":"https:\/\/super-seeds.se\/#website","url":"https:\/\/super-seeds.se\/","name":"Superseeds.com","description":"","publisher":{"@id":"https:\/\/super-seeds.se\/#organization"},"potentialAction":[{"@type":"SearchAction","target":{"@type":"EntryPoint","urlTemplate":"https:\/\/super-seeds.se\/?s={search_term_string}"},"query-input":{"@type":"PropertyValueSpecification","valueRequired":true,"valueName":"search_term_string"}}],"inLanguage":"sv-SE"},{"@type":"Organization","@id":"https:\/\/super-seeds.se\/#organization","name":"Superseeds.com","url":"https:\/\/super-seeds.se\/","logo":{"@type":"ImageObject","inLanguage":"sv-SE","@id":"https:\/\/super-seeds.se\/#\/schema\/logo\/image\/","url":"https:\/\/superseeds.dk\/wp-content\/uploads\/2025\/09\/logo-superseeds.png","contentUrl":"https:\/\/superseeds.dk\/wp-content\/uploads\/2025\/09\/logo-superseeds.png","width":180,"height":160,"caption":"Superseeds.dk"},"image":{"@id":"https:\/\/super-seeds.se\/#\/schema\/logo\/image\/"}}]}},"df_price":595,"df_sale_price":"","df_regular_price":595,"df_image_link":"https:\/\/superseeds.dk\/wp-content\/uploads\/2025\/01\/SECRET-JARDIN-\u2013-60X40X60-DARK-PROPAGATOR-1024x1024.png","_links":{"self":[{"href":"https:\/\/superseeds.dk\/se\/wp-json\/wp\/v2\/product\/57055","targetHints":{"allow":["GET"]}}],"collection":[{"href":"https:\/\/superseeds.dk\/se\/wp-json\/wp\/v2\/product"}],"about":[{"href":"https:\/\/superseeds.dk\/se\/wp-json\/wp\/v2\/types\/product"}],"wp:featuredmedia":[{"embeddable":true,"href":"https:\/\/superseeds.dk\/se\/wp-json\/wp\/v2\/media\/57058"}],"wp:attachment":[{"href":"https:\/\/superseeds.dk\/se\/wp-json\/wp\/v2\/media?parent=57055"}],"wp:term":[{"taxonomy":"product_brand","embeddable":true,"href":"https:\/\/superseeds.dk\/se\/wp-json\/wp\/v2\/product_brand?post=57055"},{"taxonomy":"product_cat","embeddable":true,"href":"https:\/\/superseeds.dk\/se\/wp-json\/wp\/v2\/product_cat?post=57055"},{"taxonomy":"product_tag","embeddable":true,"href":"https:\/\/superseeds.dk\/se\/wp-json\/wp\/v2\/product_tag?post=57055"}],"curies":[{"name":"wp","href":"https:\/\/api.w.org\/{rel}","templated":true}]}}