{"id":56177,"date":"2025-01-30T22:21:38","date_gmt":"2025-01-30T21:21:38","guid":{"rendered":"https:\/\/superseeds.dk\/vare\/support-net-100-m-x-136-cm\/"},"modified":"2025-05-04T09:49:32","modified_gmt":"2025-05-04T07:49:32","slug":"natstod-100-m-x-136-cm","status":"publish","type":"product","link":"https:\/\/superseeds.dk\/se\/produkt\/natstod-100-m-x-136-cm\/","title":{"rendered":"St\u00f6dn\u00e4t, 100 m x 200 cm"},"content":{"rendered":"","protected":false},"excerpt":{"rendered":"<p>Det h\u00e4r n\u00e4tet \u00e4r billigt och ett superenkelt s\u00e4tt att st\u00f6tta dina v\u00e4xter. Du kan anv\u00e4nda n\u00e4tet f\u00f6r att scrog med om du \u00e4r intresserad av det. Du kan ocks\u00e5 bara l\u00e5ta v\u00e4xterna v\u00e4xa naturligt genom n\u00e4tet n\u00e4r de v\u00e4xer. Den enda nackdelen med att anv\u00e4nda ett \"st\u00f6dn\u00e4t\" \u00e4r att n\u00e4r det v\u00e4l \u00e4r installerat kan det vara lite jobbigt att komma in och arbeta mellan dina v\u00e4xter. Detta \u00e4r dock bara fallet f\u00f6r dem som odlar i st\u00f6rre omr\u00e5den.<\/p>\n<p><strong>Information:<\/strong><\/p>\n<ul>\n<li>15 x 15 cm mask<\/li>\n<li>N\u00e4t av plast<\/li>\n<li>L\u00e4ngd 100 meter<\/li>\n<li>Bredd 2 meter<\/li>\n<li>St\u00f6d f\u00f6r v\u00e4xter<\/li>\n<li>Kan \u00e5teranv\u00e4ndas. Men de flesta v\u00e4ljer att anv\u00e4nda nytt varje g\u00e5ng.<\/li>\n<\/ul>","protected":false},"featured_media":63139,"template":"","meta":{"_acf_changed":false},"product_brand":[],"product_cat":[1815,1866,1865,1849],"product_tag":[],"class_list":{"0":"post-56177","1":"product","2":"type-product","3":"status-publish","4":"has-post-thumbnail","6":"product_cat-groudstyr","7":"product_cat-plante-net-scrog","8":"product_cat-plantestoette","9":"product_cat-telte","11":"first","12":"onbackorder","13":"taxable","14":"shipping-taxable","15":"purchasable","16":"product-type-simple"},"acf":[],"yoast_head":"<!-- This site is optimized with the Yoast SEO plugin v26.9 - https:\/\/yoast.com\/product\/yoast-seo-wordpress\/ -->\n<title>Support net, 100 m x 200 cm - Superseeds.dk<\/title>\n<meta name=\"robots\" content=\"index, follow, max-snippet:-1, max-image-preview:large, max-video-preview:-1\" \/>\n<link rel=\"canonical\" href=\"https:\/\/superseeds.dk\/se\/produkt\/natstod-100-m-x-136-cm\/\" \/>\n<meta property=\"og:locale\" content=\"sv_SE\" \/>\n<meta property=\"og:type\" content=\"article\" \/>\n<meta property=\"og:title\" content=\"Support net, 100 m x 200 cm - Superseeds.dk\" \/>\n<meta property=\"og:description\" content=\"Dette net er billigt, og en super nem m\u00e5de hvorp\u00e5 at man kan st\u00f8tte sine planter. Man kan bruge nettet til at \u201cscrogge\u201d med hvis man er til det. Man kan ogs\u00e5 bare lade planterne gro helt naturligt op igennem nettet i takt med at de vokser. Den eneste ulempe med at anvende \u201cst\u00f8tte net\u201d er lidt, at n\u00e5r det f\u00f8rst er monteret s\u00e5 kan det blive lidt af en besv\u00e6rlig opgave at komme ind og arbejde i mellem sine planter. Dette er dog kun tilf\u00e6ldet for dem der gror p\u00e5 st\u00f8rre arealer.  Information:   15 x 15 cm maske  Plastik net  L\u00e6ngde 100 Meter  bredde 2 meter  St\u00f8tte til planter  Kan genbruges. Men de fleste v\u00e6lger at bruge nyt hver gang.\" \/>\n<meta property=\"og:url\" content=\"https:\/\/superseeds.dk\/se\/produkt\/natstod-100-m-x-136-cm\/\" \/>\n<meta property=\"og:site_name\" content=\"Superseeds.dk\" \/>\n<meta property=\"article:modified_time\" content=\"2025-05-04T07:49:32+00:00\" \/>\n<meta property=\"og:image\" content=\"https:\/\/superseeds.dk\/wp-content\/uploads\/2025\/05\/Support-net-100-m-x-136-cm.png\" \/>\n\t<meta property=\"og:image:width\" content=\"1080\" \/>\n\t<meta property=\"og:image:height\" content=\"1080\" \/>\n\t<meta property=\"og:image:type\" content=\"image\/png\" \/>\n<meta name=\"twitter:card\" content=\"summary_large_image\" \/>\n<meta name=\"twitter:label1\" content=\"Ber\u00e4knad l\u00e4stid\" \/>\n\t<meta name=\"twitter:data1\" content=\"1 minut\" \/>\n<script type=\"application\/ld+json\" class=\"yoast-schema-graph\">{\"@context\":\"https:\/\/schema.org\",\"@graph\":[{\"@type\":\"WebPage\",\"@id\":\"https:\/\/superseeds.dk\/vare\/support-net-100-m-x-136-cm\/\",\"url\":\"https:\/\/superseeds.dk\/vare\/support-net-100-m-x-136-cm\/\",\"name\":\"Support net, 100 m x 200 cm - Superseeds.dk\",\"isPartOf\":{\"@id\":\"https:\/\/super-seeds.se\/#website\"},\"primaryImageOfPage\":{\"@id\":\"https:\/\/superseeds.dk\/vare\/support-net-100-m-x-136-cm\/#primaryimage\"},\"image\":{\"@id\":\"https:\/\/superseeds.dk\/vare\/support-net-100-m-x-136-cm\/#primaryimage\"},\"thumbnailUrl\":\"https:\/\/superseeds.dk\/wp-content\/uploads\/2025\/05\/Support-net-100-m-x-136-cm.png\",\"datePublished\":\"2025-01-30T21:21:38+00:00\",\"dateModified\":\"2025-05-04T07:49:32+00:00\",\"breadcrumb\":{\"@id\":\"https:\/\/superseeds.dk\/vare\/support-net-100-m-x-136-cm\/#breadcrumb\"},\"inLanguage\":\"sv-SE\",\"potentialAction\":[{\"@type\":\"ReadAction\",\"target\":[\"https:\/\/superseeds.dk\/vare\/support-net-100-m-x-136-cm\/\"]}]},{\"@type\":\"ImageObject\",\"inLanguage\":\"sv-SE\",\"@id\":\"https:\/\/superseeds.dk\/vare\/support-net-100-m-x-136-cm\/#primaryimage\",\"url\":\"https:\/\/superseeds.dk\/wp-content\/uploads\/2025\/05\/Support-net-100-m-x-136-cm.png\",\"contentUrl\":\"https:\/\/superseeds.dk\/wp-content\/uploads\/2025\/05\/Support-net-100-m-x-136-cm.png\",\"width\":1080,\"height\":1080},{\"@type\":\"BreadcrumbList\",\"@id\":\"https:\/\/superseeds.dk\/vare\/support-net-100-m-x-136-cm\/#breadcrumb\",\"itemListElement\":[{\"@type\":\"ListItem\",\"position\":1,\"name\":\"Hjem\",\"item\":\"https:\/\/superseeds.dk\/\"},{\"@type\":\"ListItem\",\"position\":2,\"name\":\"Shop\",\"item\":\"https:\/\/superseeds.dk\/no\/butikk\/\"},{\"@type\":\"ListItem\",\"position\":3,\"name\":\"Support net, 100 m x 200 cm\"}]},{\"@type\":\"WebSite\",\"@id\":\"https:\/\/super-seeds.se\/#website\",\"url\":\"https:\/\/super-seeds.se\/\",\"name\":\"Superseeds.dk\",\"description\":\"\",\"publisher\":{\"@id\":\"https:\/\/super-seeds.se\/#organization\"},\"potentialAction\":[{\"@type\":\"SearchAction\",\"target\":{\"@type\":\"EntryPoint\",\"urlTemplate\":\"https:\/\/super-seeds.se\/?s={search_term_string}\"},\"query-input\":{\"@type\":\"PropertyValueSpecification\",\"valueRequired\":true,\"valueName\":\"search_term_string\"}}],\"inLanguage\":\"sv-SE\"},{\"@type\":\"Organization\",\"@id\":\"https:\/\/super-seeds.se\/#organization\",\"name\":\"Superseeds.dk\",\"url\":\"https:\/\/super-seeds.se\/\",\"logo\":{\"@type\":\"ImageObject\",\"inLanguage\":\"sv-SE\",\"@id\":\"https:\/\/super-seeds.se\/#\/schema\/logo\/image\/\",\"url\":\"https:\/\/superseeds.dk\/wp-content\/uploads\/2025\/09\/logo-superseeds.png\",\"contentUrl\":\"https:\/\/superseeds.dk\/wp-content\/uploads\/2025\/09\/logo-superseeds.png\",\"width\":180,\"height\":160,\"caption\":\"Superseeds.dk\"},\"image\":{\"@id\":\"https:\/\/super-seeds.se\/#\/schema\/logo\/image\/\"}}]}<\/script>\n<!-- \/ Yoast SEO plugin. -->","yoast_head_json":{"title":"St\u00f6dn\u00e4t, 100 m x 200 cm - Superseeds.dk","robots":{"index":"index","follow":"follow","max-snippet":"max-snippet:-1","max-image-preview":"max-image-preview:large","max-video-preview":"max-video-preview:-1"},"canonical":"https:\/\/superseeds.dk\/se\/produkt\/natstod-100-m-x-136-cm\/","og_locale":"sv_SE","og_type":"article","og_title":"Support net, 100 m x 200 cm - Superseeds.dk","og_description":"Dette net er billigt, og en super nem m\u00e5de hvorp\u00e5 at man kan st\u00f8tte sine planter. Man kan bruge nettet til at \u201cscrogge\u201d med hvis man er til det. Man kan ogs\u00e5 bare lade planterne gro helt naturligt op igennem nettet i takt med at de vokser. Den eneste ulempe med at anvende \u201cst\u00f8tte net\u201d er lidt, at n\u00e5r det f\u00f8rst er monteret s\u00e5 kan det blive lidt af en besv\u00e6rlig opgave at komme ind og arbejde i mellem sine planter. Dette er dog kun tilf\u00e6ldet for dem der gror p\u00e5 st\u00f8rre arealer.  Information:   15 x 15 cm maske  Plastik net  L\u00e6ngde 100 Meter  bredde 2 meter  St\u00f8tte til planter  Kan genbruges. Men de fleste v\u00e6lger at bruge nyt hver gang.","og_url":"https:\/\/superseeds.dk\/se\/produkt\/natstod-100-m-x-136-cm\/","og_site_name":"Superseeds.dk","article_modified_time":"2025-05-04T07:49:32+00:00","og_image":[{"width":1080,"height":1080,"url":"https:\/\/superseeds.dk\/wp-content\/uploads\/2025\/05\/Support-net-100-m-x-136-cm.png","type":"image\/png"}],"twitter_card":"summary_large_image","twitter_misc":{"Ber\u00e4knad l\u00e4stid":"1 minut"},"schema":{"@context":"https:\/\/schema.org","@graph":[{"@type":"WebPage","@id":"https:\/\/superseeds.dk\/vare\/support-net-100-m-x-136-cm\/","url":"https:\/\/superseeds.dk\/vare\/support-net-100-m-x-136-cm\/","name":"St\u00f6dn\u00e4t, 100 m x 200 cm - Superseeds.dk","isPartOf":{"@id":"https:\/\/super-seeds.se\/#website"},"primaryImageOfPage":{"@id":"https:\/\/superseeds.dk\/vare\/support-net-100-m-x-136-cm\/#primaryimage"},"image":{"@id":"https:\/\/superseeds.dk\/vare\/support-net-100-m-x-136-cm\/#primaryimage"},"thumbnailUrl":"https:\/\/superseeds.dk\/wp-content\/uploads\/2025\/05\/Support-net-100-m-x-136-cm.png","datePublished":"2025-01-30T21:21:38+00:00","dateModified":"2025-05-04T07:49:32+00:00","breadcrumb":{"@id":"https:\/\/superseeds.dk\/vare\/support-net-100-m-x-136-cm\/#breadcrumb"},"inLanguage":"sv-SE","potentialAction":[{"@type":"ReadAction","target":["https:\/\/superseeds.dk\/vare\/support-net-100-m-x-136-cm\/"]}]},{"@type":"ImageObject","inLanguage":"sv-SE","@id":"https:\/\/superseeds.dk\/vare\/support-net-100-m-x-136-cm\/#primaryimage","url":"https:\/\/superseeds.dk\/wp-content\/uploads\/2025\/05\/Support-net-100-m-x-136-cm.png","contentUrl":"https:\/\/superseeds.dk\/wp-content\/uploads\/2025\/05\/Support-net-100-m-x-136-cm.png","width":1080,"height":1080},{"@type":"BreadcrumbList","@id":"https:\/\/superseeds.dk\/vare\/support-net-100-m-x-136-cm\/#breadcrumb","itemListElement":[{"@type":"ListItem","position":1,"name":"Hjem","item":"https:\/\/superseeds.dk\/"},{"@type":"ListItem","position":2,"name":"Shop","item":"https:\/\/superseeds.dk\/no\/butikk\/"},{"@type":"ListItem","position":3,"name":"Support net, 100 m x 200 cm"}]},{"@type":"WebSite","@id":"https:\/\/super-seeds.se\/#website","url":"https:\/\/super-seeds.se\/","name":"Superseeds.com","description":"","publisher":{"@id":"https:\/\/super-seeds.se\/#organization"},"potentialAction":[{"@type":"SearchAction","target":{"@type":"EntryPoint","urlTemplate":"https:\/\/super-seeds.se\/?s={search_term_string}"},"query-input":{"@type":"PropertyValueSpecification","valueRequired":true,"valueName":"search_term_string"}}],"inLanguage":"sv-SE"},{"@type":"Organization","@id":"https:\/\/super-seeds.se\/#organization","name":"Superseeds.com","url":"https:\/\/super-seeds.se\/","logo":{"@type":"ImageObject","inLanguage":"sv-SE","@id":"https:\/\/super-seeds.se\/#\/schema\/logo\/image\/","url":"https:\/\/superseeds.dk\/wp-content\/uploads\/2025\/09\/logo-superseeds.png","contentUrl":"https:\/\/superseeds.dk\/wp-content\/uploads\/2025\/09\/logo-superseeds.png","width":180,"height":160,"caption":"Superseeds.dk"},"image":{"@id":"https:\/\/super-seeds.se\/#\/schema\/logo\/image\/"}}]}},"df_price":449,"df_sale_price":"","df_regular_price":449,"df_image_link":"https:\/\/superseeds.dk\/wp-content\/uploads\/2025\/05\/Support-net-100-m-x-136-cm-1024x1024.png","_links":{"self":[{"href":"https:\/\/superseeds.dk\/se\/wp-json\/wp\/v2\/product\/56177","targetHints":{"allow":["GET"]}}],"collection":[{"href":"https:\/\/superseeds.dk\/se\/wp-json\/wp\/v2\/product"}],"about":[{"href":"https:\/\/superseeds.dk\/se\/wp-json\/wp\/v2\/types\/product"}],"wp:featuredmedia":[{"embeddable":true,"href":"https:\/\/superseeds.dk\/se\/wp-json\/wp\/v2\/media\/63139"}],"wp:attachment":[{"href":"https:\/\/superseeds.dk\/se\/wp-json\/wp\/v2\/media?parent=56177"}],"wp:term":[{"taxonomy":"product_brand","embeddable":true,"href":"https:\/\/superseeds.dk\/se\/wp-json\/wp\/v2\/product_brand?post=56177"},{"taxonomy":"product_cat","embeddable":true,"href":"https:\/\/superseeds.dk\/se\/wp-json\/wp\/v2\/product_cat?post=56177"},{"taxonomy":"product_tag","embeddable":true,"href":"https:\/\/superseeds.dk\/se\/wp-json\/wp\/v2\/product_tag?post=56177"}],"curies":[{"name":"wp","href":"https:\/\/api.w.org\/{rel}","templated":true}]}}