{"id":56125,"date":"2025-01-30T22:20:58","date_gmt":"2025-01-30T21:20:58","guid":{"rendered":"https:\/\/superseeds.dk\/vare\/lydloes-alu-flex-roer-10-meter\/"},"modified":"2025-01-30T22:21:03","modified_gmt":"2025-01-30T21:21:03","slug":"lydloes-alu-flex-roer-10-meter","status":"publish","type":"product","link":"https:\/\/superseeds.dk\/se\/produkt\/lydloes-alu-flex-roer-10-meter\/","title":{"rendered":"Lydl\u00f8s alu flex r\u00f8r &#8211; 10 meter"},"content":{"rendered":"<p>Airontek &#8211; Lydl\u00f8s alu flex r\u00f8r.<\/p>\n<p>Flex r\u00f8ret er p\u00e5 10 m, er pakket i isolering, der giver den lydl\u00f8se effekt.<\/p>\n<p>Nemt at arbejde med og giver en bedre arbejdsplads, hvor partikler ledes igennem et lydl\u00f8s r\u00f8r og giver ingen gener for diverse livs former.<\/p>","protected":false},"excerpt":{"rendered":"<p>isoleret flexr\u00f8r giver den mest lydl\u00f8se form for transport af din udluftning.<\/p>","protected":false},"featured_media":56130,"template":"","meta":{"_acf_changed":false},"product_brand":[],"product_cat":[1815,1824,1887],"product_tag":[1216,1217,1218,1219,1220,1221],"class_list":{"0":"post-56125","1":"product","2":"type-product","3":"status-publish","4":"has-post-thumbnail","6":"product_cat-groudstyr","7":"product_cat-klima","8":"product_cat-ventilations-slanger","9":"product_tag-airontek","10":"product_tag-flex-ror","11":"product_tag-isoleret-alu-flex-ror","12":"product_tag-lydlos","13":"product_tag-lydlos-alu-flex-ror","14":"product_tag-lydlos-alu-flex-ror-10-meter","16":"first","17":"onbackorder","18":"taxable","19":"shipping-taxable","20":"purchasable","21":"product-type-variable","22":"wvs-archive-product-wrapper"},"acf":[],"yoast_head":"<!-- This site is optimized with the Yoast SEO plugin v26.9 - https:\/\/yoast.com\/product\/yoast-seo-wordpress\/ -->\n<title>Lydl\u00f8s alu flex r\u00f8r - 10 meter - Superseeds.dk<\/title>\n<meta name=\"robots\" content=\"index, follow, max-snippet:-1, max-image-preview:large, max-video-preview:-1\" \/>\n<link rel=\"canonical\" href=\"https:\/\/superseeds.dk\/se\/produkt\/lydloes-alu-flex-roer-10-meter\/\" \/>\n<meta property=\"og:locale\" content=\"sv_SE\" \/>\n<meta property=\"og:type\" content=\"article\" \/>\n<meta property=\"og:title\" content=\"Lydl\u00f8s alu flex r\u00f8r - 10 meter - Superseeds.dk\" \/>\n<meta property=\"og:description\" content=\"isoleret flexr\u00f8r giver den mest lydl\u00f8se form for transport af din udluftning.\" \/>\n<meta property=\"og:url\" content=\"https:\/\/superseeds.dk\/se\/produkt\/lydloes-alu-flex-roer-10-meter\/\" \/>\n<meta property=\"og:site_name\" content=\"Superseeds.dk\" \/>\n<meta property=\"article:modified_time\" content=\"2025-01-30T21:21:03+00:00\" \/>\n<meta property=\"og:image\" content=\"https:\/\/superseeds.dk\/wp-content\/uploads\/2025\/01\/Lydloes-alu-flex-roer-\u2013-10-meter.png\" \/>\n\t<meta property=\"og:image:width\" content=\"1080\" \/>\n\t<meta property=\"og:image:height\" content=\"1080\" \/>\n\t<meta property=\"og:image:type\" content=\"image\/png\" \/>\n<meta name=\"twitter:card\" content=\"summary_large_image\" \/>\n<script type=\"application\/ld+json\" class=\"yoast-schema-graph\">{\"@context\":\"https:\/\/schema.org\",\"@graph\":[{\"@type\":\"WebPage\",\"@id\":\"https:\/\/superseeds.dk\/vare\/lydloes-alu-flex-roer-10-meter\/\",\"url\":\"https:\/\/superseeds.dk\/vare\/lydloes-alu-flex-roer-10-meter\/\",\"name\":\"Lydl\u00f8s alu flex r\u00f8r - 10 meter - Superseeds.dk\",\"isPartOf\":{\"@id\":\"https:\/\/super-seeds.se\/#website\"},\"primaryImageOfPage\":{\"@id\":\"https:\/\/superseeds.dk\/vare\/lydloes-alu-flex-roer-10-meter\/#primaryimage\"},\"image\":{\"@id\":\"https:\/\/superseeds.dk\/vare\/lydloes-alu-flex-roer-10-meter\/#primaryimage\"},\"thumbnailUrl\":\"https:\/\/superseeds.dk\/wp-content\/uploads\/2025\/01\/Lydloes-alu-flex-roer-\u2013-10-meter.png\",\"datePublished\":\"2025-01-30T21:20:58+00:00\",\"dateModified\":\"2025-01-30T21:21:03+00:00\",\"breadcrumb\":{\"@id\":\"https:\/\/superseeds.dk\/vare\/lydloes-alu-flex-roer-10-meter\/#breadcrumb\"},\"inLanguage\":\"sv-SE\",\"potentialAction\":[{\"@type\":\"ReadAction\",\"target\":[\"https:\/\/superseeds.dk\/vare\/lydloes-alu-flex-roer-10-meter\/\"]}]},{\"@type\":\"ImageObject\",\"inLanguage\":\"sv-SE\",\"@id\":\"https:\/\/superseeds.dk\/vare\/lydloes-alu-flex-roer-10-meter\/#primaryimage\",\"url\":\"https:\/\/superseeds.dk\/wp-content\/uploads\/2025\/01\/Lydloes-alu-flex-roer-\u2013-10-meter.png\",\"contentUrl\":\"https:\/\/superseeds.dk\/wp-content\/uploads\/2025\/01\/Lydloes-alu-flex-roer-\u2013-10-meter.png\",\"width\":1080,\"height\":1080},{\"@type\":\"BreadcrumbList\",\"@id\":\"https:\/\/superseeds.dk\/vare\/lydloes-alu-flex-roer-10-meter\/#breadcrumb\",\"itemListElement\":[{\"@type\":\"ListItem\",\"position\":1,\"name\":\"Hjem\",\"item\":\"https:\/\/superseeds.dk\/\"},{\"@type\":\"ListItem\",\"position\":2,\"name\":\"Shop\",\"item\":\"https:\/\/superseeds.dk\/no\/butikk\/\"},{\"@type\":\"ListItem\",\"position\":3,\"name\":\"Lydl\u00f8s alu flex r\u00f8r &#8211; 10 meter\"}]},{\"@type\":\"WebSite\",\"@id\":\"https:\/\/super-seeds.se\/#website\",\"url\":\"https:\/\/super-seeds.se\/\",\"name\":\"Superseeds.dk\",\"description\":\"\",\"publisher\":{\"@id\":\"https:\/\/super-seeds.se\/#organization\"},\"potentialAction\":[{\"@type\":\"SearchAction\",\"target\":{\"@type\":\"EntryPoint\",\"urlTemplate\":\"https:\/\/super-seeds.se\/?s={search_term_string}\"},\"query-input\":{\"@type\":\"PropertyValueSpecification\",\"valueRequired\":true,\"valueName\":\"search_term_string\"}}],\"inLanguage\":\"sv-SE\"},{\"@type\":\"Organization\",\"@id\":\"https:\/\/super-seeds.se\/#organization\",\"name\":\"Superseeds.dk\",\"url\":\"https:\/\/super-seeds.se\/\",\"logo\":{\"@type\":\"ImageObject\",\"inLanguage\":\"sv-SE\",\"@id\":\"https:\/\/super-seeds.se\/#\/schema\/logo\/image\/\",\"url\":\"https:\/\/superseeds.dk\/wp-content\/uploads\/2025\/09\/logo-superseeds.png\",\"contentUrl\":\"https:\/\/superseeds.dk\/wp-content\/uploads\/2025\/09\/logo-superseeds.png\",\"width\":180,\"height\":160,\"caption\":\"Superseeds.dk\"},\"image\":{\"@id\":\"https:\/\/super-seeds.se\/#\/schema\/logo\/image\/\"}}]}<\/script>\n<!-- \/ Yoast SEO plugin. -->","yoast_head_json":{"title":"Lydl\u00f8s alu flex r\u00f8r - 10 meter - Superseeds.dk","robots":{"index":"index","follow":"follow","max-snippet":"max-snippet:-1","max-image-preview":"max-image-preview:large","max-video-preview":"max-video-preview:-1"},"canonical":"https:\/\/superseeds.dk\/se\/produkt\/lydloes-alu-flex-roer-10-meter\/","og_locale":"sv_SE","og_type":"article","og_title":"Lydl\u00f8s alu flex r\u00f8r - 10 meter - Superseeds.dk","og_description":"isoleret flexr\u00f8r giver den mest lydl\u00f8se form for transport af din udluftning.","og_url":"https:\/\/superseeds.dk\/se\/produkt\/lydloes-alu-flex-roer-10-meter\/","og_site_name":"Superseeds.dk","article_modified_time":"2025-01-30T21:21:03+00:00","og_image":[{"width":1080,"height":1080,"url":"https:\/\/superseeds.dk\/wp-content\/uploads\/2025\/01\/Lydloes-alu-flex-roer-\u2013-10-meter.png","type":"image\/png"}],"twitter_card":"summary_large_image","schema":{"@context":"https:\/\/schema.org","@graph":[{"@type":"WebPage","@id":"https:\/\/superseeds.dk\/vare\/lydloes-alu-flex-roer-10-meter\/","url":"https:\/\/superseeds.dk\/vare\/lydloes-alu-flex-roer-10-meter\/","name":"Lydl\u00f8s alu flex r\u00f8r - 10 meter - Superseeds.dk","isPartOf":{"@id":"https:\/\/super-seeds.se\/#website"},"primaryImageOfPage":{"@id":"https:\/\/superseeds.dk\/vare\/lydloes-alu-flex-roer-10-meter\/#primaryimage"},"image":{"@id":"https:\/\/superseeds.dk\/vare\/lydloes-alu-flex-roer-10-meter\/#primaryimage"},"thumbnailUrl":"https:\/\/superseeds.dk\/wp-content\/uploads\/2025\/01\/Lydloes-alu-flex-roer-\u2013-10-meter.png","datePublished":"2025-01-30T21:20:58+00:00","dateModified":"2025-01-30T21:21:03+00:00","breadcrumb":{"@id":"https:\/\/superseeds.dk\/vare\/lydloes-alu-flex-roer-10-meter\/#breadcrumb"},"inLanguage":"sv-SE","potentialAction":[{"@type":"ReadAction","target":["https:\/\/superseeds.dk\/vare\/lydloes-alu-flex-roer-10-meter\/"]}]},{"@type":"ImageObject","inLanguage":"sv-SE","@id":"https:\/\/superseeds.dk\/vare\/lydloes-alu-flex-roer-10-meter\/#primaryimage","url":"https:\/\/superseeds.dk\/wp-content\/uploads\/2025\/01\/Lydloes-alu-flex-roer-\u2013-10-meter.png","contentUrl":"https:\/\/superseeds.dk\/wp-content\/uploads\/2025\/01\/Lydloes-alu-flex-roer-\u2013-10-meter.png","width":1080,"height":1080},{"@type":"BreadcrumbList","@id":"https:\/\/superseeds.dk\/vare\/lydloes-alu-flex-roer-10-meter\/#breadcrumb","itemListElement":[{"@type":"ListItem","position":1,"name":"Hjem","item":"https:\/\/superseeds.dk\/"},{"@type":"ListItem","position":2,"name":"Shop","item":"https:\/\/superseeds.dk\/no\/butikk\/"},{"@type":"ListItem","position":3,"name":"Lydl\u00f8s alu flex r\u00f8r &#8211; 10 meter"}]},{"@type":"WebSite","@id":"https:\/\/super-seeds.se\/#website","url":"https:\/\/super-seeds.se\/","name":"Superseeds.com","description":"","publisher":{"@id":"https:\/\/super-seeds.se\/#organization"},"potentialAction":[{"@type":"SearchAction","target":{"@type":"EntryPoint","urlTemplate":"https:\/\/super-seeds.se\/?s={search_term_string}"},"query-input":{"@type":"PropertyValueSpecification","valueRequired":true,"valueName":"search_term_string"}}],"inLanguage":"sv-SE"},{"@type":"Organization","@id":"https:\/\/super-seeds.se\/#organization","name":"Superseeds.com","url":"https:\/\/super-seeds.se\/","logo":{"@type":"ImageObject","inLanguage":"sv-SE","@id":"https:\/\/super-seeds.se\/#\/schema\/logo\/image\/","url":"https:\/\/superseeds.dk\/wp-content\/uploads\/2025\/09\/logo-superseeds.png","contentUrl":"https:\/\/superseeds.dk\/wp-content\/uploads\/2025\/09\/logo-superseeds.png","width":180,"height":160,"caption":"Superseeds.dk"},"image":{"@id":"https:\/\/super-seeds.se\/#\/schema\/logo\/image\/"}}]}},"df_price":450,"df_sale_price":"","df_regular_price":450,"df_image_link":"https:\/\/superseeds.dk\/wp-content\/uploads\/2025\/01\/Lydloes-alu-flex-roer-\u2013-10-meter-1024x1024.png","_links":{"self":[{"href":"https:\/\/superseeds.dk\/se\/wp-json\/wp\/v2\/product\/56125","targetHints":{"allow":["GET"]}}],"collection":[{"href":"https:\/\/superseeds.dk\/se\/wp-json\/wp\/v2\/product"}],"about":[{"href":"https:\/\/superseeds.dk\/se\/wp-json\/wp\/v2\/types\/product"}],"wp:featuredmedia":[{"embeddable":true,"href":"https:\/\/superseeds.dk\/se\/wp-json\/wp\/v2\/media\/56130"}],"wp:attachment":[{"href":"https:\/\/superseeds.dk\/se\/wp-json\/wp\/v2\/media?parent=56125"}],"wp:term":[{"taxonomy":"product_brand","embeddable":true,"href":"https:\/\/superseeds.dk\/se\/wp-json\/wp\/v2\/product_brand?post=56125"},{"taxonomy":"product_cat","embeddable":true,"href":"https:\/\/superseeds.dk\/se\/wp-json\/wp\/v2\/product_cat?post=56125"},{"taxonomy":"product_tag","embeddable":true,"href":"https:\/\/superseeds.dk\/se\/wp-json\/wp\/v2\/product_tag?post=56125"}],"curies":[{"name":"wp","href":"https:\/\/api.w.org\/{rel}","templated":true}]}}