{"id":55967,"date":"2025-01-30T22:19:12","date_gmt":"2025-01-30T21:19:12","guid":{"rendered":"https:\/\/superseeds.dk\/vare\/biobizz-allmix\/"},"modified":"2025-01-30T22:19:15","modified_gmt":"2025-01-30T21:19:15","slug":"biobizz-allmix","status":"publish","type":"product","link":"https:\/\/superseeds.dk\/se\/produkt\/biobizz-allmix\/","title":{"rendered":"Biobizz Allmix"},"content":{"rendered":"<p><span id=\"result_box\" lang=\"da\"><span title=\"All\u00b7Mix\u00ae is a heavily pre-fertilized soil mixture.\">All \u00b7 Mix \u00ae er en st\u00e6rkt pre- g\u00f8det jord blanding.\u00a0<\/span><span title=\"It has been designed to emulate rich outdoor soil with a full micro active eco system, but in such a way that it has enough power to sustain lush plant growth for a couple of weeks with no extra fertilizer input required.\">som er skabt til at efterligne rig udend\u00f8rs jord, med et fuldt micro aktivt \u00f8kosystem, som kan opretholde frodig plantev\u00e6kst i et par uger uden ekstra g\u00f8dning kr\u00e6ves.\u00a0<\/span><span title=\"All\u00b7Mix\u00ae creates fertile growing conditions throughout the year.\">All \u00b7 Mix\u00a0 skaber frugtbare v\u00e6kstbetingelser hele \u00e5ret rundt.<\/span><\/span><\/p>\n<p>n\u00e5r du bruger All Mix f\u00f8rste gang anbefales det at man fugtig\u00f8rer gromediet for at aktivere microorganismerne 36 timer f\u00f8r man ligger fr\u00f8 eller planter i jordblandingen. Hold jordblandingen en anelse varm hele tiden, og undg\u00e5 at det bliver for koldt, da det s\u00e6nker den microorganiske aktivitet, hvilket g\u00f8r det sv\u00e6rere for planten at vokse.<\/p>\n<p>tillad jordblandingen at t\u00f8rre ud en gang imellem da dette giver luft til r\u00f8dderne hvilket de ogs\u00e5 har brug for.<\/p>\n<p><span title=\"Biobizz\u00ae products have not been produced with mineral salts but with organic elements.\">Biobizz \u00ae produkter ikke er fremstillet med mineralske salte , men med organiske elementer.\u00a0<\/span><span title=\"These organic elements are impossible to measure.\">Disse organiske elementer er ikke mulige at m\u00e5le .\u00a0<\/span><span title=\"However, the elements have a self-regulating system, which maintains the values at the correct level. \">Men elementerne har et selvregulerende system , der opretholder v\u00e6rdierne p\u00e5 det korrekte niveau .<\/span><\/p>","protected":false},"excerpt":{"rendered":"<p><span style=\"font-weight: 400;\">BioBizz Allmix er til dig, som s\u00f8ger en st\u00e6rk pre-g\u00f8det jord blanding. Produktet er lavet til at efterligne rig udend\u00f8rs jord med et aktivt micro \u00f8kosystem, der er perfekt til at opretholde frodig plantev\u00e6kst i to uger uden der skal tils\u00e6ttes ekstra g\u00f8dning. AllMix skaber frugtbare betingelser for dine planter \u00e5ret rundt. N\u00e5r du skal bruge AllMix for f\u00f8rste gang, s\u00e5 er det en god ide, at fugtigg\u00f8re jorden inden du bruger det for at aktivere microorganismerne i produktet 36 timer f\u00f8r du l\u00e6gger et fr\u00f8 eller planter i blandingen. Undg\u00e5 at denne blanding bliver for kold, da det s\u00e6nker den mikroorganiske aktivitet i jorden.<\/span><\/p>","protected":false},"featured_media":55971,"template":"","meta":{"_acf_changed":false},"product_brand":[],"product_cat":[1890,1858,1815,1829,1945],"product_tag":[],"class_list":{"0":"post-55967","1":"product","2":"type-product","3":"status-publish","4":"has-post-thumbnail","6":"product_cat-gro-vaekstmedier","7":"product_cat-gromedie","8":"product_cat-groudstyr","9":"product_cat-microgreens","10":"product_cat-jord","11":"pa_liter-20-l","12":"pa_liter-50-l","14":"first","15":"onbackorder","16":"taxable","17":"shipping-taxable","18":"purchasable","19":"product-type-variable","20":"wvs-archive-product-wrapper"},"acf":[],"yoast_head":"<!-- This site is optimized with the Yoast SEO plugin v26.9 - https:\/\/yoast.com\/product\/yoast-seo-wordpress\/ -->\n<title>Biobizz Allmix - Superseeds.dk<\/title>\n<meta name=\"robots\" content=\"index, follow, max-snippet:-1, max-image-preview:large, max-video-preview:-1\" \/>\n<link rel=\"canonical\" href=\"https:\/\/superseeds.dk\/se\/produkt\/biobizz-allmix\/\" \/>\n<meta property=\"og:locale\" content=\"sv_SE\" \/>\n<meta property=\"og:type\" content=\"article\" \/>\n<meta property=\"og:title\" content=\"Biobizz Allmix - Superseeds.dk\" \/>\n<meta property=\"og:description\" content=\"BioBizz Allmix er til dig, som s\u00f8ger en st\u00e6rk pre-g\u00f8det jord blanding. Produktet er lavet til at efterligne rig udend\u00f8rs jord med et aktivt micro \u00f8kosystem, der er perfekt til at opretholde frodig plantev\u00e6kst i to uger uden der skal tils\u00e6ttes ekstra g\u00f8dning. AllMix skaber frugtbare betingelser for dine planter \u00e5ret rundt. N\u00e5r du skal bruge AllMix for f\u00f8rste gang, s\u00e5 er det en god ide, at fugtigg\u00f8re jorden inden du bruger det for at aktivere microorganismerne i produktet 36 timer f\u00f8r du l\u00e6gger et fr\u00f8 eller planter i blandingen. Undg\u00e5 at denne blanding bliver for kold, da det s\u00e6nker den mikroorganiske aktivitet i jorden.\" \/>\n<meta property=\"og:url\" content=\"https:\/\/superseeds.dk\/se\/produkt\/biobizz-allmix\/\" \/>\n<meta property=\"og:site_name\" content=\"Superseeds.dk\" \/>\n<meta property=\"article:modified_time\" content=\"2025-01-30T21:19:15+00:00\" \/>\n<meta property=\"og:image\" content=\"https:\/\/super-seeds.se\/wp-content\/uploads\/2025\/01\/Biobizz-Allmix.png\" \/>\n\t<meta property=\"og:image:width\" content=\"1080\" \/>\n\t<meta property=\"og:image:height\" content=\"1080\" \/>\n\t<meta property=\"og:image:type\" content=\"image\/png\" \/>\n<meta name=\"twitter:card\" content=\"summary_large_image\" \/>\n<meta name=\"twitter:label1\" content=\"Ber\u00e4knad l\u00e4stid\" \/>\n\t<meta name=\"twitter:data1\" content=\"1 minut\" \/>\n<script type=\"application\/ld+json\" class=\"yoast-schema-graph\">{\"@context\":\"https:\/\/schema.org\",\"@graph\":[{\"@type\":\"WebPage\",\"@id\":\"https:\/\/superseeds.dk\/vare\/biobizz-allmix\/\",\"url\":\"https:\/\/superseeds.dk\/vare\/biobizz-allmix\/\",\"name\":\"Biobizz Allmix - Superseeds.dk\",\"isPartOf\":{\"@id\":\"https:\/\/super-seeds.se\/#website\"},\"primaryImageOfPage\":{\"@id\":\"https:\/\/superseeds.dk\/vare\/biobizz-allmix\/#primaryimage\"},\"image\":{\"@id\":\"https:\/\/superseeds.dk\/vare\/biobizz-allmix\/#primaryimage\"},\"thumbnailUrl\":\"https:\/\/superseeds.dk\/wp-content\/uploads\/2025\/01\/Biobizz-Allmix.png\",\"datePublished\":\"2025-01-30T21:19:12+00:00\",\"dateModified\":\"2025-01-30T21:19:15+00:00\",\"breadcrumb\":{\"@id\":\"https:\/\/superseeds.dk\/vare\/biobizz-allmix\/#breadcrumb\"},\"inLanguage\":\"sv-SE\",\"potentialAction\":[{\"@type\":\"ReadAction\",\"target\":[\"https:\/\/superseeds.dk\/vare\/biobizz-allmix\/\"]}]},{\"@type\":\"ImageObject\",\"inLanguage\":\"sv-SE\",\"@id\":\"https:\/\/superseeds.dk\/vare\/biobizz-allmix\/#primaryimage\",\"url\":\"https:\/\/superseeds.dk\/wp-content\/uploads\/2025\/01\/Biobizz-Allmix.png\",\"contentUrl\":\"https:\/\/superseeds.dk\/wp-content\/uploads\/2025\/01\/Biobizz-Allmix.png\",\"width\":1080,\"height\":1080},{\"@type\":\"BreadcrumbList\",\"@id\":\"https:\/\/superseeds.dk\/vare\/biobizz-allmix\/#breadcrumb\",\"itemListElement\":[{\"@type\":\"ListItem\",\"position\":1,\"name\":\"Hjem\",\"item\":\"https:\/\/superseeds.dk\/\"},{\"@type\":\"ListItem\",\"position\":2,\"name\":\"Shop\",\"item\":\"https:\/\/superseeds.dk\/no\/butikk\/\"},{\"@type\":\"ListItem\",\"position\":3,\"name\":\"Biobizz Allmix\"}]},{\"@type\":\"WebSite\",\"@id\":\"https:\/\/super-seeds.se\/#website\",\"url\":\"https:\/\/super-seeds.se\/\",\"name\":\"Superseeds.dk\",\"description\":\"\",\"publisher\":{\"@id\":\"https:\/\/super-seeds.se\/#organization\"},\"potentialAction\":[{\"@type\":\"SearchAction\",\"target\":{\"@type\":\"EntryPoint\",\"urlTemplate\":\"https:\/\/super-seeds.se\/?s={search_term_string}\"},\"query-input\":{\"@type\":\"PropertyValueSpecification\",\"valueRequired\":true,\"valueName\":\"search_term_string\"}}],\"inLanguage\":\"sv-SE\"},{\"@type\":\"Organization\",\"@id\":\"https:\/\/super-seeds.se\/#organization\",\"name\":\"Superseeds.dk\",\"url\":\"https:\/\/super-seeds.se\/\",\"logo\":{\"@type\":\"ImageObject\",\"inLanguage\":\"sv-SE\",\"@id\":\"https:\/\/super-seeds.se\/#\/schema\/logo\/image\/\",\"url\":\"https:\/\/superseeds.dk\/wp-content\/uploads\/2025\/09\/logo-superseeds.png\",\"contentUrl\":\"https:\/\/superseeds.dk\/wp-content\/uploads\/2025\/09\/logo-superseeds.png\",\"width\":180,\"height\":160,\"caption\":\"Superseeds.dk\"},\"image\":{\"@id\":\"https:\/\/super-seeds.se\/#\/schema\/logo\/image\/\"}}]}<\/script>\n<!-- \/ Yoast SEO plugin. -->","yoast_head_json":{"title":"Biobizz Allmix - Superseeds.dk","robots":{"index":"index","follow":"follow","max-snippet":"max-snippet:-1","max-image-preview":"max-image-preview:large","max-video-preview":"max-video-preview:-1"},"canonical":"https:\/\/superseeds.dk\/se\/produkt\/biobizz-allmix\/","og_locale":"sv_SE","og_type":"article","og_title":"Biobizz Allmix - Superseeds.dk","og_description":"BioBizz Allmix er til dig, som s\u00f8ger en st\u00e6rk pre-g\u00f8det jord blanding. Produktet er lavet til at efterligne rig udend\u00f8rs jord med et aktivt micro \u00f8kosystem, der er perfekt til at opretholde frodig plantev\u00e6kst i to uger uden der skal tils\u00e6ttes ekstra g\u00f8dning. AllMix skaber frugtbare betingelser for dine planter \u00e5ret rundt. N\u00e5r du skal bruge AllMix for f\u00f8rste gang, s\u00e5 er det en god ide, at fugtigg\u00f8re jorden inden du bruger det for at aktivere microorganismerne i produktet 36 timer f\u00f8r du l\u00e6gger et fr\u00f8 eller planter i blandingen. Undg\u00e5 at denne blanding bliver for kold, da det s\u00e6nker den mikroorganiske aktivitet i jorden.","og_url":"https:\/\/superseeds.dk\/se\/produkt\/biobizz-allmix\/","og_site_name":"Superseeds.dk","article_modified_time":"2025-01-30T21:19:15+00:00","og_image":[{"width":1080,"height":1080,"url":"https:\/\/super-seeds.se\/wp-content\/uploads\/2025\/01\/Biobizz-Allmix.png","type":"image\/png"}],"twitter_card":"summary_large_image","twitter_misc":{"Ber\u00e4knad l\u00e4stid":"1 minut"},"schema":{"@context":"https:\/\/schema.org","@graph":[{"@type":"WebPage","@id":"https:\/\/superseeds.dk\/vare\/biobizz-allmix\/","url":"https:\/\/superseeds.dk\/vare\/biobizz-allmix\/","name":"Biobizz Allmix - Superseeds.dk","isPartOf":{"@id":"https:\/\/super-seeds.se\/#website"},"primaryImageOfPage":{"@id":"https:\/\/superseeds.dk\/vare\/biobizz-allmix\/#primaryimage"},"image":{"@id":"https:\/\/superseeds.dk\/vare\/biobizz-allmix\/#primaryimage"},"thumbnailUrl":"https:\/\/superseeds.dk\/wp-content\/uploads\/2025\/01\/Biobizz-Allmix.png","datePublished":"2025-01-30T21:19:12+00:00","dateModified":"2025-01-30T21:19:15+00:00","breadcrumb":{"@id":"https:\/\/superseeds.dk\/vare\/biobizz-allmix\/#breadcrumb"},"inLanguage":"sv-SE","potentialAction":[{"@type":"ReadAction","target":["https:\/\/superseeds.dk\/vare\/biobizz-allmix\/"]}]},{"@type":"ImageObject","inLanguage":"sv-SE","@id":"https:\/\/superseeds.dk\/vare\/biobizz-allmix\/#primaryimage","url":"https:\/\/superseeds.dk\/wp-content\/uploads\/2025\/01\/Biobizz-Allmix.png","contentUrl":"https:\/\/superseeds.dk\/wp-content\/uploads\/2025\/01\/Biobizz-Allmix.png","width":1080,"height":1080},{"@type":"BreadcrumbList","@id":"https:\/\/superseeds.dk\/vare\/biobizz-allmix\/#breadcrumb","itemListElement":[{"@type":"ListItem","position":1,"name":"Hjem","item":"https:\/\/superseeds.dk\/"},{"@type":"ListItem","position":2,"name":"Shop","item":"https:\/\/superseeds.dk\/no\/butikk\/"},{"@type":"ListItem","position":3,"name":"Biobizz Allmix"}]},{"@type":"WebSite","@id":"https:\/\/super-seeds.se\/#website","url":"https:\/\/super-seeds.se\/","name":"Superseeds.com","description":"","publisher":{"@id":"https:\/\/super-seeds.se\/#organization"},"potentialAction":[{"@type":"SearchAction","target":{"@type":"EntryPoint","urlTemplate":"https:\/\/super-seeds.se\/?s={search_term_string}"},"query-input":{"@type":"PropertyValueSpecification","valueRequired":true,"valueName":"search_term_string"}}],"inLanguage":"sv-SE"},{"@type":"Organization","@id":"https:\/\/super-seeds.se\/#organization","name":"Superseeds.com","url":"https:\/\/super-seeds.se\/","logo":{"@type":"ImageObject","inLanguage":"sv-SE","@id":"https:\/\/super-seeds.se\/#\/schema\/logo\/image\/","url":"https:\/\/superseeds.dk\/wp-content\/uploads\/2025\/09\/logo-superseeds.png","contentUrl":"https:\/\/superseeds.dk\/wp-content\/uploads\/2025\/09\/logo-superseeds.png","width":180,"height":160,"caption":"Superseeds.dk"},"image":{"@id":"https:\/\/super-seeds.se\/#\/schema\/logo\/image\/"}}]}},"df_price":64,"df_sale_price":"","df_regular_price":64,"df_image_link":"https:\/\/superseeds.dk\/wp-content\/uploads\/2025\/01\/Biobizz-Allmix-1024x1024.png","_links":{"self":[{"href":"https:\/\/superseeds.dk\/se\/wp-json\/wp\/v2\/product\/55967","targetHints":{"allow":["GET"]}}],"collection":[{"href":"https:\/\/superseeds.dk\/se\/wp-json\/wp\/v2\/product"}],"about":[{"href":"https:\/\/superseeds.dk\/se\/wp-json\/wp\/v2\/types\/product"}],"wp:featuredmedia":[{"embeddable":true,"href":"https:\/\/superseeds.dk\/se\/wp-json\/wp\/v2\/media\/55971"}],"wp:attachment":[{"href":"https:\/\/superseeds.dk\/se\/wp-json\/wp\/v2\/media?parent=55967"}],"wp:term":[{"taxonomy":"product_brand","embeddable":true,"href":"https:\/\/superseeds.dk\/se\/wp-json\/wp\/v2\/product_brand?post=55967"},{"taxonomy":"product_cat","embeddable":true,"href":"https:\/\/superseeds.dk\/se\/wp-json\/wp\/v2\/product_cat?post=55967"},{"taxonomy":"product_tag","embeddable":true,"href":"https:\/\/superseeds.dk\/se\/wp-json\/wp\/v2\/product_tag?post=55967"}],"curies":[{"name":"wp","href":"https:\/\/api.w.org\/{rel}","templated":true}]}}