{"id":55941,"date":"2025-01-30T22:18:58","date_gmt":"2025-01-30T21:18:58","guid":{"rendered":"https:\/\/superseeds.dk\/vare\/8ltr-sprayer\/"},"modified":"2025-01-30T22:19:02","modified_gmt":"2025-01-30T21:19:02","slug":"8ltr-sprayer","status":"publish","type":"product","link":"https:\/\/superseeds.dk\/se\/produkt\/8ltr-sprayer\/","title":{"rendered":"V\u00e4xtspruta 0,75 - 16ltr"},"content":{"rendered":"","protected":false},"excerpt":{"rendered":"<p>Sprayer fra 2 til 8 liter.<\/p>\n<p>vigtigt stykke v\u00e6rkt\u00f8j i din have velegnet til af spray af dine stiklinger og kloner.<\/p>\n<p>spray af g\u00f8dninger og n\u00e6ringsstoffer p\u00e5 dine planter.<\/p>","protected":false},"featured_media":55953,"template":"","meta":{"_acf_changed":false},"product_brand":[],"product_cat":[1815,1951,1937,1836,1820,1838,1821,1938],"product_tag":[],"class_list":{"0":"post-55941","1":"product","2":"type-product","3":"status-publish","4":"has-post-thumbnail","6":"product_cat-groudstyr","7":"product_cat-maalebaeger","8":"product_cat-maaleudstyr-mm","9":"product_cat-plantegoedning","10":"product_cat-plantestart","11":"product_cat-skadedyrskontrol","12":"product_cat-tilbehoer-plantestart","13":"product_cat-tilbehoer-plantegoedning","14":"pa_liter-075-l","15":"pa_liter-1-l","16":"pa_liter-2-l","17":"pa_liter-5-l","18":"pa_liter-8-l","20":"first","21":"onbackorder","22":"taxable","23":"shipping-taxable","24":"purchasable","25":"product-type-variable","26":"wvs-archive-product-wrapper"},"acf":[],"yoast_head":"<!-- This site is optimized with the Yoast SEO plugin v26.9 - https:\/\/yoast.com\/product\/yoast-seo-wordpress\/ -->\n<title>Plante spr\u00f8jte 0,75 - 16ltr - Superseeds.dk<\/title>\n<meta name=\"robots\" content=\"index, follow, max-snippet:-1, max-image-preview:large, max-video-preview:-1\" \/>\n<link rel=\"canonical\" href=\"https:\/\/superseeds.dk\/se\/produkt\/8ltr-sprayer\/\" \/>\n<meta property=\"og:locale\" content=\"sv_SE\" \/>\n<meta property=\"og:type\" content=\"article\" \/>\n<meta property=\"og:title\" content=\"Plante spr\u00f8jte 0,75 - 16ltr - Superseeds.dk\" \/>\n<meta property=\"og:description\" content=\"Sprayer fra 2 til 8 liter.  vigtigt stykke v\u00e6rkt\u00f8j i din have velegnet til af spray af dine stiklinger og kloner.  spray af g\u00f8dninger og n\u00e6ringsstoffer p\u00e5 dine planter.\" \/>\n<meta property=\"og:url\" content=\"https:\/\/superseeds.dk\/se\/produkt\/8ltr-sprayer\/\" \/>\n<meta property=\"og:site_name\" content=\"Superseeds.dk\" \/>\n<meta property=\"article:modified_time\" content=\"2025-01-30T21:19:02+00:00\" \/>\n<meta property=\"og:image\" content=\"https:\/\/super-seeds.no\/wp-content\/uploads\/2025\/01\/Plante-sproejte-075-\u2013-16ltr.png\" \/>\n\t<meta property=\"og:image:width\" content=\"1080\" \/>\n\t<meta property=\"og:image:height\" content=\"1080\" \/>\n\t<meta property=\"og:image:type\" content=\"image\/png\" \/>\n<meta name=\"twitter:card\" content=\"summary_large_image\" \/>\n<script type=\"application\/ld+json\" class=\"yoast-schema-graph\">{\"@context\":\"https:\/\/schema.org\",\"@graph\":[{\"@type\":\"WebPage\",\"@id\":\"https:\/\/superseeds.dk\/vare\/8ltr-sprayer\/\",\"url\":\"https:\/\/superseeds.dk\/vare\/8ltr-sprayer\/\",\"name\":\"Plante spr\u00f8jte 0,75 - 16ltr - Superseeds.dk\",\"isPartOf\":{\"@id\":\"https:\/\/super-seeds.se\/#website\"},\"primaryImageOfPage\":{\"@id\":\"https:\/\/superseeds.dk\/vare\/8ltr-sprayer\/#primaryimage\"},\"image\":{\"@id\":\"https:\/\/superseeds.dk\/vare\/8ltr-sprayer\/#primaryimage\"},\"thumbnailUrl\":\"https:\/\/superseeds.dk\/wp-content\/uploads\/2025\/01\/Plante-sproejte-075-\u2013-16ltr.png\",\"datePublished\":\"2025-01-30T21:18:58+00:00\",\"dateModified\":\"2025-01-30T21:19:02+00:00\",\"breadcrumb\":{\"@id\":\"https:\/\/superseeds.dk\/vare\/8ltr-sprayer\/#breadcrumb\"},\"inLanguage\":\"sv-SE\",\"potentialAction\":[{\"@type\":\"ReadAction\",\"target\":[\"https:\/\/superseeds.dk\/vare\/8ltr-sprayer\/\"]}]},{\"@type\":\"ImageObject\",\"inLanguage\":\"sv-SE\",\"@id\":\"https:\/\/superseeds.dk\/vare\/8ltr-sprayer\/#primaryimage\",\"url\":\"https:\/\/superseeds.dk\/wp-content\/uploads\/2025\/01\/Plante-sproejte-075-\u2013-16ltr.png\",\"contentUrl\":\"https:\/\/superseeds.dk\/wp-content\/uploads\/2025\/01\/Plante-sproejte-075-\u2013-16ltr.png\",\"width\":1080,\"height\":1080},{\"@type\":\"BreadcrumbList\",\"@id\":\"https:\/\/superseeds.dk\/vare\/8ltr-sprayer\/#breadcrumb\",\"itemListElement\":[{\"@type\":\"ListItem\",\"position\":1,\"name\":\"Hjem\",\"item\":\"https:\/\/superseeds.dk\/\"},{\"@type\":\"ListItem\",\"position\":2,\"name\":\"Shop\",\"item\":\"https:\/\/superseeds.dk\/no\/butikk\/\"},{\"@type\":\"ListItem\",\"position\":3,\"name\":\"Plante spr\u00f8jte 0,75 &#8211; 16ltr\"}]},{\"@type\":\"WebSite\",\"@id\":\"https:\/\/super-seeds.se\/#website\",\"url\":\"https:\/\/super-seeds.se\/\",\"name\":\"Superseeds.dk\",\"description\":\"\",\"publisher\":{\"@id\":\"https:\/\/super-seeds.se\/#organization\"},\"potentialAction\":[{\"@type\":\"SearchAction\",\"target\":{\"@type\":\"EntryPoint\",\"urlTemplate\":\"https:\/\/super-seeds.se\/?s={search_term_string}\"},\"query-input\":{\"@type\":\"PropertyValueSpecification\",\"valueRequired\":true,\"valueName\":\"search_term_string\"}}],\"inLanguage\":\"sv-SE\"},{\"@type\":\"Organization\",\"@id\":\"https:\/\/super-seeds.se\/#organization\",\"name\":\"Superseeds.dk\",\"url\":\"https:\/\/super-seeds.se\/\",\"logo\":{\"@type\":\"ImageObject\",\"inLanguage\":\"sv-SE\",\"@id\":\"https:\/\/super-seeds.se\/#\/schema\/logo\/image\/\",\"url\":\"https:\/\/superseeds.dk\/wp-content\/uploads\/2025\/09\/logo-superseeds.png\",\"contentUrl\":\"https:\/\/superseeds.dk\/wp-content\/uploads\/2025\/09\/logo-superseeds.png\",\"width\":180,\"height\":160,\"caption\":\"Superseeds.dk\"},\"image\":{\"@id\":\"https:\/\/super-seeds.se\/#\/schema\/logo\/image\/\"}}]}<\/script>\n<!-- \/ Yoast SEO plugin. -->","yoast_head_json":{"title":"Plante spr\u00f8jte 0,75 - 16ltr - Superseeds.dk","robots":{"index":"index","follow":"follow","max-snippet":"max-snippet:-1","max-image-preview":"max-image-preview:large","max-video-preview":"max-video-preview:-1"},"canonical":"https:\/\/superseeds.dk\/se\/produkt\/8ltr-sprayer\/","og_locale":"sv_SE","og_type":"article","og_title":"Plante spr\u00f8jte 0,75 - 16ltr - Superseeds.dk","og_description":"Sprayer fra 2 til 8 liter.  vigtigt stykke v\u00e6rkt\u00f8j i din have velegnet til af spray af dine stiklinger og kloner.  spray af g\u00f8dninger og n\u00e6ringsstoffer p\u00e5 dine planter.","og_url":"https:\/\/superseeds.dk\/se\/produkt\/8ltr-sprayer\/","og_site_name":"Superseeds.dk","article_modified_time":"2025-01-30T21:19:02+00:00","og_image":[{"width":1080,"height":1080,"url":"https:\/\/super-seeds.no\/wp-content\/uploads\/2025\/01\/Plante-sproejte-075-\u2013-16ltr.png","type":"image\/png"}],"twitter_card":"summary_large_image","schema":{"@context":"https:\/\/schema.org","@graph":[{"@type":"WebPage","@id":"https:\/\/superseeds.dk\/vare\/8ltr-sprayer\/","url":"https:\/\/superseeds.dk\/vare\/8ltr-sprayer\/","name":"Plante spr\u00f8jte 0,75 - 16ltr - Superseeds.dk","isPartOf":{"@id":"https:\/\/super-seeds.se\/#website"},"primaryImageOfPage":{"@id":"https:\/\/superseeds.dk\/vare\/8ltr-sprayer\/#primaryimage"},"image":{"@id":"https:\/\/superseeds.dk\/vare\/8ltr-sprayer\/#primaryimage"},"thumbnailUrl":"https:\/\/superseeds.dk\/wp-content\/uploads\/2025\/01\/Plante-sproejte-075-\u2013-16ltr.png","datePublished":"2025-01-30T21:18:58+00:00","dateModified":"2025-01-30T21:19:02+00:00","breadcrumb":{"@id":"https:\/\/superseeds.dk\/vare\/8ltr-sprayer\/#breadcrumb"},"inLanguage":"sv-SE","potentialAction":[{"@type":"ReadAction","target":["https:\/\/superseeds.dk\/vare\/8ltr-sprayer\/"]}]},{"@type":"ImageObject","inLanguage":"sv-SE","@id":"https:\/\/superseeds.dk\/vare\/8ltr-sprayer\/#primaryimage","url":"https:\/\/superseeds.dk\/wp-content\/uploads\/2025\/01\/Plante-sproejte-075-\u2013-16ltr.png","contentUrl":"https:\/\/superseeds.dk\/wp-content\/uploads\/2025\/01\/Plante-sproejte-075-\u2013-16ltr.png","width":1080,"height":1080},{"@type":"BreadcrumbList","@id":"https:\/\/superseeds.dk\/vare\/8ltr-sprayer\/#breadcrumb","itemListElement":[{"@type":"ListItem","position":1,"name":"Hjem","item":"https:\/\/superseeds.dk\/"},{"@type":"ListItem","position":2,"name":"Shop","item":"https:\/\/superseeds.dk\/no\/butikk\/"},{"@type":"ListItem","position":3,"name":"Plante spr\u00f8jte 0,75 &#8211; 16ltr"}]},{"@type":"WebSite","@id":"https:\/\/super-seeds.se\/#website","url":"https:\/\/super-seeds.se\/","name":"Superseeds.com","description":"","publisher":{"@id":"https:\/\/super-seeds.se\/#organization"},"potentialAction":[{"@type":"SearchAction","target":{"@type":"EntryPoint","urlTemplate":"https:\/\/super-seeds.se\/?s={search_term_string}"},"query-input":{"@type":"PropertyValueSpecification","valueRequired":true,"valueName":"search_term_string"}}],"inLanguage":"sv-SE"},{"@type":"Organization","@id":"https:\/\/super-seeds.se\/#organization","name":"Superseeds.com","url":"https:\/\/super-seeds.se\/","logo":{"@type":"ImageObject","inLanguage":"sv-SE","@id":"https:\/\/super-seeds.se\/#\/schema\/logo\/image\/","url":"https:\/\/superseeds.dk\/wp-content\/uploads\/2025\/09\/logo-superseeds.png","contentUrl":"https:\/\/superseeds.dk\/wp-content\/uploads\/2025\/09\/logo-superseeds.png","width":180,"height":160,"caption":"Superseeds.dk"},"image":{"@id":"https:\/\/super-seeds.se\/#\/schema\/logo\/image\/"}}]}},"df_price":19,"df_sale_price":"","df_regular_price":19,"df_image_link":"https:\/\/superseeds.dk\/wp-content\/uploads\/2025\/01\/Plante-sproejte-075-\u2013-16ltr-1024x1024.png","_links":{"self":[{"href":"https:\/\/superseeds.dk\/se\/wp-json\/wp\/v2\/product\/55941","targetHints":{"allow":["GET"]}}],"collection":[{"href":"https:\/\/superseeds.dk\/se\/wp-json\/wp\/v2\/product"}],"about":[{"href":"https:\/\/superseeds.dk\/se\/wp-json\/wp\/v2\/types\/product"}],"wp:featuredmedia":[{"embeddable":true,"href":"https:\/\/superseeds.dk\/se\/wp-json\/wp\/v2\/media\/55953"}],"wp:attachment":[{"href":"https:\/\/superseeds.dk\/se\/wp-json\/wp\/v2\/media?parent=55941"}],"wp:term":[{"taxonomy":"product_brand","embeddable":true,"href":"https:\/\/superseeds.dk\/se\/wp-json\/wp\/v2\/product_brand?post=55941"},{"taxonomy":"product_cat","embeddable":true,"href":"https:\/\/superseeds.dk\/se\/wp-json\/wp\/v2\/product_cat?post=55941"},{"taxonomy":"product_tag","embeddable":true,"href":"https:\/\/superseeds.dk\/se\/wp-json\/wp\/v2\/product_tag?post=55941"}],"curies":[{"name":"wp","href":"https:\/\/api.w.org\/{rel}","templated":true}]}}