{"id":55725,"date":"2025-01-30T22:17:21","date_gmt":"2025-01-30T21:17:21","guid":{"rendered":"https:\/\/superseeds.dk\/vare\/autopot-1-pot-xl-1-til-100-pot-system\/"},"modified":"2025-01-30T22:18:07","modified_gmt":"2025-01-30T21:18:07","slug":"autopot-1-pot-xl-1-til-100-pot-system","status":"publish","type":"product","link":"https:\/\/superseeds.dk\/se\/produkt\/autopot-1-pot-xl-1-til-100-pot-system\/","title":{"rendered":"Autopot 1 Pot XL &#8211; 1 til 100 pot system"},"content":{"rendered":"<p><span class=\"tlid-translation translation\" lang=\"da\"><span title=\"\">1Pot XL er det modul\u00e6re AutoPot-vandingssystem, der g\u00f8r det muligt for hjemmegartnere og kommercielle producenter at opn\u00e5 utrolige udbytter fra deres planter.<\/span> <span class=\"\" title=\"\">Uanset om det er i hjemmet, haven, drivhuset eller poly-tunnelen vil 1Pot XL udvides til at skabe et system i ubegr\u00e6nset skala takket v\u00e6re dets modulopbyggede design.<\/span> <span class=\"\" title=\"\">1Pot XL-systemer er fleksible, selv n\u00e5r de er konfigureret, og moduler kan flyttes, s\u00e5 de passer til skiftende behov hos producenten og deres planter.<\/span><\/span><\/p>\n<p><span class=\"\" title=\"\">Som med alle AutoPot vandingssystemer bruger 1Pot XL AQUAvalve-teknologi til enkel, effektiv, lav vedligeholdelsesfodring og vanding af spiselige eller prydplanter.<\/span> <span class=\"\" title=\"\">N\u00e5r reservoiret er samlet, er det fyldt med vand og flydende g\u00f8dning (hvis n\u00f8dvendigt), 1Pot XL-systemet s\u00f8rger fuldst\u00e6ndigt for alle dine plantes fodringskrav og giver dem frisk, afbalanceret foder gennem hele deres livscyklus.<\/span><\/p>","protected":false},"excerpt":{"rendered":"<p><span class=\"tlid-translation translation\" lang=\"da\"><span title=\"\">1Pot XL-systemet er ekstremt alsidigt og kan bruges til en lang r\u00e6kke plantetyper og -st\u00f8rrelser.<\/span> <span title=\"\">S\u00e6sonbestemte blomsterplanter og fler\u00e5rige buske trives og producerer en overflod af blomster og l\u00f8v p\u00e5 grund af den unikke virkning af AQUAvalve, som er designet til at lade planten gennemg\u00e5 en v\u00e5d og t\u00f8r cyklus.<\/span><\/span><\/p>\n<p><span class=\"\" title=\"\">Husk at komme ca. 3cm leca i bunden af potten<\/span><\/p>","protected":false},"featured_media":55846,"template":"","meta":{"_acf_changed":false},"product_brand":[],"product_cat":[1895,1948,1815,1854],"product_tag":[],"class_list":{"0":"post-55725","1":"product","2":"type-product","3":"status-publish","4":"has-post-thumbnail","6":"product_cat-autopot","7":"product_cat-autopot-systemer","8":"product_cat-groudstyr","9":"product_cat-hydro","10":"pa_autopot-1-pot","11":"pa_autopot-100-pot","12":"pa_autopot-12-pot","13":"pa_autopot-16-pot","14":"pa_autopot-2-pot","15":"pa_autopot-24-pot","16":"pa_autopot-36-pot","17":"pa_autopot-4-pot","18":"pa_autopot-48-pot","19":"pa_autopot-6-pot","20":"pa_autopot-60-pot","21":"pa_autopot-8-pot","22":"pa_autopot-80-pot","23":"pa_autopot-9-pot","24":"pa_autopot-kun-modul-uden-tank","26":"first","27":"onbackorder","28":"taxable","29":"shipping-taxable","30":"purchasable","31":"product-type-variable","32":"wvs-archive-product-wrapper"},"acf":[],"yoast_head":"<!-- This site is optimized with the Yoast SEO plugin v26.9 - https:\/\/yoast.com\/product\/yoast-seo-wordpress\/ -->\n<title>Autopot 1 Pot XL - 1 til 100 pot system - Superseeds.dk<\/title>\n<meta name=\"robots\" content=\"index, follow, max-snippet:-1, max-image-preview:large, max-video-preview:-1\" \/>\n<link rel=\"canonical\" href=\"https:\/\/superseeds.dk\/se\/produkt\/autopot-1-pot-xl-1-til-100-pot-system\/\" \/>\n<meta property=\"og:locale\" content=\"sv_SE\" \/>\n<meta property=\"og:type\" content=\"article\" \/>\n<meta property=\"og:title\" content=\"Autopot 1 Pot XL - 1 til 100 pot system - Superseeds.dk\" \/>\n<meta property=\"og:description\" content=\"1Pot XL-systemet er ekstremt alsidigt og kan bruges til en lang r\u00e6kke plantetyper og -st\u00f8rrelser. S\u00e6sonbestemte blomsterplanter og fler\u00e5rige buske trives og producerer en overflod af blomster og l\u00f8v p\u00e5 grund af den unikke virkning af AQUAvalve, som er designet til at lade planten gennemg\u00e5 en v\u00e5d og t\u00f8r cyklus.  Husk at komme ca. 3cm leca i bunden af potten\" \/>\n<meta property=\"og:url\" content=\"https:\/\/superseeds.dk\/se\/produkt\/autopot-1-pot-xl-1-til-100-pot-system\/\" \/>\n<meta property=\"og:site_name\" content=\"Superseeds.dk\" \/>\n<meta property=\"article:modified_time\" content=\"2025-01-30T21:18:07+00:00\" \/>\n<meta property=\"og:image\" content=\"https:\/\/cpanel.cpanel.cpanel.cpanel.cpanel.cpanel.cpanel.cpanel.cpanel.cpanel.cpanel.cpanel.cpanel.cpanel.cpanel.cpanel.superseeds.dk\/wp-content\/uploads\/2025\/01\/Autopot-1-Pot-XL-\u2013-1-til-100-pot-system.png\" \/>\n\t<meta property=\"og:image:width\" content=\"1080\" \/>\n\t<meta property=\"og:image:height\" content=\"1080\" \/>\n\t<meta property=\"og:image:type\" content=\"image\/png\" \/>\n<meta name=\"twitter:card\" content=\"summary_large_image\" \/>\n<meta name=\"twitter:label1\" content=\"Ber\u00e4knad l\u00e4stid\" \/>\n\t<meta name=\"twitter:data1\" content=\"1 minut\" \/>\n<script type=\"application\/ld+json\" class=\"yoast-schema-graph\">{\"@context\":\"https:\/\/schema.org\",\"@graph\":[{\"@type\":\"WebPage\",\"@id\":\"https:\/\/superseeds.dk\/vare\/autopot-1-pot-xl-1-til-100-pot-system\/\",\"url\":\"https:\/\/superseeds.dk\/vare\/autopot-1-pot-xl-1-til-100-pot-system\/\",\"name\":\"Autopot 1 Pot XL - 1 til 100 pot system - Superseeds.dk\",\"isPartOf\":{\"@id\":\"https:\/\/super-seeds.se\/#website\"},\"primaryImageOfPage\":{\"@id\":\"https:\/\/superseeds.dk\/vare\/autopot-1-pot-xl-1-til-100-pot-system\/#primaryimage\"},\"image\":{\"@id\":\"https:\/\/superseeds.dk\/vare\/autopot-1-pot-xl-1-til-100-pot-system\/#primaryimage\"},\"thumbnailUrl\":\"https:\/\/superseeds.dk\/wp-content\/uploads\/2025\/01\/Autopot-1-Pot-XL-\u2013-1-til-100-pot-system.png\",\"datePublished\":\"2025-01-30T21:17:21+00:00\",\"dateModified\":\"2025-01-30T21:18:07+00:00\",\"breadcrumb\":{\"@id\":\"https:\/\/superseeds.dk\/vare\/autopot-1-pot-xl-1-til-100-pot-system\/#breadcrumb\"},\"inLanguage\":\"sv-SE\",\"potentialAction\":[{\"@type\":\"ReadAction\",\"target\":[\"https:\/\/superseeds.dk\/vare\/autopot-1-pot-xl-1-til-100-pot-system\/\"]}]},{\"@type\":\"ImageObject\",\"inLanguage\":\"sv-SE\",\"@id\":\"https:\/\/superseeds.dk\/vare\/autopot-1-pot-xl-1-til-100-pot-system\/#primaryimage\",\"url\":\"https:\/\/superseeds.dk\/wp-content\/uploads\/2025\/01\/Autopot-1-Pot-XL-\u2013-1-til-100-pot-system.png\",\"contentUrl\":\"https:\/\/superseeds.dk\/wp-content\/uploads\/2025\/01\/Autopot-1-Pot-XL-\u2013-1-til-100-pot-system.png\",\"width\":1080,\"height\":1080},{\"@type\":\"BreadcrumbList\",\"@id\":\"https:\/\/superseeds.dk\/vare\/autopot-1-pot-xl-1-til-100-pot-system\/#breadcrumb\",\"itemListElement\":[{\"@type\":\"ListItem\",\"position\":1,\"name\":\"Hjem\",\"item\":\"https:\/\/superseeds.dk\/\"},{\"@type\":\"ListItem\",\"position\":2,\"name\":\"Shop\",\"item\":\"https:\/\/superseeds.dk\/no\/butikk\/\"},{\"@type\":\"ListItem\",\"position\":3,\"name\":\"Autopot 1 Pot XL &#8211; 1 til 100 pot system\"}]},{\"@type\":\"WebSite\",\"@id\":\"https:\/\/super-seeds.se\/#website\",\"url\":\"https:\/\/super-seeds.se\/\",\"name\":\"Superseeds.dk\",\"description\":\"\",\"publisher\":{\"@id\":\"https:\/\/super-seeds.se\/#organization\"},\"potentialAction\":[{\"@type\":\"SearchAction\",\"target\":{\"@type\":\"EntryPoint\",\"urlTemplate\":\"https:\/\/super-seeds.se\/?s={search_term_string}\"},\"query-input\":{\"@type\":\"PropertyValueSpecification\",\"valueRequired\":true,\"valueName\":\"search_term_string\"}}],\"inLanguage\":\"sv-SE\"},{\"@type\":\"Organization\",\"@id\":\"https:\/\/super-seeds.se\/#organization\",\"name\":\"Superseeds.dk\",\"url\":\"https:\/\/super-seeds.se\/\",\"logo\":{\"@type\":\"ImageObject\",\"inLanguage\":\"sv-SE\",\"@id\":\"https:\/\/super-seeds.se\/#\/schema\/logo\/image\/\",\"url\":\"https:\/\/superseeds.dk\/wp-content\/uploads\/2025\/09\/logo-superseeds.png\",\"contentUrl\":\"https:\/\/superseeds.dk\/wp-content\/uploads\/2025\/09\/logo-superseeds.png\",\"width\":180,\"height\":160,\"caption\":\"Superseeds.dk\"},\"image\":{\"@id\":\"https:\/\/super-seeds.se\/#\/schema\/logo\/image\/\"}}]}<\/script>\n<!-- \/ Yoast SEO plugin. -->","yoast_head_json":{"title":"Autopot 1 Pot XL - 1 til 100 pot system - Superseeds.dk","robots":{"index":"index","follow":"follow","max-snippet":"max-snippet:-1","max-image-preview":"max-image-preview:large","max-video-preview":"max-video-preview:-1"},"canonical":"https:\/\/superseeds.dk\/se\/produkt\/autopot-1-pot-xl-1-til-100-pot-system\/","og_locale":"sv_SE","og_type":"article","og_title":"Autopot 1 Pot XL - 1 til 100 pot system - Superseeds.dk","og_description":"1Pot XL-systemet er ekstremt alsidigt og kan bruges til en lang r\u00e6kke plantetyper og -st\u00f8rrelser. S\u00e6sonbestemte blomsterplanter og fler\u00e5rige buske trives og producerer en overflod af blomster og l\u00f8v p\u00e5 grund af den unikke virkning af AQUAvalve, som er designet til at lade planten gennemg\u00e5 en v\u00e5d og t\u00f8r cyklus.  Husk at komme ca. 3cm leca i bunden af potten","og_url":"https:\/\/superseeds.dk\/se\/produkt\/autopot-1-pot-xl-1-til-100-pot-system\/","og_site_name":"Superseeds.dk","article_modified_time":"2025-01-30T21:18:07+00:00","og_image":[{"width":1080,"height":1080,"url":"https:\/\/cpanel.cpanel.cpanel.cpanel.cpanel.cpanel.cpanel.cpanel.cpanel.cpanel.cpanel.cpanel.cpanel.cpanel.cpanel.cpanel.superseeds.dk\/wp-content\/uploads\/2025\/01\/Autopot-1-Pot-XL-\u2013-1-til-100-pot-system.png","type":"image\/png"}],"twitter_card":"summary_large_image","twitter_misc":{"Ber\u00e4knad l\u00e4stid":"1 minut"},"schema":{"@context":"https:\/\/schema.org","@graph":[{"@type":"WebPage","@id":"https:\/\/superseeds.dk\/vare\/autopot-1-pot-xl-1-til-100-pot-system\/","url":"https:\/\/superseeds.dk\/vare\/autopot-1-pot-xl-1-til-100-pot-system\/","name":"Autopot 1 Pot XL - 1 til 100 pot system - Superseeds.dk","isPartOf":{"@id":"https:\/\/super-seeds.se\/#website"},"primaryImageOfPage":{"@id":"https:\/\/superseeds.dk\/vare\/autopot-1-pot-xl-1-til-100-pot-system\/#primaryimage"},"image":{"@id":"https:\/\/superseeds.dk\/vare\/autopot-1-pot-xl-1-til-100-pot-system\/#primaryimage"},"thumbnailUrl":"https:\/\/superseeds.dk\/wp-content\/uploads\/2025\/01\/Autopot-1-Pot-XL-\u2013-1-til-100-pot-system.png","datePublished":"2025-01-30T21:17:21+00:00","dateModified":"2025-01-30T21:18:07+00:00","breadcrumb":{"@id":"https:\/\/superseeds.dk\/vare\/autopot-1-pot-xl-1-til-100-pot-system\/#breadcrumb"},"inLanguage":"sv-SE","potentialAction":[{"@type":"ReadAction","target":["https:\/\/superseeds.dk\/vare\/autopot-1-pot-xl-1-til-100-pot-system\/"]}]},{"@type":"ImageObject","inLanguage":"sv-SE","@id":"https:\/\/superseeds.dk\/vare\/autopot-1-pot-xl-1-til-100-pot-system\/#primaryimage","url":"https:\/\/superseeds.dk\/wp-content\/uploads\/2025\/01\/Autopot-1-Pot-XL-\u2013-1-til-100-pot-system.png","contentUrl":"https:\/\/superseeds.dk\/wp-content\/uploads\/2025\/01\/Autopot-1-Pot-XL-\u2013-1-til-100-pot-system.png","width":1080,"height":1080},{"@type":"BreadcrumbList","@id":"https:\/\/superseeds.dk\/vare\/autopot-1-pot-xl-1-til-100-pot-system\/#breadcrumb","itemListElement":[{"@type":"ListItem","position":1,"name":"Hjem","item":"https:\/\/superseeds.dk\/"},{"@type":"ListItem","position":2,"name":"Shop","item":"https:\/\/superseeds.dk\/no\/butikk\/"},{"@type":"ListItem","position":3,"name":"Autopot 1 Pot XL &#8211; 1 til 100 pot system"}]},{"@type":"WebSite","@id":"https:\/\/super-seeds.se\/#website","url":"https:\/\/super-seeds.se\/","name":"Superseeds.com","description":"","publisher":{"@id":"https:\/\/super-seeds.se\/#organization"},"potentialAction":[{"@type":"SearchAction","target":{"@type":"EntryPoint","urlTemplate":"https:\/\/super-seeds.se\/?s={search_term_string}"},"query-input":{"@type":"PropertyValueSpecification","valueRequired":true,"valueName":"search_term_string"}}],"inLanguage":"sv-SE"},{"@type":"Organization","@id":"https:\/\/super-seeds.se\/#organization","name":"Superseeds.com","url":"https:\/\/super-seeds.se\/","logo":{"@type":"ImageObject","inLanguage":"sv-SE","@id":"https:\/\/super-seeds.se\/#\/schema\/logo\/image\/","url":"https:\/\/superseeds.dk\/wp-content\/uploads\/2025\/09\/logo-superseeds.png","contentUrl":"https:\/\/superseeds.dk\/wp-content\/uploads\/2025\/09\/logo-superseeds.png","width":180,"height":160,"caption":"Superseeds.dk"},"image":{"@id":"https:\/\/super-seeds.se\/#\/schema\/logo\/image\/"}}]}},"df_price":349,"df_sale_price":"","df_regular_price":349,"df_image_link":"https:\/\/superseeds.dk\/wp-content\/uploads\/2025\/01\/Autopot-1-Pot-XL-\u2013-1-til-100-pot-system-1024x1024.png","_links":{"self":[{"href":"https:\/\/superseeds.dk\/se\/wp-json\/wp\/v2\/product\/55725","targetHints":{"allow":["GET"]}}],"collection":[{"href":"https:\/\/superseeds.dk\/se\/wp-json\/wp\/v2\/product"}],"about":[{"href":"https:\/\/superseeds.dk\/se\/wp-json\/wp\/v2\/types\/product"}],"wp:featuredmedia":[{"embeddable":true,"href":"https:\/\/superseeds.dk\/se\/wp-json\/wp\/v2\/media\/55846"}],"wp:attachment":[{"href":"https:\/\/superseeds.dk\/se\/wp-json\/wp\/v2\/media?parent=55725"}],"wp:term":[{"taxonomy":"product_brand","embeddable":true,"href":"https:\/\/superseeds.dk\/se\/wp-json\/wp\/v2\/product_brand?post=55725"},{"taxonomy":"product_cat","embeddable":true,"href":"https:\/\/superseeds.dk\/se\/wp-json\/wp\/v2\/product_cat?post=55725"},{"taxonomy":"product_tag","embeddable":true,"href":"https:\/\/superseeds.dk\/se\/wp-json\/wp\/v2\/product_tag?post=55725"}],"curies":[{"name":"wp","href":"https:\/\/api.w.org\/{rel}","templated":true}]}}