{"id":55092,"date":"2025-01-30T22:11:01","date_gmt":"2025-01-30T21:11:01","guid":{"rendered":"https:\/\/superseeds.dk\/vare\/plante-holder-yoyo\/"},"modified":"2025-01-30T22:11:03","modified_gmt":"2025-01-30T21:11:03","slug":"plante-holder-yoyo","status":"publish","type":"product","link":"https:\/\/superseeds.dk\/se\/produkt\/plante-holder-yoyo\/","title":{"rendered":"Plante Holder &#8211; yoyo"},"content":{"rendered":"<h1>Yoyo<\/h1>\n<p>Yoyo \u2013 bruges som plante st\u00f8tte. Dette er en god og billig mulighed for dig \u2013 for at sikre dine planter en god st\u00f8tte. Store planter b\u00f8r st\u00f8ttes, p\u00e5 den ene eller anden m\u00e5de. Ellers vil de v\u00e6lte n\u00e5r de bliver for tungen i toppen. Er velegnet til at holde dele af planterne for at give ekstra st\u00f8tte eller tilpasse planten til at udnytte lyset bedst muligt. Yoyoen kan udstr\u00e6kkes op til cirka 120cm.<\/p>\n<ul>\n<li>1 kg<\/li>\n<li>10stk<\/li>\n<li>25stk<\/li>\n<\/ul>\n<p><strong>Information:<\/strong><\/p>\n<ul>\n<li>1,2 meter lang<\/li>\n<li>Plastik<\/li>\n<li>14 cm i h\u00f8jden<\/li>\n<\/ul>","protected":false},"excerpt":{"rendered":"<p>Vores plante holdere bliver ogs\u00e5 kaldt for yoyo. de fungere ved af den 120cm lange snor kan tr\u00e6kkes ud og bruges til af st\u00f8tte dine planter.<\/p>\n<p>der er modstand i snoren s\u00e5 efterh\u00e5nden som dine planter vokser vil yoyoen fortsat virke som st\u00f8tte. de er ogs\u00e5 velegnet til af holde dine side grene p\u00e5 en bestemt plads s\u00e5 de for mere lys. vores holdere er forsynet med en l\u00e5s s\u00e5 du kan stoppe dem p\u00e5 en bestemt l\u00e6ngde.<\/p>","protected":false},"featured_media":55096,"template":"","meta":{"_acf_changed":false},"product_brand":[],"product_cat":[1815,1866,1865,1849],"product_tag":[],"class_list":{"0":"post-55092","1":"product","2":"type-product","3":"status-publish","4":"has-post-thumbnail","6":"product_cat-groudstyr","7":"product_cat-plante-net-scrog","8":"product_cat-plantestoette","9":"product_cat-telte","10":"pa_antal-1-stk","11":"pa_antal-10-stk","13":"first","14":"onbackorder","15":"taxable","16":"shipping-taxable","17":"purchasable","18":"product-type-variable","19":"wvs-archive-product-wrapper"},"acf":[],"yoast_head":"<!-- This site is optimized with the Yoast SEO plugin v26.9 - https:\/\/yoast.com\/product\/yoast-seo-wordpress\/ -->\n<title>Plante Holder - yoyo - Superseeds.dk<\/title>\n<meta name=\"robots\" content=\"index, follow, max-snippet:-1, max-image-preview:large, max-video-preview:-1\" \/>\n<link rel=\"canonical\" href=\"https:\/\/superseeds.dk\/se\/produkt\/plante-holder-yoyo\/\" \/>\n<meta property=\"og:locale\" content=\"sv_SE\" \/>\n<meta property=\"og:type\" content=\"article\" \/>\n<meta property=\"og:title\" content=\"Plante Holder - yoyo - Superseeds.dk\" \/>\n<meta property=\"og:description\" content=\"Vores plante holdere bliver ogs\u00e5 kaldt for yoyo. de fungere ved af den 120cm lange snor kan tr\u00e6kkes ud og bruges til af st\u00f8tte dine planter.  der er modstand i snoren s\u00e5 efterh\u00e5nden som dine planter vokser vil yoyoen fortsat virke som st\u00f8tte. de er ogs\u00e5 velegnet til af holde dine side grene p\u00e5 en bestemt plads s\u00e5 de for mere lys. vores holdere er forsynet med en l\u00e5s s\u00e5 du kan stoppe dem p\u00e5 en bestemt l\u00e6ngde.\" \/>\n<meta property=\"og:url\" content=\"https:\/\/superseeds.dk\/se\/produkt\/plante-holder-yoyo\/\" \/>\n<meta property=\"og:site_name\" content=\"Superseeds.dk\" \/>\n<meta property=\"article:modified_time\" content=\"2025-01-30T21:11:03+00:00\" \/>\n<meta property=\"og:image\" content=\"https:\/\/superseeds.dk\/wp-content\/uploads\/2025\/01\/Plante-Holder-\u2013-yoyo.png\" \/>\n\t<meta property=\"og:image:width\" content=\"1080\" \/>\n\t<meta property=\"og:image:height\" content=\"1080\" \/>\n\t<meta property=\"og:image:type\" content=\"image\/png\" \/>\n<meta name=\"twitter:card\" content=\"summary_large_image\" \/>\n<script type=\"application\/ld+json\" class=\"yoast-schema-graph\">{\"@context\":\"https:\/\/schema.org\",\"@graph\":[{\"@type\":\"WebPage\",\"@id\":\"https:\/\/superseeds.dk\/vare\/plante-holder-yoyo\/\",\"url\":\"https:\/\/superseeds.dk\/vare\/plante-holder-yoyo\/\",\"name\":\"Plante Holder - yoyo - Superseeds.dk\",\"isPartOf\":{\"@id\":\"https:\/\/super-seeds.se\/#website\"},\"primaryImageOfPage\":{\"@id\":\"https:\/\/superseeds.dk\/vare\/plante-holder-yoyo\/#primaryimage\"},\"image\":{\"@id\":\"https:\/\/superseeds.dk\/vare\/plante-holder-yoyo\/#primaryimage\"},\"thumbnailUrl\":\"https:\/\/superseeds.dk\/wp-content\/uploads\/2025\/01\/Plante-Holder-\u2013-yoyo.png\",\"datePublished\":\"2025-01-30T21:11:01+00:00\",\"dateModified\":\"2025-01-30T21:11:03+00:00\",\"breadcrumb\":{\"@id\":\"https:\/\/superseeds.dk\/vare\/plante-holder-yoyo\/#breadcrumb\"},\"inLanguage\":\"sv-SE\",\"potentialAction\":[{\"@type\":\"ReadAction\",\"target\":[\"https:\/\/superseeds.dk\/vare\/plante-holder-yoyo\/\"]}]},{\"@type\":\"ImageObject\",\"inLanguage\":\"sv-SE\",\"@id\":\"https:\/\/superseeds.dk\/vare\/plante-holder-yoyo\/#primaryimage\",\"url\":\"https:\/\/superseeds.dk\/wp-content\/uploads\/2025\/01\/Plante-Holder-\u2013-yoyo.png\",\"contentUrl\":\"https:\/\/superseeds.dk\/wp-content\/uploads\/2025\/01\/Plante-Holder-\u2013-yoyo.png\",\"width\":1080,\"height\":1080},{\"@type\":\"BreadcrumbList\",\"@id\":\"https:\/\/superseeds.dk\/vare\/plante-holder-yoyo\/#breadcrumb\",\"itemListElement\":[{\"@type\":\"ListItem\",\"position\":1,\"name\":\"Hjem\",\"item\":\"https:\/\/superseeds.dk\/\"},{\"@type\":\"ListItem\",\"position\":2,\"name\":\"Shop\",\"item\":\"https:\/\/superseeds.dk\/no\/butikk\/\"},{\"@type\":\"ListItem\",\"position\":3,\"name\":\"Plante Holder &#8211; yoyo\"}]},{\"@type\":\"WebSite\",\"@id\":\"https:\/\/super-seeds.se\/#website\",\"url\":\"https:\/\/super-seeds.se\/\",\"name\":\"Superseeds.dk\",\"description\":\"\",\"publisher\":{\"@id\":\"https:\/\/super-seeds.se\/#organization\"},\"potentialAction\":[{\"@type\":\"SearchAction\",\"target\":{\"@type\":\"EntryPoint\",\"urlTemplate\":\"https:\/\/super-seeds.se\/?s={search_term_string}\"},\"query-input\":{\"@type\":\"PropertyValueSpecification\",\"valueRequired\":true,\"valueName\":\"search_term_string\"}}],\"inLanguage\":\"sv-SE\"},{\"@type\":\"Organization\",\"@id\":\"https:\/\/super-seeds.se\/#organization\",\"name\":\"Superseeds.dk\",\"url\":\"https:\/\/super-seeds.se\/\",\"logo\":{\"@type\":\"ImageObject\",\"inLanguage\":\"sv-SE\",\"@id\":\"https:\/\/super-seeds.se\/#\/schema\/logo\/image\/\",\"url\":\"https:\/\/superseeds.dk\/wp-content\/uploads\/2025\/09\/logo-superseeds.png\",\"contentUrl\":\"https:\/\/superseeds.dk\/wp-content\/uploads\/2025\/09\/logo-superseeds.png\",\"width\":180,\"height\":160,\"caption\":\"Superseeds.dk\"},\"image\":{\"@id\":\"https:\/\/super-seeds.se\/#\/schema\/logo\/image\/\"}}]}<\/script>\n<!-- \/ Yoast SEO plugin. -->","yoast_head_json":{"title":"Plante Holder - yoyo - Superseeds.dk","robots":{"index":"index","follow":"follow","max-snippet":"max-snippet:-1","max-image-preview":"max-image-preview:large","max-video-preview":"max-video-preview:-1"},"canonical":"https:\/\/superseeds.dk\/se\/produkt\/plante-holder-yoyo\/","og_locale":"sv_SE","og_type":"article","og_title":"Plante Holder - yoyo - Superseeds.dk","og_description":"Vores plante holdere bliver ogs\u00e5 kaldt for yoyo. de fungere ved af den 120cm lange snor kan tr\u00e6kkes ud og bruges til af st\u00f8tte dine planter.  der er modstand i snoren s\u00e5 efterh\u00e5nden som dine planter vokser vil yoyoen fortsat virke som st\u00f8tte. de er ogs\u00e5 velegnet til af holde dine side grene p\u00e5 en bestemt plads s\u00e5 de for mere lys. vores holdere er forsynet med en l\u00e5s s\u00e5 du kan stoppe dem p\u00e5 en bestemt l\u00e6ngde.","og_url":"https:\/\/superseeds.dk\/se\/produkt\/plante-holder-yoyo\/","og_site_name":"Superseeds.dk","article_modified_time":"2025-01-30T21:11:03+00:00","og_image":[{"width":1080,"height":1080,"url":"https:\/\/superseeds.dk\/wp-content\/uploads\/2025\/01\/Plante-Holder-\u2013-yoyo.png","type":"image\/png"}],"twitter_card":"summary_large_image","schema":{"@context":"https:\/\/schema.org","@graph":[{"@type":"WebPage","@id":"https:\/\/superseeds.dk\/vare\/plante-holder-yoyo\/","url":"https:\/\/superseeds.dk\/vare\/plante-holder-yoyo\/","name":"Plante Holder - yoyo - Superseeds.dk","isPartOf":{"@id":"https:\/\/super-seeds.se\/#website"},"primaryImageOfPage":{"@id":"https:\/\/superseeds.dk\/vare\/plante-holder-yoyo\/#primaryimage"},"image":{"@id":"https:\/\/superseeds.dk\/vare\/plante-holder-yoyo\/#primaryimage"},"thumbnailUrl":"https:\/\/superseeds.dk\/wp-content\/uploads\/2025\/01\/Plante-Holder-\u2013-yoyo.png","datePublished":"2025-01-30T21:11:01+00:00","dateModified":"2025-01-30T21:11:03+00:00","breadcrumb":{"@id":"https:\/\/superseeds.dk\/vare\/plante-holder-yoyo\/#breadcrumb"},"inLanguage":"sv-SE","potentialAction":[{"@type":"ReadAction","target":["https:\/\/superseeds.dk\/vare\/plante-holder-yoyo\/"]}]},{"@type":"ImageObject","inLanguage":"sv-SE","@id":"https:\/\/superseeds.dk\/vare\/plante-holder-yoyo\/#primaryimage","url":"https:\/\/superseeds.dk\/wp-content\/uploads\/2025\/01\/Plante-Holder-\u2013-yoyo.png","contentUrl":"https:\/\/superseeds.dk\/wp-content\/uploads\/2025\/01\/Plante-Holder-\u2013-yoyo.png","width":1080,"height":1080},{"@type":"BreadcrumbList","@id":"https:\/\/superseeds.dk\/vare\/plante-holder-yoyo\/#breadcrumb","itemListElement":[{"@type":"ListItem","position":1,"name":"Hjem","item":"https:\/\/superseeds.dk\/"},{"@type":"ListItem","position":2,"name":"Shop","item":"https:\/\/superseeds.dk\/no\/butikk\/"},{"@type":"ListItem","position":3,"name":"Plante Holder &#8211; yoyo"}]},{"@type":"WebSite","@id":"https:\/\/super-seeds.se\/#website","url":"https:\/\/super-seeds.se\/","name":"Superseeds.com","description":"","publisher":{"@id":"https:\/\/super-seeds.se\/#organization"},"potentialAction":[{"@type":"SearchAction","target":{"@type":"EntryPoint","urlTemplate":"https:\/\/super-seeds.se\/?s={search_term_string}"},"query-input":{"@type":"PropertyValueSpecification","valueRequired":true,"valueName":"search_term_string"}}],"inLanguage":"sv-SE"},{"@type":"Organization","@id":"https:\/\/super-seeds.se\/#organization","name":"Superseeds.com","url":"https:\/\/super-seeds.se\/","logo":{"@type":"ImageObject","inLanguage":"sv-SE","@id":"https:\/\/super-seeds.se\/#\/schema\/logo\/image\/","url":"https:\/\/superseeds.dk\/wp-content\/uploads\/2025\/09\/logo-superseeds.png","contentUrl":"https:\/\/superseeds.dk\/wp-content\/uploads\/2025\/09\/logo-superseeds.png","width":180,"height":160,"caption":"Superseeds.dk"},"image":{"@id":"https:\/\/super-seeds.se\/#\/schema\/logo\/image\/"}}]}},"df_price":14,"df_sale_price":"","df_regular_price":14,"df_image_link":"https:\/\/superseeds.dk\/wp-content\/uploads\/2025\/01\/Plante-Holder-\u2013-yoyo-1024x1024.png","_links":{"self":[{"href":"https:\/\/superseeds.dk\/se\/wp-json\/wp\/v2\/product\/55092","targetHints":{"allow":["GET"]}}],"collection":[{"href":"https:\/\/superseeds.dk\/se\/wp-json\/wp\/v2\/product"}],"about":[{"href":"https:\/\/superseeds.dk\/se\/wp-json\/wp\/v2\/types\/product"}],"wp:featuredmedia":[{"embeddable":true,"href":"https:\/\/superseeds.dk\/se\/wp-json\/wp\/v2\/media\/55096"}],"wp:attachment":[{"href":"https:\/\/superseeds.dk\/se\/wp-json\/wp\/v2\/media?parent=55092"}],"wp:term":[{"taxonomy":"product_brand","embeddable":true,"href":"https:\/\/superseeds.dk\/se\/wp-json\/wp\/v2\/product_brand?post=55092"},{"taxonomy":"product_cat","embeddable":true,"href":"https:\/\/superseeds.dk\/se\/wp-json\/wp\/v2\/product_cat?post=55092"},{"taxonomy":"product_tag","embeddable":true,"href":"https:\/\/superseeds.dk\/se\/wp-json\/wp\/v2\/product_tag?post=55092"}],"curies":[{"name":"wp","href":"https:\/\/api.w.org\/{rel}","templated":true}]}}