{"id":54904,"date":"2025-01-30T22:08:06","date_gmt":"2025-01-30T21:08:06","guid":{"rendered":"https:\/\/superseeds.dk\/vare\/alien-easyfeed-10-pot-16l\/"},"modified":"2025-01-30T22:08:08","modified_gmt":"2025-01-30T21:08:08","slug":"alien-easyfeed-10-pot-16l","status":"publish","type":"product","link":"https:\/\/superseeds.dk\/se\/produkt\/alien-easyfeed-10-pot-16l\/","title":{"rendered":"Alien - Easyfeed 10 kruka 16L"},"content":{"rendered":"<div class=\"col\">\n<p><strong><img decoding=\"async\" class=\"lazy-load-active\" src=\"https:\/\/gro-lys.dk\/wp-content\/uploads\/2021\/11\/gravity-icn_copy2.jpg\" alt=\"\" width=\"30\" height=\"30\" data-src=\"https:\/\/gro-lys.dk\/wp-content\/uploads\/2021\/11\/gravity-icn_copy2.jpg\" \/>\u00a0Vanding ved Tyngdekraft\u00a0<\/strong><\/p>\n<p><strong><img decoding=\"async\" class=\"lazy-load-active\" src=\"https:\/\/gro-lys.dk\/wp-content\/uploads\/2021\/11\/control-icon.png\" alt=\"\" width=\"30\" height=\"30\" data-src=\"https:\/\/gro-lys.dk\/wp-content\/uploads\/2021\/11\/control-icon.png\" \/>\u00a0Styr vandingsfrekvens<\/strong><\/p>\n<p><strong><img decoding=\"async\" class=\"lazy-load-active\" src=\"https:\/\/gro-lys.dk\/wp-content\/uploads\/2021\/11\/ClipartKey_2615848.png\" alt=\"\" width=\"30\" height=\"30\" data-src=\"https:\/\/gro-lys.dk\/wp-content\/uploads\/2021\/11\/ClipartKey_2615848.png\" \/>\u00a0Intet n\u00e6ringsstof affald<\/strong><\/p>\n<p><strong><img loading=\"lazy\" decoding=\"async\" class=\"lazy-load-active\" src=\"https:\/\/gro-lys.dk\/wp-content\/uploads\/2021\/11\/powercut-icon.png\" alt=\"\" width=\"30\" height=\"30\" data-src=\"https:\/\/gro-lys.dk\/wp-content\/uploads\/2021\/11\/powercut-icon.png\" \/>\u00a0Ikke behov for elektricitet<\/strong><\/p>\n<\/div>\n<div class=\"col\">\n<p><strong><img loading=\"lazy\" decoding=\"async\" class=\"lazy-load-active\" src=\"https:\/\/gro-lys.dk\/wp-content\/uploads\/2021\/11\/hydro-icn.jpg\" alt=\"\" width=\"30\" height=\"33\" data-src=\"https:\/\/gro-lys.dk\/wp-content\/uploads\/2021\/11\/hydro-icn.jpg\" \/>\u00a0R\u00f8dderne tr\u00e6kkes nedad<\/strong><\/p>\n<p><strong><img loading=\"lazy\" decoding=\"async\" class=\"lazy-load-active\" src=\"https:\/\/gro-lys.dk\/wp-content\/uploads\/2021\/11\/FAB-POT.jpg\" alt=\"\" width=\"30\" height=\"30\" data-src=\"https:\/\/gro-lys.dk\/wp-content\/uploads\/2021\/11\/FAB-POT.jpg\" \/>\u00a0\u00c5ndbare stofpotter<\/strong><\/p>\n<p><strong><img loading=\"lazy\" decoding=\"async\" class=\"lazy-load-active\" src=\"https:\/\/gro-lys.dk\/wp-content\/uploads\/2021\/11\/ECO.jpg\" alt=\"\" width=\"30\" height=\"23\" data-src=\"https:\/\/gro-lys.dk\/wp-content\/uploads\/2021\/11\/ECO.jpg\" \/>\u00a0Milj\u00f8venlig<\/strong><\/p>\n<p><strong><img loading=\"lazy\" decoding=\"async\" class=\"lazy-load-active\" src=\"https:\/\/gro-lys.dk\/wp-content\/uploads\/2021\/11\/SCHEDULE_ICON.png\" alt=\"\" width=\"30\" height=\"30\" data-src=\"https:\/\/gro-lys.dk\/wp-content\/uploads\/2021\/11\/SCHEDULE_ICON.png\" \/>\u00a0med ensartet G\u00f8dningsplan<br \/>\nfor bedre planter<\/strong><\/p>\n<p><img loading=\"lazy\" decoding=\"async\" src=\"https:\/\/gro-lys.dk\/wp-content\/uploads\/2021\/11\/tray-sizes-small.jpg\" alt=\"\" width=\"300\" height=\"300\" \/><\/p>\n<p><strong>Anbefalinger:<br \/>\n<\/strong>Plantecentre: 50-60 cm<\/p>\n<p><strong>CAMO\u00ae<\/strong>\u00a0Tankvolumen: 120L<br \/>\n<strong>Dimensioner (cm):<br \/>\n<\/strong>H: 80 W: 40 D: 40<\/p>\n<\/div>","protected":false},"excerpt":{"rendered":"<p><strong>Alien EasyFeed\u00ae<\/strong>\u00a0\u00a0er specielt udviklet til dig der dyrker\u00a0 i jord \/ coco.<\/p>\n<p>med dette effektive system har du ikke brug for elektricitet eller vandpumper. tilf\u00f8rslen af vand drives af tyngdekraften,<\/p>\n<p><strong>EasyFeed\u00ae<\/strong>\u00a0\u00a0bruger 16 mm tilf\u00f8rselsr\u00f8r i stedet for det konventionelle 4 mm r\u00f8r, s\u00e5 risikoen for tilstopning af systemet er ikke tilstede.<\/p>\n<p>den batteridrevne\u00a0<strong>vandtimer<\/strong>\u00a0giver dig mulighed for at kontrollere vandingsfrekvensen.\u00a0V\u00e6lg mellem time, dagligt, hver to eller tre dage eller endda en gang om ugen\u00a0 Den j\u00e6vne, ensartede g\u00f8dningsplan g\u00f8r det muligt for underlaget delvis at t\u00f8rre mellem vandingscyklusser, dette kombineret med vores \u00e5ndbare stofpotter \u00f8ger drastisk ilt til rodzonen.<\/p>\n<p>med dette system er du garanteret imponerende resultater med perfekt timede vandinger. alt imens du er p\u00e5 ferie eller har andre g\u00f8rem\u00e5l<\/p>","protected":false},"featured_media":54909,"template":"","meta":{"_acf_changed":false},"product_brand":[],"product_cat":[1919,1908,1917,1815,1854],"product_tag":[],"class_list":{"0":"post-54904","1":"product","2":"type-product","3":"status-publish","4":"has-post-thumbnail","6":"product_cat-16l","7":"product_cat-alien-systemer","8":"product_cat-easyfeed","9":"product_cat-groudstyr","10":"product_cat-hydro","12":"first","13":"instock","14":"taxable","15":"shipping-taxable","16":"purchasable","17":"product-type-simple"},"acf":[],"yoast_head":"<!-- This site is optimized with the Yoast SEO plugin v27.6 - https:\/\/yoast.com\/product\/yoast-seo-wordpress\/ -->\n<title>Alien - Easyfeed 10 pot 16L - Superseeds.dk<\/title>\n<meta name=\"robots\" content=\"index, follow, max-snippet:-1, max-image-preview:large, max-video-preview:-1\" \/>\n<link rel=\"canonical\" href=\"https:\/\/superseeds.dk\/se\/produkt\/alien-easyfeed-10-pot-16l\/\" \/>\n<meta property=\"og:locale\" content=\"sv_SE\" \/>\n<meta property=\"og:type\" content=\"article\" \/>\n<meta property=\"og:title\" content=\"Alien - Easyfeed 10 pot 16L - Superseeds.dk\" \/>\n<meta property=\"og:description\" content=\"Alien EasyFeed\u00ae\u00a0\u00a0er specielt udviklet til dig der dyrker\u00a0 i jord \/ coco.  med dette effektive system har du ikke brug for elektricitet eller vandpumper. tilf\u00f8rslen af vand drives af tyngdekraften,  EasyFeed\u00ae\u00a0\u00a0bruger 16 mm tilf\u00f8rselsr\u00f8r i stedet for det konventionelle 4 mm r\u00f8r, s\u00e5 risikoen for tilstopning af systemet er ikke tilstede.  den batteridrevne\u00a0vandtimer\u00a0giver dig mulighed for at kontrollere vandingsfrekvensen.\u00a0V\u00e6lg mellem time, dagligt, hver to eller tre dage eller endda en gang om ugen\u00a0 Den j\u00e6vne, ensartede g\u00f8dningsplan g\u00f8r det muligt for underlaget delvis at t\u00f8rre mellem vandingscyklusser, dette kombineret med vores \u00e5ndbare stofpotter \u00f8ger drastisk ilt til rodzonen.  med dette system er du garanteret imponerende resultater med perfekt timede vandinger. alt imens du er p\u00e5 ferie eller har andre g\u00f8rem\u00e5l\" \/>\n<meta property=\"og:url\" content=\"https:\/\/superseeds.dk\/se\/produkt\/alien-easyfeed-10-pot-16l\/\" \/>\n<meta property=\"og:site_name\" content=\"Superseeds.dk\" \/>\n<meta property=\"article:modified_time\" content=\"2025-01-30T21:08:08+00:00\" \/>\n<meta property=\"og:image\" content=\"https:\/\/superseeds.dk\/wp-content\/uploads\/2025\/01\/Alien-\u2013-Easyfeed-10-pot-16L.png\" \/>\n\t<meta property=\"og:image:width\" content=\"1080\" \/>\n\t<meta property=\"og:image:height\" content=\"1080\" \/>\n\t<meta property=\"og:image:type\" content=\"image\/png\" \/>\n<meta name=\"twitter:card\" content=\"summary_large_image\" \/>\n<script type=\"application\/ld+json\" class=\"yoast-schema-graph\">{\"@context\":\"https:\\\/\\\/schema.org\",\"@graph\":[{\"@type\":\"WebPage\",\"@id\":\"https:\\\/\\\/superseeds.dk\\\/vare\\\/alien-easyfeed-10-pot-16l\\\/\",\"url\":\"https:\\\/\\\/superseeds.dk\\\/vare\\\/alien-easyfeed-10-pot-16l\\\/\",\"name\":\"Alien - Easyfeed 10 pot 16L - Superseeds.dk\",\"isPartOf\":{\"@id\":\"https:\\\/\\\/super-seeds.se\\\/#website\"},\"primaryImageOfPage\":{\"@id\":\"https:\\\/\\\/superseeds.dk\\\/vare\\\/alien-easyfeed-10-pot-16l\\\/#primaryimage\"},\"image\":{\"@id\":\"https:\\\/\\\/superseeds.dk\\\/vare\\\/alien-easyfeed-10-pot-16l\\\/#primaryimage\"},\"thumbnailUrl\":\"https:\\\/\\\/superseeds.dk\\\/wp-content\\\/uploads\\\/2025\\\/01\\\/Alien-\u2013-Easyfeed-10-pot-16L.png\",\"datePublished\":\"2025-01-30T21:08:06+00:00\",\"dateModified\":\"2025-01-30T21:08:08+00:00\",\"breadcrumb\":{\"@id\":\"https:\\\/\\\/superseeds.dk\\\/vare\\\/alien-easyfeed-10-pot-16l\\\/#breadcrumb\"},\"inLanguage\":\"sv-SE\",\"potentialAction\":[{\"@type\":\"ReadAction\",\"target\":[\"https:\\\/\\\/superseeds.dk\\\/vare\\\/alien-easyfeed-10-pot-16l\\\/\"]}]},{\"@type\":\"ImageObject\",\"inLanguage\":\"sv-SE\",\"@id\":\"https:\\\/\\\/superseeds.dk\\\/vare\\\/alien-easyfeed-10-pot-16l\\\/#primaryimage\",\"url\":\"https:\\\/\\\/superseeds.dk\\\/wp-content\\\/uploads\\\/2025\\\/01\\\/Alien-\u2013-Easyfeed-10-pot-16L.png\",\"contentUrl\":\"https:\\\/\\\/superseeds.dk\\\/wp-content\\\/uploads\\\/2025\\\/01\\\/Alien-\u2013-Easyfeed-10-pot-16L.png\",\"width\":1080,\"height\":1080},{\"@type\":\"BreadcrumbList\",\"@id\":\"https:\\\/\\\/superseeds.dk\\\/vare\\\/alien-easyfeed-10-pot-16l\\\/#breadcrumb\",\"itemListElement\":[{\"@type\":\"ListItem\",\"position\":1,\"name\":\"Hjem\",\"item\":\"https:\\\/\\\/superseeds.dk\\\/\"},{\"@type\":\"ListItem\",\"position\":2,\"name\":\"Shop\",\"item\":\"https:\\\/\\\/superseeds.dk\\\/no\\\/butikk\\\/\"},{\"@type\":\"ListItem\",\"position\":3,\"name\":\"Alien &#8211; Easyfeed 10 pot 16L\"}]},{\"@type\":\"WebSite\",\"@id\":\"https:\\\/\\\/super-seeds.se\\\/#website\",\"url\":\"https:\\\/\\\/super-seeds.se\\\/\",\"name\":\"Superseeds.dk\",\"description\":\"\",\"publisher\":{\"@id\":\"https:\\\/\\\/super-seeds.se\\\/#organization\"},\"potentialAction\":[{\"@type\":\"SearchAction\",\"target\":{\"@type\":\"EntryPoint\",\"urlTemplate\":\"https:\\\/\\\/super-seeds.se\\\/?s={search_term_string}\"},\"query-input\":{\"@type\":\"PropertyValueSpecification\",\"valueRequired\":true,\"valueName\":\"search_term_string\"}}],\"inLanguage\":\"sv-SE\"},{\"@type\":\"Organization\",\"@id\":\"https:\\\/\\\/super-seeds.se\\\/#organization\",\"name\":\"Superseeds.dk\",\"url\":\"https:\\\/\\\/super-seeds.se\\\/\",\"logo\":{\"@type\":\"ImageObject\",\"inLanguage\":\"sv-SE\",\"@id\":\"https:\\\/\\\/super-seeds.se\\\/#\\\/schema\\\/logo\\\/image\\\/\",\"url\":\"https:\\\/\\\/superseeds.dk\\\/wp-content\\\/uploads\\\/2025\\\/09\\\/logo-superseeds.png\",\"contentUrl\":\"https:\\\/\\\/superseeds.dk\\\/wp-content\\\/uploads\\\/2025\\\/09\\\/logo-superseeds.png\",\"width\":180,\"height\":160,\"caption\":\"Superseeds.dk\"},\"image\":{\"@id\":\"https:\\\/\\\/super-seeds.se\\\/#\\\/schema\\\/logo\\\/image\\\/\"}}]}<\/script>\n<!-- \/ Yoast SEO plugin. -->","yoast_head_json":{"title":"Alien - Easyfeed 10 pot 16L - Superseeds.dk","robots":{"index":"index","follow":"follow","max-snippet":"max-snippet:-1","max-image-preview":"max-image-preview:large","max-video-preview":"max-video-preview:-1"},"canonical":"https:\/\/superseeds.dk\/se\/produkt\/alien-easyfeed-10-pot-16l\/","og_locale":"sv_SE","og_type":"article","og_title":"Alien - Easyfeed 10 pot 16L - Superseeds.dk","og_description":"Alien EasyFeed\u00ae\u00a0\u00a0er specielt udviklet til dig der dyrker\u00a0 i jord \/ coco.  med dette effektive system har du ikke brug for elektricitet eller vandpumper. tilf\u00f8rslen af vand drives af tyngdekraften,  EasyFeed\u00ae\u00a0\u00a0bruger 16 mm tilf\u00f8rselsr\u00f8r i stedet for det konventionelle 4 mm r\u00f8r, s\u00e5 risikoen for tilstopning af systemet er ikke tilstede.  den batteridrevne\u00a0vandtimer\u00a0giver dig mulighed for at kontrollere vandingsfrekvensen.\u00a0V\u00e6lg mellem time, dagligt, hver to eller tre dage eller endda en gang om ugen\u00a0 Den j\u00e6vne, ensartede g\u00f8dningsplan g\u00f8r det muligt for underlaget delvis at t\u00f8rre mellem vandingscyklusser, dette kombineret med vores \u00e5ndbare stofpotter \u00f8ger drastisk ilt til rodzonen.  med dette system er du garanteret imponerende resultater med perfekt timede vandinger. alt imens du er p\u00e5 ferie eller har andre g\u00f8rem\u00e5l","og_url":"https:\/\/superseeds.dk\/se\/produkt\/alien-easyfeed-10-pot-16l\/","og_site_name":"Superseeds.dk","article_modified_time":"2025-01-30T21:08:08+00:00","og_image":[{"width":1080,"height":1080,"url":"https:\/\/superseeds.dk\/wp-content\/uploads\/2025\/01\/Alien-\u2013-Easyfeed-10-pot-16L.png","type":"image\/png"}],"twitter_card":"summary_large_image","schema":{"@context":"https:\/\/schema.org","@graph":[{"@type":"WebPage","@id":"https:\/\/superseeds.dk\/vare\/alien-easyfeed-10-pot-16l\/","url":"https:\/\/superseeds.dk\/vare\/alien-easyfeed-10-pot-16l\/","name":"Alien - Easyfeed 10 pot 16L - Superseeds.dk","isPartOf":{"@id":"https:\/\/super-seeds.se\/#website"},"primaryImageOfPage":{"@id":"https:\/\/superseeds.dk\/vare\/alien-easyfeed-10-pot-16l\/#primaryimage"},"image":{"@id":"https:\/\/superseeds.dk\/vare\/alien-easyfeed-10-pot-16l\/#primaryimage"},"thumbnailUrl":"https:\/\/superseeds.dk\/wp-content\/uploads\/2025\/01\/Alien-\u2013-Easyfeed-10-pot-16L.png","datePublished":"2025-01-30T21:08:06+00:00","dateModified":"2025-01-30T21:08:08+00:00","breadcrumb":{"@id":"https:\/\/superseeds.dk\/vare\/alien-easyfeed-10-pot-16l\/#breadcrumb"},"inLanguage":"sv-SE","potentialAction":[{"@type":"ReadAction","target":["https:\/\/superseeds.dk\/vare\/alien-easyfeed-10-pot-16l\/"]}]},{"@type":"ImageObject","inLanguage":"sv-SE","@id":"https:\/\/superseeds.dk\/vare\/alien-easyfeed-10-pot-16l\/#primaryimage","url":"https:\/\/superseeds.dk\/wp-content\/uploads\/2025\/01\/Alien-\u2013-Easyfeed-10-pot-16L.png","contentUrl":"https:\/\/superseeds.dk\/wp-content\/uploads\/2025\/01\/Alien-\u2013-Easyfeed-10-pot-16L.png","width":1080,"height":1080},{"@type":"BreadcrumbList","@id":"https:\/\/superseeds.dk\/vare\/alien-easyfeed-10-pot-16l\/#breadcrumb","itemListElement":[{"@type":"ListItem","position":1,"name":"Hjem","item":"https:\/\/superseeds.dk\/"},{"@type":"ListItem","position":2,"name":"Shop","item":"https:\/\/superseeds.dk\/no\/butikk\/"},{"@type":"ListItem","position":3,"name":"Alien &#8211; Easyfeed 10 pot 16L"}]},{"@type":"WebSite","@id":"https:\/\/super-seeds.se\/#website","url":"https:\/\/super-seeds.se\/","name":"Superseeds.com","description":"","publisher":{"@id":"https:\/\/super-seeds.se\/#organization"},"potentialAction":[{"@type":"SearchAction","target":{"@type":"EntryPoint","urlTemplate":"https:\/\/super-seeds.se\/?s={search_term_string}"},"query-input":{"@type":"PropertyValueSpecification","valueRequired":true,"valueName":"search_term_string"}}],"inLanguage":"sv-SE"},{"@type":"Organization","@id":"https:\/\/super-seeds.se\/#organization","name":"Superseeds.com","url":"https:\/\/super-seeds.se\/","logo":{"@type":"ImageObject","inLanguage":"sv-SE","@id":"https:\/\/super-seeds.se\/#\/schema\/logo\/image\/","url":"https:\/\/superseeds.dk\/wp-content\/uploads\/2025\/09\/logo-superseeds.png","contentUrl":"https:\/\/superseeds.dk\/wp-content\/uploads\/2025\/09\/logo-superseeds.png","width":180,"height":160,"caption":"Superseeds.dk"},"image":{"@id":"https:\/\/super-seeds.se\/#\/schema\/logo\/image\/"}}]}},"df_price":3350,"df_sale_price":"","df_regular_price":3350,"df_image_link":"https:\/\/superseeds.dk\/wp-content\/uploads\/2025\/01\/Alien-\u2013-Easyfeed-10-pot-16L-1024x1024.png","_links":{"self":[{"href":"https:\/\/superseeds.dk\/se\/wp-json\/wp\/v2\/product\/54904","targetHints":{"allow":["GET"]}}],"collection":[{"href":"https:\/\/superseeds.dk\/se\/wp-json\/wp\/v2\/product"}],"about":[{"href":"https:\/\/superseeds.dk\/se\/wp-json\/wp\/v2\/types\/product"}],"wp:featuredmedia":[{"embeddable":true,"href":"https:\/\/superseeds.dk\/se\/wp-json\/wp\/v2\/media\/54909"}],"wp:attachment":[{"href":"https:\/\/superseeds.dk\/se\/wp-json\/wp\/v2\/media?parent=54904"}],"wp:term":[{"taxonomy":"product_brand","embeddable":true,"href":"https:\/\/superseeds.dk\/se\/wp-json\/wp\/v2\/product_brand?post=54904"},{"taxonomy":"product_cat","embeddable":true,"href":"https:\/\/superseeds.dk\/se\/wp-json\/wp\/v2\/product_cat?post=54904"},{"taxonomy":"product_tag","embeddable":true,"href":"https:\/\/superseeds.dk\/se\/wp-json\/wp\/v2\/product_tag?post=54904"}],"curies":[{"name":"wp","href":"https:\/\/api.w.org\/{rel}","templated":true}]}}