{"id":54581,"date":"2025-01-30T22:03:57","date_gmt":"2025-01-30T21:03:57","guid":{"rendered":"https:\/\/superseeds.dk\/vare\/cosmorrowled-ultraviolet-20w-inkl-driver\/"},"modified":"2025-01-30T22:03:59","modified_gmt":"2025-01-30T21:03:59","slug":"cosmorrowled-ultraviolet-20w-inkl-driver","status":"publish","type":"product","link":"https:\/\/superseeds.dk\/se\/produkt\/cosmorrowled-ultraviolet-20w-inkl-driver\/","title":{"rendered":"Cosmorrow\u00aeLed - Ultraviolett 20w (inkl. drivdon)"},"content":{"rendered":"<p><iframe title=\"COSMORROW LIGHT PRESENTATION - LIGHTING FOR GROW TENT\" width=\"800\" height=\"450\" src=\"https:\/\/www.youtube.com\/embed\/jUaq3puYVz0?feature=oembed\" frameborder=\"0\" allow=\"accelerometer; autoplay; clipboard-write; encrypted-media; gyroscope; picture-in-picture; web-share\" referrerpolicy=\"strict-origin-when-cross-origin\" allowfullscreen><\/iframe><\/p>\n<table class=\"table\">\n<tbody>\n<tr>\n<td>Reference<\/td>\n<td>COL20UV<\/td>\n<\/tr>\n<tr>\n<td>V\u00e6gt<\/td>\n<td>0,16 kg<\/td>\n<\/tr>\n<tr>\n<td>Dimensioner<\/td>\n<td>470 mm x 32 mm x 14,5 mm<\/td>\n<\/tr>\n<tr>\n<td>Str\u00f8m<\/td>\n<td>Forbrug: 20 W<br \/>\nSp\u00e6nding: 24 V<br \/>\nStr\u00f8m: 0,83 A.<\/td>\n<\/tr>\n<tr>\n<td>Farve<\/td>\n<td>Linje 1: 6500 K<br \/>\nLinje 2: 365 nm<br \/>\nLinje 3: 6500 K<\/td>\n<\/tr>\n<tr>\n<td>PE [350-1000]<\/td>\n<td>Laboratorium *: 34 \u03bcmol \/ s<br \/>\nLaboratorium *: 1,7 \u03bcmol \/ s \/ w<\/td>\n<\/tr>\n<tr>\n<td>Milj\u00f8<\/td>\n<td>Klasse: IP65<\/p>\n<p>Arbejdstemperatur: 0 \u00b0 C til 40 \u00b0 C<br \/>\nOpbevaring T \u00b0: -20 \u00b0 C til 60 \u00b0 C<\/p>\n<p>24V stik: IEC 60130-10 OD5.5 ID2.1 L10<\/td>\n<\/tr>\n<tr>\n<td>Livstid<\/td>\n<td>Arbejde: 10.000 timer<\/td>\n<\/tr>\n<\/tbody>\n<\/table>\n","protected":false},"excerpt":{"rendered":"<p>Denne led bar fra secret jardin tilf\u00f8jer UV del af dit spektrum p\u00e5 en separat kanal.<\/p>\n<p>UV kan bruges til at reducere skimmeludvikling, g\u00f8r dine blade tykkere og st\u00e6rkere og forbedre immunsystemet p\u00e5 din plante .<\/p>\n<p>Din plante vil ogs\u00e5 v\u00e6re mere kompakt (kortere internoder). Kombiner evt. med andre Cosmorrow\u00ae-spektrum for at f\u00e5 det bedste ud af din h\u00f8st!<\/p>\n<p>Inneh\u00e5ller<\/p>\n<ul>\n<li>1x 20w ultravilet ledbar<\/li>\n<li>1x 20w driver inkl ledning<\/li>\n<li>fittings til fastg\u00f8relse<\/li>\n<\/ul>","protected":false},"featured_media":54584,"template":"","meta":{"_acf_changed":false},"product_brand":[],"product_cat":[1815,1863,1864,1901],"product_tag":[],"class_list":{"0":"post-54581","1":"product","2":"type-product","3":"status-publish","4":"has-post-thumbnail","6":"product_cat-groudstyr","7":"product_cat-lys","8":"product_cat-plantelys-led","9":"product_cat-secret-jardin-led","11":"first","12":"onbackorder","13":"taxable","14":"shipping-taxable","15":"purchasable","16":"product-type-simple"},"acf":[],"yoast_head":"<!-- This site is optimized with the Yoast SEO plugin v26.9 - https:\/\/yoast.com\/product\/yoast-seo-wordpress\/ -->\n<title>Cosmorrow\u00aeLed - Ultraviolet 20w (inkl driver) - Superseeds.dk<\/title>\n<meta name=\"robots\" content=\"index, follow, max-snippet:-1, max-image-preview:large, max-video-preview:-1\" \/>\n<link rel=\"canonical\" href=\"https:\/\/superseeds.dk\/se\/produkt\/cosmorrowled-ultraviolet-20w-inkl-driver\/\" \/>\n<meta property=\"og:locale\" content=\"sv_SE\" \/>\n<meta property=\"og:type\" content=\"article\" \/>\n<meta property=\"og:title\" content=\"Cosmorrow\u00aeLed - Ultraviolet 20w (inkl driver) - Superseeds.dk\" \/>\n<meta property=\"og:description\" content=\"Denne led bar fra secret jardin tilf\u00f8jer UV del af dit spektrum p\u00e5 en separat kanal.  UV kan bruges til at reducere skimmeludvikling, g\u00f8r dine blade tykkere og st\u00e6rkere og forbedre immunsystemet p\u00e5 din plante .  Din plante vil ogs\u00e5 v\u00e6re mere kompakt (kortere internoder). Kombiner evt. med andre Cosmorrow\u00ae-spektrum for at f\u00e5 det bedste ud af din h\u00f8st!  Indeholder   1x 20w ultravilet ledbar  1x 20w driver inkl ledning  fittings til fastg\u00f8relse\" \/>\n<meta property=\"og:url\" content=\"https:\/\/superseeds.dk\/se\/produkt\/cosmorrowled-ultraviolet-20w-inkl-driver\/\" \/>\n<meta property=\"og:site_name\" content=\"Superseeds.dk\" \/>\n<meta property=\"article:modified_time\" content=\"2025-01-30T21:03:59+00:00\" \/>\n<meta property=\"og:image\" content=\"https:\/\/superseeds.dk\/wp-content\/uploads\/2025\/01\/Cosmorrow\u00aeLed-\u2013-Ultraviolet-20w-inkl-driver.png\" \/>\n\t<meta property=\"og:image:width\" content=\"1080\" \/>\n\t<meta property=\"og:image:height\" content=\"1080\" \/>\n\t<meta property=\"og:image:type\" content=\"image\/png\" \/>\n<meta name=\"twitter:card\" content=\"summary_large_image\" \/>\n<script type=\"application\/ld+json\" class=\"yoast-schema-graph\">{\"@context\":\"https:\/\/schema.org\",\"@graph\":[{\"@type\":\"WebPage\",\"@id\":\"https:\/\/superseeds.dk\/vare\/cosmorrowled-ultraviolet-20w-inkl-driver\/\",\"url\":\"https:\/\/superseeds.dk\/vare\/cosmorrowled-ultraviolet-20w-inkl-driver\/\",\"name\":\"Cosmorrow\u00aeLed - Ultraviolet 20w (inkl driver) - Superseeds.dk\",\"isPartOf\":{\"@id\":\"https:\/\/super-seeds.se\/#website\"},\"primaryImageOfPage\":{\"@id\":\"https:\/\/superseeds.dk\/vare\/cosmorrowled-ultraviolet-20w-inkl-driver\/#primaryimage\"},\"image\":{\"@id\":\"https:\/\/superseeds.dk\/vare\/cosmorrowled-ultraviolet-20w-inkl-driver\/#primaryimage\"},\"thumbnailUrl\":\"https:\/\/superseeds.dk\/wp-content\/uploads\/2025\/01\/Cosmorrow\u00aeLed-\u2013-Ultraviolet-20w-inkl-driver.png\",\"datePublished\":\"2025-01-30T21:03:57+00:00\",\"dateModified\":\"2025-01-30T21:03:59+00:00\",\"breadcrumb\":{\"@id\":\"https:\/\/superseeds.dk\/vare\/cosmorrowled-ultraviolet-20w-inkl-driver\/#breadcrumb\"},\"inLanguage\":\"sv-SE\",\"potentialAction\":[{\"@type\":\"ReadAction\",\"target\":[\"https:\/\/superseeds.dk\/vare\/cosmorrowled-ultraviolet-20w-inkl-driver\/\"]}]},{\"@type\":\"ImageObject\",\"inLanguage\":\"sv-SE\",\"@id\":\"https:\/\/superseeds.dk\/vare\/cosmorrowled-ultraviolet-20w-inkl-driver\/#primaryimage\",\"url\":\"https:\/\/superseeds.dk\/wp-content\/uploads\/2025\/01\/Cosmorrow\u00aeLed-\u2013-Ultraviolet-20w-inkl-driver.png\",\"contentUrl\":\"https:\/\/superseeds.dk\/wp-content\/uploads\/2025\/01\/Cosmorrow\u00aeLed-\u2013-Ultraviolet-20w-inkl-driver.png\",\"width\":1080,\"height\":1080},{\"@type\":\"BreadcrumbList\",\"@id\":\"https:\/\/superseeds.dk\/vare\/cosmorrowled-ultraviolet-20w-inkl-driver\/#breadcrumb\",\"itemListElement\":[{\"@type\":\"ListItem\",\"position\":1,\"name\":\"Hjem\",\"item\":\"https:\/\/superseeds.dk\/\"},{\"@type\":\"ListItem\",\"position\":2,\"name\":\"Shop\",\"item\":\"https:\/\/superseeds.dk\/no\/butikk\/\"},{\"@type\":\"ListItem\",\"position\":3,\"name\":\"Cosmorrow\u00aeLed &#8211; Ultraviolet 20w (inkl driver)\"}]},{\"@type\":\"WebSite\",\"@id\":\"https:\/\/super-seeds.se\/#website\",\"url\":\"https:\/\/super-seeds.se\/\",\"name\":\"Superseeds.dk\",\"description\":\"\",\"publisher\":{\"@id\":\"https:\/\/super-seeds.se\/#organization\"},\"potentialAction\":[{\"@type\":\"SearchAction\",\"target\":{\"@type\":\"EntryPoint\",\"urlTemplate\":\"https:\/\/super-seeds.se\/?s={search_term_string}\"},\"query-input\":{\"@type\":\"PropertyValueSpecification\",\"valueRequired\":true,\"valueName\":\"search_term_string\"}}],\"inLanguage\":\"sv-SE\"},{\"@type\":\"Organization\",\"@id\":\"https:\/\/super-seeds.se\/#organization\",\"name\":\"Superseeds.dk\",\"url\":\"https:\/\/super-seeds.se\/\",\"logo\":{\"@type\":\"ImageObject\",\"inLanguage\":\"sv-SE\",\"@id\":\"https:\/\/super-seeds.se\/#\/schema\/logo\/image\/\",\"url\":\"https:\/\/superseeds.dk\/wp-content\/uploads\/2025\/09\/logo-superseeds.png\",\"contentUrl\":\"https:\/\/superseeds.dk\/wp-content\/uploads\/2025\/09\/logo-superseeds.png\",\"width\":180,\"height\":160,\"caption\":\"Superseeds.dk\"},\"image\":{\"@id\":\"https:\/\/super-seeds.se\/#\/schema\/logo\/image\/\"}}]}<\/script>\n<!-- \/ Yoast SEO plugin. -->","yoast_head_json":{"title":"Cosmorrow\u00aeLed - Ultraviolet 20w (inkl driver) - Superseeds.dk","robots":{"index":"index","follow":"follow","max-snippet":"max-snippet:-1","max-image-preview":"max-image-preview:large","max-video-preview":"max-video-preview:-1"},"canonical":"https:\/\/superseeds.dk\/se\/produkt\/cosmorrowled-ultraviolet-20w-inkl-driver\/","og_locale":"sv_SE","og_type":"article","og_title":"Cosmorrow\u00aeLed - Ultraviolet 20w (inkl driver) - Superseeds.dk","og_description":"Denne led bar fra secret jardin tilf\u00f8jer UV del af dit spektrum p\u00e5 en separat kanal.  UV kan bruges til at reducere skimmeludvikling, g\u00f8r dine blade tykkere og st\u00e6rkere og forbedre immunsystemet p\u00e5 din plante .  Din plante vil ogs\u00e5 v\u00e6re mere kompakt (kortere internoder). Kombiner evt. med andre Cosmorrow\u00ae-spektrum for at f\u00e5 det bedste ud af din h\u00f8st!  Indeholder   1x 20w ultravilet ledbar  1x 20w driver inkl ledning  fittings til fastg\u00f8relse","og_url":"https:\/\/superseeds.dk\/se\/produkt\/cosmorrowled-ultraviolet-20w-inkl-driver\/","og_site_name":"Superseeds.dk","article_modified_time":"2025-01-30T21:03:59+00:00","og_image":[{"width":1080,"height":1080,"url":"https:\/\/superseeds.dk\/wp-content\/uploads\/2025\/01\/Cosmorrow\u00aeLed-\u2013-Ultraviolet-20w-inkl-driver.png","type":"image\/png"}],"twitter_card":"summary_large_image","schema":{"@context":"https:\/\/schema.org","@graph":[{"@type":"WebPage","@id":"https:\/\/superseeds.dk\/vare\/cosmorrowled-ultraviolet-20w-inkl-driver\/","url":"https:\/\/superseeds.dk\/vare\/cosmorrowled-ultraviolet-20w-inkl-driver\/","name":"Cosmorrow\u00aeLed - Ultraviolet 20w (inkl driver) - Superseeds.dk","isPartOf":{"@id":"https:\/\/super-seeds.se\/#website"},"primaryImageOfPage":{"@id":"https:\/\/superseeds.dk\/vare\/cosmorrowled-ultraviolet-20w-inkl-driver\/#primaryimage"},"image":{"@id":"https:\/\/superseeds.dk\/vare\/cosmorrowled-ultraviolet-20w-inkl-driver\/#primaryimage"},"thumbnailUrl":"https:\/\/superseeds.dk\/wp-content\/uploads\/2025\/01\/Cosmorrow\u00aeLed-\u2013-Ultraviolet-20w-inkl-driver.png","datePublished":"2025-01-30T21:03:57+00:00","dateModified":"2025-01-30T21:03:59+00:00","breadcrumb":{"@id":"https:\/\/superseeds.dk\/vare\/cosmorrowled-ultraviolet-20w-inkl-driver\/#breadcrumb"},"inLanguage":"sv-SE","potentialAction":[{"@type":"ReadAction","target":["https:\/\/superseeds.dk\/vare\/cosmorrowled-ultraviolet-20w-inkl-driver\/"]}]},{"@type":"ImageObject","inLanguage":"sv-SE","@id":"https:\/\/superseeds.dk\/vare\/cosmorrowled-ultraviolet-20w-inkl-driver\/#primaryimage","url":"https:\/\/superseeds.dk\/wp-content\/uploads\/2025\/01\/Cosmorrow\u00aeLed-\u2013-Ultraviolet-20w-inkl-driver.png","contentUrl":"https:\/\/superseeds.dk\/wp-content\/uploads\/2025\/01\/Cosmorrow\u00aeLed-\u2013-Ultraviolet-20w-inkl-driver.png","width":1080,"height":1080},{"@type":"BreadcrumbList","@id":"https:\/\/superseeds.dk\/vare\/cosmorrowled-ultraviolet-20w-inkl-driver\/#breadcrumb","itemListElement":[{"@type":"ListItem","position":1,"name":"Hjem","item":"https:\/\/superseeds.dk\/"},{"@type":"ListItem","position":2,"name":"Shop","item":"https:\/\/superseeds.dk\/no\/butikk\/"},{"@type":"ListItem","position":3,"name":"Cosmorrow\u00aeLed &#8211; Ultraviolet 20w (inkl driver)"}]},{"@type":"WebSite","@id":"https:\/\/super-seeds.se\/#website","url":"https:\/\/super-seeds.se\/","name":"Superseeds.com","description":"","publisher":{"@id":"https:\/\/super-seeds.se\/#organization"},"potentialAction":[{"@type":"SearchAction","target":{"@type":"EntryPoint","urlTemplate":"https:\/\/super-seeds.se\/?s={search_term_string}"},"query-input":{"@type":"PropertyValueSpecification","valueRequired":true,"valueName":"search_term_string"}}],"inLanguage":"sv-SE"},{"@type":"Organization","@id":"https:\/\/super-seeds.se\/#organization","name":"Superseeds.com","url":"https:\/\/super-seeds.se\/","logo":{"@type":"ImageObject","inLanguage":"sv-SE","@id":"https:\/\/super-seeds.se\/#\/schema\/logo\/image\/","url":"https:\/\/superseeds.dk\/wp-content\/uploads\/2025\/09\/logo-superseeds.png","contentUrl":"https:\/\/superseeds.dk\/wp-content\/uploads\/2025\/09\/logo-superseeds.png","width":180,"height":160,"caption":"Superseeds.dk"},"image":{"@id":"https:\/\/super-seeds.se\/#\/schema\/logo\/image\/"}}]}},"df_price":495,"df_sale_price":"","df_regular_price":495,"df_image_link":"https:\/\/superseeds.dk\/wp-content\/uploads\/2025\/01\/Cosmorrow\u00aeLed-\u2013-Ultraviolet-20w-inkl-driver-1024x1024.png","_links":{"self":[{"href":"https:\/\/superseeds.dk\/se\/wp-json\/wp\/v2\/product\/54581","targetHints":{"allow":["GET"]}}],"collection":[{"href":"https:\/\/superseeds.dk\/se\/wp-json\/wp\/v2\/product"}],"about":[{"href":"https:\/\/superseeds.dk\/se\/wp-json\/wp\/v2\/types\/product"}],"wp:featuredmedia":[{"embeddable":true,"href":"https:\/\/superseeds.dk\/se\/wp-json\/wp\/v2\/media\/54584"}],"wp:attachment":[{"href":"https:\/\/superseeds.dk\/se\/wp-json\/wp\/v2\/media?parent=54581"}],"wp:term":[{"taxonomy":"product_brand","embeddable":true,"href":"https:\/\/superseeds.dk\/se\/wp-json\/wp\/v2\/product_brand?post=54581"},{"taxonomy":"product_cat","embeddable":true,"href":"https:\/\/superseeds.dk\/se\/wp-json\/wp\/v2\/product_cat?post=54581"},{"taxonomy":"product_tag","embeddable":true,"href":"https:\/\/superseeds.dk\/se\/wp-json\/wp\/v2\/product_tag?post=54581"}],"curies":[{"name":"wp","href":"https:\/\/api.w.org\/{rel}","templated":true}]}}